{"id":33992,"date":"2021-10-13T20:31:42","date_gmt":"2021-10-13T17:31:42","guid":{"rendered":"https:\/\/mufasatoursandtravels.com\/tagestouren-und-ausfluege\/"},"modified":"2026-03-06T19:29:44","modified_gmt":"2026-03-06T16:29:44","slug":"tagestouren-und-ausfluege__trashed","status":"publish","type":"page","link":"https:\/\/mufasatoursandtravels.com\/de\/tagestouren-und-ausfluege__trashed\/","title":{"rendered":"Tagestouren und Ausfl\u00fcge"},"content":{"rendered":"[vc_row full_width=&#8220;stretch_row&#8220;][vc_column][vc_gallery type=&#8220;nivo&#8220; interval=&#8220;3&#8243; images=&#8220;1027,1024&#8243; img_size=&#8220;full&#8220;][\/vc_column][\/vc_row][vc_row][vc_column][vc_column_text]\n[\/vc_column_text][\/vc_column][\/vc_row][vc_row][vc_column][vc_tta_tabs shape=&#8220;square&#8220; color=&#8220;juicy-pink&#8220; active_section=&#8220;1&#8243; no_fill_content_area=&#8220;true&#8220;][vc_tta_section title=&#8220;Programm&#8220; tab_id=&#8220;1633454673222-3d94f956-010c&#8220;][info_list_father][info_list_son style=&#8220;icon&#8220; size=&#8220;10&#8243; width=&#8220;20&#8243; height=&#8220;30&#8243; titleclr=&#8220;#811a18&#8243; title=&#8220;Ankunft : (Weitere Informationen finden Sie unter Anreise)&#8220; icon=&#8220;fas fa-map-marker-alt&#8220; iconclr=&#8220;#811a18&#8243; lineheight=&#8220;2&#8243; caption_url=&#8220;&#8220;]&gt;  Sie werden vom Flughafen abgeholt.<br \/>\n&gt;  Eine Unterkunft vor Beginn der Tour kann gegen Aufpreis arrangiert werden.<\/p>\n[\/info_list_son][info_list_son style=&#8220;icon&#8220; size=&#8220;10&#8243; width=&#8220;20&#8243; height=&#8220;30&#8243; titleclr=&#8220;#811a18&#8243; icon=&#8220;fas fa-dot-circle&#8220; iconclr=&#8220;#811a18&#8243; title=&#8220;Tag 1 : Ankunft am Kilimandscharo &#8211; Arusha&#8220; lineheight=&#8220;2&#8243;]\n<div class=\"day__inner__block\">\n<p class=\"shorten-m\" data-shorten=\"300\">\u2013 Willkommen in Tansania Bei Ihrer Ankunft am Kilimandscharo (JRO) treffen Sie Ihren Fahrer, der Sie zum Hotel bringt, der weniger als eine Stunde dauert. Bleiben Sie zur freien Verf\u00fcgung, Mount Meru Hotel Arusha f\u00fcr die Unterk\u00fcnfte, dann ruhen Sie sich f\u00fcr die Abenteuer des n\u00e4chsten Tages aus, dies h\u00e4ngt von Ihrer Ankunftszeit ab. Nach Ihrer Ankunft im Hotel wird Ihnen unsere repr\u00e4sentative Person behilflich sein und Sie erhalten am n\u00e4chsten Tag eine kurze Einweisung in Ihre Safari und lernen Ihren Safari-Guide kennen.  <\/p>\n<\/div>\n<div class=\"day__inner__block\"><\/div>\n[\/info_list_son][info_list_son style=&#8220;icon&#8220; size=&#8220;10&#8243; width=&#8220;20&#8243; height=&#8220;30&#8243; titleclr=&#8220;#811a18&#8243; icon=&#8220;fas fa-dot-circle&#8220; iconclr=&#8220;#811a18&#8243; title=&#8220;Tag 2 : Arusha &#8211; Tarangire Nationalpark&#8220; lineheight=&#8220;2&#8243;]\n<p>Abholung um 7.30 Uhr und Fahrt zum Tarangire-Nationalpark, mit Picknick-Mittagessen und einer Pirschfahrt f\u00fcr den Rest des Tages. Der ist der sechstgr\u00f6\u00dfte Nationalpark Tansanias und befindet sich in der Region Manyara. Der Name des Parks stammt vom Tarangire River, der den Park durchquert. Der Tarangire River ist w\u00e4hrend der j\u00e4hrlichen Trockenzeit die wichtigste S\u00fc\u00dfwasserquelle f\u00fcr Wildtiere im Tarangire-\u00d6kosystem. Das Tarangire-\u00d6kosystem wird durch die Langstreckenwanderung von Gnus und Zebras definiert. W\u00e4hrend der Trockenzeit konzentrieren sich Tausende von Tieren aus den umliegenden Ausbreitungs- und Kalbungsgebieten der Regenzeit im Park. Der Park ist ber\u00fchmt f\u00fcr seine hohe Dichte an Elefanten und Baobab-B\u00e4umen. Besucher des Parks k\u00f6nnen in der Trockenzeit von Juni bis November mit gro\u00dfen Herden von Tausenden von Zebras, Gnus und Kapb\u00fcffeln rechnen. Andere h\u00e4ufige Haustiere sind Wasserbock, Giraffe, Dik Dik, Impala, Eland, Grant-Gazelle, Gr\u00fcnmeerkatze, Geb\u00e4nderte Manguste und Olivenpavian.        <\/p>\n[\/info_list_son][info_list_son style=&#8220;icon&#8220; size=&#8220;10&#8243; width=&#8220;20&#8243; height=&#8220;30&#8243; titleclr=&#8220;#811a18&#8243; icon=&#8220;fas fa-dot-circle&#8220; iconclr=&#8220;#811a18&#8243; title=&#8220;Tag 3 : Karatu Serengeti Nationalpark&#8220; lineheight=&#8220;2&#8243;]\n<p>Fr\u00fchst\u00fcck, Abfahrt mit Lunchpaket und Fahrt in die Serengeti, f\u00fcr eine Pirschfahrt durch das landwirtschaftliche und wundersch\u00f6ne hochgelegene Ackerland von Karatu und das Ngorongoro-Naturschutzgebiet. Wir lassen das Hochland hinter uns und steigen hinab in das Herz des wilden Afrikas, den Serengeti-Nationalpark \u2013 mit seinen endlosen Ebenen, die sich in die Ferne rollen, so weit das Auge reicht. Wir fahren zum zentralen Parkbereich, der als Seronera-Gebiet bekannt ist und einen der reichsten Lebensr\u00e4ume f\u00fcr Wildtiere im Park umfasst, mit dem Seronera River. Wir kommen p\u00fcnktlich zum Mittagessen an und genie\u00dfen eine nachmitt\u00e4gliche Pirschfahrt im Serengeti-Nationalpark. Fahren Sie weiter in Richtung Serengeti und genie\u00dfen Sie eine sch\u00f6ne landschaftlich reizvolle Fahrt mit Blick auf das Ngorongoro-Naturschutzgebiet. Auf dem Weg passieren Sie ein traditionelles Massai-Dorf, in dem Sie die M\u00f6glichkeit haben, die Kultur und den Lebensstil seiner Nomaden zu erleben. Sie werden von den Massai willkommen gehei\u00dfen.     <\/p>\n[\/info_list_son][info_list_son style=&#8220;icon&#8220; size=&#8220;10&#8243; width=&#8220;20&#8243; height=&#8220;30&#8243; titleclr=&#8220;#811a18&#8243; icon=&#8220;fas fa-dot-circle&#8220; iconclr=&#8220;#811a18&#8243; title=&#8220;Tag 4 : Zentrale Serengeti bis N\u00f6rdliche Serengeti&#8220; lineheight=&#8220;2&#8243;]\n<p>Sie haben heute einen ganzen Tag voller Ausfl\u00fcge in die Serengeti und genie\u00dfen morgens und nachmittags Pirschfahrten vom Camp aus. Der n\u00f6rdliche Teil der Serengeti, Seronera genannt, ist ein Netzwerk von Fl\u00fcssen, die eine zuverl\u00e4ssige Wasserversorgung gew\u00e4hrleisten und das ganze Jahr \u00fcber Wildtiere anziehen. Hier haben Sie die beste Gelegenheit, die &#8222;Big Five&#8220; zu entdecken: L\u00f6wen, Elefanten, B\u00fcffel, Nash\u00f6rner und den Leoparden. An Tiersichtungen wird es nicht mangeln, da das Vorhandensein von permanenten Schlammt\u00fcmpeln und Schatten Giraffen, Impalas, Warzenschweine und Flusspferde anzieht. Vielleicht erhaschen Sie auch einen Blick auf Geparden, Hy\u00e4nen und Schakale.    <\/p>\n[\/info_list_son][\/info_list_father][\/vc_tta_section][vc_tta_section title=&#8220;Grundsteuer&#8220; tab_id=&#8220;1633454673248-4ec9e207-8783&#8243;][vc_column_text]\n<table>\n<tbody>\n<tr>\n<td><strong>Starttermine<\/strong><\/td>\n<td><strong>Solo<\/strong> <strong>1 Zimmer<\/strong><\/td>\n<td><strong>2+ Personen<\/strong> <strong>im Zimmer<\/strong><\/td>\n<\/tr>\n<tr>\n<td>1. Januar 2022 &#8211; 31. Dezember 2022<\/td>\n<td>n\/a*<\/td>\n<td>2.970 $<\/td>\n<\/tr>\n<tr>\n<td>1. Januar 2023 &#8211; 31. Dezember 2023<\/td>\n<th><strong>n\/a*<\/strong><\/th>\n<td>2.970 $<\/td>\n<\/tr>\n<tr>\n<td>1. Januar 2024 &#8211; 31. Dezember 2024<\/td>\n<td>n\/a*<\/td>\n<td>2.970 $<\/td>\n<\/tr>\n<\/tbody>\n<\/table>\n[\/vc_column_text][\/vc_tta_section][vc_tta_section title=&#8220;Inklusive\/Exklusiv&#8220; tab_id=&#8220;1633455601016-f93699bc-5d92&#8243;][vc_row_inner][vc_column_inner width=&#8220;1\/2&#8243;][info_list_father][info_list_son style=&#8220;icon&#8220; size=&#8220;10&#8243; width=&#8220;30&#8243; height=&#8220;30&#8243; titleclr=&#8220;#000000&#8243; icon=&#8220;fas fa-search-plus&#8220; iconclr=&#8220;#055402&#8243; title=&#8220;Iinklusive&#8220; lineheight=&#8220;2&#8243;]\n<ul class=\"list list--icon\">\n<li>Parkgeb\u00fchren <span class=\"txt--xsmall txt--xgrey\">(f\u00fcr Nicht-Residenten)<\/span><\/li>\n<li>Alle Aktivit\u00e4ten <span class=\"txt--xsmall txt--xgrey\">(sofern nicht als optional gekennzeichnet)<\/span><\/li>\n<li>Alle Unterk\u00fcnfte <span class=\"txt--xsmall txt--xgrey\">(sofern nicht als Upgrade aufgef\u00fchrt)<\/span><\/li>\n<li>Ein professioneller Fahrer\/Guide<\/li>\n<li>Alle <span class=\"txt--xsmall txt--xgrey\">Transporte (sofern nicht als optional gekennzeichnet)<\/span><\/li>\n<li>Alle Steuern\/MwSt.<\/li>\n<li>Hin- und R\u00fccktransfer zum Flughafen<\/li>\n<li>Mahlzeiten <span class=\"txt--xsmall txt--xgrey\">(wie im Abschnitt &#8222;Tag f\u00fcr Tag&#8220; angegeben)<\/span><\/li>\n<li>Getr\u00e4nke <span class=\"txt--xsmall txt--xgrey\">(wie im Abschnitt &#8222;Tag&#8220; angegeben)<\/span><\/li>\n<\/ul>\n[\/info_list_son][\/info_list_father][\/vc_column_inner][vc_column_inner width=&#8220;1\/2&#8243;][info_list_father][info_list_son style=&#8220;icon&#8220; size=&#8220;10&#8243; width=&#8220;30&#8243; height=&#8220;30&#8243; titleclr=&#8220;#000000&#8243; icon=&#8220;fas fa-search-minus&#8220; iconclr=&#8220;#811a18&#8243; title=&#8220;Ausgeschlossen&#8220; lineheight=&#8220;2&#8243;]\n<ul class=\"list list--icon\">\n<li>Internationale Fl\u00fcge <span class=\"txt--xsmall txt--xgrey\">(von\/nach Hause)<\/span><\/li>\n<li>Zus\u00e4tzliche Unterkunft vor und am Ende der Tour<\/li>\n<li>Trinkgelder <span class=\"txt--xsmall txt--xgrey\">(Trinkgeldrichtlinie: 10,00 US$ pro Person pro Tag)<\/span><\/li>\n<li>Pers\u00f6nliche Gegenst\u00e4nde <span class=\"txt--xsmall txt--xgrey\">(Souvenirs, Reiseversicherungen, Visageb\u00fchren, etc.)<\/span><\/li>\n<li>Von der Regierung verordnete Erh\u00f6hung der Steuern und\/oder Parkgeb\u00fchren<\/li>\n<\/ul>\n[\/info_list_son][\/info_list_father][\/vc_column_inner][\/vc_row_inner][\/vc_tta_section][vc_tta_section title=&#8220;Landkarte&#8220; tab_id=&#8220;1633892890537-5637ec0b-4c69&#8243;][vc_gmaps link=&#8220;#E-8_JTNDaWZyYW1lJTIwc3JjJTNEJTIyaHR0cHMlM0ElMkYlMkZ3d3cuZ29vZ2xlLmNvbSUyRm1hcHMlMkZlbWJlZCUzRnBiJTNEJTIxMW0xOCUyMTFtMTIlMjExbTMlMjExZDYzMDQuODI5OTg2MTMxMjcxJTIxMmQtMTIyLjQ3NDY5NjgwMzMwOTIlMjEzZDM3LjgwMzc0NzUyMTYwNDQzJTIxMm0zJTIxMWYwJTIxMmYwJTIxM2YwJTIxM20yJTIxMWkxMDI0JTIxMmk3NjglMjE0ZjEzLjElMjEzbTMlMjExbTIlMjExczB4ODA4NTg2ZTYzMDI2MTVhMSUyNTNBMHg4NmJkMTMwMjUxNzU3YzAwJTIxMnNTdG9yZXklMkJBdmUlMjUyQyUyQlNhbiUyQkZyYW5jaXNjbyUyNTJDJTJCQ0ElMkI5NDEyOSUyMTVlMCUyMTNtMiUyMTFzZW4lMjEyc3VzJTIxNHYxNDM1ODI2NDMyMDUxJTIyJTIwd2lkdGglM0QlMjI2MDAlMjIlMjBoZWlnaHQlM0QlMjI0NTAlMjIlMjBmcmFtZWJvcmRlciUzRCUyMjAlMjIlMjBzdHlsZSUzRCUyMmJvcmRlciUzQTAlMjIlMjBhbGxvd2Z1bGxzY3JlZW4lM0QlMjIlMjIlM0UlM0MlMkZpZnJhbWUlM0U=&#8220;][\/vc_tta_section][\/vc_tta_tabs][\/vc_column][\/vc_row]\n","protected":false},"excerpt":{"rendered":"<p>[vc_row full_width=&#8220;stretch_row&#8220;][vc_column][vc_gallery type=&#8220;nivo&#8220; interval=&#8220;3&#8243; images=&#8220;1027,1024&#8243; img_size=&#8220;full&#8220;][\/vc_column][\/vc_row][vc_row][vc_column][vc_column_text] [\/vc_column_text][\/vc_column][\/vc_row][vc_row][vc_column][vc_tta_tabs shape=&#8220;square&#8220; color=&#8220;juicy-pink&#8220; active_section=&#8220;1&#8243; no_fill_content_area=&#8220;true&#8220;][vc_tta_section title=&#8220;Programm&#8220; tab_id=&#8220;1633454673222-3d94f956-010c&#8220;][info_list_father][info_list_son style=&#8220;icon&#8220; size=&#8220;10&#8243; width=&#8220;20&#8243; height=&#8220;30&#8243; titleclr=&#8220;#811a18&#8243; title=&#8220;Ankunft : (Weitere Informationen finden Sie unter Anreise)&#8220; icon=&#8220;fas fa-map-marker-alt&#8220; iconclr=&#8220;#811a18&#8243; lineheight=&#8220;2&#8243; caption_url=&#8220;&#8220;]&gt; Sie werden vom Flughafen abgeholt. &gt; Eine Unterkunft vor Beginn der Tour kann gegen Aufpreis arrangiert werden. [\/info_list_son][info_list_son style=&#8220;icon&#8220; size=&#8220;10&#8243; width=&#8220;20&#8243; height=&#8220;30&#8243; titleclr=&#8220;#811a18&#8243; icon=&#8220;fas [&hellip;]<\/p>\n","protected":false},"author":3,"featured_media":0,"parent":0,"menu_order":70,"comment_status":"closed","ping_status":"closed","template":"","meta":{"_themeisle_gutenberg_block_has_review":false,"footnotes":""},"class_list":["post-33992","page","type-page","status-publish","hentry"],"_links":{"self":[{"href":"https:\/\/mufasatoursandtravels.com\/de\/wp-json\/wp\/v2\/pages\/33992","targetHints":{"allow":["GET"]}}],"collection":[{"href":"https:\/\/mufasatoursandtravels.com\/de\/wp-json\/wp\/v2\/pages"}],"about":[{"href":"https:\/\/mufasatoursandtravels.com\/de\/wp-json\/wp\/v2\/types\/page"}],"author":[{"embeddable":true,"href":"https:\/\/mufasatoursandtravels.com\/de\/wp-json\/wp\/v2\/users\/3"}],"replies":[{"embeddable":true,"href":"https:\/\/mufasatoursandtravels.com\/de\/wp-json\/wp\/v2\/comments?post=33992"}],"version-history":[{"count":10,"href":"https:\/\/mufasatoursandtravels.com\/de\/wp-json\/wp\/v2\/pages\/33992\/revisions"}],"predecessor-version":[{"id":34016,"href":"https:\/\/mufasatoursandtravels.com\/de\/wp-json\/wp\/v2\/pages\/33992\/revisions\/34016"}],"wp:attachment":[{"href":"https:\/\/mufasatoursandtravels.com\/de\/wp-json\/wp\/v2\/media?parent=33992"}],"curies":[{"name":"wp","href":"https:\/\/api.w.org\/{rel}","templated":true}]}}