{"id":41688,"date":"2025-12-29T16:52:42","date_gmt":"2025-12-29T13:52:42","guid":{"rendered":"https:\/\/mufasatoursandtravels.com\/rundstreckensafaris\/savannah-fussabdruecke\/"},"modified":"2025-12-29T16:58:17","modified_gmt":"2025-12-29T13:58:17","slug":"savannah-fussabdruecke","status":"publish","type":"page","link":"https:\/\/mufasatoursandtravels.com\/de\/rundstreckensafaris\/savannah-fussabdruecke\/","title":{"rendered":"Savannah Fu\u00dfabdr\u00fccke"},"content":{"rendered":"[vc_row full_width=&#8220;stretch_row&#8220; gap=&#8220;1&#8243;][vc_column parallax=&#8220;content-moving&#8220; parallax_image=&#8220;41637&#8243; parallax_speed_bg=&#8220;1.7&#8243; css=&#8220;.vc_custom_1767010746713{padding-top: 80px !important;padding-right: 80px !important;padding-bottom: 80px !important;padding-left: 80px !important;}&#8220; el_class=&#8220;banner-image&#8220;][vc_custom_heading text=&#8220;Gipfel, Ebenen und Primaten&#8220; font_container=&#8220;tag:h2|font_size:32|text_align:left|color:%23ffffff&#8220; google_fonts=&#8220;font_family:Roboto%3A100%2C100italic%2C300%2C300italic%2Cregular%2Citalic%2C500%2C500italic%2C700%2C700italic%2C900%2C900italic|font_style:300%20light%20regular%3A300%3Anormal&#8220; el_class=&#8220;banner-txt&#8220;][vc_separator align=&#8220;align_left&#8220; el_width=&#8220;20&#8243;][vc_custom_heading text=&#8220;Kenia, Tansania &amp; Uganda&#8220; font_container=&#8220;tag:h2|font_size:18|text_align:left|color:%23ffffff&#8220; google_fonts=&#8220;font_family:Roboto%3A100%2C100italic%2C300%2C300italic%2Cregular%2Citalic%2C500%2C500italic%2C700%2C700italic%2C900%2C900italic|font_style:100%20light%20italic%3A100%3Aitalic&#8220; el_class=&#8220;banner-txt&#8220;][\/vc_column][\/vc_row][vc_row][vc_column css=&#8220;.vc_custom_1673431070127{border-top-width: 10px !important;border-right-width: 10px !important;border-bottom-width: 10px !important;border-left-width: 10px !important;}&#8220;][vc_tta_tabs shape=&#8220;square&#8220; color=&#8220;juicy-pink&#8220; alignment=&#8220;center&#8220; active_section=&#8220;1&#8243; no_fill_content_area=&#8220;true&#8220;][vc_tta_section title=&#8220;\u00dcberblick&#8220; tab_id=&#8220;1633454673222-3d94f956-010c&#8220;][info_list_father listclr=&#8220;#f8f8f8&#8243;][info_list_son style=&#8220;icon&#8220; size=&#8220;20&#8243; width=&#8220;30&#8243; height=&#8220;30&#8243; titleclr=&#8220;#890000&#8243; icon=&#8220;fas fa-route&#8220; iconclr=&#8220;#890000&#8243; title=&#8220;Was dich erwartet&#8220; iconbg=&#8220;#f8f8f8&#8243;]T<span data-contrast=\"auto\">seine 12-t\u00e4gige Multi-Country-Safari f\u00fchrt Sie durch Kenia, Tansania und Uganda und verbindet klassische Big Five-Wildbeobachtungen mit der Gro\u00dfen Migration und unvergesslichem Gorilla-Wandern. Erkunden Sie den Masai Mara, die Serengeti (angepasst an die Zugzeit), den Ngorongoro-Krater und Amboseli unter dem Kilimandscharo, bevor Sie im Bwindi-Undurchdringlichen Wald f\u00fcr eine einmalige Gorillabegegnung enden. <\/span><span data-ccp-props=\"{}\"> <\/span><\/p>\n<p><span data-contrast=\"auto\">H\u00f6hepunkte: Gro\u00dfe Migration \u2013 Ngorongoro-Krater \u2013 Blick auf den Kilimandscharo \u2013 Gorilla-Trekking<\/span><span data-ccp-props=\"{\"134233279\":true}\"> <\/span>[\/info_list_son][\/info_list_father][\/vc_tta_section][vc_tta_section title=&#8220;Reiseroute&#8220; tab_id=&#8220;1633455601016-f93699bc-5d92&#8243;][info_list_father listwidth=&#8220;&#8220; listclr=&#8220;#f8f8f8&#8243;][info_list_son style=&#8220;icon&#8220; size=&#8220;20&#8243; width=&#8220;30&#8243; height=&#8220;30&#8243; titleclr=&#8220;#890000&#8243; icon=&#8220;far fa-calendar-check&#8220; iconclr=&#8220;#890000&#8243; title=&#8220;Tag 1:&#8220; iconbg=&#8220;#f8f8f8&#8243; borderclr=&#8220;#f8f8f8&#8243;][\/info_list_son][\/info_list_father][\/vc_tta_section][vc_tta_section title=&#8220;Reise-Checkliste&#8220; tab_id=&#8220;1633892890537-5637ec0b-4c69&#8243;][vc_row_inner][vc_column_inner width=&#8220;1\/2&#8243;][vc_custom_heading text=&#8220;Vor der Reise&#8220; font_container=&#8220;tag:h2|text_align:left|color:%23890000&#8243; google_fonts=&#8220;font_family:Open%20Sans%3A300%2C300italic%2Cregular%2Citalic%2C600%2C600italic%2C700%2C700italic%2C800%2C800italic|font_style:400%20regular%3A400%3Anormal&#8220;][vc_separator color=&#8220;custom&#8220; align=&#8220;align_left&#8220; border_width=&#8220;2&#8243; el_width=&#8220;20&#8243; accent_color=&#8220;#890000&#8243;][vc_column_text]Bevor Sie Ihre Reise antreten, sollten Sie unbedingt unsere umfassenden Reisetipps f\u00fcr ein nahtloses Erlebnis durchlesen.[\/vc_column_text][vc_empty_space height=&#8220;55px&#8220;][vc_btn title=&#8220;Weitere Informationen&#8220; style=&#8220;outline-custom&#8220; outline_custom_color=&#8220;#890000&#8243; outline_custom_hover_background=&#8220;#890000&#8243; outline_custom_hover_text=&#8220;#ffffff&#8220; shape=&#8220;square&#8220; align=&#8220;left&#8220; i_align=&#8220;right&#8220; i_icon_fontawesome=&#8220;fas fa-angle-right&#8220; add_icon=&#8220;true&#8220; link=&#8220;url:https%3A%2F%2Fmufasatoursandtravels.com%2Fde%2Fvorbereitung-auf-die-reise%2F|title:Reisevorbereitung|&#8220;][\/vc_column_inner][vc_column_inner width=&#8220;1\/2&#8243;][vc_custom_heading text=&#8220;Vor der Reise&#8220; font_container=&#8220;tag:h2|text_align:left|color:%23890000&#8243; google_fonts=&#8220;font_family:Open%20Sans%3A300%2C300italic%2Cregular%2Citalic%2C600%2C600italic%2C700%2C700italic%2C800%2C800italic|font_style:400%20regular%3A400%3Anormal&#8220;][vc_separator color=&#8220;custom&#8220; align=&#8220;align_left&#8220; border_width=&#8220;2&#8243; el_width=&#8220;20&#8243; accent_color=&#8220;#890000&#8243;][vc_column_text]Verbessern Sie Ihre Reiseplanung, indem Sie wertvolle Reiseinformationen herunterladen, wie Reisepass- und Visabestimmungen, empfohlene Impfungen, Gep\u00e4ckbeschr\u00e4nkungen, Packlisten und Trinkgeldrichtlinien.[\/vc_column_text][vc_btn title=&#8220;Weitere Informationen&#8220; style=&#8220;outline-custom&#8220; outline_custom_color=&#8220;#890000&#8243; outline_custom_hover_background=&#8220;#890000&#8243; outline_custom_hover_text=&#8220;#ffffff&#8220; shape=&#8220;square&#8220; align=&#8220;left&#8220; i_align=&#8220;right&#8220; i_icon_fontawesome=&#8220;fas fa-angle-right&#8220; add_icon=&#8220;true&#8220; link=&#8220;url:https%3A%2F%2Fmufasatoursandtravels.com%2Fde%2Fwas-sie-vor-der-ankunft-in-ostafrika-wissen-sollten%2F|title:WAS%20SIE%20VOR%20DER%20ANKUNFT%20IN%20OSTAFRIKA%20WISSEN%20SOLLTEN|&#8220;][\/vc_column_inner][\/vc_row_inner][vc_row_inner][vc_column_inner width=&#8220;1\/2&#8243;][vc_custom_heading text=&#8220;Vor der Reise&#8220; font_container=&#8220;tag:h2|text_align:left|color:%23890000&#8243; google_fonts=&#8220;font_family:Open%20Sans%3A300%2C300italic%2Cregular%2Citalic%2C600%2C600italic%2C700%2C700italic%2C800%2C800italic|font_style:400%20regular%3A400%3Anormal&#8220;][vc_separator color=&#8220;custom&#8220; align=&#8220;align_left&#8220; border_width=&#8220;2&#8243; el_width=&#8220;20&#8243; accent_color=&#8220;#890000&#8243;][vc_column_text]Maximieren Sie den Erfolg Ihrer Reise, indem Sie wichtige Informationen zu Ihrem Reiseziel herunterladen, einschlie\u00dflich Pass- und Visabestimmungen, Impfrichtlinien, Gep\u00e4ckbeschr\u00e4nkungen, Packliste und Trinkgeldtipps.[\/vc_column_text][vc_btn title=&#8220;Weitere Informationen&#8220; style=&#8220;outline-custom&#8220; outline_custom_color=&#8220;#890000&#8243; outline_custom_hover_background=&#8220;#890000&#8243; outline_custom_hover_text=&#8220;#ffffff&#8220; shape=&#8220;square&#8220; align=&#8220;left&#8220; i_align=&#8220;right&#8220; i_icon_fontawesome=&#8220;fas fa-angle-right&#8220; add_icon=&#8220;true&#8220; link=&#8220;url:https%3A%2F%2Fmufasatoursandtravels.com%2Fde%2Fpaesse-und-visa%2F|title:P%C3%A4sse%20und%20Visa|&#8220;][\/vc_column_inner][vc_column_inner width=&#8220;1\/2&#8243;][vc_custom_heading text=&#8220;Vor der Reise&#8220; font_container=&#8220;tag:h2|text_align:left|color:%23890000&#8243; google_fonts=&#8220;font_family:Open%20Sans%3A300%2C300italic%2Cregular%2Citalic%2C600%2C600italic%2C700%2C700italic%2C800%2C800italic|font_style:400%20regular%3A400%3Anormal&#8220;][vc_separator color=&#8220;custom&#8220; align=&#8220;align_left&#8220; border_width=&#8220;2&#8243; el_width=&#8220;20&#8243; accent_color=&#8220;#890000&#8243;][vc_column_text]W\u00e4hrend Sie das Nachgl\u00fchen Ihres Abenteuers genie\u00dfen, helfen wir Ihnen mit wichtigen Tipps nach der Reise, damit Ihre R\u00fcckkehr nach Hause genauso reibungslos und angenehm verl\u00e4uft wie Ihre Reise selbst.[\/vc_column_text][\/vc_column_inner][\/vc_row_inner][\/vc_tta_section][vc_tta_section title=&#8220;Inklusiv|Exklusiv&#8220; tab_id=&#8220;1767014740555-058063a7-3037&#8243;][vc_row_inner][vc_column_inner width=&#8220;1\/2&#8243;][info_list_father listwidth=&#8220;&#8220; listclr=&#8220;#f8f8f8&#8243;][info_list_son style=&#8220;icon&#8220; size=&#8220;20&#8243; width=&#8220;30&#8243; height=&#8220;30&#8243; titleclr=&#8220;#890000&#8243; icon=&#8220;far fa-check-circle&#8220; iconclr=&#8220;#890000&#8243; iconbg=&#8220;#f8f8f8&#8243; borderclr=&#8220;#f8f8f8&#8243; title=&#8220;Iinklusive&#8220;]\n<ol>\n<li>Parkgeb\u00fchren f\u00fcr alle besuchten Parks.<\/li>\n<li>Verkehr<\/li>\n<li>Service eines professionellen Fahrf\u00fchrers.<\/li>\n<li>Mahlzeiten mit voller Verpflegung in den ausgew\u00e4hlten Lodges oder Camps.<\/li>\n<li>11-N\u00e4chte-Unterkunft in den ausgew\u00e4hlten Hotels, Lodges oder Camps.<\/li>\n<li>Unbegrenztes Wasser in den Fahrzeugen<\/li>\n<\/ol>\n[\/info_list_son][\/info_list_father][\/vc_column_inner][vc_column_inner width=&#8220;1\/2&#8243;][info_list_father listwidth=&#8220;0&#8243; listclr=&#8220;#f8f8f8&#8243;][info_list_son style=&#8220;icon&#8220; size=&#8220;20&#8243; width=&#8220;30&#8243; height=&#8220;30&#8243; titleclr=&#8220;#890000&#8243; icon=&#8220;far fa-times-circle&#8220; iconclr=&#8220;#890000&#8243; iconbg=&#8220;#f8f8f8&#8243; caption_url=&#8220;&#8220; borderclr=&#8220;#f8f8f8&#8243; title=&#8220;Ausgeschlossen&#8220;]\n<ol>\n<li>Tipps f\u00fcr Fahrer (Leitf\u00e4den).<\/li>\n<li>Pers\u00f6nliche Gegenst\u00e4nde (Souvenirs, Reiseversicherung, Visageb\u00fchren usw.).<\/li>\n<li>Zus\u00e4tzliche Unterk\u00fcnfte vor und nach der Safari.<\/li>\n<li>Kulturbesuch im Dorf Masai (20 $ pro Person \u2013 vorbehaltlich von \u00c4nderungen).<\/li>\n<li>Hei\u00dfluftballonfahrten (550 $ pro Erwachsene und 380 $ pro Kind unter 18 Jahren).<\/li>\n<li>Schwankungen der Staatssteuern in den jeweiligen besuchten L\u00e4ndern.<\/li>\n<li>Zus\u00e4tzliche Gep\u00e4ckgeb\u00fchr f\u00fcr Fl\u00fcge.<\/li>\n<\/ol>\n[\/info_list_son][\/info_list_father][\/vc_column_inner][\/vc_row_inner][\/vc_tta_section][\/vc_tta_tabs][\/vc_column][\/vc_row][vc_row][vc_column][vc_column_text]\n<p style=\"text-align: left;\"><strong>HAFTUNGSAUSSCHLUSS.<\/strong><\/p>\n<ul>\n<li>Diese Tour wird von <a href=\"https:\/\/mufasatoursandtravels.com\/de\/\">Mufasa Tours and Travels<\/a> angeboten.<\/li>\n<li>Alle unsere Safaris finden privat statt.<\/li>\n<li>Kinder im Alter von 0 bis 2 Jahren sind kostenlos.<\/li>\n<li>Kinder im Alter von 3 bis 12 Jahren zahlen 50 % des Erwachsenentarifs, wenn sie sich das gleiche Zimmer mit Erwachsenen teilen.<\/li>\n<li>Kinder im Alter von 3 bis 12 Jahren zahlen 75 % des Erwachsenentarifs, wenn sie in ihrem eigenen getrennten Zimmer von Erwachsenen wohnen.<\/li>\n<li>Kinder \u00fcber 12 Jahre werden in Camps und Lodges als Erwachsene anerkannt.<\/li>\n<li>Wir behalten uns das Recht vor, das Programm wie beworben zu \u00e4ndern.<\/li>\n<li>Wenn eine Unterkunft voll ausgebucht ist, schlagen wir vergleichbare Alternativen vor.<\/li>\n<li>Die genaue Reihenfolge, der Inhalt und die Preise dieser Tour h\u00e4ngen von der Verf\u00fcgbarkeit ab.<\/li>\n<li>Diese Tour unterliegt den <a href=\"https:\/\/mufasatoursandtravels.com\/de\/allgemeine-geschaeftsbedingungen-2\/\">Gesch\u00e4ftsbedingungen<\/a> von <a href=\"https:\/\/mufasatoursandtravels.com\/de\/\">Mufasa Tours and Travels.<\/a><\/li>\n<\/ul>\n[\/vc_column_text][\/vc_column][\/vc_row]\n","protected":false},"excerpt":{"rendered":"<p>[vc_row full_width=&#8220;stretch_row&#8220; gap=&#8220;1&#8243;][vc_column parallax=&#8220;content-moving&#8220; parallax_image=&#8220;41637&#8243; parallax_speed_bg=&#8220;1.7&#8243; css=&#8220;.vc_custom_1767010746713{padding-top: 80px !important;padding-right: 80px !important;padding-bottom: 80px !important;padding-left: 80px !important;}&#8220; el_class=&#8220;banner-image&#8220;][vc_custom_heading text=&#8220;Gipfel, Ebenen und Primaten&#8220; font_container=&#8220;tag:h2|font_size:32|text_align:left|color:%23ffffff&#8220; google_fonts=&#8220;font_family:Roboto%3A100%2C100italic%2C300%2C300italic%2Cregular%2Citalic%2C500%2C500italic%2C700%2C700italic%2C900%2C900italic|font_style:300%20light%20regular%3A300%3Anormal&#8220; el_class=&#8220;banner-txt&#8220;][vc_separator align=&#8220;align_left&#8220; el_width=&#8220;20&#8243;][vc_custom_heading text=&#8220;Kenia, Tansania &amp; Uganda&#8220; font_container=&#8220;tag:h2|font_size:18|text_align:left|color:%23ffffff&#8220; google_fonts=&#8220;font_family:Roboto%3A100%2C100italic%2C300%2C300italic%2Cregular%2Citalic%2C500%2C500italic%2C700%2C700italic%2C900%2C900italic|font_style:100%20light%20italic%3A100%3Aitalic&#8220; el_class=&#8220;banner-txt&#8220;][\/vc_column][\/vc_row][vc_row][vc_column css=&#8220;.vc_custom_1673431070127{border-top-width: 10px !important;border-right-width: 10px !important;border-bottom-width: 10px !important;border-left-width: 10px !important;}&#8220;][vc_tta_tabs shape=&#8220;square&#8220; color=&#8220;juicy-pink&#8220; alignment=&#8220;center&#8220; active_section=&#8220;1&#8243; no_fill_content_area=&#8220;true&#8220;][vc_tta_section title=&#8220;\u00dcberblick&#8220; tab_id=&#8220;1633454673222-3d94f956-010c&#8220;][info_list_father listclr=&#8220;#f8f8f8&#8243;][info_list_son style=&#8220;icon&#8220; size=&#8220;20&#8243; width=&#8220;30&#8243; height=&#8220;30&#8243; titleclr=&#8220;#890000&#8243; icon=&#8220;fas [&hellip;]<\/p>\n","protected":false},"author":2,"featured_media":0,"parent":41406,"menu_order":0,"comment_status":"closed","ping_status":"closed","template":"","meta":{"_themeisle_gutenberg_block_has_review":false,"footnotes":""},"class_list":["post-41688","page","type-page","status-publish","hentry"],"_links":{"self":[{"href":"https:\/\/mufasatoursandtravels.com\/de\/wp-json\/wp\/v2\/pages\/41688","targetHints":{"allow":["GET"]}}],"collection":[{"href":"https:\/\/mufasatoursandtravels.com\/de\/wp-json\/wp\/v2\/pages"}],"about":[{"href":"https:\/\/mufasatoursandtravels.com\/de\/wp-json\/wp\/v2\/types\/page"}],"author":[{"embeddable":true,"href":"https:\/\/mufasatoursandtravels.com\/de\/wp-json\/wp\/v2\/users\/2"}],"replies":[{"embeddable":true,"href":"https:\/\/mufasatoursandtravels.com\/de\/wp-json\/wp\/v2\/comments?post=41688"}],"version-history":[{"count":1,"href":"https:\/\/mufasatoursandtravels.com\/de\/wp-json\/wp\/v2\/pages\/41688\/revisions"}],"predecessor-version":[{"id":41691,"href":"https:\/\/mufasatoursandtravels.com\/de\/wp-json\/wp\/v2\/pages\/41688\/revisions\/41691"}],"up":[{"embeddable":true,"href":"https:\/\/mufasatoursandtravels.com\/de\/wp-json\/wp\/v2\/pages\/41406"}],"wp:attachment":[{"href":"https:\/\/mufasatoursandtravels.com\/de\/wp-json\/wp\/v2\/media?parent=41688"}],"curies":[{"name":"wp","href":"https:\/\/api.w.org\/{rel}","templated":true}]}}