{"id":42298,"date":"2026-01-05T12:21:42","date_gmt":"2026-01-05T09:21:42","guid":{"rendered":"https:\/\/mufasatoursandtravels.com\/flugziele\/mama-afrika-safari-paket\/"},"modified":"2026-02-19T12:03:57","modified_gmt":"2026-02-19T09:03:57","slug":"mama-afrika-safari-paket","status":"publish","type":"page","link":"https:\/\/mufasatoursandtravels.com\/de\/flugziele\/mama-afrika-safari-paket\/","title":{"rendered":"Amboseli Nationalpark"},"content":{"rendered":"[vc_row full_width=&#8220;stretch_row&#8220; gap=&#8220;1&#8243;][vc_column parallax=&#8220;content-moving&#8220; parallax_image=&#8220;45372&#8243; parallax_speed_bg=&#8220;2.0&#8243; css=&#8220;.vc_custom_1771491474300{padding-top: 80px !important;padding-right: 80px !important;padding-bottom: 80px !important;padding-left: 80px !important;}&#8220;][vc_custom_heading text=&#8220;Amboseli Nationalpark&#8220; font_container=&#8220;tag:h1|font_size:32|text_align:left|color:%23ffffff&#8220; google_fonts=&#8220;font_family:Quicksand%3A300%2Cregular%2C700|font_style:400%20regular%3A400%3Anormal&#8220; el_class=&#8220;txt-desc&#8220;][vc_separator color=&#8220;custom&#8220; align=&#8220;align_left&#8220; border_width=&#8220;2&#8243; el_width=&#8220;20&#8243; accent_color=&#8220;#f8f8f8&#8243;][vc_custom_heading text=&#8220;Kenia&#8220; font_container=&#8220;tag:h2|font_size:18|text_align:left|color:%23ffffff&#8220; google_fonts=&#8220;font_family:Roboto%3A100%2C100italic%2C300%2C300italic%2Cregular%2Citalic%2C500%2C500italic%2C700%2C700italic%2C900%2C900italic|font_style:400%20regular%3A400%3Anormal&#8220; el_class=&#8220;txt-desc&#8220;][\/vc_column][\/vc_row][vc_row][vc_column css=&#8220;.vc_custom_1673438873315{border-top-width: 10px !important;border-right-width: 10px !important;border-bottom-width: 10px !important;border-left-width: 10px !important;}&#8220;][vc_tta_tabs shape=&#8220;square&#8220; color=&#8220;juicy-pink&#8220; alignment=&#8220;center&#8220; active_section=&#8220;1&#8243; no_fill_content_area=&#8220;true&#8220;][vc_tta_section title=&#8220;\u00dcberblick&#8220; tab_id=&#8220;1633454673222-3d94f956-010c&#8220;][info_list_father listclr=&#8220;#f8f8f8&#8243;][info_list_son style=&#8220;icon&#8220; size=&#8220;20&#8243; width=&#8220;30&#8243; height=&#8220;20&#8243; titleclr=&#8220;#890000&#8243; icon=&#8220;fas fa-map-marked&#8220; iconclr=&#8220;#890000&#8243; iconbg=&#8220;#f8f8f8&#8243; borderclr=&#8220;#f8f8f8&#8243; title=&#8220;Das Land der Riesen&#8220;]\n<p data-path-to-node=\"5\">Bekannt f\u00fcr zwei Dinge: Der beste Ort Afrikas zu sein, um frei herumlaufende Elefanten zu erleben, und bietet den ikonischsten Blick auf die schneebedeckten Gipfel des Kilimandscharo. An der Grenze zwischen Kenia und Tansania gelegen, ist dieser 392 Quadratkilometer gro\u00dfe Park ein Paradies f\u00fcr Fotografen, wo der &#8222;Salty Dust&#8220; (<em>die Maasai-Bedeutung von Amboseli<\/em>) auf \u00fcppige, smaragdgr\u00fcne S\u00fcmpfe trifft. <\/p>\n[\/info_list_son][info_list_son style=&#8220;icon&#8220; size=&#8220;20&#8243; width=&#8220;30&#8243; height=&#8220;20&#8243; titleclr=&#8220;#890000&#8243; icon=&#8220;fas fa-route&#8220; iconclr=&#8220;#890000&#8243; iconbg=&#8220;#f8f8f8&#8243; borderclr=&#8220;#f8f8f8&#8243; title=&#8220;Was dich erwartet&#8220;]\n<p data-path-to-node=\"6,0,0\"><b data-path-to-node=\"6,0,0\" data-index-in-node=\"0\">\u2713 Die Tierwelt \u2014<\/b> Heimat der &#8222;Big Four&#8220; (L\u00f6wen, Leoparden, B\u00fcffel und riesige Herden afrikanischer Elefanten). Sie ist besonders ber\u00fchmt f\u00fcr ihre &#8222;Gro\u00dfen Sto\u00dfz\u00e4hne&#8220; \u2013 uralte Elefanten, deren Elfenbein bis zum Boden reicht. <\/p>\n<p data-path-to-node=\"6,1,0\"><b data-path-to-node=\"6,1,0\" data-index-in-node=\"0\">\u2713 Die Landschaft \u2014<\/b> Ein dramatischer Kontrast aus trockenen, schimmernden Seebetten und k\u00fchlen Quellen, die vom schmelzenden Schnee des Kilimandscharo gespeist werden.<\/p>\n[\/info_list_son][info_list_son style=&#8220;icon&#8220; size=&#8220;20&#8243; width=&#8220;30&#8243; height=&#8220;20&#8243; titleclr=&#8220;#890000&#8243; icon=&#8220;far fa-check-circle&#8220; iconclr=&#8220;#890000&#8243; iconbg=&#8220;#f8f8f8&#8243; borderclr=&#8220;#f8f8f8&#8243; title=&#8220;Beste Zeit zum Besuch&#8220;]\n<p data-path-to-node=\"6,2,0\">W\u00e4hrend der <i data-path-to-node=\"6,2,0\" data-index-in-node=\"22\">Trockenzeit<\/i> versammeln sich Tiere um die S\u00fcmpfe; Am einfachsten zum Wildtierbeobachten und in der Regenzeit am besten f\u00fcr Vogelbeobachter und die klarsten Ausblicke auf den Berg.<\/p>\n[\/info_list_son][\/info_list_father][\/vc_tta_section][vc_tta_section title=&#8220;Unterkunft&#8220; tab_id=&#8220;1633455601016-f93699bc-5d92&#8243;][vc_row_inner css=&#8220;.vc_custom_1767603602505{padding: 20px !important;}&#8220;][vc_column_inner el_class=&#8220;custom-height&#8220;][ucaddon_uc_side_carousel_content image=&#8220;29444&#8243; title=&#8220;Tortilis-Lager&#8220; btn_text=&#8220;View Accomodation&#8220; link=&#8220;https:\/\/www.elewanacollection.com\/tortilis-camp-amboseli\/at-a-glance&#8220; uc_fonts_data=&#8220;JTdCJTdE&#8220;]QW4lMjBhd2FyZC13aW5uaW5nJTIwZWNvLWxvZGdlJTIwbG9jYXRlZCUyMGluJTIwYSUyMHByaXZhdGUlMjBjb25zZXJ2YW5jeSUyMHdpdGglMjB0aGUlMjBhYnNvbHV0ZSUyMGJlc3QlMjB1bm9ic3RydWN0ZWQlMjB2aWV3cyUyMG9mJTIwS2lsaW1hbmphcm8u[\/ucaddon_uc_side_carousel_content][\/vc_column_inner][\/vc_row_inner][vc_row_inner css=&#8220;.vc_custom_1767603579984{padding: 20px !important;}&#8220;][vc_column_inner el_class=&#8220;custom-height&#8220;][ucaddon_uc_side_carousel_content image=&#8220;29425&#8243; title=&#8220;Amboseli serena Lodge&#8220; btn_text=&#8220;View Accomodation&#8220; link=&#8220;https:\/\/www.elewanacollection.com\/tortilis-camp-amboseli\/at-a-glance&#8220; uc_fonts_data=&#8220;JTdCJTdE&#8220;]SW5zcGlyZWQlMjBieSUyMHRyYWRpdGlvbmFsJTIwTWFhc2FpJTIwYXJjaGl0ZWN0dXJlJTJDJTIwbmVzdGxlZCUyMGluJTIwYSUyMGdyb3ZlJTIwb2YlMjBBY2FjaWElMjB0cmVlcyUyMGF0JTIwdGhlJTIwY2VudGVyJTIwb2YlMjB0aGUlMjBwYXJrLg==[\/ucaddon_uc_side_carousel_content][\/vc_column_inner][\/vc_row_inner][vc_row_inner css=&#8220;.vc_custom_1767603579984{padding: 20px !important;}&#8220;][vc_column_inner el_class=&#8220;custom-height&#8220;][ucaddon_uc_side_carousel_content image=&#8220;42434&#8243; title=&#8220;Kibo Safari Camp&#8220; btn_text=&#8220;View Accomodation&#8220; link=&#8220;https:\/\/kibosafaricamp.com\/&#8220; uc_fonts_data=&#8220;JTdCJTdE&#8220;]QSUyMGx1eHVyeSUyMHRlbnRlZCUyMGNhbXAlMjBleHBlcmllbmNlJTIwdGhhdCUyMG9mZmVycyUyMHRoZSUyMHBlcmZlY3QlMjBibGVuZCUyMG9mJTIwbW9kZXJuJTIwYW1lbml0aWVzJTIwYW5kJTIwdHJhZGl0aW9uYWwlMjAlMjJidXNoJTIyJTIwYXRtb3NwaGVyZS4=[\/ucaddon_uc_side_carousel_content][\/vc_column_inner][\/vc_row_inner][vc_row_inner css=&#8220;.vc_custom_1767603579984{padding: 20px !important;}&#8220;][vc_column_inner el_class=&#8220;custom-height&#8220;][ucaddon_uc_side_carousel_content image=&#8220;42440&#8243; title=&#8220;Ol Tukai Lodge&#8220; btn_text=&#8220;View Accomodation&#8220; link=&#8220;http:\/\/www.oltukailodge.com\/&#8220; uc_fonts_data=&#8220;JTdCJTdE&#8220;]QSUyMGx1eHVyeSUyMHRlbnRlZCUyMGNhbXAlMjBleHBlcmllbmNlJTIwdGhhdCUyMG9mZmVycyUyMHRoZSUyMHBlcmZlY3QlMjBibGVuZCUyMG9mJTIwbW9kZXJuJTIwYW1lbml0aWVzJTIwYW5kJTIwdHJhZGl0aW9uYWwlMjAlMjJidXNoJTIyJTIwYXRtb3NwaGVyZS4=[\/ucaddon_uc_side_carousel_content][\/vc_column_inner][\/vc_row_inner][vc_row_inner css=&#8220;.vc_custom_1767603579984{padding: 20px !important;}&#8220;][vc_column_inner el_class=&#8220;custom-height&#8220;][ucaddon_uc_side_carousel_content image=&#8220;29417&#8243; title=&#8220;Sentrim Amboseli&#8220; btn_text=&#8220;View Accomodation&#8220; link=&#8220;https:\/\/www.sentrim-hotels.com\/sentrim-amboseli.html&#8220; uc_fonts_data=&#8220;JTdCJTdE&#8220;]QSUyMGNvenklMkMlMjByZWxpYWJsZSUyMGNhbXAlMjBmb3IlMjB0cmF2ZWxlcnMlMjB3aG8lMjB3YW50JTIwdG8lMjBiZSUyMGNsb3NlJTIwdG8lMjB0aGUlMjBwYXJrJTIwYWN0aW9uJTIwd2l0aG91dCUyMHRoZSUyMGx1eHVyeSUyMHByaWNlJTIwdGFnLg==[\/ucaddon_uc_side_carousel_content][\/vc_column_inner][\/vc_row_inner][\/vc_tta_section][vc_tta_section title=&#8220;Aktivit\u00e4ten&#8220; tab_id=&#8220;1767601538075-7b6924d3-776e&#8220;][info_list_father listclr=&#8220;#f8f8f8&#8243;][info_list_son style=&#8220;icon&#8220; size=&#8220;0&#8243; width=&#8220;0&#8243; height=&#8220;0&#8243; titleclr=&#8220;#f8f8f8&#8243; iconclr=&#8220;#f8f8f8&#8243; borderclr=&#8220;#f8f8f8&#8243;]\n<p data-path-to-node=\"15\">W\u00e4hrend die Tierwelt der Star ist, bietet Amboseli verschiedene M\u00f6glichkeiten, in die afrikanische Wildnis einzutauchen.<\/p>\n<ul>\n<li style=\"list-style-type: none;\">\n<ul data-path-to-node=\"16\">\n<li>\n<p data-path-to-node=\"16,0,0\"><strong>Gef\u00fchrte Safari-Fahrten<\/strong><b data-path-to-node=\"16,0,0\" data-index-in-node=\"0\">:<\/b> Erkunden Sie den Park in unseren individuellen 4&#215;4 Land Cruisers mit Pop-up-D\u00e4chern. Unsere erfahrenen F\u00fchrer kennen die geheimen Orte, an denen sich die L\u00f6wen verstecken und wo die Elefanten die S\u00fcmpfe \u00fcberqueren. <\/p>\n<\/li>\n<li>\n<p data-path-to-node=\"16,1,0\"><strong>Observation Hill<\/strong><b data-path-to-node=\"16,1,0\" data-index-in-node=\"0\">:<\/b> Wandern Sie den einzigen h\u00f6chsten Punkt des Parks hinauf. Sie bietet einen 360-Grad-Panoramablick auf die S\u00fcmpfe, Ebenen und den Berg. Es ist der perfekte Ort f\u00fcr ein Picknick-Mittagessen.  <\/p>\n<\/li>\n<li>\n<p data-path-to-node=\"16,2,0\"><strong>Hei\u00dfluftballon-Safaris<\/strong><b data-path-to-node=\"16,2,0\" data-index-in-node=\"0\">:<\/b> Schweben Sie lautlos \u00fcber den Herden bei Sonnenaufgang. Es gibt keine magischere Erfahrung, als Kilimandscharo vom Himmel rosa werden zu sehen.   <i data-path-to-node=\"16,2,0\" data-index-in-node=\"151\">(Als optionales Add-on verf\u00fcgbar).<\/i><\/p>\n<\/li>\n<li>\n<p data-path-to-node=\"16,3,0\"><strong>Maasai-Kulturbesuche<\/strong><b data-path-to-node=\"16,3,0\" data-index-in-node=\"0\">:<\/b> Besuchen Sie ein \u00f6rtliches <i data-path-to-node=\"16,3,0\" data-index-in-node=\"38\">Manyatta<\/i> (Dorf), um mehr \u00fcber die alten Traditionen, die lebendige Perlenarbeit und die Sprungt\u00e4nze des Maasai-Volkes zu erfahren, das seit Jahrhunderten mit dieser Tierwelt koexistiert.<\/p>\n<\/li>\n<li>\n<p data-path-to-node=\"16,4,0\"><strong>Bush Breakfasts &amp; Sundowners<\/strong><b data-path-to-node=\"16,4,0\" data-index-in-node=\"0\">:<\/b> Beenden Sie Ihren Tag mit einem &#8222;Sundowner&#8220; \u2013 gek\u00fchlten Getr\u00e4nken und Vorspeisen, die mitten auf der Savanne serviert werden, w\u00e4hrend die Sonne hinter dem Berg untergeht.<\/p>\n<\/li>\n<\/ul>\n<\/li>\n<\/ul>\n[\/info_list_son][\/info_list_father][\/vc_tta_section][\/vc_tta_tabs][\/vc_column][\/vc_row]\n","protected":false},"excerpt":{"rendered":"<p>[vc_row full_width=&#8220;stretch_row&#8220; gap=&#8220;1&#8243;][vc_column parallax=&#8220;content-moving&#8220; parallax_image=&#8220;45372&#8243; parallax_speed_bg=&#8220;2.0&#8243; css=&#8220;.vc_custom_1771491474300{padding-top: 80px !important;padding-right: 80px !important;padding-bottom: 80px !important;padding-left: 80px !important;}&#8220;][vc_custom_heading text=&#8220;Amboseli Nationalpark&#8220; font_container=&#8220;tag:h1|font_size:32|text_align:left|color:%23ffffff&#8220; google_fonts=&#8220;font_family:Quicksand%3A300%2Cregular%2C700|font_style:400%20regular%3A400%3Anormal&#8220; el_class=&#8220;txt-desc&#8220;][vc_separator color=&#8220;custom&#8220; align=&#8220;align_left&#8220; border_width=&#8220;2&#8243; el_width=&#8220;20&#8243; accent_color=&#8220;#f8f8f8&#8243;][vc_custom_heading text=&#8220;Kenia&#8220; font_container=&#8220;tag:h2|font_size:18|text_align:left|color:%23ffffff&#8220; google_fonts=&#8220;font_family:Roboto%3A100%2C100italic%2C300%2C300italic%2Cregular%2Citalic%2C500%2C500italic%2C700%2C700italic%2C900%2C900italic|font_style:400%20regular%3A400%3Anormal&#8220; el_class=&#8220;txt-desc&#8220;][\/vc_column][\/vc_row][vc_row][vc_column css=&#8220;.vc_custom_1673438873315{border-top-width: 10px !important;border-right-width: 10px !important;border-bottom-width: 10px !important;border-left-width: 10px !important;}&#8220;][vc_tta_tabs shape=&#8220;square&#8220; color=&#8220;juicy-pink&#8220; alignment=&#8220;center&#8220; active_section=&#8220;1&#8243; no_fill_content_area=&#8220;true&#8220;][vc_tta_section title=&#8220;\u00dcberblick&#8220; tab_id=&#8220;1633454673222-3d94f956-010c&#8220;][info_list_father listclr=&#8220;#f8f8f8&#8243;][info_list_son style=&#8220;icon&#8220; size=&#8220;20&#8243; width=&#8220;30&#8243; height=&#8220;20&#8243; titleclr=&#8220;#890000&#8243; icon=&#8220;fas fa-map-marked&#8220; iconclr=&#8220;#890000&#8243; iconbg=&#8220;#f8f8f8&#8243; [&hellip;]<\/p>\n","protected":false},"author":2,"featured_media":0,"parent":27929,"menu_order":0,"comment_status":"closed","ping_status":"closed","template":"","meta":{"_themeisle_gutenberg_block_has_review":false,"footnotes":""},"class_list":["post-42298","page","type-page","status-publish","hentry"],"_links":{"self":[{"href":"https:\/\/mufasatoursandtravels.com\/de\/wp-json\/wp\/v2\/pages\/42298","targetHints":{"allow":["GET"]}}],"collection":[{"href":"https:\/\/mufasatoursandtravels.com\/de\/wp-json\/wp\/v2\/pages"}],"about":[{"href":"https:\/\/mufasatoursandtravels.com\/de\/wp-json\/wp\/v2\/types\/page"}],"author":[{"embeddable":true,"href":"https:\/\/mufasatoursandtravels.com\/de\/wp-json\/wp\/v2\/users\/2"}],"replies":[{"embeddable":true,"href":"https:\/\/mufasatoursandtravels.com\/de\/wp-json\/wp\/v2\/comments?post=42298"}],"version-history":[{"count":6,"href":"https:\/\/mufasatoursandtravels.com\/de\/wp-json\/wp\/v2\/pages\/42298\/revisions"}],"predecessor-version":[{"id":45386,"href":"https:\/\/mufasatoursandtravels.com\/de\/wp-json\/wp\/v2\/pages\/42298\/revisions\/45386"}],"up":[{"embeddable":true,"href":"https:\/\/mufasatoursandtravels.com\/de\/wp-json\/wp\/v2\/pages\/27929"}],"wp:attachment":[{"href":"https:\/\/mufasatoursandtravels.com\/de\/wp-json\/wp\/v2\/media?parent=42298"}],"curies":[{"name":"wp","href":"https:\/\/api.w.org\/{rel}","templated":true}]}}