{"id":42393,"date":"2026-01-05T14:41:16","date_gmt":"2026-01-05T11:41:16","guid":{"rendered":"https:\/\/mufasatoursandtravels.com\/flugziele\/masai-mara-nationalreservat-2\/"},"modified":"2026-01-05T16:57:26","modified_gmt":"2026-01-05T13:57:26","slug":"masai-mara-nationalreservat-2","status":"publish","type":"page","link":"https:\/\/mufasatoursandtravels.com\/de\/flugziele\/masai-mara-nationalreservat-2\/","title":{"rendered":"Masai Mara Nationalreservat"},"content":{"rendered":"[vc_row full_width=&#8220;stretch_row&#8220; gap=&#8220;1&#8243;][vc_column parallax=&#8220;content-moving&#8220; parallax_image=&#8220;3165&#8243; css=&#8220;.vc_custom_1767612012495{padding-top: 80px !important;padding-right: 80px !important;padding-bottom: 80px !important;padding-left: 80px !important;}&#8220;][vc_custom_heading text=&#8220;Masai Mara Nationalreservat&#8220; font_container=&#8220;tag:h1|font_size:32|text_align:left|color:%23ffffff&#8220; google_fonts=&#8220;font_family:Quicksand%3A300%2Cregular%2C700|font_style:400%20regular%3A400%3Anormal&#8220;][vc_separator color=&#8220;custom&#8220; align=&#8220;align_left&#8220; border_width=&#8220;2&#8243; el_width=&#8220;20&#8243; accent_color=&#8220;#f8f8f8&#8243;][vc_custom_heading text=&#8220;Kenia&#8220; font_container=&#8220;tag:h2|font_size:18|text_align:left|color:%23ffffff&#8220; google_fonts=&#8220;font_family:Roboto%3A100%2C100italic%2C300%2C300italic%2Cregular%2Citalic%2C500%2C500italic%2C700%2C700italic%2C900%2C900italic|font_style:400%20regular%3A400%3Anormal&#8220;][\/vc_column][\/vc_row][vc_row][vc_column css=&#8220;.vc_custom_1673438873315{border-top-width: 10px !important;border-right-width: 10px !important;border-bottom-width: 10px !important;border-left-width: 10px !important;}&#8220;][vc_tta_tabs shape=&#8220;square&#8220; color=&#8220;juicy-pink&#8220; alignment=&#8220;center&#8220; active_section=&#8220;1&#8243; no_fill_content_area=&#8220;true&#8220;][vc_tta_section title=&#8220;\u00dcberblick&#8220; tab_id=&#8220;1633454673222-3d94f956-010c&#8220;][info_list_father listclr=&#8220;#f8f8f8&#8243;][info_list_son style=&#8220;icon&#8220; size=&#8220;20&#8243; width=&#8220;30&#8243; height=&#8220;20&#8243; titleclr=&#8220;#890000&#8243; icon=&#8220;fas fa-map-marked&#8220; iconclr=&#8220;#890000&#8243; iconbg=&#8220;#f8f8f8&#8243; borderclr=&#8220;#f8f8f8&#8243; title=&#8220;The big cat capital&#8220;]\n<p data-path-to-node=\"5\">Spanning over 1,500 square kilometers of rolling savannah, it is the northern-most section of the Serengeti-Mara ecosystem. Whether you are seeking the &#8222;Big Five&#8220; or the thundering hooves of the Great Migration, the Mara offers a density of wildlife that is arguably unmatched anywhere else on earth.<\/p>\n[\/info_list_son][info_list_son style=&#8220;icon&#8220; size=&#8220;20&#8243; width=&#8220;30&#8243; height=&#8220;20&#8243; titleclr=&#8220;#890000&#8243; icon=&#8220;fas fa-route&#8220; iconclr=&#8220;#890000&#8243; iconbg=&#8220;#f8f8f8&#8243; borderclr=&#8220;#f8f8f8&#8243; title=&#8220;What to expect&#8220;]\n<p data-path-to-node=\"6,0,0\">Witness over 1.5 million wildebeest, zebras, and antelopes brave the crocodile-infested waters of the Mara River in a life-or-death struggle for fresh grazing.<\/p>\n<p data-path-to-node=\"6,1,0\">The Mara is world-famous for its high concentration of lions (the stars of <i data-path-to-node=\"6,1,0\" data-index-in-node=\"96\">Big Cat Diary<\/i>), leopards, and cheetahs.<\/p>\n[\/info_list_son][info_list_son style=&#8220;icon&#8220; size=&#8220;20&#8243; width=&#8220;30&#8243; height=&#8220;20&#8243; titleclr=&#8220;#890000&#8243; icon=&#8220;far fa-check-circle&#8220; iconclr=&#8220;#890000&#8243; iconbg=&#8220;#f8f8f8&#8243; borderclr=&#8220;#f8f8f8&#8243; title=&#8220;Best time to visit&#8220;]\n<p data-path-to-node=\"6,2,0\">During the dry Season<i data-path-to-node=\"6,2,0\" data-index-in-node=\"22\">,<\/i> animals congregate around the swamps; easiest for wildlife spotting and on the rainy season its best for birdwatchers and the clearest views of the mountain.<\/p>\n[\/info_list_son][\/info_list_father][vc_btn title=&#8220;Holen Sie sich ein Angebot an&#8220; style=&#8220;outline-custom&#8220; outline_custom_color=&#8220;#890000&#8243; outline_custom_hover_background=&#8220;#890000&#8243; outline_custom_hover_text=&#8220;#ffffff&#8220; shape=&#8220;square&#8220; size=&#8220;sm&#8220; align=&#8220;center&#8220; i_align=&#8220;right&#8220; i_icon_fontawesome=&#8220;fas fa-angle-right&#8220; add_icon=&#8220;true&#8220; link=&#8220;url:https%3A%2F%2Fmufasatoursandtravels.com%2Fde%2Fangebot-anfordern%2F|title:Angebot%20anfordern|&#8220;][\/vc_tta_section][vc_tta_section title=&#8220;Unterkunft&#8220; tab_id=&#8220;1633455601016-f93699bc-5d92&#8243;][vc_row_inner css=&#8220;.vc_custom_1767619716728{padding: 10px !important;}&#8220;][vc_column_inner el_class=&#8220;custom-height&#8220;][ucaddon_uc_side_carousel_content image=&#8220;5373&#8243; title=&#8220;Angama Mara&#8220; btn_text=&#8220;View Accomodation&#8220; link=&#8220;https:\/\/angama.com\/stay\/angama-mara\/&#8220; uc_fonts_data=&#8220;JTdCJTdE&#8220;]UGVyY2hlZCUyMGhpZ2glMjBvbiUyMHRoZSUyME9sb29sb2xvJTIwRXNjYXJwbWVudCUyMHdpdGglMjBicmVhdGh0YWtpbmclMjB2aWV3cyUyMG92ZXIlMjB0aGUlMjBlbnRpcmUlMjByZXNlcnZlLg==[\/ucaddon_uc_side_carousel_content][\/vc_column_inner][\/vc_row_inner][vc_row_inner css=&#8220;.vc_custom_1767619694248{padding: 10px !important;}&#8220;][vc_column_inner el_class=&#8220;custom-height&#8220;][ucaddon_uc_side_carousel_content image=&#8220;42363&#8243; title=&#8220;Mara serena Lodge&#8220; btn_text=&#8220;View Accomodation&#8220; link=&#8220;https:\/\/www.serenahotels.com\/mara?srsltid=AfmBOoox6HNAbsNvzF7_3i7atTZqazXizXlI9zyfitcgcL4mcq08Ws3s&#8220; uc_fonts_data=&#8220;JTdCJTdE&#8220;]Q2VudHJhbGx5JTIwbG9jYXRlZCUyMG5lYXIlMjB0aGUlMjBtYWluJTIwbWlncmF0aW9uJTIwY3Jvc3NpbmclMjBwb2ludHMlMkMlMjBmZWF0dXJpbmclMjB1bmlxdWUlMjAlMjJkb21lJTIyJTIwYXJjaGl0ZWN0dXJlLg==[\/ucaddon_uc_side_carousel_content][\/vc_column_inner][\/vc_row_inner][vc_row_inner css=&#8220;.vc_custom_1767619673369{padding: 10px !important;}&#8220;][vc_column_inner el_class=&#8220;custom-height&#8220;][ucaddon_uc_side_carousel_content image=&#8220;42376&#8243; title=&#8220;Ashnil Mara Lager&#8220; btn_text=&#8220;View Accomodation&#8220; link=&#8220;https:\/\/ashnilhotels.com\/mara_camp\/&#8220; uc_fonts_data=&#8220;JTdCJTdE&#8220;]TmVzdGxlZCUyMHJpZ2h0JTIwb24lMjB0aGUlMjBiYW5rcyUyMG9mJTIwdGhlJTIwTWFyYSUyMFJpdmVyJUUyJTgwJTk0cGVyZmVjdCUyMGZvciUyMGhlYXJpbmclMjBoaXBwb3MlMjBmcm9tJTIweW91ciUyMHRlbnQu[\/ucaddon_uc_side_carousel_content][\/vc_column_inner][\/vc_row_inner][vc_row_inner css=&#8220;.vc_custom_1767619653177{padding: 10px !important;}&#8220;][vc_column_inner el_class=&#8220;custom-height&#8220;][ucaddon_uc_side_carousel_content image=&#8220;42476&#8243; title=&#8220;Zebraebenen Mara Camp&#8220; btn_text=&#8220;View Accomodation&#8220; link=&#8220;https:\/\/zebraplainscollection.com\/zebra-plains-mara-camp\/&#8220; uc_init_settings=&#8220;&#8220; uc_fonts_data=&#8220;JTdCJTdE&#8220;]SGlnaGx5JTIwcmF0ZWQlMjBmb3IlMjBpdHMlMjBwZXJzb25hbGl6ZWQlMjBzZXJ2aWNlJTIwYW5kJTIwcHJpbWUlMjBsb2NhdGlvbiUyMGZvciUyMGJpZyUyMGNhdCUyMHNpZ2h0aW5ncy4=[\/ucaddon_uc_side_carousel_content][\/vc_column_inner][\/vc_row_inner][vc_row_inner css=&#8220;.vc_custom_1767619637159{padding: 10px !important;}&#8220;][vc_column_inner el_class=&#8220;custom-height&#8220;][ucaddon_uc_side_carousel_content image=&#8220;42382&#8243; title=&#8220;Enkorok Mara Camp&#8220; btn_text=&#8220;View Accomodation&#8220; link=&#8220;https:\/\/www.enkorokmaracamp.com\/&#8220; uc_fonts_data=&#8220;JTdCJTdE&#8220;]U2l0dWF0ZWQlMjBpbiUyMHRoZSUyMFNpYW5hJTIwQ29uc2VydmFuY3klMkMlMjBvZmZlcmluZyUyMGdyZWF0JTIwdmFsdWUlMjBqdXN0JTIwMi41a20lMjBmcm9tJTIwdGhlJTIwT2xvbGFpbXV0aWElMjBHYXRlLg==[\/ucaddon_uc_side_carousel_content][\/vc_column_inner][\/vc_row_inner][vc_row_inner css=&#8220;.vc_custom_1767619071073{padding: 10px !important;}&#8220;][vc_column_inner el_class=&#8220;custom-height&#8220; offset=&#8220;vc_hidden-lg&#8220;][vc_headings style=&#8220;theme2&#8243; borderclr=&#8220;#890000&#8243; title=&#8220;Angama Mara&#8220; align=&#8220;left&#8220; google_fonts=&#8220;font_family:Quicksand%3A300%2Cregular%2C700|font_style:400%20regular%3A400%3Anormal&#8220; titleclr=&#8220;#000000&#8243; caption_url=&#8220;&#8220; caption_urls=&#8220;&#8220; caption_urlss=&#8220;&#8220; caption_urldesc=&#8220;&#8220;]Perched high on the Oloololo Escarpment with breathtaking views over the entire reserve.[\/vc_headings][vc_btn shape=&#8220;square&#8220; color=&#8220;pink&#8220; size=&#8220;sm&#8220; i_align=&#8220;right&#8220; i_icon_fontawesome=&#8220;fas fa-angle-right&#8220; add_icon=&#8220;true&#8220; css=&#8220;.vc_custom_1767619428501{padding-top: 10px !important;padding-right: 10px !important;padding-bottom: 10px !important;}&#8220; link=&#8220;url:https%3A%2F%2Fangama.com%2Fstay%2Fangama-mara%2F|&#8220;][\/vc_column_inner][\/vc_row_inner][vc_row_inner css=&#8220;.vc_custom_1767619071073{padding: 10px !important;}&#8220;][vc_column_inner el_class=&#8220;custom-height&#8220; offset=&#8220;vc_hidden-lg&#8220;][vc_headings style=&#8220;theme2&#8243; borderclr=&#8220;#890000&#8243; title=&#8220;Mara Serena Lodge&#8220; align=&#8220;left&#8220; google_fonts=&#8220;font_family:Quicksand%3A300%2Cregular%2C700|font_style:400%20regular%3A400%3Anormal&#8220; titleclr=&#8220;#000000&#8243; caption_url=&#8220;&#8220; caption_urls=&#8220;&#8220; caption_urlss=&#8220;&#8220; caption_urldesc=&#8220;&#8220;]Centrally located near the main migration crossing points, featuring unique &#8222;dome&#8220; architecture.[\/vc_headings][vc_btn title=&#8220;Unterk\u00fcnfte ansehen&#8220; shape=&#8220;square&#8220; color=&#8220;pink&#8220; size=&#8220;sm&#8220; i_align=&#8220;right&#8220; i_icon_fontawesome=&#8220;fas fa-angle-right&#8220; add_icon=&#8220;true&#8220; css=&#8220;.vc_custom_1767619612348{padding-top: 10px !important;padding-right: 10px !important;padding-bottom: 10px !important;}&#8220; link=&#8220;url:https%3A%2F%2Fwww.serenahotels.com%2Fmara%2F|&#8220;][\/vc_column_inner][\/vc_row_inner][vc_row_inner css=&#8220;.vc_custom_1767619071073{padding: 10px !important;}&#8220;][vc_column_inner el_class=&#8220;custom-height&#8220; offset=&#8220;vc_hidden-lg&#8220;][vc_headings style=&#8220;theme2&#8243; borderclr=&#8220;#890000&#8243; title=&#8220;Ashnil Mara Camp&#8220; align=&#8220;left&#8220; google_fonts=&#8220;font_family:Quicksand%3A300%2Cregular%2C700|font_style:400%20regular%3A400%3Anormal&#8220; titleclr=&#8220;#000000&#8243; caption_url=&#8220;&#8220; caption_urls=&#8220;&#8220; caption_urlss=&#8220;&#8220; caption_urldesc=&#8220;&#8220;]Nestled right on the banks of the Mara River\u2014perfect for hearing hippos from your tent.[\/vc_headings][vc_btn title=&#8220;Unterk\u00fcnfte ansehen&#8220; shape=&#8220;square&#8220; color=&#8220;pink&#8220; size=&#8220;sm&#8220; i_align=&#8220;right&#8220; i_icon_fontawesome=&#8220;fas fa-angle-right&#8220; add_icon=&#8220;true&#8220; css=&#8220;.vc_custom_1767620026435{padding-top: 10px !important;padding-right: 10px !important;padding-bottom: 10px !important;}&#8220; link=&#8220;url:https%3A%2F%2Fashnilhotels.com%2Fmara_camp%2F|&#8220;][\/vc_column_inner][\/vc_row_inner][vc_row_inner css=&#8220;.vc_custom_1767619071073{padding: 10px !important;}&#8220;][vc_column_inner el_class=&#8220;custom-height&#8220; offset=&#8220;vc_hidden-lg&#8220;][vc_headings style=&#8220;theme2&#8243; borderclr=&#8220;#890000&#8243; title=&#8220;Zebra Plains Mara Camp&#8220; align=&#8220;left&#8220; google_fonts=&#8220;font_family:Quicksand%3A300%2Cregular%2C700|font_style:400%20regular%3A400%3Anormal&#8220; titleclr=&#8220;#000000&#8243; caption_url=&#8220;&#8220; caption_urls=&#8220;&#8220; caption_urlss=&#8220;&#8220; caption_urldesc=&#8220;&#8220;]Highly rated for its personalized service and prime location for big cat sightings.[\/vc_headings][vc_btn title=&#8220;Unterk\u00fcnfte ansehen&#8220; shape=&#8220;square&#8220; color=&#8220;pink&#8220; size=&#8220;sm&#8220; i_align=&#8220;right&#8220; i_icon_fontawesome=&#8220;fas fa-angle-right&#8220; add_icon=&#8220;true&#8220; css=&#8220;.vc_custom_1767620098023{padding-top: 10px !important;padding-right: 10px !important;padding-bottom: 10px !important;}&#8220; link=&#8220;url:https%3A%2F%2Fzebraplainscollection.com%2Fzebra-plains-mara-camp%2F|&#8220;][\/vc_column_inner][\/vc_row_inner][vc_row_inner css=&#8220;.vc_custom_1767619071073{padding: 10px !important;}&#8220;][vc_column_inner el_class=&#8220;custom-height&#8220; offset=&#8220;vc_hidden-lg&#8220;][vc_headings style=&#8220;theme2&#8243; borderclr=&#8220;#890000&#8243; title=&#8220;Enkorok Mara Camp&#8220; align=&#8220;left&#8220; google_fonts=&#8220;font_family:Quicksand%3A300%2Cregular%2C700|font_style:400%20regular%3A400%3Anormal&#8220; titleclr=&#8220;#000000&#8243; caption_url=&#8220;&#8220; caption_urls=&#8220;&#8220; caption_urlss=&#8220;&#8220; caption_urldesc=&#8220;&#8220;]Situated in the Siana Conservancy, offering great value just 2.5km from the Ololaimutia Gate.[\/vc_headings][vc_btn title=&#8220;Unterk\u00fcnfte ansehen&#8220; shape=&#8220;square&#8220; color=&#8220;pink&#8220; size=&#8220;sm&#8220; i_align=&#8220;right&#8220; i_icon_fontawesome=&#8220;fas fa-angle-right&#8220; add_icon=&#8220;true&#8220; css=&#8220;.vc_custom_1767620273765{padding-top: 10px !important;padding-right: 10px !important;padding-bottom: 10px !important;}&#8220; link=&#8220;url:https%3A%2F%2Fwww.enkorokmaracamp.com%2F|&#8220;][\/vc_column_inner][\/vc_row_inner][\/vc_tta_section][vc_tta_section title=&#8220;Aktivit\u00e4ten&#8220; tab_id=&#8220;1767601538075-7b6924d3-776e&#8220;][info_list_father listclr=&#8220;#f8f8f8&#8243;][info_list_son style=&#8220;icon&#8220; size=&#8220;0&#8243; width=&#8220;0&#8243; height=&#8220;0&#8243; titleclr=&#8220;#f8f8f8&#8243; iconclr=&#8220;#f8f8f8&#8243; borderclr=&#8220;#f8f8f8&#8243;]\n<ul>\n<li style=\"list-style-type: none;\">\n<ul>\n<li>\n<p data-path-to-node=\"16,0,0\"><b data-path-to-node=\"16,0,0\" data-index-in-node=\"0\">Morgend\u00e4mmerungs- und D\u00e4mmerungsspielfahrten:<\/b> Unsere Expertenf\u00fchrer nutzen ma\u00dfgeschneiderte 4&#215;4-Fahrzeuge, um die &#8222;Big Five&#8220; zu verfolgen. Wir konzentrieren uns auf die fr\u00fchen Morgenstunden, wenn die Raubtiere am aktivsten sind. <\/p>\n<\/li>\n<li>\n<p data-path-to-node=\"16,1,0\"><b data-path-to-node=\"16,1,0\" data-index-in-node=\"0\">Hei\u00dfluftballon-Safaris:<\/b> Schweben Sie lautlos \u00fcber den Ebenen bei Sonnenaufgang. Sehen Sie das Ausma\u00df der Migration von oben und beenden Sie bei der Landung mit einem weltber\u00fchmten &#8222;Champagne Bush Breakfast&#8220;. <\/p>\n<\/li>\n<li>\n<p data-path-to-node=\"16,2,0\"><b data-path-to-node=\"16,2,0\" data-index-in-node=\"0\">Besuche im Maasai-Kulturdorf:<\/b> Lernen Sie die &#8222;W\u00e4chter der Wildnis&#8220; kennen. Erfahren Sie mehr \u00fcber das traditionelle Leben, die Springt\u00e4nze der Krieger und die kunstvolle Perlenarbeit der Maasai. <\/p>\n<\/li>\n<li>\n<p data-path-to-node=\"16,3,0\"><b data-path-to-node=\"16,3,0\" data-index-in-node=\"0\">Gef\u00fchrte Naturspazierg\u00e4nge:<\/b> In den privaten Naturschutzgebieten rund um das Reservat gehen Sie zu Fu\u00df mit einem Maasai-Krieger, um etwas \u00fcber Tierverfolgung, Heilpflanzen und die &#8222;Kleinen F\u00fcnf&#8220; zu lernen.<\/p>\n<\/li>\n<li>\n<p data-path-to-node=\"16,4,0\"><b data-path-to-node=\"16,4,0\" data-index-in-node=\"0\">Buschmahlzeiten und Sundowner:<\/b> Nichts geht \u00fcber ein kaltes Getr\u00e4nk, wenn die Sonne \u00fcber der Mara untergeht, oder ein privates Abendessen unter einem Sternenbl\u00e4tterdach mitten im afrikanischen Busch.<\/p>\n<\/li>\n<li>\n<p data-path-to-node=\"16,5,0\"><b data-path-to-node=\"16,5,0\" data-index-in-node=\"0\">N\u00e4chtliche Wildtriebe:<\/b> (Exklusiv in privaten Schutzgebieten) Entdecken Sie die nachtaktive Welt, von der L\u00f6wenjagd bis hin zum schwer fassbaren Erdferkel und Buschbaby. <\/p>\n<\/li>\n<\/ul>\n<\/li>\n<\/ul>\n[\/info_list_son][\/info_list_father][\/vc_tta_section][\/vc_tta_tabs][\/vc_column][\/vc_row]\n","protected":false},"excerpt":{"rendered":"<p>[vc_row full_width=&#8220;stretch_row&#8220; gap=&#8220;1&#8243;][vc_column parallax=&#8220;content-moving&#8220; parallax_image=&#8220;3165&#8243; css=&#8220;.vc_custom_1767612012495{padding-top: 80px !important;padding-right: 80px !important;padding-bottom: 80px !important;padding-left: 80px !important;}&#8220;][vc_custom_heading text=&#8220;Masai Mara Nationalreservat&#8220; font_container=&#8220;tag:h1|font_size:32|text_align:left|color:%23ffffff&#8220; google_fonts=&#8220;font_family:Quicksand%3A300%2Cregular%2C700|font_style:400%20regular%3A400%3Anormal&#8220;][vc_separator color=&#8220;custom&#8220; align=&#8220;align_left&#8220; border_width=&#8220;2&#8243; el_width=&#8220;20&#8243; accent_color=&#8220;#f8f8f8&#8243;][vc_custom_heading text=&#8220;Kenia&#8220; font_container=&#8220;tag:h2|font_size:18|text_align:left|color:%23ffffff&#8220; google_fonts=&#8220;font_family:Roboto%3A100%2C100italic%2C300%2C300italic%2Cregular%2Citalic%2C500%2C500italic%2C700%2C700italic%2C900%2C900italic|font_style:400%20regular%3A400%3Anormal&#8220;][\/vc_column][\/vc_row][vc_row][vc_column css=&#8220;.vc_custom_1673438873315{border-top-width: 10px !important;border-right-width: 10px !important;border-bottom-width: 10px !important;border-left-width: 10px !important;}&#8220;][vc_tta_tabs shape=&#8220;square&#8220; color=&#8220;juicy-pink&#8220; alignment=&#8220;center&#8220; active_section=&#8220;1&#8243; no_fill_content_area=&#8220;true&#8220;][vc_tta_section title=&#8220;\u00dcberblick&#8220; tab_id=&#8220;1633454673222-3d94f956-010c&#8220;][info_list_father listclr=&#8220;#f8f8f8&#8243;][info_list_son style=&#8220;icon&#8220; size=&#8220;20&#8243; width=&#8220;30&#8243; height=&#8220;20&#8243; titleclr=&#8220;#890000&#8243; icon=&#8220;fas fa-map-marked&#8220; iconclr=&#8220;#890000&#8243; iconbg=&#8220;#f8f8f8&#8243; borderclr=&#8220;#f8f8f8&#8243; title=&#8220;The [&hellip;]<\/p>\n","protected":false},"author":2,"featured_media":0,"parent":27929,"menu_order":2,"comment_status":"closed","ping_status":"closed","template":"","meta":{"_themeisle_gutenberg_block_has_review":false,"footnotes":""},"class_list":["post-42393","page","type-page","status-publish","hentry"],"_links":{"self":[{"href":"https:\/\/mufasatoursandtravels.com\/de\/wp-json\/wp\/v2\/pages\/42393","targetHints":{"allow":["GET"]}}],"collection":[{"href":"https:\/\/mufasatoursandtravels.com\/de\/wp-json\/wp\/v2\/pages"}],"about":[{"href":"https:\/\/mufasatoursandtravels.com\/de\/wp-json\/wp\/v2\/types\/page"}],"author":[{"embeddable":true,"href":"https:\/\/mufasatoursandtravels.com\/de\/wp-json\/wp\/v2\/users\/2"}],"replies":[{"embeddable":true,"href":"https:\/\/mufasatoursandtravels.com\/de\/wp-json\/wp\/v2\/comments?post=42393"}],"version-history":[{"count":2,"href":"https:\/\/mufasatoursandtravels.com\/de\/wp-json\/wp\/v2\/pages\/42393\/revisions"}],"predecessor-version":[{"id":42485,"href":"https:\/\/mufasatoursandtravels.com\/de\/wp-json\/wp\/v2\/pages\/42393\/revisions\/42485"}],"up":[{"embeddable":true,"href":"https:\/\/mufasatoursandtravels.com\/de\/wp-json\/wp\/v2\/pages\/27929"}],"wp:attachment":[{"href":"https:\/\/mufasatoursandtravels.com\/de\/wp-json\/wp\/v2\/media?parent=42393"}],"curies":[{"name":"wp","href":"https:\/\/api.w.org\/{rel}","templated":true}]}}