{"id":42404,"date":"2026-01-05T14:43:25","date_gmt":"2026-01-05T11:43:25","guid":{"rendered":"https:\/\/mufasatoursandtravels.com\/flugziele\/olpejeta-naturschutzgebiet-2\/"},"modified":"2026-01-05T16:50:42","modified_gmt":"2026-01-05T13:50:42","slug":"olpejeta-naturschutzgebiet-2","status":"publish","type":"page","link":"https:\/\/mufasatoursandtravels.com\/de\/flugziele\/olpejeta-naturschutzgebiet-2\/","title":{"rendered":"Olpejeta Naturschutzgebiet"},"content":{"rendered":"[vc_row full_width=&#8220;stretch_row&#8220; gap=&#8220;1&#8243;][vc_column parallax=&#8220;content-moving&#8220; parallax_image=&#8220;8553&#8243; parallax_speed_bg=&#8220;1.9&#8243; css=&#8220;.vc_custom_1767613736317{padding-top: 80px !important;padding-right: 80px !important;padding-bottom: 80px !important;padding-left: 80px !important;}&#8220;][vc_custom_heading text=&#8220;Olpejeta Naturschutzgebiet&#8220; font_container=&#8220;tag:h1|font_size:32|text_align:left|color:%23ffffff&#8220; google_fonts=&#8220;font_family:Quicksand%3A300%2Cregular%2C700|font_style:400%20regular%3A400%3Anormal&#8220;][vc_separator color=&#8220;custom&#8220; align=&#8220;align_left&#8220; border_width=&#8220;2&#8243; el_width=&#8220;20&#8243; accent_color=&#8220;#f8f8f8&#8243;][vc_custom_heading text=&#8220;Kenia&#8220; font_container=&#8220;tag:h2|font_size:18|text_align:left|color:%23ffffff&#8220; google_fonts=&#8220;font_family:Roboto%3A100%2C100italic%2C300%2C300italic%2Cregular%2Citalic%2C500%2C500italic%2C700%2C700italic%2C900%2C900italic|font_style:400%20regular%3A400%3Anormal&#8220;][\/vc_column][\/vc_row][vc_row][vc_column css=&#8220;.vc_custom_1673438873315{border-top-width: 10px !important;border-right-width: 10px !important;border-bottom-width: 10px !important;border-left-width: 10px !important;}&#8220;][vc_tta_tabs shape=&#8220;square&#8220; color=&#8220;juicy-pink&#8220; alignment=&#8220;center&#8220; active_section=&#8220;1&#8243; no_fill_content_area=&#8220;true&#8220;][vc_tta_section title=&#8220;\u00dcberblick&#8220; tab_id=&#8220;1633454673222-3d94f956-010c&#8220;][info_list_father listclr=&#8220;#f8f8f8&#8243;][info_list_son style=&#8220;icon&#8220; size=&#8220;20&#8243; width=&#8220;30&#8243; height=&#8220;20&#8243; titleclr=&#8220;#890000&#8243; icon=&#8220;fas fa-map-marked&#8220; iconclr=&#8220;#890000&#8243; iconbg=&#8220;#f8f8f8&#8243; borderclr=&#8220;#f8f8f8&#8243; title=&#8220;A sanctuary for Conservation&#8220;]\n<p data-path-to-node=\"5\">Ol Pejeta is a 90,000-acre non-profit wildlife conservancy situated between the foothills of the Aberdares and the magnificent snow-capped Mount Kenya. It is famous for being the largest Black Rhino sanctuary in East Africa and home to the world\u2019s last two remaining Northern White Rhinos. Unlike many other parks, Ol Pejeta offers a rare opportunity to see the &#8222;Big Five&#8220; alongside rescued chimpanzees in a single, stunning location.<\/p>\n[\/info_list_son][info_list_son style=&#8220;icon&#8220; size=&#8220;20&#8243; width=&#8220;30&#8243; height=&#8220;20&#8243; titleclr=&#8220;#890000&#8243; icon=&#8220;fas fa-route&#8220; iconclr=&#8220;#890000&#8243; iconbg=&#8220;#f8f8f8&#8243; borderclr=&#8220;#f8f8f8&#8243; title=&#8220;What to expect&#8220;]\n<ul>\n<li style=\"list-style-type: none;\">\n<ul>\n<li>\n<p data-path-to-node=\"6,0,0\"><strong>The Rhino Kingdom:<\/strong> A world leader in rhino conservation; this is your best chance in Kenya to see these prehistoric giants in high numbers.<\/p>\n<\/li>\n<li>\n<p data-path-to-node=\"6,1,0\"><strong>The Chimpanzee Sanctuary:<\/strong> The only place in Kenya where you can see chimpanzees. This sanctuary was established to provide a lifelong refuge for orphaned and rescued chimps from West and Central Africa.<\/p>\n<\/li>\n<li>\n<p data-path-to-node=\"6,2,0\"><strong>The &#8222;Big Five&#8220; &amp; More:<\/strong> Beyond the predators (lions, leopards, cheetahs) and giants (elephants, buffalo), the conservancy is home to rare Northern species like the Reticulated Giraffe and Grevy\u2019s Zebra.<\/p>\n<\/li>\n<\/ul>\n<\/li>\n<\/ul>\n[\/info_list_son][info_list_son style=&#8220;icon&#8220; size=&#8220;20&#8243; width=&#8220;30&#8243; height=&#8220;20&#8243; titleclr=&#8220;#890000&#8243; icon=&#8220;far fa-check-circle&#8220; iconclr=&#8220;#890000&#8243; iconbg=&#8220;#f8f8f8&#8243; borderclr=&#8220;#f8f8f8&#8243; title=&#8220;Best time to visit&#8220;]\n<p data-path-to-node=\"6,2,0\">All season visit is recommended with the beautiful lush greenery and perfect for birdwatching, with clear views of mt.Kenya.<\/p>\n[\/info_list_son][\/info_list_father][vc_btn title=&#8220;Holen Sie sich ein Angebot an&#8220; style=&#8220;outline-custom&#8220; outline_custom_color=&#8220;#890000&#8243; outline_custom_hover_background=&#8220;#890000&#8243; outline_custom_hover_text=&#8220;#ffffff&#8220; shape=&#8220;square&#8220; size=&#8220;sm&#8220; align=&#8220;center&#8220; i_align=&#8220;right&#8220; i_icon_fontawesome=&#8220;fas fa-angle-right&#8220; add_icon=&#8220;true&#8220; link=&#8220;url:https%3A%2F%2Fmufasatoursandtravels.com%2Fde%2Fangebot-anfordern%2F|title:Angebot%20anfordern|&#8220;][\/vc_tta_section][vc_tta_section title=&#8220;Unterkunft&#8220; tab_id=&#8220;1633455601016-f93699bc-5d92&#8243;][vc_row_inner css=&#8220;.vc_custom_1767603602505{padding: 20px !important;}&#8220;][vc_column_inner el_class=&#8220;custom-height&#8220;][ucaddon_uc_side_carousel_content image=&#8220;42410&#8243; title=&#8220;Serena Sweetwaters Camp&#8220; btn_text=&#8220;View Accomodation&#8220; link=&#8220;https:\/\/www.serenahotels.com\/sweetwaters?srsltid=AfmBOooyN4SyDYGAuu8p5F6V3uhdsUAR0gMXik0rh4c2QpTGt_0dp92n&#8220; uc_fonts_data=&#8220;JTdCJTdE&#8220;]QnVpbHQlMjBhcm91bmQlMjBhJTIwYnVzeSUyMHdhdGVyaG9sZSUyQyUyMHRoaXMlMjB3b3JsZC1jbGFzcyUyMGNhbXAlMjBmZWF0dXJlcyUyMGx1eHVyeSUyMHRlbnRzJTIwYW5kJTIwJTIyVGhlJTIwTW9yYW5pJTIwV2luZyUyQyUyMiUyMG9mZmVyaW5nJTIwdmlld3MlMjBvZiUyMHRoZSUyMHdpbGRsaWZlJTIwcmlnaHQlMjBmcm9tJTIweW91ciUyMHZlcmFuZGEu[\/ucaddon_uc_side_carousel_content][\/vc_column_inner][\/vc_row_inner][vc_row_inner css=&#8220;.vc_custom_1767603579984{padding: 20px !important;}&#8220;][vc_column_inner el_class=&#8220;custom-height&#8220;][ucaddon_uc_side_carousel_content image=&#8220;42416&#8243; title=&#8220;Kicheche-Laikipia-Lager&#8220; btn_text=&#8220;View Accomodation&#8220; link=&#8220;https:\/\/kicheche.com\/kicheche-laikipia\/&#8220; uc_fonts_data=&#8220;JTdCJTdE&#8220;]QSUyMHNtYWxsJTJDJTIwaW50aW1hdGUlMjBsdXh1cnklMjBjYW1wJTIwbG9jYXRlZCUyMGluJTIwYSUyMHByaXZhdGUlMjBhcmVhJTIwb2YlMjB0aGUlMjBjb25zZXJ2YW5jeSUyQyUyMHBlcmZlY3QlMjBmb3IlMjB0aG9zZSUyMHNlZWtpbmclMjBwZWFjZSUyMGFuZCUyMGV4Y2x1c2l2aXR5Lg==[\/ucaddon_uc_side_carousel_content][\/vc_column_inner][\/vc_row_inner][vc_row_inner css=&#8220;.vc_custom_1767603579984{padding: 20px !important;}&#8220;][vc_column_inner el_class=&#8220;custom-height&#8220;][ucaddon_uc_side_carousel_content image=&#8220;42422&#8243; title=&#8220;Comfort Gardens Sweetwaters&#8220; btn_text=&#8220;View Accomodation&#8220; link=&#8220;https:\/\/kicheche.com\/kicheche-laikipia\/&#8220; uc_fonts_data=&#8220;JTdCJTdE&#8220;]TG9jYXRlZCUyMGp1c3QlMjBvdXRzaWRlJTIwdGhlJTIwU2VyYXQlMjBHYXRlJTJDJTIwb2ZmZXJpbmclMjBtb2Rlcm4lMjByb29tcyUyMGFuZCUyMGdyZWF0JTIwdmFsdWUlMjBmb3IlMjB0cmF2ZWxlcnMu[\/ucaddon_uc_side_carousel_content][\/vc_column_inner][\/vc_row_inner][\/vc_tta_section][vc_tta_section title=&#8220;Aktivit\u00e4ten&#8220; tab_id=&#8220;1767601538075-7b6924d3-776e&#8220;][info_list_father listclr=&#8220;#f8f8f8&#8243;][info_list_son style=&#8220;icon&#8220; size=&#8220;0&#8243; width=&#8220;0&#8243; height=&#8220;0&#8243; titleclr=&#8220;#f8f8f8&#8243; iconclr=&#8220;#f8f8f8&#8243; borderclr=&#8220;#f8f8f8&#8243;]\n<p data-path-to-node=\"15\">Ol Pejeta ist eines der interaktivsten Naturschutzgebiete in Kenia. Wir k\u00f6nnen diese spezialisierten Aktivit\u00e4ten organisieren, um Ihre Safari zu verbessern: <\/p>\n<ul>\n<li style=\"list-style-type: none;\">\n<ul data-path-to-node=\"16\">\n<li>\n<p data-path-to-node=\"16,0,0\"><strong>Lernen Sie die letzten n\u00f6rdlichen Wei\u00dfen Nash\u00f6rner kennen<\/strong><b data-path-to-node=\"16,0,0\" data-index-in-node=\"0\">:<\/b> Machen Sie eine gef\u00fchrte Reise zum 700 Hektar gro\u00dfen Gehege f\u00fcr gef\u00e4hrdete Arten, um <b data-path-to-node=\"16,0,0\" data-index-in-node=\"109\">Najin und Fatu<\/b> kennenzulernen, die einzigen beiden verbliebenen N\u00f6rdlichen Nash\u00f6rner auf der Erde.<\/p>\n<\/li>\n<li>\n<p data-path-to-node=\"16,1,0\"><strong>Sweetwaters Schimpansenschutzgebiet<\/strong><b data-path-to-node=\"16,1,0\" data-index-in-node=\"0\">:<\/b> Besuchen Sie die geretteten Schimpansen und erfahren Sie mehr \u00fcber ihre Rehabilitation in einem nat\u00fcrlichen Flusswald.<\/p>\n<\/li>\n<li>\n<p data-path-to-node=\"16,2,0\"><strong>N\u00e4chtliche Wildfahrten<\/strong><b data-path-to-node=\"16,2,0\" data-index-in-node=\"0\">:<\/b> Mit gefilterten Scheinwerfern nehmen unsere Guides Sie nach Einbruch der Dunkelheit mit, um nachtaktive Tiere wie den Erdferkel, Karakal und L\u00f6wenjagd zu suchen \u2013 eine Aktivit\u00e4t, die in den meisten Nationalparks nicht erlaubt ist.<\/p>\n<\/li>\n<li>\n<p data-path-to-node=\"16,3,0\"><strong>L\u00f6wenverfolgung<\/strong><b data-path-to-node=\"16,3,0\" data-index-in-node=\"0\">:<\/b> Unterst\u00fctzen Sie Forscher, indem Sie L\u00f6wen finden, die mit Funkhalsb\u00e4ndern ausgestattet wurden. Es ist eine gro\u00dfartige M\u00f6glichkeit, mehr \u00fcber Pride-Dynamik und Naturschutztechnologie zu lernen. <\/p>\n<\/li>\n<li>\n<p data-path-to-node=\"16,4,0\"><strong>Besuchen Sie Baraka das Schwarze Nashorn<\/strong><b data-path-to-node=\"16,4,0\" data-index-in-node=\"0\">:<\/b> Kommen Sie Baraka ganz nah heran, ein blindes Nashorn, das im Besucherzentrum lebt und als Botschafter seiner Art fungiert. Du kannst ihn sogar von einer Plattform aus f\u00fcttern! <\/p>\n<\/li>\n<li>\n<p data-path-to-node=\"16,5,0\"><strong>Hundesp\u00fcren:<\/strong> <b data-path-to-node=\"16,5,0\" data-index-in-node=\"0\">Besuchen Sie<\/b> die spezialisierte K-9-Einheit, um zu sehen, wie Bluthunde darauf trainiert werden, Wilderer aufzusp\u00fcren \u2013 ein beeindruckender Einblick in die &#8222;Stiefel vor Ort&#8220;-Arbeit im Naturschutz.<\/p>\n<\/li>\n<li>\n<p data-path-to-node=\"16,6,0\"><strong>Junior Ranger Programm<\/strong><b data-path-to-node=\"16,6,0\" data-index-in-node=\"0\">:<\/b> Ein fantastisches interaktives Erlebnis f\u00fcr Kinder, bei dem sie etwas \u00fcber die Wildnis lernen und ein &#8222;Junior Ranger&#8220;-Abzeichen und ein Zertifikat erwerben k\u00f6nnen.<\/p>\n<\/li>\n<\/ul>\n<\/li>\n<\/ul>\n[\/info_list_son][\/info_list_father][\/vc_tta_section][\/vc_tta_tabs][\/vc_column][\/vc_row]\n","protected":false},"excerpt":{"rendered":"<p>[vc_row full_width=&#8220;stretch_row&#8220; gap=&#8220;1&#8243;][vc_column parallax=&#8220;content-moving&#8220; parallax_image=&#8220;8553&#8243; parallax_speed_bg=&#8220;1.9&#8243; css=&#8220;.vc_custom_1767613736317{padding-top: 80px !important;padding-right: 80px !important;padding-bottom: 80px !important;padding-left: 80px !important;}&#8220;][vc_custom_heading text=&#8220;Olpejeta Naturschutzgebiet&#8220; font_container=&#8220;tag:h1|font_size:32|text_align:left|color:%23ffffff&#8220; google_fonts=&#8220;font_family:Quicksand%3A300%2Cregular%2C700|font_style:400%20regular%3A400%3Anormal&#8220;][vc_separator color=&#8220;custom&#8220; align=&#8220;align_left&#8220; border_width=&#8220;2&#8243; el_width=&#8220;20&#8243; accent_color=&#8220;#f8f8f8&#8243;][vc_custom_heading text=&#8220;Kenia&#8220; font_container=&#8220;tag:h2|font_size:18|text_align:left|color:%23ffffff&#8220; google_fonts=&#8220;font_family:Roboto%3A100%2C100italic%2C300%2C300italic%2Cregular%2Citalic%2C500%2C500italic%2C700%2C700italic%2C900%2C900italic|font_style:400%20regular%3A400%3Anormal&#8220;][\/vc_column][\/vc_row][vc_row][vc_column css=&#8220;.vc_custom_1673438873315{border-top-width: 10px !important;border-right-width: 10px !important;border-bottom-width: 10px !important;border-left-width: 10px !important;}&#8220;][vc_tta_tabs shape=&#8220;square&#8220; color=&#8220;juicy-pink&#8220; alignment=&#8220;center&#8220; active_section=&#8220;1&#8243; no_fill_content_area=&#8220;true&#8220;][vc_tta_section title=&#8220;\u00dcberblick&#8220; tab_id=&#8220;1633454673222-3d94f956-010c&#8220;][info_list_father listclr=&#8220;#f8f8f8&#8243;][info_list_son style=&#8220;icon&#8220; size=&#8220;20&#8243; width=&#8220;30&#8243; height=&#8220;20&#8243; titleclr=&#8220;#890000&#8243; icon=&#8220;fas fa-map-marked&#8220; iconclr=&#8220;#890000&#8243; iconbg=&#8220;#f8f8f8&#8243; borderclr=&#8220;#f8f8f8&#8243; title=&#8220;A [&hellip;]<\/p>\n","protected":false},"author":2,"featured_media":0,"parent":27929,"menu_order":3,"comment_status":"closed","ping_status":"closed","template":"","meta":{"_themeisle_gutenberg_block_has_review":false,"footnotes":""},"class_list":["post-42404","page","type-page","status-publish","hentry"],"_links":{"self":[{"href":"https:\/\/mufasatoursandtravels.com\/de\/wp-json\/wp\/v2\/pages\/42404","targetHints":{"allow":["GET"]}}],"collection":[{"href":"https:\/\/mufasatoursandtravels.com\/de\/wp-json\/wp\/v2\/pages"}],"about":[{"href":"https:\/\/mufasatoursandtravels.com\/de\/wp-json\/wp\/v2\/types\/page"}],"author":[{"embeddable":true,"href":"https:\/\/mufasatoursandtravels.com\/de\/wp-json\/wp\/v2\/users\/2"}],"replies":[{"embeddable":true,"href":"https:\/\/mufasatoursandtravels.com\/de\/wp-json\/wp\/v2\/comments?post=42404"}],"version-history":[{"count":3,"href":"https:\/\/mufasatoursandtravels.com\/de\/wp-json\/wp\/v2\/pages\/42404\/revisions"}],"predecessor-version":[{"id":42492,"href":"https:\/\/mufasatoursandtravels.com\/de\/wp-json\/wp\/v2\/pages\/42404\/revisions\/42492"}],"up":[{"embeddable":true,"href":"https:\/\/mufasatoursandtravels.com\/de\/wp-json\/wp\/v2\/pages\/27929"}],"wp:attachment":[{"href":"https:\/\/mufasatoursandtravels.com\/de\/wp-json\/wp\/v2\/media?parent=42404"}],"curies":[{"name":"wp","href":"https:\/\/api.w.org\/{rel}","templated":true}]}}