{"id":42527,"date":"2026-01-06T10:32:42","date_gmt":"2026-01-06T07:32:42","guid":{"rendered":"https:\/\/mufasatoursandtravels.com\/flugziele\/hoellentor-nationalpaek\/"},"modified":"2026-01-07T12:50:15","modified_gmt":"2026-01-07T09:50:15","slug":"hoellentor-nationalpaek","status":"publish","type":"page","link":"https:\/\/mufasatoursandtravels.com\/de\/flugziele\/hoellentor-nationalpaek\/","title":{"rendered":"Hell&#8217;s Gate Nationalpark"},"content":{"rendered":"[vc_row full_width=&#8220;stretch_row&#8220; gap=&#8220;1&#8243;][vc_column parallax=&#8220;content-moving&#8220; parallax_image=&#8220;29562&#8243; parallax_speed_bg=&#8220;2.5&#8243; css=&#8220;.vc_custom_1767687141369{padding-top: 80px !important;padding-right: 80px !important;padding-bottom: 80px !important;padding-left: 80px !important;}&#8220;][vc_custom_heading text=&#8220;Hell&apos;s Gate Nationalpark&#8220; font_container=&#8220;tag:h1|font_size:32|text_align:left|color:%23ffffff&#8220; google_fonts=&#8220;font_family:Quicksand%3A300%2Cregular%2C700|font_style:400%20regular%3A400%3Anormal&#8220;][vc_separator color=&#8220;custom&#8220; align=&#8220;align_left&#8220; border_width=&#8220;2&#8243; el_width=&#8220;20&#8243; accent_color=&#8220;#f8f8f8&#8243;][vc_custom_heading text=&#8220;Kenia&#8220; font_container=&#8220;tag:h2|font_size:18|text_align:left|color:%23ffffff&#8220; google_fonts=&#8220;font_family:Roboto%3A100%2C100italic%2C300%2C300italic%2Cregular%2Citalic%2C500%2C500italic%2C700%2C700italic%2C900%2C900italic|font_style:400%20regular%3A400%3Anormal&#8220;][\/vc_column][\/vc_row][vc_row][vc_column css=&#8220;.vc_custom_1673438873315{border-top-width: 10px !important;border-right-width: 10px !important;border-bottom-width: 10px !important;border-left-width: 10px !important;}&#8220;][vc_tta_tabs shape=&#8220;square&#8220; color=&#8220;juicy-pink&#8220; alignment=&#8220;center&#8220; active_section=&#8220;1&#8243; no_fill_content_area=&#8220;true&#8220;][vc_tta_section title=&#8220;\u00dcberblick&#8220; tab_id=&#8220;1633454673222-3d94f956-010c&#8220;][info_list_father listclr=&#8220;#f8f8f8&#8243;][info_list_son style=&#8220;icon&#8220; size=&#8220;20&#8243; width=&#8220;30&#8243; height=&#8220;20&#8243; titleclr=&#8220;#890000&#8243; icon=&#8220;fas fa-map-marked&#8220; iconclr=&#8220;#890000&#8243; iconbg=&#8220;#f8f8f8&#8243; borderclr=&#8220;#f8f8f8&#8243; title=&#8220;A walk on the wild side&#8220; caption_url=&#8220;&#8220;]\n<p data-path-to-node=\"5\">Hell\u2019s Gate National Park is one of the most atmospheric and unique safari destinations in Kenya. Located in the Great Rift Valley near Lake Naivasha, it is named for the intense geothermal activity within its boundaries. Characterized by towering cliffs, water-gouged gorges, and stark volcanic pillars, this park famously served as the inspiration for the landscapes in Disney\u2019s <i data-path-to-node=\"5\" data-index-in-node=\"415\">The Lion King<\/i> and <i data-path-to-node=\"5\" data-index-in-node=\"433\">Lara Croft: Tomb Raider<\/i>.<\/p>\n[\/info_list_son][info_list_son style=&#8220;icon&#8220; size=&#8220;20&#8243; width=&#8220;30&#8243; height=&#8220;20&#8243; titleclr=&#8220;#890000&#8243; icon=&#8220;fas fa-route&#8220; iconclr=&#8220;#890000&#8243; iconbg=&#8220;#f8f8f8&#8243; borderclr=&#8220;#f8f8f8&#8243; title=&#8220;What to expect&#8220; caption_url=&#8220;&#8220;]\n<ul>\n<li style=\"list-style-type: none;\">\n<ul>\n<li data-path-to-node=\"6,0,0\"><strong>The &#8222;No-Vehicle&#8220; Advantage<\/strong><b data-path-to-node=\"6,0,0\" data-index-in-node=\"0\">:<\/b> Hell\u2019s Gate is one of the very few national parks in East Africa where you can hike, cycle, and rock climb freely among wildlife.<\/li>\n<li>\n<p data-path-to-node=\"6,1,0\"><strong>The Wildlife<\/strong><b data-path-to-node=\"6,1,0\" data-index-in-node=\"0\">:<\/b> While there are no large predators (making it safe for walking), you will encounter herds of Plains Zebra, Giraffe, Buffalo, Eland, and Hartebeest. It is also a global hotspot for cliff-nesting raptors, including the rare Lammergeier vulture.<\/p>\n<\/li>\n<li>\n<p data-path-to-node=\"6,2,0\"><strong>Geological Wonders<\/strong><b data-path-to-node=\"6,2,0\" data-index-in-node=\"0\">:<\/b> Explore a landscape shaped by ancient volcanic eruptions, featuring hissing steam vents and the dramatic Ol Njorowa Gorge.<\/p>\n<\/li>\n<\/ul>\n<\/li>\n<\/ul>\n[\/info_list_son][info_list_son style=&#8220;icon&#8220; size=&#8220;20&#8243; width=&#8220;30&#8243; height=&#8220;20&#8243; titleclr=&#8220;#890000&#8243; icon=&#8220;far fa-check-circle&#8220; iconclr=&#8220;#890000&#8243; iconbg=&#8220;#f8f8f8&#8243; borderclr=&#8220;#f8f8f8&#8243; title=&#8220;Best time to visit&#8220; caption_url=&#8220;&#8220;]\n<p data-path-to-node=\"6,2,0\">Best for day trips or en-routes, you can have a hiking or cycling sessions as the gorge trails are dry and safe.<\/p>\n[\/info_list_son][\/info_list_father][vc_btn title=&#8220;Holen Sie sich ein Angebot an&#8220; style=&#8220;outline-custom&#8220; outline_custom_color=&#8220;#890000&#8243; outline_custom_hover_background=&#8220;#890000&#8243; outline_custom_hover_text=&#8220;#ffffff&#8220; shape=&#8220;square&#8220; size=&#8220;sm&#8220; align=&#8220;center&#8220; i_align=&#8220;right&#8220; i_icon_fontawesome=&#8220;fas fa-angle-right&#8220; add_icon=&#8220;true&#8220; link=&#8220;url:https%3A%2F%2Fmufasatoursandtravels.com%2Fde%2Fangebot-anfordern%2F|title:Angebot%20anfordern|&#8220;][\/vc_tta_section][vc_tta_section title=&#8220;Unterkunft&#8220; tab_id=&#8220;1633455601016-f93699bc-5d92&#8243;][vc_row_inner css=&#8220;.vc_custom_1767685292219{padding: 10px !important;}&#8220;][vc_column_inner el_class=&#8220;custom-height&#8220; offset=&#8220;vc_hidden-md vc_hidden-sm vc_hidden-xs&#8220;][ucaddon_uc_side_carousel_content image=&#8220;29574&#8243; title=&#8220;Enashipai Resort &amp; Spa&#8220; btn_text=&#8220;View Accomodation&#8220; link=&#8220;http:\/\/www.enashipai.com\/&#8220; uc_init_settings=&#8220;&#8220; uc_fonts_data=&#8220;JTdCJTdE&#8220;]QSUyMHdvcmxkLWNsYXNzJTIwbHV4dXJ5JTIwcmVzb3J0JTIwa25vd24lMjBmb3IlMjBpdHMlMjBhd2FyZC13aW5uaW5nJTIwc3BhJTIwYW5kJTIwbHVzaCUyMGdyb3VuZHMlRTIlODAlOTRwZXJmZWN0JTIwZm9yJTIwcmVsYXhpbmclMjBhZnRlciUyMGElMjBkYXklMjBvZiUyMGhpa2luZy4=[\/ucaddon_uc_side_carousel_content][\/vc_column_inner][\/vc_row_inner][vc_row_inner css=&#8220;.vc_custom_1767685305970{padding: 10px !important;}&#8220;][vc_column_inner el_class=&#8220;custom-height&#8220; offset=&#8220;vc_hidden-md vc_hidden-sm vc_hidden-xs&#8220;][ucaddon_uc_side_carousel_content image=&#8220;42536&#8243; title=&#8220;Lake Naivasha Country Club&#8220; btn_text=&#8220;View Accomodation&#8220; link=&#8220;https:\/\/www.muthuhotelsmgm.com\/muthu-lake-naivasha-country-club-kenya-hotel.html&#8220; uc_init_settings=&#8220;&#8220; uc_fonts_data=&#8220;JTdCJTdE&#8220;]T25lJTIwb2YlMjB0aGUlMjBvbGRlc3QlMjBhbmQlMjBtb3N0JTIwY2hhcm1pbmclMjBwcm9wZXJ0aWVzJTIwaW4lMjB0aGUlMjByZWdpb24lMkMlMjBmZWF0dXJpbmclMjBleHBhbnNpdmUlMjBnYXJkZW5zJTIwYW5kJTIwYSUyMGNvbG9uaWFsLWVyYSUyMGF0bW9zcGhlcmUu[\/ucaddon_uc_side_carousel_content][\/vc_column_inner][\/vc_row_inner][vc_row_inner css=&#8220;.vc_custom_1767685305970{padding: 10px !important;}&#8220;][vc_column_inner el_class=&#8220;custom-height&#8220; offset=&#8220;vc_hidden-md vc_hidden-sm vc_hidden-xs&#8220;][ucaddon_uc_side_carousel_content image=&#8220;29616&#8243; title=&#8220;Naivasha kongoni Lodge&#8220; btn_text=&#8220;View Accomodation&#8220; link=&#8220;https:\/\/naivashakongonilodge.com\/&#8220; uc_init_settings=&#8220;&#8220; uc_fonts_data=&#8220;JTdCJTdE&#8220;]RW5ndWxmJTIweW91cnNlbGYlMjBpbiUyMG5hdHVyZSUyMGFuZCUyMGVuam95JTIwdGhlJTIwbW9zdCUyMHNlcmVuZSUyMGVzY2FwZSUyMHdpdGglMjBicmVhdGh0YWtpbmclMjB2aWV3cyUyMG9mJTIwTGFrZSUyME9sb2lkZW4lMjBhbmQlMjB0aGUlMjBwYXJrJTI3cyUyMHZvbGNhbmljJTIwbGFuZHNjYXBlLg==[\/ucaddon_uc_side_carousel_content][\/vc_column_inner][\/vc_row_inner][vc_row_inner css=&#8220;.vc_custom_1767685305970{padding: 10px !important;}&#8220;][vc_column_inner el_class=&#8220;custom-height&#8220; offset=&#8220;vc_hidden-lg&#8220;][vc_headings style=&#8220;theme2&#8243; borderclr=&#8220;#890000&#8243; title=&#8220;Enashipai Resort &#038; Spa&#8220; align=&#8220;left&#8220; google_fonts=&#8220;font_family:Quicksand%3A300%2Cregular%2C700|font_style:400%20regular%3A400%3Anormal&#8220; titleclr=&#8220;#000000&#8243; caption_url=&#8220;&#8220; caption_urls=&#8220;&#8220; caption_urlss=&#8220;&#8220; caption_urldesc=&#8220;&#8220;]A world-class luxury resort known for its award-winning spa and lush grounds\u2014perfect for relaxing after a day of hiking.[\/vc_headings][vc_btn title=&#8220;Unterk\u00fcnfte ansehen&#8220; shape=&#8220;square&#8220; color=&#8220;pink&#8220; size=&#8220;sm&#8220; align=&#8220;left&#8220; i_align=&#8220;right&#8220; i_icon_fontawesome=&#8220;fas fa-angle-right&#8220; add_icon=&#8220;true&#8220; link=&#8220;url:https%3A%2F%2Fwww.enashipai.com%2F|&#8220; css=&#8220;.vc_custom_1767686798476{padding-top: 10px !important;padding-right: 10px !important;padding-bottom: 10px !important;}&#8220;][\/vc_column_inner][\/vc_row_inner][vc_row_inner css=&#8220;.vc_custom_1767685305970{padding: 10px !important;}&#8220;][vc_column_inner el_class=&#8220;custom-height&#8220; offset=&#8220;vc_hidden-lg&#8220;][vc_headings style=&#8220;theme2&#8243; borderclr=&#8220;#890000&#8243; title=&#8220;Lake Naivasha Country Club&#8220; align=&#8220;left&#8220; google_fonts=&#8220;font_family:Quicksand%3A300%2Cregular%2C700|font_style:400%20regular%3A400%3Anormal&#8220; titleclr=&#8220;#000000&#8243; caption_url=&#8220;&#8220; caption_urls=&#8220;&#8220; caption_urlss=&#8220;&#8220; caption_urldesc=&#8220;&#8220;]One of the oldest and most charming properties in the region, featuring expansive gardens and a colonial-era atmosphere.[\/vc_headings][vc_btn title=&#8220;Unterk\u00fcnfte ansehen&#8220; shape=&#8220;square&#8220; color=&#8220;pink&#8220; size=&#8220;sm&#8220; align=&#8220;left&#8220; i_align=&#8220;right&#8220; i_icon_fontawesome=&#8220;fas fa-angle-right&#8220; add_icon=&#8220;true&#8220; link=&#8220;url:https%3A%2F%2Fwww.muthuhotelsmgm.com%2Fmuthu-lake-naivasha-country-club-kenya-hotel.html|&#8220; css=&#8220;.vc_custom_1767686872103{padding-top: 10px !important;padding-right: 10px !important;padding-bottom: 10px !important;}&#8220;][\/vc_column_inner][\/vc_row_inner][vc_row_inner css=&#8220;.vc_custom_1767685305970{padding: 10px !important;}&#8220;][vc_column_inner el_class=&#8220;custom-height&#8220; offset=&#8220;vc_hidden-lg&#8220;][vc_headings style=&#8220;theme2&#8243; borderclr=&#8220;#890000&#8243; title=&#8220;Naivasha Kongoni Lodge&#8220; align=&#8220;left&#8220; google_fonts=&#8220;font_family:Quicksand%3A300%2Cregular%2C700|font_style:400%20regular%3A400%3Anormal&#8220; titleclr=&#8220;#000000&#8243; caption_url=&#8220;&#8220; caption_urls=&#8220;&#8220; caption_urlss=&#8220;&#8220; caption_urldesc=&#8220;&#8220;]Engulf yourself in nature and enjoy the most serene escape with breathtaking views of Lake Oloiden and the park&#8217;s volcanic landscape.[\/vc_headings][vc_btn title=&#8220;Unterk\u00fcnfte ansehen&#8220; shape=&#8220;square&#8220; color=&#8220;pink&#8220; size=&#8220;sm&#8220; align=&#8220;left&#8220; i_align=&#8220;right&#8220; i_icon_fontawesome=&#8220;fas fa-angle-right&#8220; add_icon=&#8220;true&#8220; link=&#8220;url:https%3A%2F%2Fnaivashakongonilodge.com%2F|&#8220; css=&#8220;.vc_custom_1767686928420{padding-top: 10px !important;padding-right: 10px !important;padding-bottom: 10px !important;}&#8220;][\/vc_column_inner][\/vc_row_inner][\/vc_tta_section][vc_tta_section title=&#8220;Aktivit\u00e4ten&#8220; tab_id=&#8220;1767601538075-7b6924d3-776e&#8220;][info_list_father listclr=&#8220;#f8f8f8&#8243;][info_list_son style=&#8220;icon&#8220; size=&#8220;0&#8243; width=&#8220;0&#8243; height=&#8220;0&#8243; titleclr=&#8220;#f8f8f8&#8243; iconclr=&#8220;#f8f8f8&#8243; borderclr=&#8220;#f8f8f8&#8243; caption_url=&#8220;&#8220;]\n<p data-path-to-node=\"15\">Adventure Awaits At Hell&#8217;s Gate ist die Reise genauso wichtig wie die Tierwelt. Wir k\u00f6nnen folgende gef\u00fchrte Erlebnisse organisieren: <\/p>\n<ul>\n<li style=\"list-style-type: none;\">\n<ul data-path-to-node=\"16\">\n<li>\n<p data-path-to-node=\"16,0,0\"><strong>Radfahren unter Zebras<\/strong><b data-path-to-node=\"16,0,0\" data-index-in-node=\"0\">:<\/b> Mieten Sie ein Mountainbike am Elsa-Tor und fahren Sie die 8 km lange Stra\u00dfe hinunter zur Schlucht. Es f\u00fchlt sich nicht so an, als neben einem Giraffen-Turm oder einer Gazellenherde zu treten.<\/p>\n<\/li>\n<li>\n<p data-path-to-node=\"16,1,0\"><strong>Wanderung durch die Ol-Njorowa-Schlucht<\/strong><b data-path-to-node=\"16,1,0\" data-index-in-node=\"0\">:<\/b> Steigen Sie hinab in die tiefen, gewundenen Schluchten der unteren Schlucht. Du erkundest enge Slot-Canyons, siehst das &#8222;Devil&#8217;s Bedroom&#8220; und begegnest hei\u00dfen Quellen sowie kleinen Wasserf\u00e4llen.  <i data-path-to-node=\"16,1,0\" data-index-in-node=\"199\">(Ben\u00f6tigt einen lokalen Maasai-Guide zur Sicherheit).<\/i><\/p>\n<\/li>\n<li>\n<p data-path-to-node=\"16,2,0\"><strong>Klettern am Fischer&#8217;s Tower<\/strong><b data-path-to-node=\"16,2,0\" data-index-in-node=\"0\">:<\/b> Testen Sie Ihre Nerven mit diesem 25 Meter langen Vulkanstopfen. Es ist ein beliebter Ort sowohl f\u00fcr Anf\u00e4nger als auch f\u00fcr erfahrene Bergsteiger und bietet von oben aus einen Panoramablick auf den Park.<\/p>\n<\/li>\n<li>\n<p data-path-to-node=\"16,3,0\"><strong>Olkaria Geothermal Spa:<\/strong><b data-path-to-node=\"16,3,0\" data-index-in-node=\"0\"> Nach einer langen Wanderung tauchen Sie Ihre Muskeln in das nat\u00fcrlich beheizte, mineralreiche t\u00fcrkisfarbene Wasser des Olkaria Spa \u2013 des gr\u00f6\u00dften nat\u00fcrlichen Spas Afrikas.<\/b><\/p>\n<\/li>\n<li>\n<p data-path-to-node=\"16,4,0\"><strong>Fotografie &amp; Vogelbeobachtung<\/strong><b data-path-to-node=\"16,4,0\" data-index-in-node=\"0\">:<\/b> Fangen Sie die &#8222;Schauspiele der Schlucht&#8220; ein und nutzen Sie das Vogelversteck im Mervyn Carnelley Raptor-Versteck, um Geier und Adler aus n\u00e4chster N\u00e4he zu beobachten.<\/p>\n<\/li>\n<li>\n<p data-path-to-node=\"16,5,0\"><strong>Besuchen Sie das Maasai-Kulturzentrum<\/strong><b data-path-to-node=\"16,5,0\" data-index-in-node=\"0\">:<\/b> In der N\u00e4he des Eingangs finden Sie mehr \u00fcber die Traditionen, die Perlenarbeit und die Geschichte der lokalen Maasai-Gemeinschaft, die seit Jahrhunderten mit dieser Landschaft koexistiert.<\/p>\n<\/li>\n<\/ul>\n<\/li>\n<\/ul>\n[\/info_list_son][\/info_list_father][\/vc_tta_section][\/vc_tta_tabs][\/vc_column][\/vc_row]\n","protected":false},"excerpt":{"rendered":"<p>[vc_row full_width=&#8220;stretch_row&#8220; gap=&#8220;1&#8243;][vc_column parallax=&#8220;content-moving&#8220; parallax_image=&#8220;29562&#8243; parallax_speed_bg=&#8220;2.5&#8243; css=&#8220;.vc_custom_1767687141369{padding-top: 80px !important;padding-right: 80px !important;padding-bottom: 80px !important;padding-left: 80px !important;}&#8220;][vc_custom_heading text=&#8220;Hell&apos;s Gate Nationalpark&#8220; font_container=&#8220;tag:h1|font_size:32|text_align:left|color:%23ffffff&#8220; google_fonts=&#8220;font_family:Quicksand%3A300%2Cregular%2C700|font_style:400%20regular%3A400%3Anormal&#8220;][vc_separator color=&#8220;custom&#8220; align=&#8220;align_left&#8220; border_width=&#8220;2&#8243; el_width=&#8220;20&#8243; accent_color=&#8220;#f8f8f8&#8243;][vc_custom_heading text=&#8220;Kenia&#8220; font_container=&#8220;tag:h2|font_size:18|text_align:left|color:%23ffffff&#8220; google_fonts=&#8220;font_family:Roboto%3A100%2C100italic%2C300%2C300italic%2Cregular%2Citalic%2C500%2C500italic%2C700%2C700italic%2C900%2C900italic|font_style:400%20regular%3A400%3Anormal&#8220;][\/vc_column][\/vc_row][vc_row][vc_column css=&#8220;.vc_custom_1673438873315{border-top-width: 10px !important;border-right-width: 10px !important;border-bottom-width: 10px !important;border-left-width: 10px !important;}&#8220;][vc_tta_tabs shape=&#8220;square&#8220; color=&#8220;juicy-pink&#8220; alignment=&#8220;center&#8220; active_section=&#8220;1&#8243; no_fill_content_area=&#8220;true&#8220;][vc_tta_section title=&#8220;\u00dcberblick&#8220; tab_id=&#8220;1633454673222-3d94f956-010c&#8220;][info_list_father listclr=&#8220;#f8f8f8&#8243;][info_list_son style=&#8220;icon&#8220; size=&#8220;20&#8243; width=&#8220;30&#8243; height=&#8220;20&#8243; titleclr=&#8220;#890000&#8243; icon=&#8220;fas fa-map-marked&#8220; iconclr=&#8220;#890000&#8243; iconbg=&#8220;#f8f8f8&#8243; borderclr=&#8220;#f8f8f8&#8243; [&hellip;]<\/p>\n","protected":false},"author":2,"featured_media":0,"parent":27929,"menu_order":4,"comment_status":"closed","ping_status":"closed","template":"","meta":{"_themeisle_gutenberg_block_has_review":false,"footnotes":""},"class_list":["post-42527","page","type-page","status-publish","hentry"],"_links":{"self":[{"href":"https:\/\/mufasatoursandtravels.com\/de\/wp-json\/wp\/v2\/pages\/42527","targetHints":{"allow":["GET"]}}],"collection":[{"href":"https:\/\/mufasatoursandtravels.com\/de\/wp-json\/wp\/v2\/pages"}],"about":[{"href":"https:\/\/mufasatoursandtravels.com\/de\/wp-json\/wp\/v2\/types\/page"}],"author":[{"embeddable":true,"href":"https:\/\/mufasatoursandtravels.com\/de\/wp-json\/wp\/v2\/users\/2"}],"replies":[{"embeddable":true,"href":"https:\/\/mufasatoursandtravels.com\/de\/wp-json\/wp\/v2\/comments?post=42527"}],"version-history":[{"count":6,"href":"https:\/\/mufasatoursandtravels.com\/de\/wp-json\/wp\/v2\/pages\/42527\/revisions"}],"predecessor-version":[{"id":42715,"href":"https:\/\/mufasatoursandtravels.com\/de\/wp-json\/wp\/v2\/pages\/42527\/revisions\/42715"}],"up":[{"embeddable":true,"href":"https:\/\/mufasatoursandtravels.com\/de\/wp-json\/wp\/v2\/pages\/27929"}],"wp:attachment":[{"href":"https:\/\/mufasatoursandtravels.com\/de\/wp-json\/wp\/v2\/media?parent=42527"}],"curies":[{"name":"wp","href":"https:\/\/api.w.org\/{rel}","templated":true}]}}