{"id":42560,"date":"2026-01-06T11:11:27","date_gmt":"2026-01-06T08:11:27","guid":{"rendered":"https:\/\/mufasatoursandtravels.com\/flugziele\/tsavo-ost-nationalpark-2\/"},"modified":"2026-01-08T09:02:18","modified_gmt":"2026-01-08T06:02:18","slug":"tsavo-ost-nationalpark-2","status":"publish","type":"page","link":"https:\/\/mufasatoursandtravels.com\/de\/flugziele\/tsavo-ost-nationalpark-2\/","title":{"rendered":"Tsavo Ost Nationalpark"},"content":{"rendered":"[vc_row full_width=&#8220;stretch_row&#8220; gap=&#8220;1&#8243;][vc_column parallax=&#8220;content-moving&#8220; parallax_image=&#8220;3523&#8243; parallax_speed_bg=&#8220;1&#8243; css=&#8220;.vc_custom_1767770159261{padding-top: 80px !important;padding-right: 80px !important;padding-bottom: 80px !important;padding-left: 80px !important;}&#8220;][vc_custom_heading text=&#8220;Tsavo Ost Nationalpark&#8220; font_container=&#8220;tag:h1|font_size:32|text_align:left|color:%23ffffff&#8220; google_fonts=&#8220;font_family:Quicksand%3A300%2Cregular%2C700|font_style:400%20regular%3A400%3Anormal&#8220; el_class=&#8220;banner-txt&#8220;][vc_separator color=&#8220;custom&#8220; align=&#8220;align_left&#8220; border_width=&#8220;2&#8243; el_width=&#8220;20&#8243; accent_color=&#8220;#f8f8f8&#8243;][vc_custom_heading text=&#8220;Kenia&#8220; font_container=&#8220;tag:h2|font_size:18|text_align:left|color:%23ffffff&#8220; google_fonts=&#8220;font_family:Roboto%3A100%2C100italic%2C300%2C300italic%2Cregular%2Citalic%2C500%2C500italic%2C700%2C700italic%2C900%2C900italic|font_style:400%20regular%3A400%3Anormal&#8220; el_class=&#8220;banner-txt&#8220;][\/vc_column][\/vc_row][vc_row][vc_column css=&#8220;.vc_custom_1673438873315{border-top-width: 10px !important;border-right-width: 10px !important;border-bottom-width: 10px !important;border-left-width: 10px !important;}&#8220;][vc_tta_tabs shape=&#8220;square&#8220; color=&#8220;juicy-pink&#8220; alignment=&#8220;center&#8220; active_section=&#8220;1&#8243; no_fill_content_area=&#8220;true&#8220;][vc_tta_section title=&#8220;\u00dcberblick&#8220; tab_id=&#8220;1633454673222-3d94f956-010c&#8220;][info_list_father listclr=&#8220;#f8f8f8&#8243;][info_list_son style=&#8220;icon&#8220; size=&#8220;20&#8243; width=&#8220;30&#8243; height=&#8220;20&#8243; titleclr=&#8220;#890000&#8243; icon=&#8220;fas fa-map-marked&#8220; iconclr=&#8220;#890000&#8243; iconbg=&#8220;#f8f8f8&#8243; borderclr=&#8220;#f8f8f8&#8243; title=&#8220;The Theatre of the wild&#8220;]\n<p data-path-to-node=\"5\">Tsavo East is one of the oldest and largest national parks in Kenya, covering a staggering 13,747 square kilometers. Known for its literal &#8222;limitless&#8220; horizons, the park is a land of iron-red dust and ancient baobabs. It offers a raw, off-the-beaten-path safari experience that feels significantly more wild and untamed than the smaller parks of the Rift Valley.<\/p>\n[\/info_list_son][info_list_son style=&#8220;icon&#8220; size=&#8220;20&#8243; width=&#8220;30&#8243; height=&#8220;20&#8243; titleclr=&#8220;#890000&#8243; icon=&#8220;fas fa-route&#8220; iconclr=&#8220;#890000&#8243; iconbg=&#8220;#f8f8f8&#8243; borderclr=&#8220;#f8f8f8&#8243; title=&#8220;What to expect&#8220;]\n<ol>\n<li>\n<p data-path-to-node=\"6,0,0\"><strong>The Famous &#8222;Red Elephants&#8220;<\/strong><b data-path-to-node=\"6,0,0\" data-index-in-node=\"0\">:<\/b> Tsavo East is home to Kenya\u2019s largest elephant population. They are famous for their distinct reddish color, a result of bathing in the park\u2019s red volcanic soil to protect their skin from the sun.<\/p>\n<\/li>\n<li>\n<p data-path-to-node=\"6,1,0\"><strong>The Legend of the Man-Eaters<\/strong><b data-path-to-node=\"6,1,0\" data-index-in-node=\"0\">:<\/b> The park is steeped in history, most notably the &#8222;Man-Eaters of Tsavo&#8220;\u2014a pair of lions that terrorized railway workers in the late 1890s. Today, its lion prides remain a major draw.<\/p>\n<\/li>\n<li>\n<p data-path-to-node=\"6,2,0\"><strong>Unique Geography<\/strong><b data-path-to-node=\"6,2,0\" data-index-in-node=\"0\">:<\/b> Featuring the <b data-path-to-node=\"6,2,0\" data-index-in-node=\"32\">Yatta Plateau<\/b> (the world\u2019s longest lava flow) and the life-giving <b data-path-to-node=\"6,2,0\" data-index-in-node=\"98\">Galana River<\/b>, the landscape is a dramatic backdrop for wildlife photography.<\/p>\n<\/li>\n<\/ol>\n[\/info_list_son][info_list_son style=&#8220;icon&#8220; size=&#8220;20&#8243; width=&#8220;30&#8243; height=&#8220;20&#8243; titleclr=&#8220;#890000&#8243; icon=&#8220;far fa-check-circle&#8220; iconclr=&#8220;#890000&#8243; iconbg=&#8220;#f8f8f8&#8243; borderclr=&#8220;#f8f8f8&#8243; title=&#8220;Seasonal Overview&#8220;]\n<p data-path-to-node=\"6,2,0\">During the dry Season<i data-path-to-node=\"6,2,0\" data-index-in-node=\"22\">,<\/i> animals stay close to the Galana River and waterholes, making sightings very predictable, and on the green season it favors more for birdwatchers ( over 500 species ) and seeing the vast red dust turn into vibrant green plains.<\/p>\n[\/info_list_son][\/info_list_father][vc_btn title=&#8220;Holen Sie sich ein Angebot an&#8220; style=&#8220;outline-custom&#8220; outline_custom_color=&#8220;#890000&#8243; outline_custom_hover_background=&#8220;#890000&#8243; outline_custom_hover_text=&#8220;#ffffff&#8220; shape=&#8220;square&#8220; size=&#8220;sm&#8220; align=&#8220;center&#8220; i_align=&#8220;right&#8220; i_icon_fontawesome=&#8220;fas fa-angle-right&#8220; add_icon=&#8220;true&#8220; link=&#8220;url:https%3A%2F%2Fmufasatoursandtravels.com%2Fde%2Fangebot-anfordern%2F|title:Angebot%20anfordern|&#8220;][\/vc_tta_section][vc_tta_section title=&#8220;Unterkunft&#8220; tab_id=&#8220;1633455601016-f93699bc-5d92&#8243;][vc_row_inner css=&#8220;.vc_custom_1767771228872{padding: 10px !important;}&#8220;][vc_column_inner el_class=&#8220;custom-height&#8220; offset=&#8220;vc_hidden-md vc_hidden-sm vc_hidden-xs&#8220;][ucaddon_uc_side_carousel_content image=&#8220;42585&#8243; title=&#8220;Ashnil Aruba Lodge&#8220; btn_text=&#8220;View Accomodation&#8220; link=&#8220;https:\/\/ashnilhotels.com\/aruba\/&#8220; uc_fonts_data=&#8220;JTdCJTdE&#8220;]V2l0aCUyMGElMjB2YW50YWdlJTIwbG9jYXRpb24lMjBhbmQlMjAlMjBqdXN0JTIwYSUyMGNvdXBsZSUyMG9mJTIwaG91cnMlMjBmcm9tJTIwdGhlJTIwY29hc3QlMjBvZiUyME1vbWJhc2ElMjBhbmQlMjBhYm91dCUyMDUlMjBob3VycyUyMGRyaXZlJTIwZnJvbSUyME5haXJvYmklMjBpdHMlMjclMjBsb2NhdGVkJTIwb24lMjB0aGUlMjBiYW5rcyUyMG9mJTIwQXJ1YmElMjBEYW0lMjB3aGljaCUyMHdhcyUyMGJ1aWx0JTIwaW4lMjAxOTUyJTIwYXMlMjBhJTIwc3BvcnQlMjBmaXNoaW5nJTIwcmVjcmVhdGlvbmFsJTIwcG9pbnQlMjBpbiUyMHRoZSUyMHBhcmsuJTIwU2V2ZXJhbCUyMHdhdGVyaW5nJTIwaG9sZXMlMjBuZWFyYnklMjBhdHRyYWN0JTIwd2lsZGxpZmUlMjBhbmQlMjBzcG90dGluZyUyMGFuaW1hbHMlMjBpcyUyMGVhc3klMjBiZWNhdXNlJTIwdGhlJTIwcGFyayUyMGxpZXMlMjBmbGF0JTIwd2l0aCUyMHNhdmFubmFoJTIwZ3Jhc3NsYW5kLg==[\/ucaddon_uc_side_carousel_content][\/vc_column_inner][\/vc_row_inner][vc_row_inner css=&#8220;.vc_custom_1767771242720{padding: 10px !important;}&#8220;][vc_column_inner el_class=&#8220;custom-height&#8220; offset=&#8220;vc_hidden-md vc_hidden-sm vc_hidden-xs&#8220;][ucaddon_uc_side_carousel_content image=&#8220;42598&#8243; title=&#8220;Satao-Lager&#8220; btn_text=&#8220;View Accomodation&#8220; link=&#8220;https:\/\/sataocamp.com\/&#8220; uc_fonts_data=&#8220;JTdCJTdE&#8220;]QW4lMjBhdXRoZW50aWMlMjAlMjJvdXQlMjBvZiUyMEFmcmljYSUyMiUyMGV4cGVyaWVuY2UlMjB1bmRlciUyMGxhcmdlJTIwdGFtYXJpbmQlMjB0cmVlcy4lMjBUaGUlMjB0ZW50cyUyMGFyZSUyMGFycmFuZ2VkJTIwaW4lMjBhJTIwc2VtaS1jaXJjbGUlMjBhcm91bmQlMjBhJTIwaGlnaGx5JTIwYWN0aXZlJTIwd2F0ZXJob2xlLg==[\/ucaddon_uc_side_carousel_content][\/vc_column_inner][\/vc_row_inner][vc_row_inner css=&#8220;.vc_custom_1767771242720{padding: 10px !important;}&#8220;][vc_column_inner el_class=&#8220;custom-height&#8220; offset=&#8220;vc_hidden-md vc_hidden-sm vc_hidden-xs&#8220;][ucaddon_uc_side_carousel_content image=&#8220;29405&#8243; title=&#8220;Sentrim Tsavo&#8220; btn_text=&#8220;View Accomodation&#8220; link=&#8220;https:\/\/www.sentrim-hotels.com\/sentrim-tsavo.html&#8220; uc_fonts_data=&#8220;JTdCJTdE&#8220;]TG9jYXRlZCUyMG5lYXIlMjB0aGUlMjBWb2klMjBHYXRlJTJDJTIwb2ZmZXJpbmclMjBtb2Rlcm4lMjB0ZW50ZWQlMjByb29tcyUyMHdpdGglMjBlbi1zdWl0ZSUyMGJhdGhyb29tcyUyMGFuZCUyMGElMjByZWxheGVkJTIwYXRtb3NwaGVyZS4=[\/ucaddon_uc_side_carousel_content][\/vc_column_inner][\/vc_row_inner][vc_row_inner css=&#8220;.vc_custom_1767771242720{padding: 10px !important;}&#8220;][vc_column_inner el_class=&#8220;custom-height&#8220; offset=&#8220;vc_hidden-md vc_hidden-sm vc_hidden-xs&#8220;][ucaddon_uc_side_carousel_content image=&#8220;42604&#8243; title=&#8220;Voi Safari Lodge&#8220; btn_text=&#8220;View Accomodation&#8220; link=&#8220;https:\/\/voisafarilodge.com\/&#8220; uc_fonts_data=&#8220;JTdCJTdE&#8220;]U2l0dWF0ZWQlMjByaWdodCUyMGF0JTIwdGhlJTIwZWRnZSUyMG9mJTIwdGhlJTIwcGFyayUyQyUyMGZlYXR1cmluZyUyMGElMjBzcGElMkMlMjBmaW5lJTIwZGluaW5nJTJDJTIwYW5kJTIwdmlld3MlMjBvZiUyMHRoZSUyMGVsZXBoYW50LWZyZXF1ZW50ZWQlMjB3YXRlcmhvbGVzLg==[\/ucaddon_uc_side_carousel_content][\/vc_column_inner][\/vc_row_inner][vc_row_inner css=&#8220;.vc_custom_1767771242720{padding: 10px !important;}&#8220;][vc_column_inner el_class=&#8220;custom-height&#8220; offset=&#8220;vc_hidden-lg&#8220;][vc_headings style=&#8220;theme2&#8243; borderclr=&#8220;#890000&#8243; title=&#8220;Ashnil Aruba&#8220; align=&#8220;left&#8220; google_fonts=&#8220;font_family:Quicksand%3A300%2Cregular%2C700|font_style:400%20regular%3A400%3Anormal&#8220; titleclr=&#8220;#000000&#8243;]With a vantage location and just a couple of hours from the coast of Mombasa and about 5 hours drive from Nairobi its&#8216; located on the banks of Aruba Dam which was built in 1952 as a sport fishing recreational point in the park. Several watering holes nearby attract wildlife and spotting animals is easy because the park lies flat with savannah grassland.[\/vc_headings][vc_btn title=&#8220;Unterk\u00fcnfte ansehen&#8220; style=&#8220;outline-custom&#8220; outline_custom_color=&#8220;#890000&#8243; outline_custom_hover_background=&#8220;#890000&#8243; outline_custom_hover_text=&#8220;#ffffff&#8220; shape=&#8220;square&#8220; size=&#8220;sm&#8220; i_align=&#8220;right&#8220; i_icon_fontawesome=&#8220;fas fa-angle-right&#8220; add_icon=&#8220;true&#8220; css=&#8220;.vc_custom_1767771454960{padding-top: 10px !important;padding-right: 10px !important;padding-bottom: 10px !important;}&#8220;][\/vc_column_inner][\/vc_row_inner][vc_row_inner css=&#8220;.vc_custom_1767771242720{padding: 10px !important;}&#8220;][vc_column_inner el_class=&#8220;custom-height&#8220; offset=&#8220;vc_hidden-lg&#8220;][vc_headings style=&#8220;theme2&#8243; borderclr=&#8220;#890000&#8243; title=&#8220;Satao Camp&#8220; align=&#8220;left&#8220; google_fonts=&#8220;font_family:Quicksand%3A300%2Cregular%2C700|font_style:400%20regular%3A400%3Anormal&#8220; titleclr=&#8220;#000000&#8243;]An authentic &#8222;out of Africa&#8220; experience under large tamarind trees. The tents are arranged in a semi-circle around a highly active waterhole.[\/vc_headings][vc_btn title=&#8220;Unterk\u00fcnfte ansehen&#8220; style=&#8220;outline-custom&#8220; outline_custom_color=&#8220;#890000&#8243; outline_custom_hover_background=&#8220;#890000&#8243; outline_custom_hover_text=&#8220;#ffffff&#8220; shape=&#8220;square&#8220; size=&#8220;sm&#8220; i_align=&#8220;right&#8220; i_icon_fontawesome=&#8220;fas fa-angle-right&#8220; add_icon=&#8220;true&#8220; css=&#8220;.vc_custom_1767772139092{padding-top: 10px !important;padding-right: 10px !important;padding-bottom: 10px !important;}&#8220; link=&#8220;url:https%3A%2F%2Fsataocamp.com%2F|&#8220;][\/vc_column_inner][\/vc_row_inner][vc_row_inner css=&#8220;.vc_custom_1767771242720{padding: 10px !important;}&#8220;][vc_column_inner el_class=&#8220;custom-height&#8220; offset=&#8220;vc_hidden-lg&#8220;][vc_headings style=&#8220;theme2&#8243; borderclr=&#8220;#890000&#8243; title=&#8220;Sentrim Tsavo&#8220; align=&#8220;left&#8220; google_fonts=&#8220;font_family:Quicksand%3A300%2Cregular%2C700|font_style:400%20regular%3A400%3Anormal&#8220; titleclr=&#8220;#000000&#8243;]Located near the Voi Gate, offering modern tented rooms with en-suite bathrooms and a relaxed atmosphere.[\/vc_headings][vc_btn title=&#8220;Unterk\u00fcnfte ansehen&#8220; style=&#8220;outline-custom&#8220; outline_custom_color=&#8220;#890000&#8243; outline_custom_hover_background=&#8220;#890000&#8243; outline_custom_hover_text=&#8220;#ffffff&#8220; shape=&#8220;square&#8220; size=&#8220;sm&#8220; i_align=&#8220;right&#8220; i_icon_fontawesome=&#8220;fas fa-angle-right&#8220; add_icon=&#8220;true&#8220; css=&#8220;.vc_custom_1767772225537{padding-top: 10px !important;padding-right: 10px !important;padding-bottom: 10px !important;}&#8220; link=&#8220;url:https%3A%2F%2Fwww.sentrim-hotels.com%2Fsentrim-tsavo.html|&#8220;][\/vc_column_inner][\/vc_row_inner][vc_row_inner css=&#8220;.vc_custom_1767771242720{padding: 10px !important;}&#8220;][vc_column_inner el_class=&#8220;custom-height&#8220; offset=&#8220;vc_hidden-lg&#8220;][vc_headings style=&#8220;theme2&#8243; borderclr=&#8220;#890000&#8243; title=&#8220;Voi Safari Lodge&#8220; align=&#8220;left&#8220; google_fonts=&#8220;font_family:Quicksand%3A300%2Cregular%2C700|font_style:400%20regular%3A400%3Anormal&#8220; titleclr=&#8220;#000000&#8243;]Situated right at the edge of the park, featuring a spa, fine dining, and views of the elephant-frequented waterholes.[\/vc_headings][vc_btn title=&#8220;Unterk\u00fcnfte ansehen&#8220; style=&#8220;outline-custom&#8220; outline_custom_color=&#8220;#890000&#8243; outline_custom_hover_background=&#8220;#890000&#8243; outline_custom_hover_text=&#8220;#ffffff&#8220; shape=&#8220;square&#8220; size=&#8220;sm&#8220; i_align=&#8220;right&#8220; i_icon_fontawesome=&#8220;fas fa-angle-right&#8220; add_icon=&#8220;true&#8220; css=&#8220;.vc_custom_1767772282871{padding-top: 10px !important;padding-right: 10px !important;padding-bottom: 10px !important;}&#8220; link=&#8220;url:https%3A%2F%2Fvoisafarilodge.com%2F|&#8220;][\/vc_column_inner][\/vc_row_inner][\/vc_tta_section][vc_tta_section title=&#8220;Aktivit\u00e4ten&#8220; tab_id=&#8220;1767601538075-7b6924d3-776e&#8220;][info_list_father listclr=&#8220;#f8f8f8&#8243;][info_list_son style=&#8220;icon&#8220; size=&#8220;0&#8243; width=&#8220;0&#8243; height=&#8220;0&#8243; titleclr=&#8220;#f8f8f8&#8243; iconclr=&#8220;#f8f8f8&#8243; borderclr=&#8220;#f8f8f8&#8243;]\n<ul>\n<li>\n<p data-path-to-node=\"16,0,0\"><strong>Suchen Sie nach den &#8222;Big Five&#8220;<\/strong><b data-path-to-node=\"16,0,0\" data-index-in-node=\"0\">:<\/b> Unsere Expertenleitf\u00e4den sind darauf spezialisiert, die &#8222;Big Five&#8220; zu verfolgen. Achten Sie auf L\u00f6wen im Buschland, Leoparden in den Flussb\u00e4umen und die riesigen Herden von B\u00fcffeln und roten Elefanten. <\/p>\n<\/li>\n<li>\n<p data-path-to-node=\"16,1,0\"><strong>Besuchen Sie die Lugard Falls<\/strong><b data-path-to-node=\"16,1,0\" data-index-in-node=\"0\">:<\/b> Folgen Sie dem Galana River zu diesen dramatischen Stromschnellen, in denen das Wasser \u00fcber Jahrhunderte unglaubliche Formen in den Felsen gegraben hat. Es ist ein idealer Ort f\u00fcr einen gef\u00fchrten Spaziergang und das Krokodilsp\u00e4hten. <\/p>\n<\/li>\n<li>\n<p data-path-to-node=\"16,2,0\"><strong>Der Mudanda-Felsen<\/strong><b data-path-to-node=\"16,2,0\" data-index-in-node=\"0\">:<\/b> Dieser 1,6 km lange Inselberg dient als nat\u00fcrliches Wasserauffang. Von oben aus kann man auf einen massiven nat\u00fcrlichen Damm hinabblicken und Hunderte von Elefanten gleichzeitig zum Trinken beobachten. <\/p>\n<\/li>\n<li>\n<p data-path-to-node=\"16,3,0\"><strong>Vogelbeobachtung<\/strong><b data-path-to-node=\"16,3,0\" data-index-in-node=\"0\">:<\/b> Mit \u00fcber 500 erfassten Arten, darunter Strau\u00dfe, Turmfalken und Bussarde, ist Tsavo East ein Paradies f\u00fcr Ornithologen, besonders w\u00e4hrend der Zugmonate.<\/p>\n<\/li>\n<li>\n<p data-path-to-node=\"16,4,0\"><strong>Das Yatta-Plateau<\/strong><b data-path-to-node=\"16,4,0\" data-index-in-node=\"0\">:<\/b> Fahren Sie entlang des l\u00e4ngsten Lavastroms der Welt. Dieser 290 km lange Grat ist ein geologisches Wunder und bietet eine atemberaubende Silhouette vor dem afrikanischen Sonnenuntergang. <\/p>\n<\/li>\n<li>\n<p data-path-to-node=\"16,5,0\"><strong>Aruba-Damm-Exkursion<\/strong><b data-path-to-node=\"16,5,0\" data-index-in-node=\"0\">:<\/b> Besuchen Sie dieses von Menschenhand geschaffene Wunder, das Tausende von Tieren und Wasserv\u00f6geln anzieht und einige der best\u00e4ndigsten Tierbeobachtungen im Park bietet.<\/p>\n<\/li>\n<\/ul>\n[\/info_list_son][\/info_list_father][\/vc_tta_section][\/vc_tta_tabs][\/vc_column][\/vc_row]\n","protected":false},"excerpt":{"rendered":"<p>[vc_row full_width=&#8220;stretch_row&#8220; gap=&#8220;1&#8243;][vc_column parallax=&#8220;content-moving&#8220; parallax_image=&#8220;3523&#8243; parallax_speed_bg=&#8220;1&#8243; css=&#8220;.vc_custom_1767770159261{padding-top: 80px !important;padding-right: 80px !important;padding-bottom: 80px !important;padding-left: 80px !important;}&#8220;][vc_custom_heading text=&#8220;Tsavo Ost Nationalpark&#8220; font_container=&#8220;tag:h1|font_size:32|text_align:left|color:%23ffffff&#8220; google_fonts=&#8220;font_family:Quicksand%3A300%2Cregular%2C700|font_style:400%20regular%3A400%3Anormal&#8220; el_class=&#8220;banner-txt&#8220;][vc_separator color=&#8220;custom&#8220; align=&#8220;align_left&#8220; border_width=&#8220;2&#8243; el_width=&#8220;20&#8243; accent_color=&#8220;#f8f8f8&#8243;][vc_custom_heading text=&#8220;Kenia&#8220; font_container=&#8220;tag:h2|font_size:18|text_align:left|color:%23ffffff&#8220; google_fonts=&#8220;font_family:Roboto%3A100%2C100italic%2C300%2C300italic%2Cregular%2Citalic%2C500%2C500italic%2C700%2C700italic%2C900%2C900italic|font_style:400%20regular%3A400%3Anormal&#8220; el_class=&#8220;banner-txt&#8220;][\/vc_column][\/vc_row][vc_row][vc_column css=&#8220;.vc_custom_1673438873315{border-top-width: 10px !important;border-right-width: 10px !important;border-bottom-width: 10px !important;border-left-width: 10px !important;}&#8220;][vc_tta_tabs shape=&#8220;square&#8220; color=&#8220;juicy-pink&#8220; alignment=&#8220;center&#8220; active_section=&#8220;1&#8243; no_fill_content_area=&#8220;true&#8220;][vc_tta_section title=&#8220;\u00dcberblick&#8220; tab_id=&#8220;1633454673222-3d94f956-010c&#8220;][info_list_father listclr=&#8220;#f8f8f8&#8243;][info_list_son style=&#8220;icon&#8220; size=&#8220;20&#8243; width=&#8220;30&#8243; height=&#8220;20&#8243; titleclr=&#8220;#890000&#8243; icon=&#8220;fas fa-map-marked&#8220; iconclr=&#8220;#890000&#8243; [&hellip;]<\/p>\n","protected":false},"author":2,"featured_media":0,"parent":27929,"menu_order":5,"comment_status":"closed","ping_status":"closed","template":"","meta":{"_themeisle_gutenberg_block_has_review":false,"footnotes":""},"class_list":["post-42560","page","type-page","status-publish","hentry"],"_links":{"self":[{"href":"https:\/\/mufasatoursandtravels.com\/de\/wp-json\/wp\/v2\/pages\/42560","targetHints":{"allow":["GET"]}}],"collection":[{"href":"https:\/\/mufasatoursandtravels.com\/de\/wp-json\/wp\/v2\/pages"}],"about":[{"href":"https:\/\/mufasatoursandtravels.com\/de\/wp-json\/wp\/v2\/types\/page"}],"author":[{"embeddable":true,"href":"https:\/\/mufasatoursandtravels.com\/de\/wp-json\/wp\/v2\/users\/2"}],"replies":[{"embeddable":true,"href":"https:\/\/mufasatoursandtravels.com\/de\/wp-json\/wp\/v2\/comments?post=42560"}],"version-history":[{"count":6,"href":"https:\/\/mufasatoursandtravels.com\/de\/wp-json\/wp\/v2\/pages\/42560\/revisions"}],"predecessor-version":[{"id":42781,"href":"https:\/\/mufasatoursandtravels.com\/de\/wp-json\/wp\/v2\/pages\/42560\/revisions\/42781"}],"up":[{"embeddable":true,"href":"https:\/\/mufasatoursandtravels.com\/de\/wp-json\/wp\/v2\/pages\/27929"}],"wp:attachment":[{"href":"https:\/\/mufasatoursandtravels.com\/de\/wp-json\/wp\/v2\/media?parent=42560"}],"curies":[{"name":"wp","href":"https:\/\/api.w.org\/{rel}","templated":true}]}}