{"id":42693,"date":"2026-01-07T12:16:17","date_gmt":"2026-01-07T09:16:17","guid":{"rendered":"https:\/\/mufasatoursandtravels.com\/flugziele\/der-naivasha-see-2\/"},"modified":"2026-01-08T09:02:44","modified_gmt":"2026-01-08T06:02:44","slug":"der-naivasha-see-2","status":"publish","type":"page","link":"https:\/\/mufasatoursandtravels.com\/de\/flugziele\/der-naivasha-see-2\/","title":{"rendered":"Der Naivasha-See"},"content":{"rendered":"[vc_row full_width=&#8220;stretch_row&#8220; gap=&#8220;1&#8243;][vc_column parallax=&#8220;content-moving&#8220; parallax_image=&#8220;29592&#8243; parallax_speed_bg=&#8220;2&#8243; css=&#8220;.vc_custom_1767777819606{padding-top: 80px !important;padding-right: 80px !important;padding-bottom: 80px !important;padding-left: 80px !important;}&#8220;][vc_custom_heading text=&#8220;Der Naivasha-See&#8220; font_container=&#8220;tag:h1|font_size:32|text_align:left|color:%23ffffff&#8220; google_fonts=&#8220;font_family:Quicksand%3A300%2Cregular%2C700|font_style:400%20regular%3A400%3Anormal&#8220; el_class=&#8220;banner-txt&#8220;][vc_separator color=&#8220;custom&#8220; align=&#8220;align_left&#8220; border_width=&#8220;2&#8243; el_width=&#8220;20&#8243; accent_color=&#8220;#f8f8f8&#8243;][vc_custom_heading text=&#8220;Kenia&#8220; font_container=&#8220;tag:h2|font_size:18|text_align:left|color:%23ffffff&#8220; google_fonts=&#8220;font_family:Quicksand%3A300%2Cregular%2C700|font_style:400%20regular%3A400%3Anormal&#8220; el_class=&#8220;banner-txt&#8220;][\/vc_column][\/vc_row][vc_row][vc_column css=&#8220;.vc_custom_1673438873315{border-top-width: 10px !important;border-right-width: 10px !important;border-bottom-width: 10px !important;border-left-width: 10px !important;}&#8220;][vc_tta_tabs shape=&#8220;square&#8220; color=&#8220;juicy-pink&#8220; alignment=&#8220;center&#8220; active_section=&#8220;1&#8243; no_fill_content_area=&#8220;true&#8220;][vc_tta_section title=&#8220;\u00dcberblick&#8220; tab_id=&#8220;1633454673222-3d94f956-010c&#8220;][info_list_father listclr=&#8220;#f8f8f8&#8243;][info_list_son style=&#8220;icon&#8220; size=&#8220;20&#8243; width=&#8220;30&#8243; height=&#8220;20&#8243; titleclr=&#8220;#890000&#8243; icon=&#8220;fas fa-map-marked&#8220; iconclr=&#8220;#890000&#8243; iconbg=&#8220;#f8f8f8&#8243; borderclr=&#8220;#f8f8f8&#8243; title=&#8220;The Jewel of The Great Rift Valley&#8220;]\n<p data-path-to-node=\"5\">At an elevation of 1,884 meters, Lake Naivasha is the highest of the Rift Valley lakes and one of its few freshwater sanctuaries. Fringed by yellow-barked fever trees and vast papyrus swamps, the lake is a world-class birding destination and home to a massive population of over 1,500 hippos. Its name derives from the Maasai word <i data-path-to-node=\"5\" data-index-in-node=\"376\">Nai&#8217;posha<\/i> (&#8222;Rough Water&#8220;), referring to the sudden storms that can sweep across its surface.<\/p>\n[\/info_list_son][info_list_son style=&#8220;icon&#8220; size=&#8220;20&#8243; width=&#8220;30&#8243; height=&#8220;20&#8243; titleclr=&#8220;#890000&#8243; icon=&#8220;fas fa-route&#8220; iconclr=&#8220;#890000&#8243; iconbg=&#8220;#f8f8f8&#8243; borderclr=&#8220;#f8f8f8&#8243; title=&#8220;What to expect&#8220;]\n<ol>\n<li>\n<p data-path-to-node=\"6,0,0\"><strong>A Birdwatcher\u2019s Paradise<\/strong><b data-path-to-node=\"6,0,0\" data-index-in-node=\"0\">:<\/b> With over 400 species of birds recorded, including the majestic African Fish Eagle, pelicans, and kingfishers, it is a premier destination for ornithologists.<\/p>\n<\/li>\n<li>\n<p data-path-to-node=\"6,1,0\"><strong>The &#8222;Garden&#8220; Safari<\/strong><b data-path-to-node=\"6,1,0\" data-index-in-node=\"0\">:<\/b> Unlike the dusty plains of other parks, Naivasha is green and cool, making it the ideal place to unwind, enjoy a &#8222;High Tea,&#8220; or take a boat safari.<\/p>\n<\/li>\n<li>\n<p data-path-to-node=\"6,2,0\"><strong>Proximity to Adventure<\/strong><b data-path-to-node=\"6,2,0\" data-index-in-node=\"0\">:<\/b> Lake Naivasha serves as the perfect base camp for exploring nearby <a href=\"https:\/\/mufasatoursandtravels.com\/de\/flugziele\/hoellentor-nationalpaek\/\">Hell\u2019s Gate National Park<\/a> and Mount Longonot.<\/p>\n<\/li>\n<\/ol>\n[\/info_list_son][info_list_son style=&#8220;icon&#8220; size=&#8220;20&#8243; width=&#8220;30&#8243; height=&#8220;20&#8243; titleclr=&#8220;#890000&#8243; icon=&#8220;far fa-check-circle&#8220; iconclr=&#8220;#890000&#8243; iconbg=&#8220;#f8f8f8&#8243; borderclr=&#8220;#f8f8f8&#8243; title=&#8220;Seasonal Overview&#8220;]\n<p data-path-to-node=\"6,2,0\">Lake Naivasha is beautiful throughout the year.<\/p>\n[\/info_list_son][\/info_list_father][vc_btn title=&#8220;Holen Sie sich ein Angebot an&#8220; style=&#8220;outline-custom&#8220; outline_custom_color=&#8220;#890000&#8243; outline_custom_hover_background=&#8220;#890000&#8243; outline_custom_hover_text=&#8220;#ffffff&#8220; shape=&#8220;square&#8220; size=&#8220;sm&#8220; align=&#8220;center&#8220; i_align=&#8220;right&#8220; i_icon_fontawesome=&#8220;fas fa-angle-right&#8220; add_icon=&#8220;true&#8220; link=&#8220;url:https%3A%2F%2Fmufasatoursandtravels.com%2Fde%2Fangebot-anfordern%2F|title:Angebot%20anfordern|&#8220;][\/vc_tta_section][vc_tta_section title=&#8220;Unterkunft&#8220; tab_id=&#8220;1633455601016-f93699bc-5d92&#8243;][vc_row_inner css=&#8220;.vc_custom_1767778203514{padding: 10px !important;}&#8220;][vc_column_inner el_class=&#8220;custom-height&#8220; offset=&#8220;vc_hidden-md vc_hidden-sm vc_hidden-xs&#8220;][ucaddon_uc_side_carousel_content image=&#8220;5289&#8243; title=&#8220;Chui Lodge&#8220; btn_text=&#8220;View Accomodation&#8220; link=&#8220;https:\/\/www.oseriantwolakes.com\/chui-lodge&#8220; uc_fonts_data=&#8220;JTdCJTdE&#8220;]TG9jYXRlZCUyMHdpdGhpbiUyMHRoZSUyMHByaXZhdGUlMjBPc2VyZW5nb25pJTIwV2lsZGxpZmUlMjBTYW5jdHVhcnklMkMlMjBvZmZlcmluZyUyMGFuJTIwZXhjbHVzaXZlJTJDJTIwaGlnaC1lbmQlMjBidXNoJTIwZXhwZXJpZW5jZSUyMGF3YXklMjBmcm9tJTIwdGhlJTIwbWFpbiUyMGxha2UlMjByb2FkLg==[\/ucaddon_uc_side_carousel_content][\/vc_column_inner][\/vc_row_inner][vc_row_inner css=&#8220;.vc_custom_1767778203514{padding: 10px !important;}&#8220;][vc_column_inner el_class=&#8220;custom-height&#8220; offset=&#8220;vc_hidden-md vc_hidden-sm vc_hidden-xs&#8220;][ucaddon_uc_side_carousel_content image=&#8220;42700&#8243; title=&#8220;Lake Naivasha Sopa Resort&#8220; btn_text=&#8220;View Accomodation&#8220; link=&#8220;https:\/\/www.lakenaivasha-soparesort.com\/&#8220; uc_fonts_data=&#8220;JTdCJTdE&#8220;]RmFtb3VzJTIwZm9yJTIwaXRzJTIwZXhwYW5zaXZlJTIwbGF3bnMlMjB3aGVyZSUyMGhpcHBvcyUyMGNvbWUlMjB0byUyMGdyYXplJTIwZXZlcnklMjBldmVuaW5nJTIwYXQlMjBkdXNrJUUyJTgwJTk0YSUyMG11c3Qtc2VlJTIwZXhwZXJpZW5jZS4=[\/ucaddon_uc_side_carousel_content][\/vc_column_inner][\/vc_row_inner][vc_row_inner css=&#8220;.vc_custom_1767778203514{padding: 10px !important;}&#8220;][vc_column_inner el_class=&#8220;custom-height&#8220; offset=&#8220;vc_hidden-lg&#8220;][vc_headings style=&#8220;theme2&#8243; borderclr=&#8220;#890000&#8243; title=&#8220;Chu Lodge&#8220; align=&#8220;left&#8220; google_fonts=&#8220;font_family:Quicksand%3A300%2Cregular%2C700|font_style:400%20regular%3A400%3Anormal&#8220; titleclr=&#8220;#000000&#8243;]Located within the private Oserengoni Wildlife Sanctuary, offering an exclusive, high-end bush experience away from the main lake road.[\/vc_headings][vc_btn title=&#8220;Unterk\u00fcnfte ansehen&#8220; style=&#8220;outline-custom&#8220; outline_custom_color=&#8220;#890000&#8243; outline_custom_hover_background=&#8220;#890000&#8243; outline_custom_hover_text=&#8220;#ffffff&#8220; shape=&#8220;square&#8220; size=&#8220;sm&#8220; i_icon_fontawesome=&#8220;fas fa-angle-right&#8220; add_icon=&#8220;true&#8220; css=&#8220;.vc_custom_1767779053166{padding-top: 10px !important;padding-right: 10px !important;padding-bottom: 10px !important;}&#8220; link=&#8220;url:https%3A%2F%2Fwww.oseriantwolakes.com%2Fchui-lodge|&#8220;][\/vc_column_inner][\/vc_row_inner][vc_row_inner css=&#8220;.vc_custom_1767778203514{padding: 10px !important;}&#8220;][vc_column_inner el_class=&#8220;custom-height&#8220; offset=&#8220;vc_hidden-lg&#8220;][vc_headings style=&#8220;theme2&#8243; borderclr=&#8220;#890000&#8243; title=&#8220;Lake Naivasha Resort&#8220; align=&#8220;left&#8220; google_fonts=&#8220;font_family:Quicksand%3A300%2Cregular%2C700|font_style:400%20regular%3A400%3Anormal&#8220; titleclr=&#8220;#000000&#8243;]Famous for its expansive lawns where hippos come to graze every evening at dusk\u2014a must-see experience.[\/vc_headings][vc_btn title=&#8220;Unterk\u00fcnfte ansehen&#8220; style=&#8220;outline-custom&#8220; outline_custom_color=&#8220;#890000&#8243; outline_custom_hover_background=&#8220;#890000&#8243; outline_custom_hover_text=&#8220;#ffffff&#8220; shape=&#8220;square&#8220; size=&#8220;sm&#8220; i_icon_fontawesome=&#8220;fas fa-angle-right&#8220; add_icon=&#8220;true&#8220; css=&#8220;.vc_custom_1767779435754{padding-top: 10px !important;padding-right: 10px !important;padding-bottom: 10px !important;}&#8220; link=&#8220;url:https%3A%2F%2Fwww.lakenaivasha-soparesort.com%2F|&#8220;][\/vc_column_inner][\/vc_row_inner][\/vc_tta_section][vc_tta_section title=&#8220;Aktivit\u00e4ten&#8220; tab_id=&#8220;1767601538075-7b6924d3-776e&#8220;][info_list_father listclr=&#8220;#f8f8f8&#8243;][info_list_son style=&#8220;icon&#8220; size=&#8220;0&#8243; width=&#8220;0&#8243; height=&#8220;0&#8243; titleclr=&#8220;#f8f8f8&#8243; iconclr=&#8220;#f8f8f8&#8243; borderclr=&#8220;#f8f8f8&#8243;]\n<ol>\n<li>\n<p data-path-to-node=\"16,0,0\"><strong>Bootssafaris<\/strong><b data-path-to-node=\"16,0,0\" data-index-in-node=\"0\">:<\/b> Machen Sie eine private Bootsfahrt, um bis auf wenige Meter an riesige Nilpferdkapseln heranzukommen, und beobachten Sie, wie der Afrikanische Adler nach seiner Beute taucht. Es ist die beste M\u00f6glichkeit, das lebendige \u00d6kosystem des Sees zu sehen. <\/p>\n<\/li>\n<li>\n<p data-path-to-node=\"16,1,0\"><strong>Crescent Island Game Walk<\/strong><b data-path-to-node=\"16,1,0\" data-index-in-node=\"0\">:<\/b> Besuchen Sie dieses private Inselschutzgebiet (ein versunkener vulkanischer Krater). Da es keine Raubtiere gibt, kann man frei zwischen Giraffen, Zebras und Wasserb\u00f6cken umherlaufen \u2013 hier wurden Szenen aus <i data-path-to-node=\"16,1,0\" data-index-in-node=\"208\">Out of Africa<\/i> gedreht! <\/p>\n<\/li>\n<li>\n<p data-path-to-node=\"16,2,0\"><strong>Vogelbeobachtungstouren<\/strong><b data-path-to-node=\"16,2,0\" data-index-in-node=\"0\">:<\/b> Verbringen Sie einen Vormittag mit unseren spezialisierten F\u00fchrern, um seltene Arten im Papyrusschilf und in den Akazienw\u00e4ldern rund um den See zu identifizieren.<\/p>\n<\/li>\n<li>\n<p data-path-to-node=\"16,3,0\"><strong>Besuchen Sie das Elsamere Conservation Centre<\/strong><b data-path-to-node=\"16,3,0\" data-index-in-node=\"0\">:<\/b> Das ehemalige Zuhause von Joy und George Adamson (bekannt <i data-path-to-node=\"16,3,0\" data-index-in-node=\"82\">durch Born Free<\/i> ). Genie\u00dfen Sie einen traditionellen englischen High Tea auf dem Rasen, w\u00e4hrend Colobus-Affen in den oberen B\u00e4umen spielen. <\/p>\n<\/li>\n<li>\n<p data-path-to-node=\"16,4,0\"><strong>Blumenfarm-Touren<\/strong><b data-path-to-node=\"16,4,0\" data-index-in-node=\"0\">:<\/b> Naivasha ist das Herz der Florenkultur Kenias. Machen Sie eine gef\u00fchrte Tour durch eine erstklassige Rosenfarm, um zu sehen, wie Millionen von Rosen f\u00fcr den Export angebaut werden. <\/p>\n<\/li>\n<li>\n<p data-path-to-node=\"16,5,0\"><strong>Pferdesafaris: Erleben<\/strong><b data-path-to-node=\"16,5,0\" data-index-in-node=\"0\"> Sie den Nervenkitzel, durch die Schutzw\u00e4lder zu fahren und n\u00e4her an das Ebenenspiel heranzukommen, als Sie es je mit einem Fahrzeug k\u00f6nnten.<\/b><\/p>\n<\/li>\n<\/ol>\n[\/info_list_son][\/info_list_father][\/vc_tta_section][\/vc_tta_tabs][\/vc_column][\/vc_row]\n","protected":false},"excerpt":{"rendered":"<p>[vc_row full_width=&#8220;stretch_row&#8220; gap=&#8220;1&#8243;][vc_column parallax=&#8220;content-moving&#8220; parallax_image=&#8220;29592&#8243; parallax_speed_bg=&#8220;2&#8243; css=&#8220;.vc_custom_1767777819606{padding-top: 80px !important;padding-right: 80px !important;padding-bottom: 80px !important;padding-left: 80px !important;}&#8220;][vc_custom_heading text=&#8220;Der Naivasha-See&#8220; font_container=&#8220;tag:h1|font_size:32|text_align:left|color:%23ffffff&#8220; google_fonts=&#8220;font_family:Quicksand%3A300%2Cregular%2C700|font_style:400%20regular%3A400%3Anormal&#8220; el_class=&#8220;banner-txt&#8220;][vc_separator color=&#8220;custom&#8220; align=&#8220;align_left&#8220; border_width=&#8220;2&#8243; el_width=&#8220;20&#8243; accent_color=&#8220;#f8f8f8&#8243;][vc_custom_heading text=&#8220;Kenia&#8220; font_container=&#8220;tag:h2|font_size:18|text_align:left|color:%23ffffff&#8220; google_fonts=&#8220;font_family:Quicksand%3A300%2Cregular%2C700|font_style:400%20regular%3A400%3Anormal&#8220; el_class=&#8220;banner-txt&#8220;][\/vc_column][\/vc_row][vc_row][vc_column css=&#8220;.vc_custom_1673438873315{border-top-width: 10px !important;border-right-width: 10px !important;border-bottom-width: 10px !important;border-left-width: 10px !important;}&#8220;][vc_tta_tabs shape=&#8220;square&#8220; color=&#8220;juicy-pink&#8220; alignment=&#8220;center&#8220; active_section=&#8220;1&#8243; no_fill_content_area=&#8220;true&#8220;][vc_tta_section title=&#8220;\u00dcberblick&#8220; tab_id=&#8220;1633454673222-3d94f956-010c&#8220;][info_list_father listclr=&#8220;#f8f8f8&#8243;][info_list_son style=&#8220;icon&#8220; size=&#8220;20&#8243; width=&#8220;30&#8243; height=&#8220;20&#8243; titleclr=&#8220;#890000&#8243; icon=&#8220;fas fa-map-marked&#8220; iconclr=&#8220;#890000&#8243; iconbg=&#8220;#f8f8f8&#8243; [&hellip;]<\/p>\n","protected":false},"author":2,"featured_media":0,"parent":27929,"menu_order":7,"comment_status":"closed","ping_status":"closed","template":"","meta":{"_themeisle_gutenberg_block_has_review":false,"footnotes":""},"class_list":["post-42693","page","type-page","status-publish","hentry"],"_links":{"self":[{"href":"https:\/\/mufasatoursandtravels.com\/de\/wp-json\/wp\/v2\/pages\/42693","targetHints":{"allow":["GET"]}}],"collection":[{"href":"https:\/\/mufasatoursandtravels.com\/de\/wp-json\/wp\/v2\/pages"}],"about":[{"href":"https:\/\/mufasatoursandtravels.com\/de\/wp-json\/wp\/v2\/types\/page"}],"author":[{"embeddable":true,"href":"https:\/\/mufasatoursandtravels.com\/de\/wp-json\/wp\/v2\/users\/2"}],"replies":[{"embeddable":true,"href":"https:\/\/mufasatoursandtravels.com\/de\/wp-json\/wp\/v2\/comments?post=42693"}],"version-history":[{"count":4,"href":"https:\/\/mufasatoursandtravels.com\/de\/wp-json\/wp\/v2\/pages\/42693\/revisions"}],"predecessor-version":[{"id":42791,"href":"https:\/\/mufasatoursandtravels.com\/de\/wp-json\/wp\/v2\/pages\/42693\/revisions\/42791"}],"up":[{"embeddable":true,"href":"https:\/\/mufasatoursandtravels.com\/de\/wp-json\/wp\/v2\/pages\/27929"}],"wp:attachment":[{"href":"https:\/\/mufasatoursandtravels.com\/de\/wp-json\/wp\/v2\/media?parent=42693"}],"curies":[{"name":"wp","href":"https:\/\/api.w.org\/{rel}","templated":true}]}}