{"id":42731,"date":"2026-01-07T12:50:20","date_gmt":"2026-01-07T09:50:20","guid":{"rendered":"https:\/\/mufasatoursandtravels.com\/flugziele\/lake-nakuru-nationalpark\/"},"modified":"2026-01-08T09:41:11","modified_gmt":"2026-01-08T06:41:11","slug":"lake-nakuru-nationalpark","status":"publish","type":"page","link":"https:\/\/mufasatoursandtravels.com\/de\/flugziele\/lake-nakuru-nationalpark\/","title":{"rendered":"Lake Nakuru Nationalpark"},"content":{"rendered":"[vc_row full_width=&#8220;stretch_row&#8220; gap=&#8220;1&#8243;][vc_column parallax=&#8220;content-moving&#8220; parallax_image=&#8220;42799&#8243; parallax_speed_bg=&#8220;1.8&#8243; css=&#8220;.vc_custom_1767854553453{padding-top: 80px !important;padding-right: 80px !important;padding-bottom: 80px !important;padding-left: 80px !important;}&#8220;][vc_custom_heading text=&#8220;Lake Nakuru Nationalpark&#8220; font_container=&#8220;tag:h1|font_size:32|text_align:left|color:%23ffffff&#8220; google_fonts=&#8220;font_family:Quicksand%3A300%2Cregular%2C700|font_style:400%20regular%3A400%3Anormal&#8220; el_class=&#8220;banner-txt&#8220;][vc_separator color=&#8220;custom&#8220; align=&#8220;align_left&#8220; border_width=&#8220;2&#8243; el_width=&#8220;20&#8243; accent_color=&#8220;#f8f8f8&#8243;][vc_custom_heading text=&#8220;Kenia&#8220; font_container=&#8220;tag:h2|font_size:18|text_align:left|color:%23ffffff&#8220; google_fonts=&#8220;font_family:Quicksand%3A300%2Cregular%2C700|font_style:400%20regular%3A400%3Anormal&#8220; el_class=&#8220;banner-txt&#8220;][\/vc_column][\/vc_row][vc_row][vc_column css=&#8220;.vc_custom_1673438873315{border-top-width: 10px !important;border-right-width: 10px !important;border-bottom-width: 10px !important;border-left-width: 10px !important;}&#8220;][vc_tta_tabs shape=&#8220;square&#8220; color=&#8220;juicy-pink&#8220; alignment=&#8220;center&#8220; active_section=&#8220;1&#8243; no_fill_content_area=&#8220;true&#8220;][vc_tta_section title=&#8220;\u00dcberblick&#8220; tab_id=&#8220;1633454673222-3d94f956-010c&#8220;][info_list_father listclr=&#8220;#f8f8f8&#8243;][info_list_son style=&#8220;icon&#8220; size=&#8220;20&#8243; width=&#8220;30&#8243; height=&#8220;20&#8243; titleclr=&#8220;#890000&#8243; icon=&#8220;fas fa-map-marked&#8220; iconclr=&#8220;#890000&#8243; iconbg=&#8220;#f8f8f8&#8243; borderclr=&#8220;#f8f8f8&#8243; title=&#8220;A Kaleidoscope of Color &#038; Conservation&#8220;]\n<p data-path-to-node=\"5\">Lake Nakuru National Park is one of Kenya\u2019s most iconic Rift Valley destinations. Originally famous for the millions of flamingos that turned its shores into a shimmering pink carpet, the park has evolved into a premier sanctuary for endangered species. Encircled by rocky escarpments and pockets of yellow-barked acacia forests, this &#8222;Premium Park&#8220; offers a compact yet incredibly dense wildlife experience just a few hours&#8216; drive from Nairobi.<\/p>\n[\/info_list_son][info_list_son style=&#8220;icon&#8220; size=&#8220;20&#8243; width=&#8220;30&#8243; height=&#8220;20&#8243; titleclr=&#8220;#890000&#8243; icon=&#8220;fas fa-route&#8220; iconclr=&#8220;#890000&#8243; iconbg=&#8220;#f8f8f8&#8243; borderclr=&#8220;#f8f8f8&#8243; title=&#8220;What to expect&#8220;]\n<ol>\n<li>\n<p data-path-to-node=\"6,0,0\"><strong>The Rhino Stronghold<\/strong><b data-path-to-node=\"6,0,0\" data-index-in-node=\"0\">:<\/b> Nakuru is one of the best places in East Africa to see both <b data-path-to-node=\"6,0,0\" data-index-in-node=\"82\">Black and White Rhinos<\/b> in their natural habitat.<\/p>\n<\/li>\n<li>\n<p data-path-to-node=\"6,1,0\"><strong>Birding Spectacle<\/strong><b data-path-to-node=\"6,1,0\" data-index-in-node=\"0\">:<\/b> While flamingo levels vary with water depths, the lake remains a haven for over 450 bird species, including Great White Pelicans, African Fish Eagles, and Hamerkops.<\/p>\n<\/li>\n<li>\n<p data-path-to-node=\"6,2,0\"><strong>Rare Sightings<\/strong><b data-path-to-node=\"6,2,0\" data-index-in-node=\"0\">:<\/b> It is one of the few places in Kenya to see the endangered <b data-path-to-node=\"6,2,0\" data-index-in-node=\"75\">Rothschild\u2019s Giraffe<\/b> and is famously known for its &#8222;tree-climbing&#8220; lions and elusive leopards.<\/p>\n<\/li>\n<li>\n<p data-path-to-node=\"6,3,0\"><strong>The Landscape<\/strong><b data-path-to-node=\"6,3,0\" data-index-in-node=\"0\">:<\/b> From the shimmering alkaline lake to the largest Euphorbia (cactus-like tree) forest in Africa, the scenery is a photographer\u2019s dream.<\/p>\n<\/li>\n<\/ol>\n[\/info_list_son][info_list_son style=&#8220;icon&#8220; size=&#8220;20&#8243; width=&#8220;30&#8243; height=&#8220;20&#8243; titleclr=&#8220;#890000&#8243; icon=&#8220;far fa-check-circle&#8220; iconclr=&#8220;#890000&#8243; iconbg=&#8220;#f8f8f8&#8243; borderclr=&#8220;#f8f8f8&#8243; title=&#8220;Season Overview&#8220;]\n<p data-path-to-node=\"6,2,0\">The park is accessible and beautiful in all seasons, best for general wildlife viewing and clearer photography.<\/p>\n[\/info_list_son][\/info_list_father][vc_btn title=&#8220;Holen Sie sich ein Angebot an&#8220; style=&#8220;outline-custom&#8220; outline_custom_color=&#8220;#890000&#8243; outline_custom_hover_background=&#8220;#890000&#8243; outline_custom_hover_text=&#8220;#ffffff&#8220; shape=&#8220;square&#8220; size=&#8220;sm&#8220; align=&#8220;center&#8220; i_align=&#8220;right&#8220; i_icon_fontawesome=&#8220;fas fa-angle-right&#8220; add_icon=&#8220;true&#8220; link=&#8220;url:https%3A%2F%2Fmufasatoursandtravels.com%2Fde%2Fangebot-anfordern%2F|title:Angebot%20anfordern|&#8220;][\/vc_tta_section][vc_tta_section title=&#8220;Unterkunft&#8220; tab_id=&#8220;1633455601016-f93699bc-5d92&#8243;][vc_row_inner css=&#8220;.vc_custom_1767786578236{padding-top: 10px !important;padding-right: 10px !important;padding-bottom: 10px !important;}&#8220;][vc_column_inner el_class=&#8220;custom-height&#8220; offset=&#8220;vc_hidden-md vc_hidden-sm vc_hidden-xs&#8220;][ucaddon_uc_side_carousel_content image=&#8220;42736&#8243; title=&#8220;Sarova Lion Hill Game Lodge&#8220; btn_text=&#8220;View Accomodation&#8220; link=&#8220;https:\/\/www.sarovahotels.com\/lionhill-nakuru\/&#8220; uc_fonts_data=&#8220;JTdCJTdE&#8220;]U3RyYXRlZ2ljYWxseSUyMGxvY2F0ZWQlMjBvbiUyMGFuJTIwaW5jbGluZSUyMG92ZXJsb29raW5nJTIwdGhlJTIwbGFrZSUyQyUyMHRoaXMlMjBsb2RnZSUyMG9mZmVycyUyMGNsYXNzaWMlMjBsdXh1cnklMjBjaGFsZXQtc3R5bGUlMjByb29tcyUyMGFuZCUyMGJlYXV0aWZ1bGx5JTIwbGFuZHNjYXBlZCUyMGdhcmRlbnMu[\/ucaddon_uc_side_carousel_content][\/vc_column_inner][\/vc_row_inner][vc_row_inner css=&#8220;.vc_custom_1767786578236{padding-top: 10px !important;padding-right: 10px !important;padding-bottom: 10px !important;}&#8220;][vc_column_inner el_class=&#8220;custom-height&#8220; offset=&#8220;vc_hidden-md vc_hidden-sm vc_hidden-xs&#8220;][ucaddon_uc_side_carousel_content image=&#8220;42742&#8243; title=&#8220;Lake Nakuru Sopa Lodge&#8220; btn_text=&#8220;View Accomodation&#8220; link=&#8220;https:\/\/sopalodges.com\/lake-nakuru-sopa-lodge\/the-lodge?ad=semD&amp;an=msn_s&amp;am=exact&amp;q=Lake+Nakuru+Lodge&amp;o=29590&amp;qsrc=999&amp;l=sem&amp;askid=f321e61a-ec5b-4ed5-998a-c6ce0df62f0b-0-ab_mse?ad=semD&amp;an=msn_s&amp;am=exact&amp;q=Lake+Nakuru+Lodge&amp;o=29590&amp;qsrc=999&amp;l=sem&amp;askid=f321e61a-ec5b-4ed5-998a-c6ce0df62f0b-0-ab_mse?attempt=1&amp;page_uuid=51d9ab4c-aa3d-42b0-b0d8-5d2df7f41d0e&amp;time=1534941001&amp;token=1f6889953f05f84866ec00a1cd8dcbdf6c72c1937588d8a05d67ca0ed9249c50?ad=semD&amp;an=msn_s&amp;am=exact&amp;q=Lake+Nakuru+Lodge&amp;o=29590&amp;qsrc=999&amp;l=sem&amp;askid=f321e61a-ec5b-4ed5-998a-c6ce0df62f0b-0-ab_mse?ad=semD&amp;an=msn_s&amp;am=exact&amp;q=Lake+Nakuru+Lodge&amp;o=29590&amp;qsrc=999&amp;l=sem&amp;askid=f321e61a-ec5b-4ed5-998a-c6ce0df62f0b-0-ab_mse?attempt=1&amp;page_uuid=51d9ab4c-aa3d-42b0-b0d8-5d2df7f41d0e&amp;time=1534941001&amp;token=1f6889953f05f84866ec00a1cd8dcbdf6c72c1937588d8a05d67ca0ed9249c50?attempt=1&amp;page_uuid=51d9ab4c-aa3d-42b0-b0d8-5d2df7f41d0e&amp;time=1534941001&amp;token=1f6889953f05f84866ec00a1cd8dcbdf6c72c1937588d8a05d67ca0ed9249c50?attempt=1&amp;page_uuid=51d9ab4c-aa3d-42b0-b0d8-5d2df7f41d0e&amp;time=1534941001&amp;token=1f6889953f05f84866ec00a1cd8dcbdf6c72c1937588d8a05d67ca0ed9249c50&#8243; uc_fonts_data=&#8220;JTdCJTdE&#8220;]UGVyY2hlZCUyMG9uJTIwYSUyMGhpbGwlMjBvbiUyMHRoZSUyMHdlc3Rlcm4lMjBsaW1pdHMlMjBvZiUyMHRoZSUyMHBhcmslMkMlMjBvZmZlcmluZyUyMGFyZ3VhYmx5JTIwdGhlJTIwYmVzdCUyMHBhbm9yYW1pYyUyMHZpZXdzJTIwb2YlMjB0aGUlMjBlbnRpcmUlMjBsYWtlJTIwYW5kJTIwdGhlJTIwc3Vycm91bmRpbmclMjBoaWxscy4=[\/ucaddon_uc_side_carousel_content][\/vc_column_inner][\/vc_row_inner][vc_row_inner css=&#8220;.vc_custom_1767786578236{padding-top: 10px !important;padding-right: 10px !important;padding-bottom: 10px !important;}&#8220;][vc_column_inner el_class=&#8220;custom-height&#8220; offset=&#8220;vc_hidden-md vc_hidden-sm vc_hidden-xs&#8220;][ucaddon_uc_side_carousel_content image=&#8220;35177&#8243; title=&#8220;Die Klippe&#8220; btn_text=&#8220;View Accomodation&#8220; link=&#8220;https:\/\/thecliffkenya.com\/&#8220; uc_fonts_data=&#8220;JTdCJTdE&#8220;]QSUyMGhpZ2gtZW5kJTIwYm91dGlxdWUlMjAlMjJ0ZW50ZWQlMjIlMjBjYW1wJTIwcGVyY2hlZCUyMG9uJTIwdGhlJTIwZWRnZSUyMG9mJTIwYSUyMGNsaWZmJTJDJTIwY29tYmluaW5nJTIwdGhlJTIwbHV4dXJ5JTIwb2YlMjBhJTIwNS1zdGFyJTIwaG90ZWwlMjB3aXRoJTIwdGhlJTIwaW50aW1hY3klMjBvZiUyMGElMjB0ZW50ZWQlMjBzYWZhcmku[\/ucaddon_uc_side_carousel_content][\/vc_column_inner][\/vc_row_inner][vc_row_inner css=&#8220;.vc_custom_1767786578236{padding-top: 10px !important;padding-right: 10px !important;padding-bottom: 10px !important;}&#8220;][vc_column_inner el_class=&#8220;custom-height&#8220; offset=&#8220;vc_hidden-md vc_hidden-sm vc_hidden-xs&#8220;][ucaddon_uc_side_carousel_content image=&#8220;35228&#8243; title=&#8220;Lake Nakuru Lodge&#8220; btn_text=&#8220;View Accomodation&#8220; link=&#8220;https:\/\/lakenakurulodge.com\/&#8220; uc_fonts_data=&#8220;JTdCJTdE&#8220;]U2l0dWF0ZWQlMjBpbiUyMHRoZSUyMHNvdXRoLWVhc3QlMjBvZiUyMHRoZSUyMHBhcmslMkMlMjB0aGlzJTIwZWNvLWxvZGdlJTIwb2ZmZXJzJTIwZ3JlYXQlMjB2aWV3cyUyMG9mJTIwdGhlJTIwZmxhbWluZ29zJTIwYW5kJTIwZmVhdHVyZXMlMjBhJTIwcG9wdWxhciUyMHdhdGVyaW5nJTIwaG9sZSUyMHRoYXQlMjBhdHRyYWN0cyUyMHdpbGRsaWZlJTIwYXQlMjBuaWdodC4=[\/ucaddon_uc_side_carousel_content][\/vc_column_inner][\/vc_row_inner][vc_row_inner css=&#8220;.vc_custom_1767786578236{padding-top: 10px !important;padding-right: 10px !important;padding-bottom: 10px !important;}&#8220;][vc_column_inner el_class=&#8220;custom-height&#8220; offset=&#8220;vc_hidden-md vc_hidden-sm vc_hidden-xs&#8220;][ucaddon_uc_side_carousel_content image=&#8220;42748&#8243; title=&#8220;Ziwa Bush Lodge&#8220; btn_text=&#8220;View Accomodation&#8220; link=&#8220;https:\/\/www.ziwalodge.com\/&#8220; uc_fonts_data=&#8220;JTdCJTdE&#8220;]TG9jYXRlZCUyMGp1c3QlMjBvdXRzaWRlJTIwdGhlJTIwcGFyayUyQyUyMHRoaXMlMjBsb2RnZSUyMG9mZmVycyUyMGElMjBxdWlldCUyQyUyMGJvdXRpcXVlJTIwZXhwZXJpZW5jZSUyMHdpdGglMjB0cmFkaXRpb25hbCUyMEFmcmljYW4tc3R5bGUlMjBodXRzJTIwYW5kJTIwZXhjZWxsZW50JTIwZGluaW5nLg==[\/ucaddon_uc_side_carousel_content][\/vc_column_inner][\/vc_row_inner][vc_row_inner css=&#8220;.vc_custom_1767786578236{padding-top: 10px !important;padding-right: 10px !important;padding-bottom: 10px !important;}&#8220;][vc_column_inner el_class=&#8220;custom-height&#8220; offset=&#8220;vc_hidden-lg&#8220;][vc_headings style=&#8220;theme2&#8243; borderclr=&#8220;#890000&#8243; title=&#8220;Sarova Lion Hill Game Lodge&#8220; align=&#8220;left&#8220; google_fonts=&#8220;font_family:Quicksand%3A300%2Cregular%2C700|font_style:400%20regular%3A400%3Anormal&#8220; titleclr=&#8220;#000000&#8243;]Strategically located on an incline overlooking the lake, this lodge offers classic luxury chalet-style rooms and beautifully landscaped gardens.[\/vc_headings][vc_btn title=&#8220;Unterk\u00fcnfte ansehen&#8220; style=&#8220;outline-custom&#8220; outline_custom_color=&#8220;#890000&#8243; outline_custom_hover_background=&#8220;#890000&#8243; outline_custom_hover_text=&#8220;#ffffff&#8220; shape=&#8220;square&#8220; size=&#8220;sm&#8220; i_icon_fontawesome=&#8220;fas fa-angle-right&#8220; add_icon=&#8220;true&#8220; css=&#8220;.vc_custom_1767787490661{padding-top: 10px !important;padding-right: 10px !important;padding-bottom: 10px !important;}&#8220; link=&#8220;url:https%3A%2F%2Fwww.sarovahotels.com%2Flionhill-nakuru%2F|&#8220;][\/vc_column_inner][\/vc_row_inner][vc_row_inner css=&#8220;.vc_custom_1767786578236{padding-top: 10px !important;padding-right: 10px !important;padding-bottom: 10px !important;}&#8220;][vc_column_inner el_class=&#8220;custom-height&#8220; offset=&#8220;vc_hidden-lg&#8220;][vc_headings style=&#8220;theme2&#8243; borderclr=&#8220;#890000&#8243; title=&#8220;Lake Nakuru Sopa Lodge&#8220; align=&#8220;left&#8220; google_fonts=&#8220;font_family:Quicksand%3A300%2Cregular%2C700|font_style:400%20regular%3A400%3Anormal&#8220; titleclr=&#8220;#000000&#8243;]Perched on a hill on the western limits of the park, offering arguably the best panoramic views of the entire lake and the surrounding hills.[\/vc_headings][vc_btn title=&#8220;Unterk\u00fcnfte ansehen&#8220; style=&#8220;outline-custom&#8220; outline_custom_color=&#8220;#890000&#8243; outline_custom_hover_background=&#8220;#890000&#8243; outline_custom_hover_text=&#8220;#ffffff&#8220; shape=&#8220;square&#8220; size=&#8220;sm&#8220; i_icon_fontawesome=&#8220;fas fa-angle-right&#8220; add_icon=&#8220;true&#8220; css=&#8220;.vc_custom_1767787563386{padding-top: 10px !important;padding-right: 10px !important;padding-bottom: 10px !important;}&#8220; link=&#8220;url:https%3A%2F%2Fsopalodges.com%2Flake-nakuru-sopa-lodge%2Fthe-lodge%3Fad%3DsemD%26an%3Dmsn_s%26am%3Dexact%26q%3DLake%2BNakuru%2BLodge%26o%3D29590%26qsrc%3D999%26l%3Dsem%26askid%3Df321e61a-ec5b-4ed5-998a-c6ce0df62f0b-0-ab_mse%3Fad%3DsemD%26an%3Dmsn_s%26am%3Dexact%26q%3DLake%2BNakuru%2BLodge%26o%3D29590%26qsrc%3D999%26l%3Dsem%26askid%3Df321e61a-ec5b-4ed5-998a-c6ce0df62f0b-0-ab_mse%3Fattempt%3D1%26page_uuid%3D51d9ab4c-aa3d-42b0-b0d8-5d2df7f41d0e%26time%3D1534941001%26token%3D1f6889953f05f84866ec00a1cd8dcbdf6c72c1937588d8a05d67ca0ed9249c50%3Fad%3DsemD%26an%3Dmsn_s%26am%3Dexact%26q%3DLake%2BNakuru%2BLodge%26o%3D29590%26qsrc%3D999%26l%3Dsem%26askid%3Df321e61a-ec5b-4ed5-998a-c6ce0df62f0b-0-ab_mse%3Fad%3DsemD%26an%3Dmsn_s%26am%3Dexact%26q%3DLake%2BNakuru%2BLodge%26o%3D29590%26qsrc%3D999%26l%3Dsem%26askid%3Df321e61a-ec5b-4ed5-998a-c6ce0df62f0b-0-ab_mse%3Fattempt%3D1%26page_uuid%3D51d9ab4c-aa3d-42b0-b0d8-5d2df7f41d0e%26time%3D1534941001%26token%3D1f6889953f05f84866ec00a1cd8dcbdf6c72c1937588d8a05d67ca0ed9249c50%3Fattempt%3D1%26page_uuid%3D51d9ab4c-aa3d-42b0-b0d8-5d2df7f41d0e%26time%3D1534941001%26token%3D1f6889953f05f84866ec00a1cd8dcbdf6c72c1937588d8a05d67ca0ed9249c50%3Fattempt%3D1%26page_uuid%3D51d9ab4c-aa3d-42b0-b0d8-5d2df7f41d0e%26time%3D1534941001%26token%3D1f6889953f05f84866ec00a1cd8dcbdf6c72c1937588d8a05d67ca0ed9249c50|&#8220;][\/vc_column_inner][\/vc_row_inner][vc_row_inner css=&#8220;.vc_custom_1767786578236{padding-top: 10px !important;padding-right: 10px !important;padding-bottom: 10px !important;}&#8220;][vc_column_inner el_class=&#8220;custom-height&#8220; offset=&#8220;vc_hidden-lg&#8220;][vc_headings style=&#8220;theme2&#8243; borderclr=&#8220;#890000&#8243; title=&#8220;The Cliff&#8220; align=&#8220;left&#8220; google_fonts=&#8220;font_family:Quicksand%3A300%2Cregular%2C700|font_style:400%20regular%3A400%3Anormal&#8220; titleclr=&#8220;#000000&#8243;]A high-end boutique &#8222;tented&#8220; camp perched on the edge of a cliff, combining the luxury of a 5-star hotel with the intimacy of a tented safari.[\/vc_headings][vc_btn title=&#8220;Unterk\u00fcnfte ansehen&#8220; style=&#8220;outline-custom&#8220; outline_custom_color=&#8220;#890000&#8243; outline_custom_hover_background=&#8220;#890000&#8243; outline_custom_hover_text=&#8220;#ffffff&#8220; shape=&#8220;square&#8220; size=&#8220;sm&#8220; i_icon_fontawesome=&#8220;fas fa-angle-right&#8220; add_icon=&#8220;true&#8220; css=&#8220;.vc_custom_1767787622263{padding-top: 10px !important;padding-right: 10px !important;padding-bottom: 10px !important;}&#8220; link=&#8220;url:https%3A%2F%2Fthecliffkenya.com%2F|&#8220;][\/vc_column_inner][\/vc_row_inner][vc_row_inner css=&#8220;.vc_custom_1767786578236{padding-top: 10px !important;padding-right: 10px !important;padding-bottom: 10px !important;}&#8220;][vc_column_inner el_class=&#8220;custom-height&#8220; offset=&#8220;vc_hidden-lg&#8220;][vc_headings style=&#8220;theme2&#8243; borderclr=&#8220;#890000&#8243; title=&#8220;Lake Nakuru Lodge&#8220; align=&#8220;left&#8220; google_fonts=&#8220;font_family:Quicksand%3A300%2Cregular%2C700|font_style:400%20regular%3A400%3Anormal&#8220; titleclr=&#8220;#000000&#8243;]Situated in the south-east of the park, this eco-lodge offers great views of the flamingos and features a popular watering hole that attracts wildlife at night.[\/vc_headings][vc_btn title=&#8220;Unterk\u00fcnfte ansehen&#8220; style=&#8220;outline-custom&#8220; outline_custom_color=&#8220;#890000&#8243; outline_custom_hover_background=&#8220;#890000&#8243; outline_custom_hover_text=&#8220;#ffffff&#8220; shape=&#8220;square&#8220; size=&#8220;sm&#8220; i_icon_fontawesome=&#8220;fas fa-angle-right&#8220; add_icon=&#8220;true&#8220; css=&#8220;.vc_custom_1767787695035{padding-top: 10px !important;padding-right: 10px !important;padding-bottom: 10px !important;}&#8220; link=&#8220;url:https%3A%2F%2Flakenakurulodge.com%2F|&#8220;][\/vc_column_inner][\/vc_row_inner][vc_row_inner css=&#8220;.vc_custom_1767786578236{padding-top: 10px !important;padding-right: 10px !important;padding-bottom: 10px !important;}&#8220;][vc_column_inner el_class=&#8220;custom-height&#8220; offset=&#8220;vc_hidden-lg&#8220;][vc_headings style=&#8220;theme2&#8243; borderclr=&#8220;#890000&#8243; title=&#8220;Ziwa Bush Lodge&#8220; align=&#8220;left&#8220; google_fonts=&#8220;font_family:Quicksand%3A300%2Cregular%2C700|font_style:400%20regular%3A400%3Anormal&#8220; titleclr=&#8220;#000000&#8243;]Located just outside the park, this lodge offers a quiet, boutique experience with traditional African-style huts and excellent dining.[\/vc_headings][vc_btn title=&#8220;Unterk\u00fcnfte ansehen&#8220; style=&#8220;outline-custom&#8220; outline_custom_color=&#8220;#890000&#8243; outline_custom_hover_background=&#8220;#890000&#8243; outline_custom_hover_text=&#8220;#ffffff&#8220; shape=&#8220;square&#8220; size=&#8220;sm&#8220; i_icon_fontawesome=&#8220;fas fa-angle-right&#8220; add_icon=&#8220;true&#8220; css=&#8220;.vc_custom_1767787751931{padding-top: 10px !important;padding-right: 10px !important;padding-bottom: 10px !important;}&#8220; link=&#8220;url:https%3A%2F%2Fwww.ziwalodge.com%2F|&#8220;][\/vc_column_inner][\/vc_row_inner][\/vc_tta_section][vc_tta_section title=&#8220;Aktivit\u00e4ten&#8220; tab_id=&#8220;1767601538075-7b6924d3-776e&#8220;][info_list_father listclr=&#8220;#f8f8f8&#8243;][info_list_son style=&#8220;icon&#8220; size=&#8220;0&#8243; width=&#8220;0&#8243; height=&#8220;0&#8243; titleclr=&#8220;#f8f8f8&#8243; iconclr=&#8220;#f8f8f8&#8243; borderclr=&#8220;#f8f8f8&#8243; caption_url=&#8220;&#8220;]\n<ol>\n<li>\n<p data-path-to-node=\"16,0,0\"><strong>Suchen Sie nach den &#8222;Big Four&#8220;<\/strong><b data-path-to-node=\"16,0,0\" data-index-in-node=\"0\">:<\/b> Begleiten Sie unsere Expertenf\u00fchrer auf einer 4&#215;4-Safari, um L\u00f6wen, Leoparden, B\u00fcffel und Nash\u00f6rner zu verfolgen. (Hinweis: In Nakuru gibt es aufgrund seines eingez\u00e4unten Schutzgebiets keine Elefanten). <\/p>\n<\/li>\n<li>\n<p data-path-to-node=\"16,1,0\"><strong>Besuche den Baboon Cliff Lookout<\/strong><b data-path-to-node=\"16,1,0\" data-index-in-node=\"0\">:<\/b> Fahren Sie zu diesem Hochaltitude-Aussichtspunkt und genie\u00dfen Sie ein atemberaubendes 360-Grad-Panorama \u00fcber den gesamten See und den darunterliegenden Park. Es ist der perfekte Ort f\u00fcr Landschaftsfotografie. <\/p>\n<\/li>\n<li>\n<p data-path-to-node=\"16,2,0\"><strong>Wanderung zu den Makalia-Wasserf\u00e4llen<\/strong><b data-path-to-node=\"16,2,0\" data-index-in-node=\"0\">:<\/b> Besuchen Sie das s\u00fcdliche Ende des Parks, um den Makalia-Wasserfall zu sehen. Es ist ein ruhiger Ort f\u00fcr einen gef\u00fchrten Spaziergang und ein Picknick, besonders sch\u00f6n nach dem Regen. <\/p>\n<\/li>\n<li>\n<p data-path-to-node=\"16,3,0\"><strong>Vogelbeobachtungs-Expeditionen<\/strong><b data-path-to-node=\"16,3,0\" data-index-in-node=\"0\">:<\/b> Verbringen Sie Zeit mit einem erfahrenen Ornithologen, der die Vielzahl von Wasserv\u00f6geln und Waldarten identifiziert, die den Park ihr Zuhause nennen.<\/p>\n<\/li>\n<li>\n<p data-path-to-node=\"16,4,0\"><strong>Aussichtspunkt au\u00dferhalb Afrikas<\/strong><b data-path-to-node=\"16,4,0\" data-index-in-node=\"0\">:<\/b> Besuchen Sie diesen landschaftlich reizvollen Ort (der durch den Film ber\u00fchmt wurde), um den See aus einer anderen Perspektive zu sehen, oft umgeben von weidenden Herden von Zebras und Wasserbocken.<\/p>\n<\/li>\n<li>\n<p data-path-to-node=\"16,5,0\"><strong>Picknicks in der Wildnis<\/strong><b data-path-to-node=\"16,5,0\" data-index-in-node=\"0\">:<\/b> Wir k\u00f6nnen ein privates &#8222;Buschfr\u00fchst\u00fcck&#8220; oder ein Picknick-Mittagessen an einem der ausgewiesenen Orte wie <b data-path-to-node=\"16,5,0\" data-index-in-node=\"115\">dem Pelican Picnic Site<\/b> organisieren, sodass Sie essen k\u00f6nnen, w\u00e4hrend Sie die Flusspferde in der Ferne beobachten.<\/p>\n<\/li>\n<\/ol>\n[\/info_list_son][\/info_list_father][\/vc_tta_section][\/vc_tta_tabs][\/vc_column][\/vc_row]\n","protected":false},"excerpt":{"rendered":"<p>[vc_row full_width=&#8220;stretch_row&#8220; gap=&#8220;1&#8243;][vc_column parallax=&#8220;content-moving&#8220; parallax_image=&#8220;42799&#8243; parallax_speed_bg=&#8220;1.8&#8243; css=&#8220;.vc_custom_1767854553453{padding-top: 80px !important;padding-right: 80px !important;padding-bottom: 80px !important;padding-left: 80px !important;}&#8220;][vc_custom_heading text=&#8220;Lake Nakuru Nationalpark&#8220; font_container=&#8220;tag:h1|font_size:32|text_align:left|color:%23ffffff&#8220; google_fonts=&#8220;font_family:Quicksand%3A300%2Cregular%2C700|font_style:400%20regular%3A400%3Anormal&#8220; el_class=&#8220;banner-txt&#8220;][vc_separator color=&#8220;custom&#8220; align=&#8220;align_left&#8220; border_width=&#8220;2&#8243; el_width=&#8220;20&#8243; accent_color=&#8220;#f8f8f8&#8243;][vc_custom_heading text=&#8220;Kenia&#8220; font_container=&#8220;tag:h2|font_size:18|text_align:left|color:%23ffffff&#8220; google_fonts=&#8220;font_family:Quicksand%3A300%2Cregular%2C700|font_style:400%20regular%3A400%3Anormal&#8220; el_class=&#8220;banner-txt&#8220;][\/vc_column][\/vc_row][vc_row][vc_column css=&#8220;.vc_custom_1673438873315{border-top-width: 10px !important;border-right-width: 10px !important;border-bottom-width: 10px !important;border-left-width: 10px !important;}&#8220;][vc_tta_tabs shape=&#8220;square&#8220; color=&#8220;juicy-pink&#8220; alignment=&#8220;center&#8220; active_section=&#8220;1&#8243; no_fill_content_area=&#8220;true&#8220;][vc_tta_section title=&#8220;\u00dcberblick&#8220; tab_id=&#8220;1633454673222-3d94f956-010c&#8220;][info_list_father listclr=&#8220;#f8f8f8&#8243;][info_list_son style=&#8220;icon&#8220; size=&#8220;20&#8243; width=&#8220;30&#8243; height=&#8220;20&#8243; titleclr=&#8220;#890000&#8243; icon=&#8220;fas fa-map-marked&#8220; iconclr=&#8220;#890000&#8243; [&hellip;]<\/p>\n","protected":false},"author":2,"featured_media":0,"parent":27929,"menu_order":8,"comment_status":"closed","ping_status":"closed","template":"","meta":{"_themeisle_gutenberg_block_has_review":false,"footnotes":""},"class_list":["post-42731","page","type-page","status-publish","hentry"],"_links":{"self":[{"href":"https:\/\/mufasatoursandtravels.com\/de\/wp-json\/wp\/v2\/pages\/42731","targetHints":{"allow":["GET"]}}],"collection":[{"href":"https:\/\/mufasatoursandtravels.com\/de\/wp-json\/wp\/v2\/pages"}],"about":[{"href":"https:\/\/mufasatoursandtravels.com\/de\/wp-json\/wp\/v2\/types\/page"}],"author":[{"embeddable":true,"href":"https:\/\/mufasatoursandtravels.com\/de\/wp-json\/wp\/v2\/users\/2"}],"replies":[{"embeddable":true,"href":"https:\/\/mufasatoursandtravels.com\/de\/wp-json\/wp\/v2\/comments?post=42731"}],"version-history":[{"count":3,"href":"https:\/\/mufasatoursandtravels.com\/de\/wp-json\/wp\/v2\/pages\/42731\/revisions"}],"predecessor-version":[{"id":42808,"href":"https:\/\/mufasatoursandtravels.com\/de\/wp-json\/wp\/v2\/pages\/42731\/revisions\/42808"}],"up":[{"embeddable":true,"href":"https:\/\/mufasatoursandtravels.com\/de\/wp-json\/wp\/v2\/pages\/27929"}],"wp:attachment":[{"href":"https:\/\/mufasatoursandtravels.com\/de\/wp-json\/wp\/v2\/media?parent=42731"}],"curies":[{"name":"wp","href":"https:\/\/api.w.org\/{rel}","templated":true}]}}