{"id":42817,"date":"2026-01-08T09:41:44","date_gmt":"2026-01-08T06:41:44","guid":{"rendered":"https:\/\/mufasatoursandtravels.com\/flugziele\/taita-huegel\/"},"modified":"2026-01-08T10:02:02","modified_gmt":"2026-01-08T07:02:02","slug":"taita-huegel","status":"publish","type":"page","link":"https:\/\/mufasatoursandtravels.com\/de\/flugziele\/taita-huegel\/","title":{"rendered":"Taita-H\u00fcgel"},"content":{"rendered":"[vc_row full_width=&#8220;stretch_row&#8220; gap=&#8220;1&#8243;][vc_column parallax=&#8220;content-moving&#8220; parallax_image=&#8220;7064&#8243; parallax_speed_bg=&#8220;1&#8243; css=&#8220;.vc_custom_1767854807011{padding-top: 80px !important;padding-right: 80px !important;padding-bottom: 80px !important;padding-left: 80px !important;}&#8220;][vc_custom_heading text=&#8220;Taita Hills Wildschutzgebiet&#8220; font_container=&#8220;tag:h1|font_size:32|text_align:left|color:%23ffffff&#8220; google_fonts=&#8220;font_family:Quicksand%3A300%2Cregular%2C700|font_style:400%20regular%3A400%3Anormal&#8220; el_class=&#8220;banner-txt&#8220;][vc_separator color=&#8220;custom&#8220; align=&#8220;align_left&#8220; border_width=&#8220;2&#8243; el_width=&#8220;20&#8243; accent_color=&#8220;#f8f8f8&#8243;][vc_custom_heading text=&#8220;Kenia&#8220; font_container=&#8220;tag:h2|font_size:18|text_align:left|color:%23ffffff&#8220; google_fonts=&#8220;font_family:Quicksand%3A300%2Cregular%2C700|font_style:400%20regular%3A400%3Anormal&#8220; el_class=&#8220;banner-txt&#8220;][\/vc_column][\/vc_row][vc_row][vc_column css=&#8220;.vc_custom_1673438873315{border-top-width: 10px !important;border-right-width: 10px !important;border-bottom-width: 10px !important;border-left-width: 10px !important;}&#8220;][vc_tta_tabs shape=&#8220;square&#8220; color=&#8220;juicy-pink&#8220; alignment=&#8220;center&#8220; active_section=&#8220;1&#8243; no_fill_content_area=&#8220;true&#8220;][vc_tta_section title=&#8220;\u00dcberblick&#8220; tab_id=&#8220;1633454673222-3d94f956-010c&#8220;][info_list_father listclr=&#8220;#f8f8f8&#8243;][info_list_son style=&#8220;icon&#8220; size=&#8220;20&#8243; width=&#8220;30&#8243; height=&#8220;20&#8243; titleclr=&#8220;#890000&#8243; icon=&#8220;fas fa-map-marked&#8220; iconclr=&#8220;#890000&#8243; iconbg=&#8220;#f8f8f8&#8243; borderclr=&#8220;#f8f8f8&#8243; title=&#8220;Eden Between The Tsavos&#8220; caption_url=&#8220;&#8220;]\n<p data-path-to-node=\"5\">Taita Hills Wildlife Sanctuary is a 28,000-acre private conservancy that serves as a vital wildlife corridor between Tsavo East and Tsavo West National Parks. Unlike the vast, rugged plains of the surrounding Tsavo ecosystem, Taita Hills offers a more intimate and verdant landscape characterized by grassy plains, riverine forests, and the dramatic backdrop of the Taita Hills mountains.<\/p>\n[\/info_list_son][info_list_son style=&#8220;icon&#8220; size=&#8220;20&#8243; width=&#8220;30&#8243; height=&#8220;20&#8243; titleclr=&#8220;#890000&#8243; icon=&#8220;fas fa-route&#8220; iconclr=&#8220;#890000&#8243; iconbg=&#8220;#f8f8f8&#8243; borderclr=&#8220;#f8f8f8&#8243; title=&#8220;What to expect&#8220; caption_url=&#8220;&#8220;]\n<ol>\n<li>\n<p data-path-to-node=\"6,0,0\"><strong>The Wildlife Corridor<\/strong><b data-path-to-node=\"6,0,0\" data-index-in-node=\"0\">:<\/b> Because it is a private sanctuary, the animal density is high. It is a haven for massive herds of elephants, lions, leopards, cheetahs, and the rare fringe-eared oryx.<\/p>\n<\/li>\n<li>\n<p data-path-to-node=\"6,1,0\"><strong>Birdwatcher\u2019s Haven<\/strong><b data-path-to-node=\"6,1,0\" data-index-in-node=\"0\">:<\/b> With over 300 recorded species, the sanctuary is a vital habitat for both local and migratory birds, including the extremely rare Taita Thrush and Taita White-eye.<\/p>\n<\/li>\n<li>\n<p data-path-to-node=\"6,2,0\"><strong>Exclusive Access<\/strong><b data-path-to-node=\"6,2,0\" data-index-in-node=\"0\">:<\/b> As a private conservancy, Taita Hills offers a more secluded experience with fewer tourist vehicles than the public national parks.<\/p>\n<\/li>\n<\/ol>\n[\/info_list_son][info_list_son style=&#8220;icon&#8220; size=&#8220;20&#8243; width=&#8220;30&#8243; height=&#8220;20&#8243; titleclr=&#8220;#890000&#8243; icon=&#8220;far fa-check-circle&#8220; iconclr=&#8220;#890000&#8243; iconbg=&#8220;#f8f8f8&#8243; borderclr=&#8220;#f8f8f8&#8243; title=&#8220;Seasonal Overview&#8220; caption_url=&#8220;&#8220;]\n<p data-path-to-node=\"6,2,0\">Animals congregate around the man-made waterholes and salt licks, offering guaranteed sightings.<\/p>\n[\/info_list_son][\/info_list_father][vc_btn title=&#8220;Holen Sie sich ein Angebot an&#8220; style=&#8220;outline-custom&#8220; outline_custom_color=&#8220;#890000&#8243; outline_custom_hover_background=&#8220;#890000&#8243; outline_custom_hover_text=&#8220;#ffffff&#8220; shape=&#8220;square&#8220; size=&#8220;sm&#8220; align=&#8220;center&#8220; i_align=&#8220;right&#8220; i_icon_fontawesome=&#8220;fas fa-angle-right&#8220; add_icon=&#8220;true&#8220; link=&#8220;url:https%3A%2F%2Fmufasatoursandtravels.com%2Fde%2Fangebot-anfordern%2F|title:Angebot%20anfordern|&#8220;][\/vc_tta_section][vc_tta_section title=&#8220;Unterkunft&#8220; tab_id=&#8220;1633455601016-f93699bc-5d92&#8243;][vc_row_inner css=&#8220;.vc_custom_1767855069474{padding: 10px !important;}&#8220;][vc_column_inner el_class=&#8220;custom-height&#8220; offset=&#8220;vc_hidden-md vc_hidden-sm vc_hidden-xs&#8220;][ucaddon_uc_side_carousel_content image=&#8220;42828&#8243; title=&#8220;Saltlick Safari Lodge&#8220; btn_text=&#8220;View Accomodation&#8220; link=&#8220;https:\/\/saltlicksafarilodge.com\/&#8220; uc_init_settings=&#8220;&#8220; uc_fonts_data=&#8220;JTdCJTdE&#8220;]QXJndWFibHklMjBvbmUlMjBvZiUyMHRoZSUyMG1vc3QlMjBwaG90b2dyYXBoZWQlMjBsb2RnZXMlMjBpbiUyMHRoZSUyMHdvcmxkLiUyMFRoaXMlMjBsdXh1cnklMjBsb2RnZSUyMGNvbnNpc3RzJTIwb2YlMjBjaXJjdWxhciUyMHJvb21zJTIwcGVyY2hlZCUyMG9uJTIwaGlnaCUyMHN0aWx0cyUyMGNvbm5lY3RlZCUyMGJ5JTIwZWxldmF0ZWQlMjB3YWxrd2F5cy4lMjBJdCUyMG92ZXJsb29rcyUyMGElMjBzZXJpZXMlMjBvZiUyMHdhdGVyaG9sZXMlMjBhbmQlMjBzYWx0JTIwbGlja3MlMjB0aGF0JTIwYXR0cmFjdCUyMHdpbGRsaWZlJTIwMjQlMkY3LiUyMFlvdSUyMGNhbiUyMGxpdGVyYWxseSUyMHdhdGNoJTIwZWxlcGhhbnRzJTIwd2FsayUyMGJlbmVhdGglMjB5b3VyJTIwcm9vbSUyMQ==[\/ucaddon_uc_side_carousel_content][\/vc_column_inner][\/vc_row_inner][vc_row_inner css=&#8220;.vc_custom_1767855069474{padding: 10px !important;}&#8220;][vc_column_inner el_class=&#8220;custom-height&#8220; offset=&#8220;vc_hidden-md vc_hidden-sm vc_hidden-xs&#8220;][ucaddon_uc_side_carousel_content image=&#8220;42834&#8243; title=&#8220;Taita Hills Safari Resort &amp; Spa&#8220; btn_text=&#8220;View Accomodation&#8220; link=&#8220;https:\/\/taitahillssafariresort.com\/&#8220; uc_init_settings=&#8220;&#8220; uc_fonts_data=&#8220;JTdCJTdE&#8220;]TG9jYXRlZCUyMGF0JTIwdGhlJTIwbWFpbiUyMGVudHJhbmNlJTIwdG8lMjB0aGUlMjBzYW5jdHVhcnklMkMlMjB0aGlzJTIwc3RvbmUtYnVpbHQlMjByZXNvcnQlMjByZXNlbWJsZXMlMjBhJTIwR2VybWFuJTIwZm9ydHJlc3MuJTIwSXQlMjBvZmZlcnMlMjBleHBhbnNpdmUlMjBnYXJkZW5zJTJDJTIwYSUyMGxhcmdlJTIwc3dpbW1pbmclMjBwb29sJTJDJTIwYW5kJTIwYSUyMG11c2V1bSUyMGRpc3BsYXlpbmclMjBhcnRpZmFjdHMlMjBmcm9tJTIwV29ybGQlMjBXYXIlMjBJ[\/ucaddon_uc_side_carousel_content][\/vc_column_inner][\/vc_row_inner][vc_row_inner css=&#8220;.vc_custom_1767855069474{padding: 10px !important;}&#8220;][vc_column_inner el_class=&#8220;custom-height&#8220; offset=&#8220;vc_hidden-lg&#8220;][vc_headings style=&#8220;theme2&#8243; borderclr=&#8220;#890000&#8243; title=&#8220;Saltlick Safari Lodge&#8220; align=&#8220;left&#8220; google_fonts=&#8220;font_family:Quicksand%3A300%2Cregular%2C700|font_style:400%20regular%3A400%3Anormal&#8220; titleclr=&#8220;#000000&#8243; caption_url=&#8220;&#8220; caption_urls=&#8220;&#8220; caption_urlss=&#8220;&#8220; caption_urldesc=&#8220;&#8220;]Arguably one of the most photographed lodges in the world. This luxury lodge consists of circular rooms perched on high stilts connected by elevated walkways. It overlooks a series of waterholes and salt licks that attract wildlife 24\/7. You can literally watch elephants walk beneath your room![\/vc_headings][vc_btn title=&#8220;Unterk\u00fcnfte ansehen&#8220; style=&#8220;outline-custom&#8220; outline_custom_color=&#8220;#890000&#8243; outline_custom_hover_background=&#8220;#890000&#8243; outline_custom_hover_text=&#8220;#ffffff&#8220; shape=&#8220;square&#8220; size=&#8220;sm&#8220; i_align=&#8220;right&#8220; i_icon_fontawesome=&#8220;fas fa-angle-right&#8220; add_icon=&#8220;true&#8220; css=&#8220;.vc_custom_1767855629598{padding-top: 10px !important;padding-right: 10px !important;padding-bottom: 10px !important;}&#8220; link=&#8220;url:https%3A%2F%2Fsaltlicksafarilodge.com%2F|&#8220;][\/vc_column_inner][\/vc_row_inner][vc_row_inner css=&#8220;.vc_custom_1767855069474{padding: 10px !important;}&#8220;][vc_column_inner el_class=&#8220;custom-height&#8220; offset=&#8220;vc_hidden-lg&#8220;][vc_headings style=&#8220;theme2&#8243; borderclr=&#8220;#890000&#8243; title=&#8220;Taita Hills Safari Resort &#038; Spa&#8220; align=&#8220;left&#8220; google_fonts=&#8220;font_family:Quicksand%3A300%2Cregular%2C700|font_style:400%20regular%3A400%3Anormal&#8220; titleclr=&#8220;#000000&#8243; caption_url=&#8220;&#8220; caption_urls=&#8220;&#8220; caption_urlss=&#8220;&#8220; caption_urldesc=&#8220;&#8220;]Located at the main entrance to the sanctuary, this stone-built resort resembles a German fortress. It offers expansive gardens, a large swimming pool, and a museum displaying artifacts from World War I[\/vc_headings][vc_btn title=&#8220;Unterk\u00fcnfte ansehen&#8220; style=&#8220;outline-custom&#8220; outline_custom_color=&#8220;#890000&#8243; outline_custom_hover_background=&#8220;#890000&#8243; outline_custom_hover_text=&#8220;#ffffff&#8220; shape=&#8220;square&#8220; size=&#8220;sm&#8220; i_align=&#8220;right&#8220; i_icon_fontawesome=&#8220;fas fa-angle-right&#8220; add_icon=&#8220;true&#8220; css=&#8220;.vc_custom_1767855822290{padding-top: 10px !important;padding-right: 10px !important;padding-bottom: 10px !important;}&#8220; link=&#8220;url:https%3A%2F%2Ftaitahillssafariresort.com%2F|&#8220;][\/vc_column_inner][\/vc_row_inner][\/vc_tta_section][vc_tta_section title=&#8220;Aktivit\u00e4ten&#8220; tab_id=&#8220;1767601538075-7b6924d3-776e&#8220;][info_list_father listclr=&#8220;#f8f8f8&#8243;][info_list_son style=&#8220;icon&#8220; size=&#8220;0&#8243; width=&#8220;0&#8243; height=&#8220;0&#8243; titleclr=&#8220;#f8f8f8&#8243; iconclr=&#8220;#f8f8f8&#8243; borderclr=&#8220;#f8f8f8&#8243; caption_url=&#8220;&#8220;]\n<ol>\n<li>\n<p data-path-to-node=\"16,0,0\"><strong>N\u00e4chtliche Gamedrives<\/strong><b data-path-to-node=\"16,0,0\" data-index-in-node=\"0\">:<\/b> Erleben Sie den Nervenkitzel des afrikanischen Busches nach Einbruch der Dunkelheit. Mit gefilterten Scheinwerfern verfolgen unsere Guides nachtaktive J\u00e4ger wie Leoparden, Hy\u00e4nen und den schwer fassbaren Honigdachs. <\/p>\n<\/li>\n<li>\n<p data-path-to-node=\"16,1,0\"><strong>Wildtier-&#8222;Versteck&#8220;-Fotografie<\/strong><b data-path-to-node=\"16,1,0\" data-index-in-node=\"0\">:<\/b> Verbringen Sie Zeit im unterirdischen Tunnel der Salt Lick Safari Lodge. Dieses &#8222;Versteck&#8220; bringt Sie auf Bodenh\u00f6he mit den Tieren und erm\u00f6glicht weltklasse, Nahaufnahmen von Wildtieren, die am Wasserloch trinken. <\/p>\n<\/li>\n<li>\n<p data-path-to-node=\"16,2,0\"><strong>Feldbesichtigungen zum Ersten Weltkrieg<\/strong><b data-path-to-node=\"16,2,0\" data-index-in-node=\"0\">:<\/b> F\u00fcr Geschichtsinteressierte beherbergen das Schutzgebiet und die umliegenden H\u00fcgel bedeutende Orte des Ersten Weltkriegs, an denen britische und deutsche Truppen aufeinanderstie\u00dfen. Wir k\u00f6nnen F\u00fchrungen zu den Forts und Scharfsch\u00fctzenposten organisieren. <\/p>\n<\/li>\n<li>\n<p data-path-to-node=\"16,3,0\"><strong>Gef\u00fchrte Naturspazierg\u00e4nge<\/strong><b data-path-to-node=\"16,3,0\" data-index-in-node=\"0\">:<\/b> Erkunden Sie zu Fu\u00df die kleinen Details des Busches. Begleitet von einem Schutzgebiete-Ranger lernen Sie etwas \u00fcber Tierverfolgung, einheimische Pflanzen und das lebendige Vogelleben des Taita-\u00d6kosystems. <\/p>\n<\/li>\n<li>\n<p data-path-to-node=\"16,4,0\"><strong>Bush Breakfasts &amp; Sundowners<\/strong><b data-path-to-node=\"16,4,0\" data-index-in-node=\"0\">:<\/b> Genie\u00dfen Sie ein privates Essen im Herzen der Wildnis. Wir haben Sundowner auf malerischen H\u00f6henz\u00fcgen aufgebaut, wo man mit einem Drink in der Hand die Sonne hinter den Taita-H\u00fcgeln sinken sehen kann. <\/p>\n<\/li>\n<li>\n<p data-path-to-node=\"16,5,0\"><strong>Besuchen Sie die Taita Hills Community<\/strong><b data-path-to-node=\"16,5,0\" data-index-in-node=\"0\">:<\/b> Treten Sie mit den einheimischen Taita in Kontakt. Erfahren Sie mehr \u00fcber ihre einzigartige Kultur, die Landwirtschaft in den Hochl\u00e4ndern und wie sie von den Naturschutzma\u00dfnahmen des Schutzes profitieren. <\/p>\n<\/li>\n<\/ol>\n[\/info_list_son][\/info_list_father][\/vc_tta_section][\/vc_tta_tabs][\/vc_column][\/vc_row]\n","protected":false},"excerpt":{"rendered":"<p>[vc_row full_width=&#8220;stretch_row&#8220; gap=&#8220;1&#8243;][vc_column parallax=&#8220;content-moving&#8220; parallax_image=&#8220;7064&#8243; parallax_speed_bg=&#8220;1&#8243; css=&#8220;.vc_custom_1767854807011{padding-top: 80px !important;padding-right: 80px !important;padding-bottom: 80px !important;padding-left: 80px !important;}&#8220;][vc_custom_heading text=&#8220;Taita Hills Wildschutzgebiet&#8220; font_container=&#8220;tag:h1|font_size:32|text_align:left|color:%23ffffff&#8220; google_fonts=&#8220;font_family:Quicksand%3A300%2Cregular%2C700|font_style:400%20regular%3A400%3Anormal&#8220; el_class=&#8220;banner-txt&#8220;][vc_separator color=&#8220;custom&#8220; align=&#8220;align_left&#8220; border_width=&#8220;2&#8243; el_width=&#8220;20&#8243; accent_color=&#8220;#f8f8f8&#8243;][vc_custom_heading text=&#8220;Kenia&#8220; font_container=&#8220;tag:h2|font_size:18|text_align:left|color:%23ffffff&#8220; google_fonts=&#8220;font_family:Quicksand%3A300%2Cregular%2C700|font_style:400%20regular%3A400%3Anormal&#8220; el_class=&#8220;banner-txt&#8220;][\/vc_column][\/vc_row][vc_row][vc_column css=&#8220;.vc_custom_1673438873315{border-top-width: 10px !important;border-right-width: 10px !important;border-bottom-width: 10px !important;border-left-width: 10px !important;}&#8220;][vc_tta_tabs shape=&#8220;square&#8220; color=&#8220;juicy-pink&#8220; alignment=&#8220;center&#8220; active_section=&#8220;1&#8243; no_fill_content_area=&#8220;true&#8220;][vc_tta_section title=&#8220;\u00dcberblick&#8220; tab_id=&#8220;1633454673222-3d94f956-010c&#8220;][info_list_father listclr=&#8220;#f8f8f8&#8243;][info_list_son style=&#8220;icon&#8220; size=&#8220;20&#8243; width=&#8220;30&#8243; height=&#8220;20&#8243; titleclr=&#8220;#890000&#8243; icon=&#8220;fas fa-map-marked&#8220; iconclr=&#8220;#890000&#8243; [&hellip;]<\/p>\n","protected":false},"author":2,"featured_media":0,"parent":27929,"menu_order":9,"comment_status":"closed","ping_status":"closed","template":"","meta":{"_themeisle_gutenberg_block_has_review":false,"footnotes":""},"class_list":["post-42817","page","type-page","status-publish","hentry"],"_links":{"self":[{"href":"https:\/\/mufasatoursandtravels.com\/de\/wp-json\/wp\/v2\/pages\/42817","targetHints":{"allow":["GET"]}}],"collection":[{"href":"https:\/\/mufasatoursandtravels.com\/de\/wp-json\/wp\/v2\/pages"}],"about":[{"href":"https:\/\/mufasatoursandtravels.com\/de\/wp-json\/wp\/v2\/types\/page"}],"author":[{"embeddable":true,"href":"https:\/\/mufasatoursandtravels.com\/de\/wp-json\/wp\/v2\/users\/2"}],"replies":[{"embeddable":true,"href":"https:\/\/mufasatoursandtravels.com\/de\/wp-json\/wp\/v2\/comments?post=42817"}],"version-history":[{"count":4,"href":"https:\/\/mufasatoursandtravels.com\/de\/wp-json\/wp\/v2\/pages\/42817\/revisions"}],"predecessor-version":[{"id":42849,"href":"https:\/\/mufasatoursandtravels.com\/de\/wp-json\/wp\/v2\/pages\/42817\/revisions\/42849"}],"up":[{"embeddable":true,"href":"https:\/\/mufasatoursandtravels.com\/de\/wp-json\/wp\/v2\/pages\/27929"}],"wp:attachment":[{"href":"https:\/\/mufasatoursandtravels.com\/de\/wp-json\/wp\/v2\/media?parent=42817"}],"curies":[{"name":"wp","href":"https:\/\/api.w.org\/{rel}","templated":true}]}}