{"id":42856,"date":"2026-01-08T10:02:19","date_gmt":"2026-01-08T07:02:19","guid":{"rendered":"https:\/\/mufasatoursandtravels.com\/flugziele\/aberdare-nationalpark-2\/"},"modified":"2026-01-08T12:42:43","modified_gmt":"2026-01-08T09:42:43","slug":"aberdare-nationalpark-2","status":"publish","type":"page","link":"https:\/\/mufasatoursandtravels.com\/de\/flugziele\/aberdare-nationalpark-2\/","title":{"rendered":"Aberdare-Nationalpark"},"content":{"rendered":"[vc_row full_width=&#8220;stretch_row&#8220; gap=&#8220;1&#8243;][vc_column parallax=&#8220;content-moving&#8220; parallax_image=&#8220;42877&#8243; parallax_speed_bg=&#8220;1.9&#8243; css=&#8220;.vc_custom_1767863783229{padding-top: 80px !important;padding-right: 80px !important;padding-bottom: 80px !important;padding-left: 80px !important;}&#8220;][vc_custom_heading text=&#8220;Aberdare-Nationalpark&#8220; font_container=&#8220;tag:h1|font_size:32|text_align:left|color:%23ffffff&#8220; google_fonts=&#8220;font_family:Quicksand%3A300%2Cregular%2C700|font_style:400%20regular%3A400%3Anormal&#8220; el_class=&#8220;banner-txt&#8220;][vc_separator color=&#8220;custom&#8220; align=&#8220;align_left&#8220; border_width=&#8220;2&#8243; el_width=&#8220;20&#8243; accent_color=&#8220;#f8f8f8&#8243;][vc_custom_heading text=&#8220;Kenia&#8220; font_container=&#8220;tag:h2|font_size:18|text_align:left|color:%23ffffff&#8220; google_fonts=&#8220;font_family:Quicksand%3A300%2Cregular%2C700|font_style:400%20regular%3A400%3Anormal&#8220; el_class=&#8220;banner-txt&#8220;][\/vc_column][\/vc_row][vc_row][vc_column css=&#8220;.vc_custom_1673438873315{border-top-width: 10px !important;border-right-width: 10px !important;border-bottom-width: 10px !important;border-left-width: 10px !important;}&#8220;][vc_tta_tabs shape=&#8220;square&#8220; color=&#8220;juicy-pink&#8220; alignment=&#8220;center&#8220; active_section=&#8220;1&#8243; no_fill_content_area=&#8220;true&#8220;][vc_tta_section title=&#8220;\u00dcberblick&#8220; tab_id=&#8220;1633454673222-3d94f956-010c&#8220;][info_list_father listclr=&#8220;#f8f8f8&#8243;][info_list_son style=&#8220;icon&#8220; size=&#8220;20&#8243; width=&#8220;30&#8243; height=&#8220;20&#8243; titleclr=&#8220;#890000&#8243; icon=&#8220;fas fa-map-marked&#8220; iconclr=&#8220;#890000&#8243; iconbg=&#8220;#f8f8f8&#8243; borderclr=&#8220;#f8f8f8&#8243; title=&#8220;The Mystical Highlands of Kenya&#8220; caption_url=&#8220;&#8220;]\n<p data-path-to-node=\"5\">Aberdare National Park is a dramatic departure from the typical African safari image. Part of the Aberdare Mountain Range, this park is a lush wonderland of misty rain forests, deep ravines, and open moorlands. Sitting at altitudes of up to 4,000 meters, it offers a cool, crisp climate and some of the most spectacular waterfalls in East Africa. It is also famously where Princess Elizabeth ascended to the throne of England while staying at the Treetops Hotel.<\/p>\n[\/info_list_son][info_list_son style=&#8220;icon&#8220; size=&#8220;20&#8243; width=&#8220;30&#8243; height=&#8220;20&#8243; titleclr=&#8220;#890000&#8243; icon=&#8220;fas fa-route&#8220; iconclr=&#8220;#890000&#8243; iconbg=&#8220;#f8f8f8&#8243; borderclr=&#8220;#f8f8f8&#8243; title=&#8220;What to expect&#8220; caption_url=&#8220;&#8220;]\n<ol>\n<li>\n<p data-path-to-node=\"6,0,0\"><strong>The Wildlife<\/strong><b data-path-to-node=\"6,0,0\" data-index-in-node=\"0\">:<\/b> Home to the &#8222;Big Five,&#8220; though sightings here are a thrilling challenge due to the thick canopy. It is the best place in Kenya to see the elusive <b data-path-to-node=\"6,0,0\" data-index-in-node=\"160\">Bongo Antelope<\/b>, giant forest hogs, and rare <b data-path-to-node=\"6,0,0\" data-index-in-node=\"204\">Black Leopards<\/b>.<\/p>\n<\/li>\n<li>\n<p data-path-to-node=\"6,1,0\"><strong>The Landscape<\/strong><b data-path-to-node=\"6,1,0\" data-index-in-node=\"0\">:<\/b> Explore a terrain that ranges from high-altitude heathery moorlands (reminiscent of the Scottish Highlands) to dense bamboo forests and rainforests.<\/p>\n<\/li>\n<li>\n<p data-path-to-node=\"6,2,0\"><strong>Birding Paradise<\/strong><b data-path-to-node=\"6,2,0\" data-index-in-node=\"0\">:<\/b> With over 250 species of birds, including the endangered Aberdare Cisticola, Jackson&#8217;s Francolin, and various sunbirds and eagles.<\/p>\n<\/li>\n<\/ol>\n[\/info_list_son][info_list_son style=&#8220;icon&#8220; size=&#8220;20&#8243; width=&#8220;30&#8243; height=&#8220;20&#8243; titleclr=&#8220;#890000&#8243; icon=&#8220;far fa-check-circle&#8220; iconclr=&#8220;#890000&#8243; iconbg=&#8220;#f8f8f8&#8243; borderclr=&#8220;#f8f8f8&#8243; title=&#8220;Seasonal Overview&#8220; caption_url=&#8220;&#8220;]\n<p data-path-to-node=\"6,2,0\">This is a high-rainfall area; even in the dry season, mist and rain are common, which adds to the park&#8217;s ethereal charm.<\/p>\n[\/info_list_son][\/info_list_father][vc_btn title=&#8220;Holen Sie sich ein Angebot an&#8220; style=&#8220;outline-custom&#8220; outline_custom_color=&#8220;#890000&#8243; outline_custom_hover_background=&#8220;#890000&#8243; outline_custom_hover_text=&#8220;#ffffff&#8220; shape=&#8220;square&#8220; size=&#8220;sm&#8220; align=&#8220;center&#8220; i_align=&#8220;right&#8220; i_icon_fontawesome=&#8220;fas fa-angle-right&#8220; add_icon=&#8220;true&#8220; link=&#8220;url:https%3A%2F%2Fmufasatoursandtravels.com%2Fde%2Fangebot-anfordern%2F|title:Angebot%20anfordern|&#8220;][\/vc_tta_section][vc_tta_section title=&#8220;Unterkunft&#8220; tab_id=&#8220;1633455601016-f93699bc-5d92&#8243;][vc_row_inner css=&#8220;.vc_custom_1767864036208{padding: 10px !important;}&#8220;][vc_column_inner el_class=&#8220;custom-height&#8220; offset=&#8220;vc_hidden-md vc_hidden-sm vc_hidden-xs&#8220;][ucaddon_uc_side_carousel_content image=&#8220;42883&#8243; title=&#8220;Die Ark Lodge&#8220; btn_text=&#8220;View Accomodation&#8220; link=&#8220;https:\/\/thearkkenya.com\/&#8220; uc_init_settings=&#8220;&#8220; uc_fonts_data=&#8220;JTdCJTdE&#8220;]TW9kZWxlZCUyMGFmdGVyJTIwTm9haCVFMiU4MCU5OXMlMjBBcmslMkMlMjB0aGlzJTIwbG9kZ2UlMjBoYXMlMjBmb3VyJTIwdmlld2luZyUyMGRlY2tzLiUyMEElMjBidXp6ZXIlMjBpbiUyMHlvdXIlMjByb29tJTIwd2lsbCUyMGFsZXJ0JTIweW91JTIwYXQlMjBuaWdodCUyMGlmJTIwYSUyMHJhcmUlMjBhbmltYWwlMjAlMjhsaWtlJTIwYSUyMGxlb3BhcmQlMjBvciUyMHJoaW5vJTI5JTIwYXJyaXZlcyUyMGF0JTIwdGhlJTIwd2F0ZXJob2xlLg==[\/ucaddon_uc_side_carousel_content][\/vc_column_inner][\/vc_row_inner][vc_row_inner css=&#8220;.vc_custom_1767864036208{padding: 10px !important;}&#8220;][vc_column_inner el_class=&#8220;custom-height&#8220; offset=&#8220;vc_hidden-md vc_hidden-sm vc_hidden-xs&#8220;][ucaddon_uc_side_carousel_content image=&#8220;42889&#8243; title=&#8220;Aberdare Country Club&#8220; btn_text=&#8220;View Accomodation&#8220; link=&#8220;https:\/\/marasa.net\/aberdare-country-club\/&#8220; uc_init_settings=&#8220;&#8220; uc_fonts_data=&#8220;JTdCJTdE&#8220;]VGhlJTIwZ2F0ZXdheSUyMHRvJTIwdGhlJTIwcGFyayUyQyUyMHNldCUyMG9uJTIwYSUyMDElMkM1MDAtYWNyZSUyMHdpbGRsaWZlJTIwc2FuY3R1YXJ5LiUyMEl0JTIwb2ZmZXJzJTIwYSUyMGNvbG9uaWFsLXN0eWxlJTIwY2hhcm0lMjB3aXRoJTIwYSUyMGdvbGYlMjBjb3Vyc2UlMkMlMjBzcGElMkMlMjBhbmQlMjBiZWF1dGlmdWwlMjBnYXJkZW5zLg==[\/ucaddon_uc_side_carousel_content][\/vc_column_inner][\/vc_row_inner][vc_row_inner css=&#8220;.vc_custom_1767864036208{padding: 10px !important;}&#8220;][vc_column_inner el_class=&#8220;custom-height&#8220; offset=&#8220;vc_hidden-md vc_hidden-sm vc_hidden-xs&#8220;][ucaddon_uc_side_carousel_content image=&#8220;42895&#8243; title=&#8220;Treetops Lodge&#8220; btn_text=&#8220;View Accomodation&#8220; link=&#8220;https:\/\/treetops.ke\/&#8220; uc_init_settings=&#8220;&#8220; uc_fonts_data=&#8220;JTdCJTdE&#8220;]U3RlZXBlZCUyMGluJTIwaGlzdG9yeSUyQyUyMHRoaXMlMjBpcyUyMHdoZXJlJTIwdGhlJTIwQnJpdGlzaCUyMFJveWFsJTIwZmFtaWx5JTIwc3RheWVkJTIwaW4lMjAxOTUyLiUyMEl0JTIwb2ZmZXJzJTIwYSUyMHVuaXF1ZSUyMHZhbnRhZ2UlMjBwb2ludCUyMG92ZXIlMjBhJTIwYnVzdGxpbmclMjB3YXRlcmhvbGUlMjBhbmQlMjBzYWx0JTIwbGljay4=[\/ucaddon_uc_side_carousel_content][\/vc_column_inner][\/vc_row_inner][vc_row_inner css=&#8220;.vc_custom_1767864036208{padding: 10px !important;}&#8220;][vc_column_inner el_class=&#8220;custom-height&#8220; offset=&#8220;vc_hidden-lg&#8220;][vc_headings style=&#8220;theme2&#8243; borderclr=&#8220;#890000&#8243; title=&#8220;The Ark Lodge&#8220; align=&#8220;left&#8220; google_fonts=&#8220;font_family:Quicksand%3A300%2Cregular%2C700|font_style:400%20regular%3A400%3Anormal&#8220; titleclr=&#8220;#000000&#8243; caption_url=&#8220;&#8220; caption_urls=&#8220;&#8220; caption_urlss=&#8220;&#8220; caption_urldesc=&#8220;&#8220;]Modeled after Noah\u2019s Ark, this lodge has four viewing decks. A buzzer in your room will alert you at night if a rare animal (like a leopard or rhino) arrives at the waterhole.[\/vc_headings][vc_btn title=&#8220;Unterk\u00fcnfte ansehen&#8220; style=&#8220;outline-custom&#8220; outline_custom_color=&#8220;#890000&#8243; outline_custom_hover_background=&#8220;#890000&#8243; outline_custom_hover_text=&#8220;#ffffff&#8220; shape=&#8220;square&#8220; size=&#8220;sm&#8220; i_align=&#8220;right&#8220; i_icon_fontawesome=&#8220;fas fa-angle-right&#8220; add_icon=&#8220;true&#8220; css=&#8220;.vc_custom_1767865439019{padding-top: 10px !important;padding-right: 10px !important;padding-bottom: 10px !important;}&#8220; link=&#8220;url:https%3A%2F%2Fthearkkenya.com%2F|&#8220;][\/vc_column_inner][\/vc_row_inner][vc_row_inner css=&#8220;.vc_custom_1767864036208{padding: 10px !important;}&#8220;][vc_column_inner el_class=&#8220;custom-height&#8220; offset=&#8220;vc_hidden-lg&#8220;][vc_headings style=&#8220;theme2&#8243; borderclr=&#8220;#890000&#8243; title=&#8220;Aberdare Country Club&#8220; align=&#8220;left&#8220; google_fonts=&#8220;font_family:Quicksand%3A300%2Cregular%2C700|font_style:400%20regular%3A400%3Anormal&#8220; titleclr=&#8220;#000000&#8243; caption_url=&#8220;&#8220; caption_urls=&#8220;&#8220; caption_urlss=&#8220;&#8220; caption_urldesc=&#8220;&#8220;]The gateway to the park, set on a 1,500-acre wildlife sanctuary. It offers a colonial-style charm with a golf course, spa, and beautiful gardens.[\/vc_headings][vc_btn title=&#8220;Unterk\u00fcnfte ansehen&#8220; style=&#8220;outline-custom&#8220; outline_custom_color=&#8220;#890000&#8243; outline_custom_hover_background=&#8220;#890000&#8243; outline_custom_hover_text=&#8220;#ffffff&#8220; shape=&#8220;square&#8220; size=&#8220;sm&#8220; i_align=&#8220;right&#8220; i_icon_fontawesome=&#8220;fas fa-angle-right&#8220; add_icon=&#8220;true&#8220; css=&#8220;.vc_custom_1767865425576{padding-top: 10px !important;padding-right: 10px !important;padding-bottom: 10px !important;}&#8220; link=&#8220;url:https%3A%2F%2Fmarasa.net%2Faberdare-country-club%2F|&#8220;][\/vc_column_inner][\/vc_row_inner][vc_row_inner css=&#8220;.vc_custom_1767864036208{padding: 10px !important;}&#8220;][vc_column_inner el_class=&#8220;custom-height&#8220; offset=&#8220;vc_hidden-lg&#8220;][vc_headings style=&#8220;theme2&#8243; borderclr=&#8220;#890000&#8243; title=&#8220;Treetops Lodge&#8220; align=&#8220;left&#8220; google_fonts=&#8220;font_family:Quicksand%3A300%2Cregular%2C700|font_style:400%20regular%3A400%3Anormal&#8220; titleclr=&#8220;#000000&#8243; caption_url=&#8220;&#8220; caption_urls=&#8220;&#8220; caption_urlss=&#8220;&#8220; caption_urldesc=&#8220;&#8220;]Steeped in history, this is where the British Royal family stayed in 1952. It offers a unique vantage point over a bustling waterhole and salt lick.[\/vc_headings][vc_btn title=&#8220;Unterk\u00fcnfte ansehen&#8220; style=&#8220;outline-custom&#8220; outline_custom_color=&#8220;#890000&#8243; outline_custom_hover_background=&#8220;#890000&#8243; outline_custom_hover_text=&#8220;#ffffff&#8220; shape=&#8220;square&#8220; size=&#8220;sm&#8220; i_align=&#8220;right&#8220; i_icon_fontawesome=&#8220;fas fa-angle-right&#8220; add_icon=&#8220;true&#8220; css=&#8220;.vc_custom_1767865376951{padding-top: 10px !important;padding-right: 10px !important;padding-bottom: 10px !important;}&#8220; link=&#8220;url:https%3A%2F%2Ftreetops.ke%2F|&#8220;][\/vc_column_inner][\/vc_row_inner][\/vc_tta_section][vc_tta_section title=&#8220;Aktivit\u00e4ten&#8220; tab_id=&#8220;1767601538075-7b6924d3-776e&#8220;][info_list_father listclr=&#8220;#f8f8f8&#8243;][info_list_son style=&#8220;icon&#8220; size=&#8220;0&#8243; width=&#8220;0&#8243; height=&#8220;0&#8243; titleclr=&#8220;#f8f8f8&#8243; iconclr=&#8220;#f8f8f8&#8243; borderclr=&#8220;#f8f8f8&#8243; caption_url=&#8220;&#8220;]\n<ol>\n<li>\n<p data-path-to-node=\"16,0,0\"><strong>Wasserfalljagd<\/strong><b data-path-to-node=\"16,0,0\" data-index-in-node=\"0\">:<\/b> Besuchen Sie die gro\u00dfartigen <b data-path-to-node=\"16,0,0\" data-index-in-node=\"41\">Karuru-Wasserf\u00e4lle<\/b>, die in drei Stufen \u00fcber 273 Meter st\u00fcrzen, oder die <b data-path-to-node=\"16,0,0\" data-index-in-node=\"108\">Chania-Wasserf\u00e4lle<\/b>. Dies geh\u00f6ren zu den sch\u00f6nsten Fotospots in Kenia. <\/p>\n<\/li>\n<li>\n<p data-path-to-node=\"16,1,0\"><strong>Moorland-Wandern<\/strong><b data-path-to-node=\"16,1,0\" data-index-in-node=\"0\">:<\/b> Machen Sie eine gef\u00fchrte Wanderung \u00fcber die hochgelegenen Plateaus. Die Ausblicke von den Gipfeln (wie dem Ol Donyo Lesatima) sind atemberaubend und bieten einen Blick auf den Mount Kenya in der Ferne. <\/p>\n<\/li>\n<li>\n<p data-path-to-node=\"16,2,0\"><strong>Forellenangeln<\/strong><b data-path-to-node=\"16,2,0\" data-index-in-node=\"0\">:<\/b> Die k\u00fchlen Bergmoore des Parks beherbergen klare, eiskalte B\u00e4che. Wir k\u00f6nnen einen Tag Fliegenfischen auf Bach- und Regenbogenforellen organisieren (Angellizenz erforderlich). <\/p>\n<\/li>\n<li>\n<p data-path-to-node=\"16,3,0\"><strong>24-Stunden-Wildtier-&#8222;Beobachtung&#8220;<\/strong><b data-path-to-node=\"16,3,0\" data-index-in-node=\"0\">:<\/b> In Lodges wie The Ark genie\u00dfen Sie &#8222;Sesselsafari&#8220;. Beobachten Sie, wie Elefanten, B\u00fcffel und Nash\u00f6rner bequem von einer Lounge aus mit einem warmen Getr\u00e4nk zum Salzlecken kommen. <\/p>\n<\/li>\n<li>\n<p data-path-to-node=\"16,4,0\"><strong>Vogelbeobachtungsspazierg\u00e4nge<\/strong><b data-path-to-node=\"16,4,0\" data-index-in-node=\"0\">:<\/b> Erkunden Sie die Bambus- und Regenwaldgebiete mit unseren erfahrenen F\u00fchrern, um die einzigartigen Bergvogelarten zu entdecken.<\/p>\n<\/li>\n<li>\n<p data-path-to-node=\"16,5,0\"><strong>Wildfahrten<\/strong><b data-path-to-node=\"16,5,0\" data-index-in-node=\"0\">:<\/b> Durchqueren Sie den &#8222;Salient&#8220; (den tiefer gelegenen Wald), um die seltenen Bongo-Antilopen und die ber\u00fchmten Elefanten des Parks zu finden, die daf\u00fcr bekannt sind, etwas kleiner und schwer fassbarer zu sein als ihre Savannenverwandten.<\/p>\n<\/li>\n<\/ol>\n[\/info_list_son][\/info_list_father][\/vc_tta_section][\/vc_tta_tabs][\/vc_column][\/vc_row]\n","protected":false},"excerpt":{"rendered":"<p>[vc_row full_width=&#8220;stretch_row&#8220; gap=&#8220;1&#8243;][vc_column parallax=&#8220;content-moving&#8220; parallax_image=&#8220;42877&#8243; parallax_speed_bg=&#8220;1.9&#8243; css=&#8220;.vc_custom_1767863783229{padding-top: 80px !important;padding-right: 80px !important;padding-bottom: 80px !important;padding-left: 80px !important;}&#8220;][vc_custom_heading text=&#8220;Aberdare-Nationalpark&#8220; font_container=&#8220;tag:h1|font_size:32|text_align:left|color:%23ffffff&#8220; google_fonts=&#8220;font_family:Quicksand%3A300%2Cregular%2C700|font_style:400%20regular%3A400%3Anormal&#8220; el_class=&#8220;banner-txt&#8220;][vc_separator color=&#8220;custom&#8220; align=&#8220;align_left&#8220; border_width=&#8220;2&#8243; el_width=&#8220;20&#8243; accent_color=&#8220;#f8f8f8&#8243;][vc_custom_heading text=&#8220;Kenia&#8220; font_container=&#8220;tag:h2|font_size:18|text_align:left|color:%23ffffff&#8220; google_fonts=&#8220;font_family:Quicksand%3A300%2Cregular%2C700|font_style:400%20regular%3A400%3Anormal&#8220; el_class=&#8220;banner-txt&#8220;][\/vc_column][\/vc_row][vc_row][vc_column css=&#8220;.vc_custom_1673438873315{border-top-width: 10px !important;border-right-width: 10px !important;border-bottom-width: 10px !important;border-left-width: 10px !important;}&#8220;][vc_tta_tabs shape=&#8220;square&#8220; color=&#8220;juicy-pink&#8220; alignment=&#8220;center&#8220; active_section=&#8220;1&#8243; no_fill_content_area=&#8220;true&#8220;][vc_tta_section title=&#8220;\u00dcberblick&#8220; tab_id=&#8220;1633454673222-3d94f956-010c&#8220;][info_list_father listclr=&#8220;#f8f8f8&#8243;][info_list_son style=&#8220;icon&#8220; size=&#8220;20&#8243; width=&#8220;30&#8243; height=&#8220;20&#8243; titleclr=&#8220;#890000&#8243; icon=&#8220;fas fa-map-marked&#8220; iconclr=&#8220;#890000&#8243; iconbg=&#8220;#f8f8f8&#8243; borderclr=&#8220;#f8f8f8&#8243; [&hellip;]<\/p>\n","protected":false},"author":2,"featured_media":0,"parent":27929,"menu_order":10,"comment_status":"closed","ping_status":"closed","template":"","meta":{"_themeisle_gutenberg_block_has_review":false,"footnotes":""},"class_list":["post-42856","page","type-page","status-publish","hentry"],"_links":{"self":[{"href":"https:\/\/mufasatoursandtravels.com\/de\/wp-json\/wp\/v2\/pages\/42856","targetHints":{"allow":["GET"]}}],"collection":[{"href":"https:\/\/mufasatoursandtravels.com\/de\/wp-json\/wp\/v2\/pages"}],"about":[{"href":"https:\/\/mufasatoursandtravels.com\/de\/wp-json\/wp\/v2\/types\/page"}],"author":[{"embeddable":true,"href":"https:\/\/mufasatoursandtravels.com\/de\/wp-json\/wp\/v2\/users\/2"}],"replies":[{"embeddable":true,"href":"https:\/\/mufasatoursandtravels.com\/de\/wp-json\/wp\/v2\/comments?post=42856"}],"version-history":[{"count":6,"href":"https:\/\/mufasatoursandtravels.com\/de\/wp-json\/wp\/v2\/pages\/42856\/revisions"}],"predecessor-version":[{"id":42907,"href":"https:\/\/mufasatoursandtravels.com\/de\/wp-json\/wp\/v2\/pages\/42856\/revisions\/42907"}],"up":[{"embeddable":true,"href":"https:\/\/mufasatoursandtravels.com\/de\/wp-json\/wp\/v2\/pages\/27929"}],"wp:attachment":[{"href":"https:\/\/mufasatoursandtravels.com\/de\/wp-json\/wp\/v2\/media?parent=42856"}],"curies":[{"name":"wp","href":"https:\/\/api.w.org\/{rel}","templated":true}]}}