{"id":42914,"date":"2026-01-08T12:43:19","date_gmt":"2026-01-08T09:43:19","guid":{"rendered":"https:\/\/mufasatoursandtravels.com\/flugziele\/loisaba-naturschutzgebiet-2\/"},"modified":"2026-01-08T13:20:49","modified_gmt":"2026-01-08T10:20:49","slug":"loisaba-naturschutzgebiet-2","status":"publish","type":"page","link":"https:\/\/mufasatoursandtravels.com\/de\/flugziele\/loisaba-naturschutzgebiet-2\/","title":{"rendered":"Loisaba Naturschutzgebiet"},"content":{"rendered":"[vc_row full_width=&#8220;stretch_row&#8220; gap=&#8220;1&#8243;][vc_column parallax=&#8220;content-moving&#8220; parallax_image=&#8220;9755&#8243; parallax_speed_bg=&#8220;1&#8243; css=&#8220;.vc_custom_1767865808068{padding-top: 80px !important;padding-right: 80px !important;padding-bottom: 80px !important;padding-left: 80px !important;}&#8220;][vc_custom_heading text=&#8220;Loisaba Naturschutzgebiet&#8220; font_container=&#8220;tag:h1|font_size:32|text_align:left|color:%23ffffff&#8220; google_fonts=&#8220;font_family:Quicksand%3A300%2Cregular%2C700|font_style:400%20regular%3A400%3Anormal&#8220; el_class=&#8220;banner-txt&#8220;][vc_separator color=&#8220;custom&#8220; align=&#8220;align_left&#8220; border_width=&#8220;2&#8243; el_width=&#8220;20&#8243; accent_color=&#8220;#f8f8f8&#8243;][vc_custom_heading text=&#8220;Kenia&#8220; font_container=&#8220;tag:h2|font_size:18|text_align:left|color:%23ffffff&#8220; google_fonts=&#8220;font_family:Quicksand%3A300%2Cregular%2C700|font_style:400%20regular%3A400%3Anormal&#8220; el_class=&#8220;banner-txt&#8220;][\/vc_column][\/vc_row][vc_row][vc_column css=&#8220;.vc_custom_1673438873315{border-top-width: 10px !important;border-right-width: 10px !important;border-bottom-width: 10px !important;border-left-width: 10px !important;}&#8220;][vc_tta_tabs shape=&#8220;square&#8220; color=&#8220;juicy-pink&#8220; alignment=&#8220;center&#8220; active_section=&#8220;1&#8243; no_fill_content_area=&#8220;true&#8220;][vc_tta_section title=&#8220;\u00dcberblick&#8220; tab_id=&#8220;1633454673222-3d94f956-010c&#8220;][info_list_father listclr=&#8220;#f8f8f8&#8243;][info_list_son style=&#8220;icon&#8220; size=&#8220;20&#8243; width=&#8220;30&#8243; height=&#8220;20&#8243; titleclr=&#8220;#890000&#8243; icon=&#8220;fas fa-map-marked&#8220; iconclr=&#8220;#890000&#8243; iconbg=&#8220;#f8f8f8&#8243; borderclr=&#8220;#f8f8f8&#8243; title=&#8220;A Gateway to the Northern Frontier&#8220; caption_url=&#8220;&#8220;]\n<p data-path-to-node=\"5\">Loisaba Conservancy is a 57,000-acre private sanctuary in Northern Laikipia that serves as a vital corridor for the Great Northern Migration. Far from the crowded safari circuits, Loisaba offers a landscape of sweeping plateaus, deep river valleys, and spectacular views of Mount Kenya. It is a world-renowned success story where wildlife conservation and community development work hand-in-hand.<\/p>\n[\/info_list_son][info_list_son style=&#8220;icon&#8220; size=&#8220;20&#8243; width=&#8220;30&#8243; height=&#8220;20&#8243; titleclr=&#8220;#890000&#8243; icon=&#8220;fas fa-route&#8220; iconclr=&#8220;#890000&#8243; iconbg=&#8220;#f8f8f8&#8243; borderclr=&#8220;#f8f8f8&#8243; title=&#8220;What to expect&#8220; caption_url=&#8220;&#8220;]\n<ol>\n<li>\n<p data-path-to-node=\"6,0,0\"><strong>Rare Northern Species<\/strong><b data-path-to-node=\"6,0,0\" data-index-in-node=\"0\">:<\/b> Beyond the &#8222;Big Five,&#8220; Loisaba is one of the best places to see the &#8222;Northern Specials&#8220;\u2014the Reticulated Giraffe, Grevy\u2019s Zebra, Somali Ostrich, and the Beisa Oryx.<\/p>\n<\/li>\n<li>\n<p data-path-to-node=\"6,1,0\"><strong>The Predator Capital<\/strong><b data-path-to-node=\"6,1,0\" data-index-in-node=\"0\">:<\/b> Loisaba has a thriving population of lions and is a critical habitat for the elusive leopard and the endangered African Wild Dog.<\/p>\n<\/li>\n<li>\n<p data-path-to-node=\"6,2,0\"><strong>Conservation Hub<\/strong><b data-path-to-node=\"6,2,0\" data-index-in-node=\"0\">:<\/b> Home to the Elewana Loisaba Lab, the conservancy is at the forefront of anti-poaching technology and elephant tracking research.<\/p>\n<\/li>\n<\/ol>\n[\/info_list_son][info_list_son style=&#8220;icon&#8220; size=&#8220;20&#8243; width=&#8220;30&#8243; height=&#8220;20&#8243; titleclr=&#8220;#890000&#8243; icon=&#8220;far fa-check-circle&#8220; iconclr=&#8220;#890000&#8243; iconbg=&#8220;#f8f8f8&#8243; borderclr=&#8220;#f8f8f8&#8243; title=&#8220;Seasonal Overview&#8220; caption_url=&#8220;&#8220;]\n<p data-path-to-node=\"6,2,0\">All year long its Perfect for birdwatching and enjoying the lush, emerald landscapes with dust-free air for photography.<\/p>\n[\/info_list_son][\/info_list_father][vc_btn title=&#8220;Holen Sie sich ein Angebot an&#8220; style=&#8220;outline-custom&#8220; outline_custom_color=&#8220;#890000&#8243; outline_custom_hover_background=&#8220;#890000&#8243; outline_custom_hover_text=&#8220;#ffffff&#8220; shape=&#8220;square&#8220; size=&#8220;sm&#8220; align=&#8220;center&#8220; i_align=&#8220;right&#8220; i_icon_fontawesome=&#8220;fas fa-angle-right&#8220; add_icon=&#8220;true&#8220; link=&#8220;url:https%3A%2F%2Fmufasatoursandtravels.com%2Fde%2Fangebot-anfordern%2F|title:Angebot%20anfordern|&#8220;][\/vc_tta_section][vc_tta_section title=&#8220;Unterkunft&#8220; tab_id=&#8220;1633455601016-f93699bc-5d92&#8243;][vc_row_inner css=&#8220;.vc_custom_1767866906971{padding: 10px !important;}&#8220;][vc_column_inner el_class=&#8220;custom-height&#8220; offset=&#8220;vc_hidden-md vc_hidden-sm vc_hidden-xs&#8220;][ucaddon_uc_side_carousel_content image=&#8220;42928&#8243; title=&#8220;Loisaba Zeltlager&#8220; btn_text=&#8220;View Accomodation&#8220; link=&#8220;https:\/\/www.elewanacollection.com\/loisaba-tented-camp\/at-a-glance&#8220; uc_init_settings=&#8220;&#8220; uc_fonts_data=&#8220;JTdCJTdE&#8220;]UGVyY2hlZCUyMG9uJTIwdGhlJTIwZWRnZSUyMG9mJTIwYSUyMDUwMC1mb290JTIwZXNjYXJwbWVudCUyQyUyMHRoaXMlMjBjYW1wJTIwb2ZmZXJzJTIwc29waGlzdGljYXRlZCUyQyUyMGhpZ2gtZW5kJTIwdGVudHMlMjB3aXRoJTIwZmxvb3ItdG8tY2VpbGluZyUyMHdpbmRvd3MlMjBhbmQlMjBhbiUyMGluZmluaXR5JTIwcG9vbCUyMHRoYXQlMjBvdmVybG9va3MlMjB0aGUlMjBMYWlraXBpYSUyMHBsYWlucyUyMGFsbCUyMHRoZSUyMHdheSUyMHRvJTIwTXQuJTIwS2VueWEu[\/ucaddon_uc_side_carousel_content][\/vc_column_inner][\/vc_row_inner][vc_row_inner css=&#8220;.vc_custom_1767866906971{padding: 10px !important;}&#8220;][vc_column_inner el_class=&#8220;custom-height&#8220; offset=&#8220;vc_hidden-md vc_hidden-sm vc_hidden-xs&#8220;][ucaddon_uc_side_carousel_content image=&#8220;42934&#8243; title=&#8220;Loisaba Lodo Quellen&#8220; btn_text=&#8220;View Accomodation&#8220; link=&#8220;https:\/\/www.elewanacollection.com\/loisaba-lodo-springs\/at-a-glance&#8220; uc_init_settings=&#8220;&#8220; uc_fonts_data=&#8220;JTdCJTdE&#8220;]QW4lMjB1bHRyYS1wcml2YXRlJTIwZXhwZXJpZW5jZSUyMGZlYXR1cmluZyUyMGV4cGFuc2l2ZSUyMGluZGl2aWR1YWwlMjB0ZW50ZWQlMjByb29tcyUyMCUyOGVhY2glMjB3aXRoJTIwaXRzJTIwb3duJTIwJTIyR3Vlc3QlMjBBbWJhc3NhZG9yJTIyJTI5LiUyMEl0JTIwb2ZmZXJzJTIwdG90YWwlMjBzZWNsdXNpb24lMjBhbmQlMjBhJTIwcGVyc29uYWxpemVkJTIwc2FmYXJpJTIwcGFjZQ==[\/ucaddon_uc_side_carousel_content][\/vc_column_inner][\/vc_row_inner][vc_row_inner css=&#8220;.vc_custom_1767866906971{padding: 10px !important;}&#8220;][vc_column_inner el_class=&#8220;custom-height&#8220; offset=&#8220;vc_hidden-md vc_hidden-sm vc_hidden-xs&#8220;][ucaddon_uc_side_carousel_content image=&#8220;42940&#8243; title=&#8220;Lewa Safari Camp&#8220; btn_text=&#8220;View Accomodation&#8220; link=&#8220;https:\/\/www.elewanacollection.com\/lewa-safari-camp\/at-a-glance&#8220; uc_init_settings=&#8220;&#8220; uc_fonts_data=&#8220;JTdCJTdE&#8220;]cHJhd2xpbmclMjBvdmVyJTIwdGhlJTIwcm9sbGluZyUyMHBsYWlucyUyMG5vcnRoJTIwb2YlMjBNdCUyMEtlbnlhJTJDJTIwTGV3YSUyMFdpbGRsaWZlJTIwQ29uc2VydmFuY3klMjBpcyUyMGElMjBwcm9saWZpYyUyMHdpbGRsaWZlJTIwY29uc2VydmFuY3klMjB0aGF0JTIwaXMlMjBwb3B1bGFyJTIwd2l0aCUyMGNlbGVicml0aWVzJTJDJTIwY29uc2VydmF0aW9uaXN0cyUyQyUyMHdyaXRlcnMlMjBhbmQlMjBwaG90b2dyYXBoZXJzLiUyMExld2ElMjBmb3VuZCUyMHJlY2VudCUyMG1lZGlhJTIwYXR0ZW50aW9uJTIwd2l0aCUyMHN0b3JpZXMlMjBvZiUyMGElMjBSb3lhbCUyMHJvbWFuY2UlMjBhbmQlMjB0aGUlMjBmYWlyeXRhbGUlMjBlbmdhZ2VtZW50JTIwdGhhdCUyMGZvbGxvd2Vk[\/ucaddon_uc_side_carousel_content][\/vc_column_inner][\/vc_row_inner][vc_row_inner css=&#8220;.vc_custom_1767866906971{padding: 10px !important;}&#8220;][vc_column_inner el_class=&#8220;custom-height&#8220; offset=&#8220;vc_hidden-lg&#8220;][vc_headings style=&#8220;theme2&#8243; borderclr=&#8220;#890000&#8243; title=&#8220;Loisaba Tented camp&#8220; align=&#8220;left&#8220; google_fonts=&#8220;font_family:Quicksand%3A300%2Cregular%2C700|font_style:400%20regular%3A400%3Anormal&#8220; titleclr=&#8220;#000000&#8243; caption_url=&#8220;&#8220; caption_urls=&#8220;&#8220; caption_urlss=&#8220;&#8220; caption_urldesc=&#8220;&#8220;]Perched on the edge of a 500-foot escarpment, this camp offers sophisticated, high-end tents with floor-to-ceiling windows and an infinity pool that overlooks the Laikipia plains all the way to Mt. Kenya.[\/vc_headings][vc_btn title=&#8220;Unterk\u00fcnfte ansehen&#8220; style=&#8220;outline-custom&#8220; outline_custom_color=&#8220;#890000&#8243; outline_custom_hover_background=&#8220;#890000&#8243; outline_custom_hover_text=&#8220;#ffffff&#8220; shape=&#8220;square&#8220; size=&#8220;sm&#8220; i_align=&#8220;right&#8220; i_icon_fontawesome=&#8220;fas fa-angle-right&#8220; add_icon=&#8220;true&#8220; link=&#8220;url:https%3A%2F%2Fwww.elewanacollection.com%2Floisaba-tented-camp%2Fat-a-glance|&#8220; css=&#8220;.vc_custom_1767867552239{padding-top: 10px !important;padding-right: 10px !important;padding-bottom: 10px !important;}&#8220;][\/vc_column_inner][\/vc_row_inner][vc_row_inner css=&#8220;.vc_custom_1767866906971{padding: 10px !important;}&#8220;][vc_column_inner el_class=&#8220;custom-height&#8220; offset=&#8220;vc_hidden-lg&#8220;][vc_headings style=&#8220;theme2&#8243; borderclr=&#8220;#890000&#8243; title=&#8220;Loisaba Lodo SPrings&#8220; align=&#8220;left&#8220; google_fonts=&#8220;font_family:Quicksand%3A300%2Cregular%2C700|font_style:400%20regular%3A400%3Anormal&#8220; titleclr=&#8220;#000000&#8243; caption_url=&#8220;&#8220; caption_urls=&#8220;&#8220; caption_urlss=&#8220;&#8220; caption_urldesc=&#8220;&#8220;]An ultra-private experience featuring expansive individual tented rooms (each with its own &#8222;Guest Ambassador&#8220;). It offers total seclusion and a personalized safari pace.[\/vc_headings][vc_btn title=&#8220;Unterk\u00fcnfte ansehen&#8220; style=&#8220;outline-custom&#8220; outline_custom_color=&#8220;#890000&#8243; outline_custom_hover_background=&#8220;#890000&#8243; outline_custom_hover_text=&#8220;#ffffff&#8220; shape=&#8220;square&#8220; size=&#8220;sm&#8220; i_align=&#8220;right&#8220; i_icon_fontawesome=&#8220;fas fa-angle-right&#8220; add_icon=&#8220;true&#8220; link=&#8220;url:https%3A%2F%2Fwww.elewanacollection.com%2Floisaba-lodo-springs%2Fat-a-glance|&#8220; css=&#8220;.vc_custom_1767867627175{padding-top: 10px !important;padding-right: 10px !important;padding-bottom: 10px !important;}&#8220;][\/vc_column_inner][\/vc_row_inner][vc_row_inner css=&#8220;.vc_custom_1767866906971{padding: 10px !important;}&#8220;][vc_column_inner el_class=&#8220;custom-height&#8220; offset=&#8220;vc_hidden-lg&#8220;][vc_headings style=&#8220;theme2&#8243; borderclr=&#8220;#890000&#8243; title=&#8220;Lewa Safari camp&#8220; align=&#8220;left&#8220; google_fonts=&#8220;font_family:Quicksand%3A300%2Cregular%2C700|font_style:400%20regular%3A400%3Anormal&#8220; titleclr=&#8220;#000000&#8243; caption_url=&#8220;&#8220; caption_urls=&#8220;&#8220; caption_urlss=&#8220;&#8220; caption_urldesc=&#8220;&#8220;]prawling over the rolling plains north of Mt Kenya, Lewa Wildlife Conservancy is a prolific wildlife conservancy that is popular with celebrities, conservationists, writers and photographers. Lewa found recent media attention with stories of a Royal romance and the fairytale engagement that followed[\/vc_headings][vc_btn title=&#8220;Unterk\u00fcnfte ansehen&#8220; style=&#8220;outline-custom&#8220; outline_custom_color=&#8220;#890000&#8243; outline_custom_hover_background=&#8220;#890000&#8243; outline_custom_hover_text=&#8220;#ffffff&#8220; shape=&#8220;square&#8220; size=&#8220;sm&#8220; i_align=&#8220;right&#8220; i_icon_fontawesome=&#8220;fas fa-angle-right&#8220; add_icon=&#8220;true&#8220; link=&#8220;url:https%3A%2F%2Fwww.elewanacollection.com%2Flewa-safari-camp%2Fat-a-glance|&#8220; css=&#8220;.vc_custom_1767867718537{padding-top: 10px !important;padding-right: 10px !important;padding-bottom: 10px !important;}&#8220;][\/vc_column_inner][\/vc_row_inner][\/vc_tta_section][vc_tta_section title=&#8220;Aktivit\u00e4ten&#8220; tab_id=&#8220;1767601538075-7b6924d3-776e&#8220;][info_list_father listclr=&#8220;#f8f8f8&#8243;][info_list_son style=&#8220;icon&#8220; size=&#8220;0&#8243; width=&#8220;0&#8243; height=&#8220;0&#8243; titleclr=&#8220;#f8f8f8&#8243; iconclr=&#8220;#f8f8f8&#8243; borderclr=&#8220;#f8f8f8&#8243; caption_url=&#8220;&#8220;]\n<p data-path-to-node=\"15\">Ein Spielplatz f\u00fcr den modernen Entdecker Loisaba ist ber\u00fchmt f\u00fcr seine &#8222;No-Fence&#8220;-Philosophie und erm\u00f6glicht eine unglaubliche Auswahl an aktiven Abenteuern.<\/p>\n<ol start=\"1\" data-path-to-node=\"16\">\n<li>\n<p data-path-to-node=\"16,0,0\"><strong>Gef\u00fchrte Wildfahrten<\/strong><b data-path-to-node=\"16,0,0\" data-index-in-node=\"0\">:<\/b> Entdecken Sie das weite Schutzgebiet mit ma\u00dfgefertigten 4&#215;4-Fahrzeugen. Mit weniger Touristen sieht man oft L\u00f6wen oder Wildhunde ganz f\u00fcr sich allein. <\/p>\n<\/li>\n<li>\n<p data-path-to-node=\"16,1,0\"><strong>Pferde- und Kamelsafaris<\/strong><b data-path-to-node=\"16,1,0\" data-index-in-node=\"0\">:<\/b> Kommen Sie Giraffen und Zebras n\u00e4her als je zuvor. Das Reiten durch den Busch zu Pferd oder Kamel erm\u00f6glicht es dir, still und leise in die Umgebung einzutauchen. <\/p>\n<\/li>\n<li>\n<p data-path-to-node=\"16,2,0\"><strong>Mountainbiken<\/strong><b data-path-to-node=\"16,2,0\" data-index-in-node=\"0\">:<\/b> F\u00fcr aktive Reisende bieten wir gef\u00fchrte Mountainbike-Touren \u00fcber das Plateau an \u2013 eine spannende M\u00f6glichkeit, die Landschaft und ihre Tierwelt zu sehen.<\/p>\n<\/li>\n<li>\n<p data-path-to-node=\"16,3,0\"><strong>Besuche der Anti-Wilderei-K9-Einheit<\/strong><b data-path-to-node=\"16,3,0\" data-index-in-node=\"0\">:<\/b> Lernen Sie die Bluthunde und deren Betreuer der Schutzorganisation kennen. Sie k\u00f6nnen an einer &#8222;Demonstration&#8220; teilnehmen, um zu sehen, wie diese Hunde Ger\u00fcche verfolgen, um Nash\u00f6rner und Elefanten zu sch\u00fctzen. <\/p>\n<\/li>\n<li>\n<p data-path-to-node=\"16,4,0\"><strong>Gef\u00fchrte Buschwanderungen<\/strong><b data-path-to-node=\"16,4,0\" data-index-in-node=\"0\">:<\/b> Spazieren Sie mit traditionellen Samburu-Guides, um die Kunst des F\u00e4hrtenfahrens, die medizinischen Anwendungen lokaler Pflanzen und die &#8222;Kleinen F\u00fcnf&#8220; des Buschs zu erlernen.<\/p>\n<\/li>\n<li>\n<p data-path-to-node=\"16,5,0\"><strong>Flussrafting &amp; Angeln<\/strong><b data-path-to-node=\"16,5,0\" data-index-in-node=\"0\">:<\/b> In den feuchteren Monaten bieten die Fl\u00fcsse Ewaso Nyiro und Ng&#8217;are Narok spannende M\u00f6glichkeiten zum Rafting oder Welsfischen in den Pools.<\/p>\n<\/li>\n<li>\n<p data-path-to-node=\"16,6,0\"><strong>Kulturelle Besuche<\/strong><b data-path-to-node=\"16,6,0\" data-index-in-node=\"0\">:<\/b> Verbringen Sie Zeit mit den lokalen Samburu- und Laikipiak-Maasai-Gemeinschaften, um mehr \u00fcber deren Viehmanagement und ihr lebendiges kulturelles Erbe zu erfahren.<\/p>\n<\/li>\n<\/ol>\n[\/info_list_son][\/info_list_father][\/vc_tta_section][\/vc_tta_tabs][\/vc_column][\/vc_row]\n","protected":false},"excerpt":{"rendered":"<p>[vc_row full_width=&#8220;stretch_row&#8220; gap=&#8220;1&#8243;][vc_column parallax=&#8220;content-moving&#8220; parallax_image=&#8220;9755&#8243; parallax_speed_bg=&#8220;1&#8243; css=&#8220;.vc_custom_1767865808068{padding-top: 80px !important;padding-right: 80px !important;padding-bottom: 80px !important;padding-left: 80px !important;}&#8220;][vc_custom_heading text=&#8220;Loisaba Naturschutzgebiet&#8220; font_container=&#8220;tag:h1|font_size:32|text_align:left|color:%23ffffff&#8220; google_fonts=&#8220;font_family:Quicksand%3A300%2Cregular%2C700|font_style:400%20regular%3A400%3Anormal&#8220; el_class=&#8220;banner-txt&#8220;][vc_separator color=&#8220;custom&#8220; align=&#8220;align_left&#8220; border_width=&#8220;2&#8243; el_width=&#8220;20&#8243; accent_color=&#8220;#f8f8f8&#8243;][vc_custom_heading text=&#8220;Kenia&#8220; font_container=&#8220;tag:h2|font_size:18|text_align:left|color:%23ffffff&#8220; google_fonts=&#8220;font_family:Quicksand%3A300%2Cregular%2C700|font_style:400%20regular%3A400%3Anormal&#8220; el_class=&#8220;banner-txt&#8220;][\/vc_column][\/vc_row][vc_row][vc_column css=&#8220;.vc_custom_1673438873315{border-top-width: 10px !important;border-right-width: 10px !important;border-bottom-width: 10px !important;border-left-width: 10px !important;}&#8220;][vc_tta_tabs shape=&#8220;square&#8220; color=&#8220;juicy-pink&#8220; alignment=&#8220;center&#8220; active_section=&#8220;1&#8243; no_fill_content_area=&#8220;true&#8220;][vc_tta_section title=&#8220;\u00dcberblick&#8220; tab_id=&#8220;1633454673222-3d94f956-010c&#8220;][info_list_father listclr=&#8220;#f8f8f8&#8243;][info_list_son style=&#8220;icon&#8220; size=&#8220;20&#8243; width=&#8220;30&#8243; height=&#8220;20&#8243; titleclr=&#8220;#890000&#8243; icon=&#8220;fas fa-map-marked&#8220; iconclr=&#8220;#890000&#8243; iconbg=&#8220;#f8f8f8&#8243; [&hellip;]<\/p>\n","protected":false},"author":2,"featured_media":0,"parent":27929,"menu_order":11,"comment_status":"closed","ping_status":"closed","template":"","meta":{"_themeisle_gutenberg_block_has_review":false,"footnotes":""},"class_list":["post-42914","page","type-page","status-publish","hentry"],"_links":{"self":[{"href":"https:\/\/mufasatoursandtravels.com\/de\/wp-json\/wp\/v2\/pages\/42914","targetHints":{"allow":["GET"]}}],"collection":[{"href":"https:\/\/mufasatoursandtravels.com\/de\/wp-json\/wp\/v2\/pages"}],"about":[{"href":"https:\/\/mufasatoursandtravels.com\/de\/wp-json\/wp\/v2\/types\/page"}],"author":[{"embeddable":true,"href":"https:\/\/mufasatoursandtravels.com\/de\/wp-json\/wp\/v2\/users\/2"}],"replies":[{"embeddable":true,"href":"https:\/\/mufasatoursandtravels.com\/de\/wp-json\/wp\/v2\/comments?post=42914"}],"version-history":[{"count":4,"href":"https:\/\/mufasatoursandtravels.com\/de\/wp-json\/wp\/v2\/pages\/42914\/revisions"}],"predecessor-version":[{"id":42950,"href":"https:\/\/mufasatoursandtravels.com\/de\/wp-json\/wp\/v2\/pages\/42914\/revisions\/42950"}],"up":[{"embeddable":true,"href":"https:\/\/mufasatoursandtravels.com\/de\/wp-json\/wp\/v2\/pages\/27929"}],"wp:attachment":[{"href":"https:\/\/mufasatoursandtravels.com\/de\/wp-json\/wp\/v2\/media?parent=42914"}],"curies":[{"name":"wp","href":"https:\/\/api.w.org\/{rel}","templated":true}]}}