{"id":42964,"date":"2026-01-08T13:21:42","date_gmt":"2026-01-08T10:21:42","guid":{"rendered":"https:\/\/mufasatoursandtravels.com\/flugziele\/naibosho-conservancy\/"},"modified":"2026-01-09T10:09:11","modified_gmt":"2026-01-09T07:09:11","slug":"naibosho-conservancy","status":"publish","type":"page","link":"https:\/\/mufasatoursandtravels.com\/de\/flugziele\/naibosho-conservancy\/","title":{"rendered":"Naibosho Conservancy"},"content":{"rendered":"[vc_row full_width=&#8220;stretch_row&#8220; gap=&#8220;1&#8243;][vc_column parallax=&#8220;content-moving&#8220; parallax_image=&#8220;6958&#8243; parallax_speed_bg=&#8220;1&#8243; css=&#8220;.vc_custom_1767939706593{padding-top: 80px !important;padding-right: 80px !important;padding-bottom: 80px !important;padding-left: 80px !important;}&#8220;][vc_custom_heading text=&#8220;Naibosho Conservancy&#8220; font_container=&#8220;tag:h1|font_size:32|text_align:left|color:%23ffffff&#8220; google_fonts=&#8220;font_family:Quicksand%3A300%2Cregular%2C700|font_style:400%20regular%3A400%3Anormal&#8220; el_class=&#8220;banner-txt&#8220;][vc_separator color=&#8220;custom&#8220; align=&#8220;align_left&#8220; border_width=&#8220;2&#8243; el_width=&#8220;20&#8243; accent_color=&#8220;#f8f8f8&#8243;][vc_custom_heading text=&#8220;Kenia&#8220; font_container=&#8220;tag:h2|font_size:18|text_align:left|color:%23ffffff&#8220; google_fonts=&#8220;font_family:Quicksand%3A300%2Cregular%2C700|font_style:400%20regular%3A400%3Anormal&#8220; el_class=&#8220;banner-txt&#8220;][\/vc_column][\/vc_row][vc_row][vc_column css=&#8220;.vc_custom_1673438873315{border-top-width: 10px !important;border-right-width: 10px !important;border-bottom-width: 10px !important;border-left-width: 10px !important;}&#8220;][vc_tta_tabs shape=&#8220;square&#8220; color=&#8220;juicy-pink&#8220; alignment=&#8220;center&#8220; active_section=&#8220;1&#8243; no_fill_content_area=&#8220;true&#8220;][vc_tta_section title=&#8220;\u00dcberblick&#8220; tab_id=&#8220;1633454673222-3d94f956-010c&#8220;][info_list_father listclr=&#8220;#f8f8f8&#8243;][info_list_son style=&#8220;icon&#8220; size=&#8220;20&#8243; width=&#8220;30&#8243; height=&#8220;20&#8243; titleclr=&#8220;#890000&#8243; icon=&#8220;fas fa-map-marked&#8220; iconclr=&#8220;#890000&#8243; iconbg=&#8220;#f8f8f8&#8243; borderclr=&#8220;#f8f8f8&#8243; title=&#8220;Wilderness in the heart of the Mara&#8220;]\n<p data-path-to-node=\"5\">Mara Naboisho Conservancy is a breathtaking 50,000-acre private sanctuary bordering the Masai Mara National Reserve. Created as a partnership between over 500 Maasai landowners and conservationists, &#8222;Naboisho&#8220; (meaning <i data-path-to-node=\"5\" data-index-in-node=\"278\">harmony<\/i> in Maa) is a world leader in sustainable tourism. By strictly limiting the number of guests and vehicles, the conservancy offers a silent, intimate safari experience that is often impossible to find in the public reserve.<\/p>\n[\/info_list_son][info_list_son style=&#8220;icon&#8220; size=&#8220;20&#8243; width=&#8220;30&#8243; height=&#8220;20&#8243; titleclr=&#8220;#890000&#8243; icon=&#8220;fas fa-route&#8220; iconclr=&#8220;#890000&#8243; iconbg=&#8220;#f8f8f8&#8243; borderclr=&#8220;#f8f8f8&#8243; title=&#8220;What to expect&#8220;]\n<ol>\n<li>\n<p data-path-to-node=\"6,0,0\"><strong>The Lion Capital<\/strong><b data-path-to-node=\"6,0,0\" data-index-in-node=\"0\">:<\/b> Naboisho has one of the highest densities of lions in the world. It is a critical research area for the Mara Lion Project and offers almost guaranteed sightings of massive prides.<\/p>\n<\/li>\n<li>\n<p data-path-to-node=\"6,1,0\"><strong>The Rare &amp; Elusive<\/strong><b data-path-to-node=\"6,1,0\" data-index-in-node=\"0\">:<\/b> Beyond the &#8222;Big Five,&#8220; the conservancy is a stronghold for the endangered African Wild Dog and serves as a vital corridor for the &#8222;Secret Migration&#8220; of wildebeest between the Loita Plains and the Mara.<\/p>\n<\/li>\n<li>\n<p data-path-to-node=\"6,2,0\"><strong>Conservation in Action<\/strong><b data-path-to-node=\"6,2,0\" data-index-in-node=\"0\">:<\/b> Your visit directly supports the local Maasai community, ensuring that wildlife and livestock can thrive together.<\/p>\n<\/li>\n<\/ol>\n[\/info_list_son][info_list_son style=&#8220;icon&#8220; size=&#8220;20&#8243; width=&#8220;30&#8243; height=&#8220;20&#8243; titleclr=&#8220;#890000&#8243; icon=&#8220;far fa-check-circle&#8220; iconclr=&#8220;#890000&#8243; iconbg=&#8220;#f8f8f8&#8243; borderclr=&#8220;#f8f8f8&#8243; title=&#8220;Seasonal Overview&#8220;]\n<p data-path-to-node=\"7\">Naboisho is a spectacular year-round destination, with each season offering a unique perspective of the African wilderness:<\/p>\n<ul data-path-to-node=\"8\">\n<li>\n<p data-path-to-node=\"8,0,0\"><strong>The Emerald Season<\/strong><b data-path-to-node=\"8,0,0\" data-index-in-node=\"0\">:<\/b> Following the rains, the conservancy turns a vibrant green. This is the time of &#8222;plenty,&#8220; featuring crystal-clear air for photography, lush landscapes, and an abundance of migratory birds.<\/p>\n<\/li>\n<li>\n<p data-path-to-node=\"8,1,0\"><strong>The Predator Season<\/strong><b data-path-to-node=\"8,1,0\" data-index-in-node=\"0\">:<\/b> As the grass thins and the landscape turns to gold, visibility for tracking big cats increases. This season is defined by high-stakes drama as predators congregate around the permanent waterholes.<\/p>\n<\/li>\n<li>\n<p data-path-to-node=\"8,2,0\"><strong>The Birthing Season<\/strong><b data-path-to-node=\"8,2,0\" data-index-in-node=\"0\">:<\/b> A magical window where the plains are filled with new life. Thousands of calves and foals take their first steps, attracting intense activity from the resident lion prides and leopard populations.<\/p>\n<\/li>\n<\/ul>\n[\/info_list_son][\/info_list_father][vc_btn title=&#8220;Holen Sie sich ein Angebot an&#8220; style=&#8220;outline-custom&#8220; outline_custom_color=&#8220;#890000&#8243; outline_custom_hover_background=&#8220;#890000&#8243; outline_custom_hover_text=&#8220;#ffffff&#8220; shape=&#8220;square&#8220; size=&#8220;sm&#8220; align=&#8220;center&#8220; i_align=&#8220;right&#8220; i_icon_fontawesome=&#8220;fas fa-angle-right&#8220; add_icon=&#8220;true&#8220; link=&#8220;url:https%3A%2F%2Fmufasatoursandtravels.com%2Fde%2Fangebot-anfordern%2F|title:Angebot%20anfordern|&#8220;][\/vc_tta_section][vc_tta_section title=&#8220;Unterkunft&#8220; tab_id=&#8220;1633455601016-f93699bc-5d92&#8243;][vc_row_inner css=&#8220;.vc_custom_1767870250058{padding: 10px !important;}&#8220;][vc_column_inner el_class=&#8220;custom-height&#8220; offset=&#8220;vc_hidden-md vc_hidden-sm vc_hidden-xs&#8220;][ucaddon_uc_side_carousel_content image=&#8220;42972&#8243; title=&#8220;Nabooisho-Lager&#8220; btn_text=&#8220;View Accomodation&#8220; link=&#8220;https:\/\/www.asiliaafrica.com\/camps-lodges\/naboisho-camp\/&#8220; uc_fonts_data=&#8220;JTdCJTdE&#8220;]QSUyMGNsYXNzaWMlMkMlMjBoaWdoLWVuZCUyMHRlbnRlZCUyMGNhbXAlMjBrbm93biUyMGZvciUyMGl0cyUyMGV4Y2VwdGlvbmFsJTIwZ3VpZGluZyUyMGFuZCUyMGRlZXAlMjBjb25uZWN0aW9uJTIwdG8lMjB0aGUlMjBsb2NhbCUyME1hYXNhaSUyMGNvbW11bml0eS4=[\/ucaddon_uc_side_carousel_content][\/vc_column_inner][\/vc_row_inner][vc_row_inner css=&#8220;.vc_custom_1767870250058{padding: 10px !important;}&#8220;][vc_column_inner el_class=&#8220;custom-height&#8220; offset=&#8220;vc_hidden-md vc_hidden-sm vc_hidden-xs&#8220;][ucaddon_uc_side_carousel_content image=&#8220;42978&#8243; title=&#8220;Kicheche-Tal-Lager&#8220; btn_text=&#8220;View Accomodation&#8220; link=&#8220;https:\/\/kicheche.com\/kicheche-valley\/&#8220; uc_fonts_data=&#8220;JTdCJTdE&#8220;]U2V0JTIwaW4lMjBhJTIwYmVhdXRpZnVsJTIwdmFsbGV5JTJDJTIwdGhpcyUyMGNhbXAlMjBpcyUyMGElMjBmYXZvcml0ZSUyMGZvciUyMHBob3RvZ3JhcGhlcnMlMkMlMjBvZmZlcmluZyUyMGludGltYXRlJTIwd2lsZGxpZmUlMjBlbmNvdW50ZXJzJTIwYW5kJTIwd29ybGQtY2xhc3MlMjBzZXJ2aWNlLg==[\/ucaddon_uc_side_carousel_content][\/vc_column_inner][\/vc_row_inner][vc_row_inner css=&#8220;.vc_custom_1767870250058{padding: 10px !important;}&#8220;][vc_column_inner el_class=&#8220;custom-height&#8220; offset=&#8220;vc_hidden-md vc_hidden-sm vc_hidden-xs&#8220;][ucaddon_uc_side_carousel_content image=&#8220;42990&#8243; title=&#8220;Begegnung des Mara-Lagers&#8220; btn_text=&#8220;View Accomodation&#8220; link=&#8220;https:\/\/www.asiliaafrica.com\/camps-lodges\/encounter-mara\/&#8220; uc_fonts_data=&#8220;JTdCJTdE&#8220;]TmVzdGxlZCUyMGluJTIwYSUyMGZvcmVzdCUyMG9mJTIwYWNhY2lhJTIwdHJlZXMlMkMlMjB0aGlzJTIwY2FtcCUyMG9mZmVycyUyMGElMjBxdWlldCUyQyUyMHNlY2x1ZGVkJTIwYXRtb3NwaGVyZSUyMHBlcmZlY3QlMjBmb3IlMjB0aG9zZSUyMGxvb2tpbmclMjB0byUyMHRydWx5JTIwJTIyZGlzY29ubmVjdC4lMjI=[\/ucaddon_uc_side_carousel_content][\/vc_column_inner][\/vc_row_inner][vc_row_inner css=&#8220;.vc_custom_1767870250058{padding: 10px !important;}&#8220;][vc_column_inner el_class=&#8220;custom-height&#8220; offset=&#8220;vc_hidden-md vc_hidden-sm vc_hidden-xs&#8220;][ucaddon_uc_side_carousel_content image=&#8220;42996&#8243; title=&#8220;Saruni-Adlerblick&#8220; btn_text=&#8220;View Accomodation&#8220; link=&#8220;https:\/\/sarunibasecamp.com\/our-properties\/saruni-eagle-view\/&#8220; uc_fonts_data=&#8220;JTdCJTdE&#8220;]UmV3b3JrZWQlMjB0byUyMG1ha2UlMjB0aGUlMjB2ZXJ5JTIwbW9zdCUyMG9mJTIwaXRzJTIwY29tbWFuZGluZyUyMHBvc2l0aW9uJTIwYXRvcCUyMGFuJTIwZXNjYXJwbWVudCUyMGFib3ZlJTIwdGhlJTIwTWFyYSUyMHBsYWlucyUyQyUyMFNhcnVuaSUyMEVhZ2xlJTIwVmlldyUyMGhhcyUyMGFsd2F5cyUyMG9mZmVyZWQlMjBleHBhbnNpdmUlMjB2aXN0YXMlMjBzdHJldGNoaW5nJTIwdG8lMjB0aGUlMjBwb2ludCUyMHdoZXJlJTIwdGhlJTIwcGxhaW5zJTIwbWVldCUyMHRoZSUyMGNhbnZhcyUyMG9mJTIwdGhlJTIwc2t5LiUyMFRoZSUyMGVsZXZhdGVkJTIwcG9zaXRpb24lMjBvZiUyMHRoaXMlMjBlY28lMjBjYW1wJTIwYWxzbyUyMG9mZmVycyUyMGd1ZXN0cyUyMGZyb250LXJvdyUyMHNlYXRzJTIwZm9yJTIwdGhlJTIwd2lsZGxpZmUlMjBkcmFtYXMlMjB0aGF0JTIwdW5mb2xkJTIwYXJvdW5kJTIwdGhlJTIwbmF0dXJhbCUyMHNhbHQlMjBsaWNrJTIwYW5kJTIwd2F0ZXJpbmclMjBob2xlJTIwYmVsb3clMjB0aGUlMjBtYWluJTIwYXJlYS4=[\/ucaddon_uc_side_carousel_content][\/vc_column_inner][\/vc_row_inner][vc_row_inner css=&#8220;.vc_custom_1767870250058{padding: 10px !important;}&#8220;][vc_column_inner el_class=&#8220;custom-height&#8220; offset=&#8220;vc_hidden-lg&#8220;][vc_headings style=&#8220;theme2&#8243; borderclr=&#8220;#890000&#8243; title=&#8220;Naibosho Camp&#8220; align=&#8220;left&#8220; google_fonts=&#8220;font_family:Quicksand%3A300%2Cregular%2C700|font_style:400%20regular%3A400%3Anormal&#8220; titleclr=&#8220;#000000&#8243;]A classic, high-end tented camp known for its exceptional guiding and deep connection to the local Maasai community.[\/vc_headings][vc_btn title=&#8220;Unterk\u00fcnfte ansehen&#8220; style=&#8220;outline-custom&#8220; outline_custom_color=&#8220;#890000&#8243; outline_custom_hover_background=&#8220;#890000&#8243; outline_custom_hover_text=&#8220;#ffffff&#8220; shape=&#8220;square&#8220; size=&#8220;sm&#8220; css=&#8220;.vc_custom_1767871725520{padding-top: 10px !important;padding-right: 10px !important;padding-bottom: 10px !important;}&#8220; link=&#8220;url:https%3A%2F%2Fwww.asiliaafrica.com%2Fcamps-lodges%2Fnaboisho-camp%2F|&#8220;][\/vc_column_inner][\/vc_row_inner][vc_row_inner css=&#8220;.vc_custom_1767870250058{padding: 10px !important;}&#8220;][vc_column_inner el_class=&#8220;custom-height&#8220; offset=&#8220;vc_hidden-lg&#8220;][vc_headings style=&#8220;theme2&#8243; borderclr=&#8220;#890000&#8243; title=&#8220;Kicheche Valley Camp&#8220; align=&#8220;left&#8220; google_fonts=&#8220;font_family:Quicksand%3A300%2Cregular%2C700|font_style:400%20regular%3A400%3Anormal&#8220; titleclr=&#8220;#000000&#8243;]Set in a beautiful valley, this camp is a favorite for photographers, offering intimate wildlife encounters and world-class service.[\/vc_headings][vc_btn title=&#8220;Unterk\u00fcnfte ansehen&#8220; style=&#8220;outline-custom&#8220; outline_custom_color=&#8220;#890000&#8243; outline_custom_hover_background=&#8220;#890000&#8243; outline_custom_hover_text=&#8220;#ffffff&#8220; shape=&#8220;square&#8220; size=&#8220;sm&#8220; css=&#8220;.vc_custom_1767871896369{padding-top: 10px !important;padding-right: 10px !important;padding-bottom: 10px !important;}&#8220; link=&#8220;url:https%3A%2F%2Fkicheche.com%2Fkicheche-valley%2F|&#8220;][\/vc_column_inner][\/vc_row_inner][vc_row_inner css=&#8220;.vc_custom_1767870250058{padding: 10px !important;}&#8220;][vc_column_inner el_class=&#8220;custom-height&#8220; offset=&#8220;vc_hidden-lg&#8220;][vc_headings style=&#8220;theme2&#8243; borderclr=&#8220;#890000&#8243; title=&#8220;Encounter Mara Camp&#8220; align=&#8220;left&#8220; google_fonts=&#8220;font_family:Quicksand%3A300%2Cregular%2C700|font_style:400%20regular%3A400%3Anormal&#8220; titleclr=&#8220;#000000&#8243;]Nestled in a forest of acacia trees, this camp offers a quiet, secluded atmosphere perfect for those looking to truly &#8222;disconnect.&#8220;[\/vc_headings][vc_btn title=&#8220;Unterk\u00fcnfte ansehen&#8220; style=&#8220;outline-custom&#8220; outline_custom_color=&#8220;#890000&#8243; outline_custom_hover_background=&#8220;#890000&#8243; outline_custom_hover_text=&#8220;#ffffff&#8220; shape=&#8220;square&#8220; size=&#8220;sm&#8220; css=&#8220;.vc_custom_1767871962600{padding-top: 10px !important;padding-right: 10px !important;padding-bottom: 10px !important;}&#8220; link=&#8220;url:https%3A%2F%2Fwww.asiliaafrica.com%2Fcamps-lodges%2Fencounter-mara%2F|&#8220;][\/vc_column_inner][\/vc_row_inner][vc_row_inner css=&#8220;.vc_custom_1767870250058{padding: 10px !important;}&#8220;][vc_column_inner el_class=&#8220;custom-height&#8220; offset=&#8220;vc_hidden-lg&#8220;][vc_headings style=&#8220;theme2&#8243; borderclr=&#8220;#890000&#8243; title=&#8220;Saruni Eagle View&#8220; align=&#8220;left&#8220; google_fonts=&#8220;font_family:Quicksand%3A300%2Cregular%2C700|font_style:400%20regular%3A400%3Anormal&#8220; titleclr=&#8220;#000000&#8243;]Reworked to make the very most of its commanding position atop an escarpment above the Mara plains, Saruni Eagle View has always offered expansive vistas stretching to the point where the plains meet the canvas of the sky. The elevated position of this eco camp also offers guests front-row seats for the wildlife dramas that unfold around the natural salt lick and watering hole below the main area.[\/vc_headings][vc_btn title=&#8220;Unterk\u00fcnfte ansehen&#8220; style=&#8220;outline-custom&#8220; outline_custom_color=&#8220;#890000&#8243; outline_custom_hover_background=&#8220;#890000&#8243; outline_custom_hover_text=&#8220;#ffffff&#8220; shape=&#8220;square&#8220; size=&#8220;sm&#8220; css=&#8220;.vc_custom_1767872057658{padding-top: 10px !important;padding-right: 10px !important;padding-bottom: 10px !important;}&#8220; link=&#8220;url:https%3A%2F%2Fsarunibasecamp.com%2Four-properties%2Fsaruni-eagle-view%2F|&#8220;][\/vc_column_inner][\/vc_row_inner][\/vc_tta_section][vc_tta_section title=&#8220;Aktivit\u00e4ten&#8220; tab_id=&#8220;1767601538075-7b6924d3-776e&#8220;][info_list_father listclr=&#8220;#f8f8f8&#8243;][info_list_son style=&#8220;icon&#8220; size=&#8220;0&#8243; width=&#8220;0&#8243; height=&#8220;0&#8243; titleclr=&#8220;#f8f8f8&#8243; iconclr=&#8220;#f8f8f8&#8243; borderclr=&#8220;#f8f8f8&#8243;]\n<p data-path-to-node=\"17\">Da Naboisho ein privates Schutzgebiet ist, bietet es exklusive Aktivit\u00e4ten an, die im \u00f6ffentlichen Nationalreservat nicht erlaubt sind:<\/p>\n<ol start=\"1\" data-path-to-node=\"18\">\n<li>\n<p data-path-to-node=\"18,0,0\"><strong>N\u00e4chtliche Gamedrives:<\/strong> Mit gefilterten roten Lichtern, um die Augen der Tiere zu sch\u00fctzen, nehmen unsere F\u00fchrer Sie nach Einbruch der Dunkelheit mit, um den Nervenkitzel der Jagd zu erleben. Siehe Leoparden auf der Jagd und das merkw\u00fcrdige Verhalten nachtaktiver Arten wie Erdferkel und Honigdachse. <\/p>\n<\/li>\n<li>\n<p data-path-to-node=\"18,1,0\"><strong>Gef\u00fchrte Buschwanderungen: <\/strong>Steig aus dem Fahrzeug und geh mit einem Maasai-Krieger durchs Land. Lerne die uralte Kunst des F\u00e4hrtenlesens, identifiziere Heilpflanzen und sp\u00fcre das Adrenalin, wenn du zu Fu\u00df in der Wildnis bist. <\/p>\n<\/li>\n<li>\n<p data-path-to-node=\"18,2,0\"><strong>Offroad-Erkundung<\/strong><b data-path-to-node=\"18,2,0\" data-index-in-node=\"0\">:<\/b> Um die bestm\u00f6glichen Sichtungen (insbesondere seltener Katzen) zu gew\u00e4hrleisten, d\u00fcrfen unsere Fahrzeuge die Strecke verantwortungsvoll verlassen \u2013 ein gro\u00dfer Vorteil f\u00fcr ernsthafte Fotografen.<\/p>\n<\/li>\n<li>\n<p data-path-to-node=\"18,3,0\"><strong>Maasai-Kulturimmersion:<\/strong> Besuchen Sie lokale D\u00f6rfer, die direkte Partner der Conservancy sind. Erfahren Sie mehr \u00fcber traditionelles Leben, Viehmanagement und das &#8222;Nabooisho-Modell&#8220; des Naturschutzes. <\/p>\n<\/li>\n<li>\n<p data-path-to-node=\"18,4,0\"><strong>Bush Meals &amp; Sundowners<\/strong><b data-path-to-node=\"18,4,0\" data-index-in-node=\"0\">:<\/b> Genie\u00dfen Sie ein privates Essen mitten auf der Savanne. Ob ein &#8222;Champagnerfr\u00fchst\u00fcck&#8220; beim Sonnenaufgang oder ein Gin-Tonic, wenn der Himmel violett wird \u2013 das sind die Momente, die eine Safari definieren. <\/p>\n<\/li>\n<li>\n<p data-path-to-node=\"18,5,0\"><strong>Besuchen Sie die Koiyaki Guideing School<\/strong><b data-path-to-node=\"18,5,0\" data-index-in-node=\"0\">:<\/b> Sehen Sie, wo die n\u00e4chste Generation der besten Guides Kenias ausgebildet wird. Dieses von Mufasa unterst\u00fctzte Projekt ist das Herzst\u00fcck der Zukunft der Gemeinschaft. <\/p>\n<\/li>\n<\/ol>\n[\/info_list_son][\/info_list_father][\/vc_tta_section][\/vc_tta_tabs][\/vc_column][\/vc_row]\n","protected":false},"excerpt":{"rendered":"<p>[vc_row full_width=&#8220;stretch_row&#8220; gap=&#8220;1&#8243;][vc_column parallax=&#8220;content-moving&#8220; parallax_image=&#8220;6958&#8243; parallax_speed_bg=&#8220;1&#8243; css=&#8220;.vc_custom_1767939706593{padding-top: 80px !important;padding-right: 80px !important;padding-bottom: 80px !important;padding-left: 80px !important;}&#8220;][vc_custom_heading text=&#8220;Naibosho Conservancy&#8220; font_container=&#8220;tag:h1|font_size:32|text_align:left|color:%23ffffff&#8220; google_fonts=&#8220;font_family:Quicksand%3A300%2Cregular%2C700|font_style:400%20regular%3A400%3Anormal&#8220; el_class=&#8220;banner-txt&#8220;][vc_separator color=&#8220;custom&#8220; align=&#8220;align_left&#8220; border_width=&#8220;2&#8243; el_width=&#8220;20&#8243; accent_color=&#8220;#f8f8f8&#8243;][vc_custom_heading text=&#8220;Kenia&#8220; font_container=&#8220;tag:h2|font_size:18|text_align:left|color:%23ffffff&#8220; google_fonts=&#8220;font_family:Quicksand%3A300%2Cregular%2C700|font_style:400%20regular%3A400%3Anormal&#8220; el_class=&#8220;banner-txt&#8220;][\/vc_column][\/vc_row][vc_row][vc_column css=&#8220;.vc_custom_1673438873315{border-top-width: 10px !important;border-right-width: 10px !important;border-bottom-width: 10px !important;border-left-width: 10px !important;}&#8220;][vc_tta_tabs shape=&#8220;square&#8220; color=&#8220;juicy-pink&#8220; alignment=&#8220;center&#8220; active_section=&#8220;1&#8243; no_fill_content_area=&#8220;true&#8220;][vc_tta_section title=&#8220;\u00dcberblick&#8220; tab_id=&#8220;1633454673222-3d94f956-010c&#8220;][info_list_father listclr=&#8220;#f8f8f8&#8243;][info_list_son style=&#8220;icon&#8220; size=&#8220;20&#8243; width=&#8220;30&#8243; height=&#8220;20&#8243; titleclr=&#8220;#890000&#8243; icon=&#8220;fas fa-map-marked&#8220; iconclr=&#8220;#890000&#8243; iconbg=&#8220;#f8f8f8&#8243; [&hellip;]<\/p>\n","protected":false},"author":2,"featured_media":0,"parent":27929,"menu_order":12,"comment_status":"closed","ping_status":"closed","template":"","meta":{"_themeisle_gutenberg_block_has_review":false,"footnotes":""},"class_list":["post-42964","page","type-page","status-publish","hentry"],"_links":{"self":[{"href":"https:\/\/mufasatoursandtravels.com\/de\/wp-json\/wp\/v2\/pages\/42964","targetHints":{"allow":["GET"]}}],"collection":[{"href":"https:\/\/mufasatoursandtravels.com\/de\/wp-json\/wp\/v2\/pages"}],"about":[{"href":"https:\/\/mufasatoursandtravels.com\/de\/wp-json\/wp\/v2\/types\/page"}],"author":[{"embeddable":true,"href":"https:\/\/mufasatoursandtravels.com\/de\/wp-json\/wp\/v2\/users\/2"}],"replies":[{"embeddable":true,"href":"https:\/\/mufasatoursandtravels.com\/de\/wp-json\/wp\/v2\/comments?post=42964"}],"version-history":[{"count":5,"href":"https:\/\/mufasatoursandtravels.com\/de\/wp-json\/wp\/v2\/pages\/42964\/revisions"}],"predecessor-version":[{"id":43203,"href":"https:\/\/mufasatoursandtravels.com\/de\/wp-json\/wp\/v2\/pages\/42964\/revisions\/43203"}],"up":[{"embeddable":true,"href":"https:\/\/mufasatoursandtravels.com\/de\/wp-json\/wp\/v2\/pages\/27929"}],"wp:attachment":[{"href":"https:\/\/mufasatoursandtravels.com\/de\/wp-json\/wp\/v2\/media?parent=42964"}],"curies":[{"name":"wp","href":"https:\/\/api.w.org\/{rel}","templated":true}]}}