{"id":43015,"date":"2026-01-08T14:32:33","date_gmt":"2026-01-08T11:32:33","guid":{"rendered":"https:\/\/mufasatoursandtravels.com\/flugziele\/lewa-wildlife-conservancy-2\/"},"modified":"2026-01-08T15:02:45","modified_gmt":"2026-01-08T12:02:45","slug":"lewa-wildlife-conservancy-2","status":"publish","type":"page","link":"https:\/\/mufasatoursandtravels.com\/de\/flugziele\/lewa-wildlife-conservancy-2\/","title":{"rendered":"Lewa Wildlife Conservancy"},"content":{"rendered":"[vc_row full_width=&#8220;stretch_row&#8220; gap=&#8220;1&#8243;][vc_column parallax=&#8220;content-moving&#8220; parallax_image=&#8220;4532&#8243; parallax_speed_bg=&#8220;1.9&#8243; css=&#8220;.vc_custom_1767872433575{padding-top: 80px !important;padding-right: 80px !important;padding-bottom: 80px !important;padding-left: 80px !important;}&#8220;][vc_custom_heading text=&#8220;Lewa Wildlife Conservancy&#8220; font_container=&#8220;tag:h1|font_size:32|text_align:left|color:%23ffffff&#8220; google_fonts=&#8220;font_family:Quicksand%3A300%2Cregular%2C700|font_style:400%20regular%3A400%3Anormal&#8220; el_class=&#8220;banner-txt&#8220;][vc_separator color=&#8220;custom&#8220; align=&#8220;align_left&#8220; border_width=&#8220;2&#8243; el_width=&#8220;20&#8243; accent_color=&#8220;#f8f8f8&#8243;][vc_custom_heading text=&#8220;Kenia&#8220; font_container=&#8220;tag:h2|font_size:18|text_align:left|color:%23ffffff&#8220; google_fonts=&#8220;font_family:Quicksand%3A300%2Cregular%2C700|font_style:400%20regular%3A400%3Anormal&#8220; el_class=&#8220;banner-txt&#8220;][\/vc_column][\/vc_row][vc_row][vc_column css=&#8220;.vc_custom_1673438873315{border-top-width: 10px !important;border-right-width: 10px !important;border-bottom-width: 10px !important;border-left-width: 10px !important;}&#8220;][vc_tta_tabs shape=&#8220;square&#8220; color=&#8220;juicy-pink&#8220; alignment=&#8220;center&#8220; active_section=&#8220;1&#8243; no_fill_content_area=&#8220;true&#8220;][vc_tta_section title=&#8220;\u00dcberblick&#8220; tab_id=&#8220;1633454673222-3d94f956-010c&#8220;][info_list_father listclr=&#8220;#f8f8f8&#8243;][info_list_son style=&#8220;icon&#8220; size=&#8220;20&#8243; width=&#8220;30&#8243; height=&#8220;20&#8243; titleclr=&#8220;#890000&#8243; icon=&#8220;fas fa-map-marked&#8220; iconclr=&#8220;#890000&#8243; iconbg=&#8220;#f8f8f8&#8243; borderclr=&#8220;#f8f8f8&#8243; title=&#8220;World Heritage Sanctuary for the Giants&#8220; caption_url=&#8220;&#8220;]\n<p data-path-to-node=\"5\">Lewa Wildlife Conservancy is more than just a safari destination; it is a global blueprint for community-led conservation. Spanning 62,000 acres of pristine foothills north of Mount Kenya, Lewa is famous for having one of the highest densities of rhinos in the world. Once a private cattle ranch, it has been transformed into a sanctuary where endangered species thrive alongside vibrant local communities.<\/p>\n[\/info_list_son][info_list_son style=&#8220;icon&#8220; size=&#8220;20&#8243; width=&#8220;30&#8243; height=&#8220;20&#8243; titleclr=&#8220;#890000&#8243; icon=&#8220;fas fa-route&#8220; iconclr=&#8220;#890000&#8243; iconbg=&#8220;#f8f8f8&#8243; borderclr=&#8220;#f8f8f8&#8243; title=&#8220;What to expect&#8220; caption_url=&#8220;&#8220;]\n<ul>\n<li>\n<p data-path-to-node=\"6,0,0\"><strong>The Rhino Stronghold<\/strong><b data-path-to-node=\"6,0,0\" data-index-in-node=\"0\">:<\/b> Lewa is home to over 10% of Kenya\u2019s black rhino population and a significant population of white rhinos.<\/p>\n<\/li>\n<li>\n<p data-path-to-node=\"6,1,0\"><strong>The &#8222;Northern Five&#8220;<\/strong><b data-path-to-node=\"6,1,0\" data-index-in-node=\"0\">:<\/b> This is one of the few places to see species unique to this region: the Grevy\u2019s Zebra, Reticulated Giraffe, Beisa Oryx, Somali Ostrich, and Gerenuk.<\/p>\n<\/li>\n<li>\n<p data-path-to-node=\"6,2,0\"><strong>A Celebrity Favorite<\/strong><b data-path-to-node=\"6,2,0\" data-index-in-node=\"0\">:<\/b> Known for its exclusivity and privacy, Lewa has hosted world leaders and royalty, offering a high-end, intimate experience away from the crowds.<\/p>\n<\/li>\n<\/ul>\n[\/info_list_son][info_list_son style=&#8220;icon&#8220; size=&#8220;20&#8243; width=&#8220;30&#8243; height=&#8220;20&#8243; titleclr=&#8220;#890000&#8243; icon=&#8220;far fa-check-circle&#8220; iconclr=&#8220;#890000&#8243; iconbg=&#8220;#f8f8f8&#8243; borderclr=&#8220;#f8f8f8&#8243; title=&#8220;Seasonal Overview&#8220; caption_url=&#8220;&#8220;]\n<p data-path-to-node=\"7\">Lewa\u2019s unique location on the Laikipia plateau ensures that every visit offers a distinct and rewarding experience, regardless of the month:<\/p>\n<ul data-path-to-node=\"8\">\n<li>\n<p data-path-to-node=\"8,0,0\"><strong>The Season of Clarity<\/strong><b data-path-to-node=\"8,0,0\" data-index-in-node=\"0\">:<\/b> Following the refreshing rains, the conservancy is bathed in vibrant greens. The air is dust-free, providing the sharpest views of Mount Kenya\u2019s peaks and incredible lighting for photography.<\/p>\n<\/li>\n<li>\n<p data-path-to-node=\"8,1,0\"><strong>The High-Drama Season<\/strong><b data-path-to-node=\"8,1,0\" data-index-in-node=\"0\">:<\/b> As the landscape transitions to golden savannah, wildlife viewing becomes effortless. Predators and prey alike congregate around the permanent springs and the marshlands, leading to intense wildlife encounters.<\/p>\n<\/li>\n<li>\n<p data-path-to-node=\"8,2,0\"><strong>The Life-Cycle Season<\/strong><b data-path-to-node=\"8,2,0\" data-index-in-node=\"0\">:<\/b> During the periods of transition, the plains are often filled with new life. It is a spectacular time to witness Grevy\u2019s zebra foals and rhino calves, set against the backdrop of the shifting African sky.<\/p>\n<\/li>\n<\/ul>\n[\/info_list_son][\/info_list_father][vc_btn title=&#8220;Holen Sie sich ein Angebot an&#8220; style=&#8220;outline-custom&#8220; outline_custom_color=&#8220;#890000&#8243; outline_custom_hover_background=&#8220;#890000&#8243; outline_custom_hover_text=&#8220;#ffffff&#8220; shape=&#8220;square&#8220; size=&#8220;sm&#8220; align=&#8220;center&#8220; i_align=&#8220;right&#8220; i_icon_fontawesome=&#8220;fas fa-angle-right&#8220; add_icon=&#8220;true&#8220; link=&#8220;url:https%3A%2F%2Fmufasatoursandtravels.com%2Fde%2Fangebot-anfordern%2F|title:Angebot%20anfordern|&#8220;][\/vc_tta_section][vc_tta_section title=&#8220;Unterkunft&#8220; tab_id=&#8220;1633455601016-f93699bc-5d92&#8243;][vc_row_inner css=&#8220;.vc_custom_1767872722206{padding: 10px !important;}&#8220;][vc_column_inner el_class=&#8220;custom-height&#8220; offset=&#8220;vc_hidden-md vc_hidden-sm vc_hidden-xs&#8220;][ucaddon_uc_side_carousel_content image=&#8220;42940&#8243; title=&#8220;Lewa Safari Camp&#8220; btn_text=&#8220;View Accomodation&#8220; link=&#8220;https:\/\/www.elewanacollection.com\/lewa-safari-camp\/at-a-glance&#8220; uc_init_settings=&#8220;&#8220; uc_fonts_data=&#8220;JTdCJTdE&#8220;]RmVhdHVyaW5nJTIwbGFyZ2UlMkMlMjBsdXh1cmlvdXMlMjB0ZW50ZWQlMjByb29tcyUyMHdpdGglMjBzcGVjdGFjdWxhciUyMHZpZXdzJTJDJTIwdGhpcyUyMGNhbXAlMjBpcyUyMGElMjBmYXZvcml0ZSUyMG9mJTIwdGhlJTIwQnJpdGlzaCUyMFJveWFsJTIwRmFtaWx5JTIwYW5kJTIwb2ZmZXJzJTIwYSUyMGNsYXNzaWMlMjBzYWZhcmklMjBhdG1vc3BoZXJlLg==[\/ucaddon_uc_side_carousel_content][\/vc_column_inner][\/vc_row_inner][vc_row_inner css=&#8220;.vc_custom_1767872722206{padding: 10px !important;}&#8220;][vc_column_inner el_class=&#8220;custom-height&#8220; offset=&#8220;vc_hidden-md vc_hidden-sm vc_hidden-xs&#8220;][ucaddon_uc_side_carousel_content image=&#8220;43025&#8243; title=&#8220;Lewa-Haus&#8220; btn_text=&#8220;View Accomodation&#8220; link=&#8220;https:\/\/lewahouse.com\/explore\/&#8220; uc_init_settings=&#8220;&#8220; uc_fonts_data=&#8220;JTdCJTdE&#8220;]UGVyY2hlZCUyMG9uJTIwYSUyMGhpbGwlMjB3aXRoJTIwdmlld3MlMjBvZiUyMHRoZSUyME1hdGhld3MlMjBSYW5nZSUyQyUyMHRoaXMlMjBsb2RnZSUyMGZlYXR1cmVzJTIwdW5pcXVlJTIwJTIyZWFydGglMjBwb2RzJTIyJTIwYW5kJTIwZmFtaWx5JTIwY290dGFnZXMlMkMlMjBvZmZlcmluZyUyMGElMjBjb3p5JTJDJTIwaG9tZS1hd2F5LWZyb20taG9tZSUyMGZlZWwu[\/ucaddon_uc_side_carousel_content][\/vc_column_inner][\/vc_row_inner][vc_row_inner css=&#8220;.vc_custom_1767872722206{padding: 10px !important;}&#8220;][vc_column_inner el_class=&#8220;custom-height&#8220; offset=&#8220;vc_hidden-md vc_hidden-sm vc_hidden-xs&#8220;][ucaddon_uc_side_carousel_content image=&#8220;43031&#8243; title=&#8220;Elewana Kifaru Haus&#8220; btn_text=&#8220;View Accomodation&#8220; link=&#8220;https:\/\/www.elewanacollection.com\/kifaru-house-lewa\/at-a-glance&#8220; uc_init_settings=&#8220;&#8220; uc_fonts_data=&#8220;JTdCJTdE&#8220;]TG9jYXRlZCUyMG9uJTIwYSUyMGhpZ2glMjByaWRnZSUyQyUyMHRoaXMlMjBsb2RnZSUyMG9mZmVycyUyMGElMjBxdWlldCUyQyUyMGNvbG9uaWFsLXN0eWxlJTIwY2hhcm0lMjB3aXRoJTIwYW4lMjBpbmZpbml0eSUyMHBvb2wlMjB0aGF0JTIwc2VlbXMlMjB0byUyMGRyb3AlMjBvZmYlMjBpbnRvJTIwdGhlJTIwcGxhaW5zJTIwYmVsb3cu[\/ucaddon_uc_side_carousel_content][\/vc_column_inner][\/vc_row_inner][vc_row_inner css=&#8220;.vc_custom_1767872722206{padding: 10px !important;}&#8220;][vc_column_inner el_class=&#8220;custom-height&#8220; offset=&#8220;vc_hidden-lg&#8220;][vc_headings style=&#8220;theme2&#8243; borderclr=&#8220;#890000&#8243; title=&#8220;Lewa Safari Camp&#8220; align=&#8220;left&#8220; google_fonts=&#8220;font_family:Quicksand%3A300%2Cregular%2C700|font_style:400%20regular%3A400%3Anormal&#8220; titleclr=&#8220;#000000&#8243; caption_url=&#8220;&#8220; caption_urls=&#8220;&#8220; caption_urlss=&#8220;&#8220; caption_urldesc=&#8220;&#8220;]Featuring large, luxurious tented rooms with spectacular views, this camp is a favorite of the British Royal Family and offers a classic safari atmosphere.[\/vc_headings][vc_btn title=&#8220;Unterk\u00fcnfte ansehen&#8220; style=&#8220;outline-custom&#8220; outline_custom_color=&#8220;#890000&#8243; outline_custom_hover_background=&#8220;#890000&#8243; outline_custom_hover_text=&#8220;#ffffff&#8220; shape=&#8220;square&#8220; size=&#8220;sm&#8220; i_align=&#8220;right&#8220; i_icon_fontawesome=&#8220;fas fa-angle-right&#8220; add_icon=&#8220;true&#8220; css=&#8220;.vc_custom_1767873715425{padding-top: 10px !important;padding-right: 10px !important;padding-bottom: 10px !important;}&#8220; link=&#8220;url:https%3A%2F%2Fwww.elewanacollection.com%2Flewa-safari-camp%2Fat-a-glance|&#8220;][\/vc_column_inner][\/vc_row_inner][vc_row_inner css=&#8220;.vc_custom_1767872722206{padding: 10px !important;}&#8220;][vc_column_inner el_class=&#8220;custom-height&#8220; offset=&#8220;vc_hidden-lg&#8220;][vc_headings style=&#8220;theme2&#8243; borderclr=&#8220;#890000&#8243; title=&#8220;Lewa House&#8220; align=&#8220;left&#8220; google_fonts=&#8220;font_family:Quicksand%3A300%2Cregular%2C700|font_style:400%20regular%3A400%3Anormal&#8220; titleclr=&#8220;#000000&#8243; caption_url=&#8220;&#8220; caption_urls=&#8220;&#8220; caption_urlss=&#8220;&#8220; caption_urldesc=&#8220;&#8220;]Perched on a hill with views of the Mathews Range, this lodge features unique &#8222;earth pods&#8220; and family cottages, offering a cozy, home-away-from-home feel.[\/vc_headings][vc_btn title=&#8220;Unterk\u00fcnfte ansehen&#8220; style=&#8220;outline-custom&#8220; outline_custom_color=&#8220;#890000&#8243; outline_custom_hover_background=&#8220;#890000&#8243; outline_custom_hover_text=&#8220;#ffffff&#8220; shape=&#8220;square&#8220; size=&#8220;sm&#8220; i_align=&#8220;right&#8220; i_icon_fontawesome=&#8220;fas fa-angle-right&#8220; add_icon=&#8220;true&#8220; css=&#8220;.vc_custom_1767873686467{padding-top: 10px !important;padding-right: 10px !important;padding-bottom: 10px !important;}&#8220; link=&#8220;url:https%3A%2F%2Flewahouse.com%2Fexplore%2F|&#8220;][\/vc_column_inner][\/vc_row_inner][vc_row_inner css=&#8220;.vc_custom_1767872722206{padding: 10px !important;}&#8220;][vc_column_inner el_class=&#8220;custom-height&#8220; offset=&#8220;vc_hidden-lg&#8220;][vc_headings style=&#8220;theme2&#8243; borderclr=&#8220;#890000&#8243; title=&#8220;Elewana Kifaru House&#8220; align=&#8220;left&#8220; google_fonts=&#8220;font_family:Quicksand%3A300%2Cregular%2C700|font_style:400%20regular%3A400%3Anormal&#8220; titleclr=&#8220;#000000&#8243; caption_url=&#8220;&#8220; caption_urls=&#8220;&#8220; caption_urlss=&#8220;&#8220; caption_urldesc=&#8220;&#8220;]Located on a high ridge, this lodge offers a quiet, colonial-style charm with an infinity pool that seems to drop off into the plains below.[\/vc_headings][vc_btn title=&#8220;Unterk\u00fcnfte ansehen&#8220; style=&#8220;outline-custom&#8220; outline_custom_color=&#8220;#890000&#8243; outline_custom_hover_background=&#8220;#890000&#8243; outline_custom_hover_text=&#8220;#ffffff&#8220; shape=&#8220;square&#8220; size=&#8220;sm&#8220; i_align=&#8220;right&#8220; i_icon_fontawesome=&#8220;fas fa-angle-right&#8220; add_icon=&#8220;true&#8220; css=&#8220;.vc_custom_1767873663560{padding-top: 10px !important;padding-right: 10px !important;padding-bottom: 10px !important;}&#8220; link=&#8220;url:https%3A%2F%2Fwww.elewanacollection.com%2Fkifaru-house-lewa%2Fat-a-glance|&#8220;][\/vc_column_inner][\/vc_row_inner][\/vc_tta_section][vc_tta_section title=&#8220;Aktivit\u00e4ten&#8220; tab_id=&#8220;1767601538075-7b6924d3-776e&#8220;][info_list_father listclr=&#8220;#f8f8f8&#8243;][info_list_son style=&#8220;icon&#8220; size=&#8220;0&#8243; width=&#8220;0&#8243; height=&#8220;0&#8243; titleclr=&#8220;#f8f8f8&#8243; iconclr=&#8220;#f8f8f8&#8243; borderclr=&#8220;#f8f8f8&#8243; caption_url=&#8220;&#8220;]\n<p data-path-to-node=\"17\">Lewa bietet einige der vielf\u00e4ltigsten Aktivit\u00e4ten in Kenia und erm\u00f6glicht es Ihnen, auf innovative Weise mit der Wildnis in Kontakt zu treten.<\/p>\n<ol start=\"1\" data-path-to-node=\"18\">\n<li>\n<p data-path-to-node=\"18,0,0\"><strong>Von Experten geleitete Wildfahrten<\/strong><b data-path-to-node=\"18,0,0\" data-index-in-node=\"0\">:<\/b> Erkunden Sie das Naturschutzgebiet in offenen 4&#215;4-Fahrzeugen mit einigen der bestausgebildeten F\u00fchrer Afrikas, die sich auf Nashornverfolgung und Raubtierverhalten spezialisiert haben.<\/p>\n<\/li>\n<li>\n<p data-path-to-node=\"18,1,0\"><strong>Gef\u00fchrte Buschwanderungen: Erleben<\/strong><b data-path-to-node=\"18,1,0\" data-index-in-node=\"0\"> Sie den Nervenkitzel, zu Fu\u00df in einem Nashornschutzgebiet zu sein. Begleitet von einem bewaffneten Ranger lernst du die Feinheiten der Tierverfolgung und der lokalen Flora kennen.<\/b> <\/p>\n<\/li>\n<li>\n<p data-path-to-node=\"18,2,0\"><strong>Pferde- und Kamelsafaris<\/strong><b data-path-to-node=\"18,2,0\" data-index-in-node=\"0\">:<\/b> Komm erstaunlich nah an das Grevy&#8217;s Zebra und die Netzgiraffe. Tiere betrachten Pferde und Kamele als &#8222;eines der eigenen&#8220;, was eine stille, nahe Begegnung erm\u00f6glicht. <\/p>\n<\/li>\n<li>\n<p data-path-to-node=\"18,3,0\"><strong>Naturschutz-Bildungstouren<\/strong><b data-path-to-node=\"18,3,0\" data-index-in-node=\"0\">:<\/b> Besuchen Sie den Lewa Operations Room \u2013 das Hightech-&#8222;Gehirn&#8220; der Schutzorganisation \u2013 um zu sehen, wie GPS-Halsb\u00e4nder und Thermodrohnen zum Schutz von Elefanten und Nash\u00f6rnern eingesetzt werden.<\/p>\n<\/li>\n<li>\n<p data-path-to-node=\"18,4,0\"><strong>Besuchen Sie den Ngare Ndare-Wald<\/strong><b data-path-to-node=\"18,4,0\" data-index-in-node=\"0\">:<\/b> Direkt am Rand von Lewa gehen Sie \u00fcber eine 200 Meter lange Kronenbr\u00fccke, die 30 Fu\u00df \u00fcber dem Waldboden h\u00e4ngt, und schwimmen Sie in kristallklaren blauen Gletscherf\u00e4llen.<\/p>\n<\/li>\n<li>\n<p data-path-to-node=\"18,5,0\"><strong>N\u00e4chtliche Gamedrives<\/strong><b data-path-to-node=\"18,5,0\" data-index-in-node=\"0\">:<\/b> Entdecken Sie die n\u00e4chtliche Seite von Laikipia. Suchen Sie den schwer fassbaren Leoparden, das Erdferkel und die Zorilla mit speziellen Scheinwerfern. <\/p>\n<\/li>\n<li>\n<p data-path-to-node=\"18,6,0\"><strong>Gemeindebesuche<\/strong><b data-path-to-node=\"18,6,0\" data-index-in-node=\"0\">:<\/b> Engagieren Sie sich mit den von Lewa unterst\u00fctzten lokalen Gemeinden. Besuchen Sie Schulen und Wasserprojekte, um zu sehen, wie Ihre Tourismusgelder Leben ver\u00e4ndern. <\/p>\n<\/li>\n<\/ol>\n[\/info_list_son][\/info_list_father][\/vc_tta_section][\/vc_tta_tabs][\/vc_column][\/vc_row]\n","protected":false},"excerpt":{"rendered":"<p>[vc_row full_width=&#8220;stretch_row&#8220; gap=&#8220;1&#8243;][vc_column parallax=&#8220;content-moving&#8220; parallax_image=&#8220;4532&#8243; parallax_speed_bg=&#8220;1.9&#8243; css=&#8220;.vc_custom_1767872433575{padding-top: 80px !important;padding-right: 80px !important;padding-bottom: 80px !important;padding-left: 80px !important;}&#8220;][vc_custom_heading text=&#8220;Lewa Wildlife Conservancy&#8220; font_container=&#8220;tag:h1|font_size:32|text_align:left|color:%23ffffff&#8220; google_fonts=&#8220;font_family:Quicksand%3A300%2Cregular%2C700|font_style:400%20regular%3A400%3Anormal&#8220; el_class=&#8220;banner-txt&#8220;][vc_separator color=&#8220;custom&#8220; align=&#8220;align_left&#8220; border_width=&#8220;2&#8243; el_width=&#8220;20&#8243; accent_color=&#8220;#f8f8f8&#8243;][vc_custom_heading text=&#8220;Kenia&#8220; font_container=&#8220;tag:h2|font_size:18|text_align:left|color:%23ffffff&#8220; google_fonts=&#8220;font_family:Quicksand%3A300%2Cregular%2C700|font_style:400%20regular%3A400%3Anormal&#8220; el_class=&#8220;banner-txt&#8220;][\/vc_column][\/vc_row][vc_row][vc_column css=&#8220;.vc_custom_1673438873315{border-top-width: 10px !important;border-right-width: 10px !important;border-bottom-width: 10px !important;border-left-width: 10px !important;}&#8220;][vc_tta_tabs shape=&#8220;square&#8220; color=&#8220;juicy-pink&#8220; alignment=&#8220;center&#8220; active_section=&#8220;1&#8243; no_fill_content_area=&#8220;true&#8220;][vc_tta_section title=&#8220;\u00dcberblick&#8220; tab_id=&#8220;1633454673222-3d94f956-010c&#8220;][info_list_father listclr=&#8220;#f8f8f8&#8243;][info_list_son style=&#8220;icon&#8220; size=&#8220;20&#8243; width=&#8220;30&#8243; height=&#8220;20&#8243; titleclr=&#8220;#890000&#8243; icon=&#8220;fas fa-map-marked&#8220; iconclr=&#8220;#890000&#8243; [&hellip;]<\/p>\n","protected":false},"author":2,"featured_media":0,"parent":27929,"menu_order":13,"comment_status":"closed","ping_status":"closed","template":"","meta":{"_themeisle_gutenberg_block_has_review":false,"footnotes":""},"class_list":["post-43015","page","type-page","status-publish","hentry"],"_links":{"self":[{"href":"https:\/\/mufasatoursandtravels.com\/de\/wp-json\/wp\/v2\/pages\/43015","targetHints":{"allow":["GET"]}}],"collection":[{"href":"https:\/\/mufasatoursandtravels.com\/de\/wp-json\/wp\/v2\/pages"}],"about":[{"href":"https:\/\/mufasatoursandtravels.com\/de\/wp-json\/wp\/v2\/types\/page"}],"author":[{"embeddable":true,"href":"https:\/\/mufasatoursandtravels.com\/de\/wp-json\/wp\/v2\/users\/2"}],"replies":[{"embeddable":true,"href":"https:\/\/mufasatoursandtravels.com\/de\/wp-json\/wp\/v2\/comments?post=43015"}],"version-history":[{"count":7,"href":"https:\/\/mufasatoursandtravels.com\/de\/wp-json\/wp\/v2\/pages\/43015\/revisions"}],"predecessor-version":[{"id":43061,"href":"https:\/\/mufasatoursandtravels.com\/de\/wp-json\/wp\/v2\/pages\/43015\/revisions\/43061"}],"up":[{"embeddable":true,"href":"https:\/\/mufasatoursandtravels.com\/de\/wp-json\/wp\/v2\/pages\/27929"}],"wp:attachment":[{"href":"https:\/\/mufasatoursandtravels.com\/de\/wp-json\/wp\/v2\/media?parent=43015"}],"curies":[{"name":"wp","href":"https:\/\/api.w.org\/{rel}","templated":true}]}}