{"id":43054,"date":"2026-01-08T15:01:33","date_gmt":"2026-01-08T12:01:33","guid":{"rendered":"https:\/\/mufasatoursandtravels.com\/flugziele\/meru-nationalpark-2\/"},"modified":"2026-01-08T15:58:39","modified_gmt":"2026-01-08T12:58:39","slug":"meru-nationalpark-2","status":"publish","type":"page","link":"https:\/\/mufasatoursandtravels.com\/de\/flugziele\/meru-nationalpark-2\/","title":{"rendered":"Meru-Nationalpark"},"content":{"rendered":"[vc_row full_width=&#8220;stretch_row&#8220; gap=&#8220;1&#8243;][vc_column parallax=&#8220;content-moving&#8220; parallax_image=&#8220;6957&#8243; parallax_speed_bg=&#8220;1.8&#8243; css=&#8220;.vc_custom_1767874786740{padding-top: 80px !important;padding-right: 80px !important;padding-bottom: 80px !important;padding-left: 80px !important;}&#8220;][vc_custom_heading text=&#8220;Meru-Nationalpark&#8220; font_container=&#8220;tag:h1|font_size:32|text_align:left|color:%23ffffff&#8220; google_fonts=&#8220;font_family:Quicksand%3A300%2Cregular%2C700|font_style:400%20regular%3A400%3Anormal&#8220; el_class=&#8220;banner-txt&#8220;][vc_separator color=&#8220;custom&#8220; align=&#8220;align_left&#8220; border_width=&#8220;2&#8243; el_width=&#8220;20&#8243; accent_color=&#8220;#f8f8f8&#8243;][vc_custom_heading text=&#8220;Kenia&#8220; font_container=&#8220;tag:h2|font_size:18|text_align:left|color:%23ffffff&#8220; google_fonts=&#8220;font_family:Quicksand%3A300%2Cregular%2C700|font_style:400%20regular%3A400%3Anormal&#8220; el_class=&#8220;banner-txt&#8220;][\/vc_column][\/vc_row][vc_row][vc_column css=&#8220;.vc_custom_1673438873315{border-top-width: 10px !important;border-right-width: 10px !important;border-bottom-width: 10px !important;border-left-width: 10px !important;}&#8220;][vc_tta_tabs shape=&#8220;square&#8220; color=&#8220;juicy-pink&#8220; alignment=&#8220;center&#8220; active_section=&#8220;1&#8243; no_fill_content_area=&#8220;true&#8220;][vc_tta_section title=&#8220;\u00dcberblick&#8220; tab_id=&#8220;1633454673222-3d94f956-010c&#8220;][info_list_father listclr=&#8220;#f8f8f8&#8243;][info_list_son style=&#8220;icon&#8220; size=&#8220;20&#8243; width=&#8220;30&#8243; height=&#8220;20&#8243; titleclr=&#8220;#890000&#8243; icon=&#8220;fas fa-map-marked&#8220; iconclr=&#8220;#890000&#8243; iconbg=&#8220;#f8f8f8&#8243; borderclr=&#8220;#f8f8f8&#8243; title=&#8220;The Land Of Elsa the Lioness&#8220; caption_url=&#8220;&#8220;]\n<p data-path-to-node=\"5\">Meru National Park is arguably the most unspoiled and geographically diverse park in Kenya. Spanning over 870 square kilometers, it is a landscape defined by 13 permanent rivers that slice through red-earthed plains, doum palm forests, and dense tropical jungles. This park is the spiritual home of African conservation, famously being the place where George and Joy Adamson released <em><b data-path-to-node=\"5\" data-index-in-node=\"443\">Elsa the Lioness<\/b><\/em> back into the wild.<\/p>\n[\/info_list_son][info_list_son style=&#8220;icon&#8220; size=&#8220;20&#8243; width=&#8220;30&#8243; height=&#8220;20&#8243; titleclr=&#8220;#890000&#8243; icon=&#8220;fas fa-route&#8220; iconclr=&#8220;#890000&#8243; iconbg=&#8220;#f8f8f8&#8243; borderclr=&#8220;#f8f8f8&#8243; title=&#8220;What to expect&#8220; caption_url=&#8220;&#8220;]\n<ol>\n<li>\n<p data-path-to-node=\"6,0,0\"><strong>The Wildlife<\/strong><b data-path-to-node=\"6,0,0\" data-index-in-node=\"0\">:<\/b> Meru is home to the &#8222;Big Five.&#8220; It features a dedicated 44-square-kilometer Rhino Sanctuary, making it one of the best places in Kenya to see both Black and White rhinos.<\/p>\n<\/li>\n<li>\n<p data-path-to-node=\"6,1,0\"><strong>The &#8222;Northern Specials&#8220;<\/strong><b data-path-to-node=\"6,1,0\" data-index-in-node=\"0\">:<\/b> Look for unique species like the Reticulated Giraffe, Grevy\u2019s Zebra, Somali Ostrich, and the Lesser Kudu.<\/p>\n<\/li>\n<li>\n<p data-path-to-node=\"6,2,0\"><strong>A Private Experience<\/strong><b data-path-to-node=\"6,2,0\" data-index-in-node=\"0\">:<\/b> Because Meru is less frequented than the southern parks, you will often enjoy sightings with no other vehicles in sight, offering a true sense of solitude.<\/p>\n<\/li>\n<\/ol>\n[\/info_list_son][info_list_son style=&#8220;icon&#8220; size=&#8220;20&#8243; width=&#8220;30&#8243; height=&#8220;20&#8243; titleclr=&#8220;#890000&#8243; icon=&#8220;far fa-check-circle&#8220; iconclr=&#8220;#890000&#8243; iconbg=&#8220;#f8f8f8&#8243; borderclr=&#8220;#f8f8f8&#8243; title=&#8220;Best time to visit&#8220; caption_url=&#8220;&#8220;]\n<p data-path-to-node=\"7\">Meru National Park is a dynamic ecosystem that shifts beautifully throughout the year, offering unique rewards regardless of when you visit:<\/p>\n<ul data-path-to-node=\"8\">\n<li>\n<p data-path-to-node=\"8,0,0\"><strong>The Verdant Refresh<\/strong><b data-path-to-node=\"8,0,0\" data-index-in-node=\"0\">:<\/b> Following the rains, the 13 rivers swell and the park transforms into a lush, emerald paradise. This is the prime time for birdwatching as migratory species arrive, and the air is exceptionally clear, offering stunning views of the nearby Nyambene Hills.<\/p>\n<\/li>\n<li>\n<p data-path-to-node=\"8,1,0\"><strong>The Predator Cycle<\/strong><b data-path-to-node=\"8,1,0\" data-index-in-node=\"0\">:<\/b> As the long grass turns to golden straw, the landscape opens up, providing incredible visibility for tracking big cats. Predators often congregate near the riverbanks, where life-and-death dramas unfold as herbivores come to drink.<\/p>\n<\/li>\n<li>\n<p data-path-to-node=\"8,2,0\"><strong>The High-Contrast Season<\/strong><b data-path-to-node=\"8,2,0\" data-index-in-node=\"0\">:<\/b> During the dryer spells, the red volcanic soil contrasts sharply with the deep green of the riverine forests. This is a favorite time for photographers, as the wildlife is concentrated and easy to find along the permanent water sources.<\/p>\n<\/li>\n<\/ul>\n[\/info_list_son][\/info_list_father][vc_btn title=&#8220;Holen Sie sich ein Angebot an&#8220; style=&#8220;outline-custom&#8220; outline_custom_color=&#8220;#890000&#8243; outline_custom_hover_background=&#8220;#890000&#8243; outline_custom_hover_text=&#8220;#ffffff&#8220; shape=&#8220;square&#8220; size=&#8220;sm&#8220; align=&#8220;center&#8220; i_align=&#8220;right&#8220; i_icon_fontawesome=&#8220;fas fa-angle-right&#8220; add_icon=&#8220;true&#8220; link=&#8220;url:https%3A%2F%2Fmufasatoursandtravels.com%2Fde%2Fangebot-anfordern%2F|title:Angebot%20anfordern|&#8220;][\/vc_tta_section][vc_tta_section title=&#8220;Unterkunft&#8220; tab_id=&#8220;1633455601016-f93699bc-5d92&#8243;][vc_row_inner css=&#8220;.vc_custom_1767874197540{padding: 10px !important;}&#8220;][vc_column_inner el_class=&#8220;custom-height&#8220; offset=&#8220;vc_hidden-md vc_hidden-sm vc_hidden-xs&#8220;][ucaddon_uc_side_carousel_content image=&#8220;43062&#8243; title=&#8220;Elsas Kopje&#8220; btn_text=&#8220;View Accomodation&#8220; link=&#8220;https:\/\/www.elewanacollection.com\/elsa-s-kopje-meru\/at-a-glance&#8220; uc_init_settings=&#8220;&#8220; uc_fonts_data=&#8220;JTdCJTdE&#8220;]QnVpbHQlMjBpbnRvJTIwdGhlJTIwTXVnaHdhbmdvJTIwSGlsbCUyQyUyMHRoaXMlMjBhd2FyZC13aW5uaW5nJTIwbG9kZ2UlMjBpcyUyMHNpdHVhdGVkJTIwb24lMjB0aGUlMjBzaXRlJTIwb2YlMjBHZW9yZ2UlMjBBZGFtc29uJUUyJTgwJTk5cyUyMG9yaWdpbmFsJTIwY2FtcC4lMjBJdCUyMG9mZmVycyUyMDM2MC1kZWdyZWUlMjB2aWV3cyUyMG9mJTIwdGhlJTIwcGxhaW5zJTIwYW5kJTIwaXMlMjB0aGUlMjBoZWlnaHQlMjBvZiUyMCUyMnVucHJldGVudGlvdXMlMjBsdXh1cnkuJTIy[\/ucaddon_uc_side_carousel_content][\/vc_column_inner][\/vc_row_inner][vc_row_inner css=&#8220;.vc_custom_1767874197540{padding: 10px !important;}&#8220;][vc_column_inner el_class=&#8220;custom-height&#8220; offset=&#8220;vc_hidden-md vc_hidden-sm vc_hidden-xs&#8220;][ucaddon_uc_side_carousel_content image=&#8220;43068&#8243; title=&#8220;Rhino River Camp&#8220; btn_text=&#8220;View Accomodation&#8220; link=&#8220;https:\/\/www.porini.com\/african-safari-holidays\/kenya\/camps-and-lodges\/rhino-river-camp\/&#8220; uc_init_settings=&#8220;&#8220; uc_fonts_data=&#8220;JTdCJTdE&#8220;]TG9jYXRlZCUyMG9uJTIwdGhlJTIwZWRnZSUyMG9mJTIwdGhlJTIwUmhpbm8lMjBTYW5jdHVhcnklMkMlMjB0aGlzJTIwY2FtcCUyMGZlYXR1cmVzJTIwc3R5bGlzaCUyMHRlbnRzJTIwb24lMjB3b29kZW4lMjBkZWNrcyUyMG92ZXJsb29raW5nJTIwdGhlJTIwS2luZGFuaSUyMFJpdmVyLiUyMEl0JTIwb2ZmZXJzJTIwYSUyMHBlYWNlZnVsJTJDJTIwZm9yZXN0LWxpa2UlMjBhdG1vc3BoZXJlLg==[\/ucaddon_uc_side_carousel_content][\/vc_column_inner][\/vc_row_inner][vc_row_inner css=&#8220;.vc_custom_1767874197540{padding: 10px !important;}&#8220;][vc_column_inner el_class=&#8220;custom-height&#8220; offset=&#8220;vc_hidden-md vc_hidden-sm vc_hidden-xs&#8220;][ucaddon_uc_side_carousel_content image=&#8220;43074&#8243; title=&#8220;Ikweta Safari Camp&#8220; btn_text=&#8220;View Accomodation&#8220; link=&#8220;https:\/\/www.porini.com\/african-safari-holidays\/kenya\/camps-and-lodges\/rhino-river-camp\/&#8220; uc_init_settings=&#8220;&#8220; uc_fonts_data=&#8220;JTdCJTdE&#8220;]S25vd24lMjBmb3IlMjBpdHMlMjBoaWdoLXF1YWxpdHklMjB0ZW50cyUyMGFuZCUyMGdyZWF0JTIwdmFsdWUlMkMlMjB0aGlzJTIwY2FtcCUyMGlzJTIwcGVyZmVjdCUyMGZvciUyMHRob3NlJTIwd2hvJTIwd2FudCUyMGElMjBjb21mb3J0YWJsZSUyMCUyMmJ1c2glMjIlMjBleHBlcmllbmNlLg==[\/ucaddon_uc_side_carousel_content][\/vc_column_inner][\/vc_row_inner][vc_row_inner css=&#8220;.vc_custom_1767874197540{padding: 10px !important;}&#8220;][vc_column_inner el_class=&#8220;custom-height&#8220; offset=&#8220;vc_hidden-lg&#8220;][vc_headings style=&#8220;theme2&#8243; borderclr=&#8220;#890000&#8243; title=&#8220;Elsa&#8217;s Kopje&#8220; align=&#8220;left&#8220; google_fonts=&#8220;font_family:Quicksand%3A300%2Cregular%2C700|font_style:400%20regular%3A400%3Anormal&#8220; titleclr=&#8220;#000000&#8243; caption_url=&#8220;&#8220; caption_urls=&#8220;&#8220; caption_urlss=&#8220;&#8220; caption_urldesc=&#8220;&#8220;]Built into the Mughwango Hill, this award-winning lodge is situated on the site of George Adamson\u2019s original camp. It offers 360-degree views of the plains and is the height of &#8222;unpretentious luxury.&#8220;[\/vc_headings][vc_btn title=&#8220;Unterk\u00fcnfte ansehen&#8220; style=&#8220;outline-custom&#8220; outline_custom_color=&#8220;#890000&#8243; outline_custom_hover_background=&#8220;#890000&#8243; outline_custom_hover_text=&#8220;#ffffff&#8220; shape=&#8220;square&#8220; size=&#8220;sm&#8220; i_align=&#8220;right&#8220; i_icon_fontawesome=&#8220;fas fa-angle-right&#8220; add_icon=&#8220;true&#8220; css=&#8220;.vc_custom_1767877016471{padding-top: 10px !important;padding-right: 10px !important;padding-bottom: 10px !important;}&#8220; link=&#8220;url:https%3A%2F%2Fwww.elewanacollection.com%2Felsa-s-kopje-meru%2Fat-a-glance|&#8220;][\/vc_column_inner][\/vc_row_inner][vc_row_inner css=&#8220;.vc_custom_1767874197540{padding: 10px !important;}&#8220;][vc_column_inner el_class=&#8220;custom-height&#8220; offset=&#8220;vc_hidden-lg&#8220;][vc_headings style=&#8220;theme2&#8243; borderclr=&#8220;#890000&#8243; title=&#8220;Rhino River Camp&#8220; align=&#8220;left&#8220; google_fonts=&#8220;font_family:Quicksand%3A300%2Cregular%2C700|font_style:400%20regular%3A400%3Anormal&#8220; titleclr=&#8220;#000000&#8243; caption_url=&#8220;&#8220; caption_urls=&#8220;&#8220; caption_urlss=&#8220;&#8220; caption_urldesc=&#8220;&#8220;]Located on the edge of the Rhino Sanctuary, this camp features stylish tents on wooden decks overlooking the Kindani River. It offers a peaceful, forest-like atmosphere.[\/vc_headings][vc_btn title=&#8220;Unterk\u00fcnfte ansehen&#8220; style=&#8220;outline-custom&#8220; outline_custom_color=&#8220;#890000&#8243; outline_custom_hover_background=&#8220;#890000&#8243; outline_custom_hover_text=&#8220;#ffffff&#8220; shape=&#8220;square&#8220; size=&#8220;sm&#8220; i_align=&#8220;right&#8220; i_icon_fontawesome=&#8220;fas fa-angle-right&#8220; add_icon=&#8220;true&#8220; css=&#8220;.vc_custom_1767877073784{padding-top: 10px !important;padding-right: 10px !important;padding-bottom: 10px !important;}&#8220; link=&#8220;url:https%3A%2F%2Fwww.porini.com%2Fafrican-safari-holidays%2Fkenya%2Fcamps-and-lodges%2Frhino-river-camp%2F|&#8220;][\/vc_column_inner][\/vc_row_inner][vc_row_inner css=&#8220;.vc_custom_1767874197540{padding: 10px !important;}&#8220;][vc_column_inner el_class=&#8220;custom-height&#8220; offset=&#8220;vc_hidden-lg&#8220;][vc_headings style=&#8220;theme2&#8243; borderclr=&#8220;#890000&#8243; title=&#8220;Ikweta Safari Camp&#8220; align=&#8220;left&#8220; google_fonts=&#8220;font_family:Quicksand%3A300%2Cregular%2C700|font_style:400%20regular%3A400%3Anormal&#8220; titleclr=&#8220;#000000&#8243; caption_url=&#8220;&#8220; caption_urls=&#8220;&#8220; caption_urlss=&#8220;&#8220; caption_urldesc=&#8220;&#8220;]\n<p data-path-to-node=\"13,2,1,0,0\">Known for its high-quality tents and great value, this camp is perfect for those who want a comfortable &#8222;bush&#8220; experience.<\/p>\n[\/vc_headings][vc_btn title=&#8220;Unterk\u00fcnfte ansehen&#8220; style=&#8220;outline-custom&#8220; outline_custom_color=&#8220;#890000&#8243; outline_custom_hover_background=&#8220;#890000&#8243; outline_custom_hover_text=&#8220;#ffffff&#8220; shape=&#8220;square&#8220; size=&#8220;sm&#8220; i_align=&#8220;right&#8220; i_icon_fontawesome=&#8220;fas fa-angle-right&#8220; add_icon=&#8220;true&#8220; css=&#8220;.vc_custom_1767877172813{padding-top: 10px !important;padding-right: 10px !important;padding-bottom: 10px !important;}&#8220; link=&#8220;url:https%3A%2F%2Fwww.porini.com%2Fafrican-safari-holidays%2Fkenya%2Fcamps-and-lodges%2Frhino-river-camp%2F|&#8220;][\/vc_column_inner][\/vc_row_inner][\/vc_tta_section][vc_tta_section title=&#8220;Aktivit\u00e4ten&#8220; tab_id=&#8220;1767601538075-7b6924d3-776e&#8220;][info_list_father listclr=&#8220;#f8f8f8&#8243;][info_list_son style=&#8220;icon&#8220; size=&#8220;0&#8243; width=&#8220;0&#8243; height=&#8220;0&#8243; titleclr=&#8220;#f8f8f8&#8243; iconclr=&#8220;#f8f8f8&#8243; borderclr=&#8220;#f8f8f8&#8243; caption_url=&#8220;&#8220;]\n<ol>\n<li>\n<p data-path-to-node=\"18,0,0\"><strong>Rhino Sanctuary Tracking<\/strong><b data-path-to-node=\"18,0,0\" data-index-in-node=\"0\">:<\/b> Besuchen Sie das stark gesch\u00fctzte 44 km\u00b2 gro\u00dfe Schutzgebiet. Aufgrund des Gel\u00e4ndes des Parks kann man oft unglaubliche, Nahaufnahmen dieser gef\u00e4hrdeten Riesen machen. <\/p>\n<\/li>\n<li>\n<p data-path-to-node=\"18,1,0\"><strong>Die &#8222;Born Free&#8220;-Pilgerreise<\/strong><b data-path-to-node=\"18,1,0\" data-index-in-node=\"0\">:<\/b> Besuchen Sie das Grab von Elsa der L\u00f6win und den Ort von George Adamsons urspr\u00fcnglichem Lager, um sich mit der Geschichte zu verbinden, die den globalen Naturschutz f\u00fcr immer ver\u00e4ndert hat.<\/p>\n<\/li>\n<li>\n<p data-path-to-node=\"18,2,0\"><strong>Flusssafaris<\/strong><b data-path-to-node=\"18,2,0\" data-index-in-node=\"0\">:<\/b> Entdecken Sie die Ufer der Fl\u00fcsse Tana und Rojewero. Beobachten Sie Flusspferde, die sich suhlen und riesige Krokodile sonnenbaden, und halten Sie Ausschau nach der schwer fassbaren Pel-Angeleule. <\/p>\n<\/li>\n<li>\n<p data-path-to-node=\"18,3,0\"><strong>Adamson&#8217;s Falls<\/strong><b data-path-to-node=\"18,3,0\" data-index-in-node=\"0\">:<\/b> Machen Sie eine gef\u00fchrte Tour zu diesen dramatischen Stromschnellen, bei denen der Tana River durch einen schmalen Felskanal gezwungen wird. Es ist ein kraftvoller Ort f\u00fcr ein Picknick und Fotografie. <\/p>\n<\/li>\n<li>\n<p data-path-to-node=\"18,4,0\"><strong>Vogelbeobachtungsexpeditionen<\/strong><b data-path-to-node=\"18,4,0\" data-index-in-node=\"0\">:<\/b> Mit \u00fcber 400 Arten, darunter der seltene Peters Finfoot und verschiedene Eisv\u00f6gel, ist Meru ein Weltklasse-Ziel f\u00fcr Vogelliebhaber.<\/p>\n<\/li>\n<li>\n<p data-path-to-node=\"18,5,0\"><strong>Sundowner auf den Kopjes<\/strong><b data-path-to-node=\"18,5,0\" data-index-in-node=\"0\">:<\/b> Beende deinen Tag auf einem der felsigen Felsvorspr\u00fcnge des Parks (Kopjes) und beobachte den Sonnenuntergang am weiten Horizont mit einem gek\u00fchlten Getr\u00e4nk in der Hand \u2013 ein typisches Mufasa-Erlebnis.<\/p>\n<\/li>\n<li>\n<p data-path-to-node=\"18,6,0\"><strong>N\u00e4chtliche Wilddrives<\/strong><b data-path-to-node=\"18,6,0\" data-index-in-node=\"0\">:<\/b> (Verf\u00fcgbar \u00fcber bestimmte Lodges) Entdecken Sie die nachtaktiven Bewohner von Meru, von der Jagd auf Leoparden bis zum neugierigen Karakal. <\/p>\n<\/li>\n<\/ol>\n[\/info_list_son][\/info_list_father][\/vc_tta_section][\/vc_tta_tabs][\/vc_column][\/vc_row]\n","protected":false},"excerpt":{"rendered":"<p>[vc_row full_width=&#8220;stretch_row&#8220; gap=&#8220;1&#8243;][vc_column parallax=&#8220;content-moving&#8220; parallax_image=&#8220;6957&#8243; parallax_speed_bg=&#8220;1.8&#8243; css=&#8220;.vc_custom_1767874786740{padding-top: 80px !important;padding-right: 80px !important;padding-bottom: 80px !important;padding-left: 80px !important;}&#8220;][vc_custom_heading text=&#8220;Meru-Nationalpark&#8220; font_container=&#8220;tag:h1|font_size:32|text_align:left|color:%23ffffff&#8220; google_fonts=&#8220;font_family:Quicksand%3A300%2Cregular%2C700|font_style:400%20regular%3A400%3Anormal&#8220; el_class=&#8220;banner-txt&#8220;][vc_separator color=&#8220;custom&#8220; align=&#8220;align_left&#8220; border_width=&#8220;2&#8243; el_width=&#8220;20&#8243; accent_color=&#8220;#f8f8f8&#8243;][vc_custom_heading text=&#8220;Kenia&#8220; font_container=&#8220;tag:h2|font_size:18|text_align:left|color:%23ffffff&#8220; google_fonts=&#8220;font_family:Quicksand%3A300%2Cregular%2C700|font_style:400%20regular%3A400%3Anormal&#8220; el_class=&#8220;banner-txt&#8220;][\/vc_column][\/vc_row][vc_row][vc_column css=&#8220;.vc_custom_1673438873315{border-top-width: 10px !important;border-right-width: 10px !important;border-bottom-width: 10px !important;border-left-width: 10px !important;}&#8220;][vc_tta_tabs shape=&#8220;square&#8220; color=&#8220;juicy-pink&#8220; alignment=&#8220;center&#8220; active_section=&#8220;1&#8243; no_fill_content_area=&#8220;true&#8220;][vc_tta_section title=&#8220;\u00dcberblick&#8220; tab_id=&#8220;1633454673222-3d94f956-010c&#8220;][info_list_father listclr=&#8220;#f8f8f8&#8243;][info_list_son style=&#8220;icon&#8220; size=&#8220;20&#8243; width=&#8220;30&#8243; height=&#8220;20&#8243; titleclr=&#8220;#890000&#8243; icon=&#8220;fas fa-map-marked&#8220; iconclr=&#8220;#890000&#8243; iconbg=&#8220;#f8f8f8&#8243; borderclr=&#8220;#f8f8f8&#8243; [&hellip;]<\/p>\n","protected":false},"author":2,"featured_media":0,"parent":27929,"menu_order":14,"comment_status":"closed","ping_status":"closed","template":"","meta":{"_themeisle_gutenberg_block_has_review":false,"footnotes":""},"class_list":["post-43054","page","type-page","status-publish","hentry"],"_links":{"self":[{"href":"https:\/\/mufasatoursandtravels.com\/de\/wp-json\/wp\/v2\/pages\/43054","targetHints":{"allow":["GET"]}}],"collection":[{"href":"https:\/\/mufasatoursandtravels.com\/de\/wp-json\/wp\/v2\/pages"}],"about":[{"href":"https:\/\/mufasatoursandtravels.com\/de\/wp-json\/wp\/v2\/types\/page"}],"author":[{"embeddable":true,"href":"https:\/\/mufasatoursandtravels.com\/de\/wp-json\/wp\/v2\/users\/2"}],"replies":[{"embeddable":true,"href":"https:\/\/mufasatoursandtravels.com\/de\/wp-json\/wp\/v2\/comments?post=43054"}],"version-history":[{"count":2,"href":"https:\/\/mufasatoursandtravels.com\/de\/wp-json\/wp\/v2\/pages\/43054\/revisions"}],"predecessor-version":[{"id":43092,"href":"https:\/\/mufasatoursandtravels.com\/de\/wp-json\/wp\/v2\/pages\/43054\/revisions\/43092"}],"up":[{"embeddable":true,"href":"https:\/\/mufasatoursandtravels.com\/de\/wp-json\/wp\/v2\/pages\/27929"}],"wp:attachment":[{"href":"https:\/\/mufasatoursandtravels.com\/de\/wp-json\/wp\/v2\/media?parent=43054"}],"curies":[{"name":"wp","href":"https:\/\/api.w.org\/{rel}","templated":true}]}}