{"id":43111,"date":"2026-01-08T16:09:21","date_gmt":"2026-01-08T13:09:21","guid":{"rendered":"https:\/\/mufasatoursandtravels.com\/flugziele\/bogoria-see-2\/"},"modified":"2026-01-08T16:48:33","modified_gmt":"2026-01-08T13:48:33","slug":"bogoria-see-2","status":"publish","type":"page","link":"https:\/\/mufasatoursandtravels.com\/de\/flugziele\/bogoria-see-2\/","title":{"rendered":"Bogoria-See"},"content":{"rendered":"[vc_row full_width=&#8220;stretch_row&#8220; gap=&#8220;1&#8243;][vc_column parallax=&#8220;content-moving&#8220; parallax_image=&#8220;3215&#8243; parallax_speed_bg=&#8220;1&#8243; css=&#8220;.vc_custom_1767878483446{padding-top: 80px !important;padding-right: 80px !important;padding-bottom: 80px !important;padding-left: 80px !important;}&#8220;][vc_custom_heading text=&#8220;Bogoria-See&#8220; font_container=&#8220;tag:h1|font_size:32|text_align:left|color:%23ffffff&#8220; google_fonts=&#8220;font_family:Quicksand%3A300%2Cregular%2C700|font_style:400%20regular%3A400%3Anormal&#8220; el_class=&#8220;banner-txt&#8220;][vc_separator color=&#8220;custom&#8220; align=&#8220;align_left&#8220; border_width=&#8220;2&#8243; el_width=&#8220;20&#8243; accent_color=&#8220;#f8f8f8&#8243;][vc_custom_heading text=&#8220;Kenia&#8220; font_container=&#8220;tag:h2|font_size:18|text_align:left|color:%23ffffff&#8220; google_fonts=&#8220;font_family:Quicksand%3A300%2Cregular%2C700|font_style:400%20regular%3A400%3Anormal&#8220; el_class=&#8220;banner-txt&#8220;][\/vc_column][\/vc_row][vc_row][vc_column css=&#8220;.vc_custom_1673438873315{border-top-width: 10px !important;border-right-width: 10px !important;border-bottom-width: 10px !important;border-left-width: 10px !important;}&#8220;][vc_tta_tabs shape=&#8220;square&#8220; color=&#8220;juicy-pink&#8220; alignment=&#8220;center&#8220; active_section=&#8220;1&#8243; no_fill_content_area=&#8220;true&#8220;][vc_tta_section title=&#8220;\u00dcberblick&#8220; tab_id=&#8220;1633454673222-3d94f956-010c&#8220;][info_list_father listclr=&#8220;#f8f8f8&#8243;][info_list_son style=&#8220;icon&#8220; size=&#8220;20&#8243; width=&#8220;30&#8243; height=&#8220;20&#8243; titleclr=&#8220;#890000&#8243; icon=&#8220;fas fa-map-marked&#8220; iconclr=&#8220;#890000&#8243; iconbg=&#8220;#f8f8f8&#8243; borderclr=&#8220;#f8f8f8&#8243; title=&#8220;Africa&#8217;s Steaming Pink Sancturary&#8220; caption_url=&#8220;&#8220;]\n<p data-path-to-node=\"5\">Lake Bogoria is a saline, alkaline gem tucked away in the rugged fault troughs of the Great Rift Valley. Known for its intense geothermal activity, the lake is home to the highest concentration of true geysers in Africa. Its shallow waters are a rich &#8222;soup&#8220; of blue-green algae, attracting millions of flamingos that transform the shoreline into a shimmering ribbon of pink.<\/p>\n[\/info_list_son][info_list_son style=&#8220;icon&#8220; size=&#8220;20&#8243; width=&#8220;30&#8243; height=&#8220;20&#8243; titleclr=&#8220;#890000&#8243; icon=&#8220;fas fa-route&#8220; iconclr=&#8220;#890000&#8243; iconbg=&#8220;#f8f8f8&#8243; borderclr=&#8220;#f8f8f8&#8243; title=&#8220;What to expect&#8220; caption_url=&#8220;&#8220;]\n<ol>\n<li>\n<p data-path-to-node=\"6,0,0\"><strong>The Land of Geysers<\/strong><b data-path-to-node=\"6,0,0\" data-index-in-node=\"0\">:<\/b> Explore a volcanic landscape featuring over 200 hot springs and dozens of active geysers that can erupt up to 5 meters high.<\/p>\n<\/li>\n<li>\n<p data-path-to-node=\"6,1,0\"><strong>UNESCO World Heritage<\/strong><b data-path-to-node=\"6,1,0\" data-index-in-node=\"0\">:<\/b> Recognized as part of the Kenya Lake System, Bogoria is a critical habitat for the Lesser Flamingo and the endangered <b data-path-to-node=\"6,1,0\" data-index-in-node=\"141\">Greater Kudu<\/b>.<\/p>\n<\/li>\n<li>\n<p data-path-to-node=\"6,2,0\"><strong>Dramatic Geography<\/strong><b data-path-to-node=\"6,2,0\" data-index-in-node=\"0\">:<\/b> To the east, the lake is bordered by the towering Siracho Escarpment, providing a vertical backdrop that makes it one of the most photogenic spots in Kenya<\/p>\n<\/li>\n<\/ol>\n[\/info_list_son][info_list_son style=&#8220;icon&#8220; size=&#8220;20&#8243; width=&#8220;30&#8243; height=&#8220;20&#8243; titleclr=&#8220;#890000&#8243; icon=&#8220;far fa-check-circle&#8220; iconclr=&#8220;#890000&#8243; iconbg=&#8220;#f8f8f8&#8243; borderclr=&#8220;#f8f8f8&#8243; title=&#8220;Seasonal Overview&#8220; caption_url=&#8220;&#8220;]\n<p data-path-to-node=\"7\">Lake Bogoria is a year-round destination where the experience shifts with the Rift Valley&#8217;s cycles rather than distinct seasons:<\/p>\n<ul data-path-to-node=\"8\">\n<li>\n<p data-path-to-node=\"8,0,0\"><strong>The Season of Vitality<\/strong><b data-path-to-node=\"8,0,0\" data-index-in-node=\"0\">:<\/b> During the wetter months, the surrounding bushland turns a deep emerald green. The air is exceptionally clear, offering crisp views of the escarpment. This is a quiet time when the &#8222;resident&#8220; birdlife thrives and the hot springs provide a dramatic contrast to the cool rain.<\/p>\n<\/li>\n<li>\n<p data-path-to-node=\"8,1,0\"><strong>The Flamingo Peak<\/strong><b data-path-to-node=\"8,1,0\" data-index-in-node=\"0\">:<\/b> As the lake water recedes through evaporation, its alkalinity increases, leading to massive blooms of Spirulina algae. This is when the flamingo populations are at their most concentrated, often numbering in the millions as they seek the perfect feeding conditions.<\/p>\n<\/li>\n<li>\n<p data-path-to-node=\"8,2,0\"><strong>The Geothermal High<\/strong><b data-path-to-node=\"8,2,0\" data-index-in-node=\"0\">:<\/b> During the drier spells, the geothermal pressure is most visible. The steam from the hot springs rises higher into the heat of the day, and the lack of surface runoff makes the geysers&#8216; crystal-clear eruptions a sight to behold.<\/p>\n<\/li>\n<\/ul>\n[\/info_list_son][\/info_list_father][vc_btn title=&#8220;Holen Sie sich ein Angebot an&#8220; style=&#8220;outline-custom&#8220; outline_custom_color=&#8220;#890000&#8243; outline_custom_hover_background=&#8220;#890000&#8243; outline_custom_hover_text=&#8220;#ffffff&#8220; shape=&#8220;square&#8220; size=&#8220;sm&#8220; align=&#8220;center&#8220; i_align=&#8220;right&#8220; i_icon_fontawesome=&#8220;fas fa-angle-right&#8220; add_icon=&#8220;true&#8220; link=&#8220;url:https%3A%2F%2Fmufasatoursandtravels.com%2Fde%2Fangebot-anfordern%2F|title:Angebot%20anfordern|&#8220;][\/vc_tta_section][vc_tta_section title=&#8220;Unterkunft&#8220; tab_id=&#8220;1633455601016-f93699bc-5d92&#8243;][vc_row_inner css=&#8220;.vc_custom_1767878786489{padding: 10px !important;}&#8220;][vc_column_inner el_class=&#8220;custom-height&#8220; offset=&#8220;vc_hidden-md vc_hidden-sm vc_hidden-xs&#8220;][ucaddon_uc_side_carousel_content image=&#8220;43120&#8243; title=&#8220;Lake Bogoria Spa Resort&#8220; btn_text=&#8220;View Accomodation&#8220; link=&#8220;https:\/\/www.lakebogoria-hotel.com\/#\/&#8220; uc_init_settings=&#8220;&#8220; uc_fonts_data=&#8220;JTdCJTdE&#8220;]VGhlJTIwbW9zdCUyMGljb25pYyUyMGxvZGdlJTIwaW4lMjB0aGUlMjBhcmVhJTJDJTIwZmFtb3VzJTIwZm9yJTIwaXRzJTIwbmF0dXJhbGx5JTIwaGVhdGVkJTIwc3BhJTIwcG9vbC4lMjBJdCUyMGlzJTIwdGhlJTIwb25seSUyMHJlc29ydCUyMGluJTIwS2VueWElMjB3aXRoJTIwYSUyMHBvb2wlMjBmZWQlMjBieSUyMGElMjBuYXR1cmFsJTIwaG90JTIwc3ByaW5nJTJDJTIwYWxsb3dpbmclMjB5b3UlMjB0byUyMHN3aW0lMjBpbiUyMHdhcm0lMkMlMjBtaW5lcmFsLXJpY2glMjB3YXRlciUyMHVuZGVyJTIwdGhlJTIwc3RhcnMu[\/ucaddon_uc_side_carousel_content][\/vc_column_inner][\/vc_row_inner][vc_row_inner css=&#8220;.vc_custom_1767878786489{padding: 10px !important;}&#8220;][vc_column_inner el_class=&#8220;custom-height&#8220; offset=&#8220;vc_hidden-lg&#8220;][vc_headings style=&#8220;theme2&#8243; borderclr=&#8220;#890000&#8243; title=&#8220;Lake Bogoria Spa Resort&#8220; align=&#8220;left&#8220; google_fonts=&#8220;font_family:Quicksand%3A300%2Cregular%2C700|font_style:400%20regular%3A400%3Anormal&#8220; titleclr=&#8220;#000000&#8243; caption_url=&#8220;&#8220; caption_urls=&#8220;&#8220; caption_urlss=&#8220;&#8220; caption_urldesc=&#8220;&#8220;]The most iconic lodge in the area, famous for its naturally heated spa pool. It is the only resort in Kenya with a pool fed by a natural hot spring, allowing you to swim in warm, mineral-rich water under the stars.[\/vc_headings][vc_btn title=&#8220;Unterk\u00fcnfte ansehen&#8220; style=&#8220;outline-custom&#8220; outline_custom_color=&#8220;#890000&#8243; outline_custom_hover_background=&#8220;#890000&#8243; outline_custom_hover_text=&#8220;#ffffff&#8220; shape=&#8220;square&#8220; size=&#8220;sm&#8220; i_align=&#8220;right&#8220; i_icon_fontawesome=&#8220;fas fa-chevron-right&#8220; add_icon=&#8220;true&#8220; link=&#8220;url:https%3A%2F%2Fwww.lakebogoria-hotel.com%2F%23%2F|&#8220; css=&#8220;.vc_custom_1767878953331{padding-top: 10px !important;padding-right: 10px !important;padding-bottom: 10px !important;}&#8220;][\/vc_column_inner][\/vc_row_inner][\/vc_tta_section][vc_tta_section title=&#8220;Aktivit\u00e4ten&#8220; tab_id=&#8220;1767601538075-7b6924d3-776e&#8220;][info_list_father listclr=&#8220;#f8f8f8&#8243;][info_list_son style=&#8220;icon&#8220; size=&#8220;0&#8243; width=&#8220;0&#8243; height=&#8220;0&#8243; titleclr=&#8220;#f8f8f8&#8243; iconclr=&#8220;#f8f8f8&#8243; borderclr=&#8220;#f8f8f8&#8243; caption_url=&#8220;&#8220;]\n<p data-path-to-node=\"17\"><b data-path-to-node=\"17\" data-index-in-node=\"0\">Erlebe die Hitze des Risses<\/b> Der Bogoriasee bietet Aktivit\u00e4ten, die alle Sinne ansprechen.<\/p>\n<ol start=\"1\" data-path-to-node=\"18\">\n<li>\n<p data-path-to-node=\"18,0,0\"><strong>&#8222;Koch ein Ei&#8220; bei den Geysiren<\/strong><b data-path-to-node=\"18,0,0\" data-index-in-node=\"0\">:<\/b> Eine lokale Tradition! Kaufen Sie rohe Eier am Parktor und lassen Sie sie in das kochende Wasser der Quellen sinken. In nur wenigen Minuten werden sie von der nat\u00fcrlichen Energie der Erde perfekt gegart \u2013 ein Hit f\u00fcr Familien und Fotografie-Enthusiasten.  <\/p>\n<\/li>\n<li>\n<p data-path-to-node=\"18,1,0\"><strong>Flamingo-Fotografie-Safaris<\/strong><b data-path-to-node=\"18,1,0\" data-index-in-node=\"0\">:<\/b> Spazieren Sie entlang der flachen Westk\u00fcste, um den riesigen Flamingoschw\u00e4rmen nahe zu kommen. Das Spiegelbild der rosa V\u00f6gel im blauen alkalischen Wasser und dem schwarzen vulkanischen Gestein ist eine erstklassige Fotogelegenheit. <\/p>\n<\/li>\n<li>\n<p data-path-to-node=\"18,2,0\"><strong>Wandern Sie den Siracho-Escarpment<\/strong><b data-path-to-node=\"18,2,0\" data-index-in-node=\"0\">:<\/b> F\u00fcr alle, die eine Herausforderung suchen, bietet eine gef\u00fchrte Wanderung den Hang hinauf einen &#8222;Vogelperspektive&#8220; auf das gesamte Seensystem und die dampfenden L\u00fcftungen darunter.<\/p>\n<\/li>\n<li>\n<p data-path-to-node=\"18,3,0\"><strong>Verfolgung des Gro\u00dfen Kudu<\/strong><b data-path-to-node=\"18,3,0\" data-index-in-node=\"0\">:<\/b> Begleite unsere F\u00fchrer in den Akazienw\u00e4ldern, um das seltene Gro\u00dfe Kudu zu finden. Diese majest\u00e4tischen Antilopen mit spiralf\u00f6rmigen H\u00f6rnern sind die sch\u00fcchternsten Bewohner des Parks. <\/p>\n<\/li>\n<li>\n<p data-path-to-node=\"18,4,0\"><strong>Fahrradsafaris: Mieten<\/strong><b data-path-to-node=\"18,4,0\" data-index-in-node=\"0\"> Sie ein Fahrrad und fahren Sie am Seeufer entlang. Das relativ flache Gel\u00e4nde in der N\u00e4he der Quellen macht es zu einer idealen M\u00f6glichkeit, die Geysire und Wildtiere in Ihrem eigenen Tempo zu beobachten.<\/b> <\/p>\n<\/li>\n<li>\n<p data-path-to-node=\"18,5,0\"><strong>Therapeutische Spa-Bade<\/strong><b data-path-to-node=\"18,5,0\" data-index-in-node=\"0\">: Verbringen Sie einen Nachmittag im Spa Resort und genie\u00dfen Sie die medizinischen Eigenschaften der hei\u00dfen Quellen, die angeblich bei Hautproblemen und Muskelentspannung helfen.<\/b><\/p>\n<\/li>\n<\/ol>\n[\/info_list_son][\/info_list_father][\/vc_tta_section][\/vc_tta_tabs][\/vc_column][\/vc_row]\n","protected":false},"excerpt":{"rendered":"<p>[vc_row full_width=&#8220;stretch_row&#8220; gap=&#8220;1&#8243;][vc_column parallax=&#8220;content-moving&#8220; parallax_image=&#8220;3215&#8243; parallax_speed_bg=&#8220;1&#8243; css=&#8220;.vc_custom_1767878483446{padding-top: 80px !important;padding-right: 80px !important;padding-bottom: 80px !important;padding-left: 80px !important;}&#8220;][vc_custom_heading text=&#8220;Bogoria-See&#8220; font_container=&#8220;tag:h1|font_size:32|text_align:left|color:%23ffffff&#8220; google_fonts=&#8220;font_family:Quicksand%3A300%2Cregular%2C700|font_style:400%20regular%3A400%3Anormal&#8220; el_class=&#8220;banner-txt&#8220;][vc_separator color=&#8220;custom&#8220; align=&#8220;align_left&#8220; border_width=&#8220;2&#8243; el_width=&#8220;20&#8243; accent_color=&#8220;#f8f8f8&#8243;][vc_custom_heading text=&#8220;Kenia&#8220; font_container=&#8220;tag:h2|font_size:18|text_align:left|color:%23ffffff&#8220; google_fonts=&#8220;font_family:Quicksand%3A300%2Cregular%2C700|font_style:400%20regular%3A400%3Anormal&#8220; el_class=&#8220;banner-txt&#8220;][\/vc_column][\/vc_row][vc_row][vc_column css=&#8220;.vc_custom_1673438873315{border-top-width: 10px !important;border-right-width: 10px !important;border-bottom-width: 10px !important;border-left-width: 10px !important;}&#8220;][vc_tta_tabs shape=&#8220;square&#8220; color=&#8220;juicy-pink&#8220; alignment=&#8220;center&#8220; active_section=&#8220;1&#8243; no_fill_content_area=&#8220;true&#8220;][vc_tta_section title=&#8220;\u00dcberblick&#8220; tab_id=&#8220;1633454673222-3d94f956-010c&#8220;][info_list_father listclr=&#8220;#f8f8f8&#8243;][info_list_son style=&#8220;icon&#8220; size=&#8220;20&#8243; width=&#8220;30&#8243; height=&#8220;20&#8243; titleclr=&#8220;#890000&#8243; icon=&#8220;fas fa-map-marked&#8220; iconclr=&#8220;#890000&#8243; iconbg=&#8220;#f8f8f8&#8243; borderclr=&#8220;#f8f8f8&#8243; [&hellip;]<\/p>\n","protected":false},"author":2,"featured_media":0,"parent":27929,"menu_order":16,"comment_status":"closed","ping_status":"closed","template":"","meta":{"_themeisle_gutenberg_block_has_review":false,"footnotes":""},"class_list":["post-43111","page","type-page","status-publish","hentry"],"_links":{"self":[{"href":"https:\/\/mufasatoursandtravels.com\/de\/wp-json\/wp\/v2\/pages\/43111","targetHints":{"allow":["GET"]}}],"collection":[{"href":"https:\/\/mufasatoursandtravels.com\/de\/wp-json\/wp\/v2\/pages"}],"about":[{"href":"https:\/\/mufasatoursandtravels.com\/de\/wp-json\/wp\/v2\/types\/page"}],"author":[{"embeddable":true,"href":"https:\/\/mufasatoursandtravels.com\/de\/wp-json\/wp\/v2\/users\/2"}],"replies":[{"embeddable":true,"href":"https:\/\/mufasatoursandtravels.com\/de\/wp-json\/wp\/v2\/comments?post=43111"}],"version-history":[{"count":2,"href":"https:\/\/mufasatoursandtravels.com\/de\/wp-json\/wp\/v2\/pages\/43111\/revisions"}],"predecessor-version":[{"id":43136,"href":"https:\/\/mufasatoursandtravels.com\/de\/wp-json\/wp\/v2\/pages\/43111\/revisions\/43136"}],"up":[{"embeddable":true,"href":"https:\/\/mufasatoursandtravels.com\/de\/wp-json\/wp\/v2\/pages\/27929"}],"wp:attachment":[{"href":"https:\/\/mufasatoursandtravels.com\/de\/wp-json\/wp\/v2\/media?parent=43111"}],"curies":[{"name":"wp","href":"https:\/\/api.w.org\/{rel}","templated":true}]}}