{"id":28018,"date":"2024-04-09T18:10:50","date_gmt":"2024-04-09T15:10:50","guid":{"rendered":"https:\/\/mufasatoursandtravels.com\/safaris-de-corta-estancia-en-tanzania\/"},"modified":"2025-05-14T10:13:12","modified_gmt":"2025-05-14T07:13:12","slug":"safaris-de-corta-estancia-en-tanzania","status":"publish","type":"page","link":"https:\/\/mufasatoursandtravels.com\/es\/tanzania-safaris\/safaris-de-corta-estancia-en-tanzania\/","title":{"rendered":"Safaris de corta estancia en Tanzania"},"content":{"rendered":"[vc_row full_width=\u00bbstretch_row_content\u00bb css=\u00bb.vc_custom_1712829945571{margin-top: -50px !important;background: rgba(0,0,0,0.89) url(https:\/\/mufasatoursandtravels.com\/wp-content\/uploads\/2024\/04\/cheetah-plains.jpg?id=14563) !important;*background-color: rgb(0,0,0) !important;}\u00bb][vc_column css=\u00bb.vc_custom_1687869367906{padding-top: 30px !important;padding-right: 50px !important;padding-bottom: 30px !important;padding-left: 50px !important;background-color: rgba(0,0,0,0.57) !important;*background-color: rgb(0,0,0) !important;}\u00bb][vc_custom_heading text=\u00bbTANZANIA\u00bb font_container=\u00bbtag:h1|font_size:35|text_align:center|color:%23ffffff\u00bb google_fonts=\u00bbfont_family:Open%20Sans%3A300%2C300italic%2Cregular%2Citalic%2C600%2C600italic%2C700%2C700italic%2C800%2C800italic|font_style:600%20bold%20regular%3A600%3Anormal\u00bb el_class=\u00bbcustom-opacity-text\u00bb css=\u00bb.vc_custom_1712829919242{margin-top: 30px !important;}\u00bb][vc_headings linewidth=\u00bb150&#8243; borderclr=\u00bb#ffffff\u00bb title=\u00bbShort Stay Safaris\u00bb use_theme_fonts=\u00bbyes\u00bb titleclr=\u00bb#ffffff\u00bb][\/vc_headings][vc_empty_space height=\u00bb100px\u00bb][\/vc_column][\/vc_row][vc_row][vc_column][vc_empty_space][\/vc_column][\/vc_row][vc_row][vc_column][vc_column_text]\n<p style=\"font-size: 18px; text-align: center;\">Emb\u00e1rcate en un viaje al coraz\u00f3n de los ind\u00f3mitos parques y reservas de Tanzania, donde cada momento es una exploraci\u00f3n y cada descubrimiento se comparte con tu tribu. Da rienda suelta al esp\u00edritu de camarader\u00eda mientras atraviesas los impresionantes paisajes, te encuentras con la majestuosa vida silvestre y creas recuerdos que durar\u00e1n toda la vida. <\/p>\n[\/vc_column_text][\/vc_column][\/vc_row][vc_row][vc_column][vc_headings style=\u00bbtheme3&#8243; linewidth=\u00bb150&#8243; borderclr=\u00bb#890000&#8243; title=\u00bbPaquetes\u00bb google_fonts=\u00bbfont_family:Open%20Sans%3A300%2C300italic%2Cregular%2Citalic%2C600%2C600italic%2C700%2C700italic%2C800%2C800italic|font_style:400%20regular%3A400%3Anormal\u00bb titleclr=\u00bb#890000&#8243;][\/vc_headings][\/vc_column][\/vc_row][vc_row gap=\u00bb5&#8243; css=\u00bb.vc_custom_1712828825230{padding-top: 5px !important;padding-right: 5px !important;padding-bottom: 5px !important;padding-left: 5px !important;}\u00bb][vc_column width=\u00bb1\/3&#8243; css=\u00bb.vc_custom_1712818875065{padding: 10px !important;}\u00bb]<div class=\"cq-hovercard cq-rotateY hover-card-o cq-hovercard-hideicon\" data-contentcolor=\"#ffffff\" data-iconcolor=\"#890000\" data-bgheight=\"240\" data-captionoffset=\"\" data-videowidth=\"640\" data-linktype=\"customlink\" data-bgtype=\"image\" data-lightboxmargin=\"\"><a href=\"https:\/\/mufasatoursandtravels.com\/tanzania-safaris\/tanzania-short-stay-safaris\/tarangire-tree-top-adventure\/\" title=\"Tarangire Tree Top Adventure\" target=\"\" class=\"cq-hovercard-customlink\"><img decoding=\"async\" src=\"https:\/\/mufasatoursandtravels.com\/wp-content\/uploads\/2023\/07\/gazelle-scaled.jpg\" class=\"cq-hovercard-background\" alt=\"\" \/><div class=\"cq-hovercard-textcontainer\"><div class=\"cq-hovercard-title\">Aventura en las copas de los \u00e1rboles de Tarangire<\/div><div class=\"cq-hovercard-content\">1 Day | Tarangire National Park<\/div><i class=\"cq-hovercard-icon fas fa-paw\"><\/i><\/div><\/a><\/div>[\/vc_column][vc_column width=\u00bb1\/3&#8243; css=\u00bb.vc_custom_1712818898663{padding: 10px !important;}\u00bb]<div class=\"cq-hovercard cq-rotateY  cq-hovercard-hideicon\" data-contentcolor=\"#ffffff\" data-iconcolor=\"#890000\" data-bgheight=\"240\" data-captionoffset=\"\" data-videowidth=\"640\" data-linktype=\"customlink\" data-bgtype=\"image\" data-lightboxmargin=\"\"><a href=\"https:\/\/mufasatoursandtravels.com\/tanzania-safaris\/tanzania-short-stay-safaris\/savannah-symphony-safari\/\" title=\"Savannah Symphony Safari\" target=\"\" class=\"cq-hovercard-customlink\"><img decoding=\"async\" src=\"https:\/\/mufasatoursandtravels.com\/wp-content\/uploads\/2023\/10\/zebra-savanna.jpg\" class=\"cq-hovercard-background\" alt=\"Savannah tour\" \/><div class=\"cq-hovercard-textcontainer\"><div class=\"cq-hovercard-title\">Safari Sinf\u00f3nico de Savannah<\/div><div class=\"cq-hovercard-content\">1 Day | Ngorongoro National Park<\/div><i class=\"cq-hovercard-icon fas fa-paw\"><\/i><\/div><\/a><\/div>[\/vc_column][vc_column width=\u00bb1\/3&#8243; css=\u00bb.vc_custom_1712818911640{padding: 10px !important;}\u00bb]<div class=\"cq-hovercard cq-rotateY  cq-hovercard-hideicon\" data-contentcolor=\"\" data-iconcolor=\"#890000\" data-bgheight=\"240\" data-captionoffset=\"\" data-videowidth=\"640\" data-linktype=\"customlink\" data-bgtype=\"image\" data-lightboxmargin=\"\"><a href=\"https:\/\/mufasatoursandtravels.com\/tanzania-safaris\/tanzania-short-stay-safaris\/tanzania-wild-heart-expedition\/\" title=\"Tanzania Wild Heart Expedition\" target=\"\" class=\"cq-hovercard-customlink\"><img decoding=\"async\" src=\"https:\/\/mufasatoursandtravels.com\/wp-content\/uploads\/2023\/06\/Zebras-MTT-scaled.jpg\" class=\"cq-hovercard-background\" alt=\"\" \/><div class=\"cq-hovercard-textcontainer\"><div class=\"cq-hovercard-title\">Expedici\u00f3n Coraz\u00f3n Salvaje de Tanzania<\/div><div class=\"cq-hovercard-content\">1 Day | Tarangire National Park<\/div><i class=\"cq-hovercard-icon fas fa-paw\"><\/i><\/div><\/a><\/div>[\/vc_column][\/vc_row][vc_row css=\u00bb.vc_custom_1712829798925{padding: 5px !important;}\u00bb][vc_column width=\u00bb1\/3&#8243; css=\u00bb.vc_custom_1712828853854{padding: 10px !important;}\u00bb]<div class=\"cq-hovercard cq-rotate  cq-hovercard-hideicon\" data-contentcolor=\"\" data-iconcolor=\"#890000\" data-bgheight=\"240\" data-captionoffset=\"\" data-videowidth=\"640\" data-linktype=\"customlink\" data-bgtype=\"image\" data-lightboxmargin=\"\"><a href=\"https:\/\/mufasatoursandtravels.com\/tanzania-safaris\/tanzania-short-stay-safaris\/ngorongoro-crater-expedition\/\" title=\"Ngorongoro Crater Expedition\" target=\"\" class=\"cq-hovercard-customlink\"><img decoding=\"async\" src=\"https:\/\/mufasatoursandtravels.com\/wp-content\/uploads\/2025\/01\/Gazzelles.jpeg\" class=\"cq-hovercard-background\" alt=\"\" \/><div class=\"cq-hovercard-textcontainer\"><div class=\"cq-hovercard-title\">Expediciones al cr\u00e1ter del Ngorongoro<\/div><div class=\"cq-hovercard-content\">1 Day | Ngorongoro National Park<\/div><i class=\"cq-hovercard-icon fas fa-paw\"><\/i><\/div><\/a><\/div>[\/vc_column][vc_column width=\u00bb1\/3&#8243; css=\u00bb.vc_custom_1712828875331{padding: 10px !important;}\u00bb]<div class=\"cq-hovercard cq-rotateY  cq-hovercard-hideicon\" data-contentcolor=\"\" data-iconcolor=\"#890000\" data-bgheight=\"240\" data-captionoffset=\"\" data-videowidth=\"640\" data-linktype=\"customlink\" data-bgtype=\"image\" data-lightboxmargin=\"\"><a href=\"https:\/\/mufasatoursandtravels.com\/tanzania-safaris\/tanzania-short-stay-safaris\/tarangire-sunrise-safari\/\" title=\"Tarangire Sunrise Safari\" target=\"\" class=\"cq-hovercard-customlink\"><img decoding=\"async\" src=\"https:\/\/mufasatoursandtravels.com\/wp-content\/uploads\/2024\/04\/lions-bush-1-scaled.jpg\" class=\"cq-hovercard-background\" alt=\"\" \/><div class=\"cq-hovercard-textcontainer\"><div class=\"cq-hovercard-title\">Tarangire Sunrise Safari<\/div><div class=\"cq-hovercard-content\">3 Day | Tarangire \u2192 Ngorongoro \u2192 Lk.Manyara<\/div><i class=\"cq-hovercard-icon fas fa-paw\"><\/i><\/div><\/a><\/div>[\/vc_column][vc_column width=\u00bb1\/3&#8243; css=\u00bb.vc_custom_1712828886767{padding: 10px !important;}\u00bb]<div class=\"cq-hovercard cq-rotate  cq-hovercard-hideicon\" data-contentcolor=\"\" data-iconcolor=\"#890000\" data-bgheight=\"240\" data-captionoffset=\"\" data-videowidth=\"640\" data-linktype=\"customlink\" data-bgtype=\"image\" data-lightboxmargin=\"\"><a href=\"https:\/\/mufasatoursandtravels.com\/tanzania-safaris\/tanzania-short-stay-safaris\/serengeti-sunsets-savannah-secrets\/\" title=\"Serengeti Sunsets & Savannah Secrets\" target=\"\" class=\"cq-hovercard-customlink\"><img decoding=\"async\" src=\"https:\/\/mufasatoursandtravels.com\/wp-content\/uploads\/2025\/01\/Lone-buffalo.jpeg\" class=\"cq-hovercard-background\" alt=\"\" \/><div class=\"cq-hovercard-textcontainer\"><div class=\"cq-hovercard-title\">Atardeceres del Serengeti y secretos de la sabana<\/div><div class=\"cq-hovercard-content\">3 Day | Serengeti (Fly-in)<\/div><i class=\"cq-hovercard-icon fas fa-paw\"><\/i><\/div><\/a><\/div>[\/vc_column][\/vc_row]\n","protected":false},"excerpt":{"rendered":"<p>[vc_row full_width=\u00bbstretch_row_content\u00bb css=\u00bb.vc_custom_1712829945571{margin-top: -50px !important;background: rgba(0,0,0,0.89) url(https:\/\/mufasatoursandtravels.com\/wp-content\/uploads\/2024\/04\/cheetah-plains.jpg?id=14563) !important;*background-color: rgb(0,0,0) !important;}\u00bb][vc_column css=\u00bb.vc_custom_1687869367906{padding-top: 30px !important;padding-right: 50px !important;padding-bottom: 30px !important;padding-left: 50px !important;background-color: rgba(0,0,0,0.57) !important;*background-color: rgb(0,0,0) !important;}\u00bb][vc_custom_heading text=\u00bbTANZANIA\u00bb font_container=\u00bbtag:h1|font_size:35|text_align:center|color:%23ffffff\u00bb google_fonts=\u00bbfont_family:Open%20Sans%3A300%2C300italic%2Cregular%2Citalic%2C600%2C600italic%2C700%2C700italic%2C800%2C800italic|font_style:600%20bold%20regular%3A600%3Anormal\u00bb el_class=\u00bbcustom-opacity-text\u00bb css=\u00bb.vc_custom_1712829919242{margin-top: 30px !important;}\u00bb][vc_headings linewidth=\u00bb150&#8243; borderclr=\u00bb#ffffff\u00bb title=\u00bbShort Stay Safaris\u00bb use_theme_fonts=\u00bbyes\u00bb titleclr=\u00bb#ffffff\u00bb][\/vc_headings][vc_empty_space height=\u00bb100px\u00bb][\/vc_column][\/vc_row][vc_row][vc_column][vc_empty_space][\/vc_column][\/vc_row][vc_row][vc_column][vc_column_text] Emb\u00e1rcate en un viaje al coraz\u00f3n de los ind\u00f3mitos parques y reservas de Tanzania, donde cada momento [&hellip;]<\/p>\n","protected":false},"author":1,"featured_media":0,"parent":28056,"menu_order":0,"comment_status":"closed","ping_status":"closed","template":"","meta":{"_themeisle_gutenberg_block_has_review":false,"footnotes":""},"class_list":["post-28018","page","type-page","status-publish","hentry"],"_links":{"self":[{"href":"https:\/\/mufasatoursandtravels.com\/es\/wp-json\/wp\/v2\/pages\/28018","targetHints":{"allow":["GET"]}}],"collection":[{"href":"https:\/\/mufasatoursandtravels.com\/es\/wp-json\/wp\/v2\/pages"}],"about":[{"href":"https:\/\/mufasatoursandtravels.com\/es\/wp-json\/wp\/v2\/types\/page"}],"author":[{"embeddable":true,"href":"https:\/\/mufasatoursandtravels.com\/es\/wp-json\/wp\/v2\/users\/1"}],"replies":[{"embeddable":true,"href":"https:\/\/mufasatoursandtravels.com\/es\/wp-json\/wp\/v2\/comments?post=28018"}],"version-history":[{"count":2,"href":"https:\/\/mufasatoursandtravels.com\/es\/wp-json\/wp\/v2\/pages\/28018\/revisions"}],"predecessor-version":[{"id":36191,"href":"https:\/\/mufasatoursandtravels.com\/es\/wp-json\/wp\/v2\/pages\/28018\/revisions\/36191"}],"up":[{"embeddable":true,"href":"https:\/\/mufasatoursandtravels.com\/es\/wp-json\/wp\/v2\/pages\/28056"}],"wp:attachment":[{"href":"https:\/\/mufasatoursandtravels.com\/es\/wp-json\/wp\/v2\/media?parent=28018"}],"curies":[{"name":"wp","href":"https:\/\/api.w.org\/{rel}","templated":true}]}}