{"id":28035,"date":"2022-02-15T07:23:45","date_gmt":"2022-02-15T04:23:45","guid":{"rendered":"https:\/\/mufasatoursandtravels.com\/safari-en-ruanda\/"},"modified":"2025-12-15T16:56:55","modified_gmt":"2025-12-15T13:56:55","slug":"safari-en-ruanda","status":"publish","type":"page","link":"https:\/\/mufasatoursandtravels.com\/es\/safari-en-ruanda\/","title":{"rendered":"Safari en Ruanda"},"content":{"rendered":"[vc_row full_width=\u00bbstretch_row_content\u00bb parallax=\u00bbcontent-moving\u00bb parallax_image=\u00bb41210&#8243; parallax_speed_bg=\u00bb2&#8243; css=\u00bb.vc_custom_1765805461968{margin-top: -90px !important;padding-top: 25vh !important;}\u00bb el_class=\u00bbcustom-banner-image\u00bb][vc_column css=\u00bb.vc_custom_1690525511605{padding: 80px !important;}\u00bb][vc_custom_heading text=\u00bbSafaris privados en Ruanda.\u00bb font_container=\u00bbtag:h1|font_size:50|text_align:left|color:%23ffffff\u00bb google_fonts=\u00bbfont_family:Roboto%3A100%2C100italic%2C300%2C300italic%2Cregular%2Citalic%2C500%2C500italic%2C700%2C700italic%2C900%2C900italic|font_style:300%20light%20regular%3A300%3Anormal\u00bb el_class=\u00bbbanner-txt\u00bb css=\u00bb.vc_custom_1765803600905{margin-top: 30px !important;}\u00bb][vc_separator color=\u00bbcustom\u00bb align=\u00bbalign_left\u00bb el_width=\u00bb20&#8243; accent_color=\u00bb#f8f8f8&#8243; el_class=\u00bbbanner-txt\u00bb][vc_custom_heading text=\u00bbSafari por carretera\u00bb font_container=\u00bbtag:h2|text_align:left|color:%23ffffff\u00bb google_fonts=\u00bbfont_family:Roboto%3A100%2C100italic%2C300%2C300italic%2Cregular%2Citalic%2C500%2C500italic%2C700%2C700italic%2C900%2C900italic|font_style:300%20light%20italic%3A300%3Aitalic\u00bb el_class=\u00bbbanner-txt\u00bb][\/vc_column][\/vc_row][vc_row css=\u00bb.vc_custom_1690525542972{padding-top: 10px !important;}\u00bb][vc_column][vc_headings style=\u00bbtheme3&#8243; linewidth=\u00bb100&#8243; borderwidth=\u00bb3&#8243; borderclr=\u00bb#890000&#8243; title=\u00bbRWANDA SAFARI\u00bb google_fonts=\u00bbfont_family:Roboto%3A100%2C100italic%2C300%2C300italic%2Cregular%2Citalic%2C500%2C500italic%2C700%2C700italic%2C900%2C900italic|font_style:400%20regular%3A400%3Anormal\u00bb titleclr=\u00bb#890000&#8243;][\/vc_headings][vc_column_text]\n<div>\n<p>\u00a1Emb\u00e1rcate en la aventura de tu vida con Rwanda Safari Tours! Descubra los impresionantes paisajes y la vida silvestre que hacen de Ruanda uno de los principales <a href=\"https:\/\/mufasatoursandtravels.com\/es\/destinos\/\">destinos de safari<\/a>. El trekking de gorilas en Ruanda es una actividad imprescindible, en la que podr\u00e1s conocer de cerca a estas majestuosas criaturas en su h\u00e1bitat natural. \u00a1Es una experiencia que siempre recordar\u00e1s!   <\/p>\n<p>La mejor \u00e9poca para visitar Ruanda para safaris es durante la estaci\u00f3n seca, de junio a septiembre o de diciembre a febrero, cuando el clima es agradable y la vida silvestre es m\u00e1s visible. Con una variedad de paquetes tur\u00edsticos a Ruanda disponibles, puede elegir el itinerario perfecto para sus vacaciones so\u00f1adas. Desde opciones de lujo hasta opciones econ\u00f3micas, hay algo para todos. El alojamiento durante una excursi\u00f3n de gorilas de Ruanda es de primera categor\u00eda, con caba\u00f1as y campamentos que ofrecen comodidad e impresionantes vistas de los paisajes circundantes.   <\/p>\n<p>Planificar un safari en Ruanda es f\u00e1cil con <a href=\"https:\/\/mufasatoursandtravels.com\/es\/\">operadores tur\u00edsticos<\/a> de renombre que se encargar\u00e1n de toda la log\u00edstica. Aprovecha los aspectos m\u00e1s destacados del safari en Ruanda, como el senderismo con gorilas en el <a href=\"https:\/\/mufasatoursandtravels.com\/es\/safari-en-ruanda\/caminata-de-3-dias-por-gorilas\/\">Parque Nacional de los Volcanes<\/a>, la observaci\u00f3n de la vida silvestre en el Parque Nacional de Akagera y las experiencias culturales en el Parque Nacional del Bosque de Nyungwe. \u00a1Reserve sus paquetes de vacaciones en Ruanda hoy y prep\u00e1rese para una aventura inolvidable!  <\/p>\n<\/div>\n[\/vc_column_text][\/vc_column][\/vc_row][vc_row full_width=\u00bbstretch_row_content\u00bb css=\u00bb.vc_custom_1678452702121{border-top-width: 10px !important;border-right-width: 10px !important;border-bottom-width: 10px !important;border-left-width: 10px !important;}\u00bb][vc_column css=\u00bb.vc_custom_1644996871715{padding-top: px !important;}\u00bb][vc_headings style=\u00bbtheme3&#8243; linewidth=\u00bb100&#8243; borderwidth=\u00bb3&#8243; borderclr=\u00bb#890000&#8243; title=\u00bbPAQUETES VACACIONALES EN RUANDA\u00bb google_fonts=\u00bbfont_family:Roboto%3A100%2C100italic%2C300%2C300italic%2Cregular%2Citalic%2C500%2C500italic%2C700%2C700italic%2C900%2C900italic|font_style:400%20regular%3A400%3Anormal\u00bb titleclr=\u00bb#890000&#8243;][\/vc_headings][\/vc_column][\/vc_row][vc_row css=\u00bb.vc_custom_1765803929772{padding: 10px !important;}\u00bb][vc_column width=\u00bb1\/2&#8243; css=\u00bb.vc_custom_1690550167694{padding: 10px !important;}\u00bb]<div class=\"cq-hovercard cq-rotateY cardm cq-hovercard-hideicon\" data-contentcolor=\"\" data-iconcolor=\"\" data-bgheight=\"240\" data-captionoffset=\"\" data-videowidth=\"640\" data-linktype=\"customlink\" data-bgtype=\"image\" data-lightboxmargin=\"\"><a href=\"https:\/\/mufasatoursandtravels.com\/rwanda-safari\/3-day-gorilla-trek\/\" title=\"3 Day Gorilla Trek\" target=\"\" class=\"cq-hovercard-customlink\"><img decoding=\"async\" src=\"https:\/\/mufasatoursandtravels.com\/wp-content\/uploads\/2022\/05\/exDxHdJwZ.jpg\" class=\"cq-hovercard-background\" alt=\"Bwindi Impenetrable National Park Gorilla Trekking\" \/><div class=\"cq-hovercard-textcontainer\"><div class=\"cq-hovercard-title\">Caminata de gorilas de Ruanda<\/div><div class=\"cq-hovercard-content\">Kigali \u2192 Volcano National Park \u2192 Kigali<\/div><i class=\"cq-hovercard-icon \"><\/i><\/div><\/a><\/div>[\/vc_column][vc_column width=\u00bb1\/2&#8243; css=\u00bb.vc_custom_1690550183389{padding: 10px !important;}\u00bb][vc_column_text]\n<div>\n<div>\n<p data-sourcepos=\"3:1-3:469\">Emb\u00e1rcate en un inolvidable viaje de 3 d\u00edas al coraz\u00f3n del Parque Nacional de los Volcanes de Ruanda, un reino de bosques esmeralda envuelto en niebla y el \u00faltimo refugio del gorila de monta\u00f1a. Su aventura comienza con una c\u00e1lida bienvenida en medio de un paisaje impresionante, preparando el escenario para una extraordinaria caminata a las profundidades del parque. Guiado por expertos, atravesar\u00e1s el vibrante bosque, donde el aire zumba con vida silvestre, culminando en un encuentro cara a cara con una familia de gorilas.   Esta extraordinaria experiencia te permite presenciar el suave poder de los espalda plateada y la energ\u00eda juguetona de las cr\u00edas de gorila, forjando una profunda conexi\u00f3n con estos magn\u00edficos animales. M\u00e1s all\u00e1 del encuentro con gorilas, el safari ofrece oportunidades para explorar el diverso ecosistema del parque, con opciones para observar monos dorados o sumergirse en la cultura local a trav\u00e9s de visitas a los pueblos. <\/p>\n<\/div>\n<\/div>\n[\/vc_column_text][vc_btn title=\u00bbVer paquete\u00bb style=\u00bbcustom\u00bb custom_background=\u00bb#890000&#8243; custom_text=\u00bb#ffffff\u00bb i_align=\u00bbright\u00bb i_icon_fontawesome=\u00bbfas fa-angle-double-right\u00bb add_icon=\u00bbtrue\u00bb link=\u00bburl:https%3A%2F%2Fmufasatoursandtravels.com%2Fes%2Fsafari-en-ruanda%2Fcaminata-de-3-dias-por-gorilas%2F|title:Trekking%20con%20gorilas%203%20d%C3%ADas|\u00bb][\/vc_column][\/vc_row][vc_row css=\u00bb.vc_custom_1765803929772{padding: 10px !important;}\u00bb][vc_column width=\u00bb1\/2&#8243; css=\u00bb.vc_custom_1690550167694{padding: 10px !important;}\u00bb]<div class=\"cq-hovercard cq-rotateY cardm cq-hovercard-hideicon\" data-contentcolor=\"\" data-iconcolor=\"\" data-bgheight=\"240\" data-captionoffset=\"\" data-videowidth=\"640\" data-linktype=\"customlink\" data-bgtype=\"image\" data-lightboxmargin=\"\"><a href=\"https:\/\/mufasatoursandtravels.com\/rwanda-safari\/rwanda-classic-primate-trek\/\" title=\"Rwanda Classic Primate Trek\" target=\"\" class=\"cq-hovercard-customlink\"><img decoding=\"async\" src=\"https:\/\/mufasatoursandtravels.com\/wp-content\/uploads\/2023\/02\/gorilla-trekking-and-chimpanzee-safaris.jpg\" class=\"cq-hovercard-background\" alt=\"Gorilla Trekking and Chimpanzee Safaris\" \/><div class=\"cq-hovercard-textcontainer\"><div class=\"cq-hovercard-title\">Ruanda: el para\u00edso de los primates<\/div><div class=\"cq-hovercard-content\">Kigali \u2192 Volcano National Park \u2192 Gorilla Trekking \u2192 Kigali<\/div><i class=\"cq-hovercard-icon \"><\/i><\/div><\/a><\/div>[\/vc_column][vc_column width=\u00bb1\/2&#8243; css=\u00bb.vc_custom_1690550183389{padding: 10px !important;}\u00bb][vc_column_text]\n<div>\n<div>\n<p data-sourcepos=\"3:1-3:398\">Su viaje a Ruanda comienza en el coraz\u00f3n de un paisaje impresionante, que lo lleva al Parque Nacional de los Volcanes. Guiado por rastreadores expertos, caminar\u00e1s a trav\u00e9s de la densa vegetaci\u00f3n, creando anticipaci\u00f3n para el momento en que te encuentres con una familia de gorilas. Sea testigo de sus interacciones naturales, el cuidado maternal y la energ\u00eda l\u00fadica de las cr\u00edas: una hora impresionante que dejar\u00e1 una impresi\u00f3n duradera.  <\/p>\n<p data-sourcepos=\"5:1-5:261\">M\u00e1s all\u00e1 del encuentro con gorilas, este safari ofrece la oportunidad de explorar el diverso ecosistema del parque. Puede ver monos dorados o caminar hasta miradores panor\u00e1micos, sumergi\u00e9ndose en la belleza y la tranquilidad de este rinc\u00f3n \u00fanico y cautivador del mundo. <\/p>\n<\/div>\n<\/div>\n[\/vc_column_text][vc_btn title=\u00bbVer paquete\u00bb style=\u00bbcustom\u00bb custom_background=\u00bb#890000&#8243; custom_text=\u00bb#ffffff\u00bb i_align=\u00bbright\u00bb i_icon_fontawesome=\u00bbfas fa-angle-double-right\u00bb add_icon=\u00bbtrue\u00bb link=\u00bburl:https%3A%2F%2Fmufasatoursandtravels.com%2Fes%2Fsafari-en-ruanda%2Fruanda-caminata-clasica-de-primates%2F|title:Ruanda%20Caminata%20Cl%C3%A1sica%20de%20Primates|\u00bb][\/vc_column][\/vc_row][vc_row css=\u00bb.vc_custom_1765803929772{padding: 10px !important;}\u00bb][vc_column width=\u00bb1\/2&#8243; css=\u00bb.vc_custom_1690550167694{padding: 10px !important;}\u00bb]<div class=\"cq-hovercard cq-rotateY cardm cq-hovercard-hideicon\" data-contentcolor=\"\" data-iconcolor=\"\" data-bgheight=\"240\" data-captionoffset=\"\" data-videowidth=\"640\" data-linktype=\"customlink\" data-bgtype=\"image\" data-lightboxmargin=\"\"><a href=\"https:\/\/mufasatoursandtravels.com\/rwanda-safari\/rwanda-primates-encounter-lake-kivu\/\" title=\"Rwanda Primates Encounter & Lake Kivu\" target=\"\" class=\"cq-hovercard-customlink\"><img decoding=\"async\" src=\"https:\/\/mufasatoursandtravels.com\/wp-content\/uploads\/2023\/05\/rwanda-safari.jpg\" class=\"cq-hovercard-background\" alt=\"rwanda safari\" \/><div class=\"cq-hovercard-textcontainer\"><div class=\"cq-hovercard-title\">Ruanda, Primado Odessey y Lago Kivu<\/div><div class=\"cq-hovercard-content\">Kigali \u2192 Volcano National Park \u2192 Lake Kivu \u2192 Kigali<\/div><i class=\"cq-hovercard-icon \"><\/i><\/div><\/a><\/div>[\/vc_column][vc_column width=\u00bb1\/2&#8243; css=\u00bb.vc_custom_1690550183389{padding: 10px !important;}\u00bb][vc_column_text]\n<div>\n<div>\n<p data-sourcepos=\"3:1-3:410\">Emb\u00e1rcate en una emocionante aventura de 5 d\u00edas en Ruanda, comenzando con una caminata por el Parque Nacional de los Volcanes para un encuentro inolvidable con gorilas de monta\u00f1a. S\u00e9 testigo de estos gentiles gigantes en su h\u00e1bitat natural, una experiencia que dejar\u00e1 un impacto duradero. Explore los impresionantes paisajes volc\u00e1nicos del parque, camine hasta impresionantes miradores y sum\u00e9rjase en la belleza y la tranquilidad de la selva tropical.  <\/p>\n<p data-sourcepos=\"5:1-5:389\">Concluya su viaje con relajaci\u00f3n y serenidad a orillas del lago Kivu. Rel\u00e1jese en las playas de arena, tome el sol y disfrute del ambiente tranquilo. D\u00e9 un paseo en barco, nade en las aguas cristalinas o simplemente disfrute del impresionante paisaje. Este breve pero poderoso safari ofrece una combinaci\u00f3n perfecta de emocionantes encuentros con la vida silvestre y serena belleza natural, creando recuerdos para atesorar para siempre   <\/p>\n<\/div>\n<\/div>\n[\/vc_column_text][vc_btn title=\u00bbVer paquete\u00bb style=\u00bbcustom\u00bb custom_background=\u00bb#890000&#8243; custom_text=\u00bb#ffffff\u00bb i_align=\u00bbright\u00bb i_icon_fontawesome=\u00bbfas fa-angle-double-right\u00bb add_icon=\u00bbtrue\u00bb link=\u00bburl:https%3A%2F%2Fmufasatoursandtravels.com%2Fes%2Fsafari-en-ruanda%2Fencuentro-con-los-primates-de-ruanda-y-el-lago-kivu%2F|title:Encuentro%20con%20los%20primates%20de%20Ruanda%20y%20el%20lago%20Kivu|\u00bb][\/vc_column][\/vc_row][vc_row][vc_column][vc_headings style=\u00bbtheme3&#8243; linewidth=\u00bb100&#8243; borderwidth=\u00bb3&#8243; borderclr=\u00bb#890000&#8243; title=\u00bbPreguntas frecuentes sobre Rwanda Safari\u00bb google_fonts=\u00bbfont_family:Open%20Sans%3A300%2C300italic%2Cregular%2Citalic%2C600%2C600italic%2C700%2C700italic%2C800%2C800italic|font_style:600%20bold%20regular%3A600%3Anormal\u00bb titleclr=\u00bb#890000&#8243;][\/vc_headings][vc_empty_space][\/vc_column][\/vc_row][vc_row][vc_column][vc_toggle title=\u00bb\u00bfCu\u00e1l es la mejor \u00e9poca para visitar Ruanda en un safari?\u00bb style=\u00bbsquare\u00bb]\n<div>\n<div>La mejor \u00e9poca para visitar Ruanda en un safari es durante las estaciones secas, normalmente de mediados de diciembre a principios de marzo y de junio a septiembre. Estos meses ofrecen excelentes oportunidades de observaci\u00f3n de vida silvestre y un clima agradable para actividades al aire libre. <\/div>\n<\/div>\n[\/vc_toggle][vc_toggle title=\u00bb\u00bfQu\u00e9 tipos de alojamiento hay disponibles durante un safari en Ruanda?\u00bb style=\u00bbsquare\u00bb]\n<div>\n<div>\n<div>\n<div>Ruanda ofrece una amplia gama de opciones de alojamiento que se adaptan a diferentes preferencias y presupuestos. Estos incluyen caba\u00f1as de lujo, campamentos de tiendas de campa\u00f1a, hoteles boutique y resorts ecol\u00f3gicos. Los alojamientos a menudo se encuentran cerca de los parques nacionales, lo que brinda f\u00e1cil acceso a las \u00e1reas de vida silvestre y ofrece comodidades como habitaciones c\u00f3modas, deliciosa cocina e impresionantes vistas de los paisajes circundantes.  <\/div>\n<\/div>\n<\/div>\n<\/div>\n[\/vc_toggle][vc_toggle title=\u00bb\u00bfCu\u00e1l es el nivel de condici\u00f3n f\u00edsica requerido para una caminata con gorilas de Ruanda?\u00bb style=\u00bbsquare\u00bb]\n<div>\n<div>\n<div>\n<div>El trekking con gorilas en Ruanda requiere un nivel moderado de condici\u00f3n f\u00edsica. Si bien el terreno puede ser desafiante, especialmente en bosques densos, los guardabosques y gu\u00edas establecer\u00e1n un ritmo c\u00f3modo y brindar\u00e1n asistencia en el camino. Es aconsejable consultar con su operador tur\u00edstico y buscar consejo m\u00e9dico antes de la caminata para asegurarse de que est\u00e1 preparado para las demandas f\u00edsicas.  <\/div>\n<\/div>\n<\/div>\n<\/div>\n[\/vc_toggle][vc_toggle title=\u00bb\u00bfEs seguro ir a un safari por Ruanda?\u00bb style=\u00bbsquare\u00bb]\n<div>\n<div>\n<div>\n<div>Ruanda generalmente se considera segura para los turistas, incluidos los que van de safari. El pa\u00eds ha logrado avances significativos en t\u00e9rminos de seguridad y estabilidad. Sin embargo, siempre se recomienda seguir los avisos de viaje, tomar las precauciones necesarias y viajar con un operador tur\u00edstico de confianza que pueda garantizar su seguridad durante toda la experiencia de safari.  <\/div>\n<\/div>\n<\/div>\n<\/div>\n[\/vc_toggle][vc_toggle title=\u00bb\u00bfCu\u00e1nto tiempo debe durar un safari en Ruanda?\u00bb style=\u00bbsquare\u00bb]\n<div>\n<div>\n<div>\n<div>La duraci\u00f3n de un safari en Ruanda depende de tus preferencias e intereses. Para el trekking con gorilas, se recomienda asignar al menos 2 a 3 d\u00edas para dar tiempo a la aclimataci\u00f3n y a realizar m\u00faltiples caminatas. Si desea explorar otros parques nacionales y participar en diversas actividades, como safaris y caminatas por la naturaleza, un safari de 5 a 7 d\u00edas o m\u00e1s ser\u00eda ideal.  <\/div>\n<\/div>\n<\/div>\n<\/div>\n[\/vc_toggle][vc_toggle title=\u00bb\u00bfQu\u00e9 puedo esperar ver en un safari en Ruanda?\u00bb style=\u00bbsquare\u00bb]\n<div>\n<div>\n<div>Los safaris en Ruanda ofrecen la oportunidad de presenciar una incre\u00edble vida silvestre, incluidos los famosos gorilas de monta\u00f1a en el Parque Nacional de los Volcanes. Otras especies de vida silvestre que puede encontrar incluyen monos dorados, chimpanc\u00e9s, elefantes, b\u00fafalos y varias especies de aves. Los parques nacionales de Ruanda tambi\u00e9n muestran diversos paisajes, como exuberantes selvas tropicales, pintorescos lagos y colinas onduladas.  <\/div>\n<\/div>\n<\/div>\n[\/vc_toggle][vc_toggle title=\u00bb\u00bfPuedo combinar un safari en Ruanda con otras atracciones?\u00bb style=\u00bbsquare\u00bb]\n<div>\n<div>\n<div>\n<div>\n<div>\n<div>\u00a1Absolutamente! Muchos visitantes combinan su safari en Ruanda con otras atracciones dentro del pa\u00eds o pa\u00edses vecinos. Puede explorar la vibrante capital de Ruanda, Kigali, visitar sitios culturales, participar en iniciativas de turismo comunitario o extender su viaje a pa\u00edses vecinos como Uganda o Tanzania para experimentar otros encuentros con la vida silvestre o monumentos ic\u00f3nicos como el <a href=\"https:\/\/mufasatoursandtravels.com\/es\/destinos\/parque-nacional-del-serengeti\/\">Serengeti<\/a> o el <a href=\"https:\/\/mufasatoursandtravels.com\/es\/destinos\/crater-del-ngorongoro\/\">cr\u00e1ter del Ngorongoro<\/a>.  <\/div>\n<\/div>\n<\/div>\n<\/div>\n<\/div>\n<\/div>\n[\/vc_toggle][\/vc_column][\/vc_row]\n","protected":false},"excerpt":{"rendered":"<p>[vc_row full_width=\u00bbstretch_row_content\u00bb parallax=\u00bbcontent-moving\u00bb parallax_image=\u00bb41210&#8243; parallax_speed_bg=\u00bb2&#8243; css=\u00bb.vc_custom_1765805461968{margin-top: -90px !important;padding-top: 25vh !important;}\u00bb el_class=\u00bbcustom-banner-image\u00bb][vc_column css=\u00bb.vc_custom_1690525511605{padding: 80px !important;}\u00bb][vc_custom_heading text=\u00bbSafaris privados en Ruanda.\u00bb font_container=\u00bbtag:h1|font_size:50|text_align:left|color:%23ffffff\u00bb google_fonts=\u00bbfont_family:Roboto%3A100%2C100italic%2C300%2C300italic%2Cregular%2Citalic%2C500%2C500italic%2C700%2C700italic%2C900%2C900italic|font_style:300%20light%20regular%3A300%3Anormal\u00bb el_class=\u00bbbanner-txt\u00bb css=\u00bb.vc_custom_1765803600905{margin-top: 30px !important;}\u00bb][vc_separator color=\u00bbcustom\u00bb align=\u00bbalign_left\u00bb el_width=\u00bb20&#8243; accent_color=\u00bb#f8f8f8&#8243; el_class=\u00bbbanner-txt\u00bb][vc_custom_heading text=\u00bbSafari por carretera\u00bb font_container=\u00bbtag:h2|text_align:left|color:%23ffffff\u00bb google_fonts=\u00bbfont_family:Roboto%3A100%2C100italic%2C300%2C300italic%2Cregular%2Citalic%2C500%2C500italic%2C700%2C700italic%2C900%2C900italic|font_style:300%20light%20italic%3A300%3Aitalic\u00bb el_class=\u00bbbanner-txt\u00bb][\/vc_column][\/vc_row][vc_row css=\u00bb.vc_custom_1690525542972{padding-top: 10px !important;}\u00bb][vc_column][vc_headings style=\u00bbtheme3&#8243; linewidth=\u00bb100&#8243; borderwidth=\u00bb3&#8243; borderclr=\u00bb#890000&#8243; title=\u00bbRWANDA SAFARI\u00bb google_fonts=\u00bbfont_family:Roboto%3A100%2C100italic%2C300%2C300italic%2Cregular%2Citalic%2C500%2C500italic%2C700%2C700italic%2C900%2C900italic|font_style:400%20regular%3A400%3Anormal\u00bb titleclr=\u00bb#890000&#8243;][\/vc_headings][vc_column_text] \u00a1Emb\u00e1rcate en la aventura de tu vida con Rwanda [&hellip;]<\/p>\n","protected":false},"author":4,"featured_media":0,"parent":0,"menu_order":37,"comment_status":"closed","ping_status":"closed","template":"","meta":{"_themeisle_gutenberg_block_has_review":false,"footnotes":""},"class_list":["post-28035","page","type-page","status-publish","hentry"],"_links":{"self":[{"href":"https:\/\/mufasatoursandtravels.com\/es\/wp-json\/wp\/v2\/pages\/28035","targetHints":{"allow":["GET"]}}],"collection":[{"href":"https:\/\/mufasatoursandtravels.com\/es\/wp-json\/wp\/v2\/pages"}],"about":[{"href":"https:\/\/mufasatoursandtravels.com\/es\/wp-json\/wp\/v2\/types\/page"}],"author":[{"embeddable":true,"href":"https:\/\/mufasatoursandtravels.com\/es\/wp-json\/wp\/v2\/users\/4"}],"replies":[{"embeddable":true,"href":"https:\/\/mufasatoursandtravels.com\/es\/wp-json\/wp\/v2\/comments?post=28035"}],"version-history":[{"count":2,"href":"https:\/\/mufasatoursandtravels.com\/es\/wp-json\/wp\/v2\/pages\/28035\/revisions"}],"predecessor-version":[{"id":41220,"href":"https:\/\/mufasatoursandtravels.com\/es\/wp-json\/wp\/v2\/pages\/28035\/revisions\/41220"}],"wp:attachment":[{"href":"https:\/\/mufasatoursandtravels.com\/es\/wp-json\/wp\/v2\/media?parent=28035"}],"curies":[{"name":"wp","href":"https:\/\/api.w.org\/{rel}","templated":true}]}}