{"id":28054,"date":"2022-02-15T10:09:43","date_gmt":"2022-02-15T07:09:43","guid":{"rendered":"https:\/\/mufasatoursandtravels.com\/uganda-safari\/"},"modified":"2025-12-16T13:26:59","modified_gmt":"2025-12-16T10:26:59","slug":"uganda-safari","status":"publish","type":"page","link":"https:\/\/mufasatoursandtravels.com\/es\/uganda-safari\/","title":{"rendered":"Uganda Safari"},"content":{"rendered":"[vc_row full_width=\u00bbstretch_row_content\u00bb parallax=\u00bbcontent-moving\u00bb parallax_image=\u00bb30201&#8243; el_class=\u00bbcustom-banner-image\u00bb css=\u00bb.vc_custom_1765802085430{padding-top: 20vh !important;}\u00bb][vc_column css=\u00bb.vc_custom_1765874216975{padding: 100px !important;}\u00bb][vc_custom_heading text=\u00bbSafaris privados en Uganda.\u00bb font_container=\u00bbtag:h1|font_size:50px|text_align:left|color:%23ffffff\u00bb google_fonts=\u00bbfont_family:Roboto%3A100%2C100italic%2C300%2C300italic%2Cregular%2Citalic%2C500%2C500italic%2C700%2C700italic%2C900%2C900italic|font_style:300%20light%20regular%3A300%3Anormal\u00bb el_class=\u00bbbanner-txt\u00bb][vc_separator color=\u00bbcustom\u00bb align=\u00bbalign_left\u00bb el_width=\u00bb20&#8243; accent_color=\u00bb#f8f8f8&#8243; el_class=\u00bbbanner-txt\u00bb][vc_custom_heading text=\u00bbSafari por carretera\u00bb font_container=\u00bbtag:h2|text_align:left|color:%23ffffff\u00bb google_fonts=\u00bbfont_family:Roboto%3A100%2C100italic%2C300%2C300italic%2Cregular%2Citalic%2C500%2C500italic%2C700%2C700italic%2C900%2C900italic|font_style:300%20light%20italic%3A300%3Aitalic\u00bb el_class=\u00bbbanner-txt\u00bb][\/vc_column][\/vc_row][vc_row css=\u00bb.vc_custom_1683905236614{border-top-width: 10px !important;border-right-width: 10px !important;border-left-width: 10px !important;}\u00bb][vc_column][vc_headings style=\u00bbtheme3&#8243; linewidth=\u00bb100&#8243; borderwidth=\u00bb3&#8243; borderclr=\u00bb#890000&#8243; title=\u00bbUganda Safari Packages\u00bb google_fonts=\u00bbfont_family:Roboto%3A100%2C100italic%2C300%2C300italic%2Cregular%2Citalic%2C500%2C500italic%2C700%2C700italic%2C900%2C900italic|font_style:400%20regular%3A400%3Anormal\u00bb titleclr=\u00bb#890000&#8243; caption_url=\u00bb\u00bb caption_urls=\u00bb\u00bb caption_urlss=\u00bb\u00bb caption_urldesc=\u00bb\u00bb][\/vc_headings][vc_empty_space][vc_column_text]Los safaris en Uganda ofrecen una oportunidad \u00fanica para presenciar la diversa vida silvestre, los impresionantes paisajes y la vibrante cultura que hacen de este pa\u00eds un destino principal para los entusiastas de la naturaleza. Ya sea explorando el encantador <a href=\"https:\/\/mufasatoursandtravels.com\/es\/destinos\/parque-nacional-impenetrable-de-bwindi\/\">Bosque Impenetrable de Bwindi<\/a> en busca de gorilas de monta\u00f1a o navegando a lo largo del poderoso r\u00edo Nilo para avistar hipop\u00f3tamos y cocodrilos, Uganda ofrece varias experiencias de safari que te dejar\u00e1n asombrado. <\/p>\n<p>Desde emocionantes safaris con gorilas en los densos bosques del <a href=\"https:\/\/ugandawildlife.org\/national-parks\/bwindi-impenetrable-national-park\/\" target=\"_blank\" rel=\"noopener nofollow\">Parque Nacional Impenetrable de Bwindi<\/a> hasta explorar los magn\u00edficos paisajes de los <a href=\"https:\/\/mufasatoursandtravels.com\/es\/?page_id=35547\">parques<\/a> <a href=\"https:\/\/mufasatoursandtravels.com\/es\/?page_id=35783\">nacionales de Murchison Falls<\/a> y Queen Elizabeth, los safaris en Uganda ofrecen una experiencia inolvidable. Con compa\u00f1\u00edas de turismo experimentadas en Uganda, puedes elegir entre varios paquetes de safari e itinerarios que se adapten a tus preferencias, asegurando un viaje inolvidable lleno de emocionantes trekkings con gorilas, encuentros cautivadores con la fauna y la oportunidad de contemplar la rica diversidad de este impresionante pa\u00eds.[\/vc_column_text][\/vc_column][\/vc_row][vc_row css=\u00bb.vc_custom_1765867353566{padding: 10px !important;}\u00bb][vc_column][vc_row_inner][vc_column_inner width=\u00bb1\/2&#8243;]<div class=\"cq-hovercard cq-rotateY  cq-hovercard-hideicon\" data-contentcolor=\"\" data-iconcolor=\"#ffffff\" data-bgheight=\"240\" data-captionoffset=\"\" data-videowidth=\"640\" data-linktype=\"customlink\" data-bgtype=\"image\" data-lightboxmargin=\"\"><a href=\"https:\/\/mufasatoursandtravels.com\/uganda-safari\/3-day-gorilla-trekking\/\" title=\"3 Day Gorilla Trekking\" target=\"\" class=\"cq-hovercard-customlink\"><img decoding=\"async\" src=\"https:\/\/mufasatoursandtravels.com\/wp-content\/uploads\/2025\/03\/LHoests-monkey.jpg\" class=\"cq-hovercard-background\" alt=\"\" \/><div class=\"cq-hovercard-textcontainer\"><div class=\"cq-hovercard-title\">Trekking de gorilas<\/div><div class=\"cq-hovercard-content\">Bwindi Impenetrable National Park<\/div><i class=\"cq-hovercard-icon fas fa-paw\"><\/i><\/div><\/a><\/div>[\/vc_column_inner][vc_column_inner width=\u00bb1\/2&#8243; offset=\u00bbvc_hidden-sm vc_hidden-xs\u00bb css=\u00bb.vc_custom_1765867811365{padding: 20px !important;}\u00bb][vc_custom_heading text=\u00bbTrekking de gorilas\u00bb font_container=\u00bbtag:h3|text_align:left|color:%23890000&#8243; use_theme_fonts=\u00bbyes\u00bb link=\u00bburl:https%3A%2F%2Fmufasatoursandtravels.com%2Fes%2Fuganda-safari%2Ftrekking-de-3-dias-con-gorilas%2F|\u00bb][vc_column_text]\n<div>\n<div>Prep\u00e1rate para una experiencia impresionante mientras te embarcas en un trekking con gorilas en los densos bosques del Parque Nacional Impenetrable de Bwindi. Camina a trav\u00e9s de la exuberante vegetaci\u00f3n, guiado por gu\u00edas tur\u00edsticos experimentados, y s\u00e9 testigo de los extraordinarios gorilas de monta\u00f1a en su h\u00e1bitat natural. Este encuentro con estos gentiles gigantes es una oportunidad \u00fanica en la vida que te dejar\u00e1 con un profundo aprecio por su conservaci\u00f3n.  <\/div>\n<\/div>\n[\/vc_column_text][vc_btn title=\u00bbVer paquete\u00bb style=\u00bbcustom\u00bb custom_background=\u00bb#890000&#8243; custom_text=\u00bb#ffffff\u00bb i_align=\u00bbright\u00bb i_icon_fontawesome=\u00bbfas fa-angle-double-right\u00bb add_icon=\u00bbtrue\u00bb link=\u00bburl:https%3A%2F%2Fmufasatoursandtravels.com%2Fes%2Fuganda-safari%2Ftrekking-de-3-dias-con-gorilas%2F|\u00bb css=\u00bb.vc_custom_1765871752130{background-color: #890000 !important;}\u00bb][\/vc_column_inner][\/vc_row_inner][vc_separator][vc_row_inner rtl_reverse=\u00bbyes\u00bb][vc_column_inner width=\u00bb1\/2&#8243;]<div class=\"cq-hovercard cq-rotateY  cq-hovercard-hideicon\" data-contentcolor=\"#ffffff\" data-iconcolor=\"\" data-bgheight=\"240\" data-captionoffset=\"\" data-videowidth=\"640\" data-linktype=\"customlink\" data-bgtype=\"image\" data-lightboxmargin=\"\"><a href=\"https:\/\/mufasatoursandtravels.com\/uganda-safari\/4-days-primate-tracking-safari\/\" title=\"4 Days Primate Tracking Safari\" target=\"\" class=\"cq-hovercard-customlink\"><img decoding=\"async\" src=\"https:\/\/mufasatoursandtravels.com\/wp-content\/uploads\/2025\/12\/gorilla-scaled.jpg\" class=\"cq-hovercard-background\" alt=\"\" \/><div class=\"cq-hovercard-textcontainer\"><div class=\"cq-hovercard-title\">Seguimiento de primates<\/div><div class=\"cq-hovercard-content\">  Lake Mburo \u2192 Bwindi Impenetrable<\/div><i class=\"cq-hovercard-icon fas fa-paw\"><\/i><\/div><\/a><\/div>[\/vc_column_inner][vc_column_inner width=\u00bb1\/2&#8243; css=\u00bb.vc_custom_1765874491471{padding-top: 20px !important;padding-right: 20px !important;padding-bottom: 20px !important;padding-left: 20px !important;}\u00bb offset=\u00bbvc_hidden-sm vc_hidden-xs\u00bb][vc_custom_heading text=\u00bbSafari de seguimiento de primates\u00bb font_container=\u00bbtag:h3|text_align:left|color:%23890000&#8243; use_theme_fonts=\u00bbyes\u00bb][vc_column_text]\n<div>\n<div>\n<div>\n<div>\n<div>\n<div>Avent\u00farate en los frondosos bosques de Uganda en un safari de seguimiento de primates. Rastrea chimpanc\u00e9s en el Parque Nacional Forestal de Kibale o camina por las brumosas selvas de la Reserva Forestal de Budongo en busca de los escurridizos y en peligro de extinci\u00f3n de los chimpanc\u00e9s. En el camino, es posible que te encuentres con otros primates, como monos colobos, monos de cola roja y babuinos, que te proporcionan una visi\u00f3n fascinante de sus comportamientos y h\u00e1bitats naturales.  <\/div>\n<\/div>\n<\/div>\n<\/div>\n<\/div>\n<\/div>\n[\/vc_column_text][vc_btn title=\u00bbVer paquete\u00bb style=\u00bbcustom\u00bb custom_background=\u00bb#890000&#8243; custom_text=\u00bb#ffffff\u00bb i_align=\u00bbright\u00bb i_icon_fontawesome=\u00bbfas fa-angle-double-right\u00bb add_icon=\u00bbtrue\u00bb link=\u00bburl:https%3A%2F%2Fmufasatoursandtravels.com%2Fes%2Fuganda-safari%2F4-dias-safari-de-seguimiento-de-primates%2F|\u00bb css=\u00bb.vc_custom_1765871774044{background-color: #890000 !important;}\u00bb][\/vc_column_inner][\/vc_row_inner][vc_separator][vc_row_inner rtl_reverse=\u00bbyes\u00bb][vc_column_inner width=\u00bb1\/2&#8243;]<div class=\"cq-hovercard cq-rotateY  cq-hovercard-hideicon\" data-contentcolor=\"#ffffff\" data-iconcolor=\"\" data-bgheight=\"240\" data-captionoffset=\"\" data-videowidth=\"640\" data-linktype=\"customlink\" data-bgtype=\"image\" data-lightboxmargin=\"\"><a href=\"https:\/\/mufasatoursandtravels.com\/uganda-safari\/6-days-whispers-of-the-wind\/\" title=\"6 Days Whispers Of The Wind\" target=\"\" class=\"cq-hovercard-customlink\"><img decoding=\"async\" src=\"https:\/\/mufasatoursandtravels.com\/wp-content\/uploads\/2025\/07\/Giswati-Mukura.jpg\" class=\"cq-hovercard-background\" alt=\"\" \/><div class=\"cq-hovercard-textcontainer\"><div class=\"cq-hovercard-title\">Susurros del viento<\/div><div class=\"cq-hovercard-content\">Kampala \u2192 Kibale Forest \u2192 Queen Elizabeth Park \u2192 Bwindi Impenetrable \u2192 Entebbe<\/div><i class=\"cq-hovercard-icon fas fa-paw\"><\/i><\/div><\/a><\/div>[\/vc_column_inner][vc_column_inner width=\u00bb1\/2&#8243; offset=\u00bbvc_hidden-sm vc_hidden-xs\u00bb css=\u00bb.vc_custom_1765869140789{padding: 20px !important;}\u00bb][vc_custom_heading text=\u00bbSusurros del viento\u00bb font_container=\u00bbtag:h3|text_align:left|color:%23890000&#8243; use_theme_fonts=\u00bbyes\u00bb link=\u00bburl:https%3A%2F%2Fmufasatoursandtravels.com%2Fes%2Fuganda-safari%2F6-dias-susurros-del-viento%2F|\u00bb][vc_column_text]\n<div>\n<div>\n<div>\n<div>\n<div>\n<div>\n<div>\n<div>\n<div>\n<div>\n<div>\n<div>Emb\u00e1rcate en un inolvidable safari por Uganda. Este itinerario de seis d\u00edas lo lleva a una aventura cultural y de vida silvestre en Uganda y Ruanda. Comenzando en Kampala, disfrutar\u00e1 de la belleza esc\u00e9nica del lago Victoria antes de dirigirse al Parque Nacional del Lago Mburo, conocido por sus diversas especies de aves y vida silvestre. Los safaris y un crucero en barco ofrecen la oportunidad de avistar cebras, jirafas, elefantes y varias especies de aves. El viaje contin\u00faa hasta el Parque Nacional Impenetrable de Bwindi, donde te embarcar\u00e1s en una emocionante experiencia de trekking con gorilas. El viaje concluye en Kigali, Ruanda, con un recorrido por la ciudad y una visita al Sitio Conmemorativo del Genocidio antes de partir hacia casa.     <\/div>\n<\/div>\n<\/div>\n<\/div>\n<\/div>\n<\/div>\n<\/div>\n<\/div>\n<\/div>\n<\/div>\n<\/div>\n<\/div>\n[\/vc_column_text][vc_btn title=\u00bbVer paquete\u00bb style=\u00bbcustom\u00bb custom_background=\u00bb#890000&#8243; custom_text=\u00bb#ffffff\u00bb i_align=\u00bbright\u00bb i_icon_fontawesome=\u00bbfas fa-angle-double-right\u00bb add_icon=\u00bbtrue\u00bb link=\u00bburl:https%3A%2F%2Fmufasatoursandtravels.com%2Fes%2Fuganda-safari%2F6-dias-susurros-del-viento%2F|\u00bb css=\u00bb.vc_custom_1765871791217{background-color: #890000 !important;}\u00bb][\/vc_column_inner][\/vc_row_inner][vc_separator][vc_row_inner rtl_reverse=\u00bbyes\u00bb][vc_column_inner width=\u00bb1\/2&#8243;]<div class=\"cq-hovercard cq-rotateY  cq-hovercard-hideicon\" data-contentcolor=\"#ffffff\" data-iconcolor=\"\" data-bgheight=\"240\" data-captionoffset=\"\" data-videowidth=\"640\" data-linktype=\"customlink\" data-bgtype=\"image\" data-lightboxmargin=\"\"><a href=\"https:\/\/mufasatoursandtravels.com\/uganda-safari\/7-days-natures-wonder-safari-2\/\" title=\"Nature\u2019s Wonder Safari\" target=\"\" class=\"cq-hovercard-customlink\"><img decoding=\"async\" src=\"https:\/\/mufasatoursandtravels.com\/wp-content\/uploads\/2025\/03\/QENP-Chimpanzee.jpg\" class=\"cq-hovercard-background\" alt=\"\" \/><div class=\"cq-hovercard-textcontainer\"><div class=\"cq-hovercard-title\">Safari de maravillas de la naturaleza<\/div><div class=\"cq-hovercard-content\">Entebbe \u2192 Lk.Mburo \u2192 Bwindi Impenetrable \u2192 Queen ELizabeth National Park \u2192 Kibale Forest \u2192 Entebbe<\/div><i class=\"cq-hovercard-icon fas fa-paw\"><\/i><\/div><\/a><\/div>[\/vc_column_inner][vc_column_inner width=\u00bb1\/2&#8243; css=\u00bb.vc_custom_1765874531798{padding-top: 20px !important;padding-right: 20px !important;padding-bottom: 20px !important;padding-left: 20px !important;}\u00bb offset=\u00bbvc_hidden-sm vc_hidden-xs\u00bb][vc_custom_heading text=\u00bbSafari de maravillas de la naturaleza\u00bb font_container=\u00bbtag:h3|text_align:left|color:%23890000&#8243; use_theme_fonts=\u00bbyes\u00bb link=\u00bburl:https%3A%2F%2Fmufasatoursandtravels.com%2Fuganda-safari%2F7-days-natures-wonder-safari%2F|title:7%20D%C3%ADas%20Safari%20por%20las%20Maravillas%20de%20la%20Naturaleza|\u00bb][vc_column_text]\n<div>\n<div>\n<div>\n<div>\n<div>\n<div>\n<div>\n<div>\n<div>\n<div>\n<div>\n<div>\n<div>\n<div>\n<div>\n<div>Experimenta las maravillas de Uganda. Comenzando en Kampala, te recibir\u00e1n en el aeropuerto y te llevar\u00e1n a tu hotel cerca del lago Victoria. Viaja al Parque Nacional Queen Isabel, donde te esperan emocionantes safaris y impresionantes paseos en barco, que ofrecen encuentros con una fauna diversa y paisajes impresionantes. Contin\u00faa hacia el Parque Nacional Impenetrable de Bwindi para una aventura \u00fanica en la vida de trekking de gorilas, rodeado de la belleza del bosque. Concluye tu safari por Uganda con un recorrido por la ciudad de Kigali, explorando la emotiva historia del lugar conmemorativo del genocidio. Reserva ahora tu safari y tus tours por Uganda para una experiencia africana inmersiva y cautivadora.    <\/div>\n<\/div>\n<\/div>\n<\/div>\n<\/div>\n<\/div>\n<\/div>\n<\/div>\n<\/div>\n<\/div>\n<\/div>\n<\/div>\n<\/div>\n<\/div>\n<\/div>\n<\/div>\n[\/vc_column_text][vc_btn title=\u00bbVer paquete\u00bb style=\u00bbcustom\u00bb custom_background=\u00bb#890000&#8243; custom_text=\u00bb#ffffff\u00bb i_align=\u00bbright\u00bb i_icon_fontawesome=\u00bbfas fa-angle-double-right\u00bb add_icon=\u00bbtrue\u00bb link=\u00bburl:https%3A%2F%2Fmufasatoursandtravels.com%2Fes%2Fuganda-safari%2F7-dias-safari-por-las-maravillas-de-la-naturaleza%2F|title:7%20D%C3%ADas%20Safari%20por%20las%20Maravillas%20de%20la%20Naturaleza|\u00bb css=\u00bb.vc_custom_1765871806624{background-color: #890000 !important;}\u00bb][\/vc_column_inner][\/vc_row_inner][vc_separator][vc_row_inner rtl_reverse=\u00bbyes\u00bb][vc_column_inner width=\u00bb1\/2&#8243;]<div class=\"cq-hovercard cq-rotateY  cq-hovercard-hideicon\" data-contentcolor=\"#ffffff\" data-iconcolor=\"\" data-bgheight=\"240\" data-captionoffset=\"\" data-videowidth=\"640\" data-linktype=\"customlink\" data-bgtype=\"image\" data-lightboxmargin=\"\"><img decoding=\"async\" src=\"https:\/\/mufasatoursandtravels.com\/wp-content\/uploads\/2025\/12\/elizabeth-QENP-scaled.jpg\" class=\"cq-hovercard-background\" alt=\"\" \/><div class=\"cq-hovercard-textcontainer\"><div class=\"cq-hovercard-title\">Secretos de la jungla<\/div><div class=\"cq-hovercard-content\">Murchison Falls \u2192 Kibale Forest \u2192 Queen Elizabeth National Park \u2192 Bwindi Impenetrable \u2192 Entebbe<\/div><i class=\"cq-hovercard-icon fas fa-paw\"><\/i><\/div><\/a><\/div>[\/vc_column_inner][vc_column_inner width=\u00bb1\/2&#8243; offset=\u00bbvc_hidden-sm vc_hidden-xs\u00bb css=\u00bb.vc_custom_1765871597999{padding: 20px !important;}\u00bb][vc_custom_heading text=\u00bbSecretos de la selva\u00bb font_container=\u00bbtag:h3|text_align:left|color:%23890000&#8243; use_theme_fonts=\u00bbyes\u00bb link=\u00bburl:https%3A%2F%2Fmufasatoursandtravels.com%2Fes%2Fuganda-safari%2F8-dias-secretos-de-la-selva%2F|title:8%20D%C3%ADas%20Secretos%20De%20La%20Selva|\u00bb][vc_column_text]\n<div>\n<div>\n<div>\n<div>\n<div>\n<div>\n<div>\n<div>\n<div>\n<div>\n<div>\n<div>\n<div>\n<div>\n<div>\n<div>Experimente las maravillas de Uganda en inolvidables excursiones de safari por Uganda. Comenzando en Kampala, ser\u00e1 recibido en el aeropuerto y llevado a su hotel cerca del lago Victoria. Viaja al Parque Nacional Queen Elizabeth, donde te esperan emocionantes safaris e impresionantes paseos en barco, que ofrecen encuentros con diversa vida silvestre y paisajes impresionantes. Contin\u00faa hasta el Parque Nacional Impenetrable de Bwindi para vivir una aventura \u00fanica en la vida en forma de trekking con gorilas, rodeado de la belleza del bosque. Concluya su safari por Uganda con un recorrido por la ciudad de Kigali, explorando la conmovedora historia del sitio conmemorativo del genocidio. Reserve ahora su safari y excursiones por Uganda para disfrutar de una experiencia africana inmersiva y cautivadora.     <\/div>\n<\/div>\n<\/div>\n<\/div>\n<\/div>\n<\/div>\n<\/div>\n<\/div>\n<\/div>\n<\/div>\n<\/div>\n<\/div>\n<\/div>\n<\/div>\n<\/div>\n<\/div>\n[\/vc_column_text][vc_btn title=\u00bbVer paquete\u00bb style=\u00bbcustom\u00bb custom_background=\u00bb#890000&#8243; custom_text=\u00bb#ffffff\u00bb i_align=\u00bbright\u00bb i_icon_fontawesome=\u00bbfas fa-angle-double-right\u00bb add_icon=\u00bbtrue\u00bb link=\u00bburl:https%3A%2F%2Fmufasatoursandtravels.com%2Fes%2Fuganda-safari%2F8-dias-secretos-de-la-selva%2F|title:8%20D%C3%ADas%20Secretos%20De%20La%20Selva|\u00bb css=\u00bb.vc_custom_1765871823373{background-color: #890000 !important;}\u00bb][\/vc_column_inner][\/vc_row_inner][\/vc_column][\/vc_row][vc_row][vc_column][vc_custom_heading text=\u00bbPreguntas frecuentes sobre safaris en Uganda y Ruanda\u00bb font_container=\u00bbtag:h2|font_size:26|text_align:center|color:%23890000&#8243; use_theme_fonts=\u00bbyes\u00bb css=\u00bb.vc_custom_1741356739004{padding-top: 10px !important;padding-bottom: 10px !important;}\u00bb][vc_toggle title=\u00bb\u00bfCu\u00e1l es el mejor momento para hacer un safari en Uganda?\u00bb style=\u00bbsquare\u00bb]\n<div>\n<div>La mejor \u00e9poca para hacer un safari en Uganda es durante las estaciones secas, generalmente de diciembre a febrero y de junio a septiembre. Estos meses ofrecen condiciones clim\u00e1ticas agradables y un acceso m\u00e1s f\u00e1cil a los parques nacionales para el avistamiento de vida silvestre y actividades como el trekking con gorilas. <\/div>\n<\/div>\n[\/vc_toggle][vc_toggle title=\u00bb\u00bfNecesito reservar mi safari en Uganda con antelaci\u00f3n?\u00bb style=\u00bbsquare\u00bb]\n<div>\n<div>\n<div>\n<div>Es muy recomendable reservar tu safari por Uganda con antelaci\u00f3n, especialmente para actividades como el trekking con gorilas que requieren permisos con disponibilidad limitada. Planificar con anticipaci\u00f3n le permite obtener los permisos, el alojamiento y los operadores tur\u00edsticos preferidos necesarios para garantizar una experiencia de safari fluida y agradable. <\/div>\n<\/div>\n<\/div>\n<\/div>\n[\/vc_toggle][vc_toggle title=\u00bb\u00bfQu\u00e9 vida silvestre puedo esperar ver en un safari en Uganda?\u00bb style=\u00bbsquare\u00bb]\n<div>\n<div>\n<div>\n<div>Uganda es conocida por su diversa vida silvestre. En un safari por Uganda, puedes esperar ver gorilas de monta\u00f1a, chimpanc\u00e9s, elefantes, leones, b\u00fafalos, jirafas, cebras, varias especies de ant\u00edlopes y una amplia gama de especies de aves. Los avistamientos espec\u00edficos de vida silvestre pueden variar seg\u00fan el parque nacional o la reserva que visite.  <\/div>\n<\/div>\n<\/div>\n<\/div>\n[\/vc_toggle][vc_toggle title=\u00bb\u00bfHay restricciones de edad para el trekking con gorilas en Uganda?\u00bb style=\u00bbsquare\u00bb]\n<div>\n<div>\n<div>\n<div>\u00bfHay restricciones de edad para el trekking con gorilas en Uganda?<\/div>\n<div>S\u00ed, hay restricciones de edad para el trekking con gorilas en Uganda. La edad m\u00ednima requerida es de 15 a\u00f1os para participar en la actividad. Esto es para garantizar la seguridad y el bienestar de los visitantes y los gorilas.  <\/div>\n<\/div>\n<\/div>\n<\/div>\n[\/vc_toggle][vc_toggle title=\u00bb\u00bfQu\u00e9 tan exigente f\u00edsicamente es el trekking con gorilas en Uganda?\u00bb style=\u00bbsquare\u00bb]\n<div>\n<div>El trekking con gorilas en Uganda puede ser f\u00edsicamente exigente, ya que implica caminar a trav\u00e9s de densos bosques y terrenos escarpados. La duraci\u00f3n y la dificultad de la caminata pueden variar, oscilando entre 1 y 6 horas. Es importante estar razonablemente en forma y preparado para un esfuerzo f\u00edsico moderado, aunque la experiencia es accesible para la mayor\u00eda de las personas con un nivel b\u00e1sico de condici\u00f3n f\u00edsica.  <\/div>\n<\/div>\n[\/vc_toggle][vc_toggle title=\u00bb\u00bfPuedo combinar un safari en Uganda con otros pa\u00edses de \u00c1frica Oriental?\u00bb style=\u00bbsquare\u00bb]\n<div>\n<div>\n<div>\n<div>\n<div>S\u00ed, es posible combinar un safari en Uganda con visitas a otros pa\u00edses de \u00c1frica Oriental como<a href=\"https:\/\/mufasatoursandtravels.com\/kenya-flying-safaris-2\/kenya-flying-safaris-short-stay\/\"> Kenia<\/a>, Tanzania y <a href=\"https:\/\/mufasatoursandtravels.com\/es\/safari-en-ruanda\/\">Ruanda<\/a>, o incluso ampliar el viaje para explorar los impresionantes paisajes del <a href=\"https:\/\/mufasatoursandtravels.com\/es\/destinos\/parque-nacional-del-serengeti\/\">Serengeti<\/a>, el <a href=\"https:\/\/mufasatoursandtravels.com\/es\/destinos\/reserva-nacional-masai-mara\/\">Masai Mara<\/a> o el ic\u00f3nico <a href=\"https:\/\/mufasatoursandtravels.com\/es\/destinos\/crater-del-ngorongoro\/\">cr\u00e1ter del Ngorongoro<\/a>.<\/div>\n<\/div>\n<\/div>\n<\/div>\n<\/div>\n[\/vc_toggle][\/vc_column][\/vc_row]\n","protected":false},"excerpt":{"rendered":"<p>[vc_row full_width=\u00bbstretch_row_content\u00bb parallax=\u00bbcontent-moving\u00bb parallax_image=\u00bb30201&#8243; el_class=\u00bbcustom-banner-image\u00bb css=\u00bb.vc_custom_1765802085430{padding-top: 20vh !important;}\u00bb][vc_column css=\u00bb.vc_custom_1765874216975{padding: 100px !important;}\u00bb][vc_custom_heading text=\u00bbSafaris privados en Uganda.\u00bb font_container=\u00bbtag:h1|font_size:50px|text_align:left|color:%23ffffff\u00bb google_fonts=\u00bbfont_family:Roboto%3A100%2C100italic%2C300%2C300italic%2Cregular%2Citalic%2C500%2C500italic%2C700%2C700italic%2C900%2C900italic|font_style:300%20light%20regular%3A300%3Anormal\u00bb el_class=\u00bbbanner-txt\u00bb][vc_separator color=\u00bbcustom\u00bb align=\u00bbalign_left\u00bb el_width=\u00bb20&#8243; accent_color=\u00bb#f8f8f8&#8243; el_class=\u00bbbanner-txt\u00bb][vc_custom_heading text=\u00bbSafari por carretera\u00bb font_container=\u00bbtag:h2|text_align:left|color:%23ffffff\u00bb google_fonts=\u00bbfont_family:Roboto%3A100%2C100italic%2C300%2C300italic%2Cregular%2Citalic%2C500%2C500italic%2C700%2C700italic%2C900%2C900italic|font_style:300%20light%20italic%3A300%3Aitalic\u00bb el_class=\u00bbbanner-txt\u00bb][\/vc_column][\/vc_row][vc_row css=\u00bb.vc_custom_1683905236614{border-top-width: 10px !important;border-right-width: 10px !important;border-left-width: 10px !important;}\u00bb][vc_column][vc_headings style=\u00bbtheme3&#8243; linewidth=\u00bb100&#8243; borderwidth=\u00bb3&#8243; borderclr=\u00bb#890000&#8243; title=\u00bbUganda Safari Packages\u00bb google_fonts=\u00bbfont_family:Roboto%3A100%2C100italic%2C300%2C300italic%2Cregular%2Citalic%2C500%2C500italic%2C700%2C700italic%2C900%2C900italic|font_style:400%20regular%3A400%3Anormal\u00bb titleclr=\u00bb#890000&#8243; caption_url=\u00bb\u00bb caption_urls=\u00bb\u00bb caption_urlss=\u00bb\u00bb caption_urldesc=\u00bb\u00bb][\/vc_headings][vc_empty_space][vc_column_text]Los safaris en Uganda ofrecen una oportunidad [&hellip;]<\/p>\n","protected":false},"author":2,"featured_media":0,"parent":0,"menu_order":36,"comment_status":"closed","ping_status":"closed","template":"page-blank.php","meta":{"_themeisle_gutenberg_block_has_review":false,"footnotes":""},"class_list":["post-28054","page","type-page","status-publish","hentry"],"_links":{"self":[{"href":"https:\/\/mufasatoursandtravels.com\/es\/wp-json\/wp\/v2\/pages\/28054","targetHints":{"allow":["GET"]}}],"collection":[{"href":"https:\/\/mufasatoursandtravels.com\/es\/wp-json\/wp\/v2\/pages"}],"about":[{"href":"https:\/\/mufasatoursandtravels.com\/es\/wp-json\/wp\/v2\/types\/page"}],"author":[{"embeddable":true,"href":"https:\/\/mufasatoursandtravels.com\/es\/wp-json\/wp\/v2\/users\/2"}],"replies":[{"embeddable":true,"href":"https:\/\/mufasatoursandtravels.com\/es\/wp-json\/wp\/v2\/comments?post=28054"}],"version-history":[{"count":9,"href":"https:\/\/mufasatoursandtravels.com\/es\/wp-json\/wp\/v2\/pages\/28054\/revisions"}],"predecessor-version":[{"id":41310,"href":"https:\/\/mufasatoursandtravels.com\/es\/wp-json\/wp\/v2\/pages\/28054\/revisions\/41310"}],"wp:attachment":[{"href":"https:\/\/mufasatoursandtravels.com\/es\/wp-json\/wp\/v2\/media?parent=28054"}],"curies":[{"name":"wp","href":"https:\/\/api.w.org\/{rel}","templated":true}]}}