{"id":28056,"date":"2023-11-02T17:48:42","date_gmt":"2023-11-02T14:48:42","guid":{"rendered":"https:\/\/mufasatoursandtravels.com\/tanzania-safaris\/"},"modified":"2025-12-15T16:58:36","modified_gmt":"2025-12-15T13:58:36","slug":"tanzania-safaris","status":"publish","type":"page","link":"https:\/\/mufasatoursandtravels.com\/es\/tanzania-safaris\/","title":{"rendered":"Tanzania Safaris"},"content":{"rendered":"[vc_row full_width=\u00bbstretch_row_content\u00bb parallax=\u00bbcontent-moving\u00bb parallax_image=\u00bb41166&#8243; parallax_speed_bg=\u00bb1.9&#8243; el_class=\u00bbcustom-banner-image\u00bb css=\u00bb.vc_custom_1765801373651{margin-top: -90px !important;padding-top: 20vh !important;}\u00bb][vc_column][vc_custom_heading text=\u00bbSafaris privados en Tanzania.\u00bb font_container=\u00bbtag:h1|font_size:50px|text_align:left|color:%23ffffff\u00bb google_fonts=\u00bbfont_family:Roboto%3A100%2C100italic%2C300%2C300italic%2Cregular%2Citalic%2C500%2C500italic%2C700%2C700italic%2C900%2C900italic|font_style:300%20light%20regular%3A300%3Anormal\u00bb el_class=\u00bbbanner-txt\u00bb][vc_separator align=\u00bbalign_left\u00bb border_width=\u00bb2&#8243; el_width=\u00bb20&#8243; el_class=\u00bbbanner-txt\u00bb][vc_custom_heading text=\u00bbSafari por carretera\u00bb font_container=\u00bbtag:h2|text_align:left|color:%23ffffff\u00bb google_fonts=\u00bbfont_family:Roboto%3A100%2C100italic%2C300%2C300italic%2Cregular%2Citalic%2C500%2C500italic%2C700%2C700italic%2C900%2C900italic|font_style:400%20italic%3A400%3Aitalic\u00bb el_class=\u00bbbanner-txt\u00bb][\/vc_column][\/vc_row][vc_row][vc_column][vc_headings style=\u00bbtheme3&#8243; linewidth=\u00bb150&#8243; borderclr=\u00bb#890000&#8243; title=\u00bbSAFARI POR CARRETERA\u00bb use_theme_fonts=\u00bbyes\u00bb titleclr=\u00bb#890000&#8243;][\/vc_headings][vc_empty_space][\/vc_column][\/vc_row][vc_row][vc_column][vc_column_text]\n<p style=\"font-size: 18px; text-align: left;\">Emb\u00e1rcate en un viaje al coraz\u00f3n de los ind\u00f3mitos parques y reservas de Tanzania, donde cada momento es una exploraci\u00f3n y cada descubrimiento se comparte con tu tribu. Da rienda suelta al esp\u00edritu de camarader\u00eda mientras atraviesas los impresionantes paisajes, te encuentras con la majestuosa vida silvestre y creas recuerdos que durar\u00e1n toda la vida. <\/p>\n[\/vc_column_text][\/vc_column][\/vc_row][vc_row gap=\u00bb5&#8243; disable_element=\u00bbyes\u00bb][vc_column width=\u00bb1\/3&#8243; css=\u00bb.vc_custom_1712835164755{padding: 10px !important;}\u00bb][vc_hoverbox image=\u00bb13283&#8243; primary_title=\u00bbSAFARIS DE CORTA ESTANCIA\u00bb primary_title_font_container=\u00bbcolor:%23ffffff\u00bb primary_title_use_theme_fonts=\u00bbyes\u00bb hover_title=\u00bb\u00bb hover_background_color=\u00bbcustom\u00bb hover_btn_title=\u00bb1-3 D\u00edas\u00bb hover_btn_i_icon_fontawesome=\u00bbfas fa-paw\u00bb use_custom_fonts_primary_title=\u00bbtrue\u00bb hover_add_button=\u00bbtrue\u00bb hover_btn_add_icon=\u00bbtrue\u00bb hover_custom_background=\u00bb#890000&#8243; hover_btn_link=\u00bburl:https%3A%2F%2Fmufasatoursandtravels.com%2Fes%2Ftanzania-safaris%2Fsafaris-de-corta-estancia-en-tanzania%2F|title:Safaris%20de%20corta%20estancia%20en%20Tanzania|\u00bb primary_title_link=\u00bburl:https%3A%2F%2Fmufasatoursandtravels.com%2Fes%2Ftanzania-safaris%2Fsafaris-de-corta-estancia-en-tanzania%2F|title:Safaris%20de%20corta%20estancia%20en%20Tanzania|\u00bb][\/vc_hoverbox][\/vc_column][vc_column width=\u00bb1\/3&#8243; css=\u00bb.vc_custom_1712835046953{padding: 10px !important;}\u00bb][vc_hoverbox image=\u00bb14561&#8243; primary_title=\u00bbSAFARIS DE MEDIA ESTANCIA\u00bb primary_title_font_container=\u00bbcolor:%23ffffff\u00bb primary_title_use_theme_fonts=\u00bbyes\u00bb hover_title=\u00bb\u00bb hover_background_color=\u00bbcustom\u00bb hover_btn_title=\u00bb4-6 d\u00edas\u00bb hover_btn_i_icon_fontawesome=\u00bbfas fa-paw\u00bb use_custom_fonts_primary_title=\u00bbtrue\u00bb hover_add_button=\u00bbtrue\u00bb hover_btn_add_icon=\u00bbtrue\u00bb hover_custom_background=\u00bb#890000&#8243; hover_btn_link=\u00bburl:https%3A%2F%2Fmufasatoursandtravels.com%2Fes%2Ftanzania-safaris%2Fsafaris-de-media-estancia-en-tanzania%2F|title:Safaris%20de%20media%20estancia%20en%20Tanzania|\u00bb primary_title_link=\u00bburl:https%3A%2F%2Fmufasatoursandtravels.com%2Fes%2Ftanzania-safaris%2Fsafaris-de-media-estancia-en-tanzania%2F|title:Safaris%20de%20media%20estancia%20en%20Tanzania|\u00bb][\/vc_hoverbox][\/vc_column][vc_column width=\u00bb1\/3&#8243; css=\u00bb.vc_custom_1712835131811{padding: 10px !important;}\u00bb][vc_hoverbox image=\u00bb1716&#8243; primary_title=\u00bbSAFARIS DE LARGA ESTANCIA\u00bb primary_title_font_container=\u00bbcolor:%23ffffff\u00bb primary_title_use_theme_fonts=\u00bbyes\u00bb hover_title=\u00bb\u00bb hover_background_color=\u00bbcustom\u00bb hover_btn_title=\u00bb7+ D\u00edas\u00bb hover_btn_i_icon_fontawesome=\u00bbfas fa-paw\u00bb use_custom_fonts_primary_title=\u00bbtrue\u00bb hover_add_button=\u00bbtrue\u00bb hover_btn_add_icon=\u00bbtrue\u00bb hover_custom_background=\u00bb#890000&#8243; primary_title_link=\u00bburl:https%3A%2F%2Fmufasatoursandtravels.com%2Fes%2Ftanzania-safaris%2Fsafaris-de-larga-estancia-en-tanzania%2F|title:Safaris%20de%20larga%20estancia%20en%20Tanzania|\u00bb hover_btn_link=\u00bburl:https%3A%2F%2Fmufasatoursandtravels.com%2Fes%2Ftanzania-safaris%2Fsafaris-de-larga-estancia-en-tanzania%2F|title:Safaris%20de%20larga%20estancia%20en%20Tanzania|\u00bb][\/vc_hoverbox][\/vc_column][\/vc_row][vc_row css=\u00bb.vc_custom_1765460591153{padding: 10px !important;}\u00bb][vc_column][vc_text_separator title=\u00bbSafari de estancia corta\u00bb title_align=\u00bbseparator_align_left\u00bb align=\u00bbalign_left\u00bb color=\u00bbcustom\u00bb border_width=\u00bb2&#8243; accent_color=\u00bb#890000&#8243; el_class=\u00bblead-description\u00bb][\/vc_column][\/vc_row][vc_row css=\u00bb.vc_custom_1765460615224{padding-top: 10px !important;padding-right: 10px !important;padding-bottom: 10px !important;padding-left: 10px !important;}\u00bb][vc_column width=\u00bb1\/3&#8243; css=\u00bb.vc_custom_1765794263079{padding: 10px !important;}\u00bb]<div class=\"cq-hovercard cq-rotateY cardm cq-hovercard-hideicon\" data-contentcolor=\"\" data-iconcolor=\"\" data-bgheight=\"240\" data-captionoffset=\"\" data-videowidth=\"640\" data-linktype=\"customlink\" data-bgtype=\"image\" data-lightboxmargin=\"\"><a href=\"https:\/\/mufasatoursandtravels.com\/tanzania-safaris\/tanzania-short-stay-safaris\/tarangire-tree-top-adventure\/\" title=\"Tarangire Tree Top Adventure Rates\" target=\"\" class=\"cq-hovercard-customlink\"><img decoding=\"async\" src=\"https:\/\/mufasatoursandtravels.com\/wp-content\/uploads\/2023\/07\/gazelle-scaled.jpg\" class=\"cq-hovercard-background\" alt=\"\" \/><div class=\"cq-hovercard-textcontainer\"><div class=\"cq-hovercard-title\">Copa del \u00e1rbol de Tarangire<\/div><div class=\"cq-hovercard-content\">1 Day | Tarangire National Park<\/div><i class=\"cq-hovercard-icon fas fa-paw\"><\/i><\/div><\/a><\/div>[\/vc_column][vc_column width=\u00bb1\/3&#8243; css=\u00bb.vc_custom_1765794283422{padding: 10px !important;}\u00bb]<div class=\"cq-hovercard cq-rotateY cardm cq-hovercard-hideicon\" data-contentcolor=\"\" data-iconcolor=\"\" data-bgheight=\"240\" data-captionoffset=\"\" data-videowidth=\"640\" data-linktype=\"customlink\" data-bgtype=\"image\" data-lightboxmargin=\"\"><a href=\"https:\/\/mufasatoursandtravels.com\/tanzania-safaris\/tanzania-short-stay-safaris\/savannah-symphony-safari\/\" title=\"Savannah Symphony Safari\" target=\"\" class=\"cq-hovercard-customlink\"><img decoding=\"async\" src=\"https:\/\/mufasatoursandtravels.com\/wp-content\/uploads\/2023\/01\/zebra-savanna-scaled.jpg\" class=\"cq-hovercard-background\" alt=\"\" \/><div class=\"cq-hovercard-textcontainer\"><div class=\"cq-hovercard-title\">Sinfon\u00eda de Savannah<\/div><div class=\"cq-hovercard-content\">1 Day | Ngorongoro National Park<\/div><i class=\"cq-hovercard-icon fas fa-paw\"><\/i><\/div><\/a><\/div>[\/vc_column][vc_column width=\u00bb1\/3&#8243; css=\u00bb.vc_custom_1765794299020{padding: 10px !important;}\u00bb]<div class=\"cq-hovercard cq-rotateY cardm cq-hovercard-hideicon\" data-contentcolor=\"\" data-iconcolor=\"\" data-bgheight=\"240\" data-captionoffset=\"\" data-videowidth=\"640\" data-linktype=\"customlink\" data-bgtype=\"image\" data-lightboxmargin=\"\"><a href=\"https:\/\/mufasatoursandtravels.com\/tanzania-safaris\/tanzania-short-stay-safaris\/tanzania-wild-heart-expedition\/\" title=\"Tanzania Wild Heart Expedition\" target=\"\" class=\"cq-hovercard-customlink\"><img decoding=\"async\" src=\"https:\/\/mufasatoursandtravels.com\/wp-content\/uploads\/2023\/06\/Zebras-MTT-scaled.jpg\" class=\"cq-hovercard-background\" alt=\"\" \/><div class=\"cq-hovercard-textcontainer\"><div class=\"cq-hovercard-title\">Expedici\u00f3n Coraz\u00f3n Salvaje<\/div><div class=\"cq-hovercard-content\">1 Day | Tarangire National Park<\/div><i class=\"cq-hovercard-icon fas fa-paw\"><\/i><\/div><\/a><\/div>[\/vc_column][\/vc_row][vc_row css=\u00bb.vc_custom_1765459262484{padding: 10px !important;}\u00bb][vc_column width=\u00bb1\/3&#8243; css=\u00bb.vc_custom_1765794316725{padding: 10px !important;}\u00bb]<div class=\"cq-hovercard cq-rotateY cardm cq-hovercard-hideicon\" data-contentcolor=\"\" data-iconcolor=\"\" data-bgheight=\"240\" data-captionoffset=\"\" data-videowidth=\"640\" data-linktype=\"customlink\" data-bgtype=\"image\" data-lightboxmargin=\"\"><a href=\"https:\/\/mufasatoursandtravels.com\/tanzania-safaris\/tanzania-short-stay-safaris\/ngorongoro-crater-expedition\/\" title=\"Ngorongoro Crater Expedition\" target=\"\" class=\"cq-hovercard-customlink\"><img decoding=\"async\" src=\"https:\/\/mufasatoursandtravels.com\/wp-content\/uploads\/2025\/01\/Gazzelles.jpeg\" class=\"cq-hovercard-background\" alt=\"\" \/><div class=\"cq-hovercard-textcontainer\"><div class=\"cq-hovercard-title\">Expedici\u00f3n al cr\u00e1ter del Ngorongoro<\/div><div class=\"cq-hovercard-content\">1 Day | Ngorongoro National Park<\/div><i class=\"cq-hovercard-icon fas fa-paw\"><\/i><\/div><\/a><\/div>[\/vc_column][vc_column width=\u00bb1\/3&#8243; css=\u00bb.vc_custom_1765794333191{padding: 10px !important;}\u00bb]<div class=\"cq-hovercard cq-rotateY cardm cq-hovercard-hideicon\" data-contentcolor=\"\" data-iconcolor=\"\" data-bgheight=\"240\" data-captionoffset=\"\" data-videowidth=\"640\" data-linktype=\"\" data-bgtype=\"image\" data-lightboxmargin=\"\"><img decoding=\"async\" src=\"https:\/\/mufasatoursandtravels.com\/wp-content\/uploads\/2023\/01\/Lions-Mara-scaled.jpg\" class=\"cq-hovercard-background\" alt=\"\" \/><div class=\"cq-hovercard-textcontainer\"><div class=\"cq-hovercard-title\">Amanecer de Tarangire<\/div><div class=\"cq-hovercard-content\">3 Day | Tarangire \u2192 Ngorongoro \u2192 Lk.Manyara<\/div><i class=\"cq-hovercard-icon fas fa-paw\"><\/i><\/div><\/div>[\/vc_column][vc_column width=\u00bb1\/3&#8243; css=\u00bb.vc_custom_1765794350161{padding: 10px !important;}\u00bb]<div class=\"cq-hovercard cq-rotateY cardm cq-hovercard-hideicon\" data-contentcolor=\"\" data-iconcolor=\"\" data-bgheight=\"240\" data-captionoffset=\"\" data-videowidth=\"640\" data-linktype=\"customlink\" data-bgtype=\"image\" data-lightboxmargin=\"\"><a href=\"https:\/\/mufasatoursandtravels.com\/tanzania-safaris\/tanzania-short-stay-safaris\/serengeti-sunsets-savannah-secrets\/\" title=\"Serengeti Sunsets & Savannah Secrets\" target=\"\" class=\"cq-hovercard-customlink\"><img decoding=\"async\" src=\"https:\/\/mufasatoursandtravels.com\/wp-content\/uploads\/2022\/01\/black-and-white-buffalo-portrait-ol-pejeta-conservancy-nanyuki-kenya-pranav-chadha.jpg\" class=\"cq-hovercard-background\" alt=\"MUFASA TOURS AND TRAVELS KENYA\" \/><div class=\"cq-hovercard-textcontainer\"><div class=\"cq-hovercard-title\">Atardeceres y secretos del Serengeti<\/div><div class=\"cq-hovercard-content\">3 Day | Serengeti<\/div><i class=\"cq-hovercard-icon fas fa-plane-departure\"><\/i><\/div><\/a><\/div>[\/vc_column][\/vc_row][vc_row css=\u00bb.vc_custom_1765460639361{padding: 10px !important;}\u00bb][vc_column][vc_text_separator title=\u00bbSafari de estancia media\u00bb title_align=\u00bbseparator_align_left\u00bb align=\u00bbalign_left\u00bb color=\u00bbcustom\u00bb border_width=\u00bb2&#8243; accent_color=\u00bb#890000&#8243; el_class=\u00bblead-description\u00bb][\/vc_column][\/vc_row][vc_row css=\u00bb.vc_custom_1765459262484{padding: 10px !important;}\u00bb][vc_column width=\u00bb1\/3&#8243; css=\u00bb.vc_custom_1765794378378{padding: 10px !important;}\u00bb]<div class=\"cq-hovercard cq-rotateY cardm cq-hovercard-hideicon\" data-contentcolor=\"\" data-iconcolor=\"\" data-bgheight=\"240\" data-captionoffset=\"\" data-videowidth=\"640\" data-linktype=\"customlink\" data-bgtype=\"image\" data-lightboxmargin=\"\"><a href=\"https:\/\/mufasatoursandtravels.com\/tanzania-safaris\/tanzania-medium-stay-safaris\/serengeti-ngorongoro-odyssey\/\" title=\"Serengeti-Ngorongoro Odyssey\" target=\"\" class=\"cq-hovercard-customlink\"><img decoding=\"async\" src=\"https:\/\/mufasatoursandtravels.com\/wp-content\/uploads\/2024\/09\/wildebeest_serengeti-scaled.jpg\" class=\"cq-hovercard-background\" alt=\"\" \/><div class=\"cq-hovercard-textcontainer\"><div class=\"cq-hovercard-title\">Odisea del Serengeti-Ngorongoro<\/div><div class=\"cq-hovercard-content\">4 Day | Serengeti \u2192 Ngorongoro<\/div><i class=\"cq-hovercard-icon fas fa-paw\"><\/i><\/div><\/a><\/div>[\/vc_column][vc_column width=\u00bb1\/3&#8243; css=\u00bb.vc_custom_1765794393162{padding: 10px !important;}\u00bb]<div class=\"cq-hovercard cq-rotateY cardm cq-hovercard-hideicon\" data-contentcolor=\"\" data-iconcolor=\"\" data-bgheight=\"240\" data-captionoffset=\"\" data-videowidth=\"640\" data-linktype=\"customlink\" data-bgtype=\"image\" data-lightboxmargin=\"\"><a href=\"https:\/\/mufasatoursandtravels.com\/tanzania-safaris\/tanzania-medium-stay-safaris\/tanzania-signature-safari\/\" title=\"Tanzania Signature Safari\" target=\"\" class=\"cq-hovercard-customlink\"><img decoding=\"async\" src=\"https:\/\/mufasatoursandtravels.com\/wp-content\/uploads\/2025\/03\/elephant-calf.jpg\" class=\"cq-hovercard-background\" alt=\"\" \/><div class=\"cq-hovercard-textcontainer\"><div class=\"cq-hovercard-title\">Firma de Tanzania<\/div><div class=\"cq-hovercard-content\">5 Day | Tarangire \u2192 Serengeti \u2192 Ngorongoro<\/div><i class=\"cq-hovercard-icon fas fa-paw\"><\/i><\/div><\/a><\/div>[\/vc_column][vc_column width=\u00bb1\/3&#8243; css=\u00bb.vc_custom_1765794409422{padding: 10px !important;}\u00bb]<div class=\"cq-hovercard cq-rotateY cardm cq-hovercard-hideicon\" data-contentcolor=\"\" data-iconcolor=\"\" data-bgheight=\"240\" data-captionoffset=\"\" data-videowidth=\"640\" data-linktype=\"\" data-bgtype=\"image\" data-lightboxmargin=\"\"><img decoding=\"async\" src=\"https:\/\/mufasatoursandtravels.com\/wp-content\/uploads\/2022\/03\/serengeti-lion.jpg\" class=\"cq-hovercard-background\" alt=\"\" \/><div class=\"cq-hovercard-textcontainer\"><div class=\"cq-hovercard-title\">Expedici\u00f3n Serenata<\/div><div class=\"cq-hovercard-content\">6 Day | Tarangire \u2192 Serengeti \u2192 Ngorongoro<\/div><i class=\"cq-hovercard-icon fas fa-paw\"><\/i><\/div><\/div>[\/vc_column][\/vc_row][vc_row css=\u00bb.vc_custom_1765460671169{padding: 10px !important;}\u00bb][vc_column][vc_text_separator title=\u00bbSafari de larga estancia\u00bb title_align=\u00bbseparator_align_left\u00bb align=\u00bbalign_left\u00bb color=\u00bbcustom\u00bb border_width=\u00bb2&#8243; accent_color=\u00bb#890000&#8243; el_class=\u00bblead-description\u00bb][\/vc_column][\/vc_row][vc_row css=\u00bb.vc_custom_1765459262484{padding: 10px !important;}\u00bb][vc_column width=\u00bb1\/3&#8243; css=\u00bb.vc_custom_1765794480748{padding: 10px !important;}\u00bb]<div class=\"cq-hovercard cq-rotateY cardm cq-hovercard-hideicon\" data-contentcolor=\"\" data-iconcolor=\"\" data-bgheight=\"240\" data-captionoffset=\"\" data-videowidth=\"640\" data-linktype=\"customlink\" data-bgtype=\"image\" data-lightboxmargin=\"\"><a href=\"https:\/\/mufasatoursandtravels.com\/tanzania-safaris\/tanzania-long-stay-safaris\/wild-trail-safari\/\" title=\"Wild Trail Safari\" target=\"\" class=\"cq-hovercard-customlink\"><img decoding=\"async\" src=\"https:\/\/mufasatoursandtravels.com\/wp-content\/uploads\/2025\/03\/wildebeests-scaled.jpg\" class=\"cq-hovercard-background\" alt=\"\" \/><div class=\"cq-hovercard-textcontainer\"><div class=\"cq-hovercard-title\">Safari por senderos salvajes<\/div><div class=\"cq-hovercard-content\">7 Day | Tarangire \u2192 Serengeti \u2192 Ngorongoro \u2192Lk.Manyara<\/div><i class=\"cq-hovercard-icon fas fa-paw\"><\/i><\/div><\/a><\/div>[\/vc_column][vc_column width=\u00bb1\/3&#8243; css=\u00bb.vc_custom_1765794494220{padding: 10px !important;}\u00bb]<div class=\"cq-hovercard cq-rotateY cardm cq-hovercard-hideicon\" data-contentcolor=\"\" data-iconcolor=\"\" data-bgheight=\"240\" data-captionoffset=\"\" data-videowidth=\"640\" data-linktype=\"customlink\" data-bgtype=\"image\" data-lightboxmargin=\"\"><a href=\"https:\/\/mufasatoursandtravels.com\/tanzania-safaris\/tanzania-long-stay-safaris\/tanzania-tranquil-trail-safari\/\" title=\"Tanzania Tranquil Trail Safari\" target=\"\" class=\"cq-hovercard-customlink\"><img decoding=\"async\" src=\"https:\/\/mufasatoursandtravels.com\/wp-content\/uploads\/2022\/02\/pexels-trace-hudson-2793479.jpg\" class=\"cq-hovercard-background\" alt=\"Mufasa tours and travel\" \/><div class=\"cq-hovercard-textcontainer\"><div class=\"cq-hovercard-title\">Sendero Tranquilo de Tanzania<\/div><div class=\"cq-hovercard-content\">8 Day | Lk.Manyara \u2192 Ngorongoro \u2192 Serengeti \u2192 Lk.Natron<\/div><i class=\"cq-hovercard-icon fas fa-paw\"><\/i><\/div><\/a><\/div>[\/vc_column][vc_column width=\u00bb1\/3&#8243; css=\u00bb.vc_custom_1765794507799{padding: 10px !important;}\u00bb]<div class=\"cq-hovercard cq-rotateY cardm cq-hovercard-hideicon\" data-contentcolor=\"\" data-iconcolor=\"\" data-bgheight=\"240\" data-captionoffset=\"\" data-videowidth=\"640\" data-linktype=\"customlink\" data-bgtype=\"image\" data-lightboxmargin=\"\"><a href=\"https:\/\/mufasatoursandtravels.com\/tanzania-safaris\/tanzania-long-stay-safaris\/tanzania-treasures-expedition\/\" title=\"Tanzania Treasures Expedition\" target=\"\" class=\"cq-hovercard-customlink\"><img decoding=\"async\" src=\"https:\/\/mufasatoursandtravels.com\/wp-content\/uploads\/2024\/11\/zebras-18155090-scaled.jpg\" class=\"cq-hovercard-background\" alt=\"\" \/><div class=\"cq-hovercard-textcontainer\"><div class=\"cq-hovercard-title\">Expedici\u00f3n a los Tesoros de Tanzania<\/div><div class=\"cq-hovercard-content\">8 Day | Lk.Manyara \u2192 Lk.Eyasi \u2192 Serengeti \u2192 Ngorongoro<\/div><i class=\"cq-hovercard-icon fas fa-paw\"><\/i><\/div><\/a><\/div>[\/vc_column][\/vc_row][vc_row disable_element=\u00bbyes\u00bb][vc_column width=\u00bb1\/3&#8243; css=\u00bb.vc_custom_1673420114805{border-top-width: 10px !important;border-right-width: 10px !important;border-bottom-width: 10px !important;border-left-width: 10px !important;}\u00bb][wdo_ult_banner ult_banner_image=\u00bb10298&#8243;]\n<p style=\"text-align: center;\"><span style=\"font-size: 15pt;\"><strong>AMPLIACI\u00d3N DE LA PLAYA DE DIANI<\/strong><\/span><\/p>\n[\/wdo_ult_banner][\/vc_column][vc_column width=\u00bb1\/3&#8243; css=\u00bb.vc_custom_1673420131900{border-top-width: 10px !important;border-right-width: 10px !important;border-bottom-width: 10px !important;border-left-width: 10px !important;}\u00bb][wdo_ult_banner ult_banner_image=\u00bb12446&#8243;]\n<p style=\"text-align: center;\"><span style=\"font-size: 15pt;\"><strong>EXTENSI\u00d3N DEL RECORRIDO POR LA CIUDAD DE NAIROBI<\/strong><\/span><\/p>\n[\/wdo_ult_banner][\/vc_column][vc_column width=\u00bb1\/3&#8243; css=\u00bb.vc_custom_1673420149251{border-top-width: 10px !important;border-right-width: 10px !important;border-bottom-width: 10px !important;border-left-width: 10px !important;}\u00bb][wdo_ult_banner ult_banner_image=\u00bb12447&#8243;]\n<p style=\"text-align: center;\"><span style=\"font-size: 15pt;\"><strong>EXTENSI\u00d3N DE LA PLAYA DE ZANZ\u00cdBAR<\/strong><\/span><\/p>\n[\/wdo_ult_banner][\/vc_column][\/vc_row]\n","protected":false},"excerpt":{"rendered":"<p>[vc_row full_width=\u00bbstretch_row_content\u00bb parallax=\u00bbcontent-moving\u00bb parallax_image=\u00bb41166&#8243; parallax_speed_bg=\u00bb1.9&#8243; el_class=\u00bbcustom-banner-image\u00bb css=\u00bb.vc_custom_1765801373651{margin-top: -90px !important;padding-top: 20vh !important;}\u00bb][vc_column][vc_custom_heading text=\u00bbSafaris privados en Tanzania.\u00bb font_container=\u00bbtag:h1|font_size:50px|text_align:left|color:%23ffffff\u00bb google_fonts=\u00bbfont_family:Roboto%3A100%2C100italic%2C300%2C300italic%2Cregular%2Citalic%2C500%2C500italic%2C700%2C700italic%2C900%2C900italic|font_style:300%20light%20regular%3A300%3Anormal\u00bb el_class=\u00bbbanner-txt\u00bb][vc_separator align=\u00bbalign_left\u00bb border_width=\u00bb2&#8243; el_width=\u00bb20&#8243; el_class=\u00bbbanner-txt\u00bb][vc_custom_heading text=\u00bbSafari por carretera\u00bb font_container=\u00bbtag:h2|text_align:left|color:%23ffffff\u00bb google_fonts=\u00bbfont_family:Roboto%3A100%2C100italic%2C300%2C300italic%2Cregular%2Citalic%2C500%2C500italic%2C700%2C700italic%2C900%2C900italic|font_style:400%20italic%3A400%3Aitalic\u00bb el_class=\u00bbbanner-txt\u00bb][\/vc_column][\/vc_row][vc_row][vc_column][vc_headings style=\u00bbtheme3&#8243; linewidth=\u00bb150&#8243; borderclr=\u00bb#890000&#8243; title=\u00bbSAFARI POR CARRETERA\u00bb use_theme_fonts=\u00bbyes\u00bb titleclr=\u00bb#890000&#8243;][\/vc_headings][vc_empty_space][\/vc_column][\/vc_row][vc_row][vc_column][vc_column_text] Emb\u00e1rcate en un viaje al coraz\u00f3n de los ind\u00f3mitos parques y reservas de Tanzania, donde cada momento es una [&hellip;]<\/p>\n","protected":false},"author":2,"featured_media":0,"parent":0,"menu_order":32,"comment_status":"closed","ping_status":"closed","template":"","meta":{"_themeisle_gutenberg_block_has_review":false,"footnotes":""},"class_list":["post-28056","page","type-page","status-publish","hentry"],"_links":{"self":[{"href":"https:\/\/mufasatoursandtravels.com\/es\/wp-json\/wp\/v2\/pages\/28056","targetHints":{"allow":["GET"]}}],"collection":[{"href":"https:\/\/mufasatoursandtravels.com\/es\/wp-json\/wp\/v2\/pages"}],"about":[{"href":"https:\/\/mufasatoursandtravels.com\/es\/wp-json\/wp\/v2\/types\/page"}],"author":[{"embeddable":true,"href":"https:\/\/mufasatoursandtravels.com\/es\/wp-json\/wp\/v2\/users\/2"}],"replies":[{"embeddable":true,"href":"https:\/\/mufasatoursandtravels.com\/es\/wp-json\/wp\/v2\/comments?post=28056"}],"version-history":[{"count":53,"href":"https:\/\/mufasatoursandtravels.com\/es\/wp-json\/wp\/v2\/pages\/28056\/revisions"}],"predecessor-version":[{"id":41206,"href":"https:\/\/mufasatoursandtravels.com\/es\/wp-json\/wp\/v2\/pages\/28056\/revisions\/41206"}],"wp:attachment":[{"href":"https:\/\/mufasatoursandtravels.com\/es\/wp-json\/wp\/v2\/media?parent=28056"}],"curies":[{"name":"wp","href":"https:\/\/api.w.org\/{rel}","templated":true}]}}