{"id":28173,"date":"2023-05-16T18:55:42","date_gmt":"2023-05-16T15:55:42","guid":{"rendered":"https:\/\/mufasatoursandtravels.com\/safari-y-tours\/"},"modified":"2026-03-06T18:35:48","modified_gmt":"2026-03-06T15:35:48","slug":"safari-y-tours","status":"publish","type":"page","link":"https:\/\/mufasatoursandtravels.com\/es\/safari-y-tours\/","title":{"rendered":"Safari y Tours"},"content":{"rendered":"[vc_row full_width=\u00bbstretch_row_content\u00bb css=\u00bb.vc_custom_1687869905456{margin-top: -50px !important;background: rgba(0,0,0,0.89) url(https:\/\/mufasatoursandtravels.com\/wp-content\/uploads\/2023\/02\/travel-and-tours.jpg?id=9064) !important;*background-color: rgb(0,0,0) !important;}\u00bb][vc_column css=\u00bb.vc_custom_1687869367906{padding-top: 30px !important;padding-right: 50px !important;padding-bottom: 30px !important;padding-left: 50px !important;background-color: rgba(0,0,0,0.57) !important;*background-color: rgb(0,0,0) !important;}\u00bb][vc_custom_heading text=\u00bbSafari en \u00c1frica Oriental\u00bb font_container=\u00bbtag:h1|font_size:28|text_align:center|color:%23ffffff\u00bb use_theme_fonts=\u00bbyes\u00bb el_class=\u00bbcustom-opacity-text\u00bb css=\u00bb.vc_custom_1687869412399{margin-top: 30px !important;}\u00bb][vc_empty_space][vc_btn title=\u00bbExplora con nosotros\u00bb style=\u00bboutline\u00bb shape=\u00bbround\u00bb align=\u00bbcenter\u00bb link=\u00bburl:https%3A%2F%2Fmufasatoursandtravels.com%2Fes%2Fsolicite-un-presupuesto%2F|\u00bb][\/vc_column][\/vc_row][vc_row][vc_column][vc_empty_space][vc_custom_heading text=\u00bbMufasa Safari Tours\u00bb font_container=\u00bbtag:h2|font_size:28|text_align:center|color:%23890000&#8243; use_theme_fonts=\u00bbyes\u00bb][\/vc_column][\/vc_row][vc_row][vc_column][vc_column_text]Bienvenido a Mufasa Safari Tours, donde nos especializamos en ofrecer las experiencias de safari m\u00e1s inolvidables en \u00c1frica Oriental. Nuestro objetivo es ayudarlo a descubrir la magia de \u00c1frica a trav\u00e9s de nuestros tours de safari a medida, tours culturales y paquetes tur\u00edsticos de lujo. <\/p>\n<p>Si est\u00e1 buscando una experiencia de vida silvestre como ninguna otra, nuestros tours de safari son perfectos para usted. Nuestros gu\u00edas experimentados lo llevar\u00e1n en un viaje a trav\u00e9s de las sabanas y selvas, donde ver\u00e1 criaturas magn\u00edficas como leones, elefantes y jirafas en su h\u00e1bitat natural. Nuestros veh\u00edculos 4&#215;4 con tracci\u00f3n en las ruedas est\u00e1n equipados con modernos binoculares, sistemas de carga y llamadas de radio para garantizar que tenga una experiencia de safari excepcional.  <\/p>\n<p>En <a href=\"https:\/\/mufasatoursandtravels.com\/destinations\/%20https:\/\/mufasatoursandtravels.com\/rwanda-safari\/%20https:\/\/mufasatoursandtravels.com\/uganda-safari\/%20https:\/\/mufasatoursandtravels.com\/kenya-tanzania-zanzibar-safaris\/%20https:\/\/mufasatoursandtravels.com\/kenya-flying-safaris-2\/%20https:\/\/mufasatoursandtravels.com\/destinations\/serengeti-national-park\/%20https:\/\/mufasatoursandtravels.com\/destinations\/masai-mara-national-reserve\/%20https:\/\/mufasatoursandtravels.com\/destinations\/arusha-national-park\/%20https:\/\/mufasatoursandtravels.com\/destinations\/amboseli-national-park\/%20https:\/\/mufasatoursandtravels.com\/mufasa-fleet\/%20https:\/\/mufasatoursandtravels.com\/destinations\/\">Mufasa Tours and Travels<\/a>, creemos en ofrecer itinerarios de safaris flexibles y personalizables para que puedas dise\u00f1ar tu aventura africana perfecta. Nuestros gu\u00edas experimentados y conocedores se encargar\u00e1n de todo, desde organizar el transporte y el alojamiento hasta proporcionar conocimientos internos y perspectivas sobre la cultura y la vida silvestre locales.[\/vc_column_text][\/vc_column][\/vc_row][vc_row full_width=\u00bbstretch_row_content\u00bb][vc_column width=\u00bb1\/3&#8243; css=\u00bb.vc_custom_1673420114805{border-top-width: 10px !important;border-right-width: 10px !important;border-bottom-width: 10px !important;border-left-width: 10px !important;}\u00bb][wdo_ult_banner ult_banner_image=\u00bb9029&#8243; ult_banner_link=\u00bbhttps:\/\/mufasatoursandtravels.com\/kenya-safari-by-road\/\u00bb]\n<p style=\"text-align: center;\"><span style=\"font-size: 24pt;\"><strong>SAFARIS POR CARRETERA EN KENIA<\/strong><\/span><\/p>\n<p style=\"text-align: center;\"><span style=\"font-size: 14pt;\">(SAFARIS PRIVADOS)<\/span><\/p>\n[\/wdo_ult_banner][\/vc_column][vc_column width=\u00bb1\/3&#8243; css=\u00bb.vc_custom_1673420131900{border-top-width: 10px !important;border-right-width: 10px !important;border-bottom-width: 10px !important;border-left-width: 10px !important;}\u00bb][wdo_ult_banner ult_banner_image=\u00bb9028&#8243; ult_banner_link=\u00bbhttps:\/\/mufasatoursandtravels.com\/kenya-flying-safaris-2\/\u00bb]\n<p style=\"text-align: center;\"><span style=\"font-size: 24pt;\"><strong>SAFARIS DE LUJO EN KENIA<\/strong><\/span><\/p>\n<p style=\"text-align: center;\"><span style=\"font-size: 14pt;\">(SAFARIS PRIVADOS)<\/span><\/p>\n[\/wdo_ult_banner][\/vc_column][vc_column width=\u00bb1\/3&#8243; css=\u00bb.vc_custom_1673420149251{border-top-width: 10px !important;border-right-width: 10px !important;border-bottom-width: 10px !important;border-left-width: 10px !important;}\u00bb][wdo_ult_banner ult_banner_image=\u00bb9030&#8243; ult_banner_link=\u00bbhttps:\/\/mufasatoursandtravels.com\/kenya-tanzania-zanzibar-safaris\/\u00bb]\n<p style=\"text-align: center;\"><span style=\"font-size: 24pt;\"><strong>KENIA &#8211; TANZANIA SAFARIS<\/strong><\/span><\/p>\n<p style=\"text-align: center;\"><span style=\"font-size: 14pt;\">(SAFARIS PRIVADOS)<\/span><\/p>\n[\/wdo_ult_banner][\/vc_column][\/vc_row][vc_row full_width=\u00bbstretch_row_content\u00bb css=\u00bb.vc_custom_1684255035024{padding-top: 10px !important;}\u00bb][vc_column width=\u00bb1\/3&#8243; css=\u00bb.vc_custom_1673420164085{border-top-width: 10px !important;border-right-width: 10px !important;border-bottom-width: 10px !important;border-left-width: 10px !important;}\u00bb][wdo_ult_banner ult_banner_image=\u00bb9027&#8243; ult_banner_link=\u00bbhttps:\/\/mufasatoursandtravels.com\/rwanda-safari\/\u00bb]\n<p style=\"text-align: center;\"><span style=\"font-size: 24pt;\"><strong>MUFASA EN RUANDA<\/strong><\/span><\/p>\n<p style=\"text-align: center;\"><span style=\"font-size: 14pt;\">(Safaris de Trekking de Gorilas)<\/span><\/p>\n[\/wdo_ult_banner][\/vc_column][vc_column width=\u00bb1\/3&#8243; css=\u00bb.vc_custom_1673420179350{border-top-width: 10px !important;border-right-width: 10px !important;border-bottom-width: 10px !important;border-left-width: 10px !important;}\u00bb][wdo_ult_banner ult_banner_image=\u00bb9043&#8243; ult_banner_link=\u00bbhttps:\/\/mufasatoursandtravels.com\/uganda-safari\/\u00bb]\n<p style=\"text-align: center;\"><span style=\"font-size: 24pt;\"><strong>MUFASA EN UGANDA<\/strong><\/span><\/p>\n<p style=\"text-align: center;\"><span style=\"font-size: 14pt;\">(Trekking de gorilas y safaris de chimpanc\u00e9s)<\/span><\/p>\n[\/wdo_ult_banner][\/vc_column][vc_column width=\u00bb1\/3&#8243; css=\u00bb.vc_custom_1673420196009{border-top-width: 10px !important;border-right-width: 10px !important;border-bottom-width: 10px !important;border-left-width: 10px !important;}\u00bb][wdo_ult_banner ult_banner_image=\u00bb15116&#8243; ult_banner_link=\u00bb#\u00bb demo=\u00bb\u00bb]\n<p style=\"text-align: center;\"><span style=\"font-size: 24pt; text-shadow: 1px 1px #333;\"><strong>SAFARIS FOTOGR\u00c1FICOS<\/strong><\/span><\/p>\n<p style=\"text-align: center;\"><span style=\"font-size: 12pt;\">( Pr\u00f3ximamente )<\/span><\/p>\n[\/wdo_ult_banner][\/vc_column][\/vc_row][vc_row][vc_column][vc_empty_space][vc_custom_heading text=\u00bbSafari en Kenia\u00bb font_container=\u00bbtag:h2|font_size:28|text_align:center|color:%23890000&#8243; use_theme_fonts=\u00bbyes\u00bb][vc_column_text]Kenia es uno de los destinos de <a href=\"https:\/\/mufasatoursandtravels.com\/es\/destinos\/\">safari<\/a> m\u00e1s populares del mundo, que ofrece una mezcla \u00fanica de vida silvestre, cultura y belleza natural. Los safaris de Mufasa en Kenia permiten explorar los numerosos parques nacionales y reservas de vida silvestre del pa\u00eds, hogar de los <a href=\"https:\/\/a-z-animals.com\/blog\/the-big-five\/\" target=\"_blank\" rel=\"dofollow noopener\">\u00abCinco Grandes\u00bb<\/a> (leones, leopardos, elefantes, rinocerontes y b\u00fafalos), as\u00ed como de muchas otras especies de animales y aves. Adem\u00e1s de los safaris, los safaris en Kenia pueden incluir visitas culturales a las aldeas locales, caminatas por el monte, paseos en globo aerost\u00e1tico e interacciones con los guerreros mas\u00e1i. Los tours de safari de lujo en Kenia ofrecen una comodidad y comodidades incomparables, mientras que los tours econ\u00f3micos brindan una forma m\u00e1s asequible de experimentar la magia de un safari africano. Un safari en Kenia es una aventura inolvidable que te dejar\u00e1 con un aprecio m\u00e1s profundo por el mundo natural y toda una vida de recuerdos.[\/vc_column_text][\/vc_column][\/vc_row][vc_row][vc_column][vc_empty_space][vc_custom_heading text=\u00bbMufasa Safari Tours &#8211; Tours Culturales en Kenia\u00bb font_container=\u00bbtag:h2|font_size:28|text_align:center|color:%23890000&#8243; use_theme_fonts=\u00bbyes\u00bb][\/vc_column][\/vc_row][vc_row content_placement=\u00bbmiddle\u00bb][vc_column width=\u00bb1\/2&#8243;][vc_column_text]<a href=\"https:\/\/mufasatoursandtravels.com\/kenya-flying-safaris-2\/kenya-flying-safaris-long-stay\/\" target=\"_blank\" rel=\"noopener\">Kenia<\/a> tiene diversas culturas, con m\u00e1s de 40 grupos \u00e9tnicos que viven dentro de sus fronteras. Nuestros tours culturales te permiten explorar las costumbres, tradiciones y vida cotidiana de estos grupos. Te llevaremos a pueblos tradicionales donde conocer\u00e1s a los lugare\u00f1os, aprender\u00e1s sobre su forma de vida y probar\u00e1s comidas tradicionales. Tambi\u00e9n tendr\u00e1s la oportunidad de participar en eventos culturales y ceremonias.   <\/p>\n<p>Si est\u00e1 buscando una experiencia de safari de lujo, tenemos una variedad de paquetes que se adaptan a sus necesidades. Nuestros lodges, campamentos y lujosos campamentos de tiendas de campa\u00f1a son cuidadosamente seleccionados para brindarle comodidad y estilo. Nos encargaremos de todos los detalles, desde los traslados y el alojamiento hasta las comidas y actividades, para que puedas relajarte y disfrutar de tu aventura de safari.[\/vc_column_text][\/vc_column][vc_column width=\u00bb1\/2&#8243;][vc_single_image image=\u00bb10571&#8243; img_size=\u00bbfull\u00bb][\/vc_column][\/vc_row][vc_row][vc_column][vc_empty_space][vc_custom_heading text=\u00bbSafari en \u00c1frica Oriental\u00bb font_container=\u00bbtag:h2|font_size:28|text_align:center|color:%23890000&#8243; use_theme_fonts=\u00bbyes\u00bb][vc_column_text]Nuestros tours de safari por \u00c1frica Oriental te llevan en un viaje a trav\u00e9s de algunos de los paisajes m\u00e1s impresionantes del continente. Explorar\u00e1s los impresionantes parques nacionales de <a href=\"https:\/\/mufasatoursandtravels.com\/kenya-flying-safaris-2\/kenya-flying-safaris-short-stay\/\">Kenia<\/a>, <a href=\"https:\/\/mufasatoursandtravels.com\/kenya-tanzania-zanzibar-safari\/\">Tanzania<\/a>, <a href=\"https:\/\/mufasatoursandtravels.com\/es\/uganda-safari\/\">Uganda<\/a>, Zanz\u00edbar y <a href=\"https:\/\/mufasatoursandtravels.com\/es\/safari-en-ruanda\/\">Ruanda<\/a>, donde ver\u00e1s abundante vida silvestre, incluidos los Cinco Grandes: leones, elefantes, b\u00fafalos, leopardos y rinocerontes. <\/p>\n<p>Adem\u00e1s de la vida silvestre, nuestros tours de safari por \u00c1frica Oriental tambi\u00e9n ofrecen la oportunidad de experimentar las ricas y diversas culturas de la regi\u00f3n. Tendr\u00e1s la oportunidad de visitar las aldeas locales, reunirte con las comunidades tradicionales y aprender sobre su forma de vida. Desde los masai de Kenia y Tanzania hasta los batwa de Uganda, conocer\u00e1s la historia, las tradiciones y las costumbres cotidianas de los pueblos que llaman hogar a \u00c1frica Oriental.  <\/p>\n<p>Mientras viajas a trav\u00e9s de estos impresionantes paisajes, ser\u00e1s testigo de algunas de las maravillas naturales m\u00e1s emblem\u00e1ticas del continente. Ver\u00e1s el majestuoso monte Kilimanjaro, el <a href=\"https:\/\/mufasatoursandtravels.com\/es\/ngorongoro-crater-7\/\">cr\u00e1ter del Ngorongoro<\/a>, las <a href=\"https:\/\/mufasatoursandtravels.com\/destinations\/serengeti-national-park\/\">llanuras del Serengeti<\/a> y la gran migraci\u00f3n de \u00f1us, uno de los espect\u00e1culos de vida silvestre m\u00e1s incre\u00edbles de la tierra. Tambi\u00e9n visitar\u00e1 hermosos lagos, colinas onduladas y vastas sabanas, hogar de varios animales, aves y plantas.  <\/p>\n<p>Nuestros tours de safari por \u00c1frica Oriental est\u00e1n dise\u00f1ados para brindar una experiencia inmersiva e inolvidable. Estar\u00e1 acompa\u00f1ado por gu\u00edas expertos y experimentados que compartir\u00e1n con usted su pasi\u00f3n por la vida silvestre, la naturaleza y la cultura. Te alojar\u00e1s en c\u00f3modas caba\u00f1as y campamentos y disfrutar\u00e1s de una deliciosa cocina y un servicio excepcional. Con Mufasa Travels, su safari por \u00c1frica Oriental ser\u00e1 la aventura de su vida.[\/vc_column_text][\/vc_column][\/vc_row][vc_row full_width=\u00bbstretch_row_content\u00bb][vc_column width=\u00bb1\/4&#8243;][vc_single_image image=\u00bb8375&#8243;][\/vc_column][vc_column width=\u00bb1\/4&#8243;][vc_single_image image=\u00bb10318&#8243;][\/vc_column][vc_column width=\u00bb1\/4&#8243;][vc_single_image image=\u00bb10201&#8243;][\/vc_column][vc_column width=\u00bb1\/4&#8243;][vc_single_image image=\u00bb10194&#8243;][\/vc_column][\/vc_row][vc_row][vc_column][vc_empty_space][vc_custom_heading text=\u00bbPaquetes tur\u00edsticos de Mufasa Safari\u00bb font_container=\u00bbtag:h2|font_size:28|text_align:center|color:%23890000&#8243; use_theme_fonts=\u00bbyes\u00bb][vc_column_text]Nuestros paquetes tur\u00edsticos de \u00c1frica Oriental est\u00e1n dise\u00f1ados para satisfacer diversos intereses y preferencias. Ya sea que sea un entusiasta de la vida silvestre, un amante de la cultura o un buscador de aventuras, tenemos un paquete tur\u00edstico que se adaptar\u00e1 a usted. Nuestros paquetes incluyen alojamiento, transporte, comidas y actividades y se pueden personalizar para satisfacer sus necesidades.[\/vc_column_text][\/vc_column][\/vc_row][vc_row][vc_column][vc_empty_space][vc_custom_heading text=\u00bbGiras en \u00c1frica\u00bb font_container=\u00bbtag:h2|font_size:28|text_align:center|color:%23890000&#8243; use_theme_fonts=\u00bbyes\u00bb][vc_column_text]Ofrecemos una amplia gama de tours por \u00c1frica, desde aventuras de trekking con gorilas en Uganda y Ruanda hasta expediciones de escalada de monta\u00f1a en Tanzania. Nuestros paquetes de vacaciones de playa en <a href=\"https:\/\/mufasatoursandtravels.com\/tanzania-and-zanzibar-safari\/tanzania-zanzibar-safari-package\/\">Zanz\u00edbar <\/a>y <a href=\"https:\/\/mufasatoursandtravels.com\/es\/destinos\/mombasa-malindi-y-diani-2\/\">Mombasa<\/a> son perfectos para aquellos que buscan un descanso relajante. <\/p>\n<p>Al explorar \u00c1frica Oriental, Mufasa Safari Tours lo tiene cubierto. Nuestros tours lo llevan en un viaje a trav\u00e9s de algunos de los paisajes m\u00e1s impresionantes del continente, desde los frondosos bosques de Uganda y Ruanda hasta las vastas sabanas de Tanzania y Kenia. Ya sea que est\u00e9 buscando una emocionante aventura de trekking con gorilas, una desafiante expedici\u00f3n de escalada de monta\u00f1a o unas relajantes vacaciones en la playa en Zanz\u00edbar o Mombasa, tenemos un paquete tur\u00edstico que se adapta a sus necesidades. Nuestros gu\u00edas experimentados son expertos en la historia, la cultura y la vida silvestre de la regi\u00f3n, lo que garantiza que aproveche al m\u00e1ximo su recorrido.   <\/p>\n<p>En Mufasa Safari Tours, estamos comprometidos a hacer que su aventura africana sea inolvidable. Estamos aqu\u00ed para ayudarlo a planificar el tour de safari perfecto con itinerarios flexibles, excelente servicio y gu\u00edas experimentados. P\u00f3ngase en contacto con nosotros hoy mismo para empezar a planificar su aventura africana.[\/vc_column_text][\/vc_column][\/vc_row][vc_row content_placement=\u00bbmiddle\u00bb][vc_column width=\u00bb1\/2&#8243;][vc_single_image image=\u00bb10194&#8243; img_size=\u00bbfull\u00bb][\/vc_column][vc_column width=\u00bb1\/2&#8243;][vc_empty_space][vc_column_text]<a href=\"https:\/\/mufasatoursandtravels.com\/es\/\">Mufasa<\/a> safari tours entiende que planificar un viaje de safari puede ser abrumador, especialmente en lo que respecta al presupuesto. Es por eso que nos esforzamos por ofrecer tarifas tur\u00edsticas asequibles sin comprometer la calidad de nuestros servicios. <\/p>\n<p>Nuestros precios son transparentes y siempre nos aseguramos de que nuestros clientes obtengan valor por su dinero. Trabajamos con diferentes presupuestos y podemos ayudarte a planificar un viaje de safari dentro de tus posibilidades. Nuestro equipo de expertos en viajes puede guiarte sobre el mejor momento para visitar y ofrecerte recomendaciones para reducir costes sin sacrificar la calidad de tu experiencia. Con Mufasa Safari Tours, puede estar seguro de que est\u00e1 obteniendo la mejor experiencia de safari a un precio asequible.[\/vc_column_text][\/vc_column][\/vc_row][vc_row][vc_column][wdo_ult_banner]\n<h2 style=\"text-align: center;\">Encabezado de banner<\/h2>\n<p>Redise\u00f1e de manera convincente estrategias de crecimiento a prueba de futuro, mientras que los infomediarios granulares. Procrastinar r\u00e1pidamente t\u00e9cnicamente s\u00f3lido. [\/wdo_ult_banner][\/vc_column][\/vc_row]\n","protected":false},"excerpt":{"rendered":"<p>[vc_row full_width=\u00bbstretch_row_content\u00bb css=\u00bb.vc_custom_1687869905456{margin-top: -50px !important;background: rgba(0,0,0,0.89) url(https:\/\/mufasatoursandtravels.com\/wp-content\/uploads\/2023\/02\/travel-and-tours.jpg?id=9064) !important;*background-color: rgb(0,0,0) !important;}\u00bb][vc_column css=\u00bb.vc_custom_1687869367906{padding-top: 30px !important;padding-right: 50px !important;padding-bottom: 30px !important;padding-left: 50px !important;background-color: rgba(0,0,0,0.57) !important;*background-color: rgb(0,0,0) !important;}\u00bb][vc_custom_heading text=\u00bbSafari en \u00c1frica Oriental\u00bb font_container=\u00bbtag:h1|font_size:28|text_align:center|color:%23ffffff\u00bb use_theme_fonts=\u00bbyes\u00bb el_class=\u00bbcustom-opacity-text\u00bb css=\u00bb.vc_custom_1687869412399{margin-top: 30px !important;}\u00bb][vc_empty_space][vc_btn title=\u00bbExplora con nosotros\u00bb style=\u00bboutline\u00bb shape=\u00bbround\u00bb align=\u00bbcenter\u00bb link=\u00bburl:https%3A%2F%2Fmufasatoursandtravels.com%2Fes%2Fsolicite-un-presupuesto%2F|\u00bb][\/vc_column][\/vc_row][vc_row][vc_column][vc_empty_space][vc_custom_heading text=\u00bbMufasa Safari Tours\u00bb font_container=\u00bbtag:h2|font_size:28|text_align:center|color:%23890000&#8243; use_theme_fonts=\u00bbyes\u00bb][\/vc_column][\/vc_row][vc_row][vc_column][vc_column_text]Bienvenido a Mufasa Safari Tours, donde nos especializamos en ofrecer las [&hellip;]<\/p>\n","protected":false},"author":7,"featured_media":0,"parent":0,"menu_order":12,"comment_status":"closed","ping_status":"closed","template":"","meta":{"_themeisle_gutenberg_block_has_review":false,"footnotes":""},"class_list":["post-28173","page","type-page","status-publish","hentry"],"_links":{"self":[{"href":"https:\/\/mufasatoursandtravels.com\/es\/wp-json\/wp\/v2\/pages\/28173","targetHints":{"allow":["GET"]}}],"collection":[{"href":"https:\/\/mufasatoursandtravels.com\/es\/wp-json\/wp\/v2\/pages"}],"about":[{"href":"https:\/\/mufasatoursandtravels.com\/es\/wp-json\/wp\/v2\/types\/page"}],"author":[{"embeddable":true,"href":"https:\/\/mufasatoursandtravels.com\/es\/wp-json\/wp\/v2\/users\/7"}],"replies":[{"embeddable":true,"href":"https:\/\/mufasatoursandtravels.com\/es\/wp-json\/wp\/v2\/comments?post=28173"}],"version-history":[{"count":13,"href":"https:\/\/mufasatoursandtravels.com\/es\/wp-json\/wp\/v2\/pages\/28173\/revisions"}],"predecessor-version":[{"id":46596,"href":"https:\/\/mufasatoursandtravels.com\/es\/wp-json\/wp\/v2\/pages\/28173\/revisions\/46596"}],"wp:attachment":[{"href":"https:\/\/mufasatoursandtravels.com\/es\/wp-json\/wp\/v2\/media?parent=28173"}],"curies":[{"name":"wp","href":"https:\/\/api.w.org\/{rel}","templated":true}]}}