{"id":28723,"date":"2025-02-28T10:29:42","date_gmt":"2025-02-28T07:29:42","guid":{"rendered":"https:\/\/mufasatoursandtravels.com\/safari-en-africa-oriental\/"},"modified":"2025-03-03T11:20:45","modified_gmt":"2025-03-03T08:20:45","slug":"safari-en-africa-oriental","status":"publish","type":"page","link":"https:\/\/mufasatoursandtravels.com\/es\/safari-en-africa-oriental\/","title":{"rendered":"Safari en Africa Oriental"},"content":{"rendered":"[vc_row full_width=\u00bbstretch_row_content\u00bb parallax=\u00bbcontent-moving\u00bb css=\u00bb.vc_custom_1740727887757{margin-top: -50px !important;background: rgba(0,0,0,0.89) url(https:\/\/mufasatoursandtravels.com\/wp-content\/uploads\/2025\/02\/East-africa-safari-banner-scaled.jpg?id=28697);*background-color:gb(0,0,0) !important;}\u00bb][vc_column css=\u00bb.vc_custom_1687869367906{padding-top: 30px !important;padding-right: 50px !important;padding-bottom: 30px !important;padding-left: 50px !important;background-color: rgba(0,0,0,0.57) !important;*background-color: rgb(0,0,0) !important;}\u00bb][vc_empty_space height=\u00bb70px\u00bb][vc_custom_heading text=\u00bbSafari en Africa Oriental\u00bb font_container=\u00bbtag:h1|font_size:35|text_align:center|color:%23ffffff\u00bb use_theme_fonts=\u00bbyes\u00bb el_class=\u00bbcustom-opacity-text\u00bb css=\u00bb.vc_custom_1740722970676{margin-top: 30px !important;}\u00bb][vc_separator el_width=\u00bb40&#8243;][vc_empty_space height=\u00bb70px\u00bb][\/vc_column][\/vc_row][vc_row][vc_column][vc_empty_space][vc_column_text]\n<p style=\"text-align: center;\">Una aventura inolvidable que te lleva a trav\u00e9s de algunos de los paisajes m\u00e1s impresionantes y los h\u00e1bitats de vida silvestre m\u00e1s diversos del mundo. Kenia, Tanzania, Uganda y Ruanda ofrecen una mezcla \u00fanica de culturas, historia y belleza natural, lo que los convierte en un destino ideal para los viajeros que buscan una aut\u00e9ntica experiencia africana. <\/p>\n[\/vc_column_text][\/vc_column][\/vc_row][vc_row][vc_column][vc_empty_space][\/vc_column][\/vc_row][vc_row][vc_column width=\u00bb1\/3&#8243;]<div class=\"cq-hovercard cq-rotateY card-image cq-hovercard-hideicon\" data-contentcolor=\"\" data-iconcolor=\"\" data-bgheight=\"240\" data-captionoffset=\"\" data-videowidth=\"640\" data-linktype=\"\" data-bgtype=\"image\" data-lightboxmargin=\"\"><img decoding=\"async\" src=\"https:\/\/mufasatoursandtravels.com\/wp-content\/uploads\/2022\/03\/wildebeest-migration-3995945_1920.jpg\" class=\"cq-hovercard-background\" alt=\"\" \/><div class=\"cq-hovercard-textcontainer\"><div class=\"cq-hovercard-title\">Kenia - Tanzania<\/div><div class=\"cq-hovercard-content\">6+ Days<\/div><i class=\"cq-hovercard-icon fas fa-paw\"><\/i><\/div><\/div>[\/vc_column][vc_column width=\u00bb1\/3&#8243;]<div class=\"cq-hovercard cq-rotateY card-image cq-hovercard-hideicon\" data-contentcolor=\"\" data-iconcolor=\"\" data-bgheight=\"240\" data-captionoffset=\"\" data-videowidth=\"640\" data-linktype=\"\" data-bgtype=\"image\" data-lightboxmargin=\"\"><img decoding=\"async\" src=\"https:\/\/mufasatoursandtravels.com\/wp-content\/uploads\/2023\/02\/gorilla-trekking-and-chimpanzee-safaris.jpg\" class=\"cq-hovercard-background\" alt=\"Gorilla Trekking and Chimpanzee Safaris\" \/><div class=\"cq-hovercard-textcontainer\"><div class=\"cq-hovercard-title\">Kenia - Uganda<\/div><div class=\"cq-hovercard-content\">6+ Days<\/div><i class=\"cq-hovercard-icon fas fa-paw\"><\/i><\/div><\/div>[\/vc_column][vc_column width=\u00bb1\/3&#8243;]<div class=\"cq-hovercard cq-rotateY card-image cq-hovercard-hideicon\" data-contentcolor=\"\" data-iconcolor=\"\" data-bgheight=\"240\" data-captionoffset=\"\" data-videowidth=\"640\" data-linktype=\"\" data-bgtype=\"image\" data-lightboxmargin=\"\"><img decoding=\"async\" src=\"https:\/\/mufasatoursandtravels.com\/wp-content\/uploads\/2023\/06\/herd_of_elephants-scaled.jpg\" class=\"cq-hovercard-background\" alt=\"\" \/><div class=\"cq-hovercard-textcontainer\"><div class=\"cq-hovercard-title\">Kenia - Tanzania - Uganda<\/div><div class=\"cq-hovercard-content\">6+ Days<\/div><i class=\"cq-hovercard-icon fas fa-paw\"><\/i><\/div><\/div>[\/vc_column][\/vc_row][vc_row][vc_column][vc_empty_space][\/vc_column][\/vc_row][vc_row][vc_column width=\u00bb1\/3&#8243;]<div class=\"cq-hovercard cq-rotateY card-image cq-hovercard-hideicon\" data-contentcolor=\"\" data-iconcolor=\"\" data-bgheight=\"240\" data-captionoffset=\"\" data-videowidth=\"640\" data-linktype=\"\" data-bgtype=\"image\" data-lightboxmargin=\"\"><img decoding=\"async\" src=\"https:\/\/mufasatoursandtravels.com\/wp-content\/uploads\/2022\/02\/Etopi-rwanda.jpg\" class=\"cq-hovercard-background\" alt=\"\" \/><div class=\"cq-hovercard-textcontainer\"><div class=\"cq-hovercard-title\">Kenia - Tanzania - Ruanda<\/div><div class=\"cq-hovercard-content\">6+ Days<\/div><i class=\"cq-hovercard-icon fas fa-paw\"><\/i><\/div><\/div>[\/vc_column][vc_column width=\u00bb1\/3&#8243;]<div class=\"cq-hovercard cq-rotateY card-image cq-hovercard-hideicon\" data-contentcolor=\"\" data-iconcolor=\"\" data-bgheight=\"240\" data-captionoffset=\"\" data-videowidth=\"640\" data-linktype=\"\" data-bgtype=\"image\" data-lightboxmargin=\"\"><img decoding=\"async\" src=\"https:\/\/mufasatoursandtravels.com\/wp-content\/uploads\/2025\/02\/giraffe-1-scaled.jpg\" class=\"cq-hovercard-background\" alt=\"\" \/><div class=\"cq-hovercard-textcontainer\"><div class=\"cq-hovercard-title\">Kenia - Tanzania - Uganda - Ruanda<\/div><div class=\"cq-hovercard-content\">6+ Days<\/div><i class=\"cq-hovercard-icon fas fa-paw\"><\/i><\/div><\/div>[\/vc_column][vc_column width=\u00bb1\/3&#8243;][\/vc_column][\/vc_row]\n","protected":false},"excerpt":{"rendered":"<p>[vc_row full_width=\u00bbstretch_row_content\u00bb parallax=\u00bbcontent-moving\u00bb css=\u00bb.vc_custom_1740727887757{margin-top: -50px !important;background: rgba(0,0,0,0.89) url(https:\/\/mufasatoursandtravels.com\/wp-content\/uploads\/2025\/02\/East-africa-safari-banner-scaled.jpg?id=28697);*background-color:gb(0,0,0) !important;}\u00bb][vc_column css=\u00bb.vc_custom_1687869367906{padding-top: 30px !important;padding-right: 50px !important;padding-bottom: 30px !important;padding-left: 50px !important;background-color: rgba(0,0,0,0.57) !important;*background-color: rgb(0,0,0) !important;}\u00bb][vc_empty_space height=\u00bb70px\u00bb][vc_custom_heading text=\u00bbSafari en Africa Oriental\u00bb font_container=\u00bbtag:h1|font_size:35|text_align:center|color:%23ffffff\u00bb use_theme_fonts=\u00bbyes\u00bb el_class=\u00bbcustom-opacity-text\u00bb css=\u00bb.vc_custom_1740722970676{margin-top: 30px !important;}\u00bb][vc_separator el_width=\u00bb40&#8243;][vc_empty_space height=\u00bb70px\u00bb][\/vc_column][\/vc_row][vc_row][vc_column][vc_empty_space][vc_column_text] Una aventura inolvidable que te lleva a trav\u00e9s de algunos de los paisajes m\u00e1s impresionantes y los h\u00e1bitats de vida [&hellip;]<\/p>\n","protected":false},"author":2,"featured_media":0,"parent":0,"menu_order":31,"comment_status":"closed","ping_status":"closed","template":"","meta":{"_themeisle_gutenberg_block_has_review":false,"footnotes":""},"class_list":["post-28723","page","type-page","status-publish","hentry"],"_links":{"self":[{"href":"https:\/\/mufasatoursandtravels.com\/es\/wp-json\/wp\/v2\/pages\/28723","targetHints":{"allow":["GET"]}}],"collection":[{"href":"https:\/\/mufasatoursandtravels.com\/es\/wp-json\/wp\/v2\/pages"}],"about":[{"href":"https:\/\/mufasatoursandtravels.com\/es\/wp-json\/wp\/v2\/types\/page"}],"author":[{"embeddable":true,"href":"https:\/\/mufasatoursandtravels.com\/es\/wp-json\/wp\/v2\/users\/2"}],"replies":[{"embeddable":true,"href":"https:\/\/mufasatoursandtravels.com\/es\/wp-json\/wp\/v2\/comments?post=28723"}],"version-history":[{"count":1,"href":"https:\/\/mufasatoursandtravels.com\/es\/wp-json\/wp\/v2\/pages\/28723\/revisions"}],"predecessor-version":[{"id":28724,"href":"https:\/\/mufasatoursandtravels.com\/es\/wp-json\/wp\/v2\/pages\/28723\/revisions\/28724"}],"wp:attachment":[{"href":"https:\/\/mufasatoursandtravels.com\/es\/wp-json\/wp\/v2\/media?parent=28723"}],"curies":[{"name":"wp","href":"https:\/\/api.w.org\/{rel}","templated":true}]}}