{"id":30487,"date":"2021-06-01T12:13:21","date_gmt":"2021-06-01T09:13:21","guid":{"rendered":"https:\/\/mufasatoursandtravels.com\/politica-de-privacidad\/"},"modified":"2021-06-01T12:13:21","modified_gmt":"2021-06-01T09:13:21","slug":"politica-de-privacidad","status":"publish","type":"page","link":"https:\/\/mufasatoursandtravels.com\/es\/politica-de-privacidad\/","title":{"rendered":"Pol\u00edtica de privacidad"},"content":{"rendered":"<h2 style=\"text-align: center;\"><strong>Pol\u00edtica de privacidad<\/strong><\/h2>\n<h3><strong>Anal\u00edtica<\/strong><\/h3>\n<p>Este sitio web recopila datos personales para impulsar el an\u00e1lisis de nuestro sitio, que incluyen:<\/p>\n<ul>\n<li>Informaci\u00f3n sobre su navegador, red y dispositivo<\/li>\n<li>P\u00e1ginas web que visit\u00f3 antes de llegar a este sitio web<\/li>\n<li>Su direcci\u00f3n IP<\/li>\n<\/ul>\n<p>Esta informaci\u00f3n tambi\u00e9n puede incluir detalles sobre su uso de este sitio web, que incluyen:<\/p>\n<ul>\n<li>Clics<\/li>\n<li>Enlaces internos<\/li>\n<li>P\u00e1ginas visitadas<\/li>\n<li>Desplazamiento<\/li>\n<li>B\u00fasquedas<\/li>\n<li>Marcas de tiempo<\/li>\n<\/ul>\n<p><em>Compartimos esta informaci\u00f3n con nuestro proveedor de an\u00e1lisis de sitios web para conocer el tr\u00e1fico y la actividad del sitio.<\/em><\/p>\n<h3><strong>Galletas  <\/strong><\/h3>\n<p>Este sitio web utiliza cookies y tecnolog\u00edas similares, que son peque\u00f1os archivos o fragmentos de texto que se descargan en un dispositivo cuando un visitante accede a un sitio web o aplicaci\u00f3n.<\/p>\n<ul>\n<li>Siempre se utilizan estas cookies funcionales y necesarias, que permiten a nuestra plataforma de alojamiento servirle este sitio web de forma segura.<\/li>\n<li>Estas cookies anal\u00edticas y de rendimiento se utilizan en este sitio web, como se describe a continuaci\u00f3n, solo cuando reconoce nuestro banner de cookies. Este sitio web utiliza cookies anal\u00edticas y de rendimiento para ver el tr\u00e1fico del sitio, la actividad y otros datos. <\/li>\n<\/ul>\n<h3><strong>Datos de los visitantes<\/strong><\/h3>\n<p>Para los clientes<\/p>\n<p>Cuando compra algo en este sitio web, recopilamos su informaci\u00f3n personal para cumplir con el pedido. Es posible que recopilemos informaci\u00f3n como la suya: <\/p>\n<ul>\n<li>Direcci\u00f3n de facturaci\u00f3n y env\u00edo<\/li>\n<li>Detalles relacionados con su compra (por ejemplo, su talla de camisa)<\/li>\n<li>Direcci\u00f3n de correo electr\u00f3nico<\/li>\n<li>Nombre<\/li>\n<li>N\u00famero de tel\u00e9fono<\/li>\n<\/ul>\n<p>Compartimos esta informaci\u00f3n con nuestro proveedor de alojamiento de tiendas en l\u00ednea, para que puedan proporcionarnos servicios de sitio web.<\/p>\n<p>A medida que avanzas en el proceso de pago, este sitio puede completar autom\u00e1ticamente tu direcci\u00f3n de env\u00edo y facturaci\u00f3n compartiendo lo que escribes con la API de Google Places y devolvi\u00e9ndote sugerencias para mejorar tu experiencia de pago.<\/p>\n<h4><strong>Para env\u00edos de bloques de formularios<\/strong><\/h4>\n<p>Cuando env\u00eda informaci\u00f3n a este sitio web a trav\u00e9s de un formulario web, recopilamos los datos solicitados en el formulario web para rastrear y responder a sus env\u00edos. Compartimos esta informaci\u00f3n con nuestro proveedor de alojamiento de tiendas en l\u00ednea, para que puedan proporcionarnos servicios de sitio web. <\/p>\n<h4><strong>Para suscriptores del \u00e1rea de miembros<\/strong><\/h4>\n<p>Cuando se suscribe y compra una membres\u00eda en este sitio web, recopilamos informaci\u00f3n personal suya para permitir el acceso a sus \u00e1reas de miembro. Es posible que recopilemos informaci\u00f3n como la suya: <\/p>\n<ul>\n<li>Direcci\u00f3n de facturaci\u00f3n y env\u00edo<\/li>\n<li>Detalles relacionados con su suscripci\u00f3n<\/li>\n<li>Direcci\u00f3n de correo electr\u00f3nico<\/li>\n<li>Nombre<\/li>\n<li>N\u00famero de tel\u00e9fono<\/li>\n<\/ul>\n<p>Compartimos esta informaci\u00f3n con nuestro proveedor de alojamiento de sitios web para que puedan proporcionarnos servicios exclusivos de alojamiento de \u00e1rea de miembros.<\/p>\n<p>A medida que avanzas en el proceso de pago, este sitio puede completar autom\u00e1ticamente tu direcci\u00f3n de env\u00edo y facturaci\u00f3n compartiendo lo que escribes con la API de Google Places y devolvi\u00e9ndote sugerencias para mejorar tu experiencia de pago.<\/p>\n<h3><strong>Para los visitantes del sitio web<\/strong><\/h3>\n<p>Este sitio web recopila datos personales cuando usted visita este sitio web, incluidos:<\/p>\n<ul>\n<li>Informaci\u00f3n sobre su navegador, red y dispositivo<\/li>\n<li>P\u00e1ginas web que visit\u00f3 antes de llegar a este sitio web<\/li>\n<li>P\u00e1ginas web que ve mientras est\u00e1 en este sitio web<\/li>\n<li>Su direcci\u00f3n IP<\/li>\n<\/ul>\n<p>WordPress necesita los datos para ejecutar este sitio web y para proteger y mejorar su plataforma y servicios. WordPress analiza los datos de forma despersonalizada. <\/p>\n<h3><strong>Cuentas de clientes<\/strong><\/h3>\n<p>Si crea una cuenta de cliente en este sitio web, recopilamos informaci\u00f3n personal para mejorar nuestra experiencia de pago y servicio al cliente.<\/p>\n<p>Esta informaci\u00f3n puede incluir su:<\/p>\n<ul>\n<li>Direcci\u00f3n(es) de facturaci\u00f3n y env\u00edo<\/li>\n<li>Detalles sobre sus pedidos (por ejemplo, su talla de camisa)<\/li>\n<li>Direcci\u00f3n de correo electr\u00f3nico<\/li>\n<li>Nombre<\/li>\n<li>N\u00famero de tel\u00e9fono<\/li>\n<\/ul>\n<p>Compartimos esta informaci\u00f3n con nuestro proveedor de alojamiento de sitios web, para que puedan proporcionarnos servicios de sitios web.<\/p>\n<h3><strong>Correos electr\u00f3nicos<\/strong><\/h3>\n<h4><strong>Correos electr\u00f3nicos de carritos abandonados<\/strong><\/h4>\n<p>Recibir\u00e1 un correo electr\u00f3nico autom\u00e1tico dentro de las 24 horas posteriores a abandonar su carrito de compras, si ocurre todo lo siguiente:<\/p>\n<ol>\n<li>Ingresa su direcci\u00f3n de correo electr\u00f3nico al finalizar la compra o inicia sesi\u00f3n en su cuenta de cliente.<\/li>\n<li>A\u00f1ades un producto que est\u00e1 en stock a tu cesta de la compra.<\/li>\n<li>Usted cierra su navegador o abandona este sitio web sin completar su compra.<\/li>\n<\/ol>\n<p>Puede darse de baja de estos mensajes en la parte inferior del correo electr\u00f3nico.<\/p>\n<p>El correo electr\u00f3nico se vincular\u00e1 a este sitio web, donde puede continuar donde lo dej\u00f3 y completar su compra.<\/p>\n<h4><strong>Correos electr\u00f3nicos de marketing<\/strong><\/h4>\n<p>Es posible que le enviemos correos electr\u00f3nicos de marketing, de los que puede darse de baja haciendo clic en el enlace que se encuentra en la parte inferior del correo electr\u00f3nico. Compartimos su informaci\u00f3n de contacto con nuestro proveedor de marketing por correo electr\u00f3nico, para que puedan enviar estos correos electr\u00f3nicos en nuestro nombre. <\/p>\n<h3><strong>Fuentes<\/strong><\/h3>\n<p>Este sitio web utiliza archivos de fuentes de Google Fonts y Adobe Fonts. Para mostrarle correctamente este sitio, los servidores donde se almacenan los archivos de fuentes pueden recibir informaci\u00f3n personal sobre usted, que incluye: <\/p>\n<ul>\n<li>Informaci\u00f3n sobre su navegador, red o dispositivo<\/li>\n<li>Su direcci\u00f3n IP<\/li>\n<\/ul>\n<h3><strong>Planificaci\u00f3n<\/strong><\/h3>\n<p>Cuando programa una cita reservando en este sitio web, recopilamos informaci\u00f3n personal de usted para completar la reserva. Es posible que recopilemos informaci\u00f3n como la suya: <\/p>\n<ul>\n<li>Nombre<\/li>\n<li>Direcci\u00f3n de correo electr\u00f3nico<\/li>\n<li>N\u00famero de tel\u00e9fono<\/li>\n<li>Detalles relacionados con su cita (por ejemplo, qui\u00e9n lo refiri\u00f3)<\/li>\n<li>Archivos que has subido<\/li>\n<\/ul>\n<p>Compartimos esta informaci\u00f3n con nuestro proveedor de servicios de programaci\u00f3n, para que puedan proporcionarnos servicios de reserva en l\u00ednea.<\/p>\n<p>&nbsp;<\/p>\n","protected":false},"excerpt":{"rendered":"<p>Pol\u00edtica de privacidad Anal\u00edtica Este sitio web recopila datos personales para impulsar el an\u00e1lisis de nuestro sitio, que incluyen: Informaci\u00f3n sobre su navegador, red y dispositivo P\u00e1ginas web que visit\u00f3 antes de llegar a este sitio web Su direcci\u00f3n IP Esta informaci\u00f3n tambi\u00e9n puede incluir detalles sobre su uso de este sitio web, que incluyen: [&hellip;]<\/p>\n","protected":false},"author":1,"featured_media":0,"parent":0,"menu_order":49,"comment_status":"closed","ping_status":"closed","template":"","meta":{"_themeisle_gutenberg_block_has_review":false,"footnotes":""},"class_list":["post-30487","page","type-page","status-publish","hentry"],"_links":{"self":[{"href":"https:\/\/mufasatoursandtravels.com\/es\/wp-json\/wp\/v2\/pages\/30487","targetHints":{"allow":["GET"]}}],"collection":[{"href":"https:\/\/mufasatoursandtravels.com\/es\/wp-json\/wp\/v2\/pages"}],"about":[{"href":"https:\/\/mufasatoursandtravels.com\/es\/wp-json\/wp\/v2\/types\/page"}],"author":[{"embeddable":true,"href":"https:\/\/mufasatoursandtravels.com\/es\/wp-json\/wp\/v2\/users\/1"}],"replies":[{"embeddable":true,"href":"https:\/\/mufasatoursandtravels.com\/es\/wp-json\/wp\/v2\/comments?post=30487"}],"version-history":[{"count":0,"href":"https:\/\/mufasatoursandtravels.com\/es\/wp-json\/wp\/v2\/pages\/30487\/revisions"}],"wp:attachment":[{"href":"https:\/\/mufasatoursandtravels.com\/es\/wp-json\/wp\/v2\/media?parent=30487"}],"curies":[{"name":"wp","href":"https:\/\/api.w.org\/{rel}","templated":true}]}}