{"id":30691,"date":"2022-02-25T09:15:19","date_gmt":"2022-02-25T06:15:19","guid":{"rendered":"https:\/\/mufasatoursandtravels.com\/safari-magico-en-kenia\/"},"modified":"2025-04-08T12:15:46","modified_gmt":"2025-04-08T09:15:46","slug":"safari-magico-en-kenia","status":"publish","type":"page","link":"https:\/\/mufasatoursandtravels.com\/es\/safaris-voladores-en-kenia\/kenia-flying-safaris-corta-estancia\/safari-magico-en-kenia\/","title":{"rendered":"Safari m\u00e1gico en Kenia"},"content":{"rendered":"[vc_row][vc_column parallax=\u00bbcontent-moving\u00bb parallax_image=\u00bb6756&#8243; css=\u00bb.vc_custom_1690362073772{padding-top: 80px !important;padding-right: 80px !important;padding-bottom: 80px !important;padding-left: 80px !important;}\u00bb][vc_custom_heading text=\u00bbKENIA M\u00c1GICA\u00bb font_container=\u00bbtag:h2|font_size:32|text_align:center|color:%23ffffff\u00bb google_fonts=\u00bbfont_family:Roboto%3A100%2C100italic%2C300%2C300italic%2Cregular%2Citalic%2C500%2C500italic%2C700%2C700italic%2C900%2C900italic|font_style:500%20bold%20regular%3A500%3Anormal\u00bb][vc_custom_heading text=\u00bbVuela en\u00bb font_container=\u00bbtag:h2|font_size:20|text_align:center|color:%23ffffff\u00bb google_fonts=\u00bbfont_family:Roboto%3A100%2C100italic%2C300%2C300italic%2Cregular%2Citalic%2C500%2C500italic%2C700%2C700italic%2C900%2C900italic|font_style:400%20regular%3A400%3Anormal\u00bb][vc_separator color=\u00bbcustom\u00bb el_width=\u00bb80&#8243; accent_color=\u00bb#f8f8f8&#8243;][vc_custom_heading text=\u00bbSamburu \u21fe Masai Mara\u00bb font_container=\u00bbtag:h2|font_size:22|text_align:center|color:%23ffffff\u00bb google_fonts=\u00bbfont_family:Roboto%3A100%2C100italic%2C300%2C300italic%2Cregular%2Citalic%2C500%2C500italic%2C700%2C700italic%2C900%2C900italic|font_style:400%20regular%3A400%3Anormal\u00bb][vc_empty_space height=\u00bb16px\u00bb][\/vc_column][\/vc_row][vc_row full_width=\u00bbstretch_row\u00bb][vc_column][vc_empty_space][vc_tta_tabs shape=\u00bbsquare\u00bb color=\u00bbjuicy-pink\u00bb alignment=\u00bbcenter\u00bb active_section=\u00bb1&#8243;][vc_tta_section title=\u00bbPrograma\u00bb tab_id=\u00bb1646386995970-9a60a1ce-350a\u00bb][info_list_father listclr=\u00bb#f8f8f8&#8243;][info_list_son style=\u00bbicon\u00bb size=\u00bb15&#8243; width=\u00bb20&#8243; height=\u00bb20&#8243; titleclr=\u00bb#890000&#8243; icon=\u00bbfas fa-paw\u00bb iconclr=\u00bb#890000&#8243; title=\u00bbD\u00cdA 1: VUELO DE NAIROBI A SAMBURU\u00bb caption_url=\u00bb\u00bb]\n<ul>\n<li>Recogida de su hotel en Nairobi a las 8.00 am y traslado al aeropuerto Wilson.<\/li>\n<li>Check-in y espera para abordar el vuelo Samburu que sale a las 10.00 am llegando a Samburu a las 11.00 am.<\/li>\n<li>A su llegada, ser\u00e1 recibido por nuestro gu\u00eda conductor y ser\u00e1 trasladado a su respectivo campamento.<\/li>\n<li>Salga a dar un paseo por la tarde en la reserva, que es rica en vida silvestre con fama por la abundancia de especies raras especialistas del norte, como la cebra Grevy, el avestruz somal\u00ed, la jirafa reticulada, el gerenuk y el orix Beisa (tambi\u00e9n conocido como Samburu Special) hasta el atardecer. La reserva tambi\u00e9n es popular con un m\u00ednimo de 900 elefantes. <\/li>\n<li>Regreso al albergue o campamento para cenar y pasar la noche.<\/li>\n<\/ul>\n[\/info_list_son][info_list_son style=\u00bbicon\u00bb size=\u00bb15&#8243; width=\u00bb20&#8243; height=\u00bb20&#8243; titleclr=\u00bb#890000&#8243; icon=\u00bbfas fa-paw\u00bb iconclr=\u00bb#890000&#8243; title=\u00bbD\u00cdA 2: RESERVA NACIONAL SAMBURU\u00bb caption_url=\u00bb\u00bb]\n<ul>\n<li>Desayuno temprano en el campamento o albergue<\/li>\n<li>Despu\u00e9s del desayuno, proceda a un safari matutino en la <a href=\"https:\/\/www.samburu.net\/\" rel=\"nofollow noopener\" target=\"_blank\">Reserva Nacional Samburu<\/a> para safaris al amanecer hasta el mediod\u00eda.<\/li>\n<li>Regreso al albergue para un almuerzo caliente.<\/li>\n<li>Rel\u00e1jese y disfrute de las comodidades del hotel, como la nataci\u00f3n, etc.<\/li>\n<li>A partir de entonces, dir\u00edjase a un safari nocturno hasta la puesta de sol africana.<\/li>\n<li>Regreso al campamento o albergue para cenar y pasar la noche.<\/li>\n<\/ul>\n[\/info_list_son][info_list_son style=\u00bbicon\u00bb size=\u00bb15&#8243; width=\u00bb20&#8243; height=\u00bb20&#8243; titleclr=\u00bb#890000&#8243; icon=\u00bbfas fa-paw\u00bb iconclr=\u00bb#890000&#8243; title=\u00bbD\u00cdA 3: RESERVA SAMBURU VUELO A MASAI MARA\u00bb caption_url=\u00bb\u00bb]\n<ul>\n<li data-shorten=\"300\">Desayuno temprano en el albergue o campamento.<\/li>\n<li data-shorten=\"300\">Eche un vistazo y conduzca hasta la pista de aterrizaje con safaris en ruta para tomar el vuelo de regreso a Nairobi a las 11.00 a.m. y llegar a Nairobi a las 12.00 del mediod\u00eda.<\/li>\n<li data-shorten=\"300\">A su llegada al aeropuerto de Wilson, embarque en el pr\u00f3ximo vuelo a las 14:00 horas con destino a Masai Mara.<\/li>\n<li>A su llegada a Masai Mara, ser\u00e1 recibido por nuestro gu\u00eda conductor en la pista de aterrizaje y trasladado a su respectivo campamento o albergue con safaris en ruta dentro de la Reserva Nacional de Masai Mara.<\/li>\n<li>Llegada para el almuerzo tard\u00edo y el registro en el campamento o albergue y la relajaci\u00f3n.<\/li>\n<li>A partir de entonces, por la noche, salga a un safari nocturno dentro de la Reserva Nacional de Masai Mara hasta la puesta de sol africana.<\/li>\n<li>Regreso al albergue para cenar y pasar la noche.<\/li>\n<\/ul>\n[\/info_list_son][info_list_son style=\u00bbicon\u00bb size=\u00bb15&#8243; width=\u00bb20&#8243; height=\u00bb20&#8243; titleclr=\u00bb#890000&#8243; icon=\u00bbfas fa-paw\u00bb iconclr=\u00bb#890000&#8243; title=\u00bbD\u00cdA 4: SAFARIS MASAI MARA\u00bb caption_url=\u00bb\u00bb]\n<ul>\n<li data-shorten=\"300\">Desayuno temprano en el campamento o albergue.<\/li>\n<li data-shorten=\"300\">Despu\u00e9s del desayuno, los hu\u00e9spedes temprano en la ma\u00f1ana partir\u00e1n para un d\u00eda completo en la <a href=\"https:\/\/www.safaribookings.com\/masai-mara\" rel=\"nofollow noopener\" target=\"_blank\">Reserva Nacional de Masai Mara<\/a> en busca <a href=\"https:\/\/www.nationalgeographic.com\/animals\/article\/africa-big-five-safaris-lions\" rel=\"nofollow noopener\" target=\"_blank\">de los cinco grandes de \u00c1frica<\/a> bajo el techo abierto de un veh\u00edculo tur\u00edstico con almuerzo para llevar que se servir\u00e1 como almuerzo de picnic en la sabana salvaje. Los <a href=\"https:\/\/www.nationalgeographic.com\/animals\/article\/africa-big-five-safaris-lions\" rel=\"nofollow noopener\" target=\"_blank\">Cinco Grandes de \u00c1frica<\/a> son el elefante africano, el le\u00f3n, el rinoceronte, el b\u00fafalo y el leopardo y una variedad de especies de aves de m\u00e1s de 200 especies y herb\u00edvoros como cebras, \u00f1us en grandes cantidades en ruta hacia el <a href=\"https:\/\/en.wikipedia.org\/wiki\/Mara_River\" rel=\"nofollow noopener\" target=\"_blank\">Gran R\u00edo Mara<\/a> , donde la octava maravilla del mundo ocurre cada a\u00f1o de julio a agosto llamada <a href=\"https:\/\/www.masaimara.com\/great-migration-kenya.php#:~:text=Each%20year%2C%20over%20two%20million,an%20iconic%20safari%20must%2Dsee.\" rel=\"nofollow noopener\" target=\"_blank\">La Gran Migraci\u00f3n de \u00f1us<\/a>. Ver\u00e1 esta incre\u00edble vida silvestre durante el d\u00eda completo de safari desde el techo abierto del veh\u00edculo para disfrutar de excelentes vistas y fotograf\u00edas hasta \u00faltima hora de la tarde.  <\/li>\n<li data-shorten=\"300\">Regreso al albergue para cenar y pasar la noche en el campamento o albergue.<\/li>\n<\/ul>\n[\/info_list_son][info_list_son style=\u00bbicon\u00bb size=\u00bb15&#8243; width=\u00bb20&#8243; height=\u00bb20&#8243; titleclr=\u00bb#890000&#8243; icon=\u00bbfas fa-paw\u00bb iconclr=\u00bb#890000&#8243; title=\u00bbD\u00cdA 5: MASAI MARA VUELA A NAIROBI\u00bb caption_url=\u00bb\u00bb]\n<ul>\n<li>Desayuno temprano en el campamento o albergue.<\/li>\n<li>Disfrute de un safari al amanecer en la <a href=\"https:\/\/www.safaribookings.com\/masai-mara\" rel=\"nofollow noopener\" target=\"_blank\">Reserva Nacional Masai Mara<\/a> , donde tendr\u00e1 la oportunidad de disfrutar de las vistas de la vida silvestre desde el techo abierto del veh\u00edculo con un fondo de fotograf\u00eda al amanecer.<\/li>\n<li data-shorten=\"300\">A partir de entonces, si los hu\u00e9spedes lo desean, pueden visitar la aldea cultural Masai opcional @ $ 20 por persona mientras conducen de regreso a Nairobi.<\/li>\n<li data-shorten=\"300\">Conduzca hasta la pista de aterrizaje y tome el vuelo a las 14:00 para volar de regreso al aeropuerto de Wilson.<\/li>\n<li data-shorten=\"300\">A su llegada, el representante de nuestra empresa se reunir\u00e1 con usted y lo trasladar\u00e1 a su respectivo hotel en Nairobi.<\/li>\n<\/ul>\n[\/info_list_son][\/info_list_father][\/vc_tta_section][vc_tta_section title=\u00bbInclusivo\/Exclusivo\u00bb tab_id=\u00bb1646386996498-a7d53226-c598&#8243;][vc_row_inner][vc_column_inner width=\u00bb1\/2&#8243;][info_list_father][info_list_son style=\u00bbicon\u00bb size=\u00bb15&#8243; width=\u00bb10&#8243; height=\u00bb10&#8243; titleclr=\u00bb#890000&#8243; icon=\u00bbfas fa-paw\u00bb iconclr=\u00bb#890000&#8243; title=\u00bbINCLUIDO\u00bb caption_url=\u00bb\u00bb borderclr=\u00bb#890000&#8243; iconbg=\u00bb#f8f8f8&#8243;]\n<ul class=\"list list--icon\">\n<li>Tarifas del parque para el parque declaradas.<\/li>\n<li>Transporte en un Landcruiser de techo abierto.<\/li>\n<li>Servicio de un conductor-gu\u00eda profesional.<\/li>\n<li>Comidas en pensi\u00f3n completa en el albergue \/ campamento.<\/li>\n<li>4 noches de alojamiento en el respectivo hotel indicado.<\/li>\n<li>Agua ilimitada en el veh\u00edculo.<\/li>\n<li>Vuelos dom\u00e9sticos a Samburu y Masai mara.<\/li>\n<li>Traslados.<\/li>\n<\/ul>\n<p>&nbsp;[\/info_list_son][\/info_list_father][\/vc_column_inner][vc_column_inner width=\u00bb1\/2&#8243;][info_list_father][info_list_son style=\u00bbicon\u00bb size=\u00bb15&#8243; width=\u00bb10&#8243; height=\u00bb10&#8243; titleclr=\u00bb#890000&#8243; icon=\u00bbfas fa-paw\u00bb iconclr=\u00bb#890000&#8243; title=\u00bbEXCLUIDOS\u00bb iconbg=\u00bb#f8f8f8&#8243; caption_url=\u00bb\u00bb borderclr=\u00bb#890000&#8243;]\n<ul class=\"list list--icon\">\n<li>Visita cultural a la aldea Masai.<\/li>\n<li>Propinas para gu\u00eda del conductor (<strong>Muy recomendable<\/strong>).<\/li>\n<li>Art\u00edculos personales <span class=\"txt--xsmall txt--xgrey\">(Souvenirs, seguro de viaje, tasas de visado, etc.)<\/span><\/li>\n<li>Alojamiento adicional antes y al final del tour.<\/li>\n<li>El gobierno impuso un aumento en los impuestos y\/o tarifas del parque.<\/li>\n<li>Paseos en globo aerost\u00e1tico @ $ 505 por adulto \/ $ 380 por ni\u00f1o (<strong>menores de 12 a\u00f1os<\/strong>).<\/li>\n<li>La franquicia de equipaje est\u00e1 ESTRICTAMENTE limitada a 15 kg por persona.<\/li>\n<li>Los beb\u00e9s que no paguen por un asiento no tienen derecho a la franquicia de equipaje.<\/li>\n<\/ul>\n<p>&nbsp;[\/info_list_son][\/info_list_father][\/vc_column_inner][\/vc_row_inner][\/vc_tta_section][vc_tta_section title=\u00bbLista de verificaci\u00f3n de viaje\u00bb tab_id=\u00bb1646386998242-b6c6eb79-c695&#8243;][vc_row_inner][vc_column_inner width=\u00bb1\/2&#8243;][vc_custom_heading text=\u00bbAntes de viajar\u00bb font_container=\u00bbtag:h2|text_align:left|color:%23890000&#8243; google_fonts=\u00bbfont_family:Open%20Sans%3A300%2C300italic%2Cregular%2Citalic%2C600%2C600italic%2C700%2C700italic%2C800%2C800italic\u00bb][vc_separator color=\u00bbcustom\u00bb align=\u00bbalign_left\u00bb border_width=\u00bb2&#8243; el_width=\u00bb20&#8243; accent_color=\u00bb#890000&#8243;][vc_column_text]Antes de emprender tu viaje, aseg\u00farate de leer nuestros completos consejos de viaje para una experiencia perfecta.[\/vc_column_text][vc_btn title=\u00bbAprende m\u00e1s\u00bb style=\u00bboutline-custom\u00bb outline_custom_color=\u00bb#890000&#8243; outline_custom_hover_background=\u00bb#890000&#8243; outline_custom_hover_text=\u00bb#ffffff\u00bb shape=\u00bbsquare\u00bb size=\u00bbsm\u00bb i_align=\u00bbright\u00bb i_icon_fontawesome=\u00bbfas fa-angle-right\u00bb add_icon=\u00bbtrue\u00bb link=\u00bburl:https%3A%2F%2Fmufasatoursandtravels.com%2Fpreparing-to-travel%2F|title:LO%20QUE%20HAY%20QUE%20SABER%20ANTES%20DE%20LLEGAR%20A%20%C3%81FRICA%20ORIENTAL|\u00bb][\/vc_column_inner][vc_column_inner width=\u00bb1\/2&#8243;][vc_custom_heading text=\u00bbEn la reserva\u00bb font_container=\u00bbtag:h2|text_align:left|color:%23890000&#8243; google_fonts=\u00bbfont_family:Open%20Sans%3A300%2C300italic%2Cregular%2Citalic%2C600%2C600italic%2C700%2C700italic%2C800%2C800italic\u00bb][vc_separator color=\u00bbcustom\u00bb align=\u00bbalign_left\u00bb border_width=\u00bb2&#8243; el_width=\u00bb20&#8243; accent_color=\u00bb#890000&#8243;][vc_column_text]Mejore su planificaci\u00f3n de viaje descargando informaci\u00f3n valiosa sobre el destino, como los requisitos de pasaporte y visado, las vacunas recomendadas, las restricciones de equipaje, la lista de equipaje y las directrices sobre las propinas.[\/vc_column_text][vc_btn title=\u00bbAprende m\u00e1s\u00bb style=\u00bboutline-custom\u00bb outline_custom_color=\u00bb#890000&#8243; outline_custom_hover_background=\u00bb#890000&#8243; outline_custom_hover_text=\u00bb#ffffff\u00bb shape=\u00bbsquare\u00bb size=\u00bbsm\u00bb i_align=\u00bbright\u00bb i_icon_fontawesome=\u00bbfas fa-angle-right\u00bb add_icon=\u00bbtrue\u00bb link=\u00bburl:https%3A%2F%2Fmufasatoursandtravels.com%2Fwhat-to-know-before-arrival-in-east-africa%2F|title:LO%20QUE%20HAY%20QUE%20SABER%20ANTES%20DE%20LLEGAR%20A%20%C3%81FRICA%20ORIENTAL|\u00bb][\/vc_column_inner][\/vc_row_inner][vc_row_inner][vc_column_inner width=\u00bb1\/2&#8243;][vc_custom_heading text=\u00bbDurante el recorrido\u00bb font_container=\u00bbtag:h2|text_align:left|color:%23890000&#8243; google_fonts=\u00bbfont_family:Open%20Sans%3A300%2C300italic%2Cregular%2Citalic%2C600%2C600italic%2C700%2C700italic%2C800%2C800italic\u00bb][vc_separator color=\u00bbcustom\u00bb align=\u00bbalign_left\u00bb border_width=\u00bb2&#8243; el_width=\u00bb20&#8243; accent_color=\u00bb#890000&#8243;][vc_column_text]Maximice el \u00e9xito de su viaje descargando informaci\u00f3n esencial sobre su(s) destino(s), incluidos los requisitos de pasaporte y visa, las pautas de vacunaci\u00f3n, las restricciones de equipaje, la lista de empaque y los consejos de propinas.[\/vc_column_text][vc_btn title=\u00bbAprende m\u00e1s\u00bb style=\u00bboutline-custom\u00bb outline_custom_color=\u00bb#890000&#8243; outline_custom_hover_background=\u00bb#890000&#8243; outline_custom_hover_text=\u00bb#ffffff\u00bb shape=\u00bbsquare\u00bb size=\u00bbsm\u00bb i_align=\u00bbright\u00bb i_icon_fontawesome=\u00bbfas fa-angle-right\u00bb add_icon=\u00bbtrue\u00bb link=\u00bburl:https%3A%2F%2Fmufasatoursandtravels.com%2Fpassports-and-visas%2F|title:Pasaportes%20y%20Visados|\u00bb][\/vc_column_inner][vc_column_inner width=\u00bb1\/2&#8243;][vc_custom_heading text=\u00bbDespu\u00e9s de viajar\u00bb font_container=\u00bbtag:h2|text_align:left|color:%23890000&#8243; google_fonts=\u00bbfont_family:Open%20Sans%3A300%2C300italic%2Cregular%2Citalic%2C600%2C600italic%2C700%2C700italic%2C800%2C800italic\u00bb][vc_separator color=\u00bbcustom\u00bb align=\u00bbalign_left\u00bb border_width=\u00bb2&#8243; el_width=\u00bb20&#8243; accent_color=\u00bb#890000&#8243;][vc_column_text]Mientras disfruta del resplandor de su aventura, estamos aqu\u00ed para ayudarlo con consejos esenciales despu\u00e9s del viaje, asegur\u00e1ndonos de que su regreso a casa sea tan fluido y c\u00f3modo como su viaje en s\u00ed.[\/vc_column_text][\/vc_column_inner][\/vc_row_inner][\/vc_tta_section][\/vc_tta_tabs][\/vc_column][\/vc_row][vc_row][vc_column][wdo_ult_icon_seperator wdo_seperator_icon=\u00bbfas fa-paw\u00bb wdo_seperator_color=\u00bb#890000&#8243; wdo_seperator_opacity=\u00bb.2&#8243;][vc_btn title=\u00bbObtener una cotizaci\u00f3n\u00bb style=\u00bboutline-custom\u00bb outline_custom_color=\u00bb#890000&#8243; outline_custom_hover_background=\u00bb#890000&#8243; outline_custom_hover_text=\u00bb#ffffff\u00bb shape=\u00bbsquare\u00bb size=\u00bbsm\u00bb align=\u00bbcenter\u00bb i_align=\u00bbright\u00bb i_icon_fontawesome=\u00bbfas fa-angle-right\u00bb add_icon=\u00bbtrue\u00bb link=\u00bburl:https%3A%2F%2Fmufasatoursandtravels.com%2Fes%2Fsolicite-un-presupuesto%2F|title:Solicite%20un%20presupuesto|\u00bb css=\u00bb.vc_custom_1724154874390{padding: 10px !important;}\u00bb][vc_column_text]\n<p style=\"text-align: left;\"><strong>RENUNCIA.<\/strong><\/p>\n<ul>\n<li>Este tour es ofrecido por <a href=\"https:\/\/mufasatoursandtravels.com\/es\/\">Mufasa Tours and Travels<\/a>.<\/li>\n<li>Todos nuestros safaris son privados.<\/li>\n<li>Los ni\u00f1os de 0 a 2 a\u00f1os entran gratis.<\/li>\n<li>Los ni\u00f1os de 3 a 12 a\u00f1os pagan el 50% de la tarifa de adulto si comparten la misma habitaci\u00f3n con adultos.<\/li>\n<li>Los ni\u00f1os de 3 a 12 a\u00f1os pagan el 75% de la tarifa de adulto si se alojan en su propia habitaci\u00f3n separada de los adultos.<\/li>\n<li>Los ni\u00f1os mayores de 12 a\u00f1os son reconocidos como adultos en campamentos y albergues.<\/li>\n<li>Nos reservamos el derecho de cambiar el programa tal como se anuncia.<\/li>\n<li>Si un alojamiento est\u00e1 completo, sugeriremos opciones alternativas comparables.<\/li>\n<li>El pedido exacto, el contenido y las tarifas de este tour est\u00e1n sujetos a disponibilidad.<\/li>\n<li>Este tour est\u00e1 sujeto a los <a href=\"https:\/\/mufasatoursandtravels.com\/terms-and-conditions\/\">t\u00e9rminos y condiciones<\/a> de <a href=\"https:\/\/mufasatoursandtravels.com\/es\/\">Mufasa Tours and Travels.<\/a><\/li>\n<\/ul>\n[\/vc_column_text][\/vc_column][\/vc_row]\n","protected":false},"excerpt":{"rendered":"<p>[vc_row][vc_column parallax=\u00bbcontent-moving\u00bb parallax_image=\u00bb6756&#8243; css=\u00bb.vc_custom_1690362073772{padding-top: 80px !important;padding-right: 80px !important;padding-bottom: 80px !important;padding-left: 80px !important;}\u00bb][vc_custom_heading text=\u00bbKENIA M\u00c1GICA\u00bb font_container=\u00bbtag:h2|font_size:32|text_align:center|color:%23ffffff\u00bb google_fonts=\u00bbfont_family:Roboto%3A100%2C100italic%2C300%2C300italic%2Cregular%2Citalic%2C500%2C500italic%2C700%2C700italic%2C900%2C900italic|font_style:500%20bold%20regular%3A500%3Anormal\u00bb][vc_custom_heading text=\u00bbVuela en\u00bb font_container=\u00bbtag:h2|font_size:20|text_align:center|color:%23ffffff\u00bb google_fonts=\u00bbfont_family:Roboto%3A100%2C100italic%2C300%2C300italic%2Cregular%2Citalic%2C500%2C500italic%2C700%2C700italic%2C900%2C900italic|font_style:400%20regular%3A400%3Anormal\u00bb][vc_separator color=\u00bbcustom\u00bb el_width=\u00bb80&#8243; accent_color=\u00bb#f8f8f8&#8243;][vc_custom_heading text=\u00bbSamburu \u21fe Masai Mara\u00bb font_container=\u00bbtag:h2|font_size:22|text_align:center|color:%23ffffff\u00bb google_fonts=\u00bbfont_family:Roboto%3A100%2C100italic%2C300%2C300italic%2Cregular%2Citalic%2C500%2C500italic%2C700%2C700italic%2C900%2C900italic|font_style:400%20regular%3A400%3Anormal\u00bb][vc_empty_space height=\u00bb16px\u00bb][\/vc_column][\/vc_row][vc_row full_width=\u00bbstretch_row\u00bb][vc_column][vc_empty_space][vc_tta_tabs shape=\u00bbsquare\u00bb color=\u00bbjuicy-pink\u00bb alignment=\u00bbcenter\u00bb active_section=\u00bb1&#8243;][vc_tta_section title=\u00bbPrograma\u00bb tab_id=\u00bb1646386995970-9a60a1ce-350a\u00bb][info_list_father listclr=\u00bb#f8f8f8&#8243;][info_list_son style=\u00bbicon\u00bb size=\u00bb15&#8243; width=\u00bb20&#8243; height=\u00bb20&#8243; titleclr=\u00bb#890000&#8243; icon=\u00bbfas fa-paw\u00bb iconclr=\u00bb#890000&#8243; title=\u00bbD\u00cdA 1: VUELO DE NAIROBI A SAMBURU\u00bb caption_url=\u00bb\u00bb] Recogida [&hellip;]<\/p>\n","protected":false},"author":4,"featured_media":0,"parent":31110,"menu_order":3,"comment_status":"closed","ping_status":"closed","template":"page-blank.php","meta":{"_themeisle_gutenberg_block_has_review":false,"footnotes":""},"class_list":["post-30691","page","type-page","status-publish","hentry"],"_links":{"self":[{"href":"https:\/\/mufasatoursandtravels.com\/es\/wp-json\/wp\/v2\/pages\/30691","targetHints":{"allow":["GET"]}}],"collection":[{"href":"https:\/\/mufasatoursandtravels.com\/es\/wp-json\/wp\/v2\/pages"}],"about":[{"href":"https:\/\/mufasatoursandtravels.com\/es\/wp-json\/wp\/v2\/types\/page"}],"author":[{"embeddable":true,"href":"https:\/\/mufasatoursandtravels.com\/es\/wp-json\/wp\/v2\/users\/4"}],"replies":[{"embeddable":true,"href":"https:\/\/mufasatoursandtravels.com\/es\/wp-json\/wp\/v2\/comments?post=30691"}],"version-history":[{"count":1,"href":"https:\/\/mufasatoursandtravels.com\/es\/wp-json\/wp\/v2\/pages\/30691\/revisions"}],"predecessor-version":[{"id":30693,"href":"https:\/\/mufasatoursandtravels.com\/es\/wp-json\/wp\/v2\/pages\/30691\/revisions\/30693"}],"up":[{"embeddable":true,"href":"https:\/\/mufasatoursandtravels.com\/es\/wp-json\/wp\/v2\/pages\/31110"}],"wp:attachment":[{"href":"https:\/\/mufasatoursandtravels.com\/es\/wp-json\/wp\/v2\/media?parent=30691"}],"curies":[{"name":"wp","href":"https:\/\/api.w.org\/{rel}","templated":true}]}}