{"id":30723,"date":"2022-02-25T06:24:19","date_gmt":"2022-02-25T03:24:19","guid":{"rendered":"https:\/\/mufasatoursandtravels.com\/experiencia-finch-chataeux\/"},"modified":"2025-04-08T12:15:43","modified_gmt":"2025-04-08T09:15:43","slug":"experiencia-finch-chataeux","status":"publish","type":"page","link":"https:\/\/mufasatoursandtravels.com\/es\/safaris-voladores-en-kenia\/kenia-flying-safaris-corta-estancia\/experiencia-finch-chataeux\/","title":{"rendered":"Experiencia Finch &amp; Chataeux"},"content":{"rendered":"[vc_row full_width=\u00bbstretch_row\u00bb][vc_column parallax=\u00bbcontent-moving\u00bb parallax_image=\u00bb11690&#8243; parallax_speed_bg=\u00bb1.9&#8243; css=\u00bb.vc_custom_1690365764068{padding-top: 80px !important;padding-right: 80px !important;padding-bottom: 80px !important;padding-left: 80px !important;}\u00bb][vc_custom_heading text=\u00bbEXPERIENCIA FINCH &amp; CHATEAUX\u00bb font_container=\u00bbtag:h2|font_size:32|text_align:center|color:%23ffffff\u00bb google_fonts=\u00bbfont_family:Roboto%3A100%2C100italic%2C300%2C300italic%2Cregular%2Citalic%2C500%2C500italic%2C700%2C700italic%2C900%2C900italic|font_style:500%20bold%20regular%3A500%3Anormal\u00bb][vc_custom_heading text=\u00bbVuela en\u00bb font_container=\u00bbtag:h2|font_size:20|text_align:center|color:%23ffffff\u00bb google_fonts=\u00bbfont_family:Roboto%3A100%2C100italic%2C300%2C300italic%2Cregular%2Citalic%2C500%2C500italic%2C700%2C700italic%2C900%2C900italic|font_style:400%20regular%3A400%3Anormal\u00bb][vc_separator color=\u00bbcustom\u00bb el_width=\u00bb80&#8243; accent_color=\u00bb#f8f8f8&#8243;][vc_custom_heading text=\u00bbTsavo Oeste \u21fe Masai Mara\u00bb font_container=\u00bbtag:h2|font_size:22|text_align:center|color:%23ffffff\u00bb google_fonts=\u00bbfont_family:Roboto%3A100%2C100italic%2C300%2C300italic%2Cregular%2Citalic%2C500%2C500italic%2C700%2C700italic%2C900%2C900italic|font_style:400%20regular%3A400%3Anormal\u00bb][\/vc_column][\/vc_row][vc_row full_width=\u00bbstretch_row\u00bb][vc_column][vc_tta_tabs shape=\u00bbsquare\u00bb color=\u00bbjuicy-pink\u00bb alignment=\u00bbcenter\u00bb active_section=\u00bb1&#8243;][vc_tta_section title=\u00bbPrograma\u00bb tab_id=\u00bb1646387938036-223a152b-a82c\u00bb][info_list_father listclr=\u00bb#f8f8f8&#8243;][info_list_son style=\u00bbicon\u00bb size=\u00bb15&#8243; width=\u00bb20&#8243; height=\u00bb20&#8243; titleclr=\u00bb#890000&#8243; icon=\u00bbfas fa-paw\u00bb iconclr=\u00bb#890000&#8243; title=\u00bbD\u00cdA 1: VUELO DE NAIROBI A TSAVO OESTE\u00bb]\n<ul>\n<li>Recogida del hotel en Nairobi a las 6.00 am por nuestro representante de la empresa y traslado al aeropuerto Wilson.<\/li>\n<li>Check-in y embarque de vuelo a Tsavo Finch Hatton a las 7.00 am llegando a las 8.00 am.<\/li>\n<li>A su llegada a Tsavo oeste, ser\u00e1 recibido por nuestro representante y lo trasladar\u00e1 al <a href=\"https:\/\/finchhattons.com\/\" rel=\"nofollow noopener\" target=\"_blank\">campamento de lujo Finch hattons<\/a> disfrutando de safaris en ruta.<\/li>\n<li>Ocio y relajaci\u00f3n en el campamento antes del almuerzo.<\/li>\n<li>A partir de entonces, por la noche, dir\u00edjase a un safari nocturno dentro del Parque Nacional del oeste de Tsavo hasta la puesta de sol africana.<\/li>\n<li>Al regresar al albergue, salga a tomar una copa al atardecer en la naturaleza con bebidas con vista al horizonte africano.<\/li>\n<li>Regreso al albergue para cenar y pasar la noche.<\/li>\n<\/ul>\n[\/info_list_son][info_list_son style=\u00bbicon\u00bb size=\u00bb15&#8243; width=\u00bb20&#8243; height=\u00bb20&#8243; titleclr=\u00bb#890000&#8243; icon=\u00bbfas fa-paw\u00bb iconclr=\u00bb#890000&#8243; title=\u00bbD\u00cdA 2: TSAVO WEST GAME DRIVES &amp; YOGA WELLNESS\u00bb]\n<ul>\n<li>Lev\u00e1ntese para desayunar temprano y proceda a un safari matutino. Intriga en las maravillas del parque <span style=\"font-weight: 400;\">mientras disfrutas de escenas de elefantes retozando en las aguas del r\u00edo Tsavo.<\/span> Desde la vista de cincuenta millones de galones de agua cristalina que brota de la roca de lava reseca que son los manantiales de Mzima hasta los flujos de lava de Shetani, la tierra de lava, los manantiales, los devoradores de hombres y las puestas de sol m\u00e1gicas dan la bienvenida a Tsavo West, un hermoso y escarpado desierto. <\/li>\n<li>A continuaci\u00f3n, regrese al campamento para almorzar y relajarse.<\/li>\n<li>Descanse parte de la tarde, disfrute de caminatas por la naturaleza con un guardia armado o yoga, seguido de una puesta de sol hacia el atardecer disfrutando del horizonte africano.<\/li>\n<li>Regreso al campamento para cenar y pasar la noche.<\/li>\n<\/ul>\n[\/info_list_son][info_list_son style=\u00bbicon\u00bb size=\u00bb15&#8243; width=\u00bb20&#8243; height=\u00bb20&#8243; titleclr=\u00bb#890000&#8243; icon=\u00bbfas fa-paw\u00bb iconclr=\u00bb#890000&#8243; title=\u00bbD\u00cdA 3: FINCH HATTONS VUELA A MASAI MARA\u00bb]\n<ul>\n<li>Desayuno temprano en el campamento o albergue.<\/li>\n<li>Te dejar\u00e1n en la pista de aterrizaje para volar a la famosa reserva nacional de Masai Mara, que est\u00e1 a 1 hora de vuelo.<\/li>\n<li>A su llegada a la pista de aterrizaje en Masai Mara, nuestro gu\u00eda conductor lo recoger\u00e1 y lo trasladar\u00e1 al campamento o albergue respectivo con safaris en ruta hacia el campamento.<\/li>\n<li>Llegada para almorzar y registrarse y relajarse.<\/li>\n<li>Despu\u00e9s del almuerzo y la relajaci\u00f3n, dir\u00edjase a una tarde en la <a href=\"https:\/\/www.safaribookings.com\/masai-mara\" rel=\"nofollow noopener\" target=\"_blank\">Reserva Nacional de Masai Mara<\/a> hasta tarde en la puesta del sol, donde podr\u00e1 ver varias llanuras de hierba abiertas y arbustos de acacia dispersos que albergan una amplia variedad de vida silvestre de los CINCO GRANDES, como leones, leopardos, guepardos, hienas, b\u00fafalos, jirafas,  elefantes, el rinoceronte negro en peligro de extinci\u00f3n y \u00f1us con el techo abierto de par en par.<\/li>\n<li>Regreso al albergue \/ campamento para cenar y pasar la noche.<\/li>\n<\/ul>\n[\/info_list_son][info_list_son style=\u00bbicon\u00bb size=\u00bb15&#8243; width=\u00bb20&#8243; height=\u00bb20&#8243; titleclr=\u00bb#890000&#8243; icon=\u00bbfas fa-paw\u00bb iconclr=\u00bb#890000&#8243; title=\u00bbD\u00cdA 4: SAFARIS MASAI MARA\u00bb]\n<ul>\n<li data-shorten=\"300\"><span style=\"font-weight: 400;\">Desayuna temprano, el impulso de energ\u00eda perfecto para el emocionante d\u00eda que tienes por delante.  <\/span><span style=\"font-weight: 400;\">Partir\u00e1 hacia la Reserva Nacional Maasai Mara, una expedici\u00f3n de un d\u00eda completo para encontrarse con la vida silvestre diversa. Disfrute de un acogedor almuerzo campestre en la naturaleza. Contin\u00fae hasta el r\u00edo Mara, el escenario central de la octava maravilla del mundo (la migraci\u00f3n de \u00f1us que ocurre anualmente de julio a agosto). El safari de d\u00eda completo (en nuestros veh\u00edculos de techo abierto) es un momento festivo oportuno para el fot\u00f3grafo siempre curioso. Regreso al campamento\/albergue para cenar y pasar la noche.    <\/span><\/li>\n<\/ul>\n[\/info_list_son][info_list_son style=\u00bbicon\u00bb size=\u00bb15&#8243; width=\u00bb20&#8243; height=\u00bb20&#8243; titleclr=\u00bb#890000&#8243; icon=\u00bbfas fa-paw\u00bb iconclr=\u00bb#890000&#8243; title=\u00bbD\u00cdA 5: MASAI MARA VUELA A NAIROBI\u00bb]\n<ul>\n<li>Lev\u00e1ntese a un desayuno africano al aire libre en la naturaleza mientras disfruta de la observaci\u00f3n de animales desde la comodidad de su mesa de desayuno.<\/li>\n<li data-shorten=\"300\">A partir de entonces, si los hu\u00e9spedes lo desean, pueden visitar la aldea cultural Masai para disfrutar de los estilos de vida y la cultura africanos mientras conducen a la pista de aterrizaje para volar de regreso a Nairobi.<\/li>\n<li data-shorten=\"300\">Los safaris se disfrutar\u00e1n en ruta hacia la pista de aterrizaje.<\/li>\n<li data-shorten=\"300\">Este ser\u00e1 el final de una experiencia inolvidable y nuestro gu\u00eda lo despedir\u00e1 en la pista de aterrizaje mientras vuela de regreso a Nairobi.<\/li>\n<li data-shorten=\"300\">A su llegada a Nairobi, nuestro equipo lo estar\u00e1 esperando para recogerlo y trasladarlo a su respectivo hotel o aeropuerto para tomar su vuelo de regreso a casa.<\/li>\n<\/ul>\n[\/info_list_son][\/info_list_father][\/vc_tta_section][vc_tta_section title=\u00bbInclusivo\/Exclusivo\u00bb tab_id=\u00bb1646387938573-831eaf79-af4e\u00bb][vc_row_inner][vc_column_inner width=\u00bb1\/2&#8243;][info_list_father listclr=\u00bb#f8f8f8&#8243;][info_list_son style=\u00bbicon\u00bb size=\u00bb15&#8243; width=\u00bb10&#8243; height=\u00bb10&#8243; titleclr=\u00bb#890000&#8243; icon=\u00bbfas fa-paw\u00bb iconclr=\u00bb#890000&#8243; title=\u00bbINCLUIDO\u00bb iconbg=\u00bb#f8f8f8&#8243; borderclr=\u00bb#890000&#8243;]\n<ul>\n<li>Alojamiento<\/li>\n<li>Todas las comidas<\/li>\n<li>Traslado<br \/>\nde ida y vuelta a la pista de aterrizaje de Finch Hattons Actividades programadas<\/li>\n<li>Uso del spa (excluyendo tratamientos)<\/li>\n<li>Lavander\u00eda (excluyendo la limpieza en seco)<\/li>\n<li>Todas las bebidas (excepto vinos y licores premium)<\/li>\n<li>Internet inal\u00e1mbrico de cortes\u00eda en todo el campamento<\/li>\n<li>Uso exclusivo del veh\u00edculo, servicio de mayordomo.<\/li>\n<li>Vuelos dom\u00e9sticos entre los parques.<\/li>\n<\/ul>\n[\/info_list_son][\/info_list_father][\/vc_column_inner][vc_column_inner width=\u00bb1\/2&#8243;][info_list_father listclr=\u00bb#f8f8f8&#8243;][info_list_son style=\u00bbicon\u00bb size=\u00bb15&#8243; width=\u00bb10&#8243; height=\u00bb10&#8243; titleclr=\u00bb#890000&#8243; icon=\u00bbfas fa-paw\u00bb iconclr=\u00bb#890000&#8243; title=\u00bbEXCLUIDOS\u00bb borderclr=\u00bb#890000&#8243;]\n<ul class=\"list list--icon\">\n<li>Visitas culturales a la aldea Masai.<\/li>\n<li>Propinas para gu\u00eda del conductor (<strong>Muy recomendable<\/strong>).<\/li>\n<li>Art\u00edculos personales <span class=\"txt--xsmall txt--xgrey\">(Souvenirs, seguro de viaje, tasas de visado, etc.)<\/span><\/li>\n<li>Alojamiento adicional antes y al final del tour.<\/li>\n<li>El gobierno impuso un aumento en los impuestos y\/o tarifas del parque.<\/li>\n<li>Paseos en globo aerost\u00e1tico @ $ 505 por adulto \/ $ 380 por ni\u00f1o (<strong>menores de 12 a\u00f1os<\/strong>).<\/li>\n<li>La franquicia de equipaje est\u00e1 ESTRICTAMENTE limitada a 15 kg por persona.<\/li>\n<li>Los beb\u00e9s que no paguen por un asiento no tienen derecho a la franquicia de equipaje.<\/li>\n<\/ul>\n[\/info_list_son][\/info_list_father][\/vc_column_inner][\/vc_row_inner][\/vc_tta_section][vc_tta_section title=\u00bbLista de verificaci\u00f3n de viaje\u00bb tab_id=\u00bb1646387939985-ed516796-7a1c\u00bb][vc_row_inner][vc_column_inner width=\u00bb1\/2&#8243;][vc_custom_heading text=\u00bbAntes de viajar\u00bb font_container=\u00bbtag:h2|text_align:left|color:%23890000&#8243; google_fonts=\u00bbfont_family:Open%20Sans%3A300%2C300italic%2Cregular%2Citalic%2C600%2C600italic%2C700%2C700italic%2C800%2C800italic\u00bb][vc_separator color=\u00bbcustom\u00bb align=\u00bbalign_left\u00bb border_width=\u00bb2&#8243; el_width=\u00bb20&#8243; accent_color=\u00bb#890000&#8243;][vc_column_text]Antes de emprender tu viaje, aseg\u00farate de leer nuestros completos consejos de viaje para una experiencia perfecta.[\/vc_column_text][vc_btn title=\u00bbAprende m\u00e1s\u00bb style=\u00bboutline-custom\u00bb outline_custom_color=\u00bb#890000&#8243; outline_custom_hover_background=\u00bb#890000&#8243; outline_custom_hover_text=\u00bb#ffffff\u00bb shape=\u00bbsquare\u00bb size=\u00bbsm\u00bb i_align=\u00bbright\u00bb i_icon_fontawesome=\u00bbfas fa-angle-right\u00bb add_icon=\u00bbtrue\u00bb link=\u00bburl:https%3A%2F%2Fmufasatoursandtravels.com%2Fpreparing-to-travel%2F|title:Prepar%C3%A1ndose%20para%20viajar|\u00bb][\/vc_column_inner][vc_column_inner width=\u00bb1\/2&#8243;][vc_custom_heading text=\u00bbAntes de viajar\u00bb font_container=\u00bbtag:h2|text_align:left|color:%23890000&#8243; google_fonts=\u00bbfont_family:Open%20Sans%3A300%2C300italic%2Cregular%2Citalic%2C600%2C600italic%2C700%2C700italic%2C800%2C800italic\u00bb][vc_separator color=\u00bbcustom\u00bb align=\u00bbalign_left\u00bb border_width=\u00bb2&#8243; el_width=\u00bb20&#8243; accent_color=\u00bb#890000&#8243;][vc_column_text]Mejore su planificaci\u00f3n de viaje descargando informaci\u00f3n valiosa sobre el destino, como los requisitos de pasaporte y visado, las vacunas recomendadas, las restricciones de equipaje, la lista de equipaje y las directrices sobre las propinas.[\/vc_column_text][vc_btn title=\u00bbAprende m\u00e1s\u00bb style=\u00bboutline-custom\u00bb outline_custom_color=\u00bb#890000&#8243; outline_custom_hover_background=\u00bb#890000&#8243; outline_custom_hover_text=\u00bb#ffffff\u00bb shape=\u00bbsquare\u00bb size=\u00bbsm\u00bb i_align=\u00bbright\u00bb i_icon_fontawesome=\u00bbfas fa-angle-right\u00bb add_icon=\u00bbtrue\u00bb link=\u00bburl:https%3A%2F%2Fmufasatoursandtravels.com%2Fwhat-to-know-before-arrival-in-east-africa%2F|title:LO%20QUE%20HAY%20QUE%20SABER%20ANTES%20DE%20LLEGAR%20A%20%C3%81FRICA%20ORIENTAL|\u00bb][\/vc_column_inner][\/vc_row_inner][vc_row_inner][vc_column_inner width=\u00bb1\/2&#8243;][vc_custom_heading text=\u00bbAntes de viajar\u00bb font_container=\u00bbtag:h2|text_align:left|color:%23890000&#8243; google_fonts=\u00bbfont_family:Open%20Sans%3A300%2C300italic%2Cregular%2Citalic%2C600%2C600italic%2C700%2C700italic%2C800%2C800italic\u00bb][vc_separator color=\u00bbcustom\u00bb align=\u00bbalign_left\u00bb border_width=\u00bb2&#8243; el_width=\u00bb20&#8243; accent_color=\u00bb#890000&#8243;][vc_column_text]Maximice el \u00e9xito de su viaje descargando informaci\u00f3n esencial sobre su(s) destino(s), incluidos los requisitos de pasaporte y visa, las pautas de vacunaci\u00f3n, las restricciones de equipaje, la lista de empaque y los consejos de propinas.[\/vc_column_text][vc_btn title=\u00bbAprende m\u00e1s\u00bb style=\u00bboutline-custom\u00bb outline_custom_color=\u00bb#890000&#8243; outline_custom_hover_background=\u00bb#890000&#8243; outline_custom_hover_text=\u00bb#ffffff\u00bb shape=\u00bbsquare\u00bb size=\u00bbsm\u00bb i_align=\u00bbright\u00bb i_icon_fontawesome=\u00bbfas fa-angle-right\u00bb add_icon=\u00bbtrue\u00bb link=\u00bburl:https%3A%2F%2Fmufasatoursandtravels.com%2Fpassports-and-visas%2F|title:Pasaportes%20y%20Visados|\u00bb][\/vc_column_inner][vc_column_inner width=\u00bb1\/2&#8243;][vc_custom_heading text=\u00bbAntes de viajar\u00bb font_container=\u00bbtag:h2|text_align:left|color:%23890000&#8243; google_fonts=\u00bbfont_family:Open%20Sans%3A300%2C300italic%2Cregular%2Citalic%2C600%2C600italic%2C700%2C700italic%2C800%2C800italic\u00bb][vc_separator color=\u00bbcustom\u00bb align=\u00bbalign_left\u00bb border_width=\u00bb2&#8243; el_width=\u00bb20&#8243; accent_color=\u00bb#890000&#8243;][vc_column_text]Mientras disfruta del resplandor de su aventura, estamos aqu\u00ed para ayudarlo con consejos esenciales despu\u00e9s del viaje, asegur\u00e1ndonos de que su regreso a casa sea tan fluido y c\u00f3modo como su viaje en s\u00ed.[\/vc_column_text][\/vc_column_inner][\/vc_row_inner][\/vc_tta_section][\/vc_tta_tabs][wdo_ult_icon_seperator wdo_seperator_icon=\u00bbfas fa-paw\u00bb wdo_seperator_color=\u00bb#890000&#8243; wdo_seperator_opacity=\u00bb.2&#8243;][vc_btn title=\u00bbObtener una cotizaci\u00f3n\u00bb style=\u00bboutline-custom\u00bb outline_custom_color=\u00bb#890000&#8243; outline_custom_hover_background=\u00bb#890000&#8243; outline_custom_hover_text=\u00bb#ffffff\u00bb shape=\u00bbsquare\u00bb size=\u00bbsm\u00bb align=\u00bbcenter\u00bb i_align=\u00bbright\u00bb i_icon_fontawesome=\u00bbfas fa-angle-right\u00bb add_icon=\u00bbtrue\u00bb link=\u00bburl:https%3A%2F%2Fmufasatoursandtravels.com%2Fes%2Fsolicite-un-presupuesto%2F|title:Solicite%20un%20presupuesto|\u00bb css=\u00bb.vc_custom_1724157116297{padding: 10px !important;}\u00bb][vc_column_text]\n<p style=\"text-align: left;\"><strong>RENUNCIA.<\/strong><\/p>\n<ul>\n<li>Este tour es ofrecido por <a href=\"https:\/\/mufasatoursandtravels.com\/es\/\">Mufasa Tours and Travels<\/a>.<\/li>\n<li>Todos nuestros safaris son privados.<\/li>\n<li>Los ni\u00f1os de 0 a 2 a\u00f1os entran gratis.<\/li>\n<li>Los ni\u00f1os de 3 a 12 a\u00f1os pagan el 50% de la tarifa de adulto si comparten la misma habitaci\u00f3n con adultos.<\/li>\n<li>Los ni\u00f1os de 3 a 12 a\u00f1os pagan el 75% de la tarifa de adulto si se alojan en su propia habitaci\u00f3n separada de los adultos.<\/li>\n<li>Los ni\u00f1os mayores de 12 a\u00f1os son reconocidos como adultos en campamentos y albergues.<\/li>\n<li>Nos reservamos el derecho de cambiar el programa tal como se anuncia.<\/li>\n<li>Si un alojamiento est\u00e1 completo, sugeriremos opciones alternativas comparables.<\/li>\n<li>El pedido exacto, el contenido y las tarifas de este tour est\u00e1n sujetos a disponibilidad.<\/li>\n<li>Este tour est\u00e1 sujeto a los <a href=\"https:\/\/mufasatoursandtravels.com\/terms-and-conditions\/\">t\u00e9rminos y condiciones<\/a> de <a href=\"https:\/\/mufasatoursandtravels.com\/es\/\">Mufasa Tours and Travels.<\/a><\/li>\n<\/ul>\n[\/vc_column_text][\/vc_column][\/vc_row][vc_row][vc_column][vc_empty_space height=\u00bb16px\u00bb][\/vc_column][\/vc_row]\n","protected":false},"excerpt":{"rendered":"<p>[vc_row full_width=\u00bbstretch_row\u00bb][vc_column parallax=\u00bbcontent-moving\u00bb parallax_image=\u00bb11690&#8243; parallax_speed_bg=\u00bb1.9&#8243; css=\u00bb.vc_custom_1690365764068{padding-top: 80px !important;padding-right: 80px !important;padding-bottom: 80px !important;padding-left: 80px !important;}\u00bb][vc_custom_heading text=\u00bbEXPERIENCIA FINCH &amp; CHATEAUX\u00bb font_container=\u00bbtag:h2|font_size:32|text_align:center|color:%23ffffff\u00bb google_fonts=\u00bbfont_family:Roboto%3A100%2C100italic%2C300%2C300italic%2Cregular%2Citalic%2C500%2C500italic%2C700%2C700italic%2C900%2C900italic|font_style:500%20bold%20regular%3A500%3Anormal\u00bb][vc_custom_heading text=\u00bbVuela en\u00bb font_container=\u00bbtag:h2|font_size:20|text_align:center|color:%23ffffff\u00bb google_fonts=\u00bbfont_family:Roboto%3A100%2C100italic%2C300%2C300italic%2Cregular%2Citalic%2C500%2C500italic%2C700%2C700italic%2C900%2C900italic|font_style:400%20regular%3A400%3Anormal\u00bb][vc_separator color=\u00bbcustom\u00bb el_width=\u00bb80&#8243; accent_color=\u00bb#f8f8f8&#8243;][vc_custom_heading text=\u00bbTsavo Oeste \u21fe Masai Mara\u00bb font_container=\u00bbtag:h2|font_size:22|text_align:center|color:%23ffffff\u00bb google_fonts=\u00bbfont_family:Roboto%3A100%2C100italic%2C300%2C300italic%2Cregular%2Citalic%2C500%2C500italic%2C700%2C700italic%2C900%2C900italic|font_style:400%20regular%3A400%3Anormal\u00bb][\/vc_column][\/vc_row][vc_row full_width=\u00bbstretch_row\u00bb][vc_column][vc_tta_tabs shape=\u00bbsquare\u00bb color=\u00bbjuicy-pink\u00bb alignment=\u00bbcenter\u00bb active_section=\u00bb1&#8243;][vc_tta_section title=\u00bbPrograma\u00bb tab_id=\u00bb1646387938036-223a152b-a82c\u00bb][info_list_father listclr=\u00bb#f8f8f8&#8243;][info_list_son style=\u00bbicon\u00bb size=\u00bb15&#8243; width=\u00bb20&#8243; height=\u00bb20&#8243; titleclr=\u00bb#890000&#8243; icon=\u00bbfas fa-paw\u00bb iconclr=\u00bb#890000&#8243; title=\u00bbD\u00cdA 1: VUELO DE NAIROBI [&hellip;]<\/p>\n","protected":false},"author":4,"featured_media":0,"parent":31110,"menu_order":6,"comment_status":"closed","ping_status":"closed","template":"page-blank.php","meta":{"_themeisle_gutenberg_block_has_review":false,"footnotes":""},"class_list":["post-30723","page","type-page","status-publish","hentry"],"_links":{"self":[{"href":"https:\/\/mufasatoursandtravels.com\/es\/wp-json\/wp\/v2\/pages\/30723","targetHints":{"allow":["GET"]}}],"collection":[{"href":"https:\/\/mufasatoursandtravels.com\/es\/wp-json\/wp\/v2\/pages"}],"about":[{"href":"https:\/\/mufasatoursandtravels.com\/es\/wp-json\/wp\/v2\/types\/page"}],"author":[{"embeddable":true,"href":"https:\/\/mufasatoursandtravels.com\/es\/wp-json\/wp\/v2\/users\/4"}],"replies":[{"embeddable":true,"href":"https:\/\/mufasatoursandtravels.com\/es\/wp-json\/wp\/v2\/comments?post=30723"}],"version-history":[{"count":6,"href":"https:\/\/mufasatoursandtravels.com\/es\/wp-json\/wp\/v2\/pages\/30723\/revisions"}],"predecessor-version":[{"id":30749,"href":"https:\/\/mufasatoursandtravels.com\/es\/wp-json\/wp\/v2\/pages\/30723\/revisions\/30749"}],"up":[{"embeddable":true,"href":"https:\/\/mufasatoursandtravels.com\/es\/wp-json\/wp\/v2\/pages\/31110"}],"wp:attachment":[{"href":"https:\/\/mufasatoursandtravels.com\/es\/wp-json\/wp\/v2\/media?parent=30723"}],"curies":[{"name":"wp","href":"https:\/\/api.w.org\/{rel}","templated":true}]}}