{"id":30773,"date":"2022-03-08T10:18:22","date_gmt":"2022-03-08T07:18:22","guid":{"rendered":"https:\/\/mufasatoursandtravels.com\/kenia-tanzania-safari-de-grandeza\/"},"modified":"2025-04-08T12:08:45","modified_gmt":"2025-04-08T09:08:45","slug":"kenia-tanzania-safari-de-grandeza","status":"publish","type":"page","link":"https:\/\/mufasatoursandtravels.com\/es\/safaris-en-kenia-tanzania-y-zanzibar\/kenia-tanzania-safari-de-grandeza\/","title":{"rendered":"Kenia, Tanzania: Safari de grandeza"},"content":{"rendered":"[vc_row full_width=\u00bbstretch_row\u00bb gap=\u00bb1&#8243;][vc_column parallax=\u00bbcontent-moving\u00bb parallax_image=\u00bb11238&#8243; parallax_speed_bg=\u00bb1.9&#8243; css=\u00bb.vc_custom_1687333893434{padding-top: 80px !important;padding-right: 80px !important;padding-bottom: 80px !important;padding-left: 80px !important;}\u00bb][vc_custom_heading text=\u00bbKENIA, TANZANIA, SAFARI GRANDEUR\u00bb font_container=\u00bbtag:h1|font_size:32|text_align:center|color:%23ffffff\u00bb google_fonts=\u00bbfont_family:Roboto%3A100%2C100italic%2C300%2C300italic%2Cregular%2Citalic%2C500%2C500italic%2C700%2C700italic%2C900%2C900italic|font_style:400%20regular%3A400%3Anormal\u00bb][vc_separator color=\u00bbcustom\u00bb border_width=\u00bb2&#8243; el_width=\u00bb80&#8243;][vc_custom_heading text=\u00bbNairobi \u21fe Masai Mara \u21fe Serengeti \u21fe Ngorongoro \u21fe Zanz\u00edbar\u00bb font_container=\u00bbtag:h2|font_size:18|text_align:center|color:%23ffffff\u00bb google_fonts=\u00bbfont_family:Roboto%3A100%2C100italic%2C300%2C300italic%2Cregular%2Citalic%2C500%2C500italic%2C700%2C700italic%2C900%2C900italic|font_style:400%20regular%3A400%3Anormal\u00bb][\/vc_column][\/vc_row][vc_row][vc_column css=\u00bb.vc_custom_1678178999567{border-top-width: 10px !important;border-right-width: 10px !important;border-bottom-width: 10px !important;border-left-width: 10px !important;}\u00bb][vc_tta_tabs shape=\u00bbsquare\u00bb color=\u00bbjuicy-pink\u00bb alignment=\u00bbcenter\u00bb active_section=\u00bb1&#8243; no_fill_content_area=\u00bbtrue\u00bb][vc_tta_section title=\u00bbPrograma\u00bb tab_id=\u00bb1633454673222-3d94f956-010c\u00bb][info_list_father listclr=\u00bb#f8f8f8&#8243;][info_list_son style=\u00bbicon\u00bb size=\u00bb15&#8243; width=\u00bb20&#8243; height=\u00bb20&#8243; titleclr=\u00bb#811a18&#8243; title=\u00bbD\u00cdA 1: VUELO DE NAIROBI A MASAI MARA\u00bb icon=\u00bbfas fa-hiking\u00bb iconclr=\u00bb#811a18&#8243; lineheight=\u00bb2&#8243; iconbg=\u00bb#f8f8f8&#8243; borderclr=\u00bb#f8f8f8&#8243;]\n<ul>\n<li>Lo recoger\u00e1n de su respectivo hotel\/aeropuerto en Nairobi a las 8:30 am.<\/li>\n<li>Te dejar\u00e1n en el aeropuerto de Wilson para facturar tu vuelo a Masai Mara.<\/li>\n<li>Vuelo a Masai Mara (Aproximadamente 1 hora)<\/li>\n<li>A su llegada a la pista de aterrizaje, ser\u00e1 recibido por nuestro gu\u00eda y trasladado al campamento con safaris en ruta.<\/li>\n<li>Almuerzo en el campamento y check in.<\/li>\n<li>Rel\u00e1jese, descanse parte de la tarde y disfrute de las comodidades del hotel, como la nataci\u00f3n, etc.<\/li>\n<li>Realice un safari nocturno hasta el atardecer.<\/li>\n<li>Cena y alojamiento en el campamento o albergue.<\/li>\n<\/ul>\n[\/info_list_son][info_list_son style=\u00bbicon\u00bb size=\u00bb15&#8243; width=\u00bb20&#8243; height=\u00bb20&#8243; titleclr=\u00bb#811a18&#8243; icon=\u00bbfas fa-hiking\u00bb iconclr=\u00bb#811a18&#8243; title=\u00bbD\u00cdA 2 Y 3: SAFARIS MASAI MARA\u00bb lineheight=\u00bb2&#8243; iconbg=\u00bb#f8f8f8&#8243; borderclr=\u00bb#f8f8f8&#8243;]\n<ul>\n<li data-shorten=\"300\">Desayuno temprano en el campamento o albergue.<\/li>\n<li data-shorten=\"300\">Despu\u00e9s del desayuno, los hu\u00e9spedes temprano en la ma\u00f1ana partir\u00e1n para un d\u00eda completo en la <a href=\"https:\/\/www.safaribookings.com\/masai-mara\" rel=\"nofollow noopener\" target=\"_blank\">Reserva Nacional de Masai Mara<\/a> en busca <a href=\"https:\/\/www.nationalgeographic.com\/animals\/article\/africa-big-five-safaris-lions\" rel=\"nofollow noopener\" target=\"_blank\">de los cinco grandes de \u00c1frica<\/a> bajo el techo abierto de un veh\u00edculo tur\u00edstico con almuerzo para llevar que se servir\u00e1 como almuerzo de picnic en la sabana salvaje. Los <a href=\"https:\/\/www.nationalgeographic.com\/animals\/article\/africa-big-five-safaris-lions\" rel=\"nofollow noopener\" target=\"_blank\">Cinco Grandes de \u00c1frica<\/a> son el elefante africano, el le\u00f3n, el rinoceronte, el b\u00fafalo y el leopardo y una variedad de especies de aves de m\u00e1s de 200 especies y herb\u00edvoros como cebras, \u00f1us en grandes cantidades en ruta hacia el <a href=\"https:\/\/en.wikipedia.org\/wiki\/Mara_River\" rel=\"nofollow noopener\" target=\"_blank\">Gran R\u00edo Mara<\/a> , donde la octava maravilla del mundo ocurre cada a\u00f1o de julio a agosto llamada <a href=\"https:\/\/www.masaimara.com\/great-migration-kenya.php#:~:text=Each%20year%2C%20over%20two%20million,an%20iconic%20safari%20must%2Dsee.\" rel=\"nofollow noopener\" target=\"_blank\">La Gran Migraci\u00f3n de \u00f1us<\/a>. Ver\u00e1 esta incre\u00edble vida silvestre durante el d\u00eda completo de safari desde el techo abierto del veh\u00edculo para disfrutar de excelentes vistas y fotograf\u00edas hasta \u00faltima hora de la tarde.  <\/li>\n<li data-shorten=\"300\">Regreso al albergue para cenar y pasar la noche en el campamento o albergue.<\/li>\n<\/ul>\n[\/info_list_son][info_list_son style=\u00bbicon\u00bb size=\u00bb15&#8243; width=\u00bb20&#8243; height=\u00bb20&#8243; titleclr=\u00bb#811a18&#8243; icon=\u00bbfas fa-hiking\u00bb iconclr=\u00bb#811a18&#8243; title=\u00bbD\u00cdA 4: DE MASAI MARA AL SERENGETI\u00bb lineheight=\u00bb2&#8243; iconbg=\u00bb#f8f8f8&#8243; borderclr=\u00bb#f8f8f8&#8243;]\n<ul>\n<li>Desayuno temprano en el campamento o albergue.<\/li>\n<li>Salga del albergue y conduzca hasta la pista de aterrizaje de Masai Mara con safaris en ruta.<\/li>\n<li>Realice el check-in para su vuelo al Serengeti.<\/li>\n<li>A su llegada a la pista de aterrizaje del Serengeti, nuestro otro gu\u00eda del parque del Serengeti lo recoger\u00e1 y lo trasladar\u00e1 al campamento para almorzar y relajarse.<\/li>\n<li>Relax, descanso, parte de la tarde.<\/li>\n<li>Safaris nocturnos hasta la puesta del sol.<\/li>\n<li>Cena y alojamiento en el albergue o campamento.<\/li>\n<\/ul>\n[\/info_list_son][info_list_son style=\u00bbicon\u00bb size=\u00bb15&#8243; width=\u00bb20&#8243; height=\u00bb20&#8243; titleclr=\u00bb#811a18&#8243; icon=\u00bbfas fa-hiking\u00bb iconclr=\u00bb#811a18&#8243; title=\u00bbD\u00cdA 5 Y 6: SAFARIS POR EL SERENGETI\u00bb lineheight=\u00bb2&#8243; iconbg=\u00bb#f8f8f8&#8243; borderclr=\u00bb#f8f8f8&#8243;]\n<ul>\n<li>Un viaje de observaci\u00f3n de animales de d\u00eda completo mientras exploramos esta vasta reserva de vida silvestre dotada de naturaleza.<\/li>\n<li>Las opciones de sesiones de observaci\u00f3n de juegos por la ma\u00f1ana y por la tarde o durante todo el d\u00eda est\u00e1n disponibles para usted.<\/li>\n<li>La migraci\u00f3n anual de \u00f1us es la atracci\u00f3n m\u00e1s famosa del Serengeti.<\/li>\n<li>Tambi\u00e9n es el hogar de una manada de leones a los que se les han equipado collares transmisores de radio para que se puedan rastrear sus movimientos.<\/li>\n<li>Otros animales salvajes que puede ver incluyen guepardo, cebra, jirafa, gacela de Thompson y Grant, Eland, Impala, Klipspringer, hipop\u00f3tamo y jabal\u00ed.<\/li>\n<\/ul>\n[\/info_list_son][info_list_son style=\u00bbicon\u00bb size=\u00bb15&#8243; width=\u00bb20&#8243; height=\u00bb20&#8243; titleclr=\u00bb#811a18&#8243; icon=\u00bbfas fa-hiking\u00bb iconclr=\u00bb#811a18&#8243; title=\u00bbD\u00cdA 7: VUELO DEL SERENGETI AL CR\u00c1TER DEL NGORONGORO\u00bb lineheight=\u00bb2&#8243; iconbg=\u00bb#f8f8f8&#8243; borderclr=\u00bb#f8f8f8&#8243;]\n<ul>\n<li>Desayuno temprano en el campamento o albergue.<\/li>\n<li>Salida con equipaje con almuerzos para llevar y conduzca hacia la pista de aterrizaje del Serengeti para volar a nuestro pr\u00f3ximo y \u00faltimo destino magn\u00edfico, el cr\u00e1ter del Ngorongoro.<\/li>\n<li>El vuelo volar\u00e1 durante aproximadamente 40 minutos y a su llegada nuestro gu\u00eda lo estar\u00e1 esperando para recibirlo y trasladarlo a su respectivo campamento o albergue.<\/li>\n<li>Almuerzo en el albergue o campamento.<\/li>\n<li data-shorten=\"300\">Descanso parte de la tarde libre y disfrutando de las comodidades del hotel y disfrutando de la impresionante vista del cr\u00e1ter desde el campamento o albergue.<\/li>\n<\/ul>\n[\/info_list_son][info_list_son style=\u00bbicon\u00bb size=\u00bb15&#8243; width=\u00bb20&#8243; height=\u00bb20&#8243; titleclr=\u00bb#811a18&#8243; icon=\u00bbfas fa-hiking\u00bb iconclr=\u00bb#811a18&#8243; title=\u00bbD\u00cdA 8: CR\u00c1TER DE NGORONGORO\u00bb lineheight=\u00bb2&#8243; iconbg=\u00bb#f8f8f8&#8243; borderclr=\u00bb#f8f8f8&#8243;]\n<ul>\n<li>Desayuno en el lodge.<\/li>\n<li>M\u00e1s tarde, descienda al suelo del cr\u00e1ter para la observaci\u00f3n de animales en este parque de calderas \u00fanico.<\/li>\n<li>Estaremos atentos a rinocerontes, leones, elefantes, leopardos, guepardos, b\u00fafalos e hipop\u00f3tamos.<\/li>\n<li>M\u00e1s tarde ascendemos al borde del cr\u00e1ter para almorzar en el campamento.<\/li>\n<li>Haga algunas caminatas por la naturaleza alrededor del cr\u00e1ter m\u00e1s tarde y regrese al campamento.<\/li>\n<li>\u00a1Echa un vistazo a las vistas m\u00e1s magn\u00edficas del atardecer en \u00c1frica desde el borde del cr\u00e1ter!<\/li>\n<li>Regreso al albergue o campamento para cenar y pasar la noche.<\/li>\n<\/ul>\n[\/info_list_son][info_list_son style=\u00bbicon\u00bb size=\u00bb15&#8243; width=\u00bb20&#8243; height=\u00bb20&#8243; titleclr=\u00bb#811a18&#8243; icon=\u00bbfas fa-hiking\u00bb iconclr=\u00bb#811a18&#8243; title=\u00bbD\u00cdA 9: VUELO DE NGORONGORO A ZANZ\u00cdBAR\u00bb lineheight=\u00bb2&#8243; iconbg=\u00bb#f8f8f8&#8243; borderclr=\u00bb#f8f8f8&#8243;]\n<ul>\n<li>Vistas del amanecer desde el borde del cr\u00e1ter.<\/li>\n<li>Disfrute de su desayuno matutino en el albergue y m\u00e1s tarde haga el check-out y dir\u00edjase a la pista de aterrizaje de Manyara para volar a Arusha y conectar con el vuelo de Zanz\u00edbar.<\/li>\n<li>A su llegada a Zanz\u00edbar, nuestro equipo lo estar\u00e1 esperando para recibirlo y darle la bienvenida a esta hermosa isla de Zanz\u00edbar mientras lo trasladan a su resort a lo largo de las playas de arena.<\/li>\n<li>A la llegada al resort se registra y disfruta del descanso parte de la tarde a lo largo de la playa o en el tiempo libre del resort.<\/li>\n<li>Cena y alojamiento en el resort.<\/li>\n<\/ul>\n[\/info_list_son][info_list_son style=\u00bbicon\u00bb size=\u00bb15&#8243; width=\u00bb20&#8243; height=\u00bb20&#8243; titleclr=\u00bb#811a18&#8243; icon=\u00bbfas fa-hiking\u00bb iconclr=\u00bb#811a18&#8243; title=\u00bbD\u00cdA 10 Y 11: ZANZ\u00cdBAR EN SU TIEMPO LIBRE\u00bb lineheight=\u00bb2&#8243; iconbg=\u00bb#f8f8f8&#8243; borderclr=\u00bb#f8f8f8&#8243;]\n<ul>\n<li>Despu\u00e9s del desayuno, los hu\u00e9spedes tienen la opci\u00f3n de hacer un recorrido por las playas de arena en las afueras del hotel.<\/li>\n<li>Si tambi\u00e9n lo desea puede relajarse y disfrutar de las comodidades del hotel, como la nataci\u00f3n en el hotel y las actividades que se ofrecen en el hotel a su propio costo si se cobra.<\/li>\n<\/ul>\n[\/info_list_son][info_list_son style=\u00bbicon\u00bb size=\u00bb15&#8243; width=\u00bb20&#8243; height=\u00bb20&#8243; titleclr=\u00bb#811a18&#8243; icon=\u00bbfas fa-hiking\u00bb iconclr=\u00bb#811a18&#8243; title=\u00bbD\u00cdA 12: ZANZ\u00cdBAR VUELA DE VUELTA A CASA\u00bb lineheight=\u00bb2&#8243; iconbg=\u00bb#f8f8f8&#8243; borderclr=\u00bb#f8f8f8&#8243;]\n<ul>\n<li>Desayuno temprano en el campamento o albergue.<\/li>\n<li>Dir\u00edjase al aeropuerto m\u00e1s tarde para conectarse con su vuelo internacional de regreso a casa.<\/li>\n<\/ul>\n[\/info_list_son][\/info_list_father][\/vc_tta_section][vc_tta_section title=\u00bbTarifas\u00bb tab_id=\u00bb1633454673248-4ec9e207-8783&#8243;][vc_column_text]\n<div>\n<h3>Importante saber:<\/h3>\n<ul>\n<li>Todos nuestros safaris son privados.<\/li>\n<li>Los ni\u00f1os de 0 a 2 a\u00f1os entran gratis.<\/li>\n<li>Los ni\u00f1os de 3 a 12 a\u00f1os pagan el 50% de la tarifa de adulto si comparten la misma habitaci\u00f3n con adultos.<\/li>\n<li>Los ni\u00f1os de 3 a 12 a\u00f1os pagan el 75% de la tarifa de adulto si se alojan en su propia habitaci\u00f3n separada de los adultos.<\/li>\n<li>Los ni\u00f1os mayores de 12 a\u00f1os son reconocidos como adultos en campamentos y albergues.<\/li>\n<\/ul>\n<\/div>\n<h3><\/h3>\n<h3>Tarifas por persona<\/h3>\n<h3 style=\"text-align: center;\">\u00a1No se encontr\u00f3 wpDataTable con el ID proporcionado!<\/h3>\n<p style=\"text-align: center;\"><span style=\"color: #6a2e2e;\">LUJO (Angama Mara + Lemala Nanyukie \/ Lemala Ngorongoro + Meli\u00e1 Zanz\u00edbar)<\/span><\/p>\n<p style=\"text-align: center;\">\u00a1No se encontr\u00f3 wpDataTable con el ID proporcionado!\n<p>&nbsp;<\/p>\n<h3 style=\"text-align: center;\"><\/h3>\n<p style=\"text-align: center;\"><span style=\"color: #822659;\">SUPER LUJO (Angama Mara + Four Seasons Serengeti + &amp; Beyond Ngorongoro + The Residence Zanzibar)<\/span><\/p>\n<p style=\"text-align: center;\">\u00a1No se encontr\u00f3 wpDataTable con el ID proporcionado!\n<h3><span style=\"font-size: 16px;\">Renuncia:<\/span><\/h3>\n<div>\n<ul>\n<li>Este tour es ofrecido por <a href=\"https:\/\/mufasatoursandtravels.com\/es\/\">Mufasa Tours and Travels<\/a>.<\/li>\n<li>Este operador se reserva el derecho de cambiar las tarifas anunciadas.<\/li>\n<li>Si solicita cambios en este tour, es probable que las tarifas anunciadas cambien.<\/li>\n<li>Si un alojamiento est\u00e1 completo, el operador sugerir\u00e1 opciones alternativas comparables.<\/li>\n<li>El pedido exacto, el contenido y las tarifas de este tour est\u00e1n sujetos a disponibilidad.<\/li>\n<li>Este tour est\u00e1 sujeto a los <a href=\"https:\/\/mufasatoursandtravels.com\/terms-and-conditions\/\">t\u00e9rminos y condiciones<\/a> de <a href=\"https:\/\/mufasatoursandtravels.com\/es\/\">Mufasa Tours and Travels.<\/a><\/li>\n<\/ul>\n<\/div>\n[\/vc_column_text][\/vc_tta_section][vc_tta_section title=\u00bbInclusivo\/Exclusivo\u00bb tab_id=\u00bb1633455601016-f93699bc-5d92&#8243;][vc_row_inner][vc_column_inner width=\u00bb1\/2&#8243;][info_list_father listclr=\u00bb#f8f8f8&#8243;][info_list_son style=\u00bbicon\u00bb size=\u00bb15&#8243; width=\u00bb20&#8243; height=\u00bb20&#8243; titleclr=\u00bb#890000&#8243; icon=\u00bbfas fa-plane-departure\u00bb iconclr=\u00bb#890000&#8243; title=\u00bbINCLUIDO\u00bb lineheight=\u00bb2&#8243; borderclr=\u00bb#f8f8f8&#8243; iconbg=\u00bb#f8f8f8&#8243;]\n<ul>\n<li>Tarifas del parque para el parque declaradas.<\/li>\n<li>Transporte en un Landcruiser de lados abiertos.<\/li>\n<li>Safaris seg\u00fan lo programado en el programa.<\/li>\n<li>Servicio de un gu\u00eda conductor profesional.<\/li>\n<li>Comidas en pensi\u00f3n completa en el albergue \/ campamento.<\/li>\n<li>11 noches de alojamiento en el respectivo hotel indicado.<\/li>\n<li>Vuelos dom\u00e9sticos seg\u00fan lo programado en el programa<\/li>\n<\/ul>\n[\/info_list_son][\/info_list_father][\/vc_column_inner][vc_column_inner width=\u00bb1\/2&#8243;][info_list_father listclr=\u00bb#f8f8f8&#8243;][info_list_son style=\u00bbicon\u00bb size=\u00bb15&#8243; width=\u00bb20&#8243; height=\u00bb20&#8243; titleclr=\u00bb#890000&#8243; icon=\u00bbfas fa-plane-arrival\u00bb iconclr=\u00bb#890000&#8243; title=\u00bbEXCLUIDOS\u00bb lineheight=\u00bb2&#8243; borderclr=\u00bb#f8f8f8&#8243; iconbg=\u00bb#f8f8f8&#8243;]\n<ul>\n<li>Visita cultural a la aldea Masai.<\/li>\n<li>Propinas para gu\u00eda del conductor (<strong>Muy recomendable<\/strong>).<\/li>\n<li>Art\u00edculos personales (Souvenirs, seguro de viaje, tasas de visado, etc.).<\/li>\n<li>Alojamiento adicional antes y al final del tour.<\/li>\n<li>El gobierno impuso un aumento en los impuestos y\/o tarifas del parque.<\/li>\n<li>Paseos en globo aerost\u00e1tico @ $ 450 por adulto \/ $ 350 por ni\u00f1o (<strong>menores de 18 a\u00f1os<\/strong>) en Kenia.<\/li>\n<li>Tasas de visado de Kenia a Tanzania de 100 d\u00f3lares por persona<\/li>\n<li>La franquicia de equipaje est\u00e1 <strong>ESTRICTAMENTE<\/strong> limitada a 15 kg por persona.<\/li>\n<li>Los beb\u00e9s que no paguen por un asiento, NO tienen derecho a la franquicia de equipaje.<\/li>\n<\/ul>\n[\/info_list_son][\/info_list_father][\/vc_column_inner][\/vc_row_inner][\/vc_tta_section][vc_tta_section title=\u00bbMapa\u00bb tab_id=\u00bb1633892890537-5637ec0b-4c69&#8243;][vc_gmaps link=\u00bb#E-8_JTNDaWZyYW1lJTIwc3JjJTNEJTIyaHR0cHMlM0ElMkYlMkZ3d3cuZ29vZ2xlLmNvbSUyRm1hcHMlMkZlbWJlZCUzRnBiJTNEJTIxMW0xOCUyMTFtMTIlMjExbTMlMjExZDYzMDQuODI5OTg2MTMxMjcxJTIxMmQtMTIyLjQ3NDY5NjgwMzMwOTIlMjEzZDM3LjgwMzc0NzUyMTYwNDQzJTIxMm0zJTIxMWYwJTIxMmYwJTIxM2YwJTIxM20yJTIxMWkxMDI0JTIxMmk3NjglMjE0ZjEzLjElMjEzbTMlMjExbTIlMjExczB4ODA4NTg2ZTYzMDI2MTVhMSUyNTNBMHg4NmJkMTMwMjUxNzU3YzAwJTIxMnNTdG9yZXklMkJBdmUlMjUyQyUyQlNhbiUyQkZyYW5jaXNjbyUyNTJDJTJCQ0ElMkI5NDEyOSUyMTVlMCUyMTNtMiUyMTFzZW4lMjEyc3VzJTIxNHYxNDM1ODI2NDMyMDUxJTIyJTIwd2lkdGglM0QlMjI2MDAlMjIlMjBoZWlnaHQlM0QlMjI0NTAlMjIlMjBmcmFtZWJvcmRlciUzRCUyMjAlMjIlMjBzdHlsZSUzRCUyMmJvcmRlciUzQTAlMjIlMjBhbGxvd2Z1bGxzY3JlZW4lM0QlMjIlMjIlM0UlM0MlMkZpZnJhbWUlM0U=\u00bb][\/vc_tta_section][\/vc_tta_tabs][\/vc_column][\/vc_row]\n","protected":false},"excerpt":{"rendered":"<p>[vc_row full_width=\u00bbstretch_row\u00bb gap=\u00bb1&#8243;][vc_column parallax=\u00bbcontent-moving\u00bb parallax_image=\u00bb11238&#8243; parallax_speed_bg=\u00bb1.9&#8243; css=\u00bb.vc_custom_1687333893434{padding-top: 80px !important;padding-right: 80px !important;padding-bottom: 80px !important;padding-left: 80px !important;}\u00bb][vc_custom_heading text=\u00bbKENIA, TANZANIA, SAFARI GRANDEUR\u00bb font_container=\u00bbtag:h1|font_size:32|text_align:center|color:%23ffffff\u00bb google_fonts=\u00bbfont_family:Roboto%3A100%2C100italic%2C300%2C300italic%2Cregular%2Citalic%2C500%2C500italic%2C700%2C700italic%2C900%2C900italic|font_style:400%20regular%3A400%3Anormal\u00bb][vc_separator color=\u00bbcustom\u00bb border_width=\u00bb2&#8243; el_width=\u00bb80&#8243;][vc_custom_heading text=\u00bbNairobi \u21fe Masai Mara \u21fe Serengeti \u21fe Ngorongoro \u21fe Zanz\u00edbar\u00bb font_container=\u00bbtag:h2|font_size:18|text_align:center|color:%23ffffff\u00bb google_fonts=\u00bbfont_family:Roboto%3A100%2C100italic%2C300%2C300italic%2Cregular%2Citalic%2C500%2C500italic%2C700%2C700italic%2C900%2C900italic|font_style:400%20regular%3A400%3Anormal\u00bb][\/vc_column][\/vc_row][vc_row][vc_column css=\u00bb.vc_custom_1678178999567{border-top-width: 10px !important;border-right-width: 10px !important;border-bottom-width: 10px !important;border-left-width: 10px !important;}\u00bb][vc_tta_tabs shape=\u00bbsquare\u00bb color=\u00bbjuicy-pink\u00bb alignment=\u00bbcenter\u00bb active_section=\u00bb1&#8243; no_fill_content_area=\u00bbtrue\u00bb][vc_tta_section title=\u00bbPrograma\u00bb tab_id=\u00bb1633454673222-3d94f956-010c\u00bb][info_list_father listclr=\u00bb#f8f8f8&#8243;][info_list_son style=\u00bbicon\u00bb size=\u00bb15&#8243; [&hellip;]<\/p>\n","protected":false},"author":4,"featured_media":0,"parent":27970,"menu_order":4,"comment_status":"closed","ping_status":"closed","template":"","meta":{"_themeisle_gutenberg_block_has_review":false,"footnotes":""},"class_list":["post-30773","page","type-page","status-publish","hentry"],"_links":{"self":[{"href":"https:\/\/mufasatoursandtravels.com\/es\/wp-json\/wp\/v2\/pages\/30773","targetHints":{"allow":["GET"]}}],"collection":[{"href":"https:\/\/mufasatoursandtravels.com\/es\/wp-json\/wp\/v2\/pages"}],"about":[{"href":"https:\/\/mufasatoursandtravels.com\/es\/wp-json\/wp\/v2\/types\/page"}],"author":[{"embeddable":true,"href":"https:\/\/mufasatoursandtravels.com\/es\/wp-json\/wp\/v2\/users\/4"}],"replies":[{"embeddable":true,"href":"https:\/\/mufasatoursandtravels.com\/es\/wp-json\/wp\/v2\/comments?post=30773"}],"version-history":[{"count":1,"href":"https:\/\/mufasatoursandtravels.com\/es\/wp-json\/wp\/v2\/pages\/30773\/revisions"}],"predecessor-version":[{"id":30775,"href":"https:\/\/mufasatoursandtravels.com\/es\/wp-json\/wp\/v2\/pages\/30773\/revisions\/30775"}],"up":[{"embeddable":true,"href":"https:\/\/mufasatoursandtravels.com\/es\/wp-json\/wp\/v2\/pages\/27970"}],"wp:attachment":[{"href":"https:\/\/mufasatoursandtravels.com\/es\/wp-json\/wp\/v2\/media?parent=30773"}],"curies":[{"name":"wp","href":"https:\/\/api.w.org\/{rel}","templated":true}]}}