{"id":30792,"date":"2022-03-08T07:39:00","date_gmt":"2022-03-08T04:39:00","guid":{"rendered":"https:\/\/mufasatoursandtravels.com\/safari-por-las-praderas-magicas\/"},"modified":"2025-04-08T12:08:44","modified_gmt":"2025-04-08T09:08:44","slug":"safari-por-las-praderas-magicas","status":"publish","type":"page","link":"https:\/\/mufasatoursandtravels.com\/es\/safaris-en-kenia-tanzania-y-zanzibar\/safari-por-las-praderas-magicas\/","title":{"rendered":"Safari por las praderas m\u00e1gicas"},"content":{"rendered":"[vc_row full_width=\u00bbstretch_row\u00bb css=\u00bb.vc_custom_1678180001449{border-top-width: 10px !important;border-right-width: 10px !important;border-bottom-width: 10px !important;border-left-width: 10px !important;}\u00bb][vc_column parallax=\u00bbcontent-moving\u00bb parallax_image=\u00bb11240&#8243; parallax_speed_bg=\u00bb2&#8243; css=\u00bb.vc_custom_1687334420316{padding-top: 80px !important;padding-right: 80px !important;padding-bottom: 80px !important;padding-left: 80px !important;}\u00bb][vc_custom_heading text=\u00bbSAFARI POR PRADERAS M\u00c1GICAS\u00bb font_container=\u00bbtag:h1|font_size:32|text_align:center|color:%23ffffff\u00bb google_fonts=\u00bbfont_family:Roboto%3A100%2C100italic%2C300%2C300italic%2Cregular%2Citalic%2C500%2C500italic%2C700%2C700italic%2C900%2C900italic|font_style:400%20regular%3A400%3Anormal\u00bb][vc_separator color=\u00bbcustom\u00bb border_width=\u00bb2&#8243; el_width=\u00bb80&#8243; accent_color=\u00bb#f8f8f8&#8243;][vc_custom_heading text=\u00bbNairobi \u21fe Masai Mara \u21fe Serengeti \u21fe Ngorongoro \u21fe Arusha\u00bb font_container=\u00bbtag:h2|font_size:18|text_align:center|color:%23ffffff\u00bb google_fonts=\u00bbfont_family:Roboto%3A100%2C100italic%2C300%2C300italic%2Cregular%2Citalic%2C500%2C500italic%2C700%2C700italic%2C900%2C900italic|font_style:400%20regular%3A400%3Anormal\u00bb][\/vc_column][\/vc_row][vc_row full_width=\u00bbstretch_row\u00bb css=\u00bb.vc_custom_1678180022045{border-top-width: 10px !important;border-right-width: 10px !important;border-bottom-width: 10px !important;border-left-width: 10px !important;}\u00bb][vc_column css=\u00bb.vc_custom_1678179839232{border-top-width: 10px !important;border-right-width: 10px !important;border-bottom-width: 10px !important;border-left-width: 10px !important;}\u00bb][vc_tta_tabs color=\u00bbjuicy-pink\u00bb alignment=\u00bbcenter\u00bb active_section=\u00bb1&#8243;][vc_tta_section title=\u00bbPrograma\u00bb tab_id=\u00bb1678179958238-758941b9-aa79&#8243;][info_list_father listclr=\u00bb#f8f8f8&#8243;][info_list_son style=\u00bbicon\u00bb size=\u00bb15&#8243; width=\u00bb20&#8243; height=\u00bb20&#8243; titleclr=\u00bb#890000&#8243; icon=\u00bbfas fa-hiking\u00bb iconclr=\u00bb#890000&#8243; title=\u00bbD\u00cdA 1: VUELO DE NAIROBI A MASAI MARA\u00bb iconbg=\u00bb#f8f8f8&#8243; borderclr=\u00bb#f8f8f8&#8243;]\n<ul>\n<li>Lo recoger\u00e1n de su respectivo hotel\/aeropuerto en Nairobi a las 8:30 am.<\/li>\n<li>Te dejar\u00e1n en el aeropuerto de Wilson para facturar tu vuelo a Masai Mara.<\/li>\n<li>Vuelo a Masai Mara (Aproximadamente 1 hora)<\/li>\n<li>A su llegada a la pista de aterrizaje, ser\u00e1 recibido por nuestro gu\u00eda y trasladado al campamento con safaris en ruta.<\/li>\n<li>Almuerzo en el campamento y check in.<\/li>\n<li>Rel\u00e1jese, descanse parte de la tarde y disfrute de las comodidades del hotel, como la nataci\u00f3n, etc.<\/li>\n<li>Realice un safari nocturno hasta el atardecer.<\/li>\n<li>Cena y alojamiento en el campamento o albergue.<\/li>\n<\/ul>\n[\/info_list_son][info_list_son style=\u00bbicon\u00bb size=\u00bb15&#8243; width=\u00bb20&#8243; height=\u00bb20&#8243; titleclr=\u00bb#890000&#8243; icon=\u00bbfas fa-hiking\u00bb iconclr=\u00bb#890000&#8243; title=\u00bbD\u00cdA 2 Y 3: SAFARIS MASAI MARA\u00bb iconbg=\u00bb#f8f8f8&#8243; borderclr=\u00bb#f8f8f8&#8243;]\n<ul>\n<li data-shorten=\"300\">Desayuno temprano en el campamento o albergue.<\/li>\n<li data-shorten=\"300\">Despu\u00e9s del desayuno, los hu\u00e9spedes temprano en la ma\u00f1ana partir\u00e1n para un d\u00eda completo en la <a href=\"https:\/\/www.safaribookings.com\/masai-mara\" rel=\"nofollow noopener\" target=\"_blank\">Reserva Nacional de Masai Mara<\/a> en busca <a href=\"https:\/\/www.nationalgeographic.com\/animals\/article\/africa-big-five-safaris-lions\" rel=\"nofollow noopener\" target=\"_blank\">de los cinco grandes de \u00c1frica<\/a> bajo el techo abierto de un veh\u00edculo tur\u00edstico con almuerzo para llevar que se servir\u00e1 como almuerzo de picnic en la sabana salvaje. Los <a href=\"https:\/\/www.nationalgeographic.com\/animals\/article\/africa-big-five-safaris-lions\" rel=\"nofollow noopener\" target=\"_blank\">Cinco Grandes de \u00c1frica<\/a> son el elefante africano, el le\u00f3n, el rinoceronte, el b\u00fafalo y el leopardo y una variedad de especies de aves de m\u00e1s de 200 especies y herb\u00edvoros como cebras, \u00f1us en grandes cantidades en ruta hacia el <a href=\"https:\/\/en.wikipedia.org\/wiki\/Mara_River\" rel=\"nofollow noopener\" target=\"_blank\">Gran R\u00edo Mara<\/a> , donde la octava maravilla del mundo ocurre cada a\u00f1o de julio a agosto llamada <a href=\"https:\/\/www.masaimara.com\/great-migration-kenya.php#:~:text=Each%20year%2C%20over%20two%20million,an%20iconic%20safari%20must%2Dsee.\" rel=\"nofollow noopener\" target=\"_blank\">La Gran Migraci\u00f3n de \u00f1us<\/a>. Ver\u00e1 esta incre\u00edble vida silvestre durante el d\u00eda completo de safari desde el techo abierto del veh\u00edculo para disfrutar de excelentes vistas y fotograf\u00edas hasta \u00faltima hora de la tarde.  <\/li>\n<li data-shorten=\"300\">Regreso al albergue para cenar y pasar la noche en el campamento o albergue.<\/li>\n<\/ul>\n[\/info_list_son][info_list_son style=\u00bbicon\u00bb size=\u00bb15&#8243; width=\u00bb20&#8243; height=\u00bb20&#8243; titleclr=\u00bb#890000&#8243; icon=\u00bbfas fa-hiking\u00bb iconclr=\u00bb#890000&#8243; title=\u00bbD\u00cdA 4: MASAI MARA VUELA AL SERENGETI\u00bb iconbg=\u00bb#f8f8f8&#8243; borderclr=\u00bb#f8f8f8&#8243;]\n<ul>\n<li>Desayuno temprano en el campamento o albergue.<\/li>\n<li>Salga del albergue y conduzca hasta la pista de aterrizaje de Masai Mara con safaris en ruta.<\/li>\n<li>Realice el check-in para su vuelo al Serengeti.<\/li>\n<li>A su llegada a la pista de aterrizaje del Serengeti, nuestro otro gu\u00eda del parque del Serengeti lo recoger\u00e1 y lo trasladar\u00e1 al campamento para almorzar y relajarse.<\/li>\n<li>Relax, descanso, parte de la tarde.<\/li>\n<li>Safaris nocturnos hasta la puesta del sol.<\/li>\n<li>Cena y alojamiento en el albergue o campamento.<\/li>\n<\/ul>\n[\/info_list_son][info_list_son style=\u00bbicon\u00bb size=\u00bb15&#8243; width=\u00bb20&#8243; height=\u00bb20&#8243; titleclr=\u00bb#890000&#8243; icon=\u00bbfas fa-hiking\u00bb iconclr=\u00bb#890000&#8243; title=\u00bbD\u00cdA 5 Y 6: SAFARIS POR EL SERENGETI\u00bb iconbg=\u00bb#f8f8f8&#8243; borderclr=\u00bb#f8f8f8&#8243;]\n<ul>\n<li>Un viaje de observaci\u00f3n de animales de d\u00eda completo mientras exploramos esta vasta reserva de vida silvestre dotada de naturaleza.<\/li>\n<li>Las opciones de sesiones de observaci\u00f3n de juegos por la ma\u00f1ana y por la tarde o durante todo el d\u00eda est\u00e1n disponibles para usted.<\/li>\n<li>La migraci\u00f3n anual de \u00f1us es la atracci\u00f3n m\u00e1s famosa del Serengeti.<\/li>\n<li>Tambi\u00e9n es el hogar de una manada de leones a los que se les han equipado collares transmisores de radio para que se puedan rastrear sus movimientos.<\/li>\n<li>Otros animales salvajes que puede ver incluyen guepardo, cebra, jirafa, gacela de Thompson y Grant, Eland, Impala, Klipspringer, hipop\u00f3tamo y jabal\u00ed.<\/li>\n<\/ul>\n[\/info_list_son][info_list_son style=\u00bbicon\u00bb size=\u00bb15&#8243; width=\u00bb20&#8243; height=\u00bb20&#8243; titleclr=\u00bb#890000&#8243; icon=\u00bbfas fa-hiking\u00bb iconclr=\u00bb#890000&#8243; title=\u00bbD\u00cdA 7: VUELO DEL SERENGETI AL CR\u00c1TER DEL NGORONGORO\u00bb iconbg=\u00bb#f8f8f8&#8243; borderclr=\u00bb#f8f8f8&#8243;]\n<ul>\n<li>Desayuno temprano en el campamento o albergue.<\/li>\n<li>Salida con equipaje con almuerzos para llevar y conduzca hacia la pista de aterrizaje del Serengeti para volar a nuestro pr\u00f3ximo y \u00faltimo destino magn\u00edfico, el cr\u00e1ter del Ngorongoro.<\/li>\n<li>El vuelo volar\u00e1 durante aproximadamente 40 minutos y a su llegada nuestro gu\u00eda lo estar\u00e1 esperando para recibirlo y trasladarlo a su respectivo campamento o albergue.<\/li>\n<li>Almuerzo en el albergue o campamento.<\/li>\n<li>M\u00e1s tarde en la tarde, descienda al fondo del cr\u00e1ter para observar animales en este parque de caldera \u00fanico.<\/li>\n<li>Estaremos atentos a rinocerontes, leones, elefantes, leopardos, guepardos, b\u00fafalos e hipop\u00f3tamos.<\/li>\n<li>M\u00e1s tarde ascendemos hasta el borde del cr\u00e1ter.<\/li>\n<li>\u00a1Echa un vistazo a las vistas m\u00e1s magn\u00edficas del atardecer en \u00c1frica desde el borde del cr\u00e1ter!<\/li>\n<li>Regreso al albergue o campamento para cenar y pasar la noche.<\/li>\n<\/ul>\n[\/info_list_son][info_list_son style=\u00bbicon\u00bb size=\u00bb15&#8243; width=\u00bb20&#8243; height=\u00bb20&#8243; titleclr=\u00bb#890000&#8243; icon=\u00bbfas fa-hiking\u00bb iconclr=\u00bb#890000&#8243; title=\u00bbD\u00cdA 8: VUELO DE NGORONGORO A ARUSHA\u00bb iconbg=\u00bb#f8f8f8&#8243; borderclr=\u00bb#f8f8f8&#8243;]\n<ul>\n<li>Vistas del amanecer desde el borde del cr\u00e1ter.<\/li>\n<li>Disfrute de su desayuno matutino en el albergue y m\u00e1s tarde haga el check-out y dir\u00edjase a la pista de aterrizaje de Manyara para volar a Arusha y ser trasladado a su hotel de elecci\u00f3n o aeropuerto internacional para conectarse con su otro destino mientras nos despedimos.<\/li>\n<\/ul>\n[\/info_list_son][\/info_list_father][\/vc_tta_section][vc_tta_section title=\u00bbTarifas\u00bb tab_id=\u00bb1678179958457-a587d001-1db1&#8243;][vc_column_text]\n<div class=\"tour__content__block tour__content__block--rates\">\n<h3>Importante saber:<\/h3>\n<ul class=\"list list--icon list--icon-arrow\">\n<li>Todos nuestros safaris son privados.<\/li>\n<li>Los ni\u00f1os de 0 a 2 a\u00f1os entran gratis.<\/li>\n<li>Los ni\u00f1os de 3 a 12 a\u00f1os pagan el 50% de la tarifa de adulto si comparten la misma habitaci\u00f3n con adultos.<\/li>\n<li>Los ni\u00f1os de 3 a 12 a\u00f1os pagan el 75% de la tarifa de adulto si se alojan en su propia habitaci\u00f3n separada de los adultos.<\/li>\n<li>Los ni\u00f1os mayores de 12 a\u00f1os son reconocidos como adultos en campamentos y albergues.<\/li>\n<\/ul>\n<\/div>\n<h3><\/h3>\n<h3 class=\"show-430\">Tarifas por persona<\/h3>\n\u00a1No se encontr\u00f3 wpDataTable con el ID proporcionado!\n<p style=\"text-align: center;\"><span style=\"color: #6a2e2e;\">LUJO ( Campamento Angama Mara + Campamento Lemala Nanyukie + Lemala Ngorongoro)<\/span><\/p>\n<p style=\"text-align: center;\">\u00a1No se encontr\u00f3 wpDataTable con el ID proporcionado!\n<h3><\/h3>\n<h3><\/h3>\n<p style=\"text-align: center;\"><span style=\"color: #822659;\">SUPER LUJO (&amp; m\u00e1s all\u00e1 de Bateleur + Four Seasons Serengeti + &amp; m\u00e1s all\u00e1 de Ngorongoro)<\/span><\/p>\n<p style=\"text-align: center;\">\u00a1No se encontr\u00f3 wpDataTable con el ID proporcionado!\n<h3 class=\"title budget-title\"><span style=\"font-size: 16px;\">Renuncia:<\/span><\/h3>\n<div class=\"col col-12 tour__disclaimer avoid-break-p\">\n<div class=\"col col-12 tour__disclaimer avoid-break-p\">\n<ul class=\"list list--icon list--icon-arrow list--icon-nopadding txt--small txt--grey\">\n<li>Este tour es ofrecido por <a href=\"https:\/\/mufasatoursandtravels.com\/es\/\">Mufasa Tours and Travels<\/a>.<\/li>\n<li>Este operador se reserva el derecho de cambiar las tarifas anunciadas.<\/li>\n<li>Si solicita cambios en este tour, es probable que las tarifas anunciadas cambien.<\/li>\n<li>Si un alojamiento est\u00e1 completo, el operador sugerir\u00e1 opciones alternativas comparables.<\/li>\n<li>El pedido exacto, el contenido y las tarifas de este tour est\u00e1n sujetos a disponibilidad.<\/li>\n<li>Este tour est\u00e1 sujeto a los <a href=\"https:\/\/mufasatoursandtravels.com\/terms-and-conditions\/\">t\u00e9rminos y condiciones<\/a> de <a href=\"https:\/\/mufasatoursandtravels.com\/es\/\">Mufasa Tours and Travels.<\/a><\/li>\n<\/ul>\n<\/div>\n<\/div>\n[\/vc_column_text][\/vc_tta_section][vc_tta_section title=\u00bbInclusivo\/Exclusivo\u00bb tab_id=\u00bb1678179958536-64455e5d-88cb\u00bb][vc_row_inner][vc_column_inner width=\u00bb1\/2&#8243;][info_list_father listclr=\u00bb#f8f8f8&#8243;][info_list_son style=\u00bbicon\u00bb size=\u00bb15&#8243; width=\u00bb20&#8243; height=\u00bb20&#8243; titleclr=\u00bb#890000&#8243; icon=\u00bbfas fa-plane-departure\u00bb iconclr=\u00bb#890000&#8243; title=\u00bbINCLUIDO\u00bb borderclr=\u00bb#f8f8f8&#8243; iconbg=\u00bb#f8f8f8&#8243;]\n<ul>\n<li>Tarifas del parque para el parque declaradas.<\/li>\n<li>Transporte en un Land cruiser de costado abierto.<\/li>\n<li>Servicio de un gu\u00eda conductor profesional.<\/li>\n<li>Comidas en pensi\u00f3n completa en el albergue \/ campamento.<\/li>\n<li>7 noches de alojamiento en el respectivo hotel indicado.<\/li>\n<li>Vuelos dom\u00e9sticos indicados en el programa.<\/li>\n<\/ul>\n[\/info_list_son][\/info_list_father][\/vc_column_inner][vc_column_inner width=\u00bb1\/2&#8243;][info_list_father listclr=\u00bb#f8f8f8&#8243;][info_list_son style=\u00bbicon\u00bb size=\u00bb15&#8243; width=\u00bb20&#8243; height=\u00bb20&#8243; titleclr=\u00bb#890000&#8243; icon=\u00bbfas fa-plane-arrival\u00bb iconclr=\u00bb#890000&#8243; title=\u00bbEXCLUIDOS\u00bb borderclr=\u00bb#f8f8f8&#8243; iconbg=\u00bb#f8f8f8&#8243;]\n<ul>\n<li>Visita cultural a la aldea Masai.<\/li>\n<li>Propinas para gu\u00eda del conductor (<strong>Muy recomendable<\/strong>).<\/li>\n<li>Art\u00edculos personales (Souvenirs, seguro de viaje, tasas de visado, etc.)<\/li>\n<li>Alojamiento adicional antes y al final del tour.<\/li>\n<li>El gobierno impuso un aumento en los impuestos y\/o tarifas del parque.<\/li>\n<li>Paseos en globo aerost\u00e1tico @ $ 450 por adulto \/ $ 350 por ni\u00f1o (<strong>menores de 18 a\u00f1os<\/strong>) en Kenia.<\/li>\n<li>Tarifas de visa de $ 100 por persona de Kenia a Tanzania.<\/li>\n<li>Vuelos internacionales.<\/li>\n<li>La franquicia de equipaje est\u00e1 <strong>ESTRICTAMENTE<\/strong> limitada a 15 kg por persona.<\/li>\n<li>Los beb\u00e9s que no paguen por un asiento, NO tienen derecho a la franquicia de equipaje.<\/li>\n<\/ul>\n[\/info_list_son][\/info_list_father][\/vc_column_inner][\/vc_row_inner][\/vc_tta_section][vc_tta_section title=\u00bbMapa\u00bb tab_id=\u00bb1678179958760-602e3d13-5721&#8243;][vc_gmaps][\/vc_tta_section][\/vc_tta_tabs][\/vc_column][\/vc_row]\n","protected":false},"excerpt":{"rendered":"<p>[vc_row full_width=\u00bbstretch_row\u00bb css=\u00bb.vc_custom_1678180001449{border-top-width: 10px !important;border-right-width: 10px !important;border-bottom-width: 10px !important;border-left-width: 10px !important;}\u00bb][vc_column parallax=\u00bbcontent-moving\u00bb parallax_image=\u00bb11240&#8243; parallax_speed_bg=\u00bb2&#8243; css=\u00bb.vc_custom_1687334420316{padding-top: 80px !important;padding-right: 80px !important;padding-bottom: 80px !important;padding-left: 80px !important;}\u00bb][vc_custom_heading text=\u00bbSAFARI POR PRADERAS M\u00c1GICAS\u00bb font_container=\u00bbtag:h1|font_size:32|text_align:center|color:%23ffffff\u00bb google_fonts=\u00bbfont_family:Roboto%3A100%2C100italic%2C300%2C300italic%2Cregular%2Citalic%2C500%2C500italic%2C700%2C700italic%2C900%2C900italic|font_style:400%20regular%3A400%3Anormal\u00bb][vc_separator color=\u00bbcustom\u00bb border_width=\u00bb2&#8243; el_width=\u00bb80&#8243; accent_color=\u00bb#f8f8f8&#8243;][vc_custom_heading text=\u00bbNairobi \u21fe Masai Mara \u21fe Serengeti \u21fe Ngorongoro \u21fe Arusha\u00bb font_container=\u00bbtag:h2|font_size:18|text_align:center|color:%23ffffff\u00bb google_fonts=\u00bbfont_family:Roboto%3A100%2C100italic%2C300%2C300italic%2Cregular%2Citalic%2C500%2C500italic%2C700%2C700italic%2C900%2C900italic|font_style:400%20regular%3A400%3Anormal\u00bb][\/vc_column][\/vc_row][vc_row full_width=\u00bbstretch_row\u00bb css=\u00bb.vc_custom_1678180022045{border-top-width: 10px !important;border-right-width: 10px !important;border-bottom-width: 10px !important;border-left-width: 10px !important;}\u00bb][vc_column [&hellip;]<\/p>\n","protected":false},"author":4,"featured_media":0,"parent":27970,"menu_order":6,"comment_status":"closed","ping_status":"closed","template":"","meta":{"_themeisle_gutenberg_block_has_review":false,"footnotes":""},"class_list":["post-30792","page","type-page","status-publish","hentry"],"_links":{"self":[{"href":"https:\/\/mufasatoursandtravels.com\/es\/wp-json\/wp\/v2\/pages\/30792","targetHints":{"allow":["GET"]}}],"collection":[{"href":"https:\/\/mufasatoursandtravels.com\/es\/wp-json\/wp\/v2\/pages"}],"about":[{"href":"https:\/\/mufasatoursandtravels.com\/es\/wp-json\/wp\/v2\/types\/page"}],"author":[{"embeddable":true,"href":"https:\/\/mufasatoursandtravels.com\/es\/wp-json\/wp\/v2\/users\/4"}],"replies":[{"embeddable":true,"href":"https:\/\/mufasatoursandtravels.com\/es\/wp-json\/wp\/v2\/comments?post=30792"}],"version-history":[{"count":1,"href":"https:\/\/mufasatoursandtravels.com\/es\/wp-json\/wp\/v2\/pages\/30792\/revisions"}],"predecessor-version":[{"id":30794,"href":"https:\/\/mufasatoursandtravels.com\/es\/wp-json\/wp\/v2\/pages\/30792\/revisions\/30794"}],"up":[{"embeddable":true,"href":"https:\/\/mufasatoursandtravels.com\/es\/wp-json\/wp\/v2\/pages\/27970"}],"wp:attachment":[{"href":"https:\/\/mufasatoursandtravels.com\/es\/wp-json\/wp\/v2\/media?parent=30792"}],"curies":[{"name":"wp","href":"https:\/\/api.w.org\/{rel}","templated":true}]}}