{"id":30834,"date":"2022-03-04T13:14:19","date_gmt":"2022-03-04T10:14:19","guid":{"rendered":"https:\/\/mufasatoursandtravels.com\/safaris-en-kenia-tanzania-y-zanzibar\/safaris-privados-gold-connect\/"},"modified":"2025-04-08T12:08:48","modified_gmt":"2025-04-08T09:08:48","slug":"safaris-privados-gold-connect","status":"publish","type":"page","link":"https:\/\/mufasatoursandtravels.com\/es\/safaris-en-kenia-tanzania-y-zanzibar\/safaris-privados-gold-connect\/","title":{"rendered":"Safaris privados Gold Connect"},"content":{"rendered":"[vc_row full_width=\u00bbstretch_row\u00bb parallax=\u00bbcontent-moving\u00bb parallax_image=\u00bb11244&#8243; parallax_speed_bg=\u00bb1.7&#8243; css=\u00bb.vc_custom_1687335902595{padding-top: 80px !important;padding-bottom: 80px !important;}\u00bb][vc_column css=\u00bb.vc_custom_1688040186846{padding: 100px !important;}\u00bb][vc_custom_heading text=\u00bbSAFARIS EN KENIA, TANZANIA Y ZANZ\u00cdBAR\u00bb font_container=\u00bbtag:h1|font_size:32|text_align:center|color:%23ffffff\u00bb google_fonts=\u00bbfont_family:Roboto%3A100%2C100italic%2C300%2C300italic%2Cregular%2Citalic%2C500%2C500italic%2C700%2C700italic%2C900%2C900italic|font_style:400%20regular%3A400%3Anormal\u00bb][vc_separator color=\u00bbcustom\u00bb border_width=\u00bb2&#8243; el_width=\u00bb80&#8243; accent_color=\u00bb#f8f8f8&#8243;][vc_custom_heading text=\u00bbVUELA EN SAFARIS\u00bb font_container=\u00bbtag:h2|font_size:18|text_align:center|color:%23ffffff\u00bb google_fonts=\u00bbfont_family:Roboto%3A100%2C100italic%2C300%2C300italic%2Cregular%2Citalic%2C500%2C500italic%2C700%2C700italic%2C900%2C900italic|font_style:400%20regular%3A400%3Anormal\u00bb][\/vc_column][\/vc_row][vc_row][vc_column css=\u00bb.vc_custom_1687335082628{padding: 10px !important;}\u00bb][vc_headings style=\u00bbtheme3&#8243; linewidth=\u00bb100&#8243; borderclr=\u00bb#890000&#8243; title=\u00bbPAQUETES ORO\u00bb google_fonts=\u00bbfont_family:Roboto%3A100%2C100italic%2C300%2C300italic%2Cregular%2Citalic%2C500%2C500italic%2C700%2C700italic%2C900%2C900italic|font_style:400%20regular%3A400%3Anormal\u00bb titleclr=\u00bb#890000&#8243;][\/vc_headings][\/vc_column][\/vc_row][vc_row][vc_column css=\u00bb.vc_custom_1687335082628{padding: 10px !important;}\u00bb][vc_custom_heading text=\u00bbEmb\u00e1rcate en la mejor aventura a\u00e9rea con nuestros safaris a\u00e9reos en Kenia-Tanzania. Vuela sobre la vasta naturaleza africana y s\u00e9 testigo de las impresionantes vistas de las sabanas, los bosques, la vida silvestre y las v\u00edas fluviales. Experimentar\u00e1 la emoci\u00f3n de su vida mientras explora la diversa vida silvestre y los impresionantes paisajes.  \u00bb font_container=\u00bbtag:h2|font_size:20|text_align:center|color:%23444444&#8243; google_fonts=\u00bbfont_family:Roboto%3A100%2C100italic%2C300%2C300italic%2Cregular%2Citalic%2C500%2C500italic%2C700%2C700italic%2C900%2C900italic|font_style:400%20regular%3A400%3Anormal\u00bb][\/vc_column][\/vc_row][vc_row][vc_column width=\u00bb1\/3&#8243; css=\u00bb.vc_custom_1687335106283{padding: 10px !important;}\u00bb]<div class=\"cq-hovercard cq-rotate  cq-hovercard-hideicon\" data-contentcolor=\"#ffffff\" data-iconcolor=\"#890000\" data-bgheight=\"240\" data-captionoffset=\"\" data-videowidth=\"640\" data-linktype=\"customlink\" data-bgtype=\"image\" data-lightboxmargin=\"\"><a href=\"https:\/\/mufasatoursandtravels.com\/kenya-tanzania-zanzibar-safaris\/gold-connect-private-safaris\/magical-grasslands-safari\/\" title=\"Magical Grasslands Safari\" target=\"\" class=\"cq-hovercard-customlink\"><img decoding=\"async\" src=\"https:\/\/mufasatoursandtravels.com\/wp-content\/uploads\/2023\/01\/crater-zebras.jpg\" class=\"cq-hovercard-background\" alt=\"\" \/><div class=\"cq-hovercard-textcontainer\"><div class=\"cq-hovercard-title\">PRADERAS M\u00c1GICAS<\/div><div class=\"cq-hovercard-content\">8 Days | 7 Nights<\/div><i class=\"cq-hovercard-icon vc-material vc-material-star_border\"><\/i><\/div><\/a><\/div>[\/vc_column][vc_column width=\u00bb1\/3&#8243; css=\u00bb.vc_custom_1687335133269{padding: 10px !important;}\u00bb]<div class=\"cq-hovercard cq-rotate  cq-hovercard-hideicon\" data-contentcolor=\"\" data-iconcolor=\"#890000\" data-bgheight=\"240\" data-captionoffset=\"\" data-videowidth=\"640\" data-linktype=\"customlink\" data-bgtype=\"image\" data-lightboxmargin=\"\"><a href=\"https:\/\/mufasatoursandtravels.com\/kenya-tanzania-zanzibar-safaris\/gold-connect-private-safaris\/above-and-beyond-experience-safari\/\" title=\"Above and Beyond Experience Safari\" target=\"\" class=\"cq-hovercard-customlink\"><img decoding=\"async\" src=\"https:\/\/mufasatoursandtravels.com\/wp-content\/uploads\/2023\/01\/Lions-Mara-scaled.jpg\" class=\"cq-hovercard-background\" alt=\"\" \/><div class=\"cq-hovercard-textcontainer\"><div class=\"cq-hovercard-title\">POR ENCIMA Y M\u00c1S ALL\u00c1<\/div><div class=\"cq-hovercard-content\">10 DAYS | 9 NIGHTS<\/div><i class=\"cq-hovercard-icon vc-material vc-material-star_border\"><\/i><\/div><\/a><\/div>[\/vc_column][vc_column width=\u00bb1\/3&#8243; css=\u00bb.vc_custom_1687335149033{padding: 10px !important;}\u00bb]<div class=\"cq-hovercard cq-rotate  cq-hovercard-hideicon\" data-contentcolor=\"\" data-iconcolor=\"#890000\" data-bgheight=\"240\" data-captionoffset=\"\" data-videowidth=\"640\" data-linktype=\"customlink\" data-bgtype=\"image\" data-lightboxmargin=\"\"><a href=\"https:\/\/mufasatoursandtravels.com\/kenya-tanzania-zanzibar-safaris\/gold-connect-private-safaris\/kenya-tanzania-grandeur-safari\/\" title=\"Kenya Tanzania Grandeur Safari\" target=\"\" class=\"cq-hovercard-customlink\"><img decoding=\"async\" src=\"https:\/\/mufasatoursandtravels.com\/wp-content\/uploads\/2023\/01\/hot-air-ballon-scaled.jpg\" class=\"cq-hovercard-background\" alt=\"\" \/><div class=\"cq-hovercard-textcontainer\"><div class=\"cq-hovercard-title\">KENIA - TANZANIA GRANDEZA<\/div><div class=\"cq-hovercard-content\">12 Days | 11 Nights<\/div><i class=\"cq-hovercard-icon vc-material vc-material-star_border\"><\/i><\/div><\/a><\/div>[\/vc_column][\/vc_row][vc_row][vc_column][vc_empty_space][\/vc_column][\/vc_row]\n","protected":false},"excerpt":{"rendered":"<p>[vc_row full_width=\u00bbstretch_row\u00bb parallax=\u00bbcontent-moving\u00bb parallax_image=\u00bb11244&#8243; parallax_speed_bg=\u00bb1.7&#8243; css=\u00bb.vc_custom_1687335902595{padding-top: 80px !important;padding-bottom: 80px !important;}\u00bb][vc_column css=\u00bb.vc_custom_1688040186846{padding: 100px !important;}\u00bb][vc_custom_heading text=\u00bbSAFARIS EN KENIA, TANZANIA Y ZANZ\u00cdBAR\u00bb font_container=\u00bbtag:h1|font_size:32|text_align:center|color:%23ffffff\u00bb google_fonts=\u00bbfont_family:Roboto%3A100%2C100italic%2C300%2C300italic%2Cregular%2Citalic%2C500%2C500italic%2C700%2C700italic%2C900%2C900italic|font_style:400%20regular%3A400%3Anormal\u00bb][vc_separator color=\u00bbcustom\u00bb border_width=\u00bb2&#8243; el_width=\u00bb80&#8243; accent_color=\u00bb#f8f8f8&#8243;][vc_custom_heading text=\u00bbVUELA EN SAFARIS\u00bb font_container=\u00bbtag:h2|font_size:18|text_align:center|color:%23ffffff\u00bb google_fonts=\u00bbfont_family:Roboto%3A100%2C100italic%2C300%2C300italic%2Cregular%2Citalic%2C500%2C500italic%2C700%2C700italic%2C900%2C900italic|font_style:400%20regular%3A400%3Anormal\u00bb][\/vc_column][\/vc_row][vc_row][vc_column css=\u00bb.vc_custom_1687335082628{padding: 10px !important;}\u00bb][vc_headings style=\u00bbtheme3&#8243; linewidth=\u00bb100&#8243; borderclr=\u00bb#890000&#8243; title=\u00bbPAQUETES ORO\u00bb google_fonts=\u00bbfont_family:Roboto%3A100%2C100italic%2C300%2C300italic%2Cregular%2Citalic%2C500%2C500italic%2C700%2C700italic%2C900%2C900italic|font_style:400%20regular%3A400%3Anormal\u00bb titleclr=\u00bb#890000&#8243;][\/vc_headings][\/vc_column][\/vc_row][vc_row][vc_column css=\u00bb.vc_custom_1687335082628{padding: 10px !important;}\u00bb][vc_custom_heading text=\u00bbEmb\u00e1rcate en la mejor aventura a\u00e9rea con nuestros safaris a\u00e9reos en Kenia-Tanzania. [&hellip;]<\/p>\n","protected":false},"author":4,"featured_media":0,"parent":27970,"menu_order":9,"comment_status":"closed","ping_status":"closed","template":"","meta":{"_themeisle_gutenberg_block_has_review":false,"footnotes":""},"class_list":["post-30834","page","type-page","status-publish","hentry"],"_links":{"self":[{"href":"https:\/\/mufasatoursandtravels.com\/es\/wp-json\/wp\/v2\/pages\/30834","targetHints":{"allow":["GET"]}}],"collection":[{"href":"https:\/\/mufasatoursandtravels.com\/es\/wp-json\/wp\/v2\/pages"}],"about":[{"href":"https:\/\/mufasatoursandtravels.com\/es\/wp-json\/wp\/v2\/types\/page"}],"author":[{"embeddable":true,"href":"https:\/\/mufasatoursandtravels.com\/es\/wp-json\/wp\/v2\/users\/4"}],"replies":[{"embeddable":true,"href":"https:\/\/mufasatoursandtravels.com\/es\/wp-json\/wp\/v2\/comments?post=30834"}],"version-history":[{"count":1,"href":"https:\/\/mufasatoursandtravels.com\/es\/wp-json\/wp\/v2\/pages\/30834\/revisions"}],"predecessor-version":[{"id":30835,"href":"https:\/\/mufasatoursandtravels.com\/es\/wp-json\/wp\/v2\/pages\/30834\/revisions\/30835"}],"up":[{"embeddable":true,"href":"https:\/\/mufasatoursandtravels.com\/es\/wp-json\/wp\/v2\/pages\/27970"}],"wp:attachment":[{"href":"https:\/\/mufasatoursandtravels.com\/es\/wp-json\/wp\/v2\/media?parent=30834"}],"curies":[{"name":"wp","href":"https:\/\/api.w.org\/{rel}","templated":true}]}}