{"id":30869,"date":"2022-02-25T08:54:16","date_gmt":"2022-02-25T05:54:16","guid":{"rendered":"https:\/\/mufasatoursandtravels.com\/safari-volador-de-ziwa\/"},"modified":"2025-04-10T16:44:55","modified_gmt":"2025-04-10T13:44:55","slug":"safari-volador-de-ziwa","status":"publish","type":"page","link":"https:\/\/mufasatoursandtravels.com\/es\/safaris-voladores-en-kenia\/kenia-flying-safaris-larga-estancia\/safari-volador-de-ziwa\/","title":{"rendered":"Safari volador de Ziwa"},"content":{"rendered":"[vc_row][vc_column parallax=\u00bbcontent-moving\u00bb parallax_image=\u00bb5032&#8243; parallax_speed_bg=\u00bb1.7&#8243; css=\u00bb.vc_custom_1690358107161{padding-top: 80px !important;padding-right: 80px !important;padding-bottom: 80px !important;padding-left: 80px !important;}\u00bb][vc_custom_heading text=\u00bbSAFARI VOLADOR ZIWA\u00bb font_container=\u00bbtag:h2|font_size:32|text_align:center|color:%23ffffff\u00bb google_fonts=\u00bbfont_family:Roboto%3A100%2C100italic%2C300%2C300italic%2Cregular%2Citalic%2C500%2C500italic%2C700%2C700italic%2C900%2C900italic|font_style:400%20regular%3A400%3Anormal\u00bb][vc_custom_heading text=\u00bbVuela en\u00bb font_container=\u00bbtag:h2|font_size:20|text_align:center|color:%23ffffff\u00bb google_fonts=\u00bbfont_family:Roboto%3A100%2C100italic%2C300%2C300italic%2Cregular%2Citalic%2C500%2C500italic%2C700%2C700italic%2C900%2C900italic|font_style:400%20regular%3A400%3Anormal\u00bb][vc_separator color=\u00bbcustom\u00bb el_width=\u00bb80&#8243; accent_color=\u00bb#f8f8f8&#8243;][vc_custom_heading text=\u00bbAmboseli \u21fe Lewa Conservancy \u21fe Masai Mara \u21fe Lago Naivasha\u00bb font_container=\u00bbtag:h2|font_size:22|text_align:center|color:%23ffffff\u00bb google_fonts=\u00bbfont_family:Roboto%3A100%2C100italic%2C300%2C300italic%2Cregular%2Citalic%2C500%2C500italic%2C700%2C700italic%2C900%2C900italic|font_style:400%20regular%3A400%3Anormal\u00bb][vc_empty_space][\/vc_column][\/vc_row][vc_row css=\u00bb.vc_custom_1690356279740{padding-top: 10px !important;}\u00bb][vc_column][vc_tta_tabs shape=\u00bbsquare\u00bb color=\u00bbjuicy-pink\u00bb alignment=\u00bbcenter\u00bb active_section=\u00bb1&#8243;][vc_tta_section title=\u00bbPrograma\u00bb tab_id=\u00bb1645777668819-be153009-1f91&#8243;][info_list_father listclr=\u00bb#f8f8f8&#8243;][info_list_son style=\u00bbicon\u00bb size=\u00bb15&#8243; width=\u00bb20&#8243; height=\u00bb20&#8243; titleclr=\u00bb#890000&#8243; icon=\u00bbfas fa-calendar-check\u00bb iconclr=\u00bb#890000&#8243; title=\u00bbD\u00cdA 1: DE NAIROBI A AMBOSELI\u00bb]\n<ul>\n<li>Recogida en el hotel\/aeropuerto y traslado a Wilson a las 6.00 am.<\/li>\n<li>Vuelo al Parque Nacional de Amboseli.<\/li>\n<li>A su llegada, encuentro con nuestro gu\u00eda y traslado al campamento para el check-in.<\/li>\n<li>Almuerzo en el campamento.<\/li>\n<li>Por la tarde, safaris hasta la puesta del sol.<\/li>\n<li>Cena en el campamento.<\/li>\n<\/ul>\n[\/info_list_son][info_list_son style=\u00bbicon\u00bb size=\u00bb15&#8243; width=\u00bb20&#8243; height=\u00bb20&#8243; titleclr=\u00bb#890000&#8243; icon=\u00bbfas fa-calendar-check\u00bb iconclr=\u00bb#890000&#8243; title=\u00bbD\u00cdA 2: SAFARIS DE AMBOSELI\u00bb]\n<ul>\n<li>Desayuno en el campamento.<\/li>\n<li>Safaris matutinos.<\/li>\n<li>Almuerzo en el campamento.<\/li>\n<li>Por la tarde, safaris o disfrute de los servicios del hotel, como nadar o relajarse.<\/li>\n<li>Atardeceres.<\/li>\n<li>Cena en el campamento.<\/li>\n<\/ul>\n[\/info_list_son][info_list_son style=\u00bbicon\u00bb size=\u00bb15&#8243; width=\u00bb20&#8243; height=\u00bb20&#8243; titleclr=\u00bb#890000&#8243; icon=\u00bbfas fa-calendar-check\u00bb iconclr=\u00bb#890000&#8243; title=\u00bbD\u00cdA 3: AMBOSELI VUELA A LEWA CONSERVANCY\u00bb]\n<ul>\n<li data-shorten=\"300\">Desayuno temprano en el campamento o albergue.<\/li>\n<li data-shorten=\"300\">Salida y traslado a la pista de aterrizaje de Amboseli.<\/li>\n<li data-shorten=\"300\">Vuele a Lewa conservancy a trav\u00e9s de la conexi\u00f3n del aeropuerto Wilson.<\/li>\n<li data-shorten=\"300\">A su llegada a la reserva de Lewa, encuentro con nuestro gu\u00eda y traslado al campamento.<\/li>\n<li data-shorten=\"300\">Almuerzo en el campamento.<\/li>\n<li data-shorten=\"300\">Por la tarde, safaris y safaris a pie.<\/li>\n<li data-shorten=\"300\">Cena en el campamento.<\/li>\n<\/ul>\n[\/info_list_son][info_list_son style=\u00bbicon\u00bb size=\u00bb15&#8243; width=\u00bb20&#8243; height=\u00bb20&#8243; titleclr=\u00bb#890000&#8243; icon=\u00bbfas fa-calendar-check\u00bb iconclr=\u00bb#890000&#8243; title=\u00bbD\u00cdA 4: LEWA CONSERVANCY\u00bb]\n<ul>\n<li data-shorten=\"300\">Desayuno temprano en el campamento.<\/li>\n<li data-shorten=\"300\">Descanse parte del d\u00eda en la reserva y disfrute de safaris a pie \/ safaris en camello \/ safaris de safari y Sundowners por la noche.<\/li>\n<li data-shorten=\"300\">Cena de regreso al campamento.<\/li>\n<\/ul>\n[\/info_list_son][info_list_son style=\u00bbicon\u00bb size=\u00bb15&#8243; width=\u00bb20&#8243; height=\u00bb20&#8243; titleclr=\u00bb#890000&#8243; icon=\u00bbfas fa-calendar-check\u00bb iconclr=\u00bb#890000&#8243; title=\u00bbD\u00cdA 5: LEWA CONSERVANCY VUELA A MASAI MARA\u00bb]\n<ul>\n<li data-shorten=\"300\">Desayuno temprano en el campamento o albergue.<\/li>\n<li data-shorten=\"300\">Salida y traslado a la pista de aterrizaje de Lewa Downs.<\/li>\n<li data-shorten=\"300\">Vuelo a Masai Mara v\u00eda aeropuerto Wilson.<\/li>\n<li data-shorten=\"300\">A su llegada, ser\u00e1 recibido por nuestro gu\u00eda y trasladado al campamento para el check-in.<\/li>\n<li data-shorten=\"300\">Almuerzo en el campamento.<\/li>\n<li data-shorten=\"300\">Por la tarde, safaris hasta la puesta del sol.<\/li>\n<li data-shorten=\"300\">Cena en el campamento.<\/li>\n<\/ul>\n[\/info_list_son][info_list_son style=\u00bbicon\u00bb size=\u00bb15&#8243; width=\u00bb20&#8243; height=\u00bb20&#8243; titleclr=\u00bb#890000&#8243; icon=\u00bbfas fa-calendar-check\u00bb iconclr=\u00bb#890000&#8243; title=\u00bbD\u00cdA 6 Y 7: SAFARIS MASAI MARA\u00bb]\n<ul>\n<li data-shorten=\"300\">Desayuno temprano en el campamento o albergue.<\/li>\n<li data-shorten=\"300\">Safaris de d\u00eda completo en la Reserva Nacional Masai Mara.<\/li>\n<li data-shorten=\"300\">Almuerzo de cesta de picnic servido en el monte.<\/li>\n<li data-shorten=\"300\">Sundowners en el campamento.<\/li>\n<li data-shorten=\"300\">Cena de regreso al campamento.<\/li>\n<\/ul>\n[\/info_list_son][info_list_son style=\u00bbicon\u00bb size=\u00bb15&#8243; width=\u00bb20&#8243; height=\u00bb20&#8243; titleclr=\u00bb#890000&#8243; icon=\u00bbfas fa-calendar-check\u00bb iconclr=\u00bb#890000&#8243; title=\u00bbD\u00cdA 8: VUELO DE MASAI MARA A NAIROBI Y LUEGO TRASLADO AL LAGO NAIVASHA.\u00bb caption_url=\u00bb\u00bb]\n<ul>\n<li data-shorten=\"300\">Desayuno temprano en el campamento o albergue.<\/li>\n<li data-shorten=\"300\">Salida y traslado a la pista de aterrizaje para volar a Nairobi.<\/li>\n<li data-shorten=\"300\">Vuelo al aeropuerto Wilson, Nairobi.<\/li>\n<li data-shorten=\"300\">A su llegada, conozca a nuestro gu\u00eda para trasladarlo al lago Naivasha (2 horas en autom\u00f3vil) a trav\u00e9s del Gran Valle del Rift.<\/li>\n<li data-shorten=\"300\">Almuerzo en el albergue.<\/li>\n<li data-shorten=\"300\">Relax, descanso parte de la tarde a orillas del lago Naivasha.<\/li>\n<li data-shorten=\"300\">Cena en el campamento o albergue.<\/li>\n<\/ul>\n<p>&nbsp;[\/info_list_son][info_list_son style=\u00bbicon\u00bb size=\u00bb15&#8243; width=\u00bb20&#8243; height=\u00bb20&#8243; titleclr=\u00bb#890000&#8243; icon=\u00bbfas fa-calendar-check\u00bb iconclr=\u00bb#890000&#8243; title=\u00bbD\u00cdA 9: LAGO NAIVASHA\u00bb]\n<ul>\n<li data-shorten=\"300\">Desayuno en el campamento.<\/li>\n<li data-shorten=\"300\">Paseos en barco por el lago Naivasha y safaris a pie en el campamento Crescent.<\/li>\n<li data-shorten=\"300\">Almuerzo en el albergue.<\/li>\n<li data-shorten=\"300\">Safaris en Oserengoni Wildlife Conservancy.<\/li>\n<li data-shorten=\"300\">Atardeceres en el monte.<\/li>\n<li data-shorten=\"300\">Cena en el lodge.<\/li>\n<\/ul>\n[\/info_list_son][info_list_son style=\u00bbicon\u00bb size=\u00bb15&#8243; width=\u00bb20&#8243; height=\u00bb20&#8243; titleclr=\u00bb#890000&#8243; icon=\u00bbfas fa-calendar-check\u00bb iconclr=\u00bb#890000&#8243; title=\u00bbD\u00cdA 10: LAGO NAIVASHA DE REGRESO A NAIROBI\u00bb]\n<ul>\n<li data-shorten=\"300\">Desayuno en el lodge.<\/li>\n<li data-shorten=\"300\">Rel\u00e1jate a orillas del lago Naivasha.<\/li>\n<li data-shorten=\"300\">Realice el check-out y el traslado de regreso a Nairobi a trav\u00e9s del Gran Valle del Rift y lo dejar\u00e1n en su respectivo hotel o aeropuerto en Nairobi.<\/li>\n<\/ul>\n[\/info_list_son][\/info_list_father][\/vc_tta_section][vc_tta_section title=\u00bbInclusivo\/Exclusivo\u00bb tab_id=\u00bb1645777679356-1f5cf022-10af\u00bb][vc_row_inner][vc_column_inner width=\u00bb1\/2&#8243;][info_list_father][info_list_son style=\u00bbicon\u00bb size=\u00bb10&#8243; width=\u00bb20&#8243; height=\u00bb20&#8243; titleclr=\u00bb#890000&#8243; icon=\u00bbfas fa-plane-departure\u00bb iconclr=\u00bb#333333&#8243; title=\u00bbINCLUIDO\u00bb]\n<ul class=\"list list--icon\">\n<li>Tarifas del parque para el parque declaradas.<\/li>\n<li>Transporte en un Landcruiser de techo abierto.<\/li>\n<li>Servicio de un conductor-gu\u00eda profesional.<\/li>\n<li>Comidas en pensi\u00f3n completa en el albergue \/ campamento.<\/li>\n<li>9 noches de alojamiento en el respectivo hotel indicado.<\/li>\n<li>Vuelos dom\u00e9sticos dentro de Kenia.<\/li>\n<li>Traslados<\/li>\n<\/ul>\n[\/info_list_son][\/info_list_father][\/vc_column_inner][vc_column_inner width=\u00bb1\/2&#8243;][info_list_father][info_list_son style=\u00bbicon\u00bb size=\u00bb10&#8243; width=\u00bb20&#8243; height=\u00bb20&#8243; titleclr=\u00bb#890000&#8243; icon=\u00bbfas fa-plane-arrival\u00bb iconclr=\u00bb#333333&#8243; title=\u00bbEXCLUIDOS\u00bb]\n<ul class=\"list list--icon\">\n<li>Visita cultural a la aldea Masai.<\/li>\n<li>Propinas para gu\u00eda del conductor (Muy recomendable).<\/li>\n<li>Art\u00edculos personales <span class=\"txt--xsmall txt--xgrey\">(Souvenirs, seguro de viaje, tasas de visado, etc.)<\/span><\/li>\n<li>Alojamiento adicional antes y al final del tour.<\/li>\n<li>El gobierno impuso un aumento en los impuestos y\/o tarifas del parque.<\/li>\n<li>Paseos en globo aerost\u00e1tico @ $ 450 por adulto \/ $ 350 por ni\u00f1o (<strong>menores de 12 a\u00f1os<\/strong>).<\/li>\n<\/ul>\n[\/info_list_son][\/info_list_father][\/vc_column_inner][\/vc_row_inner][\/vc_tta_section][vc_tta_section title=\u00bbLista de verificaci\u00f3n de viaje\u00bb tab_id=\u00bb1645777684966-7df09203-3341&#8243;][vc_row_inner][vc_column_inner width=\u00bb1\/2&#8243;][vc_custom_heading text=\u00bbAntes de viajar\u00bb font_container=\u00bbtag:h2|text_align:left|color:%23890000&#8243; google_fonts=\u00bbfont_family:Open%20Sans%3A300%2C300italic%2Cregular%2Citalic%2C600%2C600italic%2C700%2C700italic%2C800%2C800italic\u00bb][vc_separator color=\u00bbcustom\u00bb align=\u00bbalign_left\u00bb border_width=\u00bb2&#8243; el_width=\u00bb20&#8243; accent_color=\u00bb#890000&#8243;][vc_column_text]Antes de emprender tu viaje, aseg\u00farate de leer nuestros completos consejos de viaje para una experiencia perfecta.[\/vc_column_text][vc_btn title=\u00bbAprende m\u00e1s\u00bb style=\u00bboutline-custom\u00bb outline_custom_color=\u00bb#890000&#8243; outline_custom_hover_background=\u00bb#890000&#8243; outline_custom_hover_text=\u00bb#ffffff\u00bb shape=\u00bbsquare\u00bb size=\u00bbsm\u00bb i_align=\u00bbright\u00bb i_icon_fontawesome=\u00bbfas fa-angle-right\u00bb add_icon=\u00bbtrue\u00bb el_class=\u00bbdes\u00bb link=\u00bburl:https%3A%2F%2Fmufasatoursandtravels.com%2Fes%2Fpreparandose-para-viajar%2F|title:LO%20QUE%20HAY%20QUE%20SABER%20ANTES%20DE%20LLEGAR%20A%20%C3%81FRICA%20ORIENTAL|\u00bb][\/vc_column_inner][vc_column_inner width=\u00bb1\/2&#8243;][vc_custom_heading text=\u00bbAntes de viajar\u00bb font_container=\u00bbtag:h2|text_align:left|color:%23890000&#8243; google_fonts=\u00bbfont_family:Open%20Sans%3A300%2C300italic%2Cregular%2Citalic%2C600%2C600italic%2C700%2C700italic%2C800%2C800italic\u00bb][vc_separator color=\u00bbcustom\u00bb align=\u00bbalign_left\u00bb border_width=\u00bb2&#8243; el_width=\u00bb20&#8243; accent_color=\u00bb#890000&#8243;][vc_column_text]Mejore su planificaci\u00f3n de viaje descargando informaci\u00f3n valiosa sobre el destino, como los requisitos de pasaporte y visado, las vacunas recomendadas, las restricciones de equipaje, la lista de equipaje y las directrices sobre las propinas.[\/vc_column_text][vc_btn title=\u00bbAprende m\u00e1s\u00bb style=\u00bboutline-custom\u00bb outline_custom_color=\u00bb#890000&#8243; outline_custom_hover_background=\u00bb#890000&#8243; outline_custom_hover_text=\u00bb#ffffff\u00bb shape=\u00bbsquare\u00bb size=\u00bbsm\u00bb i_align=\u00bbright\u00bb i_icon_fontawesome=\u00bbfas fa-angle-right\u00bb add_icon=\u00bbtrue\u00bb el_class=\u00bbdes\u00bb link=\u00bburl:https%3A%2F%2Fmufasatoursandtravels.com%2Fes%2Flo-que-hay-que-saber-antes-de-llegar-a-africa-oriental%2F|title:LO%20QUE%20HAY%20QUE%20SABER%20ANTES%20DE%20LLEGAR%20A%20%C3%81FRICA%20ORIENTAL|\u00bb][\/vc_column_inner][\/vc_row_inner][vc_row_inner][vc_column_inner width=\u00bb1\/2&#8243;][vc_custom_heading text=\u00bbAntes de viajar\u00bb font_container=\u00bbtag:h2|text_align:left|color:%23890000&#8243; google_fonts=\u00bbfont_family:Open%20Sans%3A300%2C300italic%2Cregular%2Citalic%2C600%2C600italic%2C700%2C700italic%2C800%2C800italic\u00bb][vc_separator color=\u00bbcustom\u00bb align=\u00bbalign_left\u00bb border_width=\u00bb2&#8243; el_width=\u00bb20&#8243; accent_color=\u00bb#890000&#8243;][vc_column_text]Maximice el \u00e9xito de su viaje descargando informaci\u00f3n esencial sobre su(s) destino(s), incluidos los requisitos de pasaporte y visa, las pautas de vacunaci\u00f3n, las restricciones de equipaje, la lista de empaque y los consejos de propinas.[\/vc_column_text][vc_btn title=\u00bbAprende m\u00e1s\u00bb style=\u00bboutline-custom\u00bb outline_custom_color=\u00bb#890000&#8243; outline_custom_hover_background=\u00bb#890000&#8243; outline_custom_hover_text=\u00bb#ffffff\u00bb shape=\u00bbsquare\u00bb size=\u00bbsm\u00bb i_align=\u00bbright\u00bb i_icon_fontawesome=\u00bbfas fa-angle-right\u00bb add_icon=\u00bbtrue\u00bb el_class=\u00bbdes\u00bb link=\u00bburl:https%3A%2F%2Fmufasatoursandtravels.com%2Fes%2Fpasaportes-y-visados%2F|title:Pasaportes%20y%20Visados|\u00bb][\/vc_column_inner][vc_column_inner width=\u00bb1\/2&#8243;][vc_custom_heading text=\u00bbAntes de viajar\u00bb font_container=\u00bbtag:h2|text_align:left|color:%23890000&#8243; google_fonts=\u00bbfont_family:Open%20Sans%3A300%2C300italic%2Cregular%2Citalic%2C600%2C600italic%2C700%2C700italic%2C800%2C800italic\u00bb][vc_separator color=\u00bbcustom\u00bb align=\u00bbalign_left\u00bb border_width=\u00bb2&#8243; el_width=\u00bb20&#8243; accent_color=\u00bb#890000&#8243;][vc_column_text]Mientras disfruta del resplandor de su aventura, estamos aqu\u00ed para ayudarlo con consejos esenciales despu\u00e9s del viaje, asegur\u00e1ndonos de que su regreso a casa sea tan fluido y c\u00f3modo como su viaje en s\u00ed.[\/vc_column_text][\/vc_column_inner][\/vc_row_inner][\/vc_tta_section][\/vc_tta_tabs][wdo_ult_icon_seperator wdo_seperator_icon=\u00bbfas fa-paw\u00bb wdo_seperator_color=\u00bb#890000&#8243; wdo_seperator_opacity=\u00bb.2&#8243;][vc_btn title=\u00bbObtener una cotizaci\u00f3n\u00bb style=\u00bboutline-custom\u00bb outline_custom_color=\u00bb#890000&#8243; outline_custom_hover_background=\u00bb#890000&#8243; outline_custom_hover_text=\u00bb#ffffff\u00bb shape=\u00bbsquare\u00bb size=\u00bbsm\u00bb align=\u00bbcenter\u00bb i_align=\u00bbright\u00bb i_icon_fontawesome=\u00bbfas fa-chevron-right\u00bb add_icon=\u00bbtrue\u00bb link=\u00bburl:https%3A%2F%2Fmufasatoursandtravels.com%2Fes%2Fsolicite-un-presupuesto%2F|title:Solicite%20un%20presupuesto|\u00bb css=\u00bb.vc_custom_1724244901414{padding: 10px !important;}\u00bb][vc_column_text]\n<p style=\"text-align: left;\"><strong>RENUNCIA.<\/strong><\/p>\n<ul>\n<li>Este tour es ofrecido por <a href=\"https:\/\/mufasatoursandtravels.com\/es\/\">Mufasa Tours and Travels<\/a>.<\/li>\n<li>Todos nuestros safaris son privados.<\/li>\n<li>Los ni\u00f1os de 0 a 2 a\u00f1os entran gratis.<\/li>\n<li>Los ni\u00f1os de 3 a 12 a\u00f1os pagan el 50% de la tarifa de adulto si comparten la misma habitaci\u00f3n con adultos.<\/li>\n<li>Los ni\u00f1os de 3 a 12 a\u00f1os pagan el 75% de la tarifa de adulto si se alojan en su propia habitaci\u00f3n separada de los adultos.<\/li>\n<li>Los ni\u00f1os mayores de 12 a\u00f1os son reconocidos como adultos en campamentos y albergues.<\/li>\n<li>Nos reservamos el derecho de cambiar el programa tal como se anuncia.<\/li>\n<li>Si un alojamiento est\u00e1 completo, sugeriremos opciones alternativas comparables.<\/li>\n<li>El pedido exacto, el contenido y las tarifas de este tour est\u00e1n sujetos a disponibilidad.<\/li>\n<li>Este tour est\u00e1 sujeto a los <a href=\"https:\/\/mufasatoursandtravels.com\/es\/terminos-y-condiciones\/\">t\u00e9rminos y condiciones<\/a> de <a href=\"https:\/\/mufasatoursandtravels.com\/es\/\">Mufasa Tours and Travels.<\/a><\/li>\n<\/ul>\n[\/vc_column_text][\/vc_column][\/vc_row]\n","protected":false},"excerpt":{"rendered":"<p>[vc_row][vc_column parallax=\u00bbcontent-moving\u00bb parallax_image=\u00bb5032&#8243; parallax_speed_bg=\u00bb1.7&#8243; css=\u00bb.vc_custom_1690358107161{padding-top: 80px !important;padding-right: 80px !important;padding-bottom: 80px !important;padding-left: 80px !important;}\u00bb][vc_custom_heading text=\u00bbSAFARI VOLADOR ZIWA\u00bb font_container=\u00bbtag:h2|font_size:32|text_align:center|color:%23ffffff\u00bb google_fonts=\u00bbfont_family:Roboto%3A100%2C100italic%2C300%2C300italic%2Cregular%2Citalic%2C500%2C500italic%2C700%2C700italic%2C900%2C900italic|font_style:400%20regular%3A400%3Anormal\u00bb][vc_custom_heading text=\u00bbVuela en\u00bb font_container=\u00bbtag:h2|font_size:20|text_align:center|color:%23ffffff\u00bb google_fonts=\u00bbfont_family:Roboto%3A100%2C100italic%2C300%2C300italic%2Cregular%2Citalic%2C500%2C500italic%2C700%2C700italic%2C900%2C900italic|font_style:400%20regular%3A400%3Anormal\u00bb][vc_separator color=\u00bbcustom\u00bb el_width=\u00bb80&#8243; accent_color=\u00bb#f8f8f8&#8243;][vc_custom_heading text=\u00bbAmboseli \u21fe Lewa Conservancy \u21fe Masai Mara \u21fe Lago Naivasha\u00bb font_container=\u00bbtag:h2|font_size:22|text_align:center|color:%23ffffff\u00bb google_fonts=\u00bbfont_family:Roboto%3A100%2C100italic%2C300%2C300italic%2Cregular%2Citalic%2C500%2C500italic%2C700%2C700italic%2C900%2C900italic|font_style:400%20regular%3A400%3Anormal\u00bb][vc_empty_space][\/vc_column][\/vc_row][vc_row css=\u00bb.vc_custom_1690356279740{padding-top: 10px !important;}\u00bb][vc_column][vc_tta_tabs shape=\u00bbsquare\u00bb color=\u00bbjuicy-pink\u00bb alignment=\u00bbcenter\u00bb active_section=\u00bb1&#8243;][vc_tta_section title=\u00bbPrograma\u00bb tab_id=\u00bb1645777668819-be153009-1f91&#8243;][info_list_father listclr=\u00bb#f8f8f8&#8243;][info_list_son style=\u00bbicon\u00bb size=\u00bb15&#8243; width=\u00bb20&#8243; height=\u00bb20&#8243; titleclr=\u00bb#890000&#8243; icon=\u00bbfas fa-calendar-check\u00bb iconclr=\u00bb#890000&#8243; [&hellip;]<\/p>\n","protected":false},"author":4,"featured_media":0,"parent":33443,"menu_order":0,"comment_status":"closed","ping_status":"closed","template":"page-blank.php","meta":{"_themeisle_gutenberg_block_has_review":false,"footnotes":""},"class_list":["post-30869","page","type-page","status-publish","hentry"],"_links":{"self":[{"href":"https:\/\/mufasatoursandtravels.com\/es\/wp-json\/wp\/v2\/pages\/30869","targetHints":{"allow":["GET"]}}],"collection":[{"href":"https:\/\/mufasatoursandtravels.com\/es\/wp-json\/wp\/v2\/pages"}],"about":[{"href":"https:\/\/mufasatoursandtravels.com\/es\/wp-json\/wp\/v2\/types\/page"}],"author":[{"embeddable":true,"href":"https:\/\/mufasatoursandtravels.com\/es\/wp-json\/wp\/v2\/users\/4"}],"replies":[{"embeddable":true,"href":"https:\/\/mufasatoursandtravels.com\/es\/wp-json\/wp\/v2\/comments?post=30869"}],"version-history":[{"count":2,"href":"https:\/\/mufasatoursandtravels.com\/es\/wp-json\/wp\/v2\/pages\/30869\/revisions"}],"predecessor-version":[{"id":33486,"href":"https:\/\/mufasatoursandtravels.com\/es\/wp-json\/wp\/v2\/pages\/30869\/revisions\/33486"}],"up":[{"embeddable":true,"href":"https:\/\/mufasatoursandtravels.com\/es\/wp-json\/wp\/v2\/pages\/33443"}],"wp:attachment":[{"href":"https:\/\/mufasatoursandtravels.com\/es\/wp-json\/wp\/v2\/media?parent=30869"}],"curies":[{"name":"wp","href":"https:\/\/api.w.org\/{rel}","templated":true}]}}