{"id":30898,"date":"2022-03-25T06:42:10","date_gmt":"2022-03-25T03:42:10","guid":{"rendered":"https:\/\/mufasatoursandtravels.com\/destinos\/mombasa-malindi-y-diani\/"},"modified":"2025-04-08T12:10:34","modified_gmt":"2025-04-08T09:10:34","slug":"mombasa-malindi-y-diani","status":"publish","type":"page","link":"https:\/\/mufasatoursandtravels.com\/es\/destinos\/mombasa-malindi-y-diani\/","title":{"rendered":"Mombasa, Malindi y Diani"},"content":{"rendered":"[vc_row full_width=\u00bbstretch_row\u00bb][vc_column css=\u00bb.vc_custom_1679044707407{border-bottom-width: 10px !important;}\u00bb][ucaddon_classic_banner title=\u00bb\u00bb link_text=\u00bbMombasa, Malindi and Diani Beach\u00bb image=\u00bb8102&#8243; link=\u00bb\u00bb uc_init_settings=\u00bb\u00bb uc_fonts_data=\u00bbJTdCJTdE\u00bb][\/ucaddon_classic_banner][\/vc_column][\/vc_row][vc_row][vc_column css=\u00bb.vc_custom_1679044719336{border-top-width: 10px !important;}\u00bb][vc_tta_tabs shape=\u00bbsquare\u00bb color=\u00bbjuicy-pink\u00bb alignment=\u00bbcenter\u00bb active_section=\u00bb1&#8243; no_fill_content_area=\u00bbtrue\u00bb][vc_tta_section title=\u00bbAcerca de\u00bb tab_id=\u00bb1636302233132-39a30584-a642&#8243;][info_list_father][info_list_son style=\u00bbicon\u00bb size=\u00bb20&#8243; width=\u00bb25&#8243; height=\u00bb25&#8243; titleclr=\u00bb#800000&#8243; icon=\u00bbfas fa-question-circle\u00bb title=\u00bbPlaya de Mombasa, Malindi y Diani\u00bb]La costa de Kenia o l\u00ednea de la costa del Oc\u00e9ano \u00cdndico es una gloriosa cinta de plata y zafiro, coral brillante y playas blancas. La cultura swahili \u00fanica, una fusi\u00f3n de las muchas influencias de los primeros tiempos en la costa, ha creado un ritmo de vida, mito, herencia y magia que no se encuentra en ning\u00fan otro lugar del mundo. Los aspectos m\u00e1s destacados de la costa incluyen la hist\u00f3rica Mombasa, construida alrededor de las cataratas del Fuerte Jes\u00fas del siglo XVI y el Magn\u00edfico Lamu. Las palmeras ondulantes, las mezquitas de paredes blancas, las mujeres con velo negro, la flota de dhows que aprovechan los vientos alisios encantan y fascinan la costa swahili.  [\/info_list_son][info_list_son style=\u00bbicon\u00bb size=\u00bb20&#8243; width=\u00bb25&#8243; height=\u00bb25&#8243; titleclr=\u00bb#800000&#8243; icon=\u00bbfas fa-binoculars\u00bb title=\u00bbVida silvestre\u00bb]La regi\u00f3n costera est\u00e1 en su inmensidad enriquecida con una belleza m\u00e1s all\u00e1 de la imaginaci\u00f3n; desde el resplandeciente amanecer hasta la rica fauna y las playas de arena y hasta la gloriosa puesta de sol.[\/info_list_son][info_list_son style=\u00bbicon\u00bb size=\u00bb20&#8243; width=\u00bb25&#8243; height=\u00bb25&#8243; titleclr=\u00bb#800000&#8243; icon=\u00bbfas fa-paw\u00bb title=\u00bbActividades\u00bb]\n<ul>\n<li>nataci\u00f3n.<\/li>\n<li>Bucear.<\/li>\n<li>Kayak de mar.<\/li>\n<li>Buceo.<\/li>\n<li>Deportes acu\u00e1ticos.<\/li>\n<li>Viajes en dhow.<\/li>\n<li>Senderos naturales.<\/li>\n<li>Visitando lugares hist\u00f3ricos<\/li>\n<\/ul>\n[\/info_list_son][\/info_list_father][\/vc_tta_section][vc_tta_section title=\u00bbC\u00f3mo llegar\u00bb tab_id=\u00bb1633455601016-f93699bc-5d92&#8243;][vc_gmaps link=\u00bb#E-8_JTNDaWZyYW1lJTIwc3JjJTNEJTIyaHR0cHMlM0ElMkYlMkZtYXBzLmdvb2dsZS5jb20lMkZtYXBzJTNGcSUzRG1vbWJhc2ElMjZhbXAlM0J0JTNEayUyNmFtcCUzQnolM0QxMSUyNmFtcCUzQmllJTNEVVRGOCUyNmFtcCUzQml3bG9jJTNEJTI2YW1wJTNCb3V0cHV0JTNEZW1iZWQlMjIlMjB3aWR0aCUzRCUyMjYwMCUyMiUyMGhlaWdodCUzRCUyMjQ1MCUyMiUyMGZyYW1lYm9yZGVyJTNEJTIyMCUyMiUyMHN0eWxlJTNEJTIyYm9yZGVyJTNBMCUyMiUyMGFsbG93ZnVsbHNjcmVlbiUzRCUyMiUyMiUzRSUzQyUyRmlmcmFtZSUzRQ==\u00bb][\/vc_tta_section][\/vc_tta_tabs][\/vc_column][\/vc_row]\n","protected":false},"excerpt":{"rendered":"<p>[vc_row full_width=\u00bbstretch_row\u00bb][vc_column css=\u00bb.vc_custom_1679044707407{border-bottom-width: 10px !important;}\u00bb][ucaddon_classic_banner title=\u00bb\u00bb link_text=\u00bbMombasa, Malindi and Diani Beach\u00bb image=\u00bb8102&#8243; link=\u00bb\u00bb uc_init_settings=\u00bb\u00bb uc_fonts_data=\u00bbJTdCJTdE\u00bb][\/ucaddon_classic_banner][\/vc_column][\/vc_row][vc_row][vc_column css=\u00bb.vc_custom_1679044719336{border-top-width: 10px !important;}\u00bb][vc_tta_tabs shape=\u00bbsquare\u00bb color=\u00bbjuicy-pink\u00bb alignment=\u00bbcenter\u00bb active_section=\u00bb1&#8243; no_fill_content_area=\u00bbtrue\u00bb][vc_tta_section title=\u00bbAcerca de\u00bb tab_id=\u00bb1636302233132-39a30584-a642&#8243;][info_list_father][info_list_son style=\u00bbicon\u00bb size=\u00bb20&#8243; width=\u00bb25&#8243; height=\u00bb25&#8243; titleclr=\u00bb#800000&#8243; icon=\u00bbfas fa-question-circle\u00bb title=\u00bbPlaya de Mombasa, Malindi y Diani\u00bb]La costa de Kenia o l\u00ednea de la costa del Oc\u00e9ano \u00cdndico es una gloriosa cinta de [&hellip;]<\/p>\n","protected":false},"author":4,"featured_media":0,"parent":28078,"menu_order":20,"comment_status":"closed","ping_status":"closed","template":"","meta":{"_themeisle_gutenberg_block_has_review":false,"footnotes":""},"class_list":["post-30898","page","type-page","status-publish","hentry"],"_links":{"self":[{"href":"https:\/\/mufasatoursandtravels.com\/es\/wp-json\/wp\/v2\/pages\/30898","targetHints":{"allow":["GET"]}}],"collection":[{"href":"https:\/\/mufasatoursandtravels.com\/es\/wp-json\/wp\/v2\/pages"}],"about":[{"href":"https:\/\/mufasatoursandtravels.com\/es\/wp-json\/wp\/v2\/types\/page"}],"author":[{"embeddable":true,"href":"https:\/\/mufasatoursandtravels.com\/es\/wp-json\/wp\/v2\/users\/4"}],"replies":[{"embeddable":true,"href":"https:\/\/mufasatoursandtravels.com\/es\/wp-json\/wp\/v2\/comments?post=30898"}],"version-history":[{"count":1,"href":"https:\/\/mufasatoursandtravels.com\/es\/wp-json\/wp\/v2\/pages\/30898\/revisions"}],"predecessor-version":[{"id":30901,"href":"https:\/\/mufasatoursandtravels.com\/es\/wp-json\/wp\/v2\/pages\/30898\/revisions\/30901"}],"up":[{"embeddable":true,"href":"https:\/\/mufasatoursandtravels.com\/es\/wp-json\/wp\/v2\/pages\/28078"}],"wp:attachment":[{"href":"https:\/\/mufasatoursandtravels.com\/es\/wp-json\/wp\/v2\/media?parent=30898"}],"curies":[{"name":"wp","href":"https:\/\/api.w.org\/{rel}","templated":true}]}}