{"id":30900,"date":"2022-03-25T06:51:26","date_gmt":"2022-03-25T03:51:26","guid":{"rendered":"https:\/\/mufasatoursandtravels.com\/destinos\/reserva-nacional-samburu\/"},"modified":"2025-04-08T12:10:35","modified_gmt":"2025-04-08T09:10:35","slug":"reserva-nacional-samburu","status":"publish","type":"page","link":"https:\/\/mufasatoursandtravels.com\/es\/destinos\/reserva-nacional-samburu\/","title":{"rendered":"Reserva Nacional Samburu"},"content":{"rendered":"[vc_row full_width=\u00bbstretch_row\u00bb][vc_column css=\u00bb.vc_custom_1679044842327{border-bottom-width: 10px !important;}\u00bb][ucaddon_classic_banner title=\u00bb\u00bb link_text=\u00bbSamburu National Reserve, Kenya\u00bb image=\u00bb6756&#8243; link=\u00bb\u00bb uc_init_settings=\u00bb\u00bb uc_fonts_data=\u00bbJTdCJTdE\u00bb][\/ucaddon_classic_banner][\/vc_column][\/vc_row][vc_row][vc_column css=\u00bb.vc_custom_1679044852908{border-top-width: 10px !important;}\u00bb][vc_tta_tabs shape=\u00bbsquare\u00bb color=\u00bbjuicy-pink\u00bb alignment=\u00bbcenter\u00bb active_section=\u00bb1&#8243; no_fill_content_area=\u00bbtrue\u00bb][vc_tta_section title=\u00bbAcerca de\u00bb tab_id=\u00bb1636302233132-39a30584-a642&#8243;][info_list_father][info_list_son style=\u00bbicon\u00bb size=\u00bb20&#8243; width=\u00bb25&#8243; height=\u00bb25&#8243; titleclr=\u00bb#800000&#8243; icon=\u00bbfas fa-question-circle\u00bb title=\u00bbReserva nacional de Samburu\u00bb]situado en la esquina sureste del distrito de Samburu, en la provincia del Valle del Rift de Kenia. Limita al sur con el r\u00edo Ewaso Nyiro, que la separa de la Reserva Nacional de Buffalo Springs. <\/p>\n<p>La reserva cubre un \u00e1rea de 165 km\u00b2 y se encuentra a unos 345 km de Nairobi.<\/p>\n<p>La Reserva se encuentra dentro de la zona ecol\u00f3gica V- que se clasifica como \u00e1rida y semi\u00e1rida con un \u00edndice de humedad de 42 a 57, lo que indica que la evapotranspiraci\u00f3n es mayor que la humedad disponible. Los d\u00edas son extremadamente calurosos mientras que las noches son frescas. Las temperaturas medias anuales oscilan entre los 18\u00baC y los 30\u00baC, mientras que la precipitaci\u00f3n media anual es de 354 mm, con picos en noviembre y abril. La estaci\u00f3n seca comienza a finales de mayo y llega hasta principios de octubre, cuando se encuentra una gran concentraci\u00f3n de vida silvestre en la reserva debido a la disponibilidad de vegetaci\u00f3n exuberante a lo largo del r\u00edo Ewaso Nyiro, la principal fuente de agua para la reserva y las comunidades cercanas   [\/info_list_son][info_list_son style=\u00bbicon\u00bb size=\u00bb20&#8243; width=\u00bb25&#8243; height=\u00bb25&#8243; titleclr=\u00bb#800000&#8243; icon=\u00bbfas fa-binoculars\u00bb title=\u00bbVida silvestre\u00bb]La reserva es alcanzable en la vida silvestre con fama por la abundancia de especies raras especialistas del norte como la cebra Grevy, el avestruz somal\u00ed, la jirafa reticulada, Gerenuk y el Oryx Beisa (tambi\u00e9n conocido como Samburu Special). La reserva tambi\u00e9n es popular con un m\u00ednimo de 900 elefantes. Los grandes depredadores como el le\u00f3n, el leopardo y el guepardo son una atracci\u00f3n importante (Kamunyak, la leona milagrosa que adapt\u00f3 al beb\u00e9 oryx, es residente de la reserva). Los avistamientos de perros salvajes tambi\u00e9n son una atracci\u00f3n com\u00fan en esta \u00e1rea protegida \u00fanica. La avifauna es abundante, con m\u00e1s de 450 especies registradas. Las aves de la regi\u00f3n \u00e1rida de arbustos del norte se ven incrementadas por una serie de especies de bosques ribere\u00f1os. El cern\u00edcalo primilla y el halc\u00f3n taita son especies de inter\u00e9s mundial para la conservaci\u00f3n y ambos utilizan la reserva. En la reserva se han registrado cinco especies categorizadas como vulnerables. Se trata del dardo africano, la garza grande, el buitre cabeciblanco, el \u00e1guila marcial y el picabuey pico amarillo. Especie en peligro cr\u00edtico de extinci\u00f3n seg\u00fan CITIES &#8211; La tortuga <em>panqueque (malacochersus tornieri<\/em>) se encuentra en la reserva.         [\/info_list_son][info_list_son style=\u00bbicon\u00bb size=\u00bb20&#8243; width=\u00bb25&#8243; height=\u00bb25&#8243; titleclr=\u00bb#800000&#8243; icon=\u00bbfas fa-paw\u00bb title=\u00bbActividades\u00bb]\n<ul>\n<li>Paseos por la naturaleza.<\/li>\n<li>Unidades de juego.<\/li>\n<li>Avistamiento.<\/li>\n<\/ul>\n[\/info_list_son][\/info_list_father][\/vc_tta_section][vc_tta_section title=\u00bbC\u00f3mo llegar\u00bb tab_id=\u00bb1633455601016-f93699bc-5d92&#8243;][vc_gmaps link=\u00bb#E-8_JTNDaWZyYW1lJTIwc3JjJTNEJTIyaHR0cHMlM0ElMkYlMkZtYXBzLmdvb2dsZS5jb20lMkZtYXBzJTNGcSUzRHNhbWJ1cnUlMjUyMG5hdGlvbmFsJTI1MjByZXNlcnZlJTI2YW1wJTNCdCUzRCUyNmFtcCUzQnolM0QxMyUyNmFtcCUzQmllJTNEVVRGOCUyNmFtcCUzQml3bG9jJTNEJTI2YW1wJTNCb3V0cHV0JTNEZW1iZWQlMjIlMjB3aWR0aCUzRCUyMjYwMCUyMiUyMGhlaWdodCUzRCUyMjQ1MCUyMiUyMGZyYW1lYm9yZGVyJTNEJTIyMCUyMiUyMHN0eWxlJTNEJTIyYm9yZGVyJTNBMCUyMiUyMGFsbG93ZnVsbHNjcmVlbiUzRCUyMiUyMiUzRSUzQyUyRmlmcmFtZSUzRQ==\u00bb][\/vc_tta_section][\/vc_tta_tabs][\/vc_column][\/vc_row]\n","protected":false},"excerpt":{"rendered":"<p>[vc_row full_width=\u00bbstretch_row\u00bb][vc_column css=\u00bb.vc_custom_1679044842327{border-bottom-width: 10px !important;}\u00bb][ucaddon_classic_banner title=\u00bb\u00bb link_text=\u00bbSamburu National Reserve, Kenya\u00bb image=\u00bb6756&#8243; link=\u00bb\u00bb uc_init_settings=\u00bb\u00bb uc_fonts_data=\u00bbJTdCJTdE\u00bb][\/ucaddon_classic_banner][\/vc_column][\/vc_row][vc_row][vc_column css=\u00bb.vc_custom_1679044852908{border-top-width: 10px !important;}\u00bb][vc_tta_tabs shape=\u00bbsquare\u00bb color=\u00bbjuicy-pink\u00bb alignment=\u00bbcenter\u00bb active_section=\u00bb1&#8243; no_fill_content_area=\u00bbtrue\u00bb][vc_tta_section title=\u00bbAcerca de\u00bb tab_id=\u00bb1636302233132-39a30584-a642&#8243;][info_list_father][info_list_son style=\u00bbicon\u00bb size=\u00bb20&#8243; width=\u00bb25&#8243; height=\u00bb25&#8243; titleclr=\u00bb#800000&#8243; icon=\u00bbfas fa-question-circle\u00bb title=\u00bbReserva nacional de Samburu\u00bb]situado en la esquina sureste del distrito de Samburu, en la provincia del Valle del Rift de Kenia. Limita al [&hellip;]<\/p>\n","protected":false},"author":4,"featured_media":0,"parent":28078,"menu_order":21,"comment_status":"closed","ping_status":"closed","template":"","meta":{"_themeisle_gutenberg_block_has_review":false,"footnotes":""},"class_list":["post-30900","page","type-page","status-publish","hentry"],"_links":{"self":[{"href":"https:\/\/mufasatoursandtravels.com\/es\/wp-json\/wp\/v2\/pages\/30900","targetHints":{"allow":["GET"]}}],"collection":[{"href":"https:\/\/mufasatoursandtravels.com\/es\/wp-json\/wp\/v2\/pages"}],"about":[{"href":"https:\/\/mufasatoursandtravels.com\/es\/wp-json\/wp\/v2\/types\/page"}],"author":[{"embeddable":true,"href":"https:\/\/mufasatoursandtravels.com\/es\/wp-json\/wp\/v2\/users\/4"}],"replies":[{"embeddable":true,"href":"https:\/\/mufasatoursandtravels.com\/es\/wp-json\/wp\/v2\/comments?post=30900"}],"version-history":[{"count":1,"href":"https:\/\/mufasatoursandtravels.com\/es\/wp-json\/wp\/v2\/pages\/30900\/revisions"}],"predecessor-version":[{"id":30904,"href":"https:\/\/mufasatoursandtravels.com\/es\/wp-json\/wp\/v2\/pages\/30900\/revisions\/30904"}],"up":[{"embeddable":true,"href":"https:\/\/mufasatoursandtravels.com\/es\/wp-json\/wp\/v2\/pages\/28078"}],"wp:attachment":[{"href":"https:\/\/mufasatoursandtravels.com\/es\/wp-json\/wp\/v2\/media?parent=30900"}],"curies":[{"name":"wp","href":"https:\/\/api.w.org\/{rel}","templated":true}]}}