{"id":30918,"date":"2022-03-25T06:42:05","date_gmt":"2022-03-25T03:42:05","guid":{"rendered":"https:\/\/mufasatoursandtravels.com\/destinos\/conservacion-olpejeta\/"},"modified":"2025-04-08T12:10:46","modified_gmt":"2025-04-08T09:10:46","slug":"conservacion-olpejeta","status":"publish","type":"page","link":"https:\/\/mufasatoursandtravels.com\/es\/destinos\/conservacion-olpejeta\/","title":{"rendered":"Conservaci\u00f3n Olpejeta"},"content":{"rendered":"[vc_row full_width=\u00bbstretch_row\u00bb][vc_column css=\u00bb.vc_custom_1679044516903{border-bottom-width: 10px !important;}\u00bb][ucaddon_classic_banner title=\u00bb\u00bb link_text=\u00bbOlpejeta Conservancy, Kenya\u00bb image=\u00bb5860&#8243; link=\u00bb\u00bb uc_init_settings=\u00bb\u00bb uc_fonts_data=\u00bbJTdCJTdE\u00bb][\/ucaddon_classic_banner][\/vc_column][\/vc_row][vc_row][vc_column css=\u00bb.vc_custom_1679044526788{border-top-width: 10px !important;}\u00bb][vc_tta_tabs shape=\u00bbsquare\u00bb color=\u00bbjuicy-pink\u00bb alignment=\u00bbcenter\u00bb active_section=\u00bb1&#8243; no_fill_content_area=\u00bbtrue\u00bb][vc_tta_section title=\u00bbAcerca de\u00bb tab_id=\u00bb1636302233132-39a30584-a642&#8243;][info_list_father][info_list_son style=\u00bbicon\u00bb size=\u00bb20&#8243; width=\u00bb25&#8243; height=\u00bb25&#8243; titleclr=\u00bb#800000&#8243; icon=\u00bbfas fa-question-circle\u00bb title=\u00bbConservaci\u00f3n Olpejeta\u00bb]Situado en el ecuador al oeste de Nanyuki, entre las estribaciones de los Aberdares y el Monte Kenia. Ol Pejeta Conservancy trabaja para conservar la vida silvestre, proporcionar un santuario para los grandes simios y generar ingresos a trav\u00e9s del turismo de vida silvestre y empresas complementarias para la reinversi\u00f3n en la conservaci\u00f3n y el desarrollo comunitario. <\/p>\n<p>The Conservancy cuenta con el santuario de rinocerontes negros m\u00e1s grande de \u00c1frica Oriental; En 2013, alcanz\u00f3 un hito poblacional de 100 rinocerontes negros. Tambi\u00e9n alberga a los dos rinocerontes blancos del norte que quedan en el mundo, que fueron trasladados all\u00ed desde el zool\u00f3gico de Dv\u016fr Kr\u00e1lov\u00e9 en la Rep\u00fablica Checa. Aqu\u00ed se encuentra el santuario de chimpanc\u00e9s de Sweetwater, que proporciona un refugio para chimpanc\u00e9s hu\u00e9rfanos, abandonados y rescatados. Es el \u00fanico lugar de Kenia donde se pueden ver chimpanc\u00e9s. The Conservancy es el anfitri\u00f3n de los \u00abcinco grandes animales de caza\u00bb entre una gran selecci\u00f3n de otros animales africanos, lo que lo convierte en un popular destino de safari. Tambi\u00e9n opera un exitoso programa de ganader\u00eda, que sirve para beneficiar a los pastores locales y la vida silvestre. A trav\u00e9s del programa de desarrollo comunitario de la conservaci\u00f3n, Ol Pejeta proporciona fondos a las comunidades circundantes para ayudar en proyectos de salud, educaci\u00f3n, agua e infraestructura. Tambi\u00e9n apoyan la prestaci\u00f3n de servicios de extensi\u00f3n agr\u00edcola y ganadera y el desarrollo de emprendimientos de turismo de conservaci\u00f3n basados en la comunidad.       [\/info_list_son][info_list_son style=\u00bbicon\u00bb size=\u00bb20&#8243; width=\u00bb25&#8243; height=\u00bb25&#8243; titleclr=\u00bb#800000&#8243; icon=\u00bbfas fa-binoculars\u00bb title=\u00bbVida silvestre\u00bb]Todos los miembros del \u00abjuego de los cinco grandes\u00bb (le\u00f3n, b\u00fafalo del Cabo, elefante africano, leopardo y rinoceronte) se pueden encontrar en Ol Pejeta Conservancy. Tanto los rinocerontes blancos como los negros prosperan aqu\u00ed. En 2013, Ol Pejeta registr\u00f3 el nacimiento de su rinoceronte negro n\u00famero 100. Esto significa que The Conservancy es ahora una poblaci\u00f3n de rinoceronte negro \u00abClave 1\u00bb en la categorizaci\u00f3n del Grupo de Especialistas en Rinocerontes Africanos de la UICN. Es uno de los ocho santuarios en \u00c1frica con esta distinci\u00f3n.    <\/p>\n<p>Otros animales raros que se pueden encontrar en Ol Pejeta incluyen el perro salvaje africano en peligro de extinci\u00f3n, el oryx, el hartebeest de Jackson, la cebra de Grevy, el serval, el guepardo y el zorro con orejas de murci\u00e9lago. Tambi\u00e9n se puede encontrar la fauna africana m\u00e1s com\u00fan, como jirafas, monos vervet, babuinos, hipop\u00f3tamos, impalas, eland, gacela de Grant, dik-dik, cebra de las llanuras, chacal de lomo plateado, hiena. Tambi\u00e9n hay m\u00e1s de 300 especies de aves en la Conservaci\u00f3n.  <\/p>\n<p>Todos los animales son libres de entrar y salir de la Conservaci\u00f3n a trav\u00e9s de \u00abcorredores de caza\u00bb especialmente construidos que solo restringen el movimiento de los rinocerontes. Los postes a la altura de las rodillas en el suelo, situados muy cerca unos de otros, no representan ning\u00fan desaf\u00edo para los elefantes, ant\u00edlopes y carn\u00edvoros, que pueden saltar o pasar por encima f\u00e1cilmente. Los rinocerontes, sin embargo, no pueden hacer esto y, como resultado, se les restringe el movimiento a \u00e1reas donde corren el peligro de ser masacrados por su cuerno.  [\/info_list_son][info_list_son style=\u00bbicon\u00bb size=\u00bb20&#8243; width=\u00bb25&#8243; height=\u00bb25&#8243; titleclr=\u00bb#800000&#8243; icon=\u00bbfas fa-paw\u00bb title=\u00bbActividades\u00bb]\n<ul>\n<li>Unidades de juego.<\/li>\n<li>Avistamiento.<\/li>\n<li>Paseos por la naturaleza.<\/li>\n<\/ul>\n[\/info_list_son][\/info_list_father][\/vc_tta_section][vc_tta_section title=\u00bbC\u00f3mo llegar\u00bb tab_id=\u00bb1633455601016-f93699bc-5d92&#8243;][vc_gmaps link=\u00bb#E-8_JTNDaWZyYW1lJTIwc3JjJTNEJTIyaHR0cHMlM0ElMkYlMkZtYXBzLmdvb2dsZS5jb20lMkZtYXBzJTNGd2lkdGglM0QxMDAlMjUyNSUyNmFtcCUzQmhlaWdodCUzRDYwMCUyNmFtcCUzQmhsJTNEZW4lMjZhbXAlM0JxJTNEb2xwZWpldGElMjUyMGNvbnNlcnZhbmN5JTJCJTI4JTI5JTI2YW1wJTNCdCUzRCUyNmFtcCUzQnolM0QxNCUyNmFtcCUzQmllJTNEVVRGOCUyNmFtcCUzQml3bG9jJTNEQiUyNmFtcCUzQm91dHB1dCUzRGVtYmVkJTIyJTIwd2lkdGglM0QlMjI2MDAlMjIlMjBoZWlnaHQlM0QlMjI0NTAlMjIlMjBmcmFtZWJvcmRlciUzRCUyMjAlMjIlMjBzdHlsZSUzRCUyMmJvcmRlciUzQTAlMjIlMjBhbGxvd2Z1bGxzY3JlZW4lM0QlMjIlMjIlM0UlM0MlMkZpZnJhbWUlM0U=\u00bb][\/vc_tta_section][\/vc_tta_tabs][\/vc_column][\/vc_row]\n","protected":false},"excerpt":{"rendered":"<p>[vc_row full_width=\u00bbstretch_row\u00bb][vc_column css=\u00bb.vc_custom_1679044516903{border-bottom-width: 10px !important;}\u00bb][ucaddon_classic_banner title=\u00bb\u00bb link_text=\u00bbOlpejeta Conservancy, Kenya\u00bb image=\u00bb5860&#8243; link=\u00bb\u00bb uc_init_settings=\u00bb\u00bb uc_fonts_data=\u00bbJTdCJTdE\u00bb][\/ucaddon_classic_banner][\/vc_column][\/vc_row][vc_row][vc_column css=\u00bb.vc_custom_1679044526788{border-top-width: 10px !important;}\u00bb][vc_tta_tabs shape=\u00bbsquare\u00bb color=\u00bbjuicy-pink\u00bb alignment=\u00bbcenter\u00bb active_section=\u00bb1&#8243; no_fill_content_area=\u00bbtrue\u00bb][vc_tta_section title=\u00bbAcerca de\u00bb tab_id=\u00bb1636302233132-39a30584-a642&#8243;][info_list_father][info_list_son style=\u00bbicon\u00bb size=\u00bb20&#8243; width=\u00bb25&#8243; height=\u00bb25&#8243; titleclr=\u00bb#800000&#8243; icon=\u00bbfas fa-question-circle\u00bb title=\u00bbConservaci\u00f3n Olpejeta\u00bb]Situado en el ecuador al oeste de Nanyuki, entre las estribaciones de los Aberdares y el Monte Kenia. Ol Pejeta Conservancy trabaja para [&hellip;]<\/p>\n","protected":false},"author":4,"featured_media":0,"parent":28078,"menu_order":19,"comment_status":"closed","ping_status":"closed","template":"","meta":{"_themeisle_gutenberg_block_has_review":false,"footnotes":""},"class_list":["post-30918","page","type-page","status-publish","hentry"],"_links":{"self":[{"href":"https:\/\/mufasatoursandtravels.com\/es\/wp-json\/wp\/v2\/pages\/30918","targetHints":{"allow":["GET"]}}],"collection":[{"href":"https:\/\/mufasatoursandtravels.com\/es\/wp-json\/wp\/v2\/pages"}],"about":[{"href":"https:\/\/mufasatoursandtravels.com\/es\/wp-json\/wp\/v2\/types\/page"}],"author":[{"embeddable":true,"href":"https:\/\/mufasatoursandtravels.com\/es\/wp-json\/wp\/v2\/users\/4"}],"replies":[{"embeddable":true,"href":"https:\/\/mufasatoursandtravels.com\/es\/wp-json\/wp\/v2\/comments?post=30918"}],"version-history":[{"count":1,"href":"https:\/\/mufasatoursandtravels.com\/es\/wp-json\/wp\/v2\/pages\/30918\/revisions"}],"predecessor-version":[{"id":30919,"href":"https:\/\/mufasatoursandtravels.com\/es\/wp-json\/wp\/v2\/pages\/30918\/revisions\/30919"}],"up":[{"embeddable":true,"href":"https:\/\/mufasatoursandtravels.com\/es\/wp-json\/wp\/v2\/pages\/28078"}],"wp:attachment":[{"href":"https:\/\/mufasatoursandtravels.com\/es\/wp-json\/wp\/v2\/media?parent=30918"}],"curies":[{"name":"wp","href":"https:\/\/api.w.org\/{rel}","templated":true}]}}