{"id":30943,"date":"2022-03-25T06:32:17","date_gmt":"2022-03-25T03:32:17","guid":{"rendered":"https:\/\/mufasatoursandtravels.com\/destinos\/parque-nacional-tsavo-west\/"},"modified":"2025-04-08T12:12:02","modified_gmt":"2025-04-08T09:12:02","slug":"parque-nacional-tsavo-west","status":"publish","type":"page","link":"https:\/\/mufasatoursandtravels.com\/es\/destinos\/parque-nacional-tsavo-west\/","title":{"rendered":"Parque Nacional Tsavo West"},"content":{"rendered":"[vc_row full_width=\u00bbstretch_row\u00bb][vc_column css=\u00bb.vc_custom_1679043960797{border-bottom-width: 10px !important;}\u00bb][ucaddon_classic_banner title=\u00bb\u00bb link_text=\u00bbTsavo West National Park, Kenya\u00bb image=\u00bb7073&#8243; link=\u00bb\u00bb uc_init_settings=\u00bb\u00bb uc_fonts_data=\u00bbJTdCJTdE\u00bb][\/ucaddon_classic_banner][\/vc_column][\/vc_row][vc_row][vc_column css=\u00bb.vc_custom_1679043973615{border-top-width: 10px !important;}\u00bb][vc_tta_tabs shape=\u00bbsquare\u00bb color=\u00bbjuicy-pink\u00bb alignment=\u00bbcenter\u00bb active_section=\u00bb1&#8243; no_fill_content_area=\u00bbtrue\u00bb][vc_tta_section title=\u00bbAcerca de\u00bb tab_id=\u00bb1636302233132-39a30584-a642&#8243;][info_list_father][info_list_son style=\u00bbicon\u00bb size=\u00bb20&#8243; width=\u00bb25&#8243; height=\u00bb25&#8243; titleclr=\u00bb#800000&#8243; icon=\u00bbfas fa-question-circle\u00bb title=\u00bbParque nacional del oeste de Tsavo\u00bb]Desde la vista de cincuenta millones de galones de agua cristalina que brota de la roca de lava reseca que son los manantiales de Mzima hasta los flujos de lava de Shetani, la tierra de lava, los manantiales, los devoradores de hombres y las puestas de sol m\u00e1gicas dan la bienvenida a Tsavo West, un hermoso y escarpado desierto. El ecosistema de la sabana se compone de pastizales abiertos, matorrales y bosques de acacias, cinturones de vegetaci\u00f3n ribere\u00f1a y crestas rocosas, incluido el Mirador del Cazador Furtivo, donde los visitantes pueden ver los reba\u00f1os repletos en las llanuras de abajo. Tsavo West ofrece algunas de las vistas de animales m\u00e1s magn\u00edficas del mundo.  [\/info_list_son][info_list_son style=\u00bbicon\u00bb size=\u00bb20&#8243; width=\u00bb25&#8243; height=\u00bb25&#8243; titleclr=\u00bb#800000&#8243; icon=\u00bbfas fa-binoculars\u00bb title=\u00bbVida silvestre\u00bb]\n<div class=\"field field-name-field-attractions field-type-text-with-summary field-label-above\">\n<p>El espect\u00e1culo de los manantiales de Mzima es la vista de cincuenta millones de galones de agua cristalina que brotan de las rocas de lava resecas, formando la escena m\u00e1s acogedora y encantadora de \u00c1frica. En 1898 la construcci\u00f3n del ferrocarril de Uganda se detuvo abruptamente cuando aparecieron en escena dos de los leones devoradores de hombres m\u00e1s voraces e insaciables, y durante m\u00e1s de nueve meses libraron una guerra intermitente contra el ferrocarril y todos los relacionados con \u00e9l en las cercan\u00edas de Tsavo. <\/p>\n<p>Una vibrante arena volc\u00e1nica; La lava fundida que forma la lava de Shetani brot\u00f3 de la tierra hace unos 200 a\u00f1os y los lugare\u00f1os pensaron que su furia ardiente era obra del diablo. Mirador del cazador furtivo y rocas rugientes; en el Parque abundan los puntos panor\u00e1micos de la vendimia desde los que se puede observar el movimiento de los reba\u00f1os. Gloriosas safaris; El oeste de Tsavo ofrece algunas de las vistas de animales m\u00e1s magn\u00edficas del mundo. Santuario de Ngulia; Aqu\u00ed es donde la creciente poblaci\u00f3n de rinocerontes negros, en peligro de extinci\u00f3n, se est\u00e1 alejando poco a poco del abismo de extinci\u00f3n impuesto por la caza furtiva desenfrenada en la d\u00e9cada de 1960.   <\/p>\n<p>El lago Jipe, se encuentra a horcajadas sobre la frontera de Kenia y Tanzania y est\u00e1 repleto de vida acu\u00e1tica, observaci\u00f3n de aves y tambi\u00e9n una actividad importante alrededor del lago.<\/p>\n<p>Quiz\u00e1s la campa\u00f1a m\u00e1s extra\u00f1a de la guerra mundial se libr\u00f3 en el \u00abBundu\u00bb (Bush), el desierto apenas explorado de matorrales espinosos y densos bosques del oeste de Tsavo. Esta \u00faltima \u00abguerra de caballeros\u00bb se libr\u00f3 bajo el c\u00f3digo de honor, a veces; o bajo t\u00e1cticas guerrilleras adoptadas de los combatientes tribales africanos. Las visitas guiadas al cr\u00e1ter, Kichwa Tembo y el fuerte de Mzima le permitir\u00e1n seguir los pasos reales de los veteranos de la guerra mundial.  <\/p><\/div>\n[\/info_list_son][info_list_son style=\u00bbicon\u00bb size=\u00bb20&#8243; width=\u00bb25&#8243; height=\u00bb25&#8243; titleclr=\u00bb#800000&#8243; icon=\u00bbfas fa-paw\u00bb title=\u00bbActividades\u00bb]\n<ul>\n<li>Unidades de juego.<\/li>\n<li>Paseos por la naturaleza.<\/li>\n<li>Visitas culturales.<\/li>\n<li>Avistamiento.<\/li>\n<\/ul>\n[\/info_list_son][\/info_list_father][\/vc_tta_section][vc_tta_section title=\u00bbC\u00f3mo llegar\u00bb tab_id=\u00bb1633455601016-f93699bc-5d92&#8243;][vc_gmaps link=\u00bb#E-8_JTNDaWZyYW1lJTIwc3JjJTNEJTIyaHR0cHMlM0ElMkYlMkZtYXBzLmdvb2dsZS5jb20lMkZtYXBzJTNGcSUzRHRzYXZvJTI1MjB3ZXN0JTI2YW1wJTNCdCUzRGslMjZhbXAlM0J6JTNEMTMlMjZhbXAlM0JpZSUzRFVURjglMjZhbXAlM0Jpd2xvYyUzRCUyNmFtcCUzQm91dHB1dCUzRGVtYmVkJTIyJTIwd2lkdGglM0QlMjI2MDAlMjIlMjBoZWlnaHQlM0QlMjI0NTAlMjIlMjBmcmFtZWJvcmRlciUzRCUyMjAlMjIlMjBzdHlsZSUzRCUyMmJvcmRlciUzQTAlMjIlMjBhbGxvd2Z1bGxzY3JlZW4lM0QlMjIlMjIlM0UlM0MlMkZpZnJhbWUlM0U=\u00bb][\/vc_tta_section][\/vc_tta_tabs][\/vc_column][\/vc_row]\n","protected":false},"excerpt":{"rendered":"<p>[vc_row full_width=\u00bbstretch_row\u00bb][vc_column css=\u00bb.vc_custom_1679043960797{border-bottom-width: 10px !important;}\u00bb][ucaddon_classic_banner title=\u00bb\u00bb link_text=\u00bbTsavo West National Park, Kenya\u00bb image=\u00bb7073&#8243; link=\u00bb\u00bb uc_init_settings=\u00bb\u00bb uc_fonts_data=\u00bbJTdCJTdE\u00bb][\/ucaddon_classic_banner][\/vc_column][\/vc_row][vc_row][vc_column css=\u00bb.vc_custom_1679043973615{border-top-width: 10px !important;}\u00bb][vc_tta_tabs shape=\u00bbsquare\u00bb color=\u00bbjuicy-pink\u00bb alignment=\u00bbcenter\u00bb active_section=\u00bb1&#8243; no_fill_content_area=\u00bbtrue\u00bb][vc_tta_section title=\u00bbAcerca de\u00bb tab_id=\u00bb1636302233132-39a30584-a642&#8243;][info_list_father][info_list_son style=\u00bbicon\u00bb size=\u00bb20&#8243; width=\u00bb25&#8243; height=\u00bb25&#8243; titleclr=\u00bb#800000&#8243; icon=\u00bbfas fa-question-circle\u00bb title=\u00bbParque nacional del oeste de Tsavo\u00bb]Desde la vista de cincuenta millones de galones de agua cristalina que brota de la roca de [&hellip;]<\/p>\n","protected":false},"author":4,"featured_media":0,"parent":28078,"menu_order":16,"comment_status":"closed","ping_status":"closed","template":"","meta":{"_themeisle_gutenberg_block_has_review":false,"footnotes":""},"class_list":["post-30943","page","type-page","status-publish","hentry"],"_links":{"self":[{"href":"https:\/\/mufasatoursandtravels.com\/es\/wp-json\/wp\/v2\/pages\/30943","targetHints":{"allow":["GET"]}}],"collection":[{"href":"https:\/\/mufasatoursandtravels.com\/es\/wp-json\/wp\/v2\/pages"}],"about":[{"href":"https:\/\/mufasatoursandtravels.com\/es\/wp-json\/wp\/v2\/types\/page"}],"author":[{"embeddable":true,"href":"https:\/\/mufasatoursandtravels.com\/es\/wp-json\/wp\/v2\/users\/4"}],"replies":[{"embeddable":true,"href":"https:\/\/mufasatoursandtravels.com\/es\/wp-json\/wp\/v2\/comments?post=30943"}],"version-history":[{"count":1,"href":"https:\/\/mufasatoursandtravels.com\/es\/wp-json\/wp\/v2\/pages\/30943\/revisions"}],"predecessor-version":[{"id":30944,"href":"https:\/\/mufasatoursandtravels.com\/es\/wp-json\/wp\/v2\/pages\/30943\/revisions\/30944"}],"up":[{"embeddable":true,"href":"https:\/\/mufasatoursandtravels.com\/es\/wp-json\/wp\/v2\/pages\/28078"}],"wp:attachment":[{"href":"https:\/\/mufasatoursandtravels.com\/es\/wp-json\/wp\/v2\/media?parent=30943"}],"curies":[{"name":"wp","href":"https:\/\/api.w.org\/{rel}","templated":true}]}}