{"id":30948,"date":"2022-03-25T06:32:22","date_gmt":"2022-03-25T03:32:22","guid":{"rendered":"https:\/\/mufasatoursandtravels.com\/destinos\/lago-bogoria\/"},"modified":"2025-04-08T12:12:22","modified_gmt":"2025-04-08T09:12:22","slug":"lago-bogoria","status":"publish","type":"page","link":"https:\/\/mufasatoursandtravels.com\/es\/destinos\/lago-bogoria\/","title":{"rendered":"Lago Bogoria"},"content":{"rendered":"[vc_row full_width=\u00bbstretch_row\u00bb][vc_column css=\u00bb.vc_custom_1675676441774{border-top-width: 10px !important;border-right-width: 10px !important;border-bottom-width: 10px !important;border-left-width: 10px !important;}\u00bb][ucaddon_classic_banner title=\u00bb\u00bb link_text=\u00bbLake Bogoria, Kenya\u00bb image=\u00bb29744&#8243; link=\u00bb#\u00bb uc_init_settings=\u00bb\u00bb uc_fonts_data=\u00bbJTdCJTdE\u00bb][\/ucaddon_classic_banner][\/vc_column][\/vc_row][vc_row][vc_column css=\u00bb.vc_custom_1675676424171{border-top-width: 10px !important;border-right-width: 10px !important;border-bottom-width: 10px !important;border-left-width: 10px !important;}\u00bb][vc_tta_tabs shape=\u00bbsquare\u00bb color=\u00bbjuicy-pink\u00bb alignment=\u00bbcenter\u00bb active_section=\u00bb1&#8243; no_fill_content_area=\u00bbtrue\u00bb][vc_tta_section title=\u00bbAcerca de\u00bb tab_id=\u00bb1636302233132-39a30584-a642&#8243;][info_list_father listclr=\u00bb#f8f8f8&#8243;][info_list_son style=\u00bbicon\u00bb size=\u00bb20&#8243; width=\u00bb25&#8243; height=\u00bb25&#8243; titleclr=\u00bb#800000&#8243; icon=\u00bbfas fa-question-circle\u00bb title=\u00bbLago Bogoria\u00bb]Es un lago salino y alcalino que se encuentra en una regi\u00f3n volc\u00e1nica en una cuenca de medio graben al sur del lago Baringo, Kenia, un poco al norte del ecuador. El lago Bogoria, al igual que el lago Nakuru, el lago Elementeita y el lago Magadi m\u00e1s al sur en el Valle del Rift, y el lago Logipi al norte, es el hogar a veces de una de las poblaciones m\u00e1s grandes del mundo de flamencos menores. El lago es un sitio Ramsar y la Reserva Nacional del Lago Bogoria ha sido una Reserva Nacional protegida desde el 29 de noviembre de 1973. El lago Bogoria es poco profundo (unos 10 m de profundidad), y tiene unos 34 km de largo por 3,5 km de ancho, con una cuenca de drenaje de 700 km<sup>2<\/sup>. Se encuentra en el condado de Baringo.    <\/p>\n<p>Las caracter\u00edsticas locales incluyen el pantano de Kesubo al norte y la escarpa de Siracho al este, ambos dentro de la Reserva Nacional. El lago tambi\u00e9n es famoso por sus g\u00e9iseres y aguas termales a lo largo de la orilla del lago y en el lago. En cuatro lugares alrededor del lago se pueden observar al menos 10 g\u00e9iseres, que entran en erupci\u00f3n de hasta 5 m de altura. La actividad de los g\u00e9iseres se ve afectada por las fluctuaciones del nivel del lago, que pueden inundar o exponer algunos g\u00e9iseres.  [\/info_list_son][info_list_son style=\u00bbicon\u00bb size=\u00bb20&#8243; width=\u00bb25&#8243; height=\u00bb25&#8243; titleclr=\u00bb#800000&#8243; icon=\u00bbfas fa-binoculars\u00bb title=\u00bbVida silvestre\u00bb]El lago es alcalino y se alimenta de algas verdeazuladas que a su vez alimentan a los flamencos. A veces, el n\u00famero de flamencos que se alimentan en el lago puede ser tan alto como dos millones. Las aves rapaces, como las \u00e1guilas leonadas, se alimentan de los flamencos. En total, se han registrado 135 especies de aves. Entre ellos se encuentran el zampull\u00edn chico, la canastera, el vencejo, el abejaruco chico, el wigeon del cabo, la cig\u00fce\u00f1a piquiramarilla, la esp\u00e1tula africana, el augur, el azor, el azor gabar, el dikkop de agua, el carbonero com\u00fan, el estornino, el c\u00e1lao y el crombec.    <\/p>\n<p>La reserva tiene una manada del relativamente poco com\u00fan Gran Kud\u00fa. Otros grandes mam\u00edferos son el b\u00fafalo, la cebra, el guepardo, el babuino, el jabal\u00ed, el caracal, la hiena manchada, el impala y el dik dik. <\/p>\n<p>El Waseges fluye a trav\u00e9s de regiones de cultivo intensivo de caf\u00e9 donde se hace un uso intensivo de fertilizantes y pesticidas qu\u00edmicos, que pueden estar contaminando el lago. Muchos visitantes se sienten atra\u00eddos por las aguas termales en la orilla occidental del lago, y estas causan contaminaci\u00f3n por desechos s\u00f3lidos. La sedimentaci\u00f3n es otra amenaza para la biodiversidad.  [\/info_list_son][info_list_son style=\u00bbicon\u00bb size=\u00bb20&#8243; width=\u00bb25&#8243; height=\u00bb25&#8243; titleclr=\u00bb#800000&#8243; icon=\u00bbfas fa-paw\u00bb title=\u00bbActividades\u00bb]\n<ul>\n<li>Paseos en barco.<\/li>\n<li>Avistamiento.<\/li>\n<li>Museo Kabarnet.<\/li>\n<li>Ciclismo.<\/li>\n<\/ul>\n[\/info_list_son][\/info_list_father][\/vc_tta_section][vc_tta_section title=\u00bbC\u00f3mo llegar\u00bb tab_id=\u00bb1633455601016-f93699bc-5d92&#8243;][vc_gmaps link=\u00bb#E-8_JTNDaWZyYW1lJTIwc3JjJTNEJTIyaHR0cHMlM0ElMkYlMkZtYXBzLmdvb2dsZS5jb20lMkZtYXBzJTNGd2lkdGglM0QxMDAlMjUyNSUyNmFtcCUzQmhlaWdodCUzRDYwMCUyNmFtcCUzQmhsJTNEZW4lMjZhbXAlM0JxJTNEbGFrZSUyNTIwYm9nb3JpYSUyQiUyOE15JTI1MjBCdXNpbmVzcyUyNTIwTmFtZSUyOSUyNmFtcCUzQnQlM0RrJTI2YW1wJTNCeiUzRDE0JTI2YW1wJTNCaWUlM0RVVEY4JTI2YW1wJTNCaXdsb2MlM0RCJTI2YW1wJTNCb3V0cHV0JTNEZW1iZWQlMjIlMjB3aWR0aCUzRCUyMjYwMCUyMiUyMGhlaWdodCUzRCUyMjQ1MCUyMiUyMGZyYW1lYm9yZGVyJTNEJTIyMCUyMiUyMHN0eWxlJTNEJTIyYm9yZGVyJTNBMCUyMiUyMGFsbG93ZnVsbHNjcmVlbiUzRCUyMiUyMiUzRSUzQyUyRmlmcmFtZSUzRQ==\u00bb][\/vc_tta_section][vc_tta_section title=\u00bbAlojamiento\u00bb tab_id=\u00bb1741933572346-82e583e4-b58e\u00bb][vc_row_inner][vc_column_inner width=\u00bb1\/2&#8243; offset=\u00bbvc_hidden-md vc_hidden-sm vc_hidden-xs\u00bb][vc_images_carousel images=\u00bb29683,29677,29689&#8243; onclick=\u00bblink_no\u00bb][\/vc_column_inner][vc_column_inner width=\u00bb1\/2&#8243;][vc_headings style=\u00bbtheme3&#8243; linewidth=\u00bb100&#8243; borderclr=\u00bb#890000&#8243; title=\u00bbTumbili Cliff Lodge\u00bb align=\u00bbleft\u00bb google_fonts=\u00bbfont_family:Roboto%3A100%2C100italic%2C300%2C300italic%2Cregular%2Citalic%2C500%2C500italic%2C700%2C700italic%2C900%2C900italic\u00bb titleclr=\u00bb#000000&#8243; caption_url=\u00bb\u00bb caption_urls=\u00bb\u00bb caption_urlss=\u00bb\u00bb caption_urldesc=\u00bb\u00bb][\/vc_headings][vc_column_text]\n<p class=\"Standard\"><span lang=\"EN-GB\" xml:lang=\"EN-GB\">Situado a orillas del lago Baringo, enclavado en una colina rocosa, a 5 metros sobre el nivel del lago !  <\/span><span lang=\"EN-GB\" xml:lang=\"EN-GB\">\u00a1Esta posici\u00f3n privilegiada ofrece una vista \u00fanica de un paisaje impresionante!  <\/span><span lang=\"EN-GB\" xml:lang=\"EN-GB\">El Lodge fue imaginado y creado por Simon Chebon, un nativo de Baringo, quien es un gu\u00eda ornitol\u00f3gico profesional y conoce el lago y sus secretos mejor que nadie.  <\/span><\/p>\n[\/vc_column_text][vc_btn title=\u00bbVista\u00bb style=\u00bboutline-custom\u00bb outline_custom_color=\u00bb#890000&#8243; outline_custom_hover_background=\u00bb#890000&#8243; outline_custom_hover_text=\u00bb#ffffff\u00bb shape=\u00bbround\u00bb size=\u00bbsm\u00bb i_align=\u00bbright\u00bb i_icon_fontawesome=\u00bbfas fa-arrow-circle-right\u00bb add_icon=\u00bbtrue\u00bb link=\u00bburl:https%3A%2F%2Fwww.tumbilicliff.com%2Findex.html|\u00bb][\/vc_column_inner][\/vc_row_inner][vc_row_inner][vc_column_inner width=\u00bb1\/2&#8243; offset=\u00bbvc_hidden-md vc_hidden-sm vc_hidden-xs\u00bb][vc_images_carousel images=\u00bb29695,29701&#8243; onclick=\u00bblink_no\u00bb][\/vc_column_inner][vc_column_inner width=\u00bb1\/2&#8243;][vc_headings style=\u00bbtheme3&#8243; linewidth=\u00bb100&#8243; borderclr=\u00bb#890000&#8243; title=\u00bbLake Bogoria Resort &#038; Spa\u00bb align=\u00bbleft\u00bb google_fonts=\u00bbfont_family:Roboto%3A100%2C100italic%2C300%2C300italic%2Cregular%2Citalic%2C500%2C500italic%2C700%2C700italic%2C900%2C900italic\u00bb titleclr=\u00bb#000000&#8243; caption_url=\u00bb\u00bb caption_urls=\u00bb\u00bb caption_urlss=\u00bb\u00bb caption_urldesc=\u00bb\u00bb][\/vc_headings][vc_column_text]\n<p class=\"Standard\">Experimente la \u00fanica piscina de spa climatizada natural de Kenia en Lake Bogoria Spa Resort, ubicado en el Gran Valle del Rift. Rel\u00e1jese con masajes y disfrute de una gran piscina fr\u00eda, restaurantes y tiendas. El complejo ofrece excursiones culturales y est\u00e1 a pocos minutos de la Reserva Nacional del Lago Bogoria, famosa por su avifauna y fauna  <\/p>\n[\/vc_column_text][vc_btn title=\u00bbVista\u00bb style=\u00bboutline-custom\u00bb outline_custom_color=\u00bb#890000&#8243; outline_custom_hover_background=\u00bb#890000&#8243; outline_custom_hover_text=\u00bb#ffffff\u00bb shape=\u00bbround\u00bb size=\u00bbsm\u00bb i_align=\u00bbright\u00bb i_icon_fontawesome=\u00bbfas fa-arrow-circle-right\u00bb add_icon=\u00bbtrue\u00bb link=\u00bburl:https%3A%2F%2Fwww.lakebogoria-hotel.com%2Flakebogoriasparesort%2Fhome%23%2F|\u00bb][\/vc_column_inner][\/vc_row_inner][vc_row_inner][vc_column_inner width=\u00bb1\/2&#8243; offset=\u00bbvc_hidden-md vc_hidden-sm vc_hidden-xs\u00bb][vc_images_carousel images=\u00bb29707&#8243; onclick=\u00bblink_no\u00bb][\/vc_column_inner][vc_column_inner width=\u00bb1\/2&#8243;][vc_headings style=\u00bbtheme3&#8243; linewidth=\u00bb100&#8243; borderclr=\u00bb#890000&#8243; title=\u00bbThe Porcupine Guesthouse\u00bb align=\u00bbleft\u00bb google_fonts=\u00bbfont_family:Roboto%3A100%2C100italic%2C300%2C300italic%2Cregular%2Citalic%2C500%2C500italic%2C700%2C700italic%2C900%2C900italic\u00bb titleclr=\u00bb#000000&#8243; caption_url=\u00bb\u00bb caption_urls=\u00bb\u00bb caption_urlss=\u00bb\u00bb caption_urldesc=\u00bb\u00bb][\/vc_headings][vc_column_text]\n<p class=\"Standard\">Experimente la \u00fanica piscina de spa climatizada natural de Kenia en Lake Bogoria Spa Resort, ubicado en el Gran Valle del Rift. Rel\u00e1jese con masajes y disfrute de una gran piscina fr\u00eda, restaurantes y tiendas. El complejo ofrece excursiones culturales y est\u00e1 a pocos minutos de la Reserva Nacional del Lago Bogoria, famosa por su avifauna y fauna  <\/p>\n[\/vc_column_text][vc_btn title=\u00bbVista\u00bb style=\u00bboutline-custom\u00bb outline_custom_color=\u00bb#890000&#8243; outline_custom_hover_background=\u00bb#890000&#8243; outline_custom_hover_text=\u00bb#ffffff\u00bb shape=\u00bbround\u00bb size=\u00bbsm\u00bb i_align=\u00bbright\u00bb i_icon_fontawesome=\u00bbfas fa-arrow-circle-right\u00bb add_icon=\u00bbtrue\u00bb][\/vc_column_inner][\/vc_row_inner][vc_row_inner][vc_column_inner width=\u00bb1\/2&#8243; offset=\u00bbvc_hidden-md vc_hidden-sm vc_hidden-xs\u00bb][vc_images_carousel images=\u00bb29713,29719&#8243; onclick=\u00bblink_no\u00bb][\/vc_column_inner][vc_column_inner width=\u00bb1\/2&#8243;][vc_headings style=\u00bbtheme3&#8243; linewidth=\u00bb100&#8243; borderclr=\u00bb#890000&#8243; title=\u00bbLomanira Splendour\u00bb align=\u00bbleft\u00bb google_fonts=\u00bbfont_family:Roboto%3A100%2C100italic%2C300%2C300italic%2Cregular%2Citalic%2C500%2C500italic%2C700%2C700italic%2C900%2C900italic\u00bb titleclr=\u00bb#000000&#8243; caption_url=\u00bb\u00bb caption_urls=\u00bb\u00bb caption_urlss=\u00bb\u00bb caption_urldesc=\u00bb\u00bb][\/vc_headings][vc_column_text]\n<p class=\"Standard\">Experimente la \u00fanica piscina de spa climatizada natural de Kenia en Lake Bogoria Spa Resort, ubicado en el Gran Valle del Rift. Rel\u00e1jese con masajes y disfrute de una gran piscina fr\u00eda, restaurantes y tiendas. El complejo ofrece excursiones culturales y est\u00e1 a pocos minutos de la Reserva Nacional del Lago Bogoria, famosa por su avifauna y fauna  <\/p>\n[\/vc_column_text][vc_btn title=\u00bbVista\u00bb style=\u00bboutline-custom\u00bb outline_custom_color=\u00bb#890000&#8243; outline_custom_hover_background=\u00bb#890000&#8243; outline_custom_hover_text=\u00bb#ffffff\u00bb shape=\u00bbround\u00bb size=\u00bbsm\u00bb i_align=\u00bbright\u00bb i_icon_fontawesome=\u00bbfas fa-arrow-circle-right\u00bb add_icon=\u00bbtrue\u00bb link=\u00bburl:http%3A%2F%2Flomanirasplendour.com%2F|\u00bb][\/vc_column_inner][\/vc_row_inner][vc_row_inner][vc_column_inner width=\u00bb1\/2&#8243; offset=\u00bbvc_hidden-md vc_hidden-sm vc_hidden-xs\u00bb][vc_images_carousel images=\u00bb29725,29731,29737&#8243; onclick=\u00bblink_no\u00bb][\/vc_column_inner][vc_column_inner width=\u00bb1\/2&#8243;][vc_headings style=\u00bbtheme3&#8243; linewidth=\u00bb100&#8243; borderclr=\u00bb#890000&#8243; title=\u00bbSamatian Island\u00bb align=\u00bbleft\u00bb google_fonts=\u00bbfont_family:Roboto%3A100%2C100italic%2C300%2C300italic%2Cregular%2Citalic%2C500%2C500italic%2C700%2C700italic%2C900%2C900italic\u00bb titleclr=\u00bb#000000&#8243; caption_url=\u00bb\u00bb caption_urls=\u00bb\u00bb caption_urlss=\u00bb\u00bb caption_urldesc=\u00bb\u00bb][\/vc_headings][vc_column_text]\n<p class=\"Standard\">Experimente la \u00fanica piscina de spa climatizada natural de Kenia en Lake Bogoria Spa Resort, ubicado en el Gran Valle del Rift. Rel\u00e1jese con masajes y disfrute de una gran piscina fr\u00eda, restaurantes y tiendas. El complejo ofrece excursiones culturales y est\u00e1 a pocos minutos de la Reserva Nacional del Lago Bogoria, famosa por su avifauna y fauna  <\/p>\n[\/vc_column_text][vc_btn title=\u00bbVista\u00bb style=\u00bboutline-custom\u00bb outline_custom_color=\u00bb#890000&#8243; outline_custom_hover_background=\u00bb#890000&#8243; outline_custom_hover_text=\u00bb#ffffff\u00bb shape=\u00bbround\u00bb size=\u00bbsm\u00bb i_align=\u00bbright\u00bb i_icon_fontawesome=\u00bbfas fa-arrow-circle-right\u00bb add_icon=\u00bbtrue\u00bb link=\u00bburl:http%3A%2F%2Fwww.samatianisland.com%2F|\u00bb][\/vc_column_inner][\/vc_row_inner][\/vc_tta_section][\/vc_tta_tabs][\/vc_column][\/vc_row]\n","protected":false},"excerpt":{"rendered":"<p>[vc_row full_width=\u00bbstretch_row\u00bb][vc_column css=\u00bb.vc_custom_1675676441774{border-top-width: 10px !important;border-right-width: 10px !important;border-bottom-width: 10px !important;border-left-width: 10px !important;}\u00bb][ucaddon_classic_banner title=\u00bb\u00bb link_text=\u00bbLake Bogoria, Kenya\u00bb image=\u00bb29744&#8243; link=\u00bb#\u00bb uc_init_settings=\u00bb\u00bb uc_fonts_data=\u00bbJTdCJTdE\u00bb][\/ucaddon_classic_banner][\/vc_column][\/vc_row][vc_row][vc_column css=\u00bb.vc_custom_1675676424171{border-top-width: 10px !important;border-right-width: 10px !important;border-bottom-width: 10px !important;border-left-width: 10px !important;}\u00bb][vc_tta_tabs shape=\u00bbsquare\u00bb color=\u00bbjuicy-pink\u00bb alignment=\u00bbcenter\u00bb active_section=\u00bb1&#8243; no_fill_content_area=\u00bbtrue\u00bb][vc_tta_section title=\u00bbAcerca de\u00bb tab_id=\u00bb1636302233132-39a30584-a642&#8243;][info_list_father listclr=\u00bb#f8f8f8&#8243;][info_list_son style=\u00bbicon\u00bb size=\u00bb20&#8243; width=\u00bb25&#8243; height=\u00bb25&#8243; titleclr=\u00bb#800000&#8243; icon=\u00bbfas fa-question-circle\u00bb title=\u00bbLago Bogoria\u00bb]Es un lago salino y alcalino que se encuentra en [&hellip;]<\/p>\n","protected":false},"author":4,"featured_media":0,"parent":28078,"menu_order":17,"comment_status":"closed","ping_status":"closed","template":"","meta":{"_themeisle_gutenberg_block_has_review":false,"footnotes":""},"class_list":["post-30948","page","type-page","status-publish","hentry"],"_links":{"self":[{"href":"https:\/\/mufasatoursandtravels.com\/es\/wp-json\/wp\/v2\/pages\/30948","targetHints":{"allow":["GET"]}}],"collection":[{"href":"https:\/\/mufasatoursandtravels.com\/es\/wp-json\/wp\/v2\/pages"}],"about":[{"href":"https:\/\/mufasatoursandtravels.com\/es\/wp-json\/wp\/v2\/types\/page"}],"author":[{"embeddable":true,"href":"https:\/\/mufasatoursandtravels.com\/es\/wp-json\/wp\/v2\/users\/4"}],"replies":[{"embeddable":true,"href":"https:\/\/mufasatoursandtravels.com\/es\/wp-json\/wp\/v2\/comments?post=30948"}],"version-history":[{"count":1,"href":"https:\/\/mufasatoursandtravels.com\/es\/wp-json\/wp\/v2\/pages\/30948\/revisions"}],"predecessor-version":[{"id":30949,"href":"https:\/\/mufasatoursandtravels.com\/es\/wp-json\/wp\/v2\/pages\/30948\/revisions\/30949"}],"up":[{"embeddable":true,"href":"https:\/\/mufasatoursandtravels.com\/es\/wp-json\/wp\/v2\/pages\/28078"}],"wp:attachment":[{"href":"https:\/\/mufasatoursandtravels.com\/es\/wp-json\/wp\/v2\/media?parent=30948"}],"curies":[{"name":"wp","href":"https:\/\/api.w.org\/{rel}","templated":true}]}}