{"id":30985,"date":"2022-03-25T06:32:05","date_gmt":"2022-03-25T03:32:05","guid":{"rendered":"https:\/\/mufasatoursandtravels.com\/destinos\/parque-nacional-hells-gate\/"},"modified":"2025-04-08T12:13:12","modified_gmt":"2025-04-08T09:13:12","slug":"parque-nacional-hells-gate","status":"publish","type":"page","link":"https:\/\/mufasatoursandtravels.com\/es\/destinos\/parque-nacional-hells-gate\/","title":{"rendered":"Parque Nacional Hell&#8217;s Gate"},"content":{"rendered":"[vc_row full_width=\u00bbstretch_row\u00bb][vc_column css=\u00bb.vc_custom_1675675402927{border-top-width: 10px !important;border-right-width: 10px !important;border-bottom-width: 10px !important;border-left-width: 10px !important;}\u00bb][ucaddon_classic_banner title=\u00bb\u00bb link_text=\u00bbHell&#8217;s Gate National Park, Kenya\u00bb image=\u00bb29562&#8243; link=\u00bb\u00bb uc_fonts_data=\u00bbJTdCJTdE\u00bb][\/ucaddon_classic_banner][\/vc_column][\/vc_row][vc_row][vc_column css=\u00bb.vc_custom_1675675416734{border-top-width: 10px !important;border-right-width: 10px !important;border-bottom-width: 10px !important;border-left-width: 10px !important;}\u00bb][vc_tta_tabs shape=\u00bbsquare\u00bb color=\u00bbjuicy-pink\u00bb alignment=\u00bbcenter\u00bb active_section=\u00bb1&#8243; no_fill_content_area=\u00bbtrue\u00bb][vc_tta_section title=\u00bbAcerca de\u00bb tab_id=\u00bb1636302233132-39a30584-a642&#8243;][info_list_father listclr=\u00bb#f8f8f8&#8243;][info_list_son style=\u00bbicon\u00bb size=\u00bb20&#8243; width=\u00bb25&#8243; height=\u00bb25&#8243; titleclr=\u00bb#800000&#8243; icon=\u00bbfas fa-question-circle\u00bb title=\u00bbParque Nacional Hell&#8217;s Gate\u00bb]El Parque Nacional Hell&#8217;s Gate se encuentra al sur del lago Naivasha en Kenia, al noroeste de Nairobi. El Parque Nacional Hell&#8217;s Gate lleva el nombre de una estrecha brecha en los acantilados, que una vez fue un afluente de un lago prehist\u00f3rico que aliment\u00f3 a los primeros humanos en el Valle del Rift. Establecido en 1984, es conocido por su amplia variedad de vida silvestre y por sus paisajes. Esto incluye las columnas de la Torre Fischer y la Torre Central y el desfiladero de Hell&#8217;s Gate. El parque nacional tambi\u00e9n alberga cinco centrales geot\u00e9rmicas en Ol karia. El parque est\u00e1 equipado con tres campamentos b\u00e1sicos e incluye un Centro Cultural Masai, que brinda educaci\u00f3n sobre la cultura y las tradiciones de la tribu Masai.     [\/info_list_son][info_list_son style=\u00bbicon\u00bb size=\u00bb20&#8243; width=\u00bb25&#8243; height=\u00bb25&#8243; titleclr=\u00bb#800000&#8243; icon=\u00bbfas fa-binoculars\u00bb title=\u00bbVida silvestre\u00bb]Hay una gran variedad de vida silvestre en el parque nacional, aunque poca en n\u00famero. Ejemplos de vida silvestre poco vista incluyen leones, leopardos y guepardos. Sin embargo, el parque ha sido hist\u00f3ricamente un hogar importante para los raros buitres quebrantahuesos. Hay m\u00e1s de 103 especies de aves en el parque, incluidos buitres, \u00e1guilas de Verreaux, augures y vencejos.   <\/p>\n<p>Los damanes, el b\u00fafalo africano, la cebra, el eland, el hartebeest, la gacela de Thomson, la hiena y los babuinos tambi\u00e9n son comunes. El parque tambi\u00e9n es el hogar de serval y un peque\u00f1o n\u00famero de ant\u00edlopes klipspringer y el ant\u00edlope de monta\u00f1a de Chanler. [\/info_list_son][info_list_son style=\u00bbicon\u00bb size=\u00bb20&#8243; width=\u00bb25&#8243; height=\u00bb25&#8243; titleclr=\u00bb#800000&#8243; icon=\u00bbfas fa-paw\u00bb title=\u00bbActividades\u00bb]\n<ul>\n<li>Pedaleando por el parque.<\/li>\n<li>Senderismo por los ca\u00f1ones.<\/li>\n<li>Apreciando la fauna local.<\/li>\n<li>Avistamiento.<\/li>\n<\/ul>\n[\/info_list_son][\/info_list_father][\/vc_tta_section][vc_tta_section title=\u00bbAlojamiento\u00bb tab_id=\u00bb1741867605592-fb68bd77-c66b\u00bb][vc_row_inner][vc_column_inner width=\u00bb1\/2&#8243; offset=\u00bbvc_hidden-md vc_hidden-sm vc_hidden-xs\u00bb][vc_images_carousel images=\u00bb29580,29568,29574&#8243; onclick=\u00bbcustom_link\u00bb custom_links_target=\u00bb_blank\u00bb][\/vc_column_inner][vc_column_inner width=\u00bb1\/2&#8243;][vc_headings style=\u00bbtheme3&#8243; linewidth=\u00bb100&#8243; borderclr=\u00bb#890000&#8243; title=\u00bbEnashipai Resort &#038; Spa\u00bb align=\u00bbleft\u00bb google_fonts=\u00bbfont_family:Roboto%3A100%2C100italic%2C300%2C300italic%2Cregular%2Citalic%2C500%2C500italic%2C700%2C700italic%2C900%2C900italic\u00bb titleclr=\u00bb#000000&#8243;][\/vc_headings][vc_column_text]Enashipai \u2013 Una palabra mas\u00e1i que significa \u00ab\u00a1Un lugar de felicidad!\u00bb Situado en el esplendor del Gran Valle del Rift y a orillas del lago Naivasha, Enashipai Resort and Spa es un destino de ocio y conferencias galardonado con m\u00faltiples premios que ofrece una aut\u00e9ntica hospitalidad africana centrada en el bienestar. Nos enorgullecemos de ofrecer experiencias \u00fanicas y memorables para nuestros hu\u00e9spedes.[\/vc_column_text][vc_btn title=\u00bbVista\u00bb style=\u00bboutline-custom\u00bb outline_custom_color=\u00bb#890000&#8243; outline_custom_hover_background=\u00bb#890000&#8243; outline_custom_hover_text=\u00bb#ffffff\u00bb shape=\u00bbround\u00bb size=\u00bbsm\u00bb align=\u00bbleft\u00bb i_icon_fontawesome=\u00bbfas fa-arrow-circle-right\u00bb css_animation=\u00bbslideInRight\u00bb add_icon=\u00bbtrue\u00bb link=\u00bburl:https%3A%2F%2Fwww.enashipai.com%2F|\u00bb][\/vc_column_inner][\/vc_row_inner][vc_row_inner][vc_column_inner width=\u00bb1\/2&#8243; offset=\u00bbvc_hidden-md vc_hidden-sm vc_hidden-xs\u00bb][vc_images_carousel images=\u00bb29598,29586,29592&#8243; onclick=\u00bbcustom_link\u00bb custom_links_target=\u00bb_blank\u00bb][\/vc_column_inner][vc_column_inner width=\u00bb1\/2&#8243;][vc_headings style=\u00bbtheme3&#8243; linewidth=\u00bb100&#8243; borderclr=\u00bb#890000&#8243; title=\u00bbLake Naivasha Crescent Camp\u00bb align=\u00bbleft\u00bb google_fonts=\u00bbfont_family:Roboto%3A100%2C100italic%2C300%2C300italic%2Cregular%2Citalic%2C500%2C500italic%2C700%2C700italic%2C900%2C900italic\u00bb titleclr=\u00bb#000000&#8243;][\/vc_headings][vc_column_text]Este campamento en Kenia, en un lago de agua dulce, ofrece tiendas de campa\u00f1a bien amuebladas con suelos de madera y mucho espacio. Cada tienda tiene un cuarto de ba\u00f1o con agua caliente y un inodoro. Las tiendas tienen un estilo tradicional y se mezclan con las acacias, creando un ambiente relajante. Tambi\u00e9n se puede acampar.[\/vc_column_text][vc_btn title=\u00bbVista\u00bb style=\u00bboutline-custom\u00bb outline_custom_color=\u00bb#890000&#8243; outline_custom_hover_background=\u00bb#890000&#8243; outline_custom_hover_text=\u00bb#ffffff\u00bb shape=\u00bbround\u00bb size=\u00bbsm\u00bb align=\u00bbleft\u00bb i_icon_fontawesome=\u00bbfas fa-arrow-circle-right\u00bb css_animation=\u00bbslideInRight\u00bb add_icon=\u00bbtrue\u00bb link=\u00bburl:http%3A%2F%2Fcrescentcamp.co.ke%2F|\u00bb][\/vc_column_inner][\/vc_row_inner][vc_row_inner][vc_column_inner width=\u00bb1\/2&#8243; offset=\u00bbvc_hidden-md vc_hidden-sm vc_hidden-xs\u00bb][vc_images_carousel images=\u00bb29604,29610,29616&#8243; onclick=\u00bbcustom_link\u00bb custom_links_target=\u00bb_blank\u00bb][\/vc_column_inner][vc_column_inner width=\u00bb1\/2&#8243;][vc_headings style=\u00bbtheme3&#8243; linewidth=\u00bb100&#8243; borderclr=\u00bb#890000&#8243; title=\u00bbNaivasha Kongoni Lodge\u00bb align=\u00bbleft\u00bb google_fonts=\u00bbfont_family:Roboto%3A100%2C100italic%2C300%2C300italic%2Cregular%2Citalic%2C500%2C500italic%2C700%2C700italic%2C900%2C900italic\u00bb titleclr=\u00bb#000000&#8243;][\/vc_headings][vc_column_text]Experimente un retiro tranquilo en Naivasha Kongoni Lodge, ubicado en el Gran Valle del Rift de Kenia con impresionantes vistas del lago Naivasha. A 90 minutos de Nairobi, el lodge ofrece c\u00f3modas habitaciones con balcones privados para observar cebras, jirafas y diversas aves.[\/vc_column_text][vc_btn title=\u00bbVista\u00bb style=\u00bboutline-custom\u00bb outline_custom_color=\u00bb#890000&#8243; outline_custom_hover_background=\u00bb#890000&#8243; outline_custom_hover_text=\u00bb#ffffff\u00bb shape=\u00bbround\u00bb size=\u00bbsm\u00bb align=\u00bbleft\u00bb i_icon_fontawesome=\u00bbfas fa-arrow-circle-right\u00bb css_animation=\u00bbslideInRight\u00bb add_icon=\u00bbtrue\u00bb link=\u00bburl:https%3A%2F%2Fnaivashakongonilodge.com%2F|\u00bb][\/vc_column_inner][\/vc_row_inner][vc_row_inner][vc_column_inner width=\u00bb1\/2&#8243; offset=\u00bbvc_hidden-md vc_hidden-sm vc_hidden-xs\u00bb][vc_images_carousel images=\u00bb29635,29623,29629&#8243; onclick=\u00bbcustom_link\u00bb custom_links_target=\u00bb_blank\u00bb][\/vc_column_inner][vc_column_inner width=\u00bb1\/2&#8243;][vc_headings style=\u00bbtheme3&#8243; linewidth=\u00bb100&#8243; borderclr=\u00bb#890000&#8243; title=\u00bbLoldia Lodge\u00bb align=\u00bbleft\u00bb google_fonts=\u00bbfont_family:Roboto%3A100%2C100italic%2C300%2C300italic%2Cregular%2Citalic%2C500%2C500italic%2C700%2C700italic%2C900%2C900italic\u00bb titleclr=\u00bb#000000&#8243;][\/vc_headings][vc_column_text]Loldia House, ubicada en una granja familiar de 6,500 acres en el lago Naivasha, es ideal para relajarse y explorar el Gran Valle del Rift. Ofrece caba\u00f1as, suites de lujo con vistas al lago y un spa junto a la piscina. A solo dos horas de Nairobi, es conveniente para excursiones de un d\u00eda al Parque Nacional del Lago Nakuru y tiene vuelos diarios al Mara.[\/vc_column_text][vc_btn title=\u00bbVista\u00bb style=\u00bboutline-custom\u00bb outline_custom_color=\u00bb#890000&#8243; outline_custom_hover_background=\u00bb#890000&#8243; outline_custom_hover_text=\u00bb#ffffff\u00bb shape=\u00bbround\u00bb size=\u00bbsm\u00bb align=\u00bbleft\u00bb i_icon_fontawesome=\u00bbfas fa-arrow-circle-right\u00bb css_animation=\u00bbslideInRight\u00bb add_icon=\u00bbtrue\u00bb link=\u00bburl:https%3A%2F%2Fwww.governorscamp.com%2Fstay%2Floldia-house%2F|\u00bb][\/vc_column_inner][\/vc_row_inner][vc_row_inner][vc_column_inner width=\u00bb1\/2&#8243; offset=\u00bbvc_hidden-md vc_hidden-sm vc_hidden-xs\u00bb][vc_images_carousel images=\u00bb29641,29647,29653&#8243; onclick=\u00bbcustom_link\u00bb custom_links_target=\u00bb_blank\u00bb][\/vc_column_inner][vc_column_inner width=\u00bb1\/2&#8243;][vc_headings style=\u00bbtheme3&#8243; linewidth=\u00bb100&#8243; borderclr=\u00bb#890000&#8243; title=\u00bbLake Naivasha Simba Lodge\u00bb align=\u00bbleft\u00bb google_fonts=\u00bbfont_family:Roboto%3A100%2C100italic%2C300%2C300italic%2Cregular%2Citalic%2C500%2C500italic%2C700%2C700italic%2C900%2C900italic\u00bb titleclr=\u00bb#000000&#8243;][\/vc_headings][vc_column_text]Ubicado en medio de una serena belleza natural, el lago Naivasha Simba Lodge ha ganado elogios por sus habitaciones limpias y espaciosas con vistas a la vida silvestre.[\/vc_column_text][vc_btn title=\u00bbVista\u00bb style=\u00bboutline-custom\u00bb outline_custom_color=\u00bb#890000&#8243; outline_custom_hover_background=\u00bb#890000&#8243; outline_custom_hover_text=\u00bb#ffffff\u00bb shape=\u00bbround\u00bb size=\u00bbsm\u00bb align=\u00bbleft\u00bb i_icon_fontawesome=\u00bbfas fa-arrow-circle-right\u00bb css_animation=\u00bbslideInRight\u00bb add_icon=\u00bbtrue\u00bb link=\u00bburl:http%3A%2F%2Fwww.simbalodges.com%2F|\u00bb][\/vc_column_inner][\/vc_row_inner][\/vc_tta_section][vc_tta_section title=\u00bbC\u00f3mo llegar\u00bb tab_id=\u00bb1633455601016-f93699bc-5d92&#8243;][vc_gmaps link=\u00bb#E-8_JTNDaWZyYW1lJTIwc3JjJTNEJTIyaHR0cHMlM0ElMkYlMkZtYXBzLmdvb2dsZS5jb20lMkZtYXBzJTNGcSUzRGhlbGxzJTI1MjBnYXRlJTI2YW1wJTNCdCUzRGslMjZhbXAlM0J6JTNEMTElMjZhbXAlM0JpZSUzRFVURjglMjZhbXAlM0Jpd2xvYyUzRCUyNmFtcCUzQm91dHB1dCUzRGVtYmVkJTIyJTIwd2lkdGglM0QlMjI2MDAlMjIlMjBoZWlnaHQlM0QlMjI0NTAlMjIlMjBmcmFtZWJvcmRlciUzRCUyMjAlMjIlMjBzdHlsZSUzRCUyMmJvcmRlciUzQTAlMjIlMjBhbGxvd2Z1bGxzY3JlZW4lM0QlMjIlMjIlM0UlM0MlMkZpZnJhbWUlM0U=\u00bb][\/vc_tta_section][\/vc_tta_tabs][\/vc_column][\/vc_row]\n","protected":false},"excerpt":{"rendered":"<p>[vc_row full_width=\u00bbstretch_row\u00bb][vc_column css=\u00bb.vc_custom_1675675402927{border-top-width: 10px !important;border-right-width: 10px !important;border-bottom-width: 10px !important;border-left-width: 10px !important;}\u00bb][ucaddon_classic_banner title=\u00bb\u00bb link_text=\u00bbHell&#8217;s Gate National Park, Kenya\u00bb image=\u00bb29562&#8243; link=\u00bb\u00bb uc_fonts_data=\u00bbJTdCJTdE\u00bb][\/ucaddon_classic_banner][\/vc_column][\/vc_row][vc_row][vc_column css=\u00bb.vc_custom_1675675416734{border-top-width: 10px !important;border-right-width: 10px !important;border-bottom-width: 10px !important;border-left-width: 10px !important;}\u00bb][vc_tta_tabs shape=\u00bbsquare\u00bb color=\u00bbjuicy-pink\u00bb alignment=\u00bbcenter\u00bb active_section=\u00bb1&#8243; no_fill_content_area=\u00bbtrue\u00bb][vc_tta_section title=\u00bbAcerca de\u00bb tab_id=\u00bb1636302233132-39a30584-a642&#8243;][info_list_father listclr=\u00bb#f8f8f8&#8243;][info_list_son style=\u00bbicon\u00bb size=\u00bb20&#8243; width=\u00bb25&#8243; height=\u00bb25&#8243; titleclr=\u00bb#800000&#8243; icon=\u00bbfas fa-question-circle\u00bb title=\u00bbParque Nacional Hell&#8217;s Gate\u00bb]El Parque Nacional Hell&#8217;s Gate se encuentra [&hellip;]<\/p>\n","protected":false},"author":4,"featured_media":0,"parent":28078,"menu_order":5,"comment_status":"closed","ping_status":"closed","template":"","meta":{"_themeisle_gutenberg_block_has_review":false,"footnotes":""},"class_list":["post-30985","page","type-page","status-publish","hentry"],"_links":{"self":[{"href":"https:\/\/mufasatoursandtravels.com\/es\/wp-json\/wp\/v2\/pages\/30985","targetHints":{"allow":["GET"]}}],"collection":[{"href":"https:\/\/mufasatoursandtravels.com\/es\/wp-json\/wp\/v2\/pages"}],"about":[{"href":"https:\/\/mufasatoursandtravels.com\/es\/wp-json\/wp\/v2\/types\/page"}],"author":[{"embeddable":true,"href":"https:\/\/mufasatoursandtravels.com\/es\/wp-json\/wp\/v2\/users\/4"}],"replies":[{"embeddable":true,"href":"https:\/\/mufasatoursandtravels.com\/es\/wp-json\/wp\/v2\/comments?post=30985"}],"version-history":[{"count":1,"href":"https:\/\/mufasatoursandtravels.com\/es\/wp-json\/wp\/v2\/pages\/30985\/revisions"}],"predecessor-version":[{"id":30989,"href":"https:\/\/mufasatoursandtravels.com\/es\/wp-json\/wp\/v2\/pages\/30985\/revisions\/30989"}],"up":[{"embeddable":true,"href":"https:\/\/mufasatoursandtravels.com\/es\/wp-json\/wp\/v2\/pages\/28078"}],"wp:attachment":[{"href":"https:\/\/mufasatoursandtravels.com\/es\/wp-json\/wp\/v2\/media?parent=30985"}],"curies":[{"name":"wp","href":"https:\/\/api.w.org\/{rel}","templated":true}]}}