{"id":31012,"date":"2022-03-25T06:29:38","date_gmt":"2022-03-25T03:29:38","guid":{"rendered":"https:\/\/mufasatoursandtravels.com\/destinos\/parque-nacional-del-lago-nakuru\/"},"modified":"2025-04-30T15:58:46","modified_gmt":"2025-04-30T12:58:46","slug":"parque-nacional-del-lago-nakuru","status":"publish","type":"page","link":"https:\/\/mufasatoursandtravels.com\/es\/destinos\/parque-nacional-del-lago-nakuru\/","title":{"rendered":"Parque Nacional del Lago Nakuru"},"content":{"rendered":"[vc_row full_width=\u00bbstretch_row\u00bb][vc_column css=\u00bb.vc_custom_1679043382997{border-bottom-width: 10px !important;}\u00bb][ucaddon_classic_banner title=\u00bb\u00bb link_text=\u00bbLake Nakuru National Park, Kenya\u00bb image=\u00bb8196&#8243; link=\u00bb\u00bb uc_fonts_data=\u00bbJTdCJTdE\u00bb][\/ucaddon_classic_banner][\/vc_column][\/vc_row][vc_row][vc_column css=\u00bb.vc_custom_1679043391840{border-top-width: 10px !important;}\u00bb][vc_tta_tabs shape=\u00bbsquare\u00bb color=\u00bbjuicy-pink\u00bb alignment=\u00bbcenter\u00bb active_section=\u00bb1&#8243; no_fill_content_area=\u00bbtrue\u00bb][vc_tta_section title=\u00bbAcerca de\u00bb tab_id=\u00bb1636302233132-39a30584-a642&#8243;][info_list_father listclr=\u00bb#f8f8f8&#8243;][info_list_son style=\u00bbicon\u00bb size=\u00bb20&#8243; width=\u00bb25&#8243; height=\u00bb25&#8243; titleclr=\u00bb#800000&#8243; icon=\u00bbfas fa-question-circle\u00bb title=\u00bbParque Nacional del Lago Nakuru\u00bb]El primer santuario de rinocerontes en Kenia, y se estableci\u00f3 justo despu\u00e9s de que los rinocerontes se convirtieran en una especie en peligro de extinci\u00f3n. El parque alberga una gran poblaci\u00f3n de ellos, tambi\u00e9n est\u00e1 lleno de flamencos rosados. Los flamencos, tanto los mayores como los m\u00e1s peque\u00f1os, se re\u00fanen en el lago para extraer algas verdeazuladas para alimentarse, formando nubes rosadas desde lejos y son la principal atracci\u00f3n del parque.  [\/info_list_son][info_list_son style=\u00bbicon\u00bb size=\u00bb20&#8243; width=\u00bb25&#8243; height=\u00bb25&#8243; titleclr=\u00bb#800000&#8243; icon=\u00bbfas fa-binoculars\u00bb title=\u00bbVida silvestre\u00bb]El parque alberga una amplia diversidad ecol\u00f3gica, siendo los flamencos (mayores y menores) y otras aves acu\u00e1ticas las principales atracciones de la zona. El ecosistema alberga alrededor de 56 especies diferentes de mam\u00edferos, incluidos el rinoceronte blanco y los b\u00fafalos, y una variedad de aves terrestres que suman casi 450 especies. <\/p>\n<p>Aqu\u00ed viven animales salvajes como el daman de roca, el mono colobo, el hipop\u00f3tamo, el leopardo, el le\u00f3n, el rinoceronte blanco y negro, el ant\u00edlope acu\u00e1tico, la hiena rayada, el gato dorado, la gacela de Thomson y Grant, la jirafa de Rothschild. Uno de los hechos \u00fanicos sobre el Parque Nacional del Lago Nakuru es que es compacto y tiene una alta densidad de caza. Por lo tanto, es f\u00e1cil encontrar vida silvestre durante el sendero de safari; Es muy probable que veas un leopardo, y los leones son f\u00e1ciles de encontrar.  [\/info_list_son][info_list_son style=\u00bbicon\u00bb size=\u00bb20&#8243; width=\u00bb25&#8243; height=\u00bb25&#8243; titleclr=\u00bb#800000&#8243; icon=\u00bbfas fa-paw\u00bb title=\u00bbActividades\u00bb]\n<ul>\n<li>Unidades de juego.<\/li>\n<li>Paseos en barco\/pirag\u00fcismo.<\/li>\n<li>Ciclismo.<\/li>\n<li>Avistamiento.<\/li>\n<li>Paseos por la naturaleza.<\/li>\n<\/ul>\n[\/info_list_son][\/info_list_father][\/vc_tta_section][vc_tta_section title=\u00bbAlojamiento\u00bb tab_id=\u00bb1741957987068-23e7e841-2648&#8243;][vc_row_inner][vc_column_inner width=\u00bb1\/2&#8243; offset=\u00bbvc_hidden-md vc_hidden-sm vc_hidden-xs\u00bb][vc_images_carousel images=\u00bb35177&#8243; onclick=\u00bblink_no\u00bb][\/vc_column_inner][vc_column_inner width=\u00bb1\/2&#8243;][vc_headings style=\u00bbtheme3&#8243; linewidth=\u00bb100&#8243; borderclr=\u00bb#890000&#8243; title=\u00bbThe Cliff\u00bb align=\u00bbleft\u00bb google_fonts=\u00bbfont_family:Roboto%3A100%2C100italic%2C300%2C300italic%2Cregular%2Citalic%2C500%2C500italic%2C700%2C700italic%2C900%2C900italic\u00bb titleclr=\u00bb#000000&#8243;][\/vc_headings][vc_column_text]Encaramado en el acantilado para disfrutar de las vistas del lago de soda del Valle del Rift, el lago Nakuru. M\u00e1s famoso por su extravagancia de flamencos atra\u00eddos a este lago, no podr\u00eda estar m\u00e1s idealmente situado.[\/vc_column_text][vc_btn title=\u00bbVista\u00bb style=\u00bboutline-custom\u00bb outline_custom_color=\u00bb#890000&#8243; outline_custom_hover_background=\u00bb#890000&#8243; outline_custom_hover_text=\u00bb#ffffff\u00bb shape=\u00bbround\u00bb size=\u00bbsm\u00bb i_align=\u00bbright\u00bb i_icon_fontawesome=\u00bbfas fa-arrow-circle-right\u00bb add_icon=\u00bbtrue\u00bb link=\u00bburl:https%3A%2F%2Fwww.thecliffkenya.com%2F|\u00bb][\/vc_column_inner][\/vc_row_inner][vc_row_inner][vc_column_inner width=\u00bb1\/2&#8243; offset=\u00bbvc_hidden-md vc_hidden-sm vc_hidden-xs\u00bb][vc_images_carousel images=\u00bb35201&#8243; onclick=\u00bblink_no\u00bb][\/vc_column_inner][vc_column_inner width=\u00bb1\/2&#8243;][vc_headings style=\u00bbtheme3&#8243; linewidth=\u00bb100&#8243; borderclr=\u00bb#890000&#8243; title=\u00bbMbweha Camp\u00bb align=\u00bbleft\u00bb google_fonts=\u00bbfont_family:Roboto%3A100%2C100italic%2C300%2C300italic%2Cregular%2Citalic%2C500%2C500italic%2C700%2C700italic%2C900%2C900italic\u00bb titleclr=\u00bb#000000&#8243;][\/vc_headings][vc_column_text]Ubicado en el imponente Gran Valle del Rift, el campamento Mbweha se encuentra dentro de la reserva privada Congreve de 6400 acres, que bordea el Parque Nacional del Lago Nakuru. Este sereno refugio ofrece impresionantes vistas de las cordilleras Eburru y Mau, combinando a la perfecci\u00f3n el encanto r\u00fastico con un profundo compromiso con la administraci\u00f3n del medio ambiente.[\/vc_column_text][vc_btn title=\u00bbVista\u00bb style=\u00bboutline-custom\u00bb outline_custom_color=\u00bb#890000&#8243; outline_custom_hover_background=\u00bb#890000&#8243; outline_custom_hover_text=\u00bb#ffffff\u00bb shape=\u00bbround\u00bb size=\u00bbsm\u00bb i_align=\u00bbright\u00bb i_icon_fontawesome=\u00bbfas fa-arrow-circle-right\u00bb add_icon=\u00bbtrue\u00bb link=\u00bburl:https%3A%2F%2Fwww.atua-enkop.com%2Fmbweha|\u00bb][\/vc_column_inner][\/vc_row_inner][vc_row_inner][vc_column_inner width=\u00bb1\/2&#8243; offset=\u00bbvc_hidden-md vc_hidden-sm vc_hidden-xs\u00bb][vc_images_carousel images=\u00bb35213&#8243; onclick=\u00bblink_no\u00bb][\/vc_column_inner][vc_column_inner width=\u00bb1\/2&#8243;][vc_headings style=\u00bbtheme3&#8243; linewidth=\u00bb100&#8243; borderclr=\u00bb#890000&#8243; title=\u00bbSarova Woodlands\u00bb align=\u00bbleft\u00bb google_fonts=\u00bbfont_family:Roboto%3A100%2C100italic%2C300%2C300italic%2Cregular%2Citalic%2C500%2C500italic%2C700%2C700italic%2C900%2C900italic\u00bb titleclr=\u00bb#000000&#8243;][\/vc_headings][vc_column_text]Ubicado en Nakuru, Sarova Woodlands Hotel and Spa es un refugio tranquilo para viajeros de negocios o de placer, que ofrece el lugar ideal para interrumpir el viaje para aquellos que pasan por la ciudad de Nakuru.[\/vc_column_text][vc_btn title=\u00bbVista\u00bb style=\u00bboutline-custom\u00bb outline_custom_color=\u00bb#890000&#8243; outline_custom_hover_background=\u00bb#890000&#8243; outline_custom_hover_text=\u00bb#ffffff\u00bb shape=\u00bbround\u00bb size=\u00bbsm\u00bb i_align=\u00bbright\u00bb i_icon_fontawesome=\u00bbfas fa-arrow-circle-right\u00bb add_icon=\u00bbtrue\u00bb link=\u00bburl:https%3A%2F%2Fwww.sarovahotels.com%2Fwoodlands-nakuru%2F|\u00bb][\/vc_column_inner][\/vc_row_inner][vc_row_inner][vc_column_inner width=\u00bb1\/2&#8243; offset=\u00bbvc_hidden-md vc_hidden-sm vc_hidden-xs\u00bb][vc_images_carousel images=\u00bb35221&#8243; onclick=\u00bblink_no\u00bb][\/vc_column_inner][vc_column_inner width=\u00bb1\/2&#8243;][vc_headings style=\u00bbtheme3&#8243; linewidth=\u00bb100&#8243; borderclr=\u00bb#890000&#8243; title=\u00bbLake Nakuru Sopa\u00bb align=\u00bbleft\u00bb google_fonts=\u00bbfont_family:Roboto%3A100%2C100italic%2C300%2C300italic%2Cregular%2Citalic%2C500%2C500italic%2C700%2C700italic%2C900%2C900italic\u00bb titleclr=\u00bb#000000&#8243;][\/vc_headings][vc_column_text]Situado en una cadena de colinas que forman los l\u00edmites occidentales del Gran Valle del Rift de \u00c1frica, el lodge ofrece vistas espectaculares de la inmensidad de \u00c1frica. El lodge tambi\u00e9n tiene vistas al lago Nakuru y al Parque Nacional que lo rodea, que es un para\u00edso para los observadores de aves y los amantes de la vida silvestre por igual. El Parque Nacional del Lago Nakuru es principalmente una pradera boscosa y tupida con una amplia diversidad ecol\u00f3gica y h\u00e1bitats caracter\u00edsticos que van desde las aguas del lago hasta la escarpa y las crestas.[\/vc_column_text][vc_btn title=\u00bbVista\u00bb style=\u00bboutline-custom\u00bb outline_custom_color=\u00bb#890000&#8243; outline_custom_hover_background=\u00bb#890000&#8243; outline_custom_hover_text=\u00bb#ffffff\u00bb shape=\u00bbround\u00bb size=\u00bbsm\u00bb i_align=\u00bbright\u00bb i_icon_fontawesome=\u00bbfas fa-arrow-circle-right\u00bb add_icon=\u00bbtrue\u00bb link=\u00bburl:https%3A%2F%2Fsopalodges.com%2Flake-nakuru-sopa-lodge%2Fthe-lodge|\u00bb][\/vc_column_inner][\/vc_row_inner][vc_row_inner][vc_column_inner width=\u00bb1\/2&#8243; offset=\u00bbvc_hidden-md vc_hidden-sm vc_hidden-xs\u00bb][vc_images_carousel images=\u00bb35228&#8243; onclick=\u00bblink_no\u00bb][\/vc_column_inner][vc_column_inner width=\u00bb1\/2&#8243;][vc_headings style=\u00bbtheme3&#8243; linewidth=\u00bb100&#8243; borderclr=\u00bb#890000&#8243; title=\u00bbLake Nakuru Lodge\u00bb align=\u00bbleft\u00bb google_fonts=\u00bbfont_family:Roboto%3A100%2C100italic%2C300%2C300italic%2Cregular%2Citalic%2C500%2C500italic%2C700%2C700italic%2C900%2C900italic\u00bb titleclr=\u00bb#000000&#8243;][\/vc_headings][vc_column_text]Ubicado dentro del Parque Nacional del Lago Nakuru, un para\u00edso para los observadores de aves \/ coraz\u00f3n rosa de Kenia, el albergue ofrece una vista incre\u00edble del lago y la ayuda de nuestro amable personal experimentado.[\/vc_column_text][vc_btn title=\u00bbVista\u00bb style=\u00bboutline-custom\u00bb outline_custom_color=\u00bb#890000&#8243; outline_custom_hover_background=\u00bb#890000&#8243; outline_custom_hover_text=\u00bb#ffffff\u00bb shape=\u00bbround\u00bb size=\u00bbsm\u00bb i_align=\u00bbright\u00bb i_icon_fontawesome=\u00bbfas fa-arrow-circle-right\u00bb add_icon=\u00bbtrue\u00bb link=\u00bburl:https%3A%2F%2Flakenakurulodge.com%2F|\u00bb][\/vc_column_inner][\/vc_row_inner][\/vc_tta_section][vc_tta_section title=\u00bbC\u00f3mo llegar\u00bb tab_id=\u00bb1633455601016-f93699bc-5d92&#8243;][vc_gmaps link=\u00bb#E-8_JTNDaWZyYW1lJTIwc3JjJTNEJTIyaHR0cHMlM0ElMkYlMkZtYXBzLmdvb2dsZS5jb20lMkZtYXBzJTNGcSUzRExha2UlMjUyMG5ha3VydSUyNmFtcCUzQnQlM0QlMjZhbXAlM0J6JTNEMTElMjZhbXAlM0JpZSUzRFVURjglMjZhbXAlM0Jpd2xvYyUzRCUyNmFtcCUzQm91dHB1dCUzRGVtYmVkJTIyJTIwd2lkdGglM0QlMjI2MDAlMjIlMjBoZWlnaHQlM0QlMjI0NTAlMjIlMjBmcmFtZWJvcmRlciUzRCUyMjAlMjIlMjBzY3JvbGxpbmclM0QlMjJubyUyMiUyMHN0eWxlJTNEJTIyYm9yZGVyJTNBMCUyMiUyMGFsbG93ZnVsbHNjcmVlbiUzRCUyMiUyMiUzRSUzQyUyRmlmcmFtZSUzRQ==\u00bb][\/vc_tta_section][\/vc_tta_tabs][\/vc_column][\/vc_row]\n","protected":false},"excerpt":{"rendered":"<p>[vc_row full_width=\u00bbstretch_row\u00bb][vc_column css=\u00bb.vc_custom_1679043382997{border-bottom-width: 10px !important;}\u00bb][ucaddon_classic_banner title=\u00bb\u00bb link_text=\u00bbLake Nakuru National Park, Kenya\u00bb image=\u00bb8196&#8243; link=\u00bb\u00bb uc_fonts_data=\u00bbJTdCJTdE\u00bb][\/ucaddon_classic_banner][\/vc_column][\/vc_row][vc_row][vc_column css=\u00bb.vc_custom_1679043391840{border-top-width: 10px !important;}\u00bb][vc_tta_tabs shape=\u00bbsquare\u00bb color=\u00bbjuicy-pink\u00bb alignment=\u00bbcenter\u00bb active_section=\u00bb1&#8243; no_fill_content_area=\u00bbtrue\u00bb][vc_tta_section title=\u00bbAcerca de\u00bb tab_id=\u00bb1636302233132-39a30584-a642&#8243;][info_list_father listclr=\u00bb#f8f8f8&#8243;][info_list_son style=\u00bbicon\u00bb size=\u00bb20&#8243; width=\u00bb25&#8243; height=\u00bb25&#8243; titleclr=\u00bb#800000&#8243; icon=\u00bbfas fa-question-circle\u00bb title=\u00bbParque Nacional del Lago Nakuru\u00bb]El primer santuario de rinocerontes en Kenia, y se estableci\u00f3 justo despu\u00e9s de que los rinocerontes se convirtieran [&hellip;]<\/p>\n","protected":false},"author":4,"featured_media":0,"parent":28078,"menu_order":4,"comment_status":"closed","ping_status":"closed","template":"","meta":{"_themeisle_gutenberg_block_has_review":false,"footnotes":""},"class_list":["post-31012","page","type-page","status-publish","hentry"],"_links":{"self":[{"href":"https:\/\/mufasatoursandtravels.com\/es\/wp-json\/wp\/v2\/pages\/31012","targetHints":{"allow":["GET"]}}],"collection":[{"href":"https:\/\/mufasatoursandtravels.com\/es\/wp-json\/wp\/v2\/pages"}],"about":[{"href":"https:\/\/mufasatoursandtravels.com\/es\/wp-json\/wp\/v2\/types\/page"}],"author":[{"embeddable":true,"href":"https:\/\/mufasatoursandtravels.com\/es\/wp-json\/wp\/v2\/users\/4"}],"replies":[{"embeddable":true,"href":"https:\/\/mufasatoursandtravels.com\/es\/wp-json\/wp\/v2\/comments?post=31012"}],"version-history":[{"count":5,"href":"https:\/\/mufasatoursandtravels.com\/es\/wp-json\/wp\/v2\/pages\/31012\/revisions"}],"predecessor-version":[{"id":35829,"href":"https:\/\/mufasatoursandtravels.com\/es\/wp-json\/wp\/v2\/pages\/31012\/revisions\/35829"}],"up":[{"embeddable":true,"href":"https:\/\/mufasatoursandtravels.com\/es\/wp-json\/wp\/v2\/pages\/28078"}],"wp:attachment":[{"href":"https:\/\/mufasatoursandtravels.com\/es\/wp-json\/wp\/v2\/media?parent=31012"}],"curies":[{"name":"wp","href":"https:\/\/api.w.org\/{rel}","templated":true}]}}