{"id":31015,"date":"2022-03-25T06:29:51","date_gmt":"2022-03-25T03:29:51","guid":{"rendered":"https:\/\/mufasatoursandtravels.com\/destinos\/lago-naivasha\/"},"modified":"2025-04-30T15:58:40","modified_gmt":"2025-04-30T12:58:40","slug":"lago-naivasha","status":"publish","type":"page","link":"https:\/\/mufasatoursandtravels.com\/es\/destinos\/lago-naivasha\/","title":{"rendered":"Lago Naivasha"},"content":{"rendered":"[vc_row css=\u00bb.vc_custom_1741951879423{background: rgba(0,0,0,0.47) url(https:\/\/mufasatoursandtravels.com\/wp-content\/uploads\/2025\/03\/lake-naivasha.jpg?id=29797) !important;background-position: center !important;background-repeat: no-repeat !important;background-size: cover !important;*background-color: rgb(0,0,0) !important;}\u00bb][vc_column css=\u00bb.vc_custom_1687881881512{padding-top: 30px !important;padding-right: 50px !important;padding-bottom: 30px !important;padding-left: 50px !important;background-color: rgba(0,0,0,0.47) !important;*background-color: rgb(0,0,0) !important;}\u00bb][vc_empty_space][vc_empty_space height=\u00bb64px\u00bb][vc_btn title=\u00bbLago Naivasha, Kenia\u00bb style=\u00bboutline\u00bb shape=\u00bbround\u00bb align=\u00bbleft\u00bb el_class=\u00bbexplore-btn\u00bb][\/vc_column][\/vc_row][vc_row][vc_column css=\u00bb.vc_custom_1679043583646{border-top-width: 10px !important;}\u00bb][vc_empty_space][vc_tta_tabs shape=\u00bbsquare\u00bb color=\u00bbjuicy-pink\u00bb alignment=\u00bbcenter\u00bb active_section=\u00bb1&#8243; no_fill_content_area=\u00bbtrue\u00bb][vc_tta_section title=\u00bbAcerca de\u00bb tab_id=\u00bb1636302233132-39a30584-a642&#8243;][info_list_father listclr=\u00bb#f8f8f8&#8243;][info_list_son style=\u00bbicon\u00bb size=\u00bb20&#8243; width=\u00bb25&#8243; height=\u00bb25&#8243; titleclr=\u00bb#800000&#8243; icon=\u00bbfas fa-question-circle\u00bb title=\u00bbLake Naivasha Kenya\u00bb]<a href=\"https:\/\/whc.unesco.org\/en\/tentativelists\/1345\/\" target=\"_blank\" rel=\"dofollow noopener\">Lake Naivasha<\/a>, a magnificent freshwater lake that is located in the center of Kenya, captivates tourists with its serene beauty and an array of species. This magnificent place, surrounded by natural landscapes, provides a variety of attractions, from opulent resorts and campers to breathtaking animals and national parks. The Lake is the highest lake in Kenya&#8217;s Great Rift Valley and is a freshwater lake that is situated around 90 kilometers northwest of Nairobi. Both nature lovers and those looking for adventure go to it because of its breathtaking beauty and abundant biodiversity. Being surrounded by beautiful scenery and covering an area of around 139 square kilometers, the lake is a photographer&#8217;s and nature lover&#8217;s dream.[\/info_list_son][info_list_son style=\u00bbicon\u00bb size=\u00bb20&#8243; width=\u00bb25&#8243; height=\u00bb25&#8243; titleclr=\u00bb#800000&#8243; icon=\u00bbfas fa-campground\u00bb title=\u00bbLake Naivasha Crescent Camp\u00bb]Crescent Camp is an ideal hideaway that offers a harmonious combination of luxury and natural beauty. It is located along the beaches of <a href=\"https:\/\/mufasatoursandtravels.com\/tour\/3-days-northern-cyprus\/\" target=\"_blank\" rel=\"noopener\">Lake Naivasha<\/a>. This camp offers a tranquil retreat from the hectic city life with its roomy tents and expansive lake views. Crescent Camp is an excellent starting point for discovering the delights of Lake Naivasha, whether you&#8217;re looking for tranquility or exhilarating activities like boat safaris or nature walks.<\/p>\n<figure id=\"attachment_10916\" aria-describedby=\"caption-attachment-10916\" style=\"width: 700px\" class=\"wp-caption aligncenter\"><img loading=\"lazy\" decoding=\"async\" class=\"wp-image-10916 size-full\" src=\"https:\/\/mufasatoursandtravels.com\/wp-content\/uploads\/2023\/05\/lake-naivasha-national-park.jpg\" alt=\"lake naivasha national park\" width=\"700\" height=\"350\" srcset=\"https:\/\/mufasatoursandtravels.com\/wp-content\/uploads\/2023\/05\/lake-naivasha-national-park.jpg 700w, https:\/\/mufasatoursandtravels.com\/wp-content\/uploads\/2023\/05\/lake-naivasha-national-park-300x150.jpg 300w, https:\/\/mufasatoursandtravels.com\/wp-content\/uploads\/2023\/05\/lake-naivasha-national-park-24x12.jpg 24w, https:\/\/mufasatoursandtravels.com\/wp-content\/uploads\/2023\/05\/lake-naivasha-national-park-36x18.jpg 36w, https:\/\/mufasatoursandtravels.com\/wp-content\/uploads\/2023\/05\/lake-naivasha-national-park-48x24.jpg 48w\" sizes=\"auto, (max-width: 700px) 100vw, 700px\" \/><figcaption id=\"caption-attachment-10916\" class=\"wp-caption-text\">Lake Naivasha National Park<\/figcaption><\/figure>[\/info_list_son][info_list_son style=\u00bbicon\u00bb size=\u00bb20&#8243; width=\u00bb25&#8243; height=\u00bb25&#8243; titleclr=\u00bb#800000&#8243; icon=\u00bbfas fa-hotel\u00bb title=\u00bbLake Naivasha Hotels and Resorts\u00bb]<span data-contrast=\"auto\">Lake Naivasha has a diverse range of lodgings to suit a variety of tastes and budgets. There&#8217;s something for everyone, from opulent resorts to charming boutique motels. The Lake Naivasha Resort, which combines elegance and comfort, and the Lake Naivasha Country Club, which is noted for its colonial beauty and spectacular lake views, are two notable establishments. The Lake Naivasha Sopa Resort and <a href=\"http:\/\/www.simbalodges.com\/lake-naivasha-simba-lodge\" target=\"_blank\" rel=\"noopener nofollow\">Lake Naivasha Simba Lodge<\/a> offer exceptional experiences amidst the environment for visitors wanting a bit of African authenticity.<\/span><span data-ccp-props=\"{&quot;201341983&quot;:0,&quot;335559739&quot;:160,&quot;335559740&quot;:259}\">\u00a0<\/span>[\/info_list_son][info_list_son style=\u00bbicon\u00bb size=\u00bb20&#8243; width=\u00bb25&#8243; height=\u00bb25&#8243; titleclr=\u00bb#800000&#8243; icon=\u00bbfas fa-water\u00bb title=\u00bbLake Naivasha\u00bb]<span style=\"padding: 20px;\" data-contrast=\"auto\">The Lake Naivasha National Park, which is adjacent to the lake, acts as a haven for a variety of wildlife species. The Park is home to a variety of wildlife, including giraffes, buffalos, zebras, and antelopes. Visitors can go on guided game drives or go on a boat <a href=\"https:\/\/mufasatoursandtravels.com\/tour\/10-days-taormina-vacation\/\" target=\"_blank\" rel=\"noopener\">safari<\/a> to see these gorgeous creatures in their natural habitat. One of the delights of Lake Naivasha is the sight of flocks of graceful flamingos, whose vivid pink colours cover the shores, producing a vision that is both hypnotic and unforgettable.<\/span><span data-ccp-props=\"{&quot;201341983&quot;:0,&quot;335559739&quot;:160,&quot;335559740&quot;:259}\">\u00a0<\/span><\/p>\n<figure id=\"attachment_10915\" aria-describedby=\"caption-attachment-10915\" style=\"width: 700px\" class=\"wp-caption aligncenter\"><img loading=\"lazy\" decoding=\"async\" class=\"wp-image-10915 size-full\" src=\"https:\/\/mufasatoursandtravels.com\/wp-content\/uploads\/2023\/05\/lake-naivasha-kenya-1.jpg\" alt=\"lake naivasha kenya\" width=\"700\" height=\"350\" srcset=\"https:\/\/mufasatoursandtravels.com\/wp-content\/uploads\/2023\/05\/lake-naivasha-kenya-1.jpg 700w, https:\/\/mufasatoursandtravels.com\/wp-content\/uploads\/2023\/05\/lake-naivasha-kenya-1-300x150.jpg 300w, https:\/\/mufasatoursandtravels.com\/wp-content\/uploads\/2023\/05\/lake-naivasha-kenya-1-24x12.jpg 24w, https:\/\/mufasatoursandtravels.com\/wp-content\/uploads\/2023\/05\/lake-naivasha-kenya-1-36x18.jpg 36w, https:\/\/mufasatoursandtravels.com\/wp-content\/uploads\/2023\/05\/lake-naivasha-kenya-1-48x24.jpg 48w\" sizes=\"auto, (max-width: 700px) 100vw, 700px\" \/><figcaption id=\"caption-attachment-10915\" class=\"wp-caption-text\">lake naivasha kenya<\/figcaption><\/figure>\n<p>&nbsp;[\/info_list_son][info_list_son style=\u00bbicon\u00bb size=\u00bb20&#8243; width=\u00bb25&#8243; height=\u00bb25&#8243; titleclr=\u00bb#800000&#8243; icon=\u00bbfas fa-crow\u00bb title=\u00bbLake Naivasha Flamingos\u00bb]Lake Naivasha&#8217;s flamingos create an awe-inspiring natural phenomenon that delights visitors from all corners of the globe. Their vibrant pink plumage, synchronized movements, and unique feeding habits make them an iconic symbol of this picturesque Kenyan lake. Whether you&#8217;re witnessing the massive flocks of Lesser Flamingos or the majestic presence of Greater Flamingos, the experience is truly unforgettable. Lake Naivasha stands as a testament to the beauty and diversity of nature, reminding us of the need to protect and cherish these magnificent birds and their habitats for generations to come.<\/p>\n<p>Lake Naivasha, with its stunning beauty, abundant wildlife, and luxurious accommodations, is an enchanting destination that beckons travelers from around the world. Whether you&#8217;re seeking a tranquil retreat, thrilling adventures, or an up-close encounter with nature, Lake Naivasha has it all. From the breathtaking Crescent Camp to the array of remarkable hotels and resorts, visitors are spoilt for choice when it comes to accommodations. With its vibrant flamingos and the wildlife-rich <a href=\"https:\/\/mufasatoursandtravels.com\/es\/safari-por-carretera-en-kenia\/safaris-de-media-estancia\/\">Lake Naivasha National Park<\/a>, this Kenyan gem promises an unforgettable experience that will leave you yearning to return time and time again.[\/info_list_son][\/info_list_father][vc_single_image image=\u00bb10894&#8243; img_size=\u00bbfull\u00bb alignment=\u00bbcenter\u00bb][vc_btn title=\u00bbViaja con nosotros\u00bb style=\u00bbcustom\u00bb custom_background=\u00bb#890000&#8243; custom_text=\u00bb#ffffff\u00bb shape=\u00bbsquare\u00bb align=\u00bbcenter\u00bb i_icon_fontawesome=\u00bbfas fa-chevron-right\u00bb add_icon=\u00bbtrue\u00bb link=\u00bburl:https%3A%2F%2Fmufasatoursandtravels.com%2Fes%2Fsolicite-un-presupuesto%2F|title:Solicite%20un%20presupuesto|\u00bb][\/vc_tta_section][vc_tta_section title=\u00bbAlojamiento\u00bb tab_id=\u00bb1699524104337-c36c235c-d0f7&#8243;][vc_row_inner][vc_column_inner width=\u00bb1\/2&#8243; offset=\u00bbvc_hidden-md vc_hidden-sm vc_hidden-xs\u00bb][vc_images_carousel images=\u00bb35107&#8243; onclick=\u00bblink_no\u00bb][\/vc_column_inner][vc_column_inner width=\u00bb1\/2&#8243;][vc_headings style=\u00bbtheme3&#8243; linewidth=\u00bb100&#8243; borderclr=\u00bb#890000&#8243; title=\u00bbLoldia House\u00bb align=\u00bbleft\u00bb google_fonts=\u00bbfont_family:Roboto%3A100%2C100italic%2C300%2C300italic%2Cregular%2Citalic%2C500%2C500italic%2C700%2C700italic%2C900%2C900italic\u00bb titleclr=\u00bb#000000&#8243;][\/vc_headings][vc_column_text]Ubicada en una granja familiar de 6.500 acres a orillas del lago Naivasha, esta encantadora propiedad est\u00e1 llena de historia y data de 1939. Los hu\u00e9spedes est\u00e1n invitados a disfrutar de un ritmo de vida suave; Rel\u00e1jese junto a la piscina, disfrute de las vistas o salga en un safari. En la casa familiar original, hay una habitaci\u00f3n doble con ba\u00f1o. Muy cerca hay tres caba\u00f1as de hu\u00e9spedes (cada una con dos habitaciones separadas con ba\u00f1o) y dos suites de lujo que ofrecen incre\u00edbles vistas al lago.[\/vc_column_text][vc_btn title=\u00bbVista\u00bb style=\u00bboutline-custom\u00bb outline_custom_color=\u00bb#890000&#8243; outline_custom_hover_background=\u00bb#890000&#8243; outline_custom_hover_text=\u00bb#ffffff\u00bb shape=\u00bbround\u00bb size=\u00bbsm\u00bb i_align=\u00bbright\u00bb i_icon_fontawesome=\u00bbfas fa-arrow-circle-right\u00bb add_icon=\u00bbtrue\u00bb link=\u00bburl:https%3A%2F%2Fgovernorscamp.com%2Fsafari-camps%2Floldia-house%2F|\u00bb][\/vc_column_inner][\/vc_row_inner][vc_row_inner][vc_column_inner width=\u00bb1\/2&#8243; offset=\u00bbvc_hidden-md vc_hidden-sm vc_hidden-xs\u00bb][vc_images_carousel images=\u00bb29574&#8243;][\/vc_column_inner][vc_column_inner width=\u00bb1\/2&#8243;][vc_headings style=\u00bbtheme3&#8243; linewidth=\u00bb100&#8243; borderclr=\u00bb#890000&#8243; title=\u00bbEnashipai Resort &#038; Spa\u00bb align=\u00bbleft\u00bb google_fonts=\u00bbfont_family:Roboto%3A100%2C100italic%2C300%2C300italic%2Cregular%2Citalic%2C500%2C500italic%2C700%2C700italic%2C900%2C900italic\u00bb titleclr=\u00bb#000000&#8243;][\/vc_headings][vc_column_text]Situado en el esplendor del Gran Valle del Rift y a orillas del lago Naivasha, Enashipai Resort and Spa es un destino de ocio y conferencias galardonado con m\u00faltiples premios que ofrece una aut\u00e9ntica hospitalidad africana centrada en el bienestar. Nos enorgullecemos de ofrecer experiencias \u00fanicas y memorables para nuestros hu\u00e9spedes.[\/vc_column_text][vc_btn title=\u00bbVista\u00bb style=\u00bboutline-custom\u00bb outline_custom_color=\u00bb#890000&#8243; outline_custom_hover_background=\u00bb#890000&#8243; outline_custom_hover_text=\u00bb#ffffff\u00bb shape=\u00bbround\u00bb size=\u00bbsm\u00bb i_align=\u00bbright\u00bb i_icon_fontawesome=\u00bbfas fa-arrow-circle-right\u00bb add_icon=\u00bbtrue\u00bb link=\u00bburl:https%3A%2F%2Fwww.enashipai.com%2F|\u00bb][\/vc_column_inner][\/vc_row_inner][vc_row_inner][vc_column_inner width=\u00bb1\/2&#8243; offset=\u00bbvc_hidden-md vc_hidden-sm vc_hidden-xs\u00bb][vc_images_carousel images=\u00bb29641&#8243; onclick=\u00bblink_no\u00bb][\/vc_column_inner][vc_column_inner width=\u00bb1\/2&#8243;][vc_headings style=\u00bbtheme3&#8243; linewidth=\u00bb100&#8243; borderclr=\u00bb#890000&#8243; title=\u00bbLake Naivasha Simba\u00bb align=\u00bbleft\u00bb google_fonts=\u00bbfont_family:Roboto%3A100%2C100italic%2C300%2C300italic%2Cregular%2Citalic%2C500%2C500italic%2C700%2C700italic%2C900%2C900italic\u00bb titleclr=\u00bb#000000&#8243;][\/vc_headings][vc_column_text]Un entorno encantador donde el confort contempor\u00e1neo se funde con estilo con la naturaleza para ofrecer un entorno donde los hu\u00e9spedes pueden refrescar sus sentidos, reavivar su amor por los viajes y reconectar con el mundo que les rodea. Cada habitaci\u00f3n es felizmente privada; Puede sentarse en su balc\u00f3n y observar la vida silvestre de nuestros residentes, tomar una siesta y despertarse con impresionantes vistas de los arbustos. Envu\u00e9lvase en este escondite exclusivo y deje que su coraz\u00f3n comience a latir al ritmo de \u00c1frica.[\/vc_column_text][vc_btn title=\u00bbVista\u00bb style=\u00bboutline-custom\u00bb outline_custom_color=\u00bb#890000&#8243; outline_custom_hover_background=\u00bb#890000&#8243; outline_custom_hover_text=\u00bb#ffffff\u00bb shape=\u00bbround\u00bb size=\u00bbsm\u00bb i_align=\u00bbright\u00bb i_icon_fontawesome=\u00bbfas fa-arrow-circle-right\u00bb add_icon=\u00bbtrue\u00bb link=\u00bburl:http%3A%2F%2Fwww.simbalodges.com%2Flake-naivasha-simba-lodge|\u00bb][\/vc_column_inner][\/vc_row_inner][vc_row_inner][vc_column_inner width=\u00bb1\/2&#8243; offset=\u00bbvc_hidden-md vc_hidden-sm vc_hidden-xs\u00bb][vc_images_carousel images=\u00bb35156&#8243; onclick=\u00bblink_no\u00bb][\/vc_column_inner][vc_column_inner width=\u00bb1\/2&#8243;][vc_headings style=\u00bbtheme3&#8243; linewidth=\u00bb100&#8243; borderclr=\u00bb#890000&#8243; title=\u00bbLake Naivasha Sawela Lodge\u00bb align=\u00bbleft\u00bb google_fonts=\u00bbfont_family:Roboto%3A100%2C100italic%2C300%2C300italic%2Cregular%2Citalic%2C500%2C500italic%2C700%2C700italic%2C900%2C900italic\u00bb titleclr=\u00bb#000000&#8243;][\/vc_headings][vc_column_text]Rel\u00e1jese en un hermoso lujo natural Con una variedad de actividades recreativas para elegir, Sawela Lodge en Naivasha, ofrece a los hu\u00e9spedes una variedad de actividades, desde una piscina org\u00e1nica para adultos, grandes c\u00e9spedes para f\u00fatbol y otros deportes de contacto, canchas de voleibol y netball, un \u00e1rea de juegos para ni\u00f1os, bicicletas, botes, pelota de raqueta sobre c\u00e9sped, una caminata guiada por la naturaleza y, por \u00faltimo, el SAWELA TRAIL,  lo que le da la oportunidad de desahogarse durante su estad\u00eda[\/vc_column_text][vc_btn title=\u00bbVista\u00bb style=\u00bboutline-custom\u00bb outline_custom_color=\u00bb#890000&#8243; outline_custom_hover_background=\u00bb#890000&#8243; outline_custom_hover_text=\u00bb#ffffff\u00bb shape=\u00bbround\u00bb size=\u00bbsm\u00bb i_align=\u00bbright\u00bb i_icon_fontawesome=\u00bbfas fa-arrow-circle-right\u00bb add_icon=\u00bbtrue\u00bb link=\u00bburl:https%3A%2F%2Fsawelalodges.com%2F|\u00bb][\/vc_column_inner][\/vc_row_inner][vc_row_inner][vc_column_inner width=\u00bb1\/2&#8243; offset=\u00bbvc_hidden-md vc_hidden-sm vc_hidden-xs\u00bb][vc_images_carousel images=\u00bb29616&#8243; onclick=\u00bblink_no\u00bb][\/vc_column_inner][vc_column_inner width=\u00bb1\/2&#8243;][vc_headings style=\u00bbtheme3&#8243; linewidth=\u00bb100&#8243; borderclr=\u00bb#890000&#8243; title=\u00bbKongoni Lodge\u00bb align=\u00bbleft\u00bb google_fonts=\u00bbfont_family:Roboto%3A100%2C100italic%2C300%2C300italic%2Cregular%2Citalic%2C500%2C500italic%2C700%2C700italic%2C900%2C900italic\u00bb titleclr=\u00bb#000000&#8243; caption_url=\u00bb\u00bb caption_urls=\u00bb\u00bb caption_urlss=\u00bb\u00bb caption_urldesc=\u00bb\u00bb][\/vc_headings][vc_column_text]El lago Naivasha Kongoni Lodge est\u00e1 situado a orillas del <strong>lago Naivasha<\/strong> , en el <strong>Gran Valle del Rift<\/strong> de Kenia. Ofrece una escapada tranquila y elegante con impresionantes vistas del lago y la naturaleza circundante.[\/vc_column_text][vc_btn title=\u00bbVista\u00bb style=\u00bboutline-custom\u00bb outline_custom_color=\u00bb#890000&#8243; outline_custom_hover_background=\u00bb#890000&#8243; outline_custom_hover_text=\u00bb#ffffff\u00bb shape=\u00bbround\u00bb size=\u00bbsm\u00bb i_align=\u00bbright\u00bb i_icon_fontawesome=\u00bbfas fa-arrow-circle-right\u00bb add_icon=\u00bbtrue\u00bb link=\u00bburl:https%3A%2F%2Fnaivashakongonilodge.com%2F|\u00bb][\/vc_column_inner][\/vc_row_inner][\/vc_tta_section][vc_tta_section title=\u00bbC\u00f3mo llegar\u00bb tab_id=\u00bb1633455601016-f93699bc-5d92&#8243;][vc_gmaps link=\u00bb#E-8_JTNDaWZyYW1lJTIwc3JjJTNEJTIyaHR0cHMlM0ElMkYlMkZtYXBzLmdvb2dsZS5jb20lMkZtYXBzJTNGcSUzRExha2UlMjUyMG5haXZhc2hhJTI2YW1wJTNCdCUzRCUyNmFtcCUzQnolM0QxMSUyNmFtcCUzQmllJTNEVVRGOCUyNmFtcCUzQml3bG9jJTNEJTI2YW1wJTNCb3V0cHV0JTNEZW1iZWQlMjIlMjB3aWR0aCUzRCUyMjYwMCUyMiUyMGhlaWdodCUzRCUyMjQ1MCUyMiUyMGZyYW1lYm9yZGVyJTNEJTIyMCUyMiUyMHNjcm9sbGluZyUzRCUyMm5vJTIyJTIwc3R5bGUlM0QlMjJib3JkZXIlM0EwJTIyJTIwYWxsb3dmdWxsc2NyZWVuJTNEJTIyJTIyJTNFJTNDJTJGaWZyYW1lJTNF\u00bb][\/vc_tta_section][\/vc_tta_tabs][\/vc_column][\/vc_row][vc_row][vc_column][vc_headings style=\u00bbtheme3&#8243; borderclr=\u00bb#890000&#8243; title=\u00bbPreguntas frecuentes sobre el lago Naivasha\u00bb use_theme_fonts=\u00bbyes\u00bb titleclr=\u00bb#890000&#8243;][\/vc_headings][vc_empty_space][\/vc_column][\/vc_row][vc_row][vc_column][vc_toggle title=\u00bb\u00bfCu\u00e1les son las mejores cosas que hacer en el lago Naivasha?\u00bb style=\u00bbsquare\u00bb]<span data-contrast=\"auto\">Hay muchas cosas que hacer en el lago Naivasha, entre ellas:<\/span><span data-ccp-props=\"{\"201341983\":0,\"335559739\":160,\"335559740\":259}\"> <\/span><\/p>\n<ul>\n<li data-leveltext=\"\uf0b7\" data-font=\"Symbol\" data-listid=\"1\" data-list-defn-props=\"{\"335552541\":1,\"335559684\":-2,\"335559685\":720,\"335559991\":360,\"469769226\":\"Symbol\",\"469769242\":[8226],\"469777803\":\"left\",\"469777804\":\"\uf0b7\",\"469777815\":\"hybridMultilevel\"}\" aria-setsize=\"-1\" data-aria-posinset=\"1\" data-aria-level=\"1\"><b><span data-contrast=\"auto\">Safaris:<\/span><\/b><span data-contrast=\"auto\"> El lago Naivasha es un gran lugar para hacer safaris, ya que se puede ver una gran variedad de vida salvaje, como hipop\u00f3tamos, elefantes, leones y cebras.<\/span><span data-ccp-props=\"{\"201341983\":0,\"335559739\":160,\"335559740\":259}\"> <\/span><\/li>\n<li data-leveltext=\"\uf0b7\" data-font=\"Symbol\" data-listid=\"1\" data-list-defn-props=\"{\"335552541\":1,\"335559684\":-2,\"335559685\":720,\"335559991\":360,\"469769226\":\"Symbol\",\"469769242\":[8226],\"469777803\":\"left\",\"469777804\":\"\uf0b7\",\"469777815\":\"hybridMultilevel\"}\" aria-setsize=\"-1\" data-aria-posinset=\"2\" data-aria-level=\"1\"><b><span data-contrast=\"auto\">Paseos en bote:<\/span><\/b><span data-contrast=\"auto\"> El lago Naivasha es un gran lugar para pasear en bote, ya que puedes explorar el lago y ver la vida silvestre desde una perspectiva diferente.<\/span><span data-ccp-props=\"{\"201341983\":0,\"335559739\":160,\"335559740\":259}\"> <\/span><\/li>\n<\/ul>\n<ul>\n<li data-leveltext=\"\uf0b7\" data-font=\"Symbol\" data-listid=\"1\" data-list-defn-props=\"{\"335552541\":1,\"335559684\":-2,\"335559685\":720,\"335559991\":360,\"469769226\":\"Symbol\",\"469769242\":[8226],\"469777803\":\"left\",\"469777804\":\"\uf0b7\",\"469777815\":\"hybridMultilevel\"}\" aria-setsize=\"-1\" data-aria-posinset=\"1\" data-aria-level=\"1\"><b><span data-contrast=\"auto\">Senderismo:<\/span><\/b><span data-contrast=\"auto\"> Hay varias rutas de senderismo alrededor del lago Naivasha, que ofrecen impresionantes vistas del lago y de la campi\u00f1a circundante.<\/span><span data-ccp-props=\"{\"201341983\":0,\"335559739\":160,\"335559740\":259}\"> <\/span><\/li>\n<li data-leveltext=\"\uf0b7\" data-font=\"Symbol\" data-listid=\"1\" data-list-defn-props=\"{\"335552541\":1,\"335559684\":-2,\"335559685\":720,\"335559991\":360,\"469769226\":\"Symbol\",\"469769242\":[8226],\"469777803\":\"left\",\"469777804\":\"\uf0b7\",\"469777815\":\"hybridMultilevel\"}\" aria-setsize=\"-1\" data-aria-posinset=\"2\" data-aria-level=\"1\"><b><span data-contrast=\"auto\">Observaci\u00f3n de aves:<\/span><\/b><span data-contrast=\"auto\"> El lago Naivasha es un gran lugar para observar aves, ya que alberga m\u00e1s de 400 especies de aves.<\/span><span data-ccp-props=\"{\"201341983\":0,\"335559739\":160,\"335559740\":259}\"> <\/span><\/li>\n<\/ul>\n[\/vc_toggle][vc_toggle title=\u00bb\u00bfCu\u00e1l es la mejor \u00e9poca para visitar el lago Naivasha?\u00bb style=\u00bbsquare\u00bb]La mejor \u00e9poca para visitar el lago Naivasha es durante la estaci\u00f3n seca, que es de junio a octubre. El clima es c\u00e1lido y soleado durante este tiempo, y el lago est\u00e1 en su punto m\u00e1s claro.[\/vc_toggle][vc_toggle title=\u00bb\u00bfC\u00f3mo puedo llegar al lago Naivasha?\u00bb style=\u00bbsquare\u00bb]Hay varias formas de llegar al lago Naivasha. Puedes volar al Aeropuerto Internacional Jomo Kenyatta en Nairobi y luego tomar un taxi o un autob\u00fas hasta el lago Naivasha. Tambi\u00e9n puedes tomar un tren de Nairobi a Nakuru y luego tomar un taxi o un autob\u00fas hasta el lago Naivasha.[\/vc_toggle][vc_toggle title=\u00bb\u00bfCu\u00e1nto cuesta visitar el lago Naivasha?\u00bb style=\u00bbsquare\u00bb]El coste de la visita al lago Naivasha variar\u00e1 en funci\u00f3n de las actividades que elijas realizar. Un viaje econ\u00f3mico al lago Naivasha podr\u00eda costar alrededor de $ 100 por d\u00eda, mientras que un viaje m\u00e1s lujoso podr\u00eda costar m\u00e1s de $ 500 por d\u00eda.[\/vc_toggle][vc_toggle title=\u00bb\u00bfQu\u00e9 debo empacar para un viaje al lago Naivasha?\u00bb style=\u00bbsquare\u00bb]Aqu\u00ed hay algunas cosas que debe empacar para un viaje al lago Naivasha: protector solar, sombrero, gafas de sol, zapatos c\u00f3modos, c\u00e1mara, binoculares, ropa para la lluvia.[\/vc_toggle][\/vc_column][\/vc_row]\n","protected":false},"excerpt":{"rendered":"<p>[vc_row css=\u00bb.vc_custom_1741951879423{background: rgba(0,0,0,0.47) url(https:\/\/mufasatoursandtravels.com\/wp-content\/uploads\/2025\/03\/lake-naivasha.jpg?id=29797) !important;background-position: center !important;background-repeat: no-repeat !important;background-size: cover !important;*background-color: rgb(0,0,0) !important;}\u00bb][vc_column css=\u00bb.vc_custom_1687881881512{padding-top: 30px !important;padding-right: 50px !important;padding-bottom: 30px !important;padding-left: 50px !important;background-color: rgba(0,0,0,0.47) !important;*background-color: rgb(0,0,0) !important;}\u00bb][vc_empty_space][vc_empty_space height=\u00bb64px\u00bb][vc_btn title=\u00bbLago Naivasha, Kenia\u00bb style=\u00bboutline\u00bb shape=\u00bbround\u00bb align=\u00bbleft\u00bb el_class=\u00bbexplore-btn\u00bb][\/vc_column][\/vc_row][vc_row][vc_column css=\u00bb.vc_custom_1679043583646{border-top-width: 10px !important;}\u00bb][vc_empty_space][vc_tta_tabs shape=\u00bbsquare\u00bb color=\u00bbjuicy-pink\u00bb alignment=\u00bbcenter\u00bb active_section=\u00bb1&#8243; no_fill_content_area=\u00bbtrue\u00bb][vc_tta_section title=\u00bbAcerca de\u00bb tab_id=\u00bb1636302233132-39a30584-a642&#8243;][info_list_father listclr=\u00bb#f8f8f8&#8243;][info_list_son style=\u00bbicon\u00bb size=\u00bb20&#8243; width=\u00bb25&#8243; height=\u00bb25&#8243; titleclr=\u00bb#800000&#8243; icon=\u00bbfas fa-question-circle\u00bb title=\u00bbLake Naivasha [&hellip;]<\/p>\n","protected":false},"author":4,"featured_media":0,"parent":28078,"menu_order":3,"comment_status":"closed","ping_status":"closed","template":"","meta":{"_themeisle_gutenberg_block_has_review":false,"footnotes":""},"class_list":["post-31015","page","type-page","status-publish","hentry"],"_links":{"self":[{"href":"https:\/\/mufasatoursandtravels.com\/es\/wp-json\/wp\/v2\/pages\/31015","targetHints":{"allow":["GET"]}}],"collection":[{"href":"https:\/\/mufasatoursandtravels.com\/es\/wp-json\/wp\/v2\/pages"}],"about":[{"href":"https:\/\/mufasatoursandtravels.com\/es\/wp-json\/wp\/v2\/types\/page"}],"author":[{"embeddable":true,"href":"https:\/\/mufasatoursandtravels.com\/es\/wp-json\/wp\/v2\/users\/4"}],"replies":[{"embeddable":true,"href":"https:\/\/mufasatoursandtravels.com\/es\/wp-json\/wp\/v2\/comments?post=31015"}],"version-history":[{"count":10,"href":"https:\/\/mufasatoursandtravels.com\/es\/wp-json\/wp\/v2\/pages\/31015\/revisions"}],"predecessor-version":[{"id":35828,"href":"https:\/\/mufasatoursandtravels.com\/es\/wp-json\/wp\/v2\/pages\/31015\/revisions\/35828"}],"up":[{"embeddable":true,"href":"https:\/\/mufasatoursandtravels.com\/es\/wp-json\/wp\/v2\/pages\/28078"}],"wp:attachment":[{"href":"https:\/\/mufasatoursandtravels.com\/es\/wp-json\/wp\/v2\/media?parent=31015"}],"curies":[{"name":"wp","href":"https:\/\/api.w.org\/{rel}","templated":true}]}}