{"id":31091,"date":"2022-02-25T06:08:19","date_gmt":"2022-02-25T03:08:19","guid":{"rendered":"https:\/\/mufasatoursandtravels.com\/safari-de-migracion-de-nus\/"},"modified":"2025-04-08T12:15:42","modified_gmt":"2025-04-08T09:15:42","slug":"safari-de-migracion-de-nus","status":"publish","type":"page","link":"https:\/\/mufasatoursandtravels.com\/es\/safaris-voladores-en-kenia\/kenia-flying-safaris-corta-estancia\/safari-de-migracion-de-nus\/","title":{"rendered":"Safari de migraci\u00f3n de \u00f1us"},"content":{"rendered":"[vc_row][vc_column parallax=\u00bbcontent-moving\u00bb parallax_image=\u00bb11688&#8243; css=\u00bb.vc_custom_1690364919248{padding-top: 80px !important;padding-right: 80px !important;padding-bottom: 80px !important;padding-left: 80px !important;}\u00bb][vc_custom_heading text=\u00bbMIGRACI\u00d3N DE \u00d1US\u00bb font_container=\u00bbtag:h2|font_size:32|text_align:center|color:%23ffffff\u00bb google_fonts=\u00bbfont_family:Roboto%3A100%2C100italic%2C300%2C300italic%2Cregular%2Citalic%2C500%2C500italic%2C700%2C700italic%2C900%2C900italic|font_style:500%20bold%20regular%3A500%3Anormal\u00bb][vc_custom_heading text=\u00bbVuela en\u00bb font_container=\u00bbtag:h2|font_size:20|text_align:center|color:%23ffffff\u00bb google_fonts=\u00bbfont_family:Roboto%3A100%2C100italic%2C300%2C300italic%2Cregular%2Citalic%2C500%2C500italic%2C700%2C700italic%2C900%2C900italic|font_style:400%20regular%3A400%3Anormal\u00bb][vc_separator color=\u00bbcustom\u00bb el_width=\u00bb80&#8243; accent_color=\u00bb#f8f8f8&#8243;][vc_custom_heading text=\u00bbMasai Mara\u00bb font_container=\u00bbtag:h2|font_size:22|text_align:center|color:%23ffffff\u00bb google_fonts=\u00bbfont_family:Roboto%3A100%2C100italic%2C300%2C300italic%2Cregular%2Citalic%2C500%2C500italic%2C700%2C700italic%2C900%2C900italic|font_style:400%20regular%3A400%3Anormal\u00bb][vc_empty_space][\/vc_column][\/vc_row][vc_row css=\u00bb.vc_custom_1690365159877{padding-top: 10px !important;}\u00bb][vc_column][vc_tta_tabs shape=\u00bbsquare\u00bb color=\u00bbjuicy-pink\u00bb alignment=\u00bbcenter\u00bb active_section=\u00bb1&#8243; css=\u00bb.vc_custom_1676549284316{border-top-width: 10px !important;border-right-width: 10px !important;border-bottom-width: 10px !important;border-left-width: 10px !important;}\u00bb][vc_tta_section title=\u00bbPrograma\u00bb tab_id=\u00bb1646385046101-21fb0671-35a5&#8243;][info_list_father][info_list_son style=\u00bbicon\u00bb size=\u00bb15&#8243; width=\u00bb20&#8243; height=\u00bb20&#8243; titleclr=\u00bb#890000&#8243; icon=\u00bbfas fa-paw\u00bb iconclr=\u00bb#890000&#8243; title=\u00bbD\u00cdA 1: VUELO DE NAIROBI A MASAI MARA\u00bb caption_url=\u00bb\u00bb]\n<ul>\n<li>Recogida del hotel en Nairobi a las 8.00 am por nuestro representante de la empresa y traslado al aeropuerto Wilson.<\/li>\n<li>Check-in y embarque de vuelo a Masai Mara a las 10.00 am llegando a las 11.00 am.<\/li>\n<li>A su llegada a Masai Mara, ser\u00e1 recibido por nuestro gu\u00eda conductor en la pista de aterrizaje y trasladado a su respectivo campamento o albergue con safaris en ruta dentro de la Reserva Nacional de Masai Mara.<\/li>\n<li>Llegada para almorzar y registrarse en el campamento o albergue y relajarse.<\/li>\n<li>A partir de entonces, por la noche, salga a un safari nocturno dentro de la Reserva Nacional de Masai Mara hasta la puesta de sol africana.<\/li>\n<li>Al regresar al albergue, salga a tomar una copa al atardecer en la naturaleza con bebidas con vista al horizonte africano.<\/li>\n<li>Regreso al albergue para cenar y pasar la noche.<\/li>\n<li>\n<\/li>\n<\/ul>\n[\/info_list_son][info_list_son style=\u00bbicon\u00bb size=\u00bb15&#8243; width=\u00bb20&#8243; height=\u00bb20&#8243; titleclr=\u00bb#890000&#8243; icon=\u00bbfas fa-paw\u00bb iconclr=\u00bb#890000&#8243; title=\u00bbD\u00cdA 2: SAFARIS DIURNOS Y NOCTURNOS\u00bb caption_url=\u00bb\u00bb]\n<ul>\n<li>Lev\u00e1ntese para desayunar temprano y proceda a un safari de d\u00eda completo con almuerzo tipo picnic en el Maasai Mara. Intriga en las maravillas de la reserva (como la migraci\u00f3n de \u00f1us \u00abLa 8\u00aa Maravilla del Mundo\u00bb que se observa cada a\u00f1o de julio a agosto). Localice a los Cinco Grandes en la seguridad de nuestros veh\u00edculos tur\u00edsticos de techo abierto. Para el \u00e1vido fot\u00f3grafo, tenga la oportunidad de hacer clic en la flora y fauna distintivas.   <\/li>\n<li>Regrese al campamento m\u00e1s tarde en la tarde y rel\u00e1jese de los largos viajes.<\/li>\n<li>M\u00e1s tarde en la noche, disfrute de un safari nocturno. Un safari nocturno es una oportunidad maravillosa para avistar depredadores y presas por igual. Las luces de nuestros 4&#215;4 iluminan un mundo invisible, desconocido incluso para los aventureros de safari experimentados. Ver a las t\u00edmidas criaturas nocturnas que corretean, se alimentan y se abren camino a trav\u00e9s de la selva por la noche puede ser tan ex\u00f3tico y emocionante como avistar mam\u00edferos m\u00e1s grandes durante el d\u00eda.   <\/li>\n<li>A continuaci\u00f3n, regreso al campamento para cenar y pasar la noche.<\/li>\n<\/ul>\n[\/info_list_son][info_list_son style=\u00bbicon\u00bb size=\u00bb15&#8243; width=\u00bb20&#8243; height=\u00bb20&#8243; titleclr=\u00bb#890000&#8243; icon=\u00bbfas fa-paw\u00bb iconclr=\u00bb#890000&#8243; title=\u00bbD\u00cdA 3: GLOBO AEROST\u00c1TICO \/ SAFARIS Y PASEOS A CABALLO\u00bb caption_url=\u00bb\u00bb]\n<ul>\n<li>Salga para un safari en globo aerost\u00e1tico que despega al amanecer (06:15) despu\u00e9s de un caf\u00e9 y una sesi\u00f3n informativa de vuelo. El vuelo de una hora le dar\u00e1 una vista panor\u00e1mica de lo mejor que \u00c1frica Oriental tiene para ofrecer en el magn\u00edfico entorno de la sabana africana. Despu\u00e9s de aterrizar, un desayuno con champ\u00e1n en el monte se suma al zumbido que obtendr\u00e1 del aire de la ma\u00f1ana y las vistas y sonidos que solo un \u00e1guila ve. Temprano en la ma\u00f1ana es el momento ideal para ver animales salvajes en las llanuras, y en la <a href=\"https:\/\/www.porini.com\/video-hub\/masai-mara-olare-motorogi-conservancy\/\" target=\"_blank\" rel=\"noopener nofollow\">Reserva de Caza de Masai Mara<\/a> en Kenia es una experiencia que nunca olvidar\u00e1s.   <\/li>\n<li>Despu\u00e9s del desayuno con champ\u00e1n, proceda con safaris para descansar parte del d\u00eda. Regrese al campamento para almorzar caliente y relajarse de los largos viajes y disfrutar de las comodidades del hotel, como la nataci\u00f3n, etc. <\/li>\n<li>Por la tarde nos entregaremos a una actividad \u00fanica e inolvidable de la equitaci\u00f3n. Imag\u00ednate montando a caballo mientras los impalas saltan y las gacelas pastan a tu alrededor. Las famosas sabanas de \u00c1frica ondean con el viento. Las jirafas inclinan sus largos cuellos hacia las hojas de acacia. Los elefantes levantan la cabeza y observan impasibles al pasar. Esta ser\u00e1 la experiencia durante el resto de la tarde hasta la puesta de sol.     <\/li>\n<li>Regreso al campamento para cenar y pasar la noche.<\/li>\n<\/ul>\n[\/info_list_son][info_list_son style=\u00bbicon\u00bb size=\u00bb15&#8243; width=\u00bb20&#8243; height=\u00bb20&#8243; titleclr=\u00bb#890000&#8243; icon=\u00bbfas fa-paw\u00bb iconclr=\u00bb#890000&#8243; title=\u00bbD\u00cdA 4: MASAI MARA VUELA DE REGRESO A NAIROBI\u00bb caption_url=\u00bb\u00bb]\n<ul>\n<li>Lev\u00e1ntese a un desayuno africano al aire libre en la naturaleza mientras disfruta de la observaci\u00f3n de animales desde la comodidad de su mesa de desayuno.<\/li>\n<li data-shorten=\"300\">A partir de entonces, si los hu\u00e9spedes lo desean, pueden visitar la aldea cultural Masai para disfrutar de los estilos de vida y la cultura africanos mientras conducen a la pista de aterrizaje para volar de regreso a Nairobi.<\/li>\n<li data-shorten=\"300\">Los safaris se disfrutar\u00e1n en ruta hacia la pista de aterrizaje.<\/li>\n<li data-shorten=\"300\">Este ser\u00e1 el final de una experiencia inolvidable y nuestro gu\u00eda lo despedir\u00e1 en la pista de aterrizaje mientras vuela de regreso a Nairobi.<\/li>\n<li data-shorten=\"300\">A su llegada a Nairobi, nuestro equipo lo estar\u00e1 esperando para recogerlo y trasladarlo a su respectivo hotel o aeropuerto para tomar su vuelo de regreso a casa.<\/li>\n<\/ul>\n[\/info_list_son][\/info_list_father][\/vc_tta_section][vc_tta_section title=\u00bbInclusivo\/Exclusivo\u00bb tab_id=\u00bb1646385046612-8935bfe2-fa62&#8243;][vc_row_inner][vc_column_inner width=\u00bb1\/2&#8243;][info_list_father][info_list_son style=\u00bbicon\u00bb size=\u00bb15&#8243; width=\u00bb10&#8243; height=\u00bb10&#8243; titleclr=\u00bb#890000&#8243; icon=\u00bbfas fa-paw\u00bb iconclr=\u00bb#890000&#8243; title=\u00bbINCLUIDO\u00bb iconbg=\u00bb#f8f8f8&#8243; caption_url=\u00bb\u00bb borderclr=\u00bb#890000&#8243;]\n<ul class=\"list list--icon\">\n<li>Tarifas del parque para el parque declaradas.<\/li>\n<li>Transporte en un Landcruiser de techo abierto.<\/li>\n<li>Servicio de un conductor-gu\u00eda profesional.<\/li>\n<li>Comidas en pensi\u00f3n completa en el albergue \/ campamento.<\/li>\n<li>3 noches de alojamiento en el respectivo hotel indicado.<\/li>\n<li>Boletos de avi\u00f3n dom\u00e9sticos<\/li>\n<li>Actividad de equitaci\u00f3n.<\/li>\n<li>Desayuno en el bosque y Sundowners y safaris a pie en la conservaci\u00f3n.<\/li>\n<li>Bebidas selectas ofrecidas en el albergue (excluyendo vinos y licores premium)<\/li>\n<\/ul>\n<p>&nbsp;[\/info_list_son][\/info_list_father][\/vc_column_inner][vc_column_inner width=\u00bb1\/2&#8243;][info_list_father][info_list_son style=\u00bbicon\u00bb size=\u00bb15&#8243; width=\u00bb15&#8243; height=\u00bb15&#8243; titleclr=\u00bb#890000&#8243; icon=\u00bbfas fa-paw\u00bb iconclr=\u00bb#890000&#8243; title=\u00bbEXCLUIDOS\u00bb caption_url=\u00bb\u00bb borderclr=\u00bb#890000&#8243;]\n<ul class=\"list list--icon\">\n<li>Propinas para gu\u00eda del conductor (<strong>Muy recomendable<\/strong>).<\/li>\n<li>Art\u00edculos personales <span class=\"txt--xsmall txt--xgrey\">(Souvenirs, seguro de viaje, tasas de visado, etc.)<\/span><\/li>\n<li>Alojamiento adicional antes y al final del tour.<\/li>\n<li>El gobierno impuso un aumento en los impuestos y\/o tarifas del parque.<\/li>\n<li>Paseos en globo aerost\u00e1tico @ $ 505 por adulto \/ $ 380 por ni\u00f1o (<strong>menores de 12 a\u00f1os<\/strong>).<\/li>\n<li>La franquicia de equipaje est\u00e1 ESTRICTAMENTE limitada a 15 kg por persona.<\/li>\n<li>Los beb\u00e9s que no paguen por un asiento no tienen derecho a la franquicia de equipaje.<\/li>\n<\/ul>\n<p>&nbsp;[\/info_list_son][\/info_list_father][\/vc_column_inner][\/vc_row_inner][\/vc_tta_section][vc_tta_section title=\u00bbLista de verificaci\u00f3n de viaje\u00bb tab_id=\u00bb1646385048324-718a05d3-dec8&#8243;][vc_row_inner][vc_column_inner width=\u00bb1\/2&#8243;][vc_custom_heading text=\u00bbAntes de viajar\u00bb font_container=\u00bbtag:h2|text_align:left|color:%23890000&#8243; google_fonts=\u00bbfont_family:Open%20Sans%3A300%2C300italic%2Cregular%2Citalic%2C600%2C600italic%2C700%2C700italic%2C800%2C800italic\u00bb][vc_separator color=\u00bbcustom\u00bb align=\u00bbalign_left\u00bb border_width=\u00bb2&#8243; el_width=\u00bb20&#8243; accent_color=\u00bb#890000&#8243;][vc_column_text]Antes de emprender tu viaje, aseg\u00farate de leer nuestros completos consejos de viaje para una experiencia perfecta.[\/vc_column_text][vc_btn title=\u00bbAprende m\u00e1s\u00bb style=\u00bboutline-custom\u00bb outline_custom_color=\u00bb#890000&#8243; outline_custom_hover_background=\u00bb#890000&#8243; outline_custom_hover_text=\u00bb#ffffff\u00bb shape=\u00bbsquare\u00bb size=\u00bbsm\u00bb i_align=\u00bbright\u00bb i_icon_fontawesome=\u00bbfas fa-angle-right\u00bb add_icon=\u00bbtrue\u00bb link=\u00bburl:https%3A%2F%2Fmufasatoursandtravels.com%2Fpreparing-to-travel%2F|title:Prepar%C3%A1ndose%20para%20viajar|\u00bb][\/vc_column_inner][vc_column_inner width=\u00bb1\/2&#8243;][vc_custom_heading text=\u00bbEn la reserva\u00bb font_container=\u00bbtag:h2|text_align:left|color:%23890000&#8243; google_fonts=\u00bbfont_family:Open%20Sans%3A300%2C300italic%2Cregular%2Citalic%2C600%2C600italic%2C700%2C700italic%2C800%2C800italic\u00bb][vc_separator color=\u00bbcustom\u00bb align=\u00bbalign_left\u00bb border_width=\u00bb2&#8243; el_width=\u00bb20&#8243; accent_color=\u00bb#890000&#8243;][vc_column_text]Mejore su planificaci\u00f3n de viaje descargando informaci\u00f3n valiosa sobre el destino, como los requisitos de pasaporte y visado, las vacunas recomendadas, las restricciones de equipaje, la lista de equipaje y las directrices sobre las propinas.[\/vc_column_text][vc_btn title=\u00bbAprende m\u00e1s\u00bb style=\u00bboutline-custom\u00bb outline_custom_color=\u00bb#890000&#8243; outline_custom_hover_background=\u00bb#890000&#8243; outline_custom_hover_text=\u00bb#ffffff\u00bb shape=\u00bbsquare\u00bb size=\u00bbsm\u00bb i_align=\u00bbright\u00bb i_icon_fontawesome=\u00bbfas fa-angle-right\u00bb add_icon=\u00bbtrue\u00bb link=\u00bburl:https%3A%2F%2Fmufasatoursandtravels.com%2Fwhat-to-know-before-arrival-in-east-africa%2F|title:LO%20QUE%20HAY%20QUE%20SABER%20ANTES%20DE%20LLEGAR%20A%20%C3%81FRICA%20ORIENTAL|\u00bb][\/vc_column_inner][\/vc_row_inner][vc_row_inner][vc_column_inner width=\u00bb1\/2&#8243;][vc_custom_heading text=\u00bbDurante el recorrido\u00bb font_container=\u00bbtag:h2|text_align:left|color:%23890000&#8243; google_fonts=\u00bbfont_family:Open%20Sans%3A300%2C300italic%2Cregular%2Citalic%2C600%2C600italic%2C700%2C700italic%2C800%2C800italic\u00bb][vc_separator color=\u00bbcustom\u00bb align=\u00bbalign_left\u00bb border_width=\u00bb2&#8243; el_width=\u00bb20&#8243; accent_color=\u00bb#890000&#8243;][vc_column_text]Maximice el \u00e9xito de su viaje descargando informaci\u00f3n esencial sobre su(s) destino(s), incluidos los requisitos de pasaporte y visa, las pautas de vacunaci\u00f3n, las restricciones de equipaje, la lista de empaque y los consejos de propinas.[\/vc_column_text][vc_btn title=\u00bbAprende m\u00e1s\u00bb style=\u00bboutline-custom\u00bb outline_custom_color=\u00bb#890000&#8243; outline_custom_hover_background=\u00bb#890000&#8243; outline_custom_hover_text=\u00bb#ffffff\u00bb shape=\u00bbsquare\u00bb size=\u00bbsm\u00bb i_align=\u00bbright\u00bb i_icon_fontawesome=\u00bbfas fa-angle-right\u00bb add_icon=\u00bbtrue\u00bb link=\u00bburl:https%3A%2F%2Fmufasatoursandtravels.com%2Fpassports-and-visas%2F|title:Pasaportes%20y%20Visados|\u00bb][\/vc_column_inner][vc_column_inner width=\u00bb1\/2&#8243;][vc_custom_heading text=\u00bbDespu\u00e9s de viajar\u00bb font_container=\u00bbtag:h2|text_align:left|color:%23890000&#8243; google_fonts=\u00bbfont_family:Open%20Sans%3A300%2C300italic%2Cregular%2Citalic%2C600%2C600italic%2C700%2C700italic%2C800%2C800italic\u00bb][vc_separator color=\u00bbcustom\u00bb align=\u00bbalign_left\u00bb border_width=\u00bb2&#8243; el_width=\u00bb20&#8243; accent_color=\u00bb#890000&#8243;][vc_column_text]Mientras disfruta del resplandor de su aventura, estamos aqu\u00ed para ayudarlo con consejos esenciales despu\u00e9s del viaje, asegur\u00e1ndonos de que su regreso a casa sea tan fluido y c\u00f3modo como su viaje en s\u00ed.[\/vc_column_text][\/vc_column_inner][\/vc_row_inner][\/vc_tta_section][\/vc_tta_tabs][wdo_ult_icon_seperator wdo_seperator_icon=\u00bbfas fa-paw\u00bb wdo_seperator_color=\u00bb#890000&#8243; wdo_seperator_opacity=\u00bb.2&#8243;][vc_btn title=\u00bbObtener un presupuesto\u00bb style=\u00bboutline-custom\u00bb outline_custom_color=\u00bb#890000&#8243; outline_custom_hover_background=\u00bb#890000&#8243; outline_custom_hover_text=\u00bb#ffffff\u00bb shape=\u00bbsquare\u00bb size=\u00bbsm\u00bb align=\u00bbcenter\u00bb i_align=\u00bbright\u00bb i_icon_fontawesome=\u00bbfas fa-angle-right\u00bb add_icon=\u00bbtrue\u00bb link=\u00bburl:https%3A%2F%2Fmufasatoursandtravels.com%2Fes%2Fsolicite-un-presupuesto%2F|title:Solicite%20un%20presupuesto|\u00bb css=\u00bb.vc_custom_1724156365962{padding: 10px !important;}\u00bb][vc_column_text]\n<p style=\"text-align: left;\"><strong>RENUNCIA.<\/strong><\/p>\n<ul>\n<li>Este tour es ofrecido por <a href=\"https:\/\/mufasatoursandtravels.com\/es\/\">Mufasa Tours and Travels<\/a>.<\/li>\n<li>Todos nuestros safaris son privados.<\/li>\n<li>Los ni\u00f1os de 0 a 2 a\u00f1os entran gratis.<\/li>\n<li>Los ni\u00f1os de 3 a 12 a\u00f1os pagan el 50% de la tarifa de adulto si comparten la misma habitaci\u00f3n con adultos.<\/li>\n<li>Los ni\u00f1os de 3 a 12 a\u00f1os pagan el 75% de la tarifa de adulto si se alojan en su propia habitaci\u00f3n separada de los adultos.<\/li>\n<li>Los ni\u00f1os mayores de 12 a\u00f1os son reconocidos como adultos en campamentos y albergues.<\/li>\n<li>Nos reservamos el derecho de cambiar el programa tal como se anuncia.<\/li>\n<li>Si un alojamiento est\u00e1 completo, sugeriremos opciones alternativas comparables.<\/li>\n<li>El pedido exacto, el contenido y las tarifas de este tour est\u00e1n sujetos a disponibilidad.<\/li>\n<li>Este tour est\u00e1 sujeto a los <a href=\"https:\/\/mufasatoursandtravels.com\/terms-and-conditions\/\">t\u00e9rminos y condiciones<\/a> de <a href=\"https:\/\/mufasatoursandtravels.com\/es\/\">Mufasa Tours and Travels.<\/a><\/li>\n<\/ul>\n[\/vc_column_text][\/vc_column][\/vc_row]\n","protected":false},"excerpt":{"rendered":"<p>[vc_row][vc_column parallax=\u00bbcontent-moving\u00bb parallax_image=\u00bb11688&#8243; css=\u00bb.vc_custom_1690364919248{padding-top: 80px !important;padding-right: 80px !important;padding-bottom: 80px !important;padding-left: 80px !important;}\u00bb][vc_custom_heading text=\u00bbMIGRACI\u00d3N DE \u00d1US\u00bb font_container=\u00bbtag:h2|font_size:32|text_align:center|color:%23ffffff\u00bb google_fonts=\u00bbfont_family:Roboto%3A100%2C100italic%2C300%2C300italic%2Cregular%2Citalic%2C500%2C500italic%2C700%2C700italic%2C900%2C900italic|font_style:500%20bold%20regular%3A500%3Anormal\u00bb][vc_custom_heading text=\u00bbVuela en\u00bb font_container=\u00bbtag:h2|font_size:20|text_align:center|color:%23ffffff\u00bb google_fonts=\u00bbfont_family:Roboto%3A100%2C100italic%2C300%2C300italic%2Cregular%2Citalic%2C500%2C500italic%2C700%2C700italic%2C900%2C900italic|font_style:400%20regular%3A400%3Anormal\u00bb][vc_separator color=\u00bbcustom\u00bb el_width=\u00bb80&#8243; accent_color=\u00bb#f8f8f8&#8243;][vc_custom_heading text=\u00bbMasai Mara\u00bb font_container=\u00bbtag:h2|font_size:22|text_align:center|color:%23ffffff\u00bb google_fonts=\u00bbfont_family:Roboto%3A100%2C100italic%2C300%2C300italic%2Cregular%2Citalic%2C500%2C500italic%2C700%2C700italic%2C900%2C900italic|font_style:400%20regular%3A400%3Anormal\u00bb][vc_empty_space][\/vc_column][\/vc_row][vc_row css=\u00bb.vc_custom_1690365159877{padding-top: 10px !important;}\u00bb][vc_column][vc_tta_tabs shape=\u00bbsquare\u00bb color=\u00bbjuicy-pink\u00bb alignment=\u00bbcenter\u00bb active_section=\u00bb1&#8243; css=\u00bb.vc_custom_1676549284316{border-top-width: 10px !important;border-right-width: 10px !important;border-bottom-width: 10px !important;border-left-width: 10px !important;}\u00bb][vc_tta_section title=\u00bbPrograma\u00bb tab_id=\u00bb1646385046101-21fb0671-35a5&#8243;][info_list_father][info_list_son style=\u00bbicon\u00bb size=\u00bb15&#8243; width=\u00bb20&#8243; height=\u00bb20&#8243; titleclr=\u00bb#890000&#8243; icon=\u00bbfas fa-paw\u00bb iconclr=\u00bb#890000&#8243; title=\u00bbD\u00cdA [&hellip;]<\/p>\n","protected":false},"author":4,"featured_media":0,"parent":31110,"menu_order":5,"comment_status":"closed","ping_status":"closed","template":"page-blank.php","meta":{"_themeisle_gutenberg_block_has_review":false,"footnotes":""},"class_list":["post-31091","page","type-page","status-publish","hentry"],"_links":{"self":[{"href":"https:\/\/mufasatoursandtravels.com\/es\/wp-json\/wp\/v2\/pages\/31091","targetHints":{"allow":["GET"]}}],"collection":[{"href":"https:\/\/mufasatoursandtravels.com\/es\/wp-json\/wp\/v2\/pages"}],"about":[{"href":"https:\/\/mufasatoursandtravels.com\/es\/wp-json\/wp\/v2\/types\/page"}],"author":[{"embeddable":true,"href":"https:\/\/mufasatoursandtravels.com\/es\/wp-json\/wp\/v2\/users\/4"}],"replies":[{"embeddable":true,"href":"https:\/\/mufasatoursandtravels.com\/es\/wp-json\/wp\/v2\/comments?post=31091"}],"version-history":[{"count":1,"href":"https:\/\/mufasatoursandtravels.com\/es\/wp-json\/wp\/v2\/pages\/31091\/revisions"}],"predecessor-version":[{"id":31092,"href":"https:\/\/mufasatoursandtravels.com\/es\/wp-json\/wp\/v2\/pages\/31091\/revisions\/31092"}],"up":[{"embeddable":true,"href":"https:\/\/mufasatoursandtravels.com\/es\/wp-json\/wp\/v2\/pages\/31110"}],"wp:attachment":[{"href":"https:\/\/mufasatoursandtravels.com\/es\/wp-json\/wp\/v2\/media?parent=31091"}],"curies":[{"name":"wp","href":"https:\/\/api.w.org\/{rel}","templated":true}]}}