{"id":31485,"date":"2025-02-27T13:15:42","date_gmt":"2025-02-27T10:15:42","guid":{"rendered":"https:\/\/mufasatoursandtravels.com\/safaris-en-zanzibar\/"},"modified":"2025-04-10T15:28:15","modified_gmt":"2025-04-10T12:28:15","slug":"safaris-en-zanzibar","status":"publish","type":"page","link":"https:\/\/mufasatoursandtravels.com\/es\/safaris-en-zanzibar\/","title":{"rendered":"Safaris en Zanz\u00edbar"},"content":{"rendered":"[vc_row full_width=\u00bbstretch_row_content\u00bb css=\u00bb.vc_custom_1740662458077{margin-top: -50px !important;background: rgba(0,0,0,0.89) url(https:\/\/mufasatoursandtravels.com\/wp-content\/uploads\/2022\/03\/melia-hotel-zanzibar-packages-luxury-safari-and-all.jpg?id=5731) !important;*background-color: rgb(0,0,0) !important;}\u00bb][vc_column css=\u00bb.vc_custom_1687869367906{padding-top: 30px !important;padding-right: 50px !important;padding-bottom: 30px !important;padding-left: 50px !important;background-color: rgba(0,0,0,0.57) !important;*background-color: rgb(0,0,0) !important;}\u00bb][vc_empty_space height=\u00bb70px\u00bb][vc_custom_heading text=\u00bbZanz\u00edbar\u00bb font_container=\u00bbtag:h1|font_size:35|text_align:center|color:%23ffffff\u00bb use_theme_fonts=\u00bbyes\u00bb el_class=\u00bbcustom-opacity-text\u00bb css=\u00bb.vc_custom_1740651830108{margin-top: 30px !important;}\u00bb][vc_separator el_width=\u00bb40&#8243;][vc_empty_space height=\u00bb70px\u00bb][\/vc_column][\/vc_row][vc_row][vc_column][vc_empty_space][\/vc_column][\/vc_row][vc_row][vc_column][vc_headings style=\u00bbtheme3&#8243; linewidth=\u00bb150&#8243; borderclr=\u00bb#890000&#8243; title=\u00bbPlaya de Zanz\u00edbar\u00bb use_theme_fonts=\u00bbyes\u00bb titleclr=\u00bb#890000&#8243;][\/vc_headings][\/vc_column][\/vc_row][vc_row][vc_column][vc_column_text]\n<p style=\"font-size: 18px; text-align: center;\">Una mezcla de para\u00edso y cultura con arenas blancas y aguas turquesas que se encuentran con una mezcla de tradiciones \u00e1rabes y africanas. Un lugar para relajarse, explorar las maravillas submarinas y experimentar influencias culturales \u00fanicas. <\/p>\n[\/vc_column_text][vc_empty_space][\/vc_column][\/vc_row][vc_row][vc_column width=\u00bb1\/4&#8243;][ucaddon_uc_classic_carousel_content title=\u00bbHotel de playa Pongwe  \u00bb border_color=\u00bb#890000&#8243; btn_hvr_clr=\u00bb#890000&#8243; image=\u00bb\u00bb primary_color=\u00bb#890000&#8243; btn_text=\u00bbView \u2192\u00bb link=\u00bbhttps:\/\/pongwe.com\/\u00bb uc_init_settings=\u00bb\u00bb uc_fonts_data=\u00bbJTdCJTIydGl0bGUlMjIlM0ElN0IlMjJmb250LWZhbWlseSUyMiUzQSUyMlJvYm90byUyMiU3RCUyQyUyMmJ0bl90ZXh0JTIyJTNBJTdCJTIyZm9udC1mYW1pbHklMjIlM0ElMjJSb2JvdG8lMjIlN0QlN0Q=\u00bb][\/ucaddon_uc_classic_carousel_content][\/vc_column][vc_column width=\u00bb1\/4&#8243;][ucaddon_uc_classic_carousel_content title=\u00bbLogia Matemwe  \u00bb border_color=\u00bb#890000&#8243; btn_hvr_clr=\u00bb#890000&#8243; image=\u00bb\u00bb primary_color=\u00bb#890000&#8243; btn_text=\u00bbView \u2192\u00bb link=\u00bbhttps:\/\/hotels-attitude.com\/fr\/matemwe-zanzibar\u00bb uc_init_settings=\u00bb\u00bb uc_fonts_data=\u00bbJTdCJTIydGl0bGUlMjIlM0ElN0IlMjJmb250LWZhbWlseSUyMiUzQSUyMlJvYm90byUyMiU3RCUyQyUyMmJ0bl90ZXh0JTIyJTNBJTdCJTIyZm9udC1mYW1pbHklMjIlM0ElMjJSb2JvdG8lMjIlN0QlN0Q=\u00bb][\/ucaddon_uc_classic_carousel_content][\/vc_column][vc_column width=\u00bb1\/4&#8243;][ucaddon_uc_classic_carousel_content title=\u00bbLogia Estrella Fugaz  \u00bb border_color=\u00bb#890000&#8243; btn_hvr_clr=\u00bb#890000&#8243; image=\u00bb\u00bb primary_color=\u00bb#890000&#8243; btn_text=\u00bbView \u2192\u00bb link=\u00bbhttps:\/\/www.shootingstarlodge.com\/\u00bb uc_init_settings=\u00bb\u00bb uc_fonts_data=\u00bbJTdCJTIydGl0bGUlMjIlM0ElN0IlMjJmb250LWZhbWlseSUyMiUzQSUyMlJvYm90byUyMiU3RCUyQyUyMmJ0bl90ZXh0JTIyJTNBJTdCJTIyZm9udC1mYW1pbHklMjIlM0ElMjJSb2JvdG8lMjIlN0QlN0Q=\u00bb][\/ucaddon_uc_classic_carousel_content][\/vc_column][vc_column width=\u00bb1\/4&#8243;][ucaddon_uc_classic_carousel_content title=\u00bb  Albergue de la isla de Mnemba  \u00bb border_color=\u00bb#890000&#8243; btn_hvr_clr=\u00bb#890000&#8243; image=\u00bb\u00bb primary_color=\u00bb#890000&#8243; btn_text=\u00bbView \u2192\u00bb link=\u00bbhttps:\/\/www.andbeyond.com\/our-lodges\/indian-ocean-islands\/zanzibar\/andbeyond-mnemba-island\/?utm_source=google&amp;utm_medium=organic&amp;utm_campaign=organic-global-bofu-gmb-listing-mnemba-island\u00bb uc_init_settings=\u00bb\u00bb uc_fonts_data=\u00bbJTdCJTIydGl0bGUlMjIlM0ElN0IlMjJmb250LWZhbWlseSUyMiUzQSUyMlJvYm90byUyMiU3RCUyQyUyMmJ0bl90ZXh0JTIyJTNBJTdCJTIyZm9udC1mYW1pbHklMjIlM0ElMjJSb2JvdG8lMjIlN0QlN0Q=\u00bb][\/ucaddon_uc_classic_carousel_content][\/vc_column][\/vc_row][vc_row][vc_column width=\u00bb1\/4&#8243;][ucaddon_uc_classic_carousel_content title=\u00bbUnguja Lodge\u00bb border_color=\u00bb#890000&#8243; btn_hvr_clr=\u00bb#890000&#8243; image=\u00bb\u00bb primary_color=\u00bb#890000&#8243; btn_text=\u00bbView \u2192\u00bb link=\u00bbhttp:\/\/www.ungujalodge.com\/photogallery\u00bb uc_init_settings=\u00bb\u00bb uc_fonts_data=\u00bbJTdCJTIydGl0bGUlMjIlM0ElN0IlMjJmb250LWZhbWlseSUyMiUzQSUyMlJvYm90byUyMiU3RCUyQyUyMmJ0bl90ZXh0JTIyJTNBJTdCJTIyZm9udC1mYW1pbHklMjIlM0ElMjJSb2JvdG8lMjIlN0QlN0Q=\u00bb][\/ucaddon_uc_classic_carousel_content][\/vc_column][vc_column width=\u00bb1\/4&#8243;][ucaddon_uc_classic_carousel_content title=\u00bb  Albergue de la isla de Chumbe  \u00bb border_color=\u00bb#890000&#8243; btn_hvr_clr=\u00bb#890000&#8243; image=\u00bb\u00bb primary_color=\u00bb#890000&#8243; btn_text=\u00bbView \u2192\u00bb link=\u00bbhttps:\/\/chumbeisland.com\/\u00bb uc_init_settings=\u00bb\u00bb uc_fonts_data=\u00bbJTdCJTIydGl0bGUlMjIlM0ElN0IlMjJmb250LWZhbWlseSUyMiUzQSUyMlJvYm90byUyMiU3RCUyQyUyMmJ0bl90ZXh0JTIyJTNBJTdCJTIyZm9udC1mYW1pbHklMjIlM0ElMjJSb2JvdG8lMjIlN0QlN0Q=\u00bb][\/ucaddon_uc_classic_carousel_content][\/vc_column][vc_column width=\u00bb1\/4&#8243;][ucaddon_uc_classic_carousel_content title=\u00bb  Fumba Beach Lodge  \u00bb border_color=\u00bb#890000&#8243; btn_hvr_clr=\u00bb#890000&#8243; image=\u00bb\u00bb primary_color=\u00bb#890000&#8243; btn_text=\u00bbView \u2192\u00bb link=\u00bbhttp:\/\/fumbabeachlodge.com\/\u00bb uc_init_settings=\u00bb\u00bb uc_fonts_data=\u00bbJTdCJTIydGl0bGUlMjIlM0ElN0IlMjJmb250LWZhbWlseSUyMiUzQSUyMlJvYm90byUyMiU3RCUyQyUyMmJ0bl90ZXh0JTIyJTNBJTdCJTIyZm9udC1mYW1pbHklMjIlM0ElMjJSb2JvdG8lMjIlN0QlN0Q=\u00bb][\/ucaddon_uc_classic_carousel_content][\/vc_column][vc_column width=\u00bb1\/4&#8243;][ucaddon_uc_classic_carousel_content title=\u00bbLa Residencia Zanz\u00edbar\u00bb border_color=\u00bb#890000&#8243; btn_hvr_clr=\u00bb#890000&#8243; image=\u00bb\u00bb primary_color=\u00bb#890000&#8243; btn_text=\u00bbView \u2192\u00bb link=\u00bbhttps:\/\/www.cenizaro.com\/theresidence\/zanzibar?utm_source=google&amp;utm_medium=organic&amp;utm_campaign=zanzibar\u00bb uc_init_settings=\u00bb\u00bb uc_fonts_data=\u00bbJTdCJTIydGl0bGUlMjIlM0ElN0IlMjJmb250LWZhbWlseSUyMiUzQSUyMlJvYm90byUyMiU3RCUyQyUyMmJ0bl90ZXh0JTIyJTNBJTdCJTIyZm9udC1mYW1pbHklMjIlM0ElMjJSb2JvdG8lMjIlN0QlN0Q=\u00bb][\/ucaddon_uc_classic_carousel_content][\/vc_column][\/vc_row][vc_row][vc_column width=\u00bb1\/4&#8243;][ucaddon_uc_classic_carousel_content title=\u00bb  Club de Playa Brisas  \u00bb border_color=\u00bb#890000&#8243; btn_hvr_clr=\u00bb#890000&#8243; image=\u00bb\u00bb primary_color=\u00bb#890000&#8243; btn_text=\u00bbView \u2192\u00bb link=\u00bbhttps:\/\/www.breezes-zanzibar.com\/image-gallery\/\u00bb uc_init_settings=\u00bb\u00bb uc_fonts_data=\u00bbJTdCJTIydGl0bGUlMjIlM0ElN0IlMjJmb250LWZhbWlseSUyMiUzQSUyMlJvYm90byUyMiU3RCUyQyUyMmJ0bl90ZXh0JTIyJTNBJTdCJTIyZm9udC1mYW1pbHklMjIlM0ElMjJSb2JvdG8lMjIlN0QlN0Q=\u00bb][\/ucaddon_uc_classic_carousel_content][\/vc_column][vc_column width=\u00bb1\/4&#8243;][ucaddon_uc_classic_carousel_content title=\u00bb  Qambani Privado\u00bb border_color=\u00bb#890000&#8243; btn_hvr_clr=\u00bb#890000&#8243; image=\u00bb\u00bb primary_color=\u00bb#890000&#8243; btn_text=\u00bbView \u2192\u00bb link=\u00bbhttps:\/\/www.our-zanzibar.com\/hotel\/qambani-private-residence\/\u00bb uc_init_settings=\u00bb\u00bb uc_fonts_data=\u00bbJTdCJTIydGl0bGUlMjIlM0ElN0IlMjJmb250LWZhbWlseSUyMiUzQSUyMlJvYm90byUyMiU3RCUyQyUyMmJ0bl90ZXh0JTIyJTNBJTdCJTIyZm9udC1mYW1pbHklMjIlM0ElMjJSb2JvdG8lMjIlN0QlN0Q=\u00bb][\/ucaddon_uc_classic_carousel_content][\/vc_column][vc_column width=\u00bb1\/4&#8243;][ucaddon_uc_classic_carousel_content title=\u00bbBaraza Resort &amp; Spa\u00bb border_color=\u00bb#890000&#8243; btn_hvr_clr=\u00bb#890000&#8243; image=\u00bb\u00bb primary_color=\u00bb#890000&#8243; btn_text=\u00bbView \u2192\u00bb link=\u00bbhttps:\/\/www.baraza-zanzibar.com\/\u00bb uc_init_settings=\u00bb\u00bb uc_fonts_data=\u00bbJTdCJTIydGl0bGUlMjIlM0ElN0IlMjJmb250LWZhbWlseSUyMiUzQSUyMlJvYm90byUyMiU3RCUyQyUyMmJ0bl90ZXh0JTIyJTNBJTdCJTIyZm9udC1mYW1pbHklMjIlM0ElMjJSb2JvdG8lMjIlN0QlN0Q=\u00bb][\/ucaddon_uc_classic_carousel_content][\/vc_column][vc_column width=\u00bb1\/4&#8243;][ucaddon_uc_classic_carousel_content title=\u00bbLas Palmas  \u00bb border_color=\u00bb#890000&#8243; btn_hvr_clr=\u00bb#890000&#8243; image=\u00bb\u00bb primary_color=\u00bb#890000&#8243; btn_text=\u00bbView \u2192\u00bb link=\u00bbhttps:\/\/www.palms-zanzibar.com\/\u00bb uc_init_settings=\u00bb\u00bb uc_fonts_data=\u00bbJTdCJTIydGl0bGUlMjIlM0ElN0IlMjJmb250LWZhbWlseSUyMiUzQSUyMlJvYm90byUyMiU3RCUyQyUyMmJ0bl90ZXh0JTIyJTNBJTdCJTIyZm9udC1mYW1pbHklMjIlM0ElMjJSb2JvdG8lMjIlN0QlN0Q=\u00bb][\/ucaddon_uc_classic_carousel_content][\/vc_column][\/vc_row][vc_row][vc_column][vc_headings style=\u00bbtheme3&#8243; linewidth=\u00bb150&#8243; borderclr=\u00bb#890000&#8243; title=\u00bbStone Town\u00bb use_theme_fonts=\u00bbyes\u00bb titleclr=\u00bb#890000&#8243;][\/vc_headings][vc_column_text]\n<p style=\"font-size: 18px; text-align: center;\">\u00a1Experimenta un cautivador laberinto de historia y cultura! Pasea por sus estrechas calles, descubre los bulliciosos mercados y admira las puertas de madera intrincadamente talladas. <\/p>\n[\/vc_column_text][\/vc_column][\/vc_row][vc_row][vc_column width=\u00bb1\/4&#8243;][ucaddon_uc_classic_carousel_content title=\u00bbLa plaza de Zanz\u00edbar\u00bb border_color=\u00bb#890000&#8243; btn_hvr_clr=\u00bb#890000&#8243; image=\u00bb\u00bb btn_text=\u00bbView \u2192\u00bb link=\u00bbhttps:\/\/zanzibarpalacehotel.com\/\u00bb uc_init_settings=\u00bb\u00bb uc_fonts_data=\u00bbJTdCJTIydGl0bGUlMjIlM0ElN0IlMjJmb250LWZhbWlseSUyMiUzQSUyMlJvYm90byUyMiU3RCUyQyUyMmJ0bl90ZXh0JTIyJTNBJTdCJTIyZm9udC1mYW1pbHklMjIlM0ElMjJSb2JvdG8lMjIlN0QlN0Q=\u00bb][\/ucaddon_uc_classic_carousel_content][\/vc_column][vc_column width=\u00bb1\/4&#8243;][ucaddon_uc_classic_carousel_content title=\u00bbBeyt Al Salaam\u00bb border_color=\u00bb#890000&#8243; btn_hvr_clr=\u00bb#890000&#8243; image=\u00bb\u00bb btn_text=\u00bbView \u2192\u00bb link=\u00bbhttps:\/\/beytalsalaam.com\/\u00bb uc_init_settings=\u00bb\u00bb uc_fonts_data=\u00bbJTdCJTIydGl0bGUlMjIlM0ElN0IlMjJmb250LWZhbWlseSUyMiUzQSUyMlJvYm90byUyMiU3RCUyQyUyMmJ0bl90ZXh0JTIyJTNBJTdCJTIyZm9udC1mYW1pbHklMjIlM0ElMjJSb2JvdG8lMjIlN0QlN0Q=\u00bb][\/ucaddon_uc_classic_carousel_content][\/vc_column][vc_column width=\u00bb1\/4&#8243;][ucaddon_uc_classic_carousel_content title=\u00bbEspecia Emerson\u00bb border_color=\u00bb#890000&#8243; btn_hvr_clr=\u00bb#890000&#8243; image=\u00bb\u00bb btn_text=\u00bbView \u2192\u00bb link=\u00bbhttps:\/\/emersonzanzibar.com\/emerson-spice-hotel-stone-town\/\u00bb uc_fonts_data=\u00bbJTdCJTIydGl0bGUlMjIlM0ElN0IlMjJmb250LWZhbWlseSUyMiUzQSUyMlJvYm90byUyMiU3RCUyQyUyMmJ0bl90ZXh0JTIyJTNBJTdCJTIyZm9udC1mYW1pbHklMjIlM0ElMjJSb2JvdG8lMjIlN0QlN0Q=\u00bb][\/ucaddon_uc_classic_carousel_content][\/vc_column][vc_column width=\u00bb1\/4&#8243;][ucaddon_uc_classic_carousel_content title=\u00bbCasa Kholle\u00bb border_color=\u00bb#890000&#8243; btn_hvr_clr=\u00bb#890000&#8243; image=\u00bb\u00bb btn_text=\u00bbView \u2192\u00bb link=\u00bbhttps:\/\/www.khollehouse.com\/accommodations\/\u00bb uc_init_settings=\u00bb\u00bb uc_fonts_data=\u00bbJTdCJTIydGl0bGUlMjIlM0ElN0IlMjJmb250LWZhbWlseSUyMiUzQSUyMlJvYm90byUyMiU3RCUyQyUyMmJ0bl90ZXh0JTIyJTNBJTdCJTIyZm9udC1mYW1pbHklMjIlM0ElMjJSb2JvdG8lMjIlN0QlN0Q=\u00bb][\/ucaddon_uc_classic_carousel_content][\/vc_column][\/vc_row][vc_row][vc_column width=\u00bb1\/4&#8243;][ucaddon_uc_classic_carousel_content title=\u00bbJafferji Casa &amp; Spa\u00bb border_color=\u00bb#890000&#8243; btn_hvr_clr=\u00bb#890000&#8243; image=\u00bb\u00bb btn_text=\u00bbView \u2192\u00bb link=\u00bbhttp:\/\/jafferjihouse.net\/\u00bb uc_init_settings=\u00bb\u00bb uc_fonts_data=\u00bbJTdCJTIydGl0bGUlMjIlM0ElN0IlMjJmb250LWZhbWlseSUyMiUzQSUyMlJvYm90byUyMiU3RCUyQyUyMmJ0bl90ZXh0JTIyJTNBJTdCJTIyZm9udC1mYW1pbHklMjIlM0ElMjJSb2JvdG8lMjIlN0QlN0Q=\u00bb][\/ucaddon_uc_classic_carousel_content][\/vc_column][vc_column width=\u00bb1\/4&#8243;][ucaddon_uc_classic_carousel_content title=\u00bbCasa Swahili\u00bb border_color=\u00bb#890000&#8243; btn_hvr_clr=\u00bb#890000&#8243; image=\u00bb\u00bb btn_text=\u00bbView \u2192\u00bb link=\u00bbhttps:\/\/swahilihouse.com\/\u00bb uc_init_settings=\u00bb\u00bb uc_fonts_data=\u00bbJTdCJTIydGl0bGUlMjIlM0ElN0IlMjJmb250LWZhbWlseSUyMiUzQSUyMlJvYm90byUyMiU3RCUyQyUyMmJ0bl90ZXh0JTIyJTNBJTdCJTIyZm9udC1mYW1pbHklMjIlM0ElMjJSb2JvdG8lMjIlN0QlN0Q=\u00bb][\/ucaddon_uc_classic_carousel_content][\/vc_column][vc_column width=\u00bb1\/4&#8243;][ucaddon_uc_classic_carousel_content title=\u00bbEl Hotel Tembo\u00bb border_color=\u00bb#890000&#8243; btn_hvr_clr=\u00bb#890000&#8243; image=\u00bb\u00bb btn_text=\u00bbView \u2192\u00bb link=\u00bbhttps:\/\/www.guestreservations.com\/tembo-house-hotel\/booking?utm_source=google&amp;utm_medium=cpc&amp;utm_campaign=990875490&amp;gad_source=1&amp;gclid=EAIaIQobChMIlomqnbn1iwMVO6ODBx1juSSbEAAYAiAAEgL2PvD_BwE\u00bb uc_init_settings=\u00bb\u00bb uc_fonts_data=\u00bbJTdCJTIydGl0bGUlMjIlM0ElN0IlMjJmb250LWZhbWlseSUyMiUzQSUyMlJvYm90byUyMiU3RCUyQyUyMmJ0bl90ZXh0JTIyJTNBJTdCJTIyZm9udC1mYW1pbHklMjIlM0ElMjJSb2JvdG8lMjIlN0QlN0Q=\u00bb][\/ucaddon_uc_classic_carousel_content][\/vc_column][vc_column width=\u00bb1\/4&#8243;][ucaddon_uc_classic_carousel_content title=\u00bbParque Hyatt Zanz\u00edbar\u00bb border_color=\u00bb#890000&#8243; btn_hvr_clr=\u00bb#890000&#8243; image=\u00bb\u00bb btn_text=\u00bbView \u2192\u00bb link=\u00bbhttps:\/\/www.hyatt.com\/en-US\/hotel\/tanzania\/park-hyatt-zanzibar\/znzph?src=corp_lclb_google_seo_znzph&amp;utm_source=google&amp;utm_medium=organic&amp;utm_campaign=lmr\u00bb uc_init_settings=\u00bb\u00bb uc_fonts_data=\u00bbJTdCJTIydGl0bGUlMjIlM0ElN0IlMjJmb250LWZhbWlseSUyMiUzQSUyMlJvYm90byUyMiU3RCUyQyUyMmJ0bl90ZXh0JTIyJTNBJTdCJTIyZm9udC1mYW1pbHklMjIlM0ElMjJSb2JvdG8lMjIlN0QlN0Q=\u00bb][\/ucaddon_uc_classic_carousel_content][\/vc_column][\/vc_row][vc_row][vc_column width=\u00bb1\/4&#8243;][ucaddon_uc_classic_carousel_content title=\u00bbCasa Kisiwa\u00bb border_color=\u00bb#890000&#8243; btn_hvr_clr=\u00bb#890000&#8243; image=\u00bb\u00bb btn_text=\u00bbView \u2192\u00bb link=\u00bbhttps:\/\/www.kisiwahotelszanzibar.com\/\u00bb uc_init_settings=\u00bb\u00bb uc_fonts_data=\u00bbJTdCJTIydGl0bGUlMjIlM0ElN0IlMjJmb250LWZhbWlseSUyMiUzQSUyMlJvYm90byUyMiU3RCUyQyUyMmJ0bl90ZXh0JTIyJTNBJTdCJTIyZm9udC1mYW1pbHklMjIlM0ElMjJSb2JvdG8lMjIlN0QlN0Q=\u00bb][\/ucaddon_uc_classic_carousel_content][\/vc_column][vc_column width=\u00bb1\/4&#8243;][ucaddon_uc_classic_carousel_content title=\u00bbEl Hotel Maru Maru\u00bb border_color=\u00bb#890000&#8243; btn_hvr_clr=\u00bb#890000&#8243; image=\u00bb\u00bb btn_text=\u00bbView \u2192\u00bb link=\u00bbhttps:\/\/www.marumaruzanzibar.com\/\u00bb uc_init_settings=\u00bb\u00bb uc_fonts_data=\u00bbJTdCJTIydGl0bGUlMjIlM0ElN0IlMjJmb250LWZhbWlseSUyMiUzQSUyMlJvYm90byUyMiU3RCUyQyUyMmJ0bl90ZXh0JTIyJTNBJTdCJTIyZm9udC1mYW1pbHklMjIlM0ElMjJSb2JvdG8lMjIlN0QlN0Q=\u00bb][\/ucaddon_uc_classic_carousel_content][\/vc_column][vc_column width=\u00bb1\/4&#8243;][ucaddon_uc_classic_carousel_content title=\u00bbHotel Mbweni Ruinas\u00bb border_color=\u00bb#890000&#8243; btn_hvr_clr=\u00bb#890000&#8243; image=\u00bb\u00bb btn_text=\u00bbView \u2192\u00bb link=\u00bbhttps:\/\/www.mbweniruinsandgardens.com\/\u00bb uc_init_settings=\u00bb\u00bb uc_fonts_data=\u00bbJTdCJTIydGl0bGUlMjIlM0ElN0IlMjJmb250LWZhbWlseSUyMiUzQSUyMlJvYm90byUyMiU3RCUyQyUyMmJ0bl90ZXh0JTIyJTNBJTdCJTIyZm9udC1mYW1pbHklMjIlM0ElMjJSb2JvdG8lMjIlN0QlN0Q=\u00bb][\/ucaddon_uc_classic_carousel_content][\/vc_column][vc_column width=\u00bb1\/4&#8243;][ucaddon_uc_classic_carousel_content title=\u00bbEmerson sobre Hurumzi\u00bb border_color=\u00bb#890000&#8243; btn_hvr_clr=\u00bb#890000&#8243; image=\u00bb\u00bb btn_text=\u00bbView \u2192\u00bb link=\u00bbhttps:\/\/emersonzanzibar.com\/emerson-on-hurumzi-hotel\/\u00bb uc_init_settings=\u00bb\u00bb uc_fonts_data=\u00bbJTdCJTIydGl0bGUlMjIlM0ElN0IlMjJmb250LWZhbWlseSUyMiUzQSUyMlJvYm90byUyMiU3RCUyQyUyMmJ0bl90ZXh0JTIyJTNBJTdCJTIyZm9udC1mYW1pbHklMjIlM0ElMjJSb2JvdG8lMjIlN0QlN0Q=\u00bb][\/ucaddon_uc_classic_carousel_content][\/vc_column][\/vc_row][vc_row][vc_column width=\u00bb1\/4&#8243;][ucaddon_uc_classic_carousel_content title=\u00bbZanz\u00edbar Serena Hotel\u00bb border_color=\u00bb#890000&#8243; btn_hvr_clr=\u00bb#890000&#8243; image=\u00bb\u00bb btn_text=\u00bbView \u2192\u00bb link=\u00bbhttps:\/\/www.serenahotels.com\/zanzibar\/\u00bb uc_init_settings=\u00bb\u00bb uc_fonts_data=\u00bbJTdCJTIydGl0bGUlMjIlM0ElN0IlMjJmb250LWZhbWlseSUyMiUzQSUyMlJvYm90byUyMiU3RCUyQyUyMmJ0bl90ZXh0JTIyJTNBJTdCJTIyZm9udC1mYW1pbHklMjIlM0ElMjJSb2JvdG8lMjIlN0QlN0Q=\u00bb][\/ucaddon_uc_classic_carousel_content][\/vc_column][vc_column width=\u00bb1\/4&#8243;][ucaddon_uc_classic_carousel_content title=\u00bbPalacio Dhow\u00bb border_color=\u00bb#890000&#8243; btn_hvr_clr=\u00bb#890000&#8243; image=\u00bb\u00bb btn_text=\u00bbView \u2192\u00bb link=\u00bbhttps:\/\/dhowpalacehotel.tanzania-hotel.top\/en\/\u00bb uc_init_settings=\u00bb\u00bb uc_fonts_data=\u00bbJTdCJTIydGl0bGUlMjIlM0ElN0IlMjJmb250LWZhbWlseSUyMiUzQSUyMlJvYm90byUyMiU3RCUyQyUyMmJ0bl90ZXh0JTIyJTNBJTdCJTIyZm9udC1mYW1pbHklMjIlM0ElMjJSb2JvdG8lMjIlN0QlN0Q=\u00bb][\/ucaddon_uc_classic_carousel_content][\/vc_column][vc_column width=\u00bb1\/4&#8243;][\/vc_column][vc_column width=\u00bb1\/4&#8243;][\/vc_column][\/vc_row][vc_row css=\u00bb.vc_custom_1698936963708{margin-top: 10px !important;}\u00bb][vc_column][vc_empty_space][\/vc_column][\/vc_row]\n","protected":false},"excerpt":{"rendered":"<p>[vc_row full_width=\u00bbstretch_row_content\u00bb css=\u00bb.vc_custom_1740662458077{margin-top: -50px !important;background: rgba(0,0,0,0.89) url(https:\/\/mufasatoursandtravels.com\/wp-content\/uploads\/2022\/03\/melia-hotel-zanzibar-packages-luxury-safari-and-all.jpg?id=5731) !important;*background-color: rgb(0,0,0) !important;}\u00bb][vc_column css=\u00bb.vc_custom_1687869367906{padding-top: 30px !important;padding-right: 50px !important;padding-bottom: 30px !important;padding-left: 50px !important;background-color: rgba(0,0,0,0.57) !important;*background-color: rgb(0,0,0) !important;}\u00bb][vc_empty_space height=\u00bb70px\u00bb][vc_custom_heading text=\u00bbZanz\u00edbar\u00bb font_container=\u00bbtag:h1|font_size:35|text_align:center|color:%23ffffff\u00bb use_theme_fonts=\u00bbyes\u00bb el_class=\u00bbcustom-opacity-text\u00bb css=\u00bb.vc_custom_1740651830108{margin-top: 30px !important;}\u00bb][vc_separator el_width=\u00bb40&#8243;][vc_empty_space height=\u00bb70px\u00bb][\/vc_column][\/vc_row][vc_row][vc_column][vc_empty_space][\/vc_column][\/vc_row][vc_row][vc_column][vc_headings style=\u00bbtheme3&#8243; linewidth=\u00bb150&#8243; borderclr=\u00bb#890000&#8243; title=\u00bbPlaya de Zanz\u00edbar\u00bb use_theme_fonts=\u00bbyes\u00bb titleclr=\u00bb#890000&#8243;][\/vc_headings][\/vc_column][\/vc_row][vc_row][vc_column][vc_column_text] Una mezcla de para\u00edso y cultura con arenas blancas y aguas turquesas que se [&hellip;]<\/p>\n","protected":false},"author":2,"featured_media":0,"parent":0,"menu_order":11,"comment_status":"closed","ping_status":"closed","template":"","meta":{"_themeisle_gutenberg_block_has_review":false,"footnotes":""},"class_list":["post-31485","page","type-page","status-publish","hentry"],"_links":{"self":[{"href":"https:\/\/mufasatoursandtravels.com\/es\/wp-json\/wp\/v2\/pages\/31485","targetHints":{"allow":["GET"]}}],"collection":[{"href":"https:\/\/mufasatoursandtravels.com\/es\/wp-json\/wp\/v2\/pages"}],"about":[{"href":"https:\/\/mufasatoursandtravels.com\/es\/wp-json\/wp\/v2\/types\/page"}],"author":[{"embeddable":true,"href":"https:\/\/mufasatoursandtravels.com\/es\/wp-json\/wp\/v2\/users\/2"}],"replies":[{"embeddable":true,"href":"https:\/\/mufasatoursandtravels.com\/es\/wp-json\/wp\/v2\/comments?post=31485"}],"version-history":[{"count":1,"href":"https:\/\/mufasatoursandtravels.com\/es\/wp-json\/wp\/v2\/pages\/31485\/revisions"}],"predecessor-version":[{"id":31489,"href":"https:\/\/mufasatoursandtravels.com\/es\/wp-json\/wp\/v2\/pages\/31485\/revisions\/31489"}],"wp:attachment":[{"href":"https:\/\/mufasatoursandtravels.com\/es\/wp-json\/wp\/v2\/media?parent=31485"}],"curies":[{"name":"wp","href":"https:\/\/api.w.org\/{rel}","templated":true}]}}