{"id":31824,"date":"2024-05-15T11:21:12","date_gmt":"2024-05-15T08:21:12","guid":{"rendered":"https:\/\/mufasatoursandtravels.com\/safaris-fotograficos\/"},"modified":"2025-04-10T15:38:25","modified_gmt":"2025-04-10T12:38:25","slug":"safaris-fotograficos","status":"publish","type":"page","link":"https:\/\/mufasatoursandtravels.com\/es\/safaris-fotograficos\/","title":{"rendered":"Safaris Fotogr\u00e1ficos"},"content":{"rendered":"[vc_row full_width=\u00bbstretch_row_content\u00bb css=\u00bb.vc_custom_1715761009103{margin-top: -50px !important;background: rgba(0,0,0,0.89) url(https:\/\/mufasatoursandtravels.com\/wp-content\/uploads\/2024\/04\/zebra-running.jpg?id=14724) !important;*background-color: rgb(0,0,0) !important;}\u00bb][vc_column css=\u00bb.vc_custom_1687869367906{padding-top: 30px !important;padding-right: 50px !important;padding-bottom: 30px !important;padding-left: 50px !important;background-color: rgba(0,0,0,0.57) !important;*background-color: rgb(0,0,0) !important;}\u00bb][vc_custom_heading text=\u00bbSAFARIS FOTOGR\u00c1FICOS\u00bb font_container=\u00bbtag:h1|font_size:35|text_align:center|color:%23ffffff\u00bb use_theme_fonts=\u00bbyes\u00bb el_class=\u00bbcustom-opacity-text\u00bb css=\u00bb.vc_custom_1715759750390{margin-top: 30px !important;}\u00bb][vc_empty_space height=\u00bb200px\u00bb][\/vc_column][\/vc_row][vc_row][vc_column][vc_empty_space][\/vc_column][\/vc_row][vc_row][vc_column][vc_column_text]\n<p style=\"font-size: 18px; text-align: center;\">Experimente una fusi\u00f3n incomparable de aventura, inmersi\u00f3n en la vida silvestre y fotograf\u00eda, brindando momentos inolvidables y la oportunidad de capturar im\u00e1genes impresionantes de las maravillas de la naturaleza.<\/p>\n[\/vc_column_text][\/vc_column][\/vc_row][vc_row][vc_column][vc_headings style=\u00bbtheme3&#8243; linewidth=\u00bb150&#8243; borderclr=\u00bb#890000&#8243; title=\u00bbKenia\u00bb use_theme_fonts=\u00bbyes\u00bb titleclr=\u00bb#890000&#8243;][\/vc_headings][vc_empty_space][\/vc_column][\/vc_row][vc_row css=\u00bb.vc_custom_1715757741542{margin: 10px !important;padding: 10px !important;}\u00bb][vc_column width=\u00bb1\/3&#8243;]<div class=\"cq-hovercard cq-rotateY  cq-hovercard-hideicon\" data-contentcolor=\"#ffffff\" data-iconcolor=\"\" data-bgheight=\"240\" data-captionoffset=\"\" data-videowidth=\"640\" data-linktype=\"\" data-bgtype=\"image\" data-lightboxmargin=\"\"><img decoding=\"async\" src=\"https:\/\/mufasatoursandtravels.com\/wp-content\/uploads\/2024\/05\/giraffe-7746347_1280.jpg\" class=\"cq-hovercard-background\" alt=\"\" \/><div class=\"cq-hovercard-textcontainer\"><div class=\"cq-hovercard-title\">6 D\u00edas<\/div><div class=\"cq-hovercard-content\">Serengeti \u2192 Ngorongoro<\/div><i class=\"cq-hovercard-icon fas fa-paw\"><\/i><\/div><\/div>[\/vc_column][vc_column width=\u00bb1\/3&#8243;]<div class=\"cq-hovercard cq-rotateY  cq-hovercard-hideicon\" data-contentcolor=\"#ffffff\" data-iconcolor=\"\" data-bgheight=\"240\" data-captionoffset=\"\" data-videowidth=\"640\" data-linktype=\"\" data-bgtype=\"image\" data-lightboxmargin=\"\"><div class=\"cq-hovercard-textcontainer\"><div class=\"cq-hovercard-title\">10 d\u00edas<\/div><div class=\"cq-hovercard-content\">Tarangire \u2192 Serengeti \u2192 Ngorongoro<\/div><i class=\"cq-hovercard-icon fas fa-paw\"><\/i><\/div><\/div>[\/vc_column][vc_column width=\u00bb1\/3&#8243;]<div class=\"cq-hovercard cq-rotateY  cq-hovercard-hideicon\" data-contentcolor=\"#ffffff\" data-iconcolor=\"\" data-bgheight=\"240\" data-captionoffset=\"\" data-videowidth=\"640\" data-linktype=\"\" data-bgtype=\"image\" data-lightboxmargin=\"\"><img decoding=\"async\" src=\"https:\/\/mufasatoursandtravels.com\/wp-content\/uploads\/2023\/07\/gazelle-scaled.jpg\" class=\"cq-hovercard-background\" alt=\"\" \/><div class=\"cq-hovercard-textcontainer\"><div class=\"cq-hovercard-title\">13 D\u00edas<\/div><div class=\"cq-hovercard-content\">Masai Mara \u2192 Serengeti \u2192 Ngorongoro  <\/div><i class=\"cq-hovercard-icon fas fa-paw\"><\/i><\/div><\/div>[\/vc_column][\/vc_row][vc_row css=\u00bb.vc_custom_1698936963708{margin-top: 10px !important;}\u00bb][vc_column][vc_headings style=\u00bbtheme3&#8243; linewidth=\u00bb150&#8243; borderclr=\u00bb#890000&#8243; title=\u00bbKenia y Tanzania\u00bb use_theme_fonts=\u00bbyes\u00bb titleclr=\u00bb#890000&#8243;][\/vc_headings][vc_empty_space][\/vc_column][\/vc_row][vc_row css=\u00bb.vc_custom_1715757741542{margin: 10px !important;padding: 10px !important;}\u00bb][vc_column width=\u00bb1\/3&#8243;]<div class=\"cq-hovercard cq-rotateY  cq-hovercard-hideicon\" data-contentcolor=\"#ffffff\" data-iconcolor=\"\" data-bgheight=\"240\" data-captionoffset=\"\" data-videowidth=\"640\" data-linktype=\"\" data-bgtype=\"image\" data-lightboxmargin=\"\"><img decoding=\"async\" src=\"https:\/\/mufasatoursandtravels.com\/wp-content\/uploads\/2024\/05\/giraffe-7746347_1280.jpg\" class=\"cq-hovercard-background\" alt=\"\" \/><div class=\"cq-hovercard-textcontainer\"><div class=\"cq-hovercard-title\">6 D\u00edas<\/div><div class=\"cq-hovercard-content\">Serengeti \u2192 Ngorongoro<\/div><i class=\"cq-hovercard-icon fas fa-paw\"><\/i><\/div><\/div>[\/vc_column][vc_column width=\u00bb1\/3&#8243;]<div class=\"cq-hovercard cq-rotateY  cq-hovercard-hideicon\" data-contentcolor=\"#ffffff\" data-iconcolor=\"\" data-bgheight=\"240\" data-captionoffset=\"\" data-videowidth=\"640\" data-linktype=\"\" data-bgtype=\"image\" data-lightboxmargin=\"\"><div class=\"cq-hovercard-textcontainer\"><div class=\"cq-hovercard-title\">10 d\u00edas<\/div><div class=\"cq-hovercard-content\">Tarangire \u2192 Serengeti \u2192 Ngorongoro<\/div><i class=\"cq-hovercard-icon fas fa-paw\"><\/i><\/div><\/div>[\/vc_column][vc_column width=\u00bb1\/3&#8243;]<div class=\"cq-hovercard cq-rotateY  cq-hovercard-hideicon\" data-contentcolor=\"#ffffff\" data-iconcolor=\"\" data-bgheight=\"240\" data-captionoffset=\"\" data-videowidth=\"640\" data-linktype=\"\" data-bgtype=\"image\" data-lightboxmargin=\"\"><img decoding=\"async\" src=\"https:\/\/mufasatoursandtravels.com\/wp-content\/uploads\/2023\/07\/gazelle-scaled.jpg\" class=\"cq-hovercard-background\" alt=\"\" \/><div class=\"cq-hovercard-textcontainer\"><div class=\"cq-hovercard-title\">13 D\u00edas<\/div><div class=\"cq-hovercard-content\">Masai Mara \u2192 Serengeti \u2192 Ngorongoro  <\/div><i class=\"cq-hovercard-icon fas fa-paw\"><\/i><\/div><\/div>[\/vc_column][\/vc_row][vc_row][vc_column][vc_headings style=\u00bbtheme3&#8243; borderclr=\u00bb#890000&#8243; title=\u00bbEXTENSIONES OPCIONALES DE LOS TOURS\u00bb use_theme_fonts=\u00bbyes\u00bb transform=\u00bbcapitalize\u00bb titleclr=\u00bb#890000&#8243;][\/vc_headings][\/vc_column][\/vc_row][vc_row][vc_column width=\u00bb1\/3&#8243; css=\u00bb.vc_custom_1673420114805{border-top-width: 10px !important;border-right-width: 10px !important;border-bottom-width: 10px !important;border-left-width: 10px !important;}\u00bb][wdo_ult_banner ult_banner_image=\u00bb10298&#8243;]\n<p style=\"text-align: center;\"><span style=\"font-size: 15pt;\"><strong>AMPLIACI\u00d3N DE LA PLAYA DE DIANI<\/strong><\/span><\/p>\n[\/wdo_ult_banner][\/vc_column][vc_column width=\u00bb1\/3&#8243; css=\u00bb.vc_custom_1673420131900{border-top-width: 10px !important;border-right-width: 10px !important;border-bottom-width: 10px !important;border-left-width: 10px !important;}\u00bb][wdo_ult_banner ult_banner_image=\u00bb12446&#8243;]\n<p style=\"text-align: center;\"><span style=\"font-size: 15pt;\"><strong>EXTENSI\u00d3N DEL RECORRIDO POR LA CIUDAD DE NAIROBI<\/strong><\/span><\/p>\n[\/wdo_ult_banner][\/vc_column][vc_column width=\u00bb1\/3&#8243; css=\u00bb.vc_custom_1673420149251{border-top-width: 10px !important;border-right-width: 10px !important;border-bottom-width: 10px !important;border-left-width: 10px !important;}\u00bb][wdo_ult_banner ult_banner_image=\u00bb12447&#8243;]\n<p style=\"text-align: center;\"><span style=\"font-size: 15pt;\"><strong>EXTENSI\u00d3N DE LA PLAYA DE ZANZ\u00cdBAR<\/strong><\/span><\/p>\n[\/wdo_ult_banner][\/vc_column][\/vc_row]\n","protected":false},"excerpt":{"rendered":"<p>[vc_row full_width=\u00bbstretch_row_content\u00bb css=\u00bb.vc_custom_1715761009103{margin-top: -50px !important;background: rgba(0,0,0,0.89) url(https:\/\/mufasatoursandtravels.com\/wp-content\/uploads\/2024\/04\/zebra-running.jpg?id=14724) !important;*background-color: rgb(0,0,0) !important;}\u00bb][vc_column css=\u00bb.vc_custom_1687869367906{padding-top: 30px !important;padding-right: 50px !important;padding-bottom: 30px !important;padding-left: 50px !important;background-color: rgba(0,0,0,0.57) !important;*background-color: rgb(0,0,0) !important;}\u00bb][vc_custom_heading text=\u00bbSAFARIS FOTOGR\u00c1FICOS\u00bb font_container=\u00bbtag:h1|font_size:35|text_align:center|color:%23ffffff\u00bb use_theme_fonts=\u00bbyes\u00bb el_class=\u00bbcustom-opacity-text\u00bb css=\u00bb.vc_custom_1715759750390{margin-top: 30px !important;}\u00bb][vc_empty_space height=\u00bb200px\u00bb][\/vc_column][\/vc_row][vc_row][vc_column][vc_empty_space][\/vc_column][\/vc_row][vc_row][vc_column][vc_column_text] Experimente una fusi\u00f3n incomparable de aventura, inmersi\u00f3n en la vida silvestre y fotograf\u00eda, brindando momentos inolvidables y la oportunidad de capturar im\u00e1genes impresionantes [&hellip;]<\/p>\n","protected":false},"author":1,"featured_media":0,"parent":0,"menu_order":10,"comment_status":"closed","ping_status":"closed","template":"","meta":{"_themeisle_gutenberg_block_has_review":false,"footnotes":""},"class_list":["post-31824","page","type-page","status-publish","hentry"],"_links":{"self":[{"href":"https:\/\/mufasatoursandtravels.com\/es\/wp-json\/wp\/v2\/pages\/31824","targetHints":{"allow":["GET"]}}],"collection":[{"href":"https:\/\/mufasatoursandtravels.com\/es\/wp-json\/wp\/v2\/pages"}],"about":[{"href":"https:\/\/mufasatoursandtravels.com\/es\/wp-json\/wp\/v2\/types\/page"}],"author":[{"embeddable":true,"href":"https:\/\/mufasatoursandtravels.com\/es\/wp-json\/wp\/v2\/users\/1"}],"replies":[{"embeddable":true,"href":"https:\/\/mufasatoursandtravels.com\/es\/wp-json\/wp\/v2\/comments?post=31824"}],"version-history":[{"count":1,"href":"https:\/\/mufasatoursandtravels.com\/es\/wp-json\/wp\/v2\/pages\/31824\/revisions"}],"predecessor-version":[{"id":31825,"href":"https:\/\/mufasatoursandtravels.com\/es\/wp-json\/wp\/v2\/pages\/31824\/revisions\/31825"}],"wp:attachment":[{"href":"https:\/\/mufasatoursandtravels.com\/es\/wp-json\/wp\/v2\/media?parent=31824"}],"curies":[{"name":"wp","href":"https:\/\/api.w.org\/{rel}","templated":true}]}}