{"id":31885,"date":"2024-04-12T11:28:42","date_gmt":"2024-04-12T08:28:42","guid":{"rendered":"https:\/\/mufasatoursandtravels.com\/tanzania-safaris\/safaris-de-corta-estancia-en-tanzania\/aventura-en-las-copas-de-los-arboles-de-tarangire\/"},"modified":"2025-04-10T15:41:24","modified_gmt":"2025-04-10T12:41:24","slug":"aventura-en-las-copas-de-los-arboles-de-tarangire","status":"publish","type":"page","link":"https:\/\/mufasatoursandtravels.com\/es\/tanzania-safaris\/safaris-de-corta-estancia-en-tanzania\/aventura-en-las-copas-de-los-arboles-de-tarangire\/","title":{"rendered":"Aventura en las copas de los \u00e1rboles de Tarangire"},"content":{"rendered":"[vc_row full_width=\u00bbstretch_row\u00bb gap=\u00bb1&#8243; css=\u00bb.vc_custom_1678881709947{border: 5px initial !important;}\u00bb][vc_column parallax=\u00bbcontent-moving\u00bb parallax_image=\u00bb14562&#8243; parallax_speed_bg=\u00bb1.7&#8243; css=\u00bb.vc_custom_1712908541298{padding-top: 80px !important;padding-right: 80px !important;padding-bottom: 80px !important;padding-left: 80px !important;}\u00bb el_class=\u00bbdes\u00bb][vc_headings style=\u00bbtheme3&#8243; linewidth=\u00bb150&#8243; borderclr=\u00bb#ffffff\u00bb title=\u00bbTarangire Tree Top Adventure\u00bb use_theme_fonts=\u00bbyes\u00bb titlesize=\u00bb32&#8243; titleclr=\u00bb#ffffff\u00bb classname=\u00bbline-heading\u00bb][\/vc_headings][vc_empty_space][vc_custom_heading text=\u00bbParque Nacional de Tarangire\u00bb font_container=\u00bbtag:h2|text_align:center|color:%23ffffff\u00bb use_theme_fonts=\u00bbyes\u00bb][\/vc_column][\/vc_row][vc_row][vc_column css=\u00bb.vc_custom_1673873878049{border-top-width: 10px !important;border-right-width: 10px !important;border-bottom-width: 10px !important;border-left-width: 10px !important;}\u00bb][vc_tta_tabs shape=\u00bbsquare\u00bb color=\u00bbjuicy-pink\u00bb alignment=\u00bbcenter\u00bb active_section=\u00bb1&#8243; no_fill_content_area=\u00bbtrue\u00bb][vc_tta_section title=\u00bbPrograma\u00bb tab_id=\u00bb1633454673222-3d94f956-010c\u00bb][info_list_father listclr=\u00bb#f8f8f8&#8243;][info_list_son style=\u00bbicon\u00bb size=\u00bb15&#8243; width=\u00bb20&#8243; height=\u00bb20&#8243; titleclr=\u00bb#890000&#8243; icon=\u00bbfas fa-calendar-check\u00bb iconclr=\u00bb#890000&#8243; iconbg=\u00bb#f8f8f8&#8243; borderclr=\u00bb#f8f8f8&#8243; title=\u00bbD\u00eda 1 : De Arusha al Parque Nacional de Tarangire y regreso\u00bb]\n<ul>\n<li>Recogida en Arusha a las 6:30 a.m. y dir\u00edjase al Parque Nacional Tarangire, a 2 horas en coche.<\/li>\n<li>Disfrute de safaris durante 5 -6 horas. con una pausa para almorzar en un d\u00eda de campo. M\u00e1s tarde regreso a Arusha.  <\/li>\n<li>Entrega en el hotel o aeropuerto.<\/li>\n<\/ul>\n[\/info_list_son][\/info_list_father][\/vc_tta_section][vc_tta_section title=\u00bbInclusivo\/Exclusivo\u00bb tab_id=\u00bb1633455601016-f93699bc-5d92&#8243;][vc_row_inner][vc_column_inner width=\u00bb1\/2&#8243;][info_list_father listclr=\u00bb#f8f8f8&#8243;][info_list_son style=\u00bbicon\u00bb size=\u00bb15&#8243; width=\u00bb20&#8243; height=\u00bb20&#8243; titleclr=\u00bb#890000&#8243; iconclr=\u00bb#890000&#8243; iconbg=\u00bb#f8f8f8&#8243; borderclr=\u00bb#f8f8f8&#8243; icon=\u00bbfas fa-user-plus\u00bb caption_url=\u00bb\u00bb title=\u00bbINCLUIDO\u00bb]\n<ul>\n<li>Tarifas del parque para el parque declaradas.<\/li>\n<li>Transporte en furgoneta de techo abierto.<\/li>\n<li>Servicio de un gu\u00eda conductor profesional.<\/li>\n<li>Comidas en pensi\u00f3n completa en el albergue \/ campamento.<\/li>\n<li>1 noche de alojamiento en el respectivo hotel indicado.<\/li>\n<li>Agua ilimitada en el veh\u00edculo.<\/li>\n<\/ul>\n<p>&nbsp;<\/p>\n<p>&nbsp;[\/info_list_son][\/info_list_father][\/vc_column_inner][vc_column_inner width=\u00bb1\/2&#8243;][info_list_father listclr=\u00bb#f8f8f8&#8243;][info_list_son style=\u00bbicon\u00bb size=\u00bb15&#8243; width=\u00bb20&#8243; height=\u00bb20&#8243; titleclr=\u00bb#890000&#8243; iconclr=\u00bb#890000&#8243; iconbg=\u00bb#f8f8f8&#8243; borderclr=\u00bb#f8f8f8&#8243; icon=\u00bbfas fa-user-minus\u00bb caption_url=\u00bb\u00bb title=\u00bbEXCLUIDOS\u00bb]\n<ul>\n<li>Tarifas del parque para el parque declaradas.<\/li>\n<li>Transporte en furgoneta de techo abierto.<\/li>\n<li>Servicio de un gu\u00eda conductor profesional.<\/li>\n<li>Comidas en pensi\u00f3n completa en el albergue \/ campamento.<\/li>\n<li>1 noche de alojamiento en el respectivo hotel indicado.<\/li>\n<li>Agua ilimitada en el veh\u00edculo.<\/li>\n<\/ul>\n<p>&nbsp;[\/info_list_son][\/info_list_father][\/vc_column_inner][\/vc_row_inner][\/vc_tta_section][vc_tta_section title=\u00bbLista de verificaci\u00f3n de viaje\u00bb tab_id=\u00bb1712905223236-f9340348-d2f2&#8243;][vc_row_inner][vc_column_inner width=\u00bb1\/2&#8243;][vc_headings style=\u00bbtheme3&#8243; linewidth=\u00bb120&#8243; borderclr=\u00bb#890000&#8243; title=\u00bbBefore Traveling\u00bb align=\u00bbleft\u00bb google_fonts=\u00bbfont_family:Open%20Sans%3A300%2C300italic%2Cregular%2Citalic%2C600%2C600italic%2C700%2C700italic%2C800%2C800italic|font_style:400%20regular%3A400%3Anormal\u00bb titlesize=\u00bb18&#8243; titleclr=\u00bb#890000&#8243;][\/vc_headings][vc_column_text]Antes de emprender tu viaje, aseg\u00farate de leer nuestros completos consejos de viaje para una experiencia perfecta.[\/vc_column_text][vc_empty_space height=\u00bb45px\u00bb][vc_btn title=\u00bbAprende m\u00e1s\u00bb style=\u00bboutline-custom\u00bb outline_custom_color=\u00bb#890000&#8243; outline_custom_hover_background=\u00bb#890000&#8243; outline_custom_hover_text=\u00bb#ffffff\u00bb size=\u00bbsm\u00bb i_align=\u00bbright\u00bb i_icon_fontawesome=\u00bbfas fa-angle-right\u00bb add_icon=\u00bbtrue\u00bb link=\u00bburl:https%3A%2F%2Fmufasatoursandtravels.com%2Fpreparing-to-travel%2F|title:Prepar%C3%A1ndose%20para%20viajar|\u00bb][vc_empty_space][\/vc_column_inner][vc_column_inner width=\u00bb1\/2&#8243;][vc_headings style=\u00bbtheme3&#8243; linewidth=\u00bb120&#8243; borderclr=\u00bb#890000&#8243; title=\u00bbOn Booking\u00bb align=\u00bbleft\u00bb google_fonts=\u00bbfont_family:Open%20Sans%3A300%2C300italic%2Cregular%2Citalic%2C600%2C600italic%2C700%2C700italic%2C800%2C800italic|font_style:400%20regular%3A400%3Anormal\u00bb titlesize=\u00bb18&#8243; titleclr=\u00bb#890000&#8243;][\/vc_headings][vc_column_text]Mejore su planificaci\u00f3n de viaje descargando informaci\u00f3n valiosa sobre el destino, como los requisitos de pasaporte y visado, las vacunas recomendadas, las restricciones de equipaje, la lista de equipaje y las directrices sobre las propinas.[\/vc_column_text][vc_btn title=\u00bbAprende m\u00e1s\u00bb style=\u00bboutline-custom\u00bb outline_custom_color=\u00bb#890000&#8243; outline_custom_hover_background=\u00bb#890000&#8243; outline_custom_hover_text=\u00bb#ffffff\u00bb size=\u00bbsm\u00bb i_align=\u00bbright\u00bb i_icon_fontawesome=\u00bbfas fa-angle-right\u00bb add_icon=\u00bbtrue\u00bb link=\u00bburl:https%3A%2F%2Fmufasatoursandtravels.com%2Fwhat-to-know-before-arrival-in-east-africa%2F|title:LO%20QUE%20HAY%20QUE%20SABER%20ANTES%20DE%20LLEGAR%20A%20%C3%81FRICA%20ORIENTAL|\u00bb][\/vc_column_inner][\/vc_row_inner][vc_row_inner][vc_column_inner width=\u00bb1\/2&#8243;][vc_headings style=\u00bbtheme3&#8243; linewidth=\u00bb120&#8243; borderclr=\u00bb#890000&#8243; title=\u00bbDuring Tour\u00bb align=\u00bbleft\u00bb google_fonts=\u00bbfont_family:Open%20Sans%3A300%2C300italic%2Cregular%2Citalic%2C600%2C600italic%2C700%2C700italic%2C800%2C800italic|font_style:400%20regular%3A400%3Anormal\u00bb titlesize=\u00bb18&#8243; titleclr=\u00bb#890000&#8243;][\/vc_headings][vc_column_text]Maximice el \u00e9xito de su viaje descargando informaci\u00f3n esencial sobre su(s) destino(s), incluidos los requisitos de pasaporte y visa, las pautas de vacunaci\u00f3n, las restricciones de equipaje, la lista de empaque y los consejos de propinas.[\/vc_column_text][vc_btn title=\u00bbAprende m\u00e1s\u00bb style=\u00bboutline-custom\u00bb outline_custom_color=\u00bb#890000&#8243; outline_custom_hover_background=\u00bb#890000&#8243; outline_custom_hover_text=\u00bb#ffffff\u00bb size=\u00bbsm\u00bb i_align=\u00bbright\u00bb i_icon_fontawesome=\u00bbfas fa-angle-right\u00bb add_icon=\u00bbtrue\u00bb link=\u00bburl:https%3A%2F%2Fmufasatoursandtravels.com%2Fpassports-and-visas%2F|title:Pasaportes%20y%20Visados|\u00bb][\/vc_column_inner][vc_column_inner width=\u00bb1\/2&#8243;][vc_headings style=\u00bbtheme3&#8243; linewidth=\u00bb120&#8243; borderclr=\u00bb#890000&#8243; title=\u00bbAfter Tour\u00bb align=\u00bbleft\u00bb google_fonts=\u00bbfont_family:Open%20Sans%3A300%2C300italic%2Cregular%2Citalic%2C600%2C600italic%2C700%2C700italic%2C800%2C800italic|font_style:400%20regular%3A400%3Anormal\u00bb titlesize=\u00bb18&#8243; titleclr=\u00bb#890000&#8243;][\/vc_headings][vc_column_text]Mientras disfruta del resplandor de su aventura, estamos aqu\u00ed para ayudarlo con consejos esenciales despu\u00e9s del viaje, asegur\u00e1ndonos de que su regreso a casa sea tan fluido y c\u00f3modo como su viaje en s\u00ed.[\/vc_column_text][\/vc_column_inner][\/vc_row_inner][\/vc_tta_section][\/vc_tta_tabs][wdo_ult_icon_seperator wdo_seperator_icon=\u00bbfas fa-paw\u00bb wdo_seperator_color=\u00bb#890000&#8243; wdo_seperator_opacity=\u00bb.5&#8243;][vc_btn title=\u00bbObtener una cotizaci\u00f3n\u00bb style=\u00bboutline-custom\u00bb outline_custom_color=\u00bb#890000&#8243; outline_custom_hover_background=\u00bb#890000&#8243; outline_custom_hover_text=\u00bb#ffffff\u00bb size=\u00bbsm\u00bb align=\u00bbcenter\u00bb i_align=\u00bbright\u00bb i_icon_fontawesome=\u00bbfas fa-paw\u00bb add_icon=\u00bbtrue\u00bb link=\u00bburl:https%3A%2F%2Fmufasatoursandtravels.com%2Fes%2Fsolicite-un-presupuesto%2F|title:Solicite%20un%20presupuesto|\u00bb][\/vc_column][\/vc_row]\n","protected":false},"excerpt":{"rendered":"<p>[vc_row full_width=\u00bbstretch_row\u00bb gap=\u00bb1&#8243; css=\u00bb.vc_custom_1678881709947{border: 5px initial !important;}\u00bb][vc_column parallax=\u00bbcontent-moving\u00bb parallax_image=\u00bb14562&#8243; parallax_speed_bg=\u00bb1.7&#8243; css=\u00bb.vc_custom_1712908541298{padding-top: 80px !important;padding-right: 80px !important;padding-bottom: 80px !important;padding-left: 80px !important;}\u00bb el_class=\u00bbdes\u00bb][vc_headings style=\u00bbtheme3&#8243; linewidth=\u00bb150&#8243; borderclr=\u00bb#ffffff\u00bb title=\u00bbTarangire Tree Top Adventure\u00bb use_theme_fonts=\u00bbyes\u00bb titlesize=\u00bb32&#8243; titleclr=\u00bb#ffffff\u00bb classname=\u00bbline-heading\u00bb][\/vc_headings][vc_empty_space][vc_custom_heading text=\u00bbParque Nacional de Tarangire\u00bb font_container=\u00bbtag:h2|text_align:center|color:%23ffffff\u00bb use_theme_fonts=\u00bbyes\u00bb][\/vc_column][\/vc_row][vc_row][vc_column css=\u00bb.vc_custom_1673873878049{border-top-width: 10px !important;border-right-width: 10px !important;border-bottom-width: 10px !important;border-left-width: 10px !important;}\u00bb][vc_tta_tabs shape=\u00bbsquare\u00bb color=\u00bbjuicy-pink\u00bb alignment=\u00bbcenter\u00bb active_section=\u00bb1&#8243; no_fill_content_area=\u00bbtrue\u00bb][vc_tta_section title=\u00bbPrograma\u00bb tab_id=\u00bb1633454673222-3d94f956-010c\u00bb][info_list_father listclr=\u00bb#f8f8f8&#8243;][info_list_son style=\u00bbicon\u00bb [&hellip;]<\/p>\n","protected":false},"author":2,"featured_media":0,"parent":28018,"menu_order":0,"comment_status":"closed","ping_status":"closed","template":"","meta":{"_themeisle_gutenberg_block_has_review":false,"footnotes":""},"class_list":["post-31885","page","type-page","status-publish","hentry"],"_links":{"self":[{"href":"https:\/\/mufasatoursandtravels.com\/es\/wp-json\/wp\/v2\/pages\/31885","targetHints":{"allow":["GET"]}}],"collection":[{"href":"https:\/\/mufasatoursandtravels.com\/es\/wp-json\/wp\/v2\/pages"}],"about":[{"href":"https:\/\/mufasatoursandtravels.com\/es\/wp-json\/wp\/v2\/types\/page"}],"author":[{"embeddable":true,"href":"https:\/\/mufasatoursandtravels.com\/es\/wp-json\/wp\/v2\/users\/2"}],"replies":[{"embeddable":true,"href":"https:\/\/mufasatoursandtravels.com\/es\/wp-json\/wp\/v2\/comments?post=31885"}],"version-history":[{"count":1,"href":"https:\/\/mufasatoursandtravels.com\/es\/wp-json\/wp\/v2\/pages\/31885\/revisions"}],"predecessor-version":[{"id":31886,"href":"https:\/\/mufasatoursandtravels.com\/es\/wp-json\/wp\/v2\/pages\/31885\/revisions\/31886"}],"up":[{"embeddable":true,"href":"https:\/\/mufasatoursandtravels.com\/es\/wp-json\/wp\/v2\/pages\/28018"}],"wp:attachment":[{"href":"https:\/\/mufasatoursandtravels.com\/es\/wp-json\/wp\/v2\/media?parent=31885"}],"curies":[{"name":"wp","href":"https:\/\/api.w.org\/{rel}","templated":true}]}}