{"id":31967,"date":"2023-07-15T19:37:48","date_gmt":"2023-07-15T16:37:48","guid":{"rendered":"https:\/\/mufasatoursandtravels.com\/pasaportes-y-visados\/"},"modified":"2026-03-06T18:19:21","modified_gmt":"2026-03-06T15:19:21","slug":"pasaportes-y-visados","status":"publish","type":"page","link":"https:\/\/mufasatoursandtravels.com\/es\/pasaportes-y-visados\/","title":{"rendered":"Pasaportes y visados"},"content":{"rendered":"[vc_row][vc_column][vc_headings style=\u00bbtheme3&#8243; linewidth=\u00bb200&#8243; borderclr=\u00bb#890000&#8243; title=\u00bbPassports and Visas\u00bb use_theme_fonts=\u00bbyes\u00bb titleclr=\u00bb#890000&#8243;][\/vc_headings][vc_empty_space][vc_column_text]Se requiere un pasaporte v\u00e1lido para los ciudadanos estadounidenses y canadienses que viajen a todos los destinos internacionales. Los pasaportes deben ser v\u00e1lidos durante seis meses despu\u00e9s del regreso de su viaje y tambi\u00e9n deben tener suficientes p\u00e1ginas de visa en blanco para sellos de entrada y salida. Los hu\u00e9spedes deber\u00e1n presentar los documentos de viaje v\u00e1lidos correspondientes. Si no tiene la documentaci\u00f3n adecuada, se le puede denegar el embarque o la entrada sin reembolso.   <\/p>\n<p>Muchos destinos tambi\u00e9n requieren una visa para los titulares de pasaportes estadounidenses y canadienses. A continuaci\u00f3n se indica qu\u00e9 pa\u00edses requieren obtener una visa antes de la salida, o d\u00f3nde A&amp;K recomienda obtener una visa a la llegada. Si un pa\u00eds no est\u00e1 en la lista, no se requiere una visa para los titulares de pasaportes estadounidenses y canadienses. Esta informaci\u00f3n tambi\u00e9n se indica en su documentaci\u00f3n previa al viaje.   <\/p>\n<p>Los ciudadanos de otros pa\u00edses deben ponerse en contacto con la oficina consular correspondiente para conocer los requisitos de entrada relacionados con su viaje.<\/p>\n<p>&nbsp;<\/p>\n<p><strong>Destinos que requieren visado antes de la salida<\/strong><\/p>\n<p>Los titulares de pasaportes estadounidenses y canadienses deben obtener una <strong>visa antes de partir <\/strong>para los pa\u00edses que se enumeran a continuaci\u00f3n. Haga clic en los enlaces de destino para obtener informaci\u00f3n detallada sobre c\u00f3mo obtener una visa. <\/p>\n<table>\n<tbody>\n<tr>\n<td><u>Etiop\u00eda<\/u>*<\/td>\n<td><u>Kenia<\/u><\/td>\n<\/tr>\n<tr>\n<td><u>Tanzan\u00eda<\/u>*<\/td>\n<td><u>Uganda<\/u><\/td>\n<\/tr>\n<\/tbody>\n<\/table>\n<p>* Hay una visa disponible a la llegada a estos pa\u00edses; sin embargo, recomendamos obtener una eVisa con anticipaci\u00f3n dado que las largas filas son comunes.<\/p>\n<p><strong>Destinos en los que recomendamos un visado a la llegada<\/strong><\/p>\n<p>Los titulares de pasaportes estadounidenses y canadienses pueden obtener una <strong>visa a su llegada<\/strong> para los pa\u00edses que se enumeran a continuaci\u00f3n. Haga clic en los enlaces de destino para obtener informaci\u00f3n detallada sobre c\u00f3mo obtener un visado a la llegada. <\/p>\n<table>\n<tbody>\n<tr>\n<td>\n<\/td>\n<\/tr>\n<tr>\n Ruanda<\/p>\n<td>Seychelles<\/td>\n<\/tr>\n<\/tbody>\n<\/table>\n<h1>INFORMACI\u00d3N SOBRE PASAPORTES Y VISADOS DE KENIA<\/h1>\n<p>Su pasaporte debe ser v\u00e1lido durante <strong>al menos seis (6) meses<\/strong> despu\u00e9s de que finalice su viaje, y debe tener un m\u00ednimo de dos (2) p\u00e1ginas de visa en blanco para sellos de entrada y salida.<\/p>\n<p><strong>Se requiere una visa de turista electr\u00f3nica (eVisa) para los titulares de pasaportes estadounidenses y canadienses para ingresar a Kenia.<\/strong> Para solicitar una eVisa, visita <a href=\"http:\/\/evisa.go.ke\/evisa.html\" rel=\"nofollow noopener\" target=\"_blank\">evisa.go.ke\/evisa.html<\/a><a href=\"http:\/\/evisa.go.ke\/evisa.html\" rel=\"nofollow noopener\" target=\"_blank\">.<\/a> La tarifa actual para una visa de entrada \u00fanica* es de USD $51 (sujeto a cambios sin previo aviso). Una visa de turista solo es v\u00e1lida por 90 d\u00edas a partir de la fecha de emisi\u00f3n, as\u00ed que no solicite su visa de Kenia m\u00e1s de 90 d\u00edas antes de la salida. <\/p>\n<p><em>Kenia est\u00e1 eximiendo actualmente los requisitos de visado para ni\u00f1os de 15 a\u00f1os o menos. Los ni\u00f1os de este grupo de edad solo necesitan presentar un pasaporte v\u00e1lido al llegar.  <\/em><\/p>\n<p>Cuando solicites tu eVisa, aseg\u00farate de tener los datos de tu pasaporte, una copia de tu foto de pasaporte y tu itinerario para tu viaje a Kenia, ya que tendr\u00e1s que subir estos documentos para completar el proceso de solicitud.<\/p>\n<p>Tenga en cuenta lo siguiente:<\/p>\n<ul>\n<li>Deber\u00e1 indicar el tipo de visa que necesita. Un visado electr\u00f3nico de entrada \u00fanica para Kenia te permite entrar, salir y volver a entrar en el pa\u00eds despu\u00e9s de visitar Tanzania, Uganda o Ruanda, sin tener que comprar un visado de entrada m\u00faltiple. <\/li>\n<\/ul>\n<p>Complete la secci\u00f3n \u00abInformaci\u00f3n de viaje\u00bb de la solicitud como se indica a continuaci\u00f3n:<\/p>\n<ol>\n<li>Motivo del viaje: Seleccione \u00abTurismo\u00bb<\/li>\n<li>Fecha de entrada: Ingrese su fecha de entrada para Kenia<\/li>\n<li>Fecha de salida: Introduzca su fecha de salida de Kenia<\/li>\n<li>Detalles del anfitri\u00f3n: Seleccione \u00abEmpresa\u00bb<\/li>\n<li>Nombres completos y direcci\u00f3n f\u00edsica del anfitri\u00f3n: Mufasa Tours &amp; Travels, Norfolk Towers, Kijabe Street, Nairobi, Kenia.<\/li>\n<li>N\u00famero de tel\u00e9fono del anfitri\u00f3n: +254757836023<\/li>\n<li>Correo electr\u00f3nico del anfitri\u00f3n: <u>info@mufasatoursandtravels.com<\/u><\/li>\n<li>Elija c\u00f3mo llegar\u00e1 a Kenia: Avi\u00f3n, Barco, Carretera <\/li>\n<li>Seleccione \u00abPunto de entrada\u00bb en el men\u00fa desplegable<\/li>\n<\/ol>\n<p>&nbsp;<\/p>\n<p>Si tienes problemas t\u00e9cnicos con el sitio web de eVisa, vuelve a intentarlo unas horas m\u00e1s tarde o al d\u00eda siguiente.<\/p>\n<p>Los ciudadanos de otros pa\u00edses deben ponerse en contacto con la oficina consular correspondiente para conocer los requisitos de entrada relacionados con su viaje.<\/p>\n<h1>INFORMACI\u00d3N SOBRE PASAPORTES Y VISADOS DE TANZANIA<\/h1>\n<p>Su pasaporte debe ser v\u00e1lido durante <strong>al menos seis (6) meses<\/strong> despu\u00e9s de que finalice su viaje, y debe tener un m\u00ednimo de dos (2) p\u00e1ginas de visa en blanco para sellos de entrada y salida.<\/p>\n<p><strong>Se requiere una visa de turista para los titulares de pasaportes estadounidenses y canadienses para ingresar a Tanzania.<\/strong>  Actualmente hay dos opciones disponibles, como se detalla a continuaci\u00f3n. A&amp;K recomienda un visado electr\u00f3nico (eVisa).<\/p>\n<p><strong>Visado Electr\u00f3nico (eVisa):<\/strong> Para solicitar una visa electr\u00f3nica, visite <a href=\"https:\/\/visa.immigration.go.tz\/\" rel=\"nofollow noopener\" target=\"_blank\">https:\/\/visa.immigration.go.tz\/<\/a><a href=\"https:\/\/visa.immigration.go.tz\/\" rel=\"nofollow noopener\" target=\"_blank\">.<\/a> Los ciudadanos estadounidenses que visitan Tanzania por turismo deben solicitar una visa de entrada m\u00faltiple, que es v\u00e1lida por un a\u00f1o. El costo es de USD $100 (sujeto a cambios sin previo aviso). Los ciudadanos de Canad\u00e1 pueden obtener una visa electr\u00f3nica de entrada \u00fanica (visa ordinaria), v\u00e1lida por tres meses. El costo es de $USD 50 (sujeto a cambios). Le recomendamos que presente su solicitud al menos 60 d\u00edas antes de la fecha de llegada. El tiempo promedio para recibir una eVisa es de aproximadamente 10 d\u00edas.     <\/p>\n<p>&nbsp;<\/p>\n<p>Cuando solicites tu eVisa, aseg\u00farate de tener los datos de tu pasaporte, una copia de tu foto de pasaporte y el billete de regreso, ya que tendr\u00e1s que subir estos documentos para completar el proceso de solicitud. Lea y siga todas las instrucciones cuidadosamente para garantizar una llegada sin problemas a Tanzania. <\/p>\n<ul>\n<li>Complete la secci\u00f3n \u00abInformaci\u00f3n de viaje\u00bb de la solicitud como se indica a continuaci\u00f3n:<\/li>\n<\/ul>\n<ol>\n<li>Tipo de Visa: Entrada m\u00faltiple (ciudadanos estadounidenses); Entrada \u00fanica\/Ordinario (ciudadanos canadienses)<\/li>\n<li>Motivo de la visita: \u00abOcio y vacaciones\u00bb<\/li>\n<li>Tipo de puerto: elija \u00abAeropuertos\u00bb o \u00abCarreteras\u00bb<\/li>\n<li>Puerto de entrada y puerto de salida: Estos puertos espec\u00edficos pueden dejarse en blanco<\/li>\n<li>Fecha de llegada: Ingrese su fecha de entrada a Tanzania<\/li>\n<li>Fecha de salida: Ingrese su fecha de salida de Tanzania<\/li>\n<li>Detalles del anfitri\u00f3n: Seleccione \u00abEmpresa\/Organizaci\u00f3n\u00bb<\/li>\n<li>Nombres completos y direcci\u00f3n f\u00edsica del anfitri\u00f3n: Gilgal Business Center, Sakina, Arusha<\/li>\n<li>N\u00famero de tel\u00e9fono del anfitri\u00f3n: +254757836023<\/li>\n<li>Correo electr\u00f3nico del anfitri\u00f3n: <u>info@<\/u> <u>com<\/u><\/li>\n<li>\u00bfD\u00f3nde te vas a alojar? Elija hotel en el men\u00fa desplegable y luego ingrese la informaci\u00f3n de contacto del primer hotel en su itinerario. <\/li>\n<\/ol>\n<p>Si tienes problemas t\u00e9cnicos con el sitio web de eVisa, vuelve a intentarlo unas horas m\u00e1s tarde o al d\u00eda siguiente.<\/p>\n<p><em>Tambi\u00e9n se puede obtener una visa a la llegada a Tanzania, sin embargo, el proceso de visa a la llegada requiere que los solicitantes se paren en varias filas diferentes con tiempos de espera de dos horas o m\u00e1s.  <\/em><\/p>\n<p>Los ciudadanos de otros pa\u00edses deben ponerse en contacto con la oficina consular correspondiente para conocer los requisitos de entrada relacionados con su viaje.[\/vc_column_text][\/vc_column][\/vc_row]\n","protected":false},"excerpt":{"rendered":"<p>[vc_row][vc_column][vc_headings style=\u00bbtheme3&#8243; linewidth=\u00bb200&#8243; borderclr=\u00bb#890000&#8243; title=\u00bbPassports and Visas\u00bb use_theme_fonts=\u00bbyes\u00bb titleclr=\u00bb#890000&#8243;][\/vc_headings][vc_empty_space][vc_column_text]Se requiere un pasaporte v\u00e1lido para los ciudadanos estadounidenses y canadienses que viajen a todos los destinos internacionales. Los pasaportes deben ser v\u00e1lidos durante seis meses despu\u00e9s del regreso de su viaje y tambi\u00e9n deben tener suficientes p\u00e1ginas de visa en blanco para sellos de entrada y [&hellip;]<\/p>\n","protected":false},"author":7,"featured_media":0,"parent":0,"menu_order":9,"comment_status":"closed","ping_status":"closed","template":"","meta":{"_themeisle_gutenberg_block_has_review":false,"footnotes":""},"class_list":["post-31967","page","type-page","status-publish","hentry"],"_links":{"self":[{"href":"https:\/\/mufasatoursandtravels.com\/es\/wp-json\/wp\/v2\/pages\/31967","targetHints":{"allow":["GET"]}}],"collection":[{"href":"https:\/\/mufasatoursandtravels.com\/es\/wp-json\/wp\/v2\/pages"}],"about":[{"href":"https:\/\/mufasatoursandtravels.com\/es\/wp-json\/wp\/v2\/types\/page"}],"author":[{"embeddable":true,"href":"https:\/\/mufasatoursandtravels.com\/es\/wp-json\/wp\/v2\/users\/7"}],"replies":[{"embeddable":true,"href":"https:\/\/mufasatoursandtravels.com\/es\/wp-json\/wp\/v2\/comments?post=31967"}],"version-history":[{"count":8,"href":"https:\/\/mufasatoursandtravels.com\/es\/wp-json\/wp\/v2\/pages\/31967\/revisions"}],"predecessor-version":[{"id":46480,"href":"https:\/\/mufasatoursandtravels.com\/es\/wp-json\/wp\/v2\/pages\/31967\/revisions\/46480"}],"wp:attachment":[{"href":"https:\/\/mufasatoursandtravels.com\/es\/wp-json\/wp\/v2\/media?parent=31967"}],"curies":[{"name":"wp","href":"https:\/\/api.w.org\/{rel}","templated":true}]}}