{"id":32150,"date":"2023-11-03T20:06:42","date_gmt":"2023-11-03T17:06:42","guid":{"rendered":"https:\/\/mufasatoursandtravels.com\/tanzania-safaris\/safaris-de-media-estancia-en-tanzania\/odisea-del-serengeti-ngorongoro\/"},"modified":"2026-03-06T17:58:29","modified_gmt":"2026-03-06T14:58:29","slug":"odisea-del-serengeti-ngorongoro","status":"publish","type":"page","link":"https:\/\/mufasatoursandtravels.com\/es\/tanzania-safaris\/safaris-de-media-estancia-en-tanzania\/odisea-del-serengeti-ngorongoro\/","title":{"rendered":"Odisea del Serengeti-Ngorongoro"},"content":{"rendered":"[vc_row full_width=\u00bbstretch_row\u00bb gap=\u00bb1&#8243; css=\u00bb.vc_custom_1678881709947{border: 5px initial !important;}\u00bb][vc_column parallax=\u00bbcontent-moving\u00bb parallax_image=\u00bb14724&#8243; parallax_speed_bg=\u00bb1.7&#8243; css=\u00bb.vc_custom_1713163331416{padding-top: 80px !important;padding-right: 80px !important;padding-bottom: 80px !important;padding-left: 80px !important;}\u00bb][vc_headings style=\u00bbtheme2&#8243; linewidth=\u00bb150&#8243; borderclr=\u00bb#ffffff\u00bb title=\u00bbSerengeti &#8211; Ngorongoro Odessey\u00bb use_theme_fonts=\u00bbyes\u00bb titlesize=\u00bb32&#8243; titleclr=\u00bb#ffffff\u00bb classname=\u00bbline-heading\u00bb]&nbsp;<\/p>\n<p style=\"text-align: center;\"><strong><span style=\"color: #fff; font-size: 18px;\">4 D\u00edas<\/span><\/strong><\/p>\n[\/vc_headings][\/vc_column][\/vc_row][vc_row][vc_column css=\u00bb.vc_custom_1673873878049{border-top-width: 10px !important;border-right-width: 10px !important;border-bottom-width: 10px !important;border-left-width: 10px !important;}\u00bb][vc_tta_tabs color=\u00bbjuicy-pink\u00bb gap=\u00bb1&#8243; alignment=\u00bbcenter\u00bb active_section=\u00bb1&#8243;][vc_tta_section title=\u00bbPrograma\u00bb tab_id=\u00bb1633454673222-3d94f956-010c\u00bb][info_list_father listclr=\u00bb#f4f4f4&#8243; css=\u00bb.vc_custom_1699450234338{padding-top: 10px !important;}\u00bb][info_list_son style=\u00bbicon\u00bb size=\u00bb15&#8243; width=\u00bb20&#8243; height=\u00bb20&#8243; titleclr=\u00bb#890000&#8243; icon=\u00bbfas fa-calendar-check\u00bb iconclr=\u00bb#890000&#8243; iconbg=\u00bb#f4f4f4&#8243; borderclr=\u00bb#f4f4f4&#8243; title=\u00bbD\u00cdA 1: De Arusha al Serengeti\u00bb]Salida hacia el Parque Nacional Serengeti llegando a su respectivo albergue para almorzar y registrarse. Disfrute de los safaris por la tarde y luego regrese al hotel \/ albergue para cenar y pasar la noche. [\/info_list_son][info_list_son style=\u00bbicon\u00bb size=\u00bb15&#8243; width=\u00bb20&#8243; height=\u00bb20&#8243; titleclr=\u00bb#890000&#8243; icon=\u00bbfas fa-calendar-check\u00bb iconclr=\u00bb#890000&#8243; iconbg=\u00bb#f4f4f4&#8243; borderclr=\u00bb#f4f4f4&#8243; title=\u00bbD\u00cdA 2: Game Drives del Serengeti\u00bb]Emb\u00e1rcate en una emocionante aventura con safaris de d\u00eda completo, acompa\u00f1ados de un delicioso almuerzo tipo picnic para llevar. Sum\u00e9rgete en las vistas y los sonidos de la naturaleza mientras exploras los paisajes ind\u00f3mitos. Luego, a medida que el d\u00eda llega a su fin, regrese a la comodidad de su albergue \/ hotel para disfrutar de una suntuosa cena y una noche de descanso.  [\/info_list_son][info_list_son style=\u00bbicon\u00bb size=\u00bb15&#8243; width=\u00bb20&#8243; height=\u00bb20&#8243; titleclr=\u00bb#890000&#8243; icon=\u00bbfas fa-calendar-check\u00bb iconclr=\u00bb#890000&#8243; iconbg=\u00bb#f4f4f4&#8243; borderclr=\u00bb#f4f4f4&#8243; title=\u00bbD\u00cdA 3: Del Serengeti al Ngorongoro\u00bb]Emb\u00e1rcate en un viaje \u00e9pico a Ngorongoro, donde te espera la aventura. Despu\u00e9s del check-in y un delicioso almuerzo, descienda 600 metros al ic\u00f3nico cr\u00e1ter del Ngorongoro. Del\u00e9itate con los emocionantes safaris y marav\u00edllate con las impresionantes vistas de los manantiales de Ngoitoktok. Al caer la noche, regrese a su albergue para disfrutar de una deliciosa cena y una noche de descanso, culminando un d\u00eda lleno de emoci\u00f3n y asombro.   [\/info_list_son][info_list_son style=\u00bbicon\u00bb size=\u00bb15&#8243; width=\u00bb20&#8243; height=\u00bb20&#8243; titleclr=\u00bb#890000&#8243; icon=\u00bbfas fa-calendar-check\u00bb iconclr=\u00bb#890000&#8243; iconbg=\u00bb#f4f4f4&#8243; borderclr=\u00bb#f4f4f4&#8243; title=\u00bbD\u00cdA 4: De Ngorongoro a Arusha\u00bb]Desayuno temprano y check out. Disfrute de safaris en ruta mientras regresa a Arusha. [\/info_list_son][\/info_list_father][\/vc_tta_section][vc_tta_section title=\u00bbInclusivo\/Exclusivo\u00bb tab_id=\u00bb1633455601016-f93699bc-5d92&#8243;][vc_row_inner][vc_column_inner width=\u00bb1\/2&#8243;][info_list_father listclr=\u00bb#f4f4f4&#8243; css=\u00bb.vc_custom_1699449732334{padding-top: 10px !important;}\u00bb][info_list_son style=\u00bbicon\u00bb size=\u00bb15&#8243; width=\u00bb20&#8243; height=\u00bb20&#8243; titleclr=\u00bb#890000&#8243; icon=\u00bbfas fa-paw\u00bb iconclr=\u00bb#890000&#8243; iconbg=\u00bb#f4f4f4&#8243; borderclr=\u00bb#f4f4f4&#8243; title=\u00bbINCLUSIVO\u00bb caption_url=\u00bb\u00bb]\n<ul>\n<li>Se indican las tarifas del parque al parque.<\/li>\n<li>Transporte privado en un Land Cruiser de techo abierto.<\/li>\n<li>Servicio de un conductor profesional gu\u00eda.<\/li>\n<li>Las comidas est\u00e1n a cargo completo en el lodge\/campamento.<\/li>\n<li>3 noches de alojamiento en el respectivo hotel, lodge o campamento.<\/li>\n<li>Agua ilimitada en el veh\u00edculo.<\/li>\n<li>Traslados.<\/li>\n<li>Alojamiento y desayuno en Nairobi.<\/li>\n<\/ul>\n<p>&nbsp;<\/p>\n<p>&nbsp;[\/info_list_son][\/info_list_father][\/vc_column_inner][vc_column_inner width=\u00bb1\/2&#8243;][info_list_father listclr=\u00bb#f4f4f4&#8243; css=\u00bb.vc_custom_1699449815694{padding-top: 10px !important;}\u00bb][info_list_son style=\u00bbicon\u00bb size=\u00bb15&#8243; width=\u00bb20&#8243; height=\u00bb20&#8243; titleclr=\u00bb#890000&#8243; icon=\u00bbfas fa-paw\u00bb iconclr=\u00bb#890000&#8243; iconbg=\u00bb#f4f4f4&#8243; borderclr=\u00bb#f4f4f4&#8243; title=\u00bbEXCLUSIVO\u00bb caption_url=\u00bb\u00bb]\n<ul>\n<li>Visita cultural a la aldea Masai @ $ 20 por persona.<\/li>\n<li>Propinas para gu\u00eda del conductor (<strong>Muy recomendable<\/strong>).<\/li>\n<li>Art\u00edculos personales (Souvenirs, seguro de viaje, tasas de visado, etc.)<\/li>\n<li>El gobierno impuso un aumento en los impuestos y\/o tarifas del parque.<\/li>\n<li>Paseos en globo aerost\u00e1tico @ $ 505 por adulto y $ 380 por ni\u00f1o (<strong>menores de 12 a\u00f1os<\/strong>).<\/li>\n<li>Vuelos internacionales y E-visa.<\/li>\n<\/ul>\n<p>&nbsp;[\/info_list_son][\/info_list_father][\/vc_column_inner][\/vc_row_inner][\/vc_tta_section][vc_tta_section title=\u00bbLista de verificaci\u00f3n de viajes\u00bb tab_id=\u00bb1700225911267-4d68baeb-35cd\u00bb][vc_row_inner css=\u00bb.vc_custom_1700227522813{padding-top: 10px !important;}\u00bb][vc_column_inner width=\u00bb1\/2&#8243;][vc_custom_heading text=\u00bbAntes de viajar\u00bb font_container=\u00bbtag:h2|text_align:left|color:%23890000&#8243; google_fonts=\u00bbfont_family:Open%20Sans%3A300%2C300italic%2Cregular%2Citalic%2C600%2C600italic%2C700%2C700italic%2C800%2C800italic|font_style:400%20regular%3A400%3Anormal\u00bb][vc_separator color=\u00bbcustom\u00bb align=\u00bbalign_left\u00bb border_width=\u00bb2&#8243; el_width=\u00bb20&#8243; accent_color=\u00bb#890000&#8243;][vc_column_text]Antes de emprender tu viaje, aseg\u00farate de leer nuestros completos consejos de viaje para una experiencia fluida.[\/vc_column_text][vc_empty_space height=\u00bb47px\u00bb][vc_btn title=\u00bbAprende m\u00e1s\u00bb style=\u00bboutline-custom\u00bb outline_custom_color=\u00bb#890000&#8243; outline_custom_hover_background=\u00bb#890000&#8243; outline_custom_hover_text=\u00bb#ffffff\u00bb size=\u00bbsm\u00bb i_align=\u00bbright\u00bb i_icon_fontawesome=\u00bbfas fa-chevron-right\u00bb add_icon=\u00bbtrue\u00bb link=\u00bburl:https%3A%2F%2Fmufasatoursandtravels.com%2Fpreparing-to-travel%2F|title:Prepar%C3%A1ndose%20para%20viajar|\u00bb][\/vc_column_inner][vc_column_inner width=\u00bb1\/2&#8243;][vc_custom_heading text=\u00bbAntes de viajar\u00bb font_container=\u00bbtag:h2|text_align:left|color:%23890000&#8243; google_fonts=\u00bbfont_family:Open%20Sans%3A300%2C300italic%2Cregular%2Citalic%2C600%2C600italic%2C700%2C700italic%2C800%2C800italic|font_style:400%20regular%3A400%3Anormal\u00bb][vc_separator color=\u00bbcustom\u00bb align=\u00bbalign_left\u00bb border_width=\u00bb2&#8243; el_width=\u00bb20&#8243; accent_color=\u00bb#890000&#8243;][vc_column_text]Mejora tu planificaci\u00f3n de viaje descargando informaci\u00f3n valiosa sobre destinos, como requisitos de pasaporte y visado, vacunaciones recomendadas, restricciones de equipaje, lista de equipaje y directrices para las propinas.[\/vc_column_text][vc_btn title=\u00bbAprende m\u00e1s\u00bb style=\u00bboutline-custom\u00bb outline_custom_color=\u00bb#890000&#8243; outline_custom_hover_background=\u00bb#890000&#8243; outline_custom_hover_text=\u00bb#ffffff\u00bb size=\u00bbsm\u00bb i_align=\u00bbright\u00bb i_icon_fontawesome=\u00bbfas fa-chevron-right\u00bb add_icon=\u00bbtrue\u00bb link=\u00bburl:https%3A%2F%2Fmufasatoursandtravels.com%2Fwhat-to-know-before-arrival-in-east-africa%2F|title:QU%C3%89%20SABER%20ANTES%20DE%20LLEGAR%20A%20%C3%81FRICA%20ORIENTAL|\u00bb][\/vc_column_inner][\/vc_row_inner][vc_row_inner][vc_column_inner width=\u00bb1\/2&#8243;][vc_custom_heading text=\u00bbAntes de viajar\u00bb font_container=\u00bbtag:h2|text_align:left|color:%23890000&#8243; google_fonts=\u00bbfont_family:Open%20Sans%3A300%2C300italic%2Cregular%2Citalic%2C600%2C600italic%2C700%2C700italic%2C800%2C800italic|font_style:400%20regular%3A400%3Anormal\u00bb][vc_separator color=\u00bbcustom\u00bb align=\u00bbalign_left\u00bb border_width=\u00bb2&#8243; el_width=\u00bb20&#8243; accent_color=\u00bb#890000&#8243;][vc_column_text]Maximiza el \u00e9xito de tu viaje descargando informaci\u00f3n esencial sobre tu(s) destino(s), incluyendo requisitos de pasaporte y visado, directrices de vacunaci\u00f3n, restricciones de equipaje, lista de equipaje y consejos sobre propinas.[\/vc_column_text][vc_btn title=\u00bbAprende m\u00e1s\u00bb style=\u00bboutline-custom\u00bb outline_custom_color=\u00bb#890000&#8243; outline_custom_hover_background=\u00bb#890000&#8243; outline_custom_hover_text=\u00bb#ffffff\u00bb size=\u00bbsm\u00bb i_align=\u00bbright\u00bb i_icon_fontawesome=\u00bbfas fa-chevron-right\u00bb add_icon=\u00bbtrue\u00bb link=\u00bburl:https%3A%2F%2Fmufasatoursandtravels.com%2Fpassports-and-visas%2F|title:Pasaportes%20y%20visados|\u00bb][\/vc_column_inner][vc_column_inner width=\u00bb1\/2&#8243;][vc_custom_heading text=\u00bbAntes de viajar\u00bb font_container=\u00bbtag:h2|text_align:left|color:%23890000&#8243; google_fonts=\u00bbfont_family:Open%20Sans%3A300%2C300italic%2Cregular%2Citalic%2C600%2C600italic%2C700%2C700italic%2C800%2C800italic|font_style:400%20regular%3A400%3Anormal\u00bb][vc_separator color=\u00bbcustom\u00bb align=\u00bbalign_left\u00bb border_width=\u00bb2&#8243; el_width=\u00bb20&#8243; accent_color=\u00bb#890000&#8243;][vc_column_text]Mientras disfrutas del resplandor posterior a tu aventura, estamos aqu\u00ed para ayudarte con consejos esenciales despu\u00e9s del viaje, asegurando que tu regreso a casa sea tan fluido y c\u00f3modo como tu propio viaje.[\/vc_column_text][\/vc_column_inner][\/vc_row_inner][\/vc_tta_section][\/vc_tta_tabs][\/vc_column][\/vc_row][vc_row][vc_column][\/vc_column][\/vc_row]\n","protected":false},"excerpt":{"rendered":"<p>[vc_row full_width=\u00bbstretch_row\u00bb gap=\u00bb1&#8243; css=\u00bb.vc_custom_1678881709947{border: 5px initial !important;}\u00bb][vc_column parallax=\u00bbcontent-moving\u00bb parallax_image=\u00bb14724&#8243; parallax_speed_bg=\u00bb1.7&#8243; css=\u00bb.vc_custom_1713163331416{padding-top: 80px !important;padding-right: 80px !important;padding-bottom: 80px !important;padding-left: 80px !important;}\u00bb][vc_headings style=\u00bbtheme2&#8243; linewidth=\u00bb150&#8243; borderclr=\u00bb#ffffff\u00bb title=\u00bbSerengeti &#8211; Ngorongoro Odessey\u00bb use_theme_fonts=\u00bbyes\u00bb titlesize=\u00bb32&#8243; titleclr=\u00bb#ffffff\u00bb classname=\u00bbline-heading\u00bb]&nbsp; 4 D\u00edas [\/vc_headings][\/vc_column][\/vc_row][vc_row][vc_column css=\u00bb.vc_custom_1673873878049{border-top-width: 10px !important;border-right-width: 10px !important;border-bottom-width: 10px !important;border-left-width: 10px !important;}\u00bb][vc_tta_tabs color=\u00bbjuicy-pink\u00bb gap=\u00bb1&#8243; alignment=\u00bbcenter\u00bb active_section=\u00bb1&#8243;][vc_tta_section title=\u00bbPrograma\u00bb tab_id=\u00bb1633454673222-3d94f956-010c\u00bb][info_list_father listclr=\u00bb#f4f4f4&#8243; css=\u00bb.vc_custom_1699450234338{padding-top: 10px !important;}\u00bb][info_list_son style=\u00bbicon\u00bb size=\u00bb15&#8243; width=\u00bb20&#8243; [&hellip;]<\/p>\n","protected":false},"author":7,"featured_media":0,"parent":27997,"menu_order":0,"comment_status":"closed","ping_status":"closed","template":"","meta":{"_themeisle_gutenberg_block_has_review":false,"footnotes":""},"class_list":["post-32150","page","type-page","status-publish","hentry"],"_links":{"self":[{"href":"https:\/\/mufasatoursandtravels.com\/es\/wp-json\/wp\/v2\/pages\/32150","targetHints":{"allow":["GET"]}}],"collection":[{"href":"https:\/\/mufasatoursandtravels.com\/es\/wp-json\/wp\/v2\/pages"}],"about":[{"href":"https:\/\/mufasatoursandtravels.com\/es\/wp-json\/wp\/v2\/types\/page"}],"author":[{"embeddable":true,"href":"https:\/\/mufasatoursandtravels.com\/es\/wp-json\/wp\/v2\/users\/7"}],"replies":[{"embeddable":true,"href":"https:\/\/mufasatoursandtravels.com\/es\/wp-json\/wp\/v2\/comments?post=32150"}],"version-history":[{"count":3,"href":"https:\/\/mufasatoursandtravels.com\/es\/wp-json\/wp\/v2\/pages\/32150\/revisions"}],"predecessor-version":[{"id":46245,"href":"https:\/\/mufasatoursandtravels.com\/es\/wp-json\/wp\/v2\/pages\/32150\/revisions\/46245"}],"up":[{"embeddable":true,"href":"https:\/\/mufasatoursandtravels.com\/es\/wp-json\/wp\/v2\/pages\/27997"}],"wp:attachment":[{"href":"https:\/\/mufasatoursandtravels.com\/es\/wp-json\/wp\/v2\/media?parent=32150"}],"curies":[{"name":"wp","href":"https:\/\/api.w.org\/{rel}","templated":true}]}}