{"id":32201,"date":"2023-07-15T18:51:39","date_gmt":"2023-07-15T15:51:39","guid":{"rendered":"https:\/\/mufasatoursandtravels.com\/preparandose-para-viajar\/"},"modified":"2026-03-06T18:27:59","modified_gmt":"2026-03-06T15:27:59","slug":"preparandose-para-viajar","status":"publish","type":"page","link":"https:\/\/mufasatoursandtravels.com\/es\/preparandose-para-viajar\/","title":{"rendered":"Prepar\u00e1ndose para viajar"},"content":{"rendered":"[vc_row][vc_column][vc_headings style=\u00bbtheme3&#8243; linewidth=\u00bb200&#8243; borderclr=\u00bb#890000&#8243; title=\u00bbPreparing to Travel\u00bb use_theme_fonts=\u00bbyes\u00bb titleclr=\u00bb#890000&#8243; caption_url=\u00bb\u00bb caption_urls=\u00bb\u00bb caption_urlss=\u00bb\u00bb caption_urldesc=\u00bb\u00bb][\/vc_headings][vc_empty_space][vc_column_text]\n<ol>\n<li><strong>PASAPORTES<\/strong> \u2013 Para viajar a \u00c1frica Oriental, su pasaporte debe ser v\u00e1lido durante al menos seis (6) meses despu\u00e9s de que finalice su viaje, y debe tener un m\u00ednimo de cuatro (4) p\u00e1ginas de visa en blanco para sellos de entrada y salida.<\/li>\n<\/ol>\n<p>&nbsp;<\/p>\n<ol start=\"2\">\n<li><strong>VISADO\u2013 <\/strong>Dado que nos especializamos en pa\u00edses de \u00c1frica Oriental, que incluyen Kenia, Tanzania, Ruanda y Uganda, consulte a continuaci\u00f3n la gu\u00eda para otros pa\u00edses:<\/li>\n<\/ol>\n<ul>\n<li>Kenia &#8211; Para viajar a Kenia hay que solicitar un visado y normalmente se aplica aqu\u00ed &#8211; <a href=\"https:\/\/evisa.go.ke\/\" rel=\"nofollow noopener\" target=\"_blank\">https:\/\/evisa.go.ke\/<\/a> y normalmente tiene una validez de 3 meses a partir de la fecha de viaje. Cobran $ 51 por solicitud de visa para cualquier persona de 16 a\u00f1os o m\u00e1s. Cualquier persona menor de 16 a\u00f1os no necesita una visa para viajar a Kenia, pero debe ser declarada por la persona que los acompa\u00f1a durante la solicitud del adulto. El proceso de visa tarda aproximadamente 24 horas \u2013 72 horas para su procesamiento. Cuando viaje a Kenia, aseg\u00farese de solicitar solo una visa de entrada \u00fanica (SEV), no una visa de varios condados cuando est\u00e9 aqu\u00ed con fines tur\u00edsticos. Los hu\u00e9spedes que no necesiten visado para viajar a Kenia pueden consultar la lista aqu\u00ed para confirmar si necesitan un visado: <a href=\"https:\/\/evisa.go.ke\/eligibility\" rel=\"nofollow noopener\" target=\"_blank\">https:\/\/evisa.go.ke\/eligibility<\/a>     <\/li>\n<li>Tanzania \u2013 Para viajar a Tanzania se necesita un visado y se puede obtener a la llegada o se puede solicitar en l\u00ednea antes de la llegada aqu\u00ed &#8211; <a href=\"https:\/\/visa.immigration.go.tz\/\" rel=\"nofollow noopener\" target=\"_blank\">https:\/\/visa.immigration.go.tz\/<\/a> . Obtenga m\u00e1s detalles de las pautas aqu\u00ed &#8211; <a href=\"https:\/\/visa.immigration.go.tz\/guidelines\" rel=\"nofollow noopener\" target=\"_blank\">https:\/\/visa.immigration.go.tz\/guidelines<\/a> <\/li>\n<li>Uganda \u2013 Para viajar a Uganda es necesario solicitar la visa en l\u00ednea y NO a la llegada. Para obtener m\u00e1s detalles, consulte aqu\u00ed &#8211; <a href=\"https:\/\/www.visas.immigration.go.ug\/\" rel=\"nofollow noopener\" target=\"_blank\">https:\/\/www.visas.immigration.go.ug\/<\/a> <\/li>\n<li>Ruanda \u2013 Para viajar a Ruanda, obtenga una visa a la llegada o solic\u00edtela en l\u00ednea aqu\u00ed para obtener m\u00e1s detalles &#8211; <a href=\"https:\/\/www.migration.gov.rw\/\" rel=\"nofollow noopener\" target=\"_blank\">https:\/\/www.migration.gov.rw\/<\/a><\/li>\n<\/ul>\n<p>&nbsp;<\/p>\n<ol start=\"3\">\n<li><strong>VACUNAS- <\/strong>Kenia y Tanzania actualmente no tienen requisitos de vacunaci\u00f3n o prueba de COVID-19 para ingresar, por lo que necesitan las vacunas COVID para ingresar. Solo se requiere una vacuna contra la fiebre amarilla para ingresar a Kenia y Tanzania si llega de, o ha transitado por, un \u00e1rea end\u00e9mica de fiebre amarilla en Am\u00e9rica del Sur o \u00c1frica, incluidos pa\u00edses de \u00c1frica Oriental como Kenia y Uganda. La OMS proporciona una lista actualizada de todos los pa\u00edses afectados aqu\u00ed: <a href=\"https:\/\/www.fitfortravel.nhs.uk\/advice\/disease-prevention-advice\/yellow-fever\/yellow-fever-risk-areas\" rel=\"nofollow noopener\" target=\"_blank\">https:\/\/www.fitfortravel.nhs.uk\/advice\/disease-prevention-advice\/yellow-fever\/yellow-fever-risk-areas<\/a> . Para los hu\u00e9spedes que visitan Kenia, solo no es necesario tener fiebre amarilla, ya que no es imprescindible, pero se recomienda. Para los hu\u00e9spedes cuyo itinerario incluye visitas a Kenia y Tanzania, es necesario vacunarse contra la fiebre amarilla y debe llevar un Certificado Internacional de Vacunaci\u00f3n proporcionado por su m\u00e9dico; Es posible que se le niegue la entrada sin \u00e9l. Si su m\u00e9dico desaconseja recibir la vacuna debido a su historial m\u00e9dico personal, puede proporcionarle la documentaci\u00f3n necesaria para el pa\u00eds o pa\u00edses que est\u00e1 visitando. Viajar\u00e1 a zonas de transmisi\u00f3n de la malaria. Le recomendamos encarecidamente que hable con su m\u00e9dico o cl\u00ednica de viajes sobre su itinerario, la evaluaci\u00f3n de riesgos individual y las opciones para la prevenci\u00f3n de picaduras de mosquitos y medicamentos antipal\u00fadicos. Le recomendamos que surta todas las recetas antes de partir.        <\/li>\n<\/ol>\n<p>&nbsp;<\/p>\n<ol start=\"4\">\n<li><strong>BOLSAS DE PL\u00c1STICO EN KENIA Y TANZANIA  <\/strong><\/li>\n<\/ol>\n<p>Los gobiernos de Kenia y Tanzania han implementado una prohibici\u00f3n de las bolsas de pl\u00e1stico. La prohibici\u00f3n se aplica a las \u00abbolsas de transporte y planas\u00bb, dirigidas principalmente a las bolsas de tiendas y supermercados, pero tambi\u00e9n se extiende a las bolsas Ziploc, las bolsas libres de impuestos y el pl\u00e1stico de burbujas. Si los turistas tienen ese tipo de bolsas visibles mientras est\u00e1n en el aeropuerto, es probable que sean confiscadas. Las bolsas dise\u00f1adas para m\u00faltiples usos, como las bolsas de cosm\u00e9ticos con cremallera, no est\u00e1n incluidas en la prohibici\u00f3n.   <\/p>\n<ol start=\"5\">\n<li><strong>LISTA DE EMPAQUE Y RESTRICCIONES DE EQUIPAJE  <\/strong><\/li>\n<\/ol>\n<p>En los vuelos dentro de \u00c1frica Oriental, cada pasajero est\u00e1 limitado a un peso m\u00e1ximo de equipaje de 33 libras (15 kilogramos). Esto incluye el peso de los bolsos y el equipo de c\u00e1mara, adem\u00e1s del equipaje normal. Las restricciones de equipaje se cumplen de forma muy estricta y los pasajeros deben empacar sus maletas en consecuencia. El equipaje de lados blandos o las bolsas de lona son preferibles al equipaje r\u00edgido para el almacenamiento en los veh\u00edculos de safari y tambi\u00e9n en los aviones utilizados en toda \u00c1frica Oriental. Las dimensiones no deben exceder las 23 pulgadas (58 cent\u00edmetros) de largo x 13 pulgadas (33 cent\u00edmetros) de alto x 10 pulgadas (25 cent\u00edmetros) de ancho. Los vuelos a bordo de aviones ligeros dentro de \u00c1frica Oriental no pueden ser directos. Se pueden hacer m\u00faltiples paradas para descargar pasajeros en las pistas de aterrizaje del campamento de safari.      <\/p>\n<ol start=\"6\">\n<li><strong>QU\u00c9 LLEVAR<\/strong><\/li>\n<\/ol>\n<ul>\n<li>Ropa de verano brillante para el safari (los colores fuertes atraen la atenci\u00f3n no deseada de las moscas que se encuentran en ciertas \u00e1reas del parque)<\/li>\n<li>Ropa m\u00e1s completa para las noches en el hotel y en el albergue, como pantalones largos y camisas de manga larga para protegerse de los mosquitos despu\u00e9s del atardecer y, si es necesario, del sol.<\/li>\n<li>Una chaqueta \/ su\u00e9ter, ya que puede refrescar temprano en la ma\u00f1ana y en la noche.<\/li>\n<li>Calzado de verano (por ejemplo, zapatos deportivos y calcetines de algod\u00f3n). Evitar caminar descalzo y\/o dejar las piernas desnudas por la noche debido a los mosquitos. <\/li>\n<li>Adaptador de corriente con 3-4 enchufes. Los enchufes de tipo Reino Unido se utilizan en los pa\u00edses de \u00c1frica Oriental. <\/li>\n<li>Linterna peque\u00f1a y pilas de repuesto<\/li>\n<li>Sombrero que protege contra el sol caliente.<\/li>\n<li>Protector solar, gafas de sol y b\u00e1lsamo labial.<\/li>\n<li>Bater\u00edas de repuesto para c\u00e1maras, grabadora.<\/li>\n<li>Unas copias de toda la documentaci\u00f3n personal como pasaportes, billetes de avi\u00f3n, seguro de viaje, visados, tarjetas de vacunaci\u00f3n y tarjetas de d\u00e9bito internacionales.<\/li>\n<li>Prism\u00e1ticos ligeros.<\/li>\n<\/ul>\n<ol start=\"7\">\n<li><strong>REGISTRA TU VIAJE  <\/strong><\/li>\n<\/ol>\n<p>Aseg\u00farate de registrarte en la embajada o consulado m\u00e1s cercano para los destinos incluidos en tu viaje. Los ciudadanos estadounidenses pueden registrarse a trav\u00e9s de STEP, el Programa de Inscripci\u00f3n de Viajero Inteligente (step.state.gov\/step). Los ciudadanos canadienses pueden inscribirse en el Registro de Canadienses en el Registro de Canadienses en el Extranjero.  <\/p>\n<ol start=\"8\">\n<li><strong>ACTUALIZACI\u00d3N DE VACUNAS Y MEDICAMENTOS  <\/strong><\/li>\n<\/ol>\n<p>Consulte con los Centros para el Control y la Prevenci\u00f3n de Enfermedades (cdc.gov\/travel) o la Organizaci\u00f3n Mundial de la Salud (who.int\/en) para conocer las \u00faltimas novedades sobre las vacunas requeridas y recomendadas y el riesgo de malaria para su destino. Querr\u00e1 visitar a su m\u00e9dico o cl\u00ednica de viajes local un par de meses antes de la salida para dar tiempo a que las vacunas surtan efecto o para surtir las recetas. Aseg\u00farese de empacar su certificado original de COVID-19 y otros certificados de vacunaci\u00f3n y la documentaci\u00f3n de salud requerida en su equipaje de mano personal en caso de que se le pida que los muestre a su llegada.  <\/p>\n<ol start=\"9\">\n<li><strong>EL DINERO IMPORTA  <\/strong><\/li>\n<\/ol>\n<p>Recomendamos viajar con algo de dinero en efectivo y al menos dos tarjetas de cr\u00e9dito principales, como Visa y Mastercard, para que tenga respaldo si su tarjeta no es aceptada o se pierde. Comun\u00edcate con tu banco y las compa\u00f1\u00edas de tarjetas de cr\u00e9dito para informarles d\u00f3nde y cu\u00e1ndo viajar\u00e1s, as\u00ed como para confirmar cualquier tarifa de transacci\u00f3n en el extranjero. Cuando lleve dinero en efectivo, trate de viajar solo con moneda emitida recientemente en denominaciones m\u00e1s peque\u00f1as; Muchos comerciantes en el extranjero no aceptan billetes arrugados o rotos. Solo cambie moneda en puntos de venta autorizados, como casas de cambio, cajeros autom\u00e1ticos u hoteles, y guarde los recibos, ya que pueden ser necesarios para salir.   <\/p>\n<ol start=\"10\">\n<li><strong>MANTENTE CONECTADO  <\/strong><\/li>\n<\/ol>\n<p>Si bien la mayor\u00eda de los tel\u00e9fonos inteligentes funcionan en el extranjero, es posible que deba activar el servicio de roaming internacional antes de viajar. Comun\u00edcate con tu proveedor para obtener informaci\u00f3n sobre la cobertura y las opciones de planes de voz y datos mientras viajas al extranjero. <\/p>\n<ol start=\"11\">\n<li><strong>ESTAR EN L\u00cdNEA  <\/strong><\/li>\n<\/ol>\n<p>Muchos hoteles y lugares p\u00fablicos tienen Wi-Fi y, por lo general, podr\u00e1 mantenerse conectado durante todo el viaje, aunque el acceso a Internet puede ser deficiente o inexistente en destinos remotos. Tenga en cuenta que algunos pa\u00edses bloquean el acceso a los sitios de redes sociales o imponen restricciones sobre el contenido que puede ver o enviar en l\u00ednea. <\/p>\n<ol start=\"12\">\n<li><strong>CLIMA Y ZONAS HORARIAS  <\/strong><\/li>\n<\/ol>\n<p>Muchos sitios web y aplicaciones para tel\u00e9fonos inteligentes le permiten consultar el pron\u00f3stico y las zonas horarias para destinos espec\u00edficos. Recomendamos weather.com y timeanddate.com\/worldclock. A su llegada, la hora en la mayor\u00eda de los tel\u00e9fonos inteligentes se ajustar\u00e1 autom\u00e1ticamente a la hora local.  <\/p>\n<ol start=\"13\">\n<li><strong>MANTENTE SALUDABLE EN LA CARRETERA  <\/strong><\/li>\n<\/ol>\n<p>Lleve sus recetas y medicamentos de venta libre en sus envases originales en su equipaje de mano. Empaca un botiqu\u00edn de primeros auxilios simple junto con medicamentos para el mareo y el malestar estomacal leve. Como precauci\u00f3n, use solo agua embotellada y evite los alimentos de los vendedores ambulantes. Tenga cuidado de observar las pr\u00e1cticas de salud seguras cuando viaje. Es posible que deba usar una mascarilla de acuerdo con las regulaciones locales y los requisitos de los proveedores de servicios; los detalles espec\u00edficos de su viaje se incluyen en Informaci\u00f3n esencial. Si comienzas a sentirte mal en alg\u00fan momento de tu viaje, informa a tu gu\u00eda. Todos los protocolos est\u00e1n sujetos a cambios.      <\/p>\n<ol start=\"14\">\n<li><strong>EMPACANDO PARA TU VIAJE  <\/strong><\/li>\n<\/ol>\n<p>Planea empacar ligero: muchos viajes de MUFASA TOURS AND TRAVELS incluyen vuelos nacionales que imponen restricciones de peso mucho m\u00e1s estrictas que las de tu aerol\u00ednea internacional. Consulte los detalles de la Lista de empaque y las Restricciones de equipaje que se proporcionan en Informaci\u00f3n esencial. Aseg\u00farese tambi\u00e9n de confirmar las limitaciones de equipaje con su aerol\u00ednea internacional antes de hacer la maleta. La vestimenta t\u00edpica en los viajes de MUFASA TOURS AND TRAVELS es relajada e informal durante el d\u00eda. Elija ropa c\u00f3moda y vers\u00e1til que se pueda usar en capas para tener en cuenta los cambios en el clima a lo largo del d\u00eda. El estilo casual elegante es apropiado para las noches. Aseg\u00farese de llevar consigo un juego de adaptadores de viaje global para recargar sus dispositivos electr\u00f3nicos en su hotel o a bordo del barco.      <\/p>\n<ol start=\"15\">\n<li><strong>VUELOS  <\/strong><\/li>\n<\/ol>\n<p>Aseg\u00farese de reconfirmar sus vuelos internacionales 24 horas antes de su salida. Los boletos para cualquier vuelo interno, si est\u00e1n incluidos en su itinerario, ser\u00e1n emitidos por los representantes de MUFASA TOURS AND TRAVELS en su destino y se le presentar\u00e1n seg\u00fan sea necesario. <\/p>\n<ol start=\"16\">\n<li><strong>MANTENGA LOS OBJETOS DE VALOR SEGUROS  <\/strong><\/li>\n<\/ol>\n<p>Recomendamos encarecidamente dejar objetos de valor como joyas en casa, ya que MUFASA TOURS AND TRAVELS no se hace responsable. Use cajas fuertes donde est\u00e9n disponibles para asegurar sus objetos de valor, especialmente pasaportes, dinero, joyas, aparatos electr\u00f3nicos y medicamentos. Reemplazar un pasaporte perdido o robado es mucho m\u00e1s f\u00e1cil si tiene una copia a mano. Empaque una fotocopia de la p\u00e1gina de informaci\u00f3n personal de su pasaporte con su equipaje y guarde una foto del mismo en su tel\u00e9fono inteligente.   <\/p>\n<ol start=\"17\">\n<li><strong>LLEGA A UNA C\u00c1LIDA BIENVENIDA<\/strong><\/li>\n<\/ol>\n<p>Su representante local de MUFASA TOURS AND TRAVELS se encuentra con usted en el aeropuerto cuando usted llega. Consulte su itinerario para obtener instrucciones adicionales de llegada. <\/p>\n<ol start=\"18\">\n<li><strong>COMPRAS INTELIGENTES  <\/strong><\/li>\n<\/ol>\n<p>Si est\u00e1 interesado en ir de compras, su gu\u00eda de MUFASA TOURS AND TRAVELS puede recomendarle tiendas locales; sin embargo, MUFASA TOURS AND TRAVELS no se hace responsable de la calidad o el valor de la mercanc\u00eda. Todas las compras y el env\u00edo corren a su entera discreci\u00f3n. Aseg\u00farese de revisar los recibos de su tarjeta de cr\u00e9dito antes de firmar, prestando especial atenci\u00f3n a la conversi\u00f3n de moneda. Le recomendamos que lleve los art\u00edculos con usted en lugar de enviarlos siempre que sea posible. Consulte a la autoridad aduanera local (cbp.gov en los EE. UU. y travel.gc.ca en Canad\u00e1) para obtener informaci\u00f3n sobre lo que puede traer de vuelta y los impuestos arancelarios. Mantenga los recibos y los art\u00edculos juntos.     <\/p>\n<ol start=\"19\">\n<li><strong>ETIQUETA DE FOTOGRAF\u00cdA  <\/strong><\/li>\n<\/ol>\n<p>Aseg\u00farese de pedir permiso antes de tomar fotograf\u00edas de la poblaci\u00f3n local, incluidos los ni\u00f1os peque\u00f1os. Tenga en cuenta que la fotograf\u00eda no est\u00e1 permitida en algunos lugares, que generalmente est\u00e1n claramente marcados. Sin duda, p\u00eddele a tu gu\u00eda que evite que te confisquen la c\u00e1mara.  <\/p>\n<ol start=\"20\">\n<li><strong>CONSEJOS SOBRE LAS PROPINAS  <\/strong><\/li>\n<\/ol>\n<p>Las propinas en los viajes de MUFASA TOURS AND TRAVELS var\u00edan seg\u00fan el lugar y la forma en que viaje. Consulte las Pautas de propinas proporcionadas para su viaje en Informaci\u00f3n esencial. [\/vc_column_text][\/vc_column][\/vc_row]\n","protected":false},"excerpt":{"rendered":"<p>[vc_row][vc_column][vc_headings style=\u00bbtheme3&#8243; linewidth=\u00bb200&#8243; borderclr=\u00bb#890000&#8243; title=\u00bbPreparing to Travel\u00bb use_theme_fonts=\u00bbyes\u00bb titleclr=\u00bb#890000&#8243; caption_url=\u00bb\u00bb caption_urls=\u00bb\u00bb caption_urlss=\u00bb\u00bb caption_urldesc=\u00bb\u00bb][\/vc_headings][vc_empty_space][vc_column_text] PASAPORTES \u2013 Para viajar a \u00c1frica Oriental, su pasaporte debe ser v\u00e1lido durante al menos seis (6) meses despu\u00e9s de que finalice su viaje, y debe tener un m\u00ednimo de cuatro (4) p\u00e1ginas de visa en blanco para sellos de entrada y [&hellip;]<\/p>\n","protected":false},"author":7,"featured_media":0,"parent":0,"menu_order":6,"comment_status":"closed","ping_status":"closed","template":"","meta":{"_themeisle_gutenberg_block_has_review":false,"footnotes":""},"class_list":["post-32201","page","type-page","status-publish","hentry"],"_links":{"self":[{"href":"https:\/\/mufasatoursandtravels.com\/es\/wp-json\/wp\/v2\/pages\/32201","targetHints":{"allow":["GET"]}}],"collection":[{"href":"https:\/\/mufasatoursandtravels.com\/es\/wp-json\/wp\/v2\/pages"}],"about":[{"href":"https:\/\/mufasatoursandtravels.com\/es\/wp-json\/wp\/v2\/types\/page"}],"author":[{"embeddable":true,"href":"https:\/\/mufasatoursandtravels.com\/es\/wp-json\/wp\/v2\/users\/7"}],"replies":[{"embeddable":true,"href":"https:\/\/mufasatoursandtravels.com\/es\/wp-json\/wp\/v2\/comments?post=32201"}],"version-history":[{"count":4,"href":"https:\/\/mufasatoursandtravels.com\/es\/wp-json\/wp\/v2\/pages\/32201\/revisions"}],"predecessor-version":[{"id":32221,"href":"https:\/\/mufasatoursandtravels.com\/es\/wp-json\/wp\/v2\/pages\/32201\/revisions\/32221"}],"wp:attachment":[{"href":"https:\/\/mufasatoursandtravels.com\/es\/wp-json\/wp\/v2\/media?parent=32201"}],"curies":[{"name":"wp","href":"https:\/\/api.w.org\/{rel}","templated":true}]}}