{"id":32358,"date":"2023-03-21T15:00:42","date_gmt":"2023-03-21T12:00:42","guid":{"rendered":"https:\/\/mufasatoursandtravels.com\/politica-de-pago\/"},"modified":"2026-03-06T18:49:17","modified_gmt":"2026-03-06T15:49:17","slug":"politica-de-pago","status":"publish","type":"page","link":"https:\/\/mufasatoursandtravels.com\/es\/politica-de-pago\/","title":{"rendered":"Pol\u00edtica de pago"},"content":{"rendered":"[vc_row][vc_column][vc_column_text]\n<h1 style=\"text-align: center;\"><strong>Pol\u00edtica de pago<\/strong><\/h1>\n<p>Para asegurar la organizaci\u00f3n de tu viaje, se requiere un dep\u00f3sito en el momento de la reserva, y el saldo restante debe corresponder seg\u00fan los plazos espec\u00edficos de cada destino, como se indica a continuaci\u00f3n.<br \/>Para cualquier reserva realizada con menos de <b data-path-to-node=\"4\" data-index-in-node=\"206\">7 d\u00edas<\/b> de antelaci\u00f3n, se requiere el pago completo de inmediato.<\/p>\n<h3 data-path-to-node=\"5\"><b data-path-to-node=\"5\" data-index-in-node=\"0\">Calendario de dep\u00f3sitos y saldos<\/b><\/h3>\n<ul data-path-to-node=\"6\">\n<li>\n<p data-path-to-node=\"6,0,0\"><strong>Solo Kenia:<\/strong> 30% de dep\u00f3sito; El saldo debe <b data-path-to-node=\"6,0,0\" data-index-in-node=\"37\">vencer entre 3 y 7 d\u00edas<\/b> antes del viaje.<\/p>\n<\/li>\n<li>\n<p data-path-to-node=\"6,1,0\"><strong>Safari en Kenia y Tanzania:<\/strong> 30% de dep\u00f3sito; saldo pendiente <b data-path-to-node=\"6,1,0\" data-index-in-node=\"50\">7\u201314 d\u00edas<\/b> antes del viaje.<\/p>\n<\/li>\n<li>\n<p data-path-to-node=\"6,2,0\"><strong>Kenia, Tanzania y Zanz\u00edbar:<\/strong> dep\u00f3sito del 30%; saldo pendiente <b data-path-to-node=\"6,2,0\" data-index-in-node=\"53\">7\u201314 d\u00edas<\/b> antes del viaje.<\/p>\n<\/li>\n<li>\n<p data-path-to-node=\"6,3,0\"><strong>Safari en Kenia y Uganda<\/strong>: dep\u00f3sito del 50%; Saldo pendiente <b data-path-to-node=\"6,3,0\" data-index-in-node=\"48\">14 d\u00edas<\/b> antes del viaje.<\/p>\n<\/li>\n<li>\n<p data-path-to-node=\"6,4,0\"><strong>Kenia, Tanzania y Uganda:<\/strong> dep\u00f3sito del 50%; saldo pendiente <b data-path-to-node=\"6,4,0\" data-index-in-node=\"51\">entre 14 y 21 d\u00edas<\/b> antes del viaje.<\/p>\n<\/li>\n<li><strong>Uganda y Ruanda: <\/strong>dep\u00f3sito del 50%; Saldo pendiente <strong>7-14 d\u00edas <\/strong>antes del viaje.<\/li>\n<\/ul>\n<h3 data-path-to-node=\"7\"><strong>Pagos atrasados y cancelaciones<\/strong><b data-path-to-node=\"7\" data-index-in-node=\"0\"><br \/><\/b><\/h3>\n<p>No realizar los pagos puntualmente seg\u00fan los calendarios anteriores puede resultar en la cancelaci\u00f3n autom\u00e1tica de tu reserva.<\/p>\n<h3>M\u00e9todos de pago<\/h3>\n<p>Mufasa Tours and Travel Agency acepta varias formas de pago, incluyendo pero no limitado a<\/p>\n<ul>\n<li>Tarjeta de cr\u00e9dito (Master Card, Visa Card, Union Pay,)<\/li>\n<li>Tarjeta de d\u00e9bito (Master Card, Visa Card, Union Pay,)<\/li>\n<li>Transferencia bancaria<\/li>\n<li>Transferencia de dinero m\u00f3vil (M-Pesa)<\/li>\n<\/ul>\n<p>Todos los pagos est\u00e1n sujetos a los t\u00e9rminos y condiciones del m\u00e9todo de pago espec\u00edfico.<\/p>\n<p>Tenga en cuenta que no aceptamos pagos en efectivo en billetes de USD fechados entre 1996 y 2006.<\/p>\n<p>Mufasa Tours and Travel se reserva el derecho de rechazar cualquier forma de pago a su discreci\u00f3n.<\/p>\n<p>Las modificaciones, cancelaciones y reembolsos de tours se procesan sujetos a nuestra <a href=\"https:\/\/mufasatoursandtravels.com\/es\/politica-de-enmienda-cancelacion-y-reembolso\/\">Pol\u00edtica de modificaciones, cancelaciones y reembolsos<\/a>.<\/p>\n<p>Si tiene alguna pregunta o inquietud con respecto a nuestra pol\u00edtica de pago, comun\u00edquese con nosotros a <a href=\"mailto:info@mufasatoursandtravels.com\">info@mufasatoursandtravels.com<\/a>[\/vc_column_text][\/vc_column][\/vc_row]\n","protected":false},"excerpt":{"rendered":"<p>[vc_row][vc_column][vc_column_text] Pol\u00edtica de pago Para asegurar la organizaci\u00f3n de tu viaje, se requiere un dep\u00f3sito en el momento de la reserva, y el saldo restante debe corresponder seg\u00fan los plazos espec\u00edficos de cada destino, como se indica a continuaci\u00f3n.Para cualquier reserva realizada con menos de 7 d\u00edas de antelaci\u00f3n, se requiere el pago completo de [&hellip;]<\/p>\n","protected":false},"author":7,"featured_media":0,"parent":0,"menu_order":45,"comment_status":"closed","ping_status":"closed","template":"","meta":{"_themeisle_gutenberg_block_has_review":false,"footnotes":""},"class_list":["post-32358","page","type-page","status-publish","hentry"],"_links":{"self":[{"href":"https:\/\/mufasatoursandtravels.com\/es\/wp-json\/wp\/v2\/pages\/32358","targetHints":{"allow":["GET"]}}],"collection":[{"href":"https:\/\/mufasatoursandtravels.com\/es\/wp-json\/wp\/v2\/pages"}],"about":[{"href":"https:\/\/mufasatoursandtravels.com\/es\/wp-json\/wp\/v2\/types\/page"}],"author":[{"embeddable":true,"href":"https:\/\/mufasatoursandtravels.com\/es\/wp-json\/wp\/v2\/users\/7"}],"replies":[{"embeddable":true,"href":"https:\/\/mufasatoursandtravels.com\/es\/wp-json\/wp\/v2\/comments?post=32358"}],"version-history":[{"count":13,"href":"https:\/\/mufasatoursandtravels.com\/es\/wp-json\/wp\/v2\/pages\/32358\/revisions"}],"predecessor-version":[{"id":46638,"href":"https:\/\/mufasatoursandtravels.com\/es\/wp-json\/wp\/v2\/pages\/32358\/revisions\/46638"}],"wp:attachment":[{"href":"https:\/\/mufasatoursandtravels.com\/es\/wp-json\/wp\/v2\/media?parent=32358"}],"curies":[{"name":"wp","href":"https:\/\/api.w.org\/{rel}","templated":true}]}}