{"id":32417,"date":"2023-02-28T11:10:42","date_gmt":"2023-02-28T08:10:42","guid":{"rendered":"https:\/\/mufasatoursandtravels.com\/error-404\/"},"modified":"2026-03-06T18:47:51","modified_gmt":"2026-03-06T15:47:51","slug":"error-404","status":"publish","type":"page","link":"https:\/\/mufasatoursandtravels.com\/es\/error-404\/","title":{"rendered":"Error 404"},"content":{"rendered":"[vc_row css=\u00bb.vc_custom_1677579459114{margin-top: 20px !important;margin-bottom: 20px !important;}\u00bb][vc_column width=\u00bb1\/2&#8243;][vc_column_text]\n<h2 style=\"text-align: center; font-size: 72px; color: #811a18;\">404<\/h2>\n<h2 style=\"text-align: center;\">P\u00c1GINA NO ENCONTRADA<\/h2>\n[\/vc_column_text][\/vc_column][vc_column width=\u00bb1\/2&#8243;][vc_column_text]\n<h2>Vaya, est\u00e1s en medio de la nada.<\/h2>\n<p><strong>No te preocupes. Probablemente te hayas equivocado de camino en alg\u00fan lugar. <\/strong><\/p>\n<ul>\n<li>Si escribiste la direcci\u00f3n, revisa tu ortograf\u00eda. Podr\u00eda ser solo un error tipogr\u00e1fico. <\/li>\n<li>Si seguiste un enlace, probablemente est\u00e9 roto. <a href=\"https:\/\/mufasatoursandtravels.com\/contact\/\">P\u00f3ngase en contacto con nosotros<\/a> y lo solucionaremos. <\/li>\n<li>Si no est\u00e1s seguro de lo que est\u00e1s buscando, vuelve a la <a href=\"https:\/\/mufasatoursandtravels.com\/es\/\">p\u00e1gina de inicio<\/a>.<\/li>\n<\/ul>\n[\/vc_column_text][\/vc_column][\/vc_row][vc_row][vc_column][vc_custom_heading text=\u00bbPrincipales destinos\u00bb font_container=\u00bbtag:h2|text_align:left|color:%23811a18&#8243; use_theme_fonts=\u00bbyes\u00bb][\/vc_column][vc_column width=\u00bb1\/3&#8243;][wdo_ult_banner ult_banner_image=\u00bb9029&#8243; ult_banner_link=\u00bbhttps:\/\/mufasatoursandtravels.com\/kenya-safari-by-road\/\u00bb]\n<p style=\"text-align: center;\"><span style=\"font-size: 24pt;\"><strong>SAFARIS POR CARRETERA EN KENIA<\/strong><\/span><\/p>\n<p style=\"text-align: center;\"><span style=\"font-size: 14pt;\">(SAFARIS PRIVADOS)<\/span><\/p>\n[\/wdo_ult_banner][\/vc_column][vc_column width=\u00bb1\/3&#8243;][wdo_ult_banner ult_banner_image=\u00bb9028&#8243; ult_banner_link=\u00bbhttps:\/\/mufasatoursandtravels.com\/kenya-flying-safaris-2\/\u00bb]\n<p style=\"text-align: center;\"><span style=\"font-size: 24pt;\"><strong>SAFARIS DE LUJO EN KENIA<\/strong><\/span><\/p>\n<p style=\"text-align: center;\"><span style=\"font-size: 14pt;\">(SAFARIS PRIVADOS)<\/span><\/p>\n[\/wdo_ult_banner][\/vc_column][vc_column width=\u00bb1\/3&#8243;][wdo_ult_banner ult_banner_image=\u00bb9030&#8243; ult_banner_link=\u00bbhttps:\/\/mufasatoursandtravels.com\/kenya-tanzania-zanzibar-safaris\/\u00bb]\n<p style=\"text-align: center;\"><span style=\"font-size: 24pt;\"><strong>KENIA &#8211; TANZANIA SAFARIS<\/strong><\/span><\/p>\n<p style=\"text-align: center;\"><span style=\"font-size: 14pt;\">(SAFARIS PRIVADOS)<\/span><\/p>\n<p>&nbsp;<\/p>\n[\/wdo_ult_banner][\/vc_column][\/vc_row][vc_row css=\u00bb.vc_custom_1677578734592{margin-top: 20px !important;margin-bottom: 20px !important;}\u00bb][vc_column][\/vc_column][vc_column width=\u00bb1\/3&#8243;][wdo_ult_banner ult_banner_image=\u00bb9027&#8243; ult_banner_link=\u00bbhttps:\/\/mufasatoursandtravels.com\/rwanda-safari\/\u00bb]\n<p style=\"text-align: center;\"><span style=\"font-size: 24pt;\"><strong>MUFASA EN RUANDA<\/strong><\/span><\/p>\n<p style=\"text-align: center;\"><span style=\"font-size: 14pt;\">(Safaris de Trekking de Gorilas)<\/span><\/p>\n[\/wdo_ult_banner][\/vc_column][vc_column width=\u00bb1\/3&#8243;][wdo_ult_banner ult_banner_image=\u00bb9043&#8243; ult_banner_link=\u00bbhttps:\/\/mufasatoursandtravels.com\/uganda-safari\/\u00bb]\n<p style=\"text-align: center;\"><span style=\"font-size: 24pt;\"><strong>MUFASA EN UGANDA<\/strong><\/span><\/p>\n<p style=\"text-align: center;\"><span style=\"font-size: 14pt;\">(Trekking de gorilas y safaris de chimpanc\u00e9s)<\/span><\/p>\n[\/wdo_ult_banner][\/vc_column][vc_column width=\u00bb1\/3&#8243;][wdo_ult_banner ult_banner_image=\u00bb9033&#8243; ult_banner_link=\u00bbhttps:\/\/mufasatoursandtravels.com\/tanzania-and-zanzibar-safari\/\u00bb]\n<p style=\"text-align: center;\"><span style=\"font-size: 24pt;\"><strong>SAFARIS EN VARIOS PA\u00cdSES<\/strong><\/span><\/p>\n<p style=\"text-align: center;\"><span style=\"font-size: 12pt;\">( \u00c1frica Oriental y Meridional )<\/span><\/p>\n[\/wdo_ult_banner][\/vc_column][\/vc_row]\n","protected":false},"excerpt":{"rendered":"<p>[vc_row css=\u00bb.vc_custom_1677579459114{margin-top: 20px !important;margin-bottom: 20px !important;}\u00bb][vc_column width=\u00bb1\/2&#8243;][vc_column_text] 404 P\u00c1GINA NO ENCONTRADA [\/vc_column_text][\/vc_column][vc_column width=\u00bb1\/2&#8243;][vc_column_text] Vaya, est\u00e1s en medio de la nada. No te preocupes. Probablemente te hayas equivocado de camino en alg\u00fan lugar. Si escribiste la direcci\u00f3n, revisa tu ortograf\u00eda. Podr\u00eda ser solo un error tipogr\u00e1fico. Si seguiste un enlace, probablemente est\u00e9 roto. P\u00f3ngase en contacto [&hellip;]<\/p>\n","protected":false},"author":7,"featured_media":0,"parent":0,"menu_order":48,"comment_status":"closed","ping_status":"closed","template":"","meta":{"_themeisle_gutenberg_block_has_review":false,"footnotes":""},"class_list":["post-32417","page","type-page","status-publish","hentry"],"_links":{"self":[{"href":"https:\/\/mufasatoursandtravels.com\/es\/wp-json\/wp\/v2\/pages\/32417","targetHints":{"allow":["GET"]}}],"collection":[{"href":"https:\/\/mufasatoursandtravels.com\/es\/wp-json\/wp\/v2\/pages"}],"about":[{"href":"https:\/\/mufasatoursandtravels.com\/es\/wp-json\/wp\/v2\/types\/page"}],"author":[{"embeddable":true,"href":"https:\/\/mufasatoursandtravels.com\/es\/wp-json\/wp\/v2\/users\/7"}],"replies":[{"embeddable":true,"href":"https:\/\/mufasatoursandtravels.com\/es\/wp-json\/wp\/v2\/comments?post=32417"}],"version-history":[{"count":20,"href":"https:\/\/mufasatoursandtravels.com\/es\/wp-json\/wp\/v2\/pages\/32417\/revisions"}],"predecessor-version":[{"id":46617,"href":"https:\/\/mufasatoursandtravels.com\/es\/wp-json\/wp\/v2\/pages\/32417\/revisions\/46617"}],"wp:attachment":[{"href":"https:\/\/mufasatoursandtravels.com\/es\/wp-json\/wp\/v2\/media?parent=32417"}],"curies":[{"name":"wp","href":"https:\/\/api.w.org\/{rel}","templated":true}]}}