{"id":32440,"date":"2022-05-31T13:09:42","date_gmt":"2022-05-31T10:09:42","guid":{"rendered":"https:\/\/mufasatoursandtravels.com\/uganda-safari\/7-dias-safari-por-las-maravillas-de-la-naturaleza\/"},"modified":"2026-01-29T11:41:25","modified_gmt":"2026-01-29T08:41:25","slug":"7-dias-safari-por-las-maravillas-de-la-naturaleza","status":"publish","type":"page","link":"https:\/\/mufasatoursandtravels.com\/es\/uganda-safari\/7-dias-safari-por-las-maravillas-de-la-naturaleza\/","title":{"rendered":"7 D\u00edas Safari por las Maravillas de la Naturaleza"},"content":{"rendered":"[vc_row full_width=\u00bbstretch_row\u00bb gap=\u00bb1&#8243;][vc_column parallax=\u00bbcontent-moving\u00bb parallax_image=\u00bb29188&#8243; css=\u00bb.vc_custom_1741340313633{padding-top: 80px !important;padding-right: 80px !important;padding-bottom: 80px !important;padding-left: 80px !important;}\u00bb][vc_custom_heading text=\u00bbEl maravilloso safari de la naturaleza\u00bb font_container=\u00bbtag:h2|font_size:32|text_align:left|color:%23ffffff\u00bb google_fonts=\u00bbfont_family:Quicksand%3A300%2Cregular%2C700|font_style:400%20regular%3A400%3Anormal\u00bb el_class=\u00bbtxt-display\u00bb][vc_custom_heading text=\u00bb7 D\u00edas\u00bb font_container=\u00bbtag:h2|font_size:22|text_align:left|color:%23ffffff\u00bb google_fonts=\u00bbfont_family:Quicksand%3A300%2Cregular%2C700|font_style:300%20light%20regular%3A300%3Anormal\u00bb el_class=\u00bbtxt-display\u00bb][vc_separator color=\u00bbcustom\u00bb el_width=\u00bb20&#8243; accent_color=\u00bb#f8f8f8&#8243; el_class=\u00bbtxt-display\u00bb][vc_custom_heading text=\u00bbEntebbe \u21fe Parque Nacional Lk.Mburo \u21fe Bwindi Impenetrable \u21fe Parque Nacional Reina Isabel \u21fe Bosque de Kibale \u21fe Entebbe\u00bb font_container=\u00bbtag:h2|font_size:18|text_align:left|color:%23ffffff\u00bb google_fonts=\u00bbfont_family:Quicksand%3A300%2Cregular%2C700|font_style:300%20light%20regular%3A300%3Anormal\u00bb el_class=\u00bbtxt-display\u00bb][\/vc_column][\/vc_row][vc_row css=\u00bb.vc_custom_1690451343941{padding-top: 10px !important;}\u00bb][vc_column][vc_tta_tabs shape=\u00bbsquare\u00bb color=\u00bbjuicy-pink\u00bb alignment=\u00bbcenter\u00bb active_section=\u00bb1&#8243; no_fill_content_area=\u00bbtrue\u00bb][vc_tta_section title=\u00bbVisi\u00f3n general\u00bb tab_id=\u00bb1633892890537-5637ec0b-4c69&#8243;][vc_column_text]Experimenta las maravillas de Uganda. Comenzando en Kampala, te recibir\u00e1n en el aeropuerto y te llevar\u00e1n a tu hotel cerca del lago Victoria. Viaja al Parque Nacional Queen Isabel, donde te esperan emocionantes safaris y impresionantes paseos en barco, que ofrecen encuentros con una fauna diversa y paisajes impresionantes. Contin\u00faa hacia el Parque Nacional Impenetrable de Bwindi para una aventura \u00fanica en la vida de trekking de gorilas, rodeado de la belleza del bosque. Concluye tu safari por Uganda con un recorrido por la ciudad de Kigali, explorando la emotiva historia del lugar conmemorativo del genocidio. Reserva ahora tu safari y tus tours por Uganda para una experiencia africana inmersiva y cautivadora.[\/vc_column_text][\/vc_tta_section][vc_tta_section title=\u00bbPrograma\u00bb tab_id=\u00bb1633454673222-3d94f956-010c\u00bb][info_list_father connector_h=\u00bb20&#8243; listclr=\u00bb#f8f8f8&#8243;][info_list_son style=\u00bbicon\u00bb size=\u00bb15&#8243; width=\u00bb20&#8243; height=\u00bb20&#8243; titleclr=\u00bb#890000&#8243; icon=\u00bbfas fa-hiking\u00bb iconclr=\u00bb#890000&#8243; iconbg=\u00bb#f8f8f8&#8243; borderclr=\u00bb#f8f8f8&#8243; title=\u00bbD\u00cdA 1 : De Entebbe al Parque Nacional del Lago Mburo\u00bb]\n<ul>\n<li>Salida de Entebbe\/Kampala por la ma\u00f1ana para realizar un recorrido panor\u00e1mico por el Parque Nacional del Lago Mburo.<\/li>\n<li>En el camino, det\u00e9ngase en el Ecuador para tomar fotos y tener una breve experiencia del experimento \u00abHemisferio Norte y Sur\u00bb.<\/li>\n<li>Llegue a su albergue a tiempo para almorzar y relajarse.<\/li>\n<li>Por la tarde, emb\u00e1rcate en un safari en barco por el lago Mburo, avistando hipop\u00f3tamos, cocodrilos y diversas especies de aves.<\/li>\n<\/ul>\n<p> <em><strong> Opcional<\/strong>: Safari nocturno para ver cebras, impalas, b\u00fafalos y elands<\/em>.<\/p>\n<ul>\n<li>Cena y pasa la noche en el albergue<\/li>\n<\/ul>\n[\/info_list_son][info_list_son style=\u00bbicon\u00bb size=\u00bb15&#8243; width=\u00bb20&#8243; height=\u00bb20&#8243; titleclr=\u00bb#890000&#8243; icon=\u00bbfas fa-hiking\u00bb iconclr=\u00bb#890000&#8243; iconbg=\u00bb#f8f8f8&#8243; borderclr=\u00bb#f8f8f8&#8243; title=\u00bbD\u00cdA 2: Del lago Mburo al Impenetrable Bwindi\u00bb]\n<ul>\n<li>Disfrute de una caminata por la naturaleza temprano en la ma\u00f1ana o un safari antes del desayuno.<\/li>\n<li>Salida hacia el Parque Nacional Impenetrable de Bwindi. Haz una parada en el camino para almorzar y disfrutar de las espectaculares vistas de las colinas y los exuberantes paisajes de Uganda. <\/li>\n<li>Llegue a Bwindi a \u00faltima hora de la tarde, reg\u00edstrese en su albergue y rel\u00e1jese.<\/li>\n<li>Cena y pernocte en el albergue, rodeado de los m\u00edsticos bosques<\/li>\n<\/ul>\n[\/info_list_son][info_list_son style=\u00bbicon\u00bb size=\u00bb15&#8243; width=\u00bb20&#8243; height=\u00bb20&#8243; titleclr=\u00bb#890000&#8243; icon=\u00bbfas fa-hiking\u00bb iconclr=\u00bb#890000&#8243; iconbg=\u00bb#f8f8f8&#8243; borderclr=\u00bb#f8f8f8&#8243; title=\u00bbD\u00cdA 3: Trekking de Gorilas\u00bb]\n<ul>\n<li>Desayuno temprano, luego traslado a la sede del parque para una sesi\u00f3n informativa previa a la caminata.<\/li>\n<li>Comience su caminata por la densa selva tropical con guardabosques expertos, rastreando a una de las familias de gorilas habituadas.<\/li>\n<li>Una vez que los encuentres, pasa <strong>una hora m\u00e1gica<\/strong> observando sus comportamientos, interacciones y j\u00f3venes juguetones.<\/li>\n<li>Regreso al albergue para almorzar y relajarse.<\/li>\n<li>Tarde libre o <strong>actividades opcionales<\/strong>, como una visita a la comunidad Batwa, una caminata por el bosque o una caminata por el mirador panor\u00e1mico.<\/li>\n<li>Cena y pernocte en el lodge<\/li>\n<\/ul>\n[\/info_list_son][info_list_son style=\u00bbicon\u00bb size=\u00bb15&#8243; width=\u00bb20&#8243; height=\u00bb20&#8243; titleclr=\u00bb#890000&#8243; icon=\u00bbfas fa-hiking\u00bb iconclr=\u00bb#890000&#8243; iconbg=\u00bb#f8f8f8&#8243; borderclr=\u00bb#f8f8f8&#8243; title=\u00bbD\u00cdA 4: Bwindi Impenetrable al Parque Nacional de la Reina Isabel.\u00bb]\n<ul>\n<li>Despu\u00e9s del desayuno, salida hacia el Parque Nacional Reina Isabel, pasando por pintorescas tierras altas y plantaciones de t\u00e9.<\/li>\n<li>Llegue a su albergue a tiempo para el almuerzo y el check-in.<\/li>\n<li>Por la tarde, emb\u00e1rcate en un crucero en barco por el canal de Kazinga, donde ser\u00e1s testigo de grandes manadas de hipop\u00f3tamos, elefantes, cocodrilos y una incre\u00edble variedad de especies de aves.<\/li>\n<li>Cena y pernocte en el lodge, campamento u hotel.<\/li>\n<\/ul>\n[\/info_list_son][info_list_son style=\u00bbicon\u00bb size=\u00bb15&#8243; width=\u00bb20&#8243; height=\u00bb20&#8243; titleclr=\u00bb#890000&#8243; icon=\u00bbfas fa-hiking\u00bb iconclr=\u00bb#890000&#8243; iconbg=\u00bb#f8f8f8&#8243; borderclr=\u00bb#f8f8f8&#8243; title=\u00bbD\u00cdA 5: Del Parque Nacional de la Reina Isabel al bosque de Kibale\u00bb]\n<ul>\n<li>Safari temprano por la ma\u00f1ana en el sector de Ishasha, famoso por sus leones trepadores de \u00e1rboles.<\/li>\n<li>Observa elefantes, b\u00fafalos, kobs ugandeses y jabal\u00edes en su h\u00e1bitat natural.<\/li>\n<li>Despu\u00e9s del safari, contin\u00fae hasta el Parque Nacional Forestal Kibale, llegando a tiempo para almorzar en el albergue.<\/li>\n<li>Tarde libre, con una caminata opcional por la naturaleza alrededor de los lagos del cr\u00e1ter o una visita a una plantaci\u00f3n de t\u00e9 local.<\/li>\n<li>Cena y pernocte en el lodge, campamento o lodge.<\/li>\n<\/ul>\n[\/info_list_son][info_list_son style=\u00bbicon\u00bb size=\u00bb15&#8243; width=\u00bb20&#8243; height=\u00bb20&#8243; titleclr=\u00bb#890000&#8243; icon=\u00bbfas fa-hiking\u00bb iconclr=\u00bb#890000&#8243; iconbg=\u00bb#f8f8f8&#8243; borderclr=\u00bb#f8f8f8&#8243; title=\u00bbD\u00cdA 6: Trekking con chimpanc\u00e9s\u00bb]\n<ul>\n<li>Desayuno temprano, luego traslado al Centro de Visitantes de Kanyanchu para una sesi\u00f3n informativa sobre el trekking con chimpanc\u00e9s.<\/li>\n<li>Caminata guiada a trav\u00e9s del bosque de Kibale, rastreando a los chimpanc\u00e9s mientras se balancean por las copas de los \u00e1rboles e interact\u00faan en su entorno natural.<\/li>\n<li>Disfruta de un encuentro de <strong>una hora<\/strong> con los chimpanc\u00e9s, siendo testigo de sus fascinantes comportamientos.<\/li>\n<li>Regreso al albergue para almorzar y relajarse.<\/li>\n<li>Por la tarde, visite el Santuario de Humedales de Bigodi, hogar de monos, mariposas y m\u00e1s de 200 especies de aves.<\/li>\n<li>Cena y pernocte en el lodge, campamento u hotel.<\/li>\n<\/ul>\n[\/info_list_son][info_list_son style=\u00bbicon\u00bb size=\u00bb15&#8243; width=\u00bb20&#8243; height=\u00bb20&#8243; titleclr=\u00bb#890000&#8243; icon=\u00bbfas fa-hiking\u00bb iconclr=\u00bb#890000&#8243; iconbg=\u00bb#f8f8f8&#8243; borderclr=\u00bb#f8f8f8&#8243; title=\u00bbD\u00cdA 7: Bosque de Kibale a Entebbe\u00bb]\n<ul>\n<li>Disfrute de un desayuno relajado antes de partir hacia Entebbe\/Kampala.<\/li>\n<li>Haz una parada en el camino para almorzar y comprar recuerdos en los mercados de artesan\u00edas.<\/li>\n<li>Llegue a Entebbe a tiempo para su salida internacional o <em>una visita opcional al Centro de Educaci\u00f3n de Vida Silvestre de Uganda antes de su vuelo.<\/em><\/li>\n<\/ul>\n[\/info_list_son][\/info_list_father][\/vc_tta_section][vc_tta_section title=\u00bbInclusivo\/Exclusivo\u00bb tab_id=\u00bb1633455601016-f93699bc-5d92&#8243;][vc_row_inner][vc_column_inner width=\u00bb1\/2&#8243;][info_list_father listclr=\u00bb#f8f8f8&#8243;][info_list_son style=\u00bbicon\u00bb size=\u00bb15&#8243; width=\u00bb20&#8243; height=\u00bb20&#8243; titleclr=\u00bb#890000&#8243; icon=\u00bbfas fa-user-plus\u00bb iconclr=\u00bb#333333&#8243; title=\u00bbINCLUIDO\u00bb lineheight=\u00bb2&#8243;]\n<ul>\n<li><span style=\"font-size: 12pt;\">Tarifas del parque para visitar el parque.<\/span><\/li>\n<li><span style=\"font-size: 12pt;\">Agua ilimitada en el veh\u00edculo.<\/span><\/li>\n<li><span style=\"font-size: 12pt;\">Servicio de un conductor\/gu\u00eda profesional<\/span><\/li>\n<li><span style=\"font-size: 12pt;\">Transporte en un veh\u00edculo c\u00f3modo.<\/span><\/li>\n<\/ul>\n[\/info_list_son][\/info_list_father][\/vc_column_inner][vc_column_inner width=\u00bb1\/2&#8243;][info_list_father listclr=\u00bb#f8f8f8&#8243;][info_list_son style=\u00bbicon\u00bb size=\u00bb15&#8243; width=\u00bb20&#8243; height=\u00bb20&#8243; titleclr=\u00bb#890000&#8243; icon=\u00bbfas fa-user-minus\u00bb iconclr=\u00bb#333333&#8243; title=\u00bbEXCLUIDO\u00bb lineheight=\u00bb2&#8243;]\n<ul>\n<li>Alojamiento adicional antes y al final del tour.<\/li>\n<li>Consejos (Muy recomendable)<\/li>\n<li>Art\u00edculos personales (Souvenirs, seguro de viaje, tasas de visado, etc.)<\/li>\n<li>Fluctuaciones en los impuestos impuestos por el gobierno y\/o la tarifa del parque.<\/li>\n<\/ul>\n[\/info_list_son][\/info_list_father][\/vc_column_inner][\/vc_row_inner][\/vc_tta_section][\/vc_tta_tabs][\/vc_column][\/vc_row]\n","protected":false},"excerpt":{"rendered":"<p>[vc_row full_width=\u00bbstretch_row\u00bb gap=\u00bb1&#8243;][vc_column parallax=\u00bbcontent-moving\u00bb parallax_image=\u00bb29188&#8243; css=\u00bb.vc_custom_1741340313633{padding-top: 80px !important;padding-right: 80px !important;padding-bottom: 80px !important;padding-left: 80px !important;}\u00bb][vc_custom_heading text=\u00bbEl maravilloso safari de la naturaleza\u00bb font_container=\u00bbtag:h2|font_size:32|text_align:left|color:%23ffffff\u00bb google_fonts=\u00bbfont_family:Quicksand%3A300%2Cregular%2C700|font_style:400%20regular%3A400%3Anormal\u00bb el_class=\u00bbtxt-display\u00bb][vc_custom_heading text=\u00bb7 D\u00edas\u00bb font_container=\u00bbtag:h2|font_size:22|text_align:left|color:%23ffffff\u00bb google_fonts=\u00bbfont_family:Quicksand%3A300%2Cregular%2C700|font_style:300%20light%20regular%3A300%3Anormal\u00bb el_class=\u00bbtxt-display\u00bb][vc_separator color=\u00bbcustom\u00bb el_width=\u00bb20&#8243; accent_color=\u00bb#f8f8f8&#8243; el_class=\u00bbtxt-display\u00bb][vc_custom_heading text=\u00bbEntebbe \u21fe Parque Nacional Lk.Mburo \u21fe Bwindi Impenetrable \u21fe Parque Nacional Reina Isabel \u21fe Bosque de Kibale \u21fe Entebbe\u00bb font_container=\u00bbtag:h2|font_size:18|text_align:left|color:%23ffffff\u00bb google_fonts=\u00bbfont_family:Quicksand%3A300%2Cregular%2C700|font_style:300%20light%20regular%3A300%3Anormal\u00bb el_class=\u00bbtxt-display\u00bb][\/vc_column][\/vc_row][vc_row css=\u00bb.vc_custom_1690451343941{padding-top: [&hellip;]<\/p>\n","protected":false},"author":4,"featured_media":0,"parent":28054,"menu_order":9,"comment_status":"closed","ping_status":"closed","template":"","meta":{"_themeisle_gutenberg_block_has_review":false,"footnotes":""},"class_list":["post-32440","page","type-page","status-publish","hentry"],"_links":{"self":[{"href":"https:\/\/mufasatoursandtravels.com\/es\/wp-json\/wp\/v2\/pages\/32440","targetHints":{"allow":["GET"]}}],"collection":[{"href":"https:\/\/mufasatoursandtravels.com\/es\/wp-json\/wp\/v2\/pages"}],"about":[{"href":"https:\/\/mufasatoursandtravels.com\/es\/wp-json\/wp\/v2\/types\/page"}],"author":[{"embeddable":true,"href":"https:\/\/mufasatoursandtravels.com\/es\/wp-json\/wp\/v2\/users\/4"}],"replies":[{"embeddable":true,"href":"https:\/\/mufasatoursandtravels.com\/es\/wp-json\/wp\/v2\/comments?post=32440"}],"version-history":[{"count":9,"href":"https:\/\/mufasatoursandtravels.com\/es\/wp-json\/wp\/v2\/pages\/32440\/revisions"}],"predecessor-version":[{"id":44016,"href":"https:\/\/mufasatoursandtravels.com\/es\/wp-json\/wp\/v2\/pages\/32440\/revisions\/44016"}],"up":[{"embeddable":true,"href":"https:\/\/mufasatoursandtravels.com\/es\/wp-json\/wp\/v2\/pages\/28054"}],"wp:attachment":[{"href":"https:\/\/mufasatoursandtravels.com\/es\/wp-json\/wp\/v2\/media?parent=32440"}],"curies":[{"name":"wp","href":"https:\/\/api.w.org\/{rel}","templated":true}]}}