{"id":32923,"date":"2025-03-07T12:33:42","date_gmt":"2025-03-07T09:33:42","guid":{"rendered":"https:\/\/mufasatoursandtravels.com\/uganda-safari\/8-dias-secretos-de-la-selva\/"},"modified":"2026-01-29T11:43:27","modified_gmt":"2026-01-29T08:43:27","slug":"8-dias-secretos-de-la-selva","status":"publish","type":"page","link":"https:\/\/mufasatoursandtravels.com\/es\/uganda-safari\/8-dias-secretos-de-la-selva\/","title":{"rendered":"8 D\u00edas Secretos De La Selva"},"content":{"rendered":"[vc_row full_width=\u00bbstretch_row\u00bb gap=\u00bb1&#8243;][vc_column parallax=\u00bbcontent-moving\u00bb parallax_image=\u00bb3267&#8243; css=\u00bb.vc_custom_1768549617612{padding-top: 80px !important;padding-right: 80px !important;padding-bottom: 80px !important;padding-left: 80px !important;}\u00bb][vc_custom_heading text=\u00bbSecretos de la selva\u00bb font_container=\u00bbtag:h2|font_size:32|text_align:left|color:%23ffffff\u00bb google_fonts=\u00bbfont_family:Quicksand%3A300%2Cregular%2C700|font_style:400%20regular%3A400%3Anormal\u00bb el_class=\u00bbbanner-txt\u00bb][vc_custom_heading text=\u00bb8 d\u00edas | Carretera y entrada\u00bb font_container=\u00bbtag:h2|font_size:18|text_align:left|color:%23ffffff\u00bb google_fonts=\u00bbfont_family:Quicksand%3A300%2Cregular%2C700|font_style:400%20regular%3A400%3Anormal\u00bb el_class=\u00bbbanner-txt\u00bb][vc_separator color=\u00bbcustom\u00bb align=\u00bbalign_left\u00bb el_width=\u00bb20&#8243; accent_color=\u00bb#f8f8f8&#8243; el_class=\u00bbbanner-txt\u00bb][vc_custom_heading text=\u00bbCataratas Murchison \u21fe Bosque de Kibale \u21fe Parque Nacional de la Reina Isabel \u21fe Impenetrable de Bwindi \u21fe Entebbe\u00bb font_container=\u00bbtag:h2|font_size:18|text_align:left|color:%23ffffff\u00bb google_fonts=\u00bbfont_family:Quicksand%3A300%2Cregular%2C700|font_style:400%20regular%3A400%3Anormal\u00bb el_class=\u00bbbanner-txt\u00bb][\/vc_column][\/vc_row][vc_row css=\u00bb.vc_custom_1690451343941{padding-top: 10px !important;}\u00bb][vc_column][vc_tta_tabs shape=\u00bbsquare\u00bb color=\u00bbjuicy-pink\u00bb alignment=\u00bbcenter\u00bb active_section=\u00bb1&#8243; no_fill_content_area=\u00bbtrue\u00bb][vc_tta_section title=\u00bbVisi\u00f3n general\u00bb tab_id=\u00bb1633892890537-5637ec0b-4c69&#8243;][vc_column_text]Tu odisea africana comienza en las tranquilas orillas de lapisl\u00e1zuli del lago Victoria, un suave preludio de la grandeza cruda que se avecina. Desde los vientos con aroma salado del Parque Nacional Queen Elizabeth \u2014donde los leones observan las llanuras y el canal Kazinga rebosa vida\u2014 te dirigir\u00e1s hacia la antigua y esmeralda muralla de Bwindi. En esta catedral de \u00e1rboles, espera un encuentro silencioso y cara a cara con los gorilas de monta\u00f1a, un momento que trasciende lo ordinario. Tu viaje culmina en las colinas de Kigali, una ciudad de notable resiliencia, ofreciendo un emotivo homenaje a la fuerza del esp\u00edritu humano. Esto es Uganda, sin m\u00e1scara e inolvidable.    <\/p>\n<p>&nbsp;<\/p>\n<ul>\n<li>Safari en las cataratas Murchison y safari en barco por el Nilo<\/li>\n<li>Rastreo de chimpanc\u00e9s en el bosque de Kibale<\/li>\n<li>Crucero en barco por el canal de Kazinga en Queen Elizabeth<\/li>\n<li>Senderismo de gorilas en el Bosque Impenetrable de Bwindi<\/li>\n<li>Safari panor\u00e1mico por carretera a trav\u00e9s del oeste de Uganda<\/li>\n<li>Vuelo dom\u00e9stico que ahorra tiempo de regreso a Entebbe<\/li>\n<\/ul>\n[\/vc_column_text][\/vc_tta_section][vc_tta_section title=\u00bbPrograma\u00bb tab_id=\u00bb1633454673222-3d94f956-010c\u00bb][info_list_father connector_h=\u00bb20&#8243; listclr=\u00bb#f8f8f8&#8243;][info_list_son style=\u00bbicon\u00bb size=\u00bb15&#8243; width=\u00bb20&#8243; height=\u00bb20&#8243; titleclr=\u00bb#890000&#8243; icon=\u00bbfas fa-hiking\u00bb iconclr=\u00bb#890000&#8243; iconbg=\u00bb#f8f8f8&#8243; borderclr=\u00bb#f8f8f8&#8243; title=\u00bbD\u00cdA 1 : De Entebbe a las cataratas Murchison\u00bb]Sal de Entebbe por la ma\u00f1ana y conduce hacia el norte a trav\u00e9s del campo ugand\u00e9s en direcci\u00f3n al <strong>Parque Nacional de las Cataratas Murchison<\/strong>, la reserva de vida silvestre m\u00e1s grande y esc\u00e9nica de Uganda. Disfruta de una parada para comer en el camino. <\/p>\n<p>Llega al parque por la tarde y visita la <strong>cima de las cataratas<\/strong>, donde el Nilo atraviesa una estreta garganta en una exhibici\u00f3n poderosa. Contin\u00faa hacia tu alojamiento para hacer el check-in y relajarte. <\/p>\n<p><strong>Toda la noche:<\/strong> Murchison Falls en un refugio o campamento<br \/><strong>Comidas:<\/strong> Almuerzo y cena[\/info_list_son][info_list_son style=\u00bbicon\u00bb size=\u00bb15&#8243; width=\u00bb20&#8243; height=\u00bb20&#8243; titleclr=\u00bb#890000&#8243; icon=\u00bbfas fa-hiking\u00bb iconclr=\u00bb#890000&#8243; iconbg=\u00bb#f8f8f8&#8243; borderclr=\u00bb#f8f8f8&#8243; title=\u00bbD\u00cdA 2: Game Drive y paseo en barco por el Nilo\u00bb]Despu\u00e9s de un desayuno temprano, disfruta de un <strong>safari matutino<\/strong> por la orilla norte del Nilo. Estate atento a <strong>leones, elefantes, jirafas, b\u00fafalos, kob de Uganda y hartebeest<\/strong>. <\/p>\n<p>Por la tarde, haz un <strong>safari en barco a lo largo del Nilo<\/strong> hasta la base de las cataratas Murchison. Este relajante crucero ofrece excelentes avistamientos de <strong>hipop\u00f3tamos, cocodrilos del Nilo<\/strong> y abundante avifauna. <\/p>\n<p><strong>Toda la noche:<\/strong> Murchison Falls en un refugio o campamento<br \/><strong>Comidas:<\/strong> Desayuno, Comida y Cena[\/info_list_son][info_list_son style=\u00bbicon\u00bb size=\u00bb15&#8243; width=\u00bb20&#8243; height=\u00bb20&#8243; titleclr=\u00bb#890000&#8243; icon=\u00bbfas fa-hiking\u00bb iconclr=\u00bb#890000&#8243; iconbg=\u00bb#f8f8f8&#8243; borderclr=\u00bb#f8f8f8&#8243; title=\u00bbD\u00cdA 3: Cataratas Murchison al bosque de Kibale\u00bb]Despu\u00e9s del desayuno, salga de las cataratas Murchison y viaja hacia el suroeste a trav\u00e9s de paisajes cambiantes en direcci\u00f3n al <a href=\"http:\/\/www.mufasatoursandtravels.com\/destinations\/kibale-forest-national-park\/\"><strong>Parque Nacional del Bosque de Kibale<\/strong><\/a>, famoso por albergar la mayor concentraci\u00f3n de primates en \u00c1frica.<\/p>\n<p>Llega por la tarde, haz el check-in en tu lodge y disfruta del entorno del bosque.<\/p>\n<p><strong>Toda la noche:<\/strong> Kibale en un refugio o campamento<br \/><strong>Comidas:<\/strong> Desayuno, Comida y Cena[\/info_list_son][info_list_son style=\u00bbicon\u00bb size=\u00bb15&#8243; width=\u00bb20&#8243; height=\u00bb20&#8243; titleclr=\u00bb#890000&#8243; icon=\u00bbfas fa-hiking\u00bb iconclr=\u00bb#890000&#8243; iconbg=\u00bb#f8f8f8&#8243; borderclr=\u00bb#f8f8f8&#8243; title=\u00bbD\u00cdA 4: Trekking Chipanzee y Caminata por el Humedal Bigodi\u00bb]Despu\u00e9s del desayuno, dir\u00edgete a la sede del parque para una reuni\u00f3n informativa antes de tu <strong>experiencia rastreando chimpanc\u00e9s<\/strong> en el bosque de Kibale. Rastrea chimpanc\u00e9s y otros primates como colobos rojos y monos de L&#8217;Hoest. <\/p>\n<p>Por la tarde, visita el <strong>Santuario de Humedales de Bigodi<\/strong>, un proyecto comunitario rico en aves y encuentros culturales.<\/p>\n<p><strong>Toda la noche:<\/strong> Kibale en un refugio o campamento<br \/><strong>Comidas:<\/strong> Desayuno, Comida y Cena[\/info_list_son][info_list_son style=\u00bbicon\u00bb size=\u00bb15&#8243; width=\u00bb20&#8243; height=\u00bb20&#8243; titleclr=\u00bb#890000&#8243; icon=\u00bbfas fa-hiking\u00bb iconclr=\u00bb#890000&#8243; iconbg=\u00bb#f8f8f8&#8243; borderclr=\u00bb#f8f8f8&#8243; title=\u00bbD\u00cdA 5: Del bosque de Kibale al Parque Nacional Reina Isabel\u00bb]Conduce hacia el sur hasta <a href=\"http:\/\/www.mufasatoursandtravels.com\/destinations\/queen%20-elizabeth-national-park\/\"><strong>el Parque Nacional Queen Elizabeth<\/strong><\/a>, pasando por lagos de cr\u00e1teres y las estribaciones de las monta\u00f1as Rwenzori. Llega a tiempo para comer. <\/p>\n<p>Por la tarde, disfruta de un <strong>crucero en barco por el canal Kazinga,<\/strong> famoso por su densa concentraci\u00f3n de hipop\u00f3tamos, cocodrilos y aves acu\u00e1ticas.<\/p>\n<p><strong>Toda la noche:<\/strong> La reina Isabel en un lodge o campamento<br \/><strong>Comidas:<\/strong> Desayuno, Comida y Cena[\/info_list_son][info_list_son style=\u00bbicon\u00bb size=\u00bb15&#8243; width=\u00bb20&#8243; height=\u00bb20&#8243; titleclr=\u00bb#890000&#8243; icon=\u00bbfas fa-hiking\u00bb iconclr=\u00bb#890000&#8243; iconbg=\u00bb#f8f8f8&#8243; borderclr=\u00bb#f8f8f8&#8243; title=\u00bbD\u00cdA 6: Parque Nacional de la Reina Isabel a Bwindi Impenetrable\u00bb]Comienza el d\u00eda con un <strong>safari temprano por<\/strong> la ma\u00f1ana en el Parque Nacional Queen Elizabeth, que ofrece la oportunidad de ver elefantes, b\u00fafalos, ant\u00edlopes y leones.<\/p>\n<p>Despu\u00e9s del desayuno, conduce hacia el sur en direcci\u00f3n al <a href=\"http:\/\/www.mufasatoursandtravels.com\/destinations\/bwindi-impenetrable-forest\/\"><strong>Bosque Impenetrable de Bwindi<\/strong><\/a>, atravesando paisajes pintorescos y aldeas rurales. Llega a tu lodge por la tarde y rel\u00e1jate prepar\u00e1ndote para el trekking con gorilas. <\/p>\n<p><strong>Toda la noche:<\/strong> Bwindi en un lodge o campamento<br \/><strong>Comidas:<\/strong> Desayuno, Comida y Cena[\/info_list_son][info_list_son style=\u00bbicon\u00bb size=\u00bb15&#8243; width=\u00bb20&#8243; height=\u00bb20&#8243; titleclr=\u00bb#890000&#8243; icon=\u00bbfas fa-hiking\u00bb iconclr=\u00bb#890000&#8243; iconbg=\u00bb#f8f8f8&#8243; borderclr=\u00bb#f8f8f8&#8243; title=\u00bbD\u00cdA 7: Trekking de Gorilas\u00bb]Despu\u00e9s de un desayuno temprano, asiste a una reuni\u00f3n informativa de los guardabosques de la Autoridad de Vida Silvestre de Uganda antes de embarcarte en tu <strong>safari de trekking con gorilas<\/strong>.<\/p>\n<p>Atraviesa la densa selva en busca de una familia de gorilas habituada. Una vez localizados, disfruta <strong>de una hora inolvidable<\/strong> observando a los gorilas en su h\u00e1bitat natural \u2014 lo m\u00e1s destacado de cualquier safari en Uganda. <\/p>\n<p>Vuelve a tu alojamiento por la tarde para descansar o para una visita comunitaria opcional.<\/p>\n<p><strong>Toda la noche:<\/strong> Bwindi en un lodge o campamento<br \/><strong>Comidas:<\/strong> Desayuno, Comida y Cena[\/info_list_son][info_list_son style=\u00bbicon\u00bb size=\u00bb15&#8243; width=\u00bb20&#8243; height=\u00bb20&#8243; titleclr=\u00bb#890000&#8243; icon=\u00bbfas fa-hiking\u00bb iconclr=\u00bb#890000&#8243; iconbg=\u00bb#f8f8f8&#8243; borderclr=\u00bb#f8f8f8&#8243; title=\u00bbD\u00cdA 8: Vuelo panor\u00e1mico a Entebbe\u00bb]Despu\u00e9s del desayuno, haz transbordo a <strong>Kihihi o a la pista de aterrizaje de Kisoro<\/strong> para tu <strong>vuelo nacional programado de regreso a Entebbe<\/strong>.<\/p>\n<p>Llega a Entebbe a tiempo para tu vuelo internacional de continuaci\u00f3n, marcando el final de tu aventura de safari de 8 d\u00edas por Uganda.<\/p>\n<p><strong>Comidas:<\/strong> Desayuno[\/info_list_son][\/info_list_father][\/vc_tta_section][vc_tta_section title=\u00bbInclusivo\/Exclusivo\u00bb tab_id=\u00bb1633455601016-f93699bc-5d92&#8243;][vc_row_inner][vc_column_inner width=\u00bb1\/2&#8243;][info_list_father listclr=\u00bb#f8f8f8&#8243;][info_list_son style=\u00bbicon\u00bb size=\u00bb15&#8243; width=\u00bb20&#8243; height=\u00bb20&#8243; titleclr=\u00bb#890000&#8243; icon=\u00bbfas fa-user-plus\u00bb iconclr=\u00bb#890000&#8243; title=\u00bbINCLUIDO\u00bb lineheight=\u00bb2&#8243;]\n<ul>\n<li>Veh\u00edculo privado 4&#215;4 de safari con conductor-gu\u00eda profesional<\/li>\n<li>Todas las entradas al parque y actividades programadas<\/li>\n<li>Permiso de trekking con chimpanc\u00e9s (Kibale)<\/li>\n<li>Permiso de trekking para gorilas (Bwindi)<\/li>\n<li>Vuelo dom\u00e9stico Bwindi\u2013Entebbe<\/li>\n<li>Alojamiento y comidas seg\u00fan se indique<\/li>\n<\/ul>\n[\/info_list_son][\/info_list_father][\/vc_column_inner][vc_column_inner width=\u00bb1\/2&#8243;][info_list_father listclr=\u00bb#f8f8f8&#8243;][info_list_son style=\u00bbicon\u00bb size=\u00bb15&#8243; width=\u00bb20&#8243; height=\u00bb20&#8243; titleclr=\u00bb#890000&#8243; icon=\u00bbfas fa-user-minus\u00bb iconclr=\u00bb#890000&#8243; title=\u00bbEXCLUIDO\u00bb lineheight=\u00bb2&#8243;]\n<ul>\n<li>Cualquier cosa que no est\u00e9 en el Incluido.<\/li>\n<\/ul>\n[\/info_list_son][\/info_list_father][\/vc_column_inner][\/vc_row_inner][\/vc_tta_section][\/vc_tta_tabs][\/vc_column][\/vc_row]\n","protected":false},"excerpt":{"rendered":"<p>[vc_row full_width=\u00bbstretch_row\u00bb gap=\u00bb1&#8243;][vc_column parallax=\u00bbcontent-moving\u00bb parallax_image=\u00bb3267&#8243; css=\u00bb.vc_custom_1768549617612{padding-top: 80px !important;padding-right: 80px !important;padding-bottom: 80px !important;padding-left: 80px !important;}\u00bb][vc_custom_heading text=\u00bbSecretos de la selva\u00bb font_container=\u00bbtag:h2|font_size:32|text_align:left|color:%23ffffff\u00bb google_fonts=\u00bbfont_family:Quicksand%3A300%2Cregular%2C700|font_style:400%20regular%3A400%3Anormal\u00bb el_class=\u00bbbanner-txt\u00bb][vc_custom_heading text=\u00bb8 d\u00edas | Carretera y entrada\u00bb font_container=\u00bbtag:h2|font_size:18|text_align:left|color:%23ffffff\u00bb google_fonts=\u00bbfont_family:Quicksand%3A300%2Cregular%2C700|font_style:400%20regular%3A400%3Anormal\u00bb el_class=\u00bbbanner-txt\u00bb][vc_separator color=\u00bbcustom\u00bb align=\u00bbalign_left\u00bb el_width=\u00bb20&#8243; accent_color=\u00bb#f8f8f8&#8243; el_class=\u00bbbanner-txt\u00bb][vc_custom_heading text=\u00bbCataratas Murchison \u21fe Bosque de Kibale \u21fe Parque Nacional de la Reina Isabel \u21fe Impenetrable de Bwindi \u21fe Entebbe\u00bb font_container=\u00bbtag:h2|font_size:18|text_align:left|color:%23ffffff\u00bb [&hellip;]<\/p>\n","protected":false},"author":2,"featured_media":0,"parent":28054,"menu_order":10,"comment_status":"closed","ping_status":"closed","template":"","meta":{"_themeisle_gutenberg_block_has_review":false,"footnotes":""},"class_list":["post-32923","page","type-page","status-publish","hentry"],"_links":{"self":[{"href":"https:\/\/mufasatoursandtravels.com\/es\/wp-json\/wp\/v2\/pages\/32923","targetHints":{"allow":["GET"]}}],"collection":[{"href":"https:\/\/mufasatoursandtravels.com\/es\/wp-json\/wp\/v2\/pages"}],"about":[{"href":"https:\/\/mufasatoursandtravels.com\/es\/wp-json\/wp\/v2\/types\/page"}],"author":[{"embeddable":true,"href":"https:\/\/mufasatoursandtravels.com\/es\/wp-json\/wp\/v2\/users\/2"}],"replies":[{"embeddable":true,"href":"https:\/\/mufasatoursandtravels.com\/es\/wp-json\/wp\/v2\/comments?post=32923"}],"version-history":[{"count":20,"href":"https:\/\/mufasatoursandtravels.com\/es\/wp-json\/wp\/v2\/pages\/32923\/revisions"}],"predecessor-version":[{"id":44039,"href":"https:\/\/mufasatoursandtravels.com\/es\/wp-json\/wp\/v2\/pages\/32923\/revisions\/44039"}],"up":[{"embeddable":true,"href":"https:\/\/mufasatoursandtravels.com\/es\/wp-json\/wp\/v2\/pages\/28054"}],"wp:attachment":[{"href":"https:\/\/mufasatoursandtravels.com\/es\/wp-json\/wp\/v2\/media?parent=32923"}],"curies":[{"name":"wp","href":"https:\/\/api.w.org\/{rel}","templated":true}]}}