{"id":33081,"date":"2023-06-05T10:14:42","date_gmt":"2023-06-05T07:14:42","guid":{"rendered":"https:\/\/mufasatoursandtravels.com\/safari-por-carretera-en-kenia\/safaris-de-larga-estancia\/paquete-de-safari-en-tembea-kenia\/"},"modified":"2025-04-10T16:38:20","modified_gmt":"2025-04-10T13:38:20","slug":"paquete-de-safari-en-tembea-kenia","status":"publish","type":"page","link":"https:\/\/mufasatoursandtravels.com\/es\/safari-por-carretera-en-kenia\/safaris-de-larga-estancia\/paquete-de-safari-en-tembea-kenia\/","title":{"rendered":"Paquete de safari en Tembea, Kenia"},"content":{"rendered":"[vc_row full_width=\u00bbstretch_row\u00bb gap=\u00bb1&#8243;][vc_column parallax=\u00bbcontent-moving\u00bb parallax_image=\u00bb11270&#8243; css=\u00bb.vc_custom_1687418546706{padding-top: 80px !important;padding-right: 80px !important;padding-bottom: 80px !important;padding-left: 80px !important;}\u00bb][vc_custom_heading text=\u00bbSAFARI EN TEMBEA, KENIA\u00bb font_container=\u00bbtag:h1|font_size:32|text_align:center|color:%23ffffff\u00bb google_fonts=\u00bbfont_family:Roboto%3A100%2C100italic%2C300%2C300italic%2Cregular%2Citalic%2C500%2C500italic%2C700%2C700italic%2C900%2C900italic|font_style:400%20regular%3A400%3Anormal\u00bb][vc_separator color=\u00bbcustom\u00bb border_width=\u00bb2&#8243; el_width=\u00bb50&#8243; accent_color=\u00bb#f8f8f8&#8243;][vc_custom_heading text=\u00bbAberdare \u21fe L. Nakuru \u21fe Masai Mara \u21fe L. Naivasha \u21fe Amboseli \u21fe Diani\u00bb font_container=\u00bbtag:h2|font_size:18|text_align:center|color:%23ffffff\u00bb google_fonts=\u00bbfont_family:Roboto%3A100%2C100italic%2C300%2C300italic%2Cregular%2Citalic%2C500%2C500italic%2C700%2C700italic%2C900%2C900italic|font_style:400%20regular%3A400%3Anormal\u00bb][\/vc_column][\/vc_row][vc_row][vc_column css=\u00bb.vc_custom_1673438873315{border-top-width: 10px !important;border-right-width: 10px !important;border-bottom-width: 10px !important;border-left-width: 10px !important;}\u00bb][vc_tta_tabs shape=\u00bbsquare\u00bb color=\u00bbjuicy-pink\u00bb alignment=\u00bbcenter\u00bb active_section=\u00bb1&#8243; no_fill_content_area=\u00bbtrue\u00bb][vc_tta_section title=\u00bbPrograma\u00bb tab_id=\u00bb1633454673222-3d94f956-010c\u00bb][info_list_father listclr=\u00bb#f8f8f8&#8243;][info_list_son style=\u00bbicon\u00bb size=\u00bb10&#8243; width=\u00bb20&#8243; height=\u00bb20&#8243; titleclr=\u00bb#811a18&#8243; title=\u00bbDAY 1: Aberdare National Park\u00bb icon=\u00bbfas fa-dot-circle\u00bb iconclr=\u00bb#811a18&#8243; lineheight=\u00bb2&#8243;]\n<ul>\n<li>Depart Nairobi and head to Aberdare (approximately 3 hrs). Cruise through scenery, arriving in time for a stimulating buffet lunch at Aberdare Country Club.<\/li>\n<li>Check-in at the Arc Lodge Aberdare that overlooks scenic watering hole and enjoy game viewing of the beautiful park.<\/li>\n<li>Overnight stay at Aberdare.<\/li>\n<\/ul>\n[\/info_list_son][info_list_son style=\u00bbicon\u00bb size=\u00bb10&#8243; width=\u00bb20&#8243; height=\u00bb20&#8243; titleclr=\u00bb#811a18&#8243; icon=\u00bbfas fa-dot-circle\u00bb iconclr=\u00bb#811a18&#8243; title=\u00bbDAY 2: LAKE NAKURU NATIONAL PARK\u00bb lineheight=\u00bb2&#8243;]\n<ul>\n<li>Early Morning Breakfast at the Arc.<\/li>\n<li>Depart Aberdares for Lake Nakuru National Park (approx. 4-5 hours).<\/li>\n<li>Check-in at your lodge located near the lake.<\/li>\n<li>Embark on an afternoon game drive, known for its flamingo population.<\/li>\n<li>Afternoon Game drive at the Park till sunset.<\/li>\n<li>Dinner at the Lodge.<\/li>\n<li>Overnight stay at Lake Nakuru<\/li>\n<\/ul>\n[\/info_list_son][info_list_son style=\u00bbicon\u00bb size=\u00bb10&#8243; width=\u00bb20&#8243; height=\u00bb20&#8243; titleclr=\u00bb#811a18&#8243; icon=\u00bbfas fa-dot-circle\u00bb iconclr=\u00bb#811a18&#8243; title=\u00bbDAY 3: MASAI MARA GAME RESERVE\u00bb lineheight=\u00bb2&#8243;]\n<ul>\n<li>Early morning Breakfast at the Hotel.<\/li>\n<li>Depart Lake Nakuru for the world-famous Masai Mara.<\/li>\n<li>Arrive for lunch at your tented camp or lodge.<\/li>\n<li>Unwind and relax.<\/li>\n<li>Enjoy afternoon game drives to witness the incredible wildlife.<\/li>\n<li>Dinner at the Hotel.<\/li>\n<li>Retire for the Night.<\/li>\n<\/ul>\n[\/info_list_son][info_list_son style=\u00bbicon\u00bb size=\u00bb10&#8243; width=\u00bb20&#8243; height=\u00bb20&#8243; titleclr=\u00bb#811a18&#8243; icon=\u00bbfas fa-dot-circle\u00bb iconclr=\u00bb#811a18&#8243; title=\u00bbDAY 4: MASAI MARA GAME RESERVE\u00bb lineheight=\u00bb2&#8243;]\n<ul>\n<li>Enjoy an early breakfast at the Lodge\/Tented Camp<\/li>\n<li>Game Drive<\/li>\n<li>Immerse yourself in the Mara&#8217;s rich ecosystem and capture stunning photographs including of the Great Migration (season-dependent).<\/li>\n<li>Lunch Served as picnic in the Savannah<\/li>\n<li>Return to the Lodge\/Tented Camp<\/li>\n<li>Enjoy Dinner at the lodge and partake in activities at your leisure.<\/li>\n<\/ul>\n[\/info_list_son][info_list_son style=\u00bbicon\u00bb size=\u00bb10&#8243; width=\u00bb20&#8243; height=\u00bb20&#8243; titleclr=\u00bb#811a18&#8243; icon=\u00bbfas fa-dot-circle\u00bb iconclr=\u00bb#811a18&#8243; title=\u00bbDAY 5: LAKE NAIVASHA\u00bb lineheight=\u00bb2&#8243;]\n<ul>\n<li>Partake in an early morning Breakfast at the lodge.<\/li>\n<li>Depart Masai Mara and head to Lake Naivasha<\/li>\n<li>Check-in at your lakeside accommodation<\/li>\n<li>Enjoy Lunch at your Accommodation and relax and unwind.<\/li>\n<li>Take a boat ride on the lake and visit Crescent Island, known for its wildlife<\/li>\n<li>Return to your lodge for a scrumptious dinner and retire for the night.<\/li>\n<\/ul>\n[\/info_list_son][info_list_son style=\u00bbicon\u00bb size=\u00bb10&#8243; width=\u00bb20&#8243; height=\u00bb20&#8243; titleclr=\u00bb#811a18&#8243; icon=\u00bbfas fa-dot-circle\u00bb iconclr=\u00bb#811a18&#8243; title=\u00bbDAY 6: LAKE NAIVASHA\u00bb lineheight=\u00bb2&#8243;]\n<ul>\n<li>Early Moring Breakfast at the Lodge<\/li>\n<li>Explore Hells Gate National Park on a cycling or walking safari (at an extra cost)<\/li>\n<li>Optional activities include birdwatching, horseback riding, or a visit to Elsamere Conservation Centre (at an extra cost)<\/li>\n<li>Retire to the lodge for a delectable dinner and partake in activities of your choosing or retire for the night at your leisure.<\/li>\n<\/ul>\n[\/info_list_son][info_list_son style=\u00bbicon\u00bb size=\u00bb10&#8243; width=\u00bb20&#8243; height=\u00bb20&#8243; titleclr=\u00bb#811a18&#8243; icon=\u00bbfas fa-dot-circle\u00bb iconclr=\u00bb#811a18&#8243; title=\u00bbDAY 7: AMBOSELI NATIONAL PARK\u00bb lineheight=\u00bb2&#8243;]\n<ul>\n<li>Enjoy a hearty early morning breakfast.<\/li>\n<li>Depart Lake Naivasha for Amboseli National Park<\/li>\n<li>Check-in at your lodge with stunning views of Mount Kilimanjaro<\/li>\n<li>Relax and unwind at your leisure.<\/li>\n<li>Indulge in dinner at the lodge and retire for the night.<\/li>\n<\/ul>\n[\/info_list_son][info_list_son style=\u00bbicon\u00bb size=\u00bb10&#8243; width=\u00bb20&#8243; height=\u00bb20&#8243; titleclr=\u00bb#811a18&#8243; icon=\u00bbfas fa-dot-circle\u00bb iconclr=\u00bb#811a18&#8243; title=\u00bbDAY 8: AMBOSELI NATIONAL PARK\u00bb lineheight=\u00bb2&#8243;]\n<ul>\n<li>Enjoy a hearty early morning breakfast.<\/li>\n<li>Marvel at the majestic Mount Kilimanjaro and capture memorable photographs<\/li>\n<li>Embark upon a game drive to experience all the flora and fauna indigenous to that region.<\/li>\n<li>Lunch is served Picnic Style in the Bush.<\/li>\n<li>Continue of the scenic game drive taking in the scenery and making new memories.<\/li>\n<li>Retire to the Lodge for a delicious meal and to unwind at your leisure.<\/li>\n<li>Retire for the night.<\/li>\n<\/ul>\n[\/info_list_son][info_list_son style=\u00bbicon\u00bb size=\u00bb10&#8243; width=\u00bb20&#8243; height=\u00bb20&#8243; titleclr=\u00bb#811a18&#8243; icon=\u00bbfas fa-dot-circle\u00bb iconclr=\u00bb#811a18&#8243; title=\u00bbDAY 9:AMBOSELI NATIONAL PARK TO DIANI BEACH\u00bb lineheight=\u00bb2&#8243;]\n<ul>\n<li>Early morning breakfast at the lodge.<\/li>\n<li>Depart Amboseli for Emali Train Station for the 9 AM train.<\/li>\n<li>Board the train and head for Mombasa arriving at 2pm.<\/li>\n<li>Meet and Great team from Mufasa will receive you at the strain station and transfer you to the resort.<\/li>\n<li>Check-in at your resort and enjoy the beauty of the Indian Ocean<\/li>\n<li>Relax on the white sandy beaches, swim in turquoise waters, and indulge in water sports (at an extra cost.<\/li>\n<li>Unwind at your leisure<\/li>\n<li>Enjoy a sumptuous dinner and retire at your leisure.<\/li>\n<\/ul>\n[\/info_list_son][info_list_son style=\u00bbicon\u00bb size=\u00bb10&#8243; width=\u00bb20&#8243; height=\u00bb20&#8243; titleclr=\u00bb#811a18&#8243; icon=\u00bbfas fa-dot-circle\u00bb iconclr=\u00bb#811a18&#8243; title=\u00bbDAY 10 &amp; 11 : DIANI BEACH\u00bb lineheight=\u00bb2&#8243;]\n<ul>\n<li>Enjoy a filling morning breakfast at the resort.<\/li>\n<li>Relax on the white sandy beaches, swim in turquoise waters, and indulge in water sports (at an extra cost.<\/li>\n<li>Optional activities include snorkelling, scuba diving, or exploring nearby marine reserves (at an extra cost)<\/li>\n<li>Enjoy Lunch at your resort while indulging in marvellous seafood and coastal inspired dishes.<\/li>\n<li>Take time to unwind, soak up the sun, and enjoy the vibrant beach atmosphere.<\/li>\n<li>Partake in activities of your choosing at your leisure<\/li>\n<li>Enjoy a scrumptious dinner at the resort and retire to prepare for your upcoming Journey back.<\/li>\n<\/ul>\n[\/info_list_son][info_list_son style=\u00bbicon\u00bb size=\u00bb10&#8243; width=\u00bb20&#8243; height=\u00bb20&#8243; titleclr=\u00bb#811a18&#8243; icon=\u00bbfas fa-dot-circle\u00bb iconclr=\u00bb#811a18&#8243; title=\u00bbDAY 12 : DIANI BEACH TO NAIROBI\u00bb lineheight=\u00bb2&#8243;]\n<ul>\n<li>Enjoy a tasty breakfast at the resort.<\/li>\n<li>Check out from the resort where our hospitality team will be waiting to meet you and facilitate your transfer to Ukunda Airstrip.<\/li>\n<li>Departure and Transfer to the airport.<\/li>\n<\/ul>\n[\/info_list_son][\/info_list_father][vc_btn title=\u00bbObtener una cotizaci\u00f3n\u00bb style=\u00bboutline-custom\u00bb outline_custom_color=\u00bb#890000&#8243; outline_custom_hover_background=\u00bb#890000&#8243; outline_custom_hover_text=\u00bb#ffffff\u00bb shape=\u00bbsquare\u00bb size=\u00bbsm\u00bb align=\u00bbcenter\u00bb i_align=\u00bbright\u00bb i_icon_fontawesome=\u00bbfas fa-angle-right\u00bb add_icon=\u00bbtrue\u00bb link=\u00bburl:https%3A%2F%2Fmufasatoursandtravels.com%2Fes%2Fsolicite-un-presupuesto%2F|title:Solicite%20un%20presupuesto|\u00bb][\/vc_tta_section][vc_tta_section title=\u00bbInclusivo\/Exclusivo\u00bb tab_id=\u00bb1633455601016-f93699bc-5d92&#8243;][vc_row_inner][vc_column_inner width=\u00bb1\/2&#8243;][info_list_father listclr=\u00bb#f8f8f8&#8243;][info_list_son style=\u00bbicon\u00bb size=\u00bb15&#8243; width=\u00bb20&#8243; height=\u00bb20&#8243; titleclr=\u00bb#890000&#8243; icon=\u00bbfas fa-plus-circle\u00bb iconclr=\u00bb#890000&#8243; title=\u00bbINCLUIDO\u00bb lineheight=\u00bb2&#8243; iconbg=\u00bb#f8f8f8&#8243;]\n<ul>\n<li>Tarifas del parque para el parque declaradas.<\/li>\n<li>Transporte en furgoneta de techo abierto.<\/li>\n<li>Servicio de un gu\u00eda conductor profesional.<\/li>\n<li>Comidas en pensi\u00f3n completa en el albergue \/ campamento.<\/li>\n<li>9 noches de alojamiento en el respectivo hotel indicado.<\/li>\n<li>Agua ilimitada en el veh\u00edculo.<\/li>\n<\/ul>\n<p>&nbsp;[\/info_list_son][\/info_list_father][\/vc_column_inner][vc_column_inner width=\u00bb1\/2&#8243;][info_list_father listclr=\u00bb#f8f8f8&#8243;][info_list_son style=\u00bbicon\u00bb size=\u00bb15&#8243; width=\u00bb20&#8243; height=\u00bb20&#8243; titleclr=\u00bb#890000&#8243; icon=\u00bbfas fa-minus-circle\u00bb iconclr=\u00bb#811a18&#8243; title=\u00bbEXCLUIDOS\u00bb lineheight=\u00bb2&#8243; iconbg=\u00bb#f8f8f8&#8243;]\n<ul>\n<li>Visita cultural a la aldea Masai @ $ 20 por persona.<\/li>\n<li>Propinas para gu\u00eda del conductor (<strong>Muy recomendable<\/strong>).<\/li>\n<li>Art\u00edculos personales (Souvenirs, seguro de viaje, tasas de visado, etc.).<\/li>\n<li>Alojamiento adicional antes y al final del tour.<\/li>\n<li>El gobierno impuso un aumento en los impuestos y\/o tarifas del parque.<\/li>\n<li>Paseos en globo aerost\u00e1tico @ $505 por adulto \/ $380 por ni\u00f1o (<strong>menores de 18 a\u00f1os<\/strong>).<\/li>\n<\/ul>\n<p>&nbsp;[\/info_list_son][\/info_list_father][\/vc_column_inner][\/vc_row_inner][\/vc_tta_section][\/vc_tta_tabs][\/vc_column][\/vc_row][vc_row][vc_column el_id=\u00bbdisclaimer\u00bb][vc_column_text]\n<p style=\"text-align: left;\"><strong>RENUNCIA.<\/strong><\/p>\n<ul>\n<li>Este tour es ofrecido por <a href=\"https:\/\/mufasatoursandtravels.com\/es\/\">Mufasa Tours and Travels<\/a>.<\/li>\n<li>Todos nuestros safaris son privados.<\/li>\n<li>Los ni\u00f1os de 0 a 2 a\u00f1os entran gratis.<\/li>\n<li>Los ni\u00f1os de 3 a 12 a\u00f1os pagan el 50% de la tarifa de adulto si comparten la misma habitaci\u00f3n con adultos.<\/li>\n<li>Los ni\u00f1os de 3 a 12 a\u00f1os pagan el 75% de la tarifa de adulto si se alojan en su propia habitaci\u00f3n separada de los adultos.<\/li>\n<li>Los ni\u00f1os mayores de 12 a\u00f1os son reconocidos como adultos en campamentos y albergues.<\/li>\n<li>Nos reservamos el derecho de cambiar el programa tal como se anuncia.<\/li>\n<li>Si un alojamiento est\u00e1 completo, sugeriremos opciones alternativas comparables.<\/li>\n<li>El pedido exacto, el contenido y las tarifas de este tour est\u00e1n sujetos a disponibilidad.<\/li>\n<li>Este tour est\u00e1 sujeto a los <a href=\"https:\/\/mufasatoursandtravels.com\/es\/terminos-y-condiciones\/\">t\u00e9rminos y condiciones<\/a> de <a href=\"https:\/\/mufasatoursandtravels.com\/es\/\">Mufasa Tours and Travels.<\/a><\/li>\n<\/ul>\n[\/vc_column_text][\/vc_column][\/vc_row]\n","protected":false},"excerpt":{"rendered":"<p>[vc_row full_width=\u00bbstretch_row\u00bb gap=\u00bb1&#8243;][vc_column parallax=\u00bbcontent-moving\u00bb parallax_image=\u00bb11270&#8243; css=\u00bb.vc_custom_1687418546706{padding-top: 80px !important;padding-right: 80px !important;padding-bottom: 80px !important;padding-left: 80px !important;}\u00bb][vc_custom_heading text=\u00bbSAFARI EN TEMBEA, KENIA\u00bb font_container=\u00bbtag:h1|font_size:32|text_align:center|color:%23ffffff\u00bb google_fonts=\u00bbfont_family:Roboto%3A100%2C100italic%2C300%2C300italic%2Cregular%2Citalic%2C500%2C500italic%2C700%2C700italic%2C900%2C900italic|font_style:400%20regular%3A400%3Anormal\u00bb][vc_separator color=\u00bbcustom\u00bb border_width=\u00bb2&#8243; el_width=\u00bb50&#8243; accent_color=\u00bb#f8f8f8&#8243;][vc_custom_heading text=\u00bbAberdare \u21fe L. Nakuru \u21fe Masai Mara \u21fe L. Naivasha \u21fe Amboseli \u21fe Diani\u00bb font_container=\u00bbtag:h2|font_size:18|text_align:center|color:%23ffffff\u00bb google_fonts=\u00bbfont_family:Roboto%3A100%2C100italic%2C300%2C300italic%2Cregular%2Citalic%2C500%2C500italic%2C700%2C700italic%2C900%2C900italic|font_style:400%20regular%3A400%3Anormal\u00bb][\/vc_column][\/vc_row][vc_row][vc_column css=\u00bb.vc_custom_1673438873315{border-top-width: 10px !important;border-right-width: 10px !important;border-bottom-width: 10px !important;border-left-width: 10px !important;}\u00bb][vc_tta_tabs shape=\u00bbsquare\u00bb color=\u00bbjuicy-pink\u00bb alignment=\u00bbcenter\u00bb active_section=\u00bb1&#8243; no_fill_content_area=\u00bbtrue\u00bb][vc_tta_section title=\u00bbPrograma\u00bb [&hellip;]<\/p>\n","protected":false},"author":1,"featured_media":0,"parent":27935,"menu_order":4,"comment_status":"closed","ping_status":"closed","template":"","meta":{"_themeisle_gutenberg_block_has_review":false,"footnotes":""},"class_list":["post-33081","page","type-page","status-publish","hentry"],"_links":{"self":[{"href":"https:\/\/mufasatoursandtravels.com\/es\/wp-json\/wp\/v2\/pages\/33081","targetHints":{"allow":["GET"]}}],"collection":[{"href":"https:\/\/mufasatoursandtravels.com\/es\/wp-json\/wp\/v2\/pages"}],"about":[{"href":"https:\/\/mufasatoursandtravels.com\/es\/wp-json\/wp\/v2\/types\/page"}],"author":[{"embeddable":true,"href":"https:\/\/mufasatoursandtravels.com\/es\/wp-json\/wp\/v2\/users\/1"}],"replies":[{"embeddable":true,"href":"https:\/\/mufasatoursandtravels.com\/es\/wp-json\/wp\/v2\/comments?post=33081"}],"version-history":[{"count":1,"href":"https:\/\/mufasatoursandtravels.com\/es\/wp-json\/wp\/v2\/pages\/33081\/revisions"}],"predecessor-version":[{"id":33090,"href":"https:\/\/mufasatoursandtravels.com\/es\/wp-json\/wp\/v2\/pages\/33081\/revisions\/33090"}],"up":[{"embeddable":true,"href":"https:\/\/mufasatoursandtravels.com\/es\/wp-json\/wp\/v2\/pages\/27935"}],"wp:attachment":[{"href":"https:\/\/mufasatoursandtravels.com\/es\/wp-json\/wp\/v2\/media?parent=33081"}],"curies":[{"name":"wp","href":"https:\/\/api.w.org\/{rel}","templated":true}]}}