{"id":33098,"date":"2022-05-31T12:08:40","date_gmt":"2022-05-31T09:08:40","guid":{"rendered":"https:\/\/mufasatoursandtravels.com\/uganda-safari\/4-dias-safari-de-seguimiento-de-primates\/"},"modified":"2026-01-29T11:32:36","modified_gmt":"2026-01-29T08:32:36","slug":"4-dias-safari-de-seguimiento-de-primates","status":"publish","type":"page","link":"https:\/\/mufasatoursandtravels.com\/es\/uganda-safari\/4-dias-safari-de-seguimiento-de-primates\/","title":{"rendered":"4 D\u00edas Safari de Seguimiento de Primates"},"content":{"rendered":"[vc_row full_width=\u00bbstretch_row\u00bb gap=\u00bb1&#8243;][vc_column parallax=\u00bbcontent-moving\u00bb parallax_image=\u00bb4087&#8243; parallax_speed_bg=\u00bb1.1&#8243; css=\u00bb.vc_custom_1768548754099{padding-top: 80px !important;padding-right: 80px !important;padding-bottom: 80px !important;padding-left: 80px !important;}\u00bb][vc_custom_heading text=\u00bbSafari de seguimiento de primates\u00bb font_container=\u00bbtag:h2|font_size:32|text_align:left|color:%23ffffff\u00bb google_fonts=\u00bbfont_family:Quicksand%3A300%2Cregular%2C700|font_style:400%20regular%3A400%3Anormal\u00bb el_class=\u00bbbanner-txt\u00bb][vc_custom_heading text=\u00bb4 d\u00edas | Volar de vuelta a Entebbe\u00bb font_container=\u00bbtag:h2|font_size:22|text_align:left|color:%23ffffff\u00bb google_fonts=\u00bbfont_family:Quicksand%3A300%2Cregular%2C700|font_style:400%20regular%3A400%3Anormal\u00bb el_class=\u00bbbanner-txt\u00bb][vc_separator color=\u00bbcustom\u00bb align=\u00bbalign_left\u00bb el_width=\u00bb20&#8243; accent_color=\u00bb#f8f8f8&#8243; el_class=\u00bbbanner-txt\u00bb][vc_custom_heading text=\u00bbParque Nacional del Lago Mburo \u21fe Bwindi Impenetrable\u00bb font_container=\u00bbtag:h2|font_size:18|text_align:left|color:%23ffffff\u00bb google_fonts=\u00bbfont_family:Quicksand%3A300%2Cregular%2C700|font_style:300%20light%20regular%3A300%3Anormal\u00bb el_class=\u00bbbanner-txt\u00bb][\/vc_column][\/vc_row][vc_row][vc_column css=\u00bb.vc_custom_1678436420411{border-top-width: 10px !important;border-right-width: 10px !important;border-bottom-width: 10px !important;border-left-width: 10px !important;}\u00bb][vc_tta_tabs shape=\u00bbsquare\u00bb color=\u00bbjuicy-pink\u00bb alignment=\u00bbcenter\u00bb active_section=\u00bb1&#8243; no_fill_content_area=\u00bbtrue\u00bb][vc_tta_section title=\u00bbVisi\u00f3n general\u00bb tab_id=\u00bb1633892890537-5637ec0b-4c69&#8243;][vc_column_text]Avent\u00farate en los frondosos bosques de Uganda en un safari de seguimiento de primates. Rastrea chimpanc\u00e9s en el Parque Nacional Forestal de Kibale o camina por las brumosas selvas de la Reserva Forestal de Budongo en busca de los escurridizos y en peligro de extinci\u00f3n de los chimpanc\u00e9s. En el camino, es posible que te encuentres con otros primates, como monos colobos, monos de cola roja y babuinos, que te proporcionan una visi\u00f3n fascinante de sus comportamientos y h\u00e1bitats naturales.  <\/p>\n<p>&nbsp;<\/p>\n<ul>\n<li>Safari panor\u00e1mico por carretera por el suroeste de Uganda<\/li>\n<li>Safaris de fauna y senderismo en el Parque Nacional del Lago Mburo<\/li>\n<li>Senderismo \u00fanico en la vida con gorilas en Bwindi<\/li>\n<li>Vuelo dom\u00e9stico que ahorra tiempo de regreso a Entebbe<\/li>\n<li>Conexi\u00f3n ideal para viajes internacionales posteriores<\/li>\n<\/ul>\n[\/vc_column_text][\/vc_tta_section][vc_tta_section title=\u00bbPrograma\u00bb tab_id=\u00bb1633454673222-3d94f956-010c\u00bb][info_list_father listclr=\u00bb#f8f8f8&#8243;][info_list_son style=\u00bbicon\u00bb size=\u00bb15&#8243; width=\u00bb20&#8243; height=\u00bb20&#8243; titleclr=\u00bb#811a18&#8243; title=\u00bbD\u00cdA 1: De Entebbe al Parque Nacional del Lago Mburo\u00bb icon=\u00bbfas fa-hiking\u00bb iconclr=\u00bb#811a18&#8243; lineheight=\u00bb2&#8243; iconbg=\u00bb#f8f8f8&#8243; borderclr=\u00bb#f8f8f8&#8243;]Sal de Entebbe por la ma\u00f1ana y conduce hacia el suroeste atravesando colinas onduladas, granjas ganaderas y paisajes tradicionales de Ankole. Disfruta de una parada para comer en el camino. <\/p>\n<p>Llega al <strong>Parque Nacional Lake Mburo<\/strong> por la tarde y haz el check-in en tu lodge. M\u00e1s tarde, disfruta de un <strong>safari nocturno<\/strong> o <strong>de un paseo guiado por la naturaleza<\/strong>, una experiencia \u00fanica en el lago Mburo donde se permiten safaris a pie. <\/p>\n<p>Ofrece la oportunidad de ver <strong>cebras, impalas, elands, b\u00fafalos<\/strong> y una gran variedad de aves. Si la naturaleza lo permite. <\/p>\n<p><strong>Toda la noche:<\/strong> Lago Mburo en un refugio o campamento<br \/><strong>Plan de comidas:<\/strong> Almuerzo y cena[\/info_list_son][info_list_son style=\u00bbicon\u00bb size=\u00bb15&#8243; width=\u00bb20&#8243; height=\u00bb20&#8243; titleclr=\u00bb#811a18&#8243; title=\u00bbD\u00cdA 2: Parque Nacional del Lago Mburo al Parque Nacional Impenetrable de Bwindi.\u00bb icon=\u00bbfas fa-hiking\u00bb iconclr=\u00bb#811a18&#8243; lineheight=\u00bb2&#8243; iconbg=\u00bb#f8f8f8&#8243; borderclr=\u00bb#f8f8f8&#8243;]Despu\u00e9s de un desayuno temprano, disfruta de un <strong>safari matutino<\/strong> o de <strong>un paseo opcional en barco por el lago Mburo<\/strong>, que ofrece una excelente observaci\u00f3n de aves y oportunidades para avistar hipop\u00f3tamos y cocodrilos.<\/p>\n<p>Abandona el lago Mburo a media ma\u00f1ana y contin\u00faa hacia el sur en direcci\u00f3n al <strong>Bosque Impenetrable de Bwindi<\/strong>, pasando por plantaciones de t\u00e9 y paisajes altiplanos.<\/p>\n<p>Llega a tu refugio en Bwindi por la tarde. Pasa el resto del d\u00eda relaj\u00e1ndote y prepar\u00e1ndote para la ruta de gorilas del d\u00eda siguiente. <\/p>\n<p><strong>Toda la noche:<\/strong> Bwindi en un lodge o campamento<br \/><strong>Comidas:<\/strong> Desayuno, Comida y Cena[\/info_list_son][info_list_son style=\u00bbicon\u00bb size=\u00bb15&#8243; width=\u00bb20&#8243; height=\u00bb20&#8243; titleclr=\u00bb#811a18&#8243; title=\u00bbD\u00cdA 3: Trekking de Gorilas\u00bb icon=\u00bbfas fa-hiking\u00bb iconclr=\u00bb#811a18&#8243; lineheight=\u00bb2&#8243; iconbg=\u00bb#f8f8f8&#8243; borderclr=\u00bb#f8f8f8&#8243;]Despu\u00e9s de un desayuno temprano, transfiere a la sede del parque para una reuni\u00f3n informativa antes de embarcarte en tu <strong>experiencia de trekking de gorilas<\/strong>. Acompa\u00f1ados de gu\u00edas expertos y guardabosques, atraviesa el denso bosque en busca de una familia de gorilas habituada. <\/p>\n<p>Una vez localizado, pasar\u00e1s <strong>una hora m\u00e1gica<\/strong> observando a estos gigantes amables en su h\u00e1bitat natural \u2014 un encuentro inolvidable con la fauna.<\/p>\n<p>Vuelve al lodge por la tarde para relajarte o disfrutar de una visita opcional a la comunidad.<\/p>\n<p><strong>Toda la noche:<\/strong> Bwindi en un lodge o campamento<br \/><strong>Comidas:<\/strong> Desayuno, Comida y Cena[\/info_list_son][info_list_son style=\u00bbicon\u00bb size=\u00bb15&#8243; width=\u00bb20&#8243; height=\u00bb20&#8243; titleclr=\u00bb#811a18&#8243; title=\u00bbD\u00cdA 4: Vuelo panor\u00e1mico a Entebbe\u00bb icon=\u00bbfas fa-hiking\u00bb iconclr=\u00bb#811a18&#8243; lineheight=\u00bb2&#8243; iconbg=\u00bb#f8f8f8&#8243; borderclr=\u00bb#f8f8f8&#8243;]Despu\u00e9s del desayuno, haz transbordo a <strong>Kihihi o a la pista de aterrizaje de Kisoro<\/strong> para tu vuelo nacional programado de regreso a Entebbe.<\/p>\n<p>Llega a Entebbe a tiempo para tu <strong>vuelo internacional de continuaci\u00f3n<\/strong>, marcando el final de tu safari por Uganda.<\/p>\n<p><strong>Plan de comidas:<\/strong> Desayuno[\/info_list_son][\/info_list_father][\/vc_tta_section][vc_tta_section title=\u00bbInclusivo\/Exclusivo\u00bb tab_id=\u00bb1633455601016-f93699bc-5d92&#8243;][vc_row_inner][vc_column_inner width=\u00bb1\/2&#8243;][info_list_father listclr=\u00bb#f8f8f8&#8243;][info_list_son style=\u00bbicon\u00bb size=\u00bb15&#8243; width=\u00bb20&#8243; height=\u00bb20&#8243; titleclr=\u00bb#890000&#8243; icon=\u00bbfas fa-user-plus\u00bb iconclr=\u00bb#890000&#8243; title=\u00bbINCLUIDO\u00bb lineheight=\u00bb2&#8243;]\n<ul>\n<li>Veh\u00edculo privado 4&#215;4 de safari y gu\u00eda profesional del conductor<\/li>\n<li>Tasas de entrada y actividades al parque seg\u00fan se indica<\/li>\n<li>Permiso de trekking por gorilas (Uganda)<\/li>\n<li>Vuelo dom\u00e9stico Bwindi\u2013Entebbe<\/li>\n<li>Alojamiento y comidas seg\u00fan lo especificado.<\/li>\n<\/ul>\n[\/info_list_son][\/info_list_father][\/vc_column_inner][vc_column_inner width=\u00bb1\/2&#8243;][info_list_father listclr=\u00bb#f8f8f8&#8243;][info_list_son style=\u00bbicon\u00bb size=\u00bb15&#8243; width=\u00bb20&#8243; height=\u00bb20&#8243; titleclr=\u00bb#890000&#8243; icon=\u00bbfas fa-user-minus\u00bb iconclr=\u00bb#890000&#8243; title=\u00bbEXCLUIDO\u00bb lineheight=\u00bb2&#8243;]\n<ul>\n<li>Cualquier cosa que no est\u00e9 en el Incluido.<\/li>\n<\/ul>\n[\/info_list_son][\/info_list_father][\/vc_column_inner][\/vc_row_inner][\/vc_tta_section][\/vc_tta_tabs][\/vc_column][\/vc_row]\n","protected":false},"excerpt":{"rendered":"<p>[vc_row full_width=\u00bbstretch_row\u00bb gap=\u00bb1&#8243;][vc_column parallax=\u00bbcontent-moving\u00bb parallax_image=\u00bb4087&#8243; parallax_speed_bg=\u00bb1.1&#8243; css=\u00bb.vc_custom_1768548754099{padding-top: 80px !important;padding-right: 80px !important;padding-bottom: 80px !important;padding-left: 80px !important;}\u00bb][vc_custom_heading text=\u00bbSafari de seguimiento de primates\u00bb font_container=\u00bbtag:h2|font_size:32|text_align:left|color:%23ffffff\u00bb google_fonts=\u00bbfont_family:Quicksand%3A300%2Cregular%2C700|font_style:400%20regular%3A400%3Anormal\u00bb el_class=\u00bbbanner-txt\u00bb][vc_custom_heading text=\u00bb4 d\u00edas | Volar de vuelta a Entebbe\u00bb font_container=\u00bbtag:h2|font_size:22|text_align:left|color:%23ffffff\u00bb google_fonts=\u00bbfont_family:Quicksand%3A300%2Cregular%2C700|font_style:400%20regular%3A400%3Anormal\u00bb el_class=\u00bbbanner-txt\u00bb][vc_separator color=\u00bbcustom\u00bb align=\u00bbalign_left\u00bb el_width=\u00bb20&#8243; accent_color=\u00bb#f8f8f8&#8243; el_class=\u00bbbanner-txt\u00bb][vc_custom_heading text=\u00bbParque Nacional del Lago Mburo \u21fe Bwindi Impenetrable\u00bb font_container=\u00bbtag:h2|font_size:18|text_align:left|color:%23ffffff\u00bb google_fonts=\u00bbfont_family:Quicksand%3A300%2Cregular%2C700|font_style:300%20light%20regular%3A300%3Anormal\u00bb el_class=\u00bbbanner-txt\u00bb][\/vc_column][\/vc_row][vc_row][vc_column css=\u00bb.vc_custom_1678436420411{border-top-width: 10px !important;border-right-width: 10px !important;border-bottom-width: [&hellip;]<\/p>\n","protected":false},"author":4,"featured_media":0,"parent":28054,"menu_order":4,"comment_status":"closed","ping_status":"closed","template":"","meta":{"_themeisle_gutenberg_block_has_review":false,"footnotes":""},"class_list":["post-33098","page","type-page","status-publish","hentry"],"_links":{"self":[{"href":"https:\/\/mufasatoursandtravels.com\/es\/wp-json\/wp\/v2\/pages\/33098","targetHints":{"allow":["GET"]}}],"collection":[{"href":"https:\/\/mufasatoursandtravels.com\/es\/wp-json\/wp\/v2\/pages"}],"about":[{"href":"https:\/\/mufasatoursandtravels.com\/es\/wp-json\/wp\/v2\/types\/page"}],"author":[{"embeddable":true,"href":"https:\/\/mufasatoursandtravels.com\/es\/wp-json\/wp\/v2\/users\/4"}],"replies":[{"embeddable":true,"href":"https:\/\/mufasatoursandtravels.com\/es\/wp-json\/wp\/v2\/comments?post=33098"}],"version-history":[{"count":11,"href":"https:\/\/mufasatoursandtravels.com\/es\/wp-json\/wp\/v2\/pages\/33098\/revisions"}],"predecessor-version":[{"id":43958,"href":"https:\/\/mufasatoursandtravels.com\/es\/wp-json\/wp\/v2\/pages\/33098\/revisions\/43958"}],"up":[{"embeddable":true,"href":"https:\/\/mufasatoursandtravels.com\/es\/wp-json\/wp\/v2\/pages\/28054"}],"wp:attachment":[{"href":"https:\/\/mufasatoursandtravels.com\/es\/wp-json\/wp\/v2\/media?parent=33098"}],"curies":[{"name":"wp","href":"https:\/\/api.w.org\/{rel}","templated":true}]}}